{"id":10,"date":"2020-07-15T10:04:26","date_gmt":"2020-07-15T10:04:26","guid":{"rendered":"https:\/\/avp.ro\/?page_id=10"},"modified":"2024-04-09T12:44:38","modified_gmt":"2024-04-09T10:44:38","slug":"adjuncti","status":"publish","type":"page","link":"https:\/\/avp.ro\/index.php\/prezentare\/adjuncti\/","title":{"rendered":"Adjunc\u021bi ai Avocatului Poporului"},"content":{"rendered":"<p>&nbsp;<\/p>\n<p><strong>Adjunc\u0163ii Avocatului Poporului sunt specializa\u0163i pe domenii de activitate:<\/strong><\/p>\n<p>&nbsp;<\/p>\n<p><strong>\u00a0<\/strong><\/p>\n<p><strong>1.<\/strong>\u00a0<strong>Domnul Molnar Zsolt, adjunct al Avocatului Poporului pentru domeniul drepturile omului, egalitate de \u015fanse \u00eentre b\u0103rba\u0163i \u015fi femei, culte religioase \u0219i minorit\u0103\u0163i na\u0163ionale<\/strong><\/p>\n<p><img loading=\"lazy\" decoding=\"async\" class=\"wp-image-1458 alignleft\" src=\"https:\/\/avp.ro\/wp-content\/uploads\/2020\/10\/molnat_zsolt-243x300.jpg\" alt=\"\" width=\"256\" height=\"316\" srcset=\"https:\/\/avp.ro\/wp-content\/uploads\/2020\/10\/molnat_zsolt-243x300.jpg 243w, https:\/\/avp.ro\/wp-content\/uploads\/2020\/10\/molnat_zsolt-830x1024.jpg 830w, https:\/\/avp.ro\/wp-content\/uploads\/2020\/10\/molnat_zsolt-768x948.jpg 768w, https:\/\/avp.ro\/wp-content\/uploads\/2020\/10\/molnat_zsolt.jpg 1055w\" sizes=\"auto, (max-width: 256px) 100vw, 256px\" \/><\/p>\n<p>&nbsp;<\/p>\n<p>&nbsp;<\/p>\n<p><a href=\"https:\/\/avp.ro\/wp-content\/uploads\/2024\/04\/CV-Zsolt-Molnar-2023.pdf\">Prezentare<\/a><\/p>\n<p><a href=\"https:\/\/avp.ro\/index.php\/declaratii-de-avere-si-interese-molnar-zsolt\/\">Declara\u0163ie de avere \u015fi interese<\/a><\/p>\n<p>&nbsp;<\/p>\n<p><span id=\"cloak76a266cda9c4f471fb316149ff5a9a45\"><a href=\"ma&#105;&#108;&#116;&#111;&#x3a;&#x6d;&#x6f;&#x6c;&#x6e;ar&#46;&#122;&#115;&#111;&#x6c;&#x74;&#x40;&#x61;&#x76;p&#46;&#114;&#111;\">moln&#97;&#114;&#46;&#122;&#115;&#x6f;&#x6c;&#x74;&#x40;&#x61;&#x76;&#x70;&#46;ro<\/a><\/span><\/p>\n<p>&nbsp;<\/p>\n<p>&nbsp;<\/p>\n<p>&nbsp;<\/p>\n<p>&nbsp;<\/p>\n<p><strong>2. Doamna Cynthia Carmen Deaconescu, adjunct al Avocatului Poporului pentru domeniul drepturile familiei, tinerilor, pensionarilor, persoanelor cu handicap<\/strong><\/p>\n<p><a href=\"https:\/\/avp.ro\/wp-content\/uploads\/2023\/08\/Cynthia-Deaconescu_official-photo.jpg\"><img loading=\"lazy\" decoding=\"async\" class=\"wp-image-9670 alignleft\" src=\"https:\/\/avp.ro\/wp-content\/uploads\/2023\/08\/Cynthia-Deaconescu_official-photo.jpg\" alt=\"\" width=\"252\" height=\"309\" srcset=\"https:\/\/avp.ro\/wp-content\/uploads\/2023\/08\/Cynthia-Deaconescu_official-photo.jpg 898w, https:\/\/avp.ro\/wp-content\/uploads\/2023\/08\/Cynthia-Deaconescu_official-photo-245x300.jpg 245w, https:\/\/avp.ro\/wp-content\/uploads\/2023\/08\/Cynthia-Deaconescu_official-photo-835x1024.jpg 835w, https:\/\/avp.ro\/wp-content\/uploads\/2023\/08\/Cynthia-Deaconescu_official-photo-768x942.jpg 768w\" sizes=\"auto, (max-width: 252px) 100vw, 252px\" \/><\/a><\/p>\n<p>&nbsp;<\/p>\n<p>&nbsp;<\/p>\n<p style=\"padding-left: 280px;\"><a href=\"https:\/\/avp.ro\/wp-content\/uploads\/2023\/07\/CURRICULUM-VITAE_Cynthia-Deaconescu_Adjunct-AVP.pdf\">Prezentare<\/a><\/p>\n<p style=\"padding-left: 280px;\"><a href=\"https:\/\/avp.ro\/index.php\/declaratii-de-avere-si-interese-deaconescu-cynthia-carmen\/\">Declara\u0163ie de avere \u015fi interese<\/a><\/p>\n<p>&nbsp;<\/p>\n<p style=\"padding-left: 280px;\"><span id=\"cloak53ef648aff6c890d40606e0e30d0b6a8\"><a href=\"&#x6d;&#97;&#x69;&#x6c;t&#x6f;&#58;c&#x79;&#110;t&#x68;&#105;&#x61;&#x2e;d&#x65;&#97;c&#x6f;&#110;e&#x73;&#99;&#x75;&#x40;&#97;&#x76;&#x70;&#46;&#x72;&#111;\">&#99;&#x79;&#110;&#x74;h&#x69;a&#46;&#x64;&#101;&#x61;c&#x6f;n&#101;&#x73;&#99;&#x75;&#64;&#x61;v&#112;&#x2e;&#114;&#x6f;<\/a><\/span><\/p>\n<p>&nbsp;<\/p>\n<p>&nbsp;<\/p>\n<p>&nbsp;<\/p>\n<p>&nbsp;<\/p>\n<p><strong>3. Domnul Ioan G\u00e2nf\u0103lean, adjunct al Avocatului Poporului pentru domeniul ap\u0103rarea, protec\u021bia \u0219i promovarea drepturilor copilului &#8211; Avocatul Copilului\u00a0\u00a0<\/strong><\/p>\n<p><strong><img loading=\"lazy\" decoding=\"async\" class=\"wp-image-1211 alignleft\" src=\"https:\/\/avp.ro\/wp-content\/uploads\/2020\/09\/ganfalean-300x275.jpg\" alt=\"\" width=\"259\" height=\"237\" srcset=\"https:\/\/avp.ro\/wp-content\/uploads\/2020\/09\/ganfalean-300x275.jpg 300w, https:\/\/avp.ro\/wp-content\/uploads\/2020\/09\/ganfalean-1024x938.jpg 1024w, https:\/\/avp.ro\/wp-content\/uploads\/2020\/09\/ganfalean-768x703.jpg 768w, https:\/\/avp.ro\/wp-content\/uploads\/2020\/09\/ganfalean-1536x1407.jpg 1536w, https:\/\/avp.ro\/wp-content\/uploads\/2020\/09\/ganfalean.jpg 1629w\" sizes=\"auto, (max-width: 259px) 100vw, 259px\" \/><\/strong><\/p>\n<p>&nbsp;<\/p>\n<p>&nbsp;<\/p>\n<p><a href=\"https:\/\/avp.ro\/wp-content\/uploads\/2023\/02\/cv_ioanganfalean-1.pdf\">Prezentare<\/a><\/p>\n<p><a href=\"https:\/\/avp.ro\/index.php\/declaratii-de-avere-si-interese-ioan-ganfalean\/\">Declara\u0163ie de avere \u015fi interese<\/a><\/p>\n<p>&nbsp;<\/p>\n<p><span id=\"cloak9541927ea25115016db1d6e321d108c6\"><a href=\"m&#97;&#105;&#x6c;&#x74;&#x6f;:i&#111;&#97;&#x6e;&#x2e;&#x67;a&#110;&#102;&#97;&#x6c;&#x65;&#x61;n&#64;&#97;&#x76;&#x70;&#x2e;ro\">&#105;&#x6f;&#x61;n&#46;&#x67;a&#110;&#x66;&#x61;l&#101;&#x61;n&#64;&#x61;&#x76;p&#46;&#x72;o<\/a><\/span><\/p>\n<p>&nbsp;<\/p>\n<p>&nbsp;<\/p>\n<p><strong>4. Domnul Mircea Criste, adjunct al Avocatului Poporului pentru domeniul armat\u0103, justi\u0163ie, poli\u0163ie, penitenciare<\/strong><\/p>\n<p>&nbsp;<\/p>\n<p><strong> <img loading=\"lazy\" decoding=\"async\" class=\"wp-image-1250 alignleft\" src=\"https:\/\/avp.ro\/wp-content\/uploads\/2020\/09\/mirceacriste-218x300.jpg\" alt=\"\" width=\"251\" height=\"346\" srcset=\"https:\/\/avp.ro\/wp-content\/uploads\/2020\/09\/mirceacriste-218x300.jpg 218w, https:\/\/avp.ro\/wp-content\/uploads\/2020\/09\/mirceacriste.jpg 404w\" sizes=\"auto, (max-width: 251px) 100vw, 251px\" \/><\/strong><\/p>\n<p>&nbsp;<\/p>\n<p>&nbsp;<\/p>\n<p><a href=\"https:\/\/avp.ro\/wp-content\/uploads\/2020\/07\/cv_criste_mircea.pdf\">Prezentare<\/a><\/p>\n<p><a href=\"https:\/\/avp.ro\/index.php\/declaratii-de-avere-si-interese-mircea-criste\/\">Declara\u0163ie de avere \u015fi interese<\/a><\/p>\n<p>&nbsp;<\/p>\n<p>&nbsp;<\/p>\n<p><span id=\"cloak9e5ef1d1f83087b490c35fcc9c41b2fe\"><a href=\"&#x6d;&#x61;&#x69;&#108;&#116;o:&#x6d;&#x69;&#x72;&#x63;&#101;&#97;&#46;c&#x72;&#x69;&#x73;&#116;&#101;&#64;av&#x70;&#x2e;&#x72;&#111;\">&#109;&#x69;&#114;&#x63;&#101;&#x61;&#46;&#x63;&#114;&#x69;&#115;&#x74;&#101;&#x40;&#97;&#x76;&#112;&#x2e;&#114;&#x6f;<\/a><\/span><\/p>\n<p>&nbsp;<\/p>\n<p>&nbsp;<\/p>\n<p>&nbsp;<\/p>\n<p><strong>5. Domnul Emil Mihai Pa\u0219olea, adjunct al Avocatului Poporului pentru domeniul proprietate, munc\u0103, protec\u0163ie social\u0103, impozite \u015fi taxe<\/strong><\/p>\n<p>&nbsp;<\/p>\n<p><a href=\"https:\/\/avp.ro\/wp-content\/uploads\/2023\/05\/pasolea.jpg\"><img loading=\"lazy\" decoding=\"async\" class=\"wp-image-8829 alignleft\" src=\"https:\/\/avp.ro\/wp-content\/uploads\/2023\/05\/pasolea.jpg\" alt=\"\" width=\"259\" height=\"253\" srcset=\"https:\/\/avp.ro\/wp-content\/uploads\/2023\/05\/pasolea.jpg 689w, https:\/\/avp.ro\/wp-content\/uploads\/2023\/05\/pasolea-300x293.jpg 300w\" sizes=\"auto, (max-width: 259px) 100vw, 259px\" \/><\/a><\/p>\n<p>&nbsp;<\/p>\n<p>&nbsp;<\/p>\n<p style=\"padding-left: 280px;\">Prezentare<\/p>\n<p style=\"padding-left: 280px;\"><a href=\"https:\/\/avp.ro\/index.php\/declaratii-de-avere-si-interese-pasolea-emil-mihai\/\">Declaratie de\u00a0avere \u015fi interese<\/a><\/p>\n<p>&nbsp;<\/p>\n<p style=\"padding-left: 280px;\"><a href=\"m&#97;&#x69;&#x6c;t&#111;&#58;&#x65;&#x6d;i&#108;&#x2e;&#x70;a&#115;&#111;&#x6c;&#x65;a&#64;&#x61;&#x76;p&#46;&#114;&#x6f;\">&#x65;&#109;&#x69;&#108;&#46;&#x70;&#97;s&#x6f;&#108;&#x65;&#x61;&#64;&#x61;&#118;p&#x2e;&#114;&#x6f;<\/a><\/p>\n<p>&nbsp;<\/p>\n<p>&nbsp;<\/p>\n<p><strong>6. Domnul Ionel Nicolae, adjunct al Avocatului Poporului pentru domeniul privind prevenirea torturii \u0219i a altor pedepse ori tratamente crude, inumane sau degradante \u00een locurile de deten\u021bie \u2013 MNP<\/strong><\/p>\n<p>&nbsp;<\/p>\n<p><a href=\"https:\/\/avp.ro\/wp-content\/uploads\/2023\/10\/Ionel-Nicolae.jpg\"><img loading=\"lazy\" decoding=\"async\" class=\"wp-image-9887 alignleft\" src=\"https:\/\/avp.ro\/wp-content\/uploads\/2023\/10\/Ionel-Nicolae.jpg\" alt=\"\" width=\"247\" height=\"329\" srcset=\"https:\/\/avp.ro\/wp-content\/uploads\/2023\/10\/Ionel-Nicolae.jpg 1200w, https:\/\/avp.ro\/wp-content\/uploads\/2023\/10\/Ionel-Nicolae-225x300.jpg 225w, https:\/\/avp.ro\/wp-content\/uploads\/2023\/10\/Ionel-Nicolae-768x1024.jpg 768w, https:\/\/avp.ro\/wp-content\/uploads\/2023\/10\/Ionel-Nicolae-1152x1536.jpg 1152w\" sizes=\"auto, (max-width: 247px) 100vw, 247px\" \/><\/a><\/p>\n<p>&nbsp;<\/p>\n<p>&nbsp;<\/p>\n<p>&nbsp;<\/p>\n<p style=\"padding-left: 280px;\"><a href=\"https:\/\/avp.ro\/wp-content\/uploads\/2021\/04\/CURRICULUM-VITAE-NICOLAE-IONEL.pdf\">Prezentare<\/a><\/p>\n<p style=\"padding-left: 280px;\"><a href=\"https:\/\/avp.ro\/index.php\/declaratii-de-avere-si-interese-ionel-nicolae\/\">Declaratie de\u00a0avere \u015fi interese<\/a><\/p>\n<p>&nbsp;<\/p>\n<p style=\"padding-left: 280px;\"><a href=\"&#x6d;&#97;&#x69;&#x6c;&#116;&#x6f;&#x3a;&#101;&#x6d;&#x69;&#108;&#x2e;&#x70;a&#x73;&#x6f;l&#x65;&#97;&#64;&#x61;&#118;p&#x2e;&#114;o\">&#x69;&#x6f;&#110;e&#x6c;&#x2e;&#110;&#105;c&#x6f;&#x6c;&#97;&#101;&#64;&#x61;&#x76;&#112;&#46;r&#x6f;<\/a><\/p>\n<p>&nbsp;<\/p>\n<p>&nbsp;<\/p>\n","protected":false},"excerpt":{"rendered":"<p>&nbsp; Adjunc\u0163ii Avocatului Poporului sunt specializa\u0163i pe domenii de activitate: &nbsp; \u00a0 1.\u00a0Domnul Molnar Zsolt, adjunct al Avocatului Poporului pentru domeniul drepturile omului, egalitate de \u015fanse \u00eentre b\u0103rba\u0163i \u015fi femei,&hellip; <\/p>\n","protected":false},"author":1,"featured_media":0,"parent":2,"menu_order":2,"comment_status":"closed","ping_status":"closed","template":"","meta":{"footnotes":""},"class_list":["post-10","page","type-page","status-publish","hentry"],"yoast_head":"<!-- This site is optimized with the Yoast SEO plugin v27.3 - https:\/\/yoast.com\/product\/yoast-seo-wordpress\/ -->\n<title>Adjunc\u021bi ai Avocatului Poporului - Institu\u021bia Avocatul Poporului<\/title>\n<meta name=\"robots\" content=\"index, follow, max-snippet:-1, max-image-preview:large, max-video-preview:-1\" \/>\n<link rel=\"canonical\" href=\"https:\/\/avp.ro\/index.php\/prezentare\/adjuncti\/\" \/>\n<meta property=\"og:locale\" content=\"en_US\" \/>\n<meta property=\"og:type\" content=\"article\" \/>\n<meta property=\"og:title\" content=\"Adjunc\u021bi ai Avocatului Poporului - Institu\u021bia Avocatul Poporului\" \/>\n<meta property=\"og:description\" content=\"&nbsp; Adjunc\u0163ii Avocatului Poporului sunt specializa\u0163i pe domenii de activitate: &nbsp; \u00a0 1.\u00a0Domnul Molnar Zsolt, adjunct al Avocatului Poporului pentru domeniul drepturile omului, egalitate de \u015fanse \u00eentre b\u0103rba\u0163i \u015fi femei,&hellip;\" \/>\n<meta property=\"og:url\" content=\"https:\/\/avp.ro\/index.php\/prezentare\/adjuncti\/\" \/>\n<meta property=\"og:site_name\" content=\"Institu\u021bia Avocatul Poporului\" \/>\n<meta property=\"article:modified_time\" content=\"2024-04-09T10:44:38+00:00\" \/>\n<meta property=\"og:image\" content=\"https:\/\/avp.ro\/wp-content\/uploads\/2020\/10\/molnat_zsolt-243x300.jpg\" \/>\n<meta name=\"twitter:card\" content=\"summary_large_image\" \/>\n<meta name=\"twitter:label1\" content=\"Est. reading time\" \/>\n\t<meta name=\"twitter:data1\" content=\"2 minutes\" \/>\n<script type=\"application\/ld+json\" class=\"yoast-schema-graph\">{\"@context\":\"https:\\\/\\\/schema.org\",\"@graph\":[{\"@type\":\"WebPage\",\"@id\":\"https:\\\/\\\/avp.ro\\\/index.php\\\/prezentare\\\/adjuncti\\\/\",\"url\":\"https:\\\/\\\/avp.ro\\\/index.php\\\/prezentare\\\/adjuncti\\\/\",\"name\":\"Adjunc\u021bi ai Avocatului Poporului - Institu\u021bia Avocatul Poporului\",\"isPartOf\":{\"@id\":\"https:\\\/\\\/avp.ro\\\/#website\"},\"primaryImageOfPage\":{\"@id\":\"https:\\\/\\\/avp.ro\\\/index.php\\\/prezentare\\\/adjuncti\\\/#primaryimage\"},\"image\":{\"@id\":\"https:\\\/\\\/avp.ro\\\/index.php\\\/prezentare\\\/adjuncti\\\/#primaryimage\"},\"thumbnailUrl\":\"https:\\\/\\\/avp.ro\\\/wp-content\\\/uploads\\\/2020\\\/10\\\/molnat_zsolt-243x300.jpg\",\"datePublished\":\"2020-07-15T10:04:26+00:00\",\"dateModified\":\"2024-04-09T10:44:38+00:00\",\"breadcrumb\":{\"@id\":\"https:\\\/\\\/avp.ro\\\/index.php\\\/prezentare\\\/adjuncti\\\/#breadcrumb\"},\"inLanguage\":\"en-US\",\"potentialAction\":[{\"@type\":\"ReadAction\",\"target\":[\"https:\\\/\\\/avp.ro\\\/index.php\\\/prezentare\\\/adjuncti\\\/\"]}]},{\"@type\":\"ImageObject\",\"inLanguage\":\"en-US\",\"@id\":\"https:\\\/\\\/avp.ro\\\/index.php\\\/prezentare\\\/adjuncti\\\/#primaryimage\",\"url\":\"https:\\\/\\\/avp.ro\\\/wp-content\\\/uploads\\\/2020\\\/10\\\/molnat_zsolt.jpg\",\"contentUrl\":\"https:\\\/\\\/avp.ro\\\/wp-content\\\/uploads\\\/2020\\\/10\\\/molnat_zsolt.jpg\",\"width\":1055,\"height\":1302},{\"@type\":\"BreadcrumbList\",\"@id\":\"https:\\\/\\\/avp.ro\\\/index.php\\\/prezentare\\\/adjuncti\\\/#breadcrumb\",\"itemListElement\":[{\"@type\":\"ListItem\",\"position\":1,\"name\":\"Home\",\"item\":\"https:\\\/\\\/avp.ro\\\/\"},{\"@type\":\"ListItem\",\"position\":2,\"name\":\"Prezentare\",\"item\":\"https:\\\/\\\/avp.ro\\\/index.php\\\/prezentare\\\/\"},{\"@type\":\"ListItem\",\"position\":3,\"name\":\"Adjunc\u021bi ai Avocatului Poporului\"}]},{\"@type\":\"WebSite\",\"@id\":\"https:\\\/\\\/avp.ro\\\/#website\",\"url\":\"https:\\\/\\\/avp.ro\\\/\",\"name\":\"Institu\u021bia Avocatul Poporului\",\"description\":\"People\u2019s Advocate institution - Office of the Ombudsman\",\"publisher\":{\"@id\":\"https:\\\/\\\/avp.ro\\\/#organization\"},\"potentialAction\":[{\"@type\":\"SearchAction\",\"target\":{\"@type\":\"EntryPoint\",\"urlTemplate\":\"https:\\\/\\\/avp.ro\\\/?s={search_term_string}\"},\"query-input\":{\"@type\":\"PropertyValueSpecification\",\"valueRequired\":true,\"valueName\":\"search_term_string\"}}],\"inLanguage\":\"en-US\"},{\"@type\":\"Organization\",\"@id\":\"https:\\\/\\\/avp.ro\\\/#organization\",\"name\":\"Institutia Avocatul Poporului\",\"url\":\"https:\\\/\\\/avp.ro\\\/\",\"logo\":{\"@type\":\"ImageObject\",\"inLanguage\":\"en-US\",\"@id\":\"https:\\\/\\\/avp.ro\\\/#\\\/schema\\\/logo\\\/image\\\/\",\"url\":\"https:\\\/\\\/avp.ro\\\/wp-content\\\/uploads\\\/2020\\\/09\\\/cropped-AP.jpg\",\"contentUrl\":\"https:\\\/\\\/avp.ro\\\/wp-content\\\/uploads\\\/2020\\\/09\\\/cropped-AP.jpg\",\"width\":160,\"height\":146,\"caption\":\"Institutia Avocatul Poporului\"},\"image\":{\"@id\":\"https:\\\/\\\/avp.ro\\\/#\\\/schema\\\/logo\\\/image\\\/\"}}]}<\/script>\n<!-- \/ Yoast SEO plugin. -->","yoast_head_json":{"title":"Adjunc\u021bi ai Avocatului Poporului - Institu\u021bia Avocatul Poporului","robots":{"index":"index","follow":"follow","max-snippet":"max-snippet:-1","max-image-preview":"max-image-preview:large","max-video-preview":"max-video-preview:-1"},"canonical":"https:\/\/avp.ro\/index.php\/prezentare\/adjuncti\/","og_locale":"en_US","og_type":"article","og_title":"Adjunc\u021bi ai Avocatului Poporului - Institu\u021bia Avocatul Poporului","og_description":"&nbsp; Adjunc\u0163ii Avocatului Poporului sunt specializa\u0163i pe domenii de activitate: &nbsp; \u00a0 1.\u00a0Domnul Molnar Zsolt, adjunct al Avocatului Poporului pentru domeniul drepturile omului, egalitate de \u015fanse \u00eentre b\u0103rba\u0163i \u015fi femei,&hellip;","og_url":"https:\/\/avp.ro\/index.php\/prezentare\/adjuncti\/","og_site_name":"Institu\u021bia Avocatul Poporului","article_modified_time":"2024-04-09T10:44:38+00:00","og_image":[{"url":"https:\/\/avp.ro\/wp-content\/uploads\/2020\/10\/molnat_zsolt-243x300.jpg","type":"","width":"","height":""}],"twitter_card":"summary_large_image","twitter_misc":{"Est. reading time":"2 minutes"},"schema":{"@context":"https:\/\/schema.org","@graph":[{"@type":"WebPage","@id":"https:\/\/avp.ro\/index.php\/prezentare\/adjuncti\/","url":"https:\/\/avp.ro\/index.php\/prezentare\/adjuncti\/","name":"Adjunc\u021bi ai Avocatului Poporului - Institu\u021bia Avocatul Poporului","isPartOf":{"@id":"https:\/\/avp.ro\/#website"},"primaryImageOfPage":{"@id":"https:\/\/avp.ro\/index.php\/prezentare\/adjuncti\/#primaryimage"},"image":{"@id":"https:\/\/avp.ro\/index.php\/prezentare\/adjuncti\/#primaryimage"},"thumbnailUrl":"https:\/\/avp.ro\/wp-content\/uploads\/2020\/10\/molnat_zsolt-243x300.jpg","datePublished":"2020-07-15T10:04:26+00:00","dateModified":"2024-04-09T10:44:38+00:00","breadcrumb":{"@id":"https:\/\/avp.ro\/index.php\/prezentare\/adjuncti\/#breadcrumb"},"inLanguage":"en-US","potentialAction":[{"@type":"ReadAction","target":["https:\/\/avp.ro\/index.php\/prezentare\/adjuncti\/"]}]},{"@type":"ImageObject","inLanguage":"en-US","@id":"https:\/\/avp.ro\/index.php\/prezentare\/adjuncti\/#primaryimage","url":"https:\/\/avp.ro\/wp-content\/uploads\/2020\/10\/molnat_zsolt.jpg","contentUrl":"https:\/\/avp.ro\/wp-content\/uploads\/2020\/10\/molnat_zsolt.jpg","width":1055,"height":1302},{"@type":"BreadcrumbList","@id":"https:\/\/avp.ro\/index.php\/prezentare\/adjuncti\/#breadcrumb","itemListElement":[{"@type":"ListItem","position":1,"name":"Home","item":"https:\/\/avp.ro\/"},{"@type":"ListItem","position":2,"name":"Prezentare","item":"https:\/\/avp.ro\/index.php\/prezentare\/"},{"@type":"ListItem","position":3,"name":"Adjunc\u021bi ai Avocatului Poporului"}]},{"@type":"WebSite","@id":"https:\/\/avp.ro\/#website","url":"https:\/\/avp.ro\/","name":"Institu\u021bia Avocatul Poporului","description":"People\u2019s Advocate institution - Office of the Ombudsman","publisher":{"@id":"https:\/\/avp.ro\/#organization"},"potentialAction":[{"@type":"SearchAction","target":{"@type":"EntryPoint","urlTemplate":"https:\/\/avp.ro\/?s={search_term_string}"},"query-input":{"@type":"PropertyValueSpecification","valueRequired":true,"valueName":"search_term_string"}}],"inLanguage":"en-US"},{"@type":"Organization","@id":"https:\/\/avp.ro\/#organization","name":"Institutia Avocatul Poporului","url":"https:\/\/avp.ro\/","logo":{"@type":"ImageObject","inLanguage":"en-US","@id":"https:\/\/avp.ro\/#\/schema\/logo\/image\/","url":"https:\/\/avp.ro\/wp-content\/uploads\/2020\/09\/cropped-AP.jpg","contentUrl":"https:\/\/avp.ro\/wp-content\/uploads\/2020\/09\/cropped-AP.jpg","width":160,"height":146,"caption":"Institutia Avocatul Poporului"},"image":{"@id":"https:\/\/avp.ro\/#\/schema\/logo\/image\/"}}]}},"_links":{"self":[{"href":"https:\/\/avp.ro\/index.php\/wp-json\/wp\/v2\/pages\/10","targetHints":{"allow":["GET"]}}],"collection":[{"href":"https:\/\/avp.ro\/index.php\/wp-json\/wp\/v2\/pages"}],"about":[{"href":"https:\/\/avp.ro\/index.php\/wp-json\/wp\/v2\/types\/page"}],"author":[{"embeddable":true,"href":"https:\/\/avp.ro\/index.php\/wp-json\/wp\/v2\/users\/1"}],"replies":[{"embeddable":true,"href":"https:\/\/avp.ro\/index.php\/wp-json\/wp\/v2\/comments?post=10"}],"version-history":[{"count":46,"href":"https:\/\/avp.ro\/index.php\/wp-json\/wp\/v2\/pages\/10\/revisions"}],"predecessor-version":[{"id":11250,"href":"https:\/\/avp.ro\/index.php\/wp-json\/wp\/v2\/pages\/10\/revisions\/11250"}],"up":[{"embeddable":true,"href":"https:\/\/avp.ro\/index.php\/wp-json\/wp\/v2\/pages\/2"}],"wp:attachment":[{"href":"https:\/\/avp.ro\/index.php\/wp-json\/wp\/v2\/media?parent=10"}],"curies":[{"name":"wp","href":"https:\/\/api.w.org\/{rel}","templated":true}]}}