{"id":10464,"date":"2024-01-17T09:37:52","date_gmt":"2024-01-17T07:37:52","guid":{"rendered":"https:\/\/avp.ro\/?page_id=10464"},"modified":"2026-03-13T09:24:10","modified_gmt":"2026-03-13T07:24:10","slug":"lista-ong-colaboratoare","status":"publish","type":"page","link":"https:\/\/avp.ro\/index.php\/lista-ong-colaboratoare\/","title":{"rendered":"Lista ONG colaboratoare"},"content":{"rendered":"<p><strong>Organiza\u021bii neguvernamentale <\/strong><\/p>\n<p><strong>cu care institu\u021bia Avocatul Poporului are \u00eencheiate protocoale de colaborare<\/strong><\/p>\n<p>&nbsp;<\/p>\n<p><u>Pt. Centrul zonal Bucure\u0219ti<\/u><\/p>\n<ol>\n<li>Asocia\u021bia European\u0103 pentru Ap\u0103rarea Drepturilor Omului (AEPADO)<\/li>\n<li>Grupul Rom\u00e2n pentru Ap\u0103rarea Drepturilor Omului (GRADO)<\/li>\n<li>Asocia\u021bia ANAIS<\/li>\n<li>Asocia\u021bia Rom\u00e2n\u0103 pentru Transparen\u021b\u0103 (Transparency Interna\u021bional Rom\u00e2nia)<\/li>\n<li>Funda\u021bia pentru Ap\u0103rarea Cet\u0103\u021benilor \u00cempotriva Abuzurilor Statului (FACIAS)<\/li>\n<li>Organiza\u021bia pentru Ap\u0103rarea Drepturilor Omului (OADO)<\/li>\n<li>Asocia\u021bia pentru Respectarea Drepturilor Omului (ARDOM)<\/li>\n<li>Asocia\u021bia European\u0103 pentru Protec\u021bia Omului \u0219i Protec\u021bia Copilului (AEPOPC)<\/li>\n<li>Asocia\u021bia European\u0103 a Drepturilor Omului \u0219i Protec\u021biei Sociale (AEDOPS)<\/li>\n<li>Asocia\u021bia pentru Protec\u021bia Cet\u0103\u021benilor \u00cempotriva Abuzurilor (APPCIA)<\/li>\n<li>Asocia\u021bia Global Network for Democracy and Human Rights (GNDHR)<\/li>\n<li>Asocia\u021bia European\u0103 a Implement\u0103rii \u0219i Ap\u0103r\u0103rii Drepturilor Omului, THEMIS (AEIADO)<\/li>\n<li>Asocia\u021bia \u00cempreun\u0103 pentru Viitor<\/li>\n<li>Asocia\u021bia \u00cempreun\u0103 Cre\u0219tem Valori<\/li>\n<li>Asocia\u021bia pentru Protejarea Demnit\u0103\u021bii \u0219i Drepturilor Omului (APDD)<\/li>\n<\/ol>\n<p>&nbsp;<\/p>\n<ol start=\"16\">\n<li>ASSOCIATION FOR MENTAL ILLNESS RECOVERY AND ADVOCACY (AMIRA)<\/li>\n<\/ol>\n<p>&nbsp;<\/p>\n<p><u>Pt. Centrul zonal Alba<\/u><\/p>\n<ol start=\"17\">\n<li>Asocia\u021bia pentru Siguran\u021b\u0103 Comunitar\u0103 \u0219i Antidrog (ASCA) \u2013 Filiala Harghita<\/li>\n<li>Funda\u021bia RUHAMA &#8211; Oradea<\/li>\n<li>Asocia\u021bia Umanitar\u0103 \u201e\u00cempreun\u0103 pentru ei\u201d Baia Mare<\/li>\n<li>Funda\u021bia \u201eUn Copil, o speran\u021b\u0103\u201d (UCOS) Sibiu<\/li>\n<li>Asocia\u021bia AMURADIA Bra\u0219ov<\/li>\n<li>Asocia\u021bia Pentru Parteneriat Comunitar Bra\u0219ov<\/li>\n<li>Liga Ap\u0103r\u0103rii Drepturilor Omului (LADO) Cluj<\/li>\n<li>Federa\u021bia PHRALIPE de Integrare European\u0103<\/li>\n<li>Asocia\u021bia \u201eAici pentru Tine\u201d Bra\u0219ov<\/li>\n<\/ol>\n<p><u>\u00a0<\/u><\/p>\n<p><u>Pt. Centrul zonal Bac\u0103u<\/u><\/p>\n<ol start=\"26\">\n<li>Asocia\u021bia Iris Vaslui<\/li>\n<li>Asocia\u021bia pentru Sprijin Comunitar \u0219i Integrare Social\u0103 (ASCIS) Ia\u0219i<\/li>\n<li>Asocia\u021bia Aproape de Oameni(ADO) Ia\u0219i<\/li>\n<li>Asocia\u021bia Institutul pentru Parteneriat Social Bucovina<\/li>\n<li>Funda\u021bia Familia Gala\u021bi<\/li>\n<li>Asocia\u021bia Alternative Sociale Ia\u0219i<\/li>\n<li>Asocia\u021bia Romilor Cre\u0219tini Calea, Adev\u0103rul \u0219i Via\u021ba Bac\u0103u<\/li>\n<li>Asocia\u021bia Pro-Democra\u021bia Piatra Neam\u021b<\/li>\n<li>Asocia\u021bia Go Care Rom\u00e2nia Pa\u0219cani<\/li>\n<li>Asocia\u021bia Lindenfeld<\/li>\n<li>Asocia\u021bia Trebuie Bac\u0103u<\/li>\n<li>Asocia\u021bia Ac\u021biune \u0219i Resurse pentru Comunitate (ARC) Bac\u0103u<\/li>\n<li>Funda\u021bia Inim\u0103 de copil Gala\u021bi<\/li>\n<\/ol>\n<p>&nbsp;<\/p>\n<p><u>Pt. Centrul zonal Craiova<\/u><\/p>\n<ol start=\"39\">\n<li>Organiza\u021bia pentru Ap\u0103rarea Drepturilor Omului (OADO) \u2013 Filiala Regional\u0103 Craiova<\/li>\n<li>Liga pentru ap\u0103rarea drepturilor omului \u2013 filiala Timi\u0219oara<\/li>\n<li>Funda\u021bia SOS Copiii Gorjului<\/li>\n<li>Asocia\u021bia Pro Democra\u021bia Caracal<\/li>\n<li>Asocia\u021bia \u00cengeri pentru suflete Arad<\/li>\n<li>Asocia\u021bia \u201eCopii f\u0103r\u0103 copil\u0103rie din jude\u021bul V\u00e2lcea\u201d<\/li>\n<\/ol>\n","protected":false},"excerpt":{"rendered":"<p>Organiza\u021bii neguvernamentale cu care institu\u021bia Avocatul Poporului are \u00eencheiate protocoale de colaborare &nbsp; Pt. Centrul zonal Bucure\u0219ti Asocia\u021bia European\u0103 pentru Ap\u0103rarea Drepturilor Omului (AEPADO) Grupul Rom\u00e2n pentru Ap\u0103rarea Drepturilor Omului&hellip; <\/p>\n","protected":false},"author":1,"featured_media":0,"parent":0,"menu_order":0,"comment_status":"closed","ping_status":"closed","template":"","meta":{"footnotes":""},"class_list":["post-10464","page","type-page","status-publish","hentry"],"yoast_head":"<!-- This site is optimized with the Yoast SEO plugin v27.4 - https:\/\/yoast.com\/product\/yoast-seo-wordpress\/ -->\n<title>Lista ONG colaboratoare - Institu\u021bia Avocatul Poporului<\/title>\n<meta name=\"robots\" content=\"index, follow, max-snippet:-1, max-image-preview:large, max-video-preview:-1\" \/>\n<link rel=\"canonical\" href=\"https:\/\/avp.ro\/index.php\/lista-ong-colaboratoare\/\" \/>\n<meta property=\"og:locale\" content=\"en_US\" \/>\n<meta property=\"og:type\" content=\"article\" \/>\n<meta property=\"og:title\" content=\"Lista ONG colaboratoare - Institu\u021bia Avocatul Poporului\" \/>\n<meta property=\"og:description\" content=\"Organiza\u021bii neguvernamentale cu care institu\u021bia Avocatul Poporului are \u00eencheiate protocoale de colaborare &nbsp; Pt. Centrul zonal Bucure\u0219ti Asocia\u021bia European\u0103 pentru Ap\u0103rarea Drepturilor Omului (AEPADO) Grupul Rom\u00e2n pentru Ap\u0103rarea Drepturilor Omului&hellip;\" \/>\n<meta property=\"og:url\" content=\"https:\/\/avp.ro\/index.php\/lista-ong-colaboratoare\/\" \/>\n<meta property=\"og:site_name\" content=\"Institu\u021bia Avocatul Poporului\" \/>\n<meta property=\"article:modified_time\" content=\"2026-03-13T07:24:10+00:00\" \/>\n<meta name=\"twitter:card\" content=\"summary_large_image\" \/>\n<meta name=\"twitter:label1\" content=\"Est. reading time\" \/>\n\t<meta name=\"twitter:data1\" content=\"2 minutes\" \/>\n<script type=\"application\/ld+json\" class=\"yoast-schema-graph\">{\"@context\":\"https:\\\/\\\/schema.org\",\"@graph\":[{\"@type\":\"WebPage\",\"@id\":\"https:\\\/\\\/avp.ro\\\/index.php\\\/lista-ong-colaboratoare\\\/\",\"url\":\"https:\\\/\\\/avp.ro\\\/index.php\\\/lista-ong-colaboratoare\\\/\",\"name\":\"Lista ONG colaboratoare - Institu\u021bia Avocatul Poporului\",\"isPartOf\":{\"@id\":\"https:\\\/\\\/avp.ro\\\/#website\"},\"datePublished\":\"2024-01-17T07:37:52+00:00\",\"dateModified\":\"2026-03-13T07:24:10+00:00\",\"breadcrumb\":{\"@id\":\"https:\\\/\\\/avp.ro\\\/index.php\\\/lista-ong-colaboratoare\\\/#breadcrumb\"},\"inLanguage\":\"en-US\",\"potentialAction\":[{\"@type\":\"ReadAction\",\"target\":[\"https:\\\/\\\/avp.ro\\\/index.php\\\/lista-ong-colaboratoare\\\/\"]}]},{\"@type\":\"BreadcrumbList\",\"@id\":\"https:\\\/\\\/avp.ro\\\/index.php\\\/lista-ong-colaboratoare\\\/#breadcrumb\",\"itemListElement\":[{\"@type\":\"ListItem\",\"position\":1,\"name\":\"Home\",\"item\":\"https:\\\/\\\/avp.ro\\\/\"},{\"@type\":\"ListItem\",\"position\":2,\"name\":\"Lista ONG colaboratoare\"}]},{\"@type\":\"WebSite\",\"@id\":\"https:\\\/\\\/avp.ro\\\/#website\",\"url\":\"https:\\\/\\\/avp.ro\\\/\",\"name\":\"Institu\u021bia Avocatul Poporului\",\"description\":\"People\u2019s Advocate institution - Office of the Ombudsman\",\"publisher\":{\"@id\":\"https:\\\/\\\/avp.ro\\\/#organization\"},\"potentialAction\":[{\"@type\":\"SearchAction\",\"target\":{\"@type\":\"EntryPoint\",\"urlTemplate\":\"https:\\\/\\\/avp.ro\\\/?s={search_term_string}\"},\"query-input\":{\"@type\":\"PropertyValueSpecification\",\"valueRequired\":true,\"valueName\":\"search_term_string\"}}],\"inLanguage\":\"en-US\"},{\"@type\":\"Organization\",\"@id\":\"https:\\\/\\\/avp.ro\\\/#organization\",\"name\":\"Institutia Avocatul Poporului\",\"url\":\"https:\\\/\\\/avp.ro\\\/\",\"logo\":{\"@type\":\"ImageObject\",\"inLanguage\":\"en-US\",\"@id\":\"https:\\\/\\\/avp.ro\\\/#\\\/schema\\\/logo\\\/image\\\/\",\"url\":\"https:\\\/\\\/avp.ro\\\/wp-content\\\/uploads\\\/2020\\\/09\\\/cropped-AP.jpg\",\"contentUrl\":\"https:\\\/\\\/avp.ro\\\/wp-content\\\/uploads\\\/2020\\\/09\\\/cropped-AP.jpg\",\"width\":160,\"height\":146,\"caption\":\"Institutia Avocatul Poporului\"},\"image\":{\"@id\":\"https:\\\/\\\/avp.ro\\\/#\\\/schema\\\/logo\\\/image\\\/\"}}]}<\/script>\n<!-- \/ Yoast SEO plugin. -->","yoast_head_json":{"title":"Lista ONG colaboratoare - Institu\u021bia Avocatul Poporului","robots":{"index":"index","follow":"follow","max-snippet":"max-snippet:-1","max-image-preview":"max-image-preview:large","max-video-preview":"max-video-preview:-1"},"canonical":"https:\/\/avp.ro\/index.php\/lista-ong-colaboratoare\/","og_locale":"en_US","og_type":"article","og_title":"Lista ONG colaboratoare - Institu\u021bia Avocatul Poporului","og_description":"Organiza\u021bii neguvernamentale cu care institu\u021bia Avocatul Poporului are \u00eencheiate protocoale de colaborare &nbsp; Pt. Centrul zonal Bucure\u0219ti Asocia\u021bia European\u0103 pentru Ap\u0103rarea Drepturilor Omului (AEPADO) Grupul Rom\u00e2n pentru Ap\u0103rarea Drepturilor Omului&hellip;","og_url":"https:\/\/avp.ro\/index.php\/lista-ong-colaboratoare\/","og_site_name":"Institu\u021bia Avocatul Poporului","article_modified_time":"2026-03-13T07:24:10+00:00","twitter_card":"summary_large_image","twitter_misc":{"Est. reading time":"2 minutes"},"schema":{"@context":"https:\/\/schema.org","@graph":[{"@type":"WebPage","@id":"https:\/\/avp.ro\/index.php\/lista-ong-colaboratoare\/","url":"https:\/\/avp.ro\/index.php\/lista-ong-colaboratoare\/","name":"Lista ONG colaboratoare - Institu\u021bia Avocatul Poporului","isPartOf":{"@id":"https:\/\/avp.ro\/#website"},"datePublished":"2024-01-17T07:37:52+00:00","dateModified":"2026-03-13T07:24:10+00:00","breadcrumb":{"@id":"https:\/\/avp.ro\/index.php\/lista-ong-colaboratoare\/#breadcrumb"},"inLanguage":"en-US","potentialAction":[{"@type":"ReadAction","target":["https:\/\/avp.ro\/index.php\/lista-ong-colaboratoare\/"]}]},{"@type":"BreadcrumbList","@id":"https:\/\/avp.ro\/index.php\/lista-ong-colaboratoare\/#breadcrumb","itemListElement":[{"@type":"ListItem","position":1,"name":"Home","item":"https:\/\/avp.ro\/"},{"@type":"ListItem","position":2,"name":"Lista ONG colaboratoare"}]},{"@type":"WebSite","@id":"https:\/\/avp.ro\/#website","url":"https:\/\/avp.ro\/","name":"Institu\u021bia Avocatul Poporului","description":"People\u2019s Advocate institution - Office of the Ombudsman","publisher":{"@id":"https:\/\/avp.ro\/#organization"},"potentialAction":[{"@type":"SearchAction","target":{"@type":"EntryPoint","urlTemplate":"https:\/\/avp.ro\/?s={search_term_string}"},"query-input":{"@type":"PropertyValueSpecification","valueRequired":true,"valueName":"search_term_string"}}],"inLanguage":"en-US"},{"@type":"Organization","@id":"https:\/\/avp.ro\/#organization","name":"Institutia Avocatul Poporului","url":"https:\/\/avp.ro\/","logo":{"@type":"ImageObject","inLanguage":"en-US","@id":"https:\/\/avp.ro\/#\/schema\/logo\/image\/","url":"https:\/\/avp.ro\/wp-content\/uploads\/2020\/09\/cropped-AP.jpg","contentUrl":"https:\/\/avp.ro\/wp-content\/uploads\/2020\/09\/cropped-AP.jpg","width":160,"height":146,"caption":"Institutia Avocatul Poporului"},"image":{"@id":"https:\/\/avp.ro\/#\/schema\/logo\/image\/"}}]}},"_links":{"self":[{"href":"https:\/\/avp.ro\/index.php\/wp-json\/wp\/v2\/pages\/10464","targetHints":{"allow":["GET"]}}],"collection":[{"href":"https:\/\/avp.ro\/index.php\/wp-json\/wp\/v2\/pages"}],"about":[{"href":"https:\/\/avp.ro\/index.php\/wp-json\/wp\/v2\/types\/page"}],"author":[{"embeddable":true,"href":"https:\/\/avp.ro\/index.php\/wp-json\/wp\/v2\/users\/1"}],"replies":[{"embeddable":true,"href":"https:\/\/avp.ro\/index.php\/wp-json\/wp\/v2\/comments?post=10464"}],"version-history":[{"count":3,"href":"https:\/\/avp.ro\/index.php\/wp-json\/wp\/v2\/pages\/10464\/revisions"}],"predecessor-version":[{"id":15477,"href":"https:\/\/avp.ro\/index.php\/wp-json\/wp\/v2\/pages\/10464\/revisions\/15477"}],"wp:attachment":[{"href":"https:\/\/avp.ro\/index.php\/wp-json\/wp\/v2\/media?parent=10464"}],"curies":[{"name":"wp","href":"https:\/\/api.w.org\/{rel}","templated":true}]}}