{"id":10690,"date":"2024-02-19T08:07:51","date_gmt":"2024-02-19T06:07:51","guid":{"rendered":"https:\/\/avp.ro\/?page_id=10690"},"modified":"2025-01-15T11:58:59","modified_gmt":"2025-01-15T09:58:59","slug":"camine-pentru-persoane-varstnice-2024","status":"publish","type":"page","link":"https:\/\/avp.ro\/index.php\/camine-pentru-persoane-varstnice-2024\/","title":{"rendered":"C\u0102MINE PENTRU PERSOANE V\u00c2RSTNICE 2024"},"content":{"rendered":"<p>&nbsp;<\/p>\n<p>7. <a href=\"https:\/\/avp.ro\/wp-content\/uploads\/2024\/12\/Raport-Vizita-Camin-pentru-Persoane-Varstnice-Sebes-AB.pdf\">Raport privind vizita efectuat\u0103 la C\u0103minul pentru Persoane V\u00e2rstnice Sebe\u0219, jud. Alba<\/a><\/p>\n<p style=\"padding-left: 40px;\"><a href=\"https:\/\/avp.ro\/wp-content\/uploads\/2025\/01\/Raspuns-CPV-Sebes.pdf\">-R\u0103spunsul conducerii C\u0103minului pentru Persoane V\u00e2rstnice Sebe\u0219, jude\u021bul Alba<\/a><\/p>\n<p>6. <a href=\"https:\/\/avp.ro\/wp-content\/uploads\/2024\/07\/raport-casa-Nuci.pdf\">Raportul privind vizita efectuat\u0103 la Centrul Reziden\u021bial de \u00cengrijire \u0219i Asisten\u021b\u0103 Social\u0103 pentru Persoane V\u00e2rstnice &#8211; casa Nuci<\/a><\/p>\n<p style=\"padding-left: 40px;\"><a href=\"https:\/\/avp.ro\/wp-content\/uploads\/2024\/09\/raspuns-casa-nuci.pdf\">-R\u0103spuns Centrului de \u00cengrijire \u0219i Asisten\u021b\u0103 Social\u0103 pentru Persoane V\u00e2rstnice, Casa Nuci\u00a0<\/a><\/p>\n<p>5. <a href=\"https:\/\/avp.ro\/wp-content\/uploads\/2024\/06\/raport-centrul-rezidential-pentru-persoane-varstnice-nikolas.pdf\">Raport privind vizita efectuat\u0103 la Centrul Reziden\u021bial pentru Persoane V\u00e2rstnice Nikolas, jude\u021bul Constan\u021ba<\/a><\/p>\n<p style=\"padding-left: 40px;\"><a href=\"https:\/\/avp.ro\/wp-content\/uploads\/2024\/06\/Raspuns-primit-de-la-Asociatia-Kronos.pdf\">-R\u0103spunsul Asocia\u021biei Kronos pentru Centrul Reziden\u021bial de \u00cengrijire \u0219i Asisten\u021b\u0103 Social\u0103 pentru Persoane V\u00e2rstnice NIKOLAS, jude\u021bul Constan\u021ba<\/a><\/p>\n<p>4. <a href=\"https:\/\/avp.ro\/wp-content\/uploads\/2024\/03\/Raport-de-vizita-CPV-Socolu-MS.pdf\">Raport privind vizita efectuat\u0103 la C\u0103minul pentru Persoane V\u00e2rstnice Socolu de C\u00e2mpie, jud. Mure\u0219<\/a><\/p>\n<p style=\"padding-left: 40px;\"><a href=\"https:\/\/avp.ro\/wp-content\/uploads\/2024\/06\/Raspuns-Socolu-de-Campie-1.pdf\">-R\u0103spunsul conducerii C\u0103minului pentru Persoane V\u00e2rstnice Socolu de C\u00e2mpie, jude\u021bul Mure\u0219<\/a><\/p>\n<p>3. <a href=\"https:\/\/avp.ro\/wp-content\/uploads\/2024\/03\/CPV-Zimnicea-2024_blurat.pdf\">Raportul privind vizita efectuat\u0103 la Centrul Social pentru Recuperare Persoane V\u00e2rstnice Zimnicea, jud. Teleorman<\/a><\/p>\n<p style=\"padding-left: 40px;\"><a href=\"https:\/\/avp.ro\/wp-content\/uploads\/2024\/04\/Raspuns-CPV-Zimnicea-12881_18_04_2024.pdf\">-R\u0103spunsul Direc\u021biei Publice de Asisten\u021b\u0103 Social\u0103 a ora\u0219ului Zimnicea, jude\u021b Teleorman, pentru Centrul Social pentru Recuperare Persoane V\u00e2rstnice<\/a><\/p>\n<p>2. <a href=\"https:\/\/avp.ro\/wp-content\/uploads\/2024\/03\/Raport-de-vizita-CPV-Falcoiu-afisare-site.pdf\">Raport privind vizita efectuat\u0103 la C\u0103minul pentru Persoane V\u00e2rstnice F\u0103lcoiu, jud. Olt<\/a><\/p>\n<p style=\"padding-left: 40px;\"><a href=\"https:\/\/avp.ro\/wp-content\/uploads\/2024\/03\/Raspuns-Recomandari-CPV-Falcoiu.pdf\">&#8211; R\u0103spunsul conducerii C\u0103minului pentru Persoane V\u00e2rstnice F\u0103lcoiu<\/a><\/p>\n<p>1. <a href=\"https:\/\/avp.ro\/wp-content\/uploads\/2024\/02\/Raport-vizita-CS-Pietricica.pdf\">Raport privind vizita efectuat\u0103 la Centrul Social Pietricica, Piatra Neam\u021b, jude\u021bul Neam\u021b<\/a><\/p>\n<p style=\"padding-left: 40px;\"><a href=\"https:\/\/avp.ro\/wp-content\/uploads\/2024\/04\/Raspuns-Centrul-Pietricica.pdf\">-R\u0103spunsul conducerii Centrului Social Pietricica, Piatra Neam\u021b<\/a><\/p>\n<p>&nbsp;<\/p>\n","protected":false},"excerpt":{"rendered":"<p>&nbsp; 7. Raport privind vizita efectuat\u0103 la C\u0103minul pentru Persoane V\u00e2rstnice Sebe\u0219, jud. Alba -R\u0103spunsul conducerii C\u0103minului pentru Persoane V\u00e2rstnice Sebe\u0219, jude\u021bul Alba 6. Raportul privind vizita efectuat\u0103 la Centrul&hellip; <\/p>\n","protected":false},"author":1,"featured_media":0,"parent":0,"menu_order":0,"comment_status":"closed","ping_status":"closed","template":"","meta":{"footnotes":""},"class_list":["post-10690","page","type-page","status-publish","hentry"],"yoast_head":"<!-- This site is optimized with the Yoast SEO plugin v27.3 - https:\/\/yoast.com\/product\/yoast-seo-wordpress\/ -->\n<title>C\u0102MINE PENTRU PERSOANE V\u00c2RSTNICE 2024 - Institu\u021bia Avocatul Poporului<\/title>\n<meta name=\"robots\" content=\"index, follow, max-snippet:-1, max-image-preview:large, max-video-preview:-1\" \/>\n<link rel=\"canonical\" href=\"https:\/\/avp.ro\/index.php\/camine-pentru-persoane-varstnice-2024\/\" \/>\n<meta property=\"og:locale\" content=\"en_US\" \/>\n<meta property=\"og:type\" content=\"article\" \/>\n<meta property=\"og:title\" content=\"C\u0102MINE PENTRU PERSOANE V\u00c2RSTNICE 2024 - Institu\u021bia Avocatul Poporului\" \/>\n<meta property=\"og:description\" content=\"&nbsp; 7. Raport privind vizita efectuat\u0103 la C\u0103minul pentru Persoane V\u00e2rstnice Sebe\u0219, jud. Alba -R\u0103spunsul conducerii C\u0103minului pentru Persoane V\u00e2rstnice Sebe\u0219, jude\u021bul Alba 6. Raportul privind vizita efectuat\u0103 la Centrul&hellip;\" \/>\n<meta property=\"og:url\" content=\"https:\/\/avp.ro\/index.php\/camine-pentru-persoane-varstnice-2024\/\" \/>\n<meta property=\"og:site_name\" content=\"Institu\u021bia Avocatul Poporului\" \/>\n<meta property=\"article:modified_time\" content=\"2025-01-15T09:58:59+00:00\" \/>\n<meta name=\"twitter:card\" content=\"summary_large_image\" \/>\n<meta name=\"twitter:label1\" content=\"Est. reading time\" \/>\n\t<meta name=\"twitter:data1\" content=\"1 minute\" \/>\n<script type=\"application\/ld+json\" class=\"yoast-schema-graph\">{\"@context\":\"https:\\\/\\\/schema.org\",\"@graph\":[{\"@type\":\"WebPage\",\"@id\":\"https:\\\/\\\/avp.ro\\\/index.php\\\/camine-pentru-persoane-varstnice-2024\\\/\",\"url\":\"https:\\\/\\\/avp.ro\\\/index.php\\\/camine-pentru-persoane-varstnice-2024\\\/\",\"name\":\"C\u0102MINE PENTRU PERSOANE V\u00c2RSTNICE 2024 - Institu\u021bia Avocatul Poporului\",\"isPartOf\":{\"@id\":\"https:\\\/\\\/avp.ro\\\/#website\"},\"datePublished\":\"2024-02-19T06:07:51+00:00\",\"dateModified\":\"2025-01-15T09:58:59+00:00\",\"breadcrumb\":{\"@id\":\"https:\\\/\\\/avp.ro\\\/index.php\\\/camine-pentru-persoane-varstnice-2024\\\/#breadcrumb\"},\"inLanguage\":\"en-US\",\"potentialAction\":[{\"@type\":\"ReadAction\",\"target\":[\"https:\\\/\\\/avp.ro\\\/index.php\\\/camine-pentru-persoane-varstnice-2024\\\/\"]}]},{\"@type\":\"BreadcrumbList\",\"@id\":\"https:\\\/\\\/avp.ro\\\/index.php\\\/camine-pentru-persoane-varstnice-2024\\\/#breadcrumb\",\"itemListElement\":[{\"@type\":\"ListItem\",\"position\":1,\"name\":\"Home\",\"item\":\"https:\\\/\\\/avp.ro\\\/\"},{\"@type\":\"ListItem\",\"position\":2,\"name\":\"C\u0102MINE PENTRU PERSOANE V\u00c2RSTNICE 2024\"}]},{\"@type\":\"WebSite\",\"@id\":\"https:\\\/\\\/avp.ro\\\/#website\",\"url\":\"https:\\\/\\\/avp.ro\\\/\",\"name\":\"Institu\u021bia Avocatul Poporului\",\"description\":\"People\u2019s Advocate institution - Office of the Ombudsman\",\"publisher\":{\"@id\":\"https:\\\/\\\/avp.ro\\\/#organization\"},\"potentialAction\":[{\"@type\":\"SearchAction\",\"target\":{\"@type\":\"EntryPoint\",\"urlTemplate\":\"https:\\\/\\\/avp.ro\\\/?s={search_term_string}\"},\"query-input\":{\"@type\":\"PropertyValueSpecification\",\"valueRequired\":true,\"valueName\":\"search_term_string\"}}],\"inLanguage\":\"en-US\"},{\"@type\":\"Organization\",\"@id\":\"https:\\\/\\\/avp.ro\\\/#organization\",\"name\":\"Institutia Avocatul Poporului\",\"url\":\"https:\\\/\\\/avp.ro\\\/\",\"logo\":{\"@type\":\"ImageObject\",\"inLanguage\":\"en-US\",\"@id\":\"https:\\\/\\\/avp.ro\\\/#\\\/schema\\\/logo\\\/image\\\/\",\"url\":\"https:\\\/\\\/avp.ro\\\/wp-content\\\/uploads\\\/2020\\\/09\\\/cropped-AP.jpg\",\"contentUrl\":\"https:\\\/\\\/avp.ro\\\/wp-content\\\/uploads\\\/2020\\\/09\\\/cropped-AP.jpg\",\"width\":160,\"height\":146,\"caption\":\"Institutia Avocatul Poporului\"},\"image\":{\"@id\":\"https:\\\/\\\/avp.ro\\\/#\\\/schema\\\/logo\\\/image\\\/\"}}]}<\/script>\n<!-- \/ Yoast SEO plugin. -->","yoast_head_json":{"title":"C\u0102MINE PENTRU PERSOANE V\u00c2RSTNICE 2024 - Institu\u021bia Avocatul Poporului","robots":{"index":"index","follow":"follow","max-snippet":"max-snippet:-1","max-image-preview":"max-image-preview:large","max-video-preview":"max-video-preview:-1"},"canonical":"https:\/\/avp.ro\/index.php\/camine-pentru-persoane-varstnice-2024\/","og_locale":"en_US","og_type":"article","og_title":"C\u0102MINE PENTRU PERSOANE V\u00c2RSTNICE 2024 - Institu\u021bia Avocatul Poporului","og_description":"&nbsp; 7. Raport privind vizita efectuat\u0103 la C\u0103minul pentru Persoane V\u00e2rstnice Sebe\u0219, jud. Alba -R\u0103spunsul conducerii C\u0103minului pentru Persoane V\u00e2rstnice Sebe\u0219, jude\u021bul Alba 6. Raportul privind vizita efectuat\u0103 la Centrul&hellip;","og_url":"https:\/\/avp.ro\/index.php\/camine-pentru-persoane-varstnice-2024\/","og_site_name":"Institu\u021bia Avocatul Poporului","article_modified_time":"2025-01-15T09:58:59+00:00","twitter_card":"summary_large_image","twitter_misc":{"Est. reading time":"1 minute"},"schema":{"@context":"https:\/\/schema.org","@graph":[{"@type":"WebPage","@id":"https:\/\/avp.ro\/index.php\/camine-pentru-persoane-varstnice-2024\/","url":"https:\/\/avp.ro\/index.php\/camine-pentru-persoane-varstnice-2024\/","name":"C\u0102MINE PENTRU PERSOANE V\u00c2RSTNICE 2024 - Institu\u021bia Avocatul Poporului","isPartOf":{"@id":"https:\/\/avp.ro\/#website"},"datePublished":"2024-02-19T06:07:51+00:00","dateModified":"2025-01-15T09:58:59+00:00","breadcrumb":{"@id":"https:\/\/avp.ro\/index.php\/camine-pentru-persoane-varstnice-2024\/#breadcrumb"},"inLanguage":"en-US","potentialAction":[{"@type":"ReadAction","target":["https:\/\/avp.ro\/index.php\/camine-pentru-persoane-varstnice-2024\/"]}]},{"@type":"BreadcrumbList","@id":"https:\/\/avp.ro\/index.php\/camine-pentru-persoane-varstnice-2024\/#breadcrumb","itemListElement":[{"@type":"ListItem","position":1,"name":"Home","item":"https:\/\/avp.ro\/"},{"@type":"ListItem","position":2,"name":"C\u0102MINE PENTRU PERSOANE V\u00c2RSTNICE 2024"}]},{"@type":"WebSite","@id":"https:\/\/avp.ro\/#website","url":"https:\/\/avp.ro\/","name":"Institu\u021bia Avocatul Poporului","description":"People\u2019s Advocate institution - Office of the Ombudsman","publisher":{"@id":"https:\/\/avp.ro\/#organization"},"potentialAction":[{"@type":"SearchAction","target":{"@type":"EntryPoint","urlTemplate":"https:\/\/avp.ro\/?s={search_term_string}"},"query-input":{"@type":"PropertyValueSpecification","valueRequired":true,"valueName":"search_term_string"}}],"inLanguage":"en-US"},{"@type":"Organization","@id":"https:\/\/avp.ro\/#organization","name":"Institutia Avocatul Poporului","url":"https:\/\/avp.ro\/","logo":{"@type":"ImageObject","inLanguage":"en-US","@id":"https:\/\/avp.ro\/#\/schema\/logo\/image\/","url":"https:\/\/avp.ro\/wp-content\/uploads\/2020\/09\/cropped-AP.jpg","contentUrl":"https:\/\/avp.ro\/wp-content\/uploads\/2020\/09\/cropped-AP.jpg","width":160,"height":146,"caption":"Institutia Avocatul Poporului"},"image":{"@id":"https:\/\/avp.ro\/#\/schema\/logo\/image\/"}}]}},"_links":{"self":[{"href":"https:\/\/avp.ro\/index.php\/wp-json\/wp\/v2\/pages\/10690","targetHints":{"allow":["GET"]}}],"collection":[{"href":"https:\/\/avp.ro\/index.php\/wp-json\/wp\/v2\/pages"}],"about":[{"href":"https:\/\/avp.ro\/index.php\/wp-json\/wp\/v2\/types\/page"}],"author":[{"embeddable":true,"href":"https:\/\/avp.ro\/index.php\/wp-json\/wp\/v2\/users\/1"}],"replies":[{"embeddable":true,"href":"https:\/\/avp.ro\/index.php\/wp-json\/wp\/v2\/comments?post=10690"}],"version-history":[{"count":19,"href":"https:\/\/avp.ro\/index.php\/wp-json\/wp\/v2\/pages\/10690\/revisions"}],"predecessor-version":[{"id":12963,"href":"https:\/\/avp.ro\/index.php\/wp-json\/wp\/v2\/pages\/10690\/revisions\/12963"}],"wp:attachment":[{"href":"https:\/\/avp.ro\/index.php\/wp-json\/wp\/v2\/media?parent=10690"}],"curies":[{"name":"wp","href":"https:\/\/api.w.org\/{rel}","templated":true}]}}