{"id":11557,"date":"2024-05-23T11:10:32","date_gmt":"2024-05-23T09:10:32","guid":{"rendered":"https:\/\/avp.ro\/?page_id=11557"},"modified":"2025-04-22T09:44:23","modified_gmt":"2025-04-22T07:44:23","slug":"spitale-de-psihiatrie-2024","status":"publish","type":"page","link":"https:\/\/avp.ro\/index.php\/spitale-de-psihiatrie-2024\/","title":{"rendered":"SPITALE DE PSIHIATRIE 2024"},"content":{"rendered":"<p>&nbsp;<\/p>\n<p>&nbsp;<\/p>\n<p><a href=\"https:\/\/avp.ro\/wp-content\/uploads\/2025\/03\/Raport-de-vizita-Spitalul-de-psihiatrie-Voila-2024-pe-site.pdf\">5. Raport privind vizita efectuat\u0103 la Spitalul de Psihiatrie Voila C\u00e2mpina, jude\u021bul Prahova<\/a><\/p>\n<p style=\"padding-left: 40px;\"><a href=\"https:\/\/avp.ro\/wp-content\/uploads\/2025\/04\/Raspuns-Sp.-Voila-2024.pdf\">&#8211; R\u0103spunsul conducerii Spitalului de Psihiatrie Voila C\u00e2mpina<\/a><\/p>\n<p><a href=\"https:\/\/avp.ro\/wp-content\/uploads\/2024\/12\/Raport-de-vizita-Spitalul-de-psihiatrie-Balaceanca-2024-1.pdf\">4. Raport privind vizita efectuat\u0103 la Spitalul de psihiatrie \u201eEftimie Diamandescu\u201d B\u0103l\u0103ceanca, jude\u021bul Ilfov<\/a><\/p>\n<p style=\"padding-left: 40px;\"><a href=\"https:\/\/avp.ro\/wp-content\/uploads\/2025\/03\/Raspuns-CJI-Spital-Balaceanca-2024.pdf\">&#8211; R\u0103spunsul conducerii Consiliului Jude\u021bean Ilfov<\/a><\/p>\n<p><a href=\"https:\/\/avp.ro\/wp-content\/uploads\/2024\/07\/Raport-de-vizita-SJUG-Sectia-exterioara-psihiatrie-Vadu-Lat-site.pdf\">3. Raport privind vizita efectuat\u0103 la Spitalul Jude\u021bean de Urgen\u021b\u0103 Giurgiu \u2013 Sec\u021bia exterioar\u0103 psihiatrie Vadu Lat, jude\u021bul Giurgiu<\/a><\/p>\n<p style=\"padding-left: 40px;\"><a href=\"https:\/\/avp.ro\/wp-content\/uploads\/2024\/12\/Raspuns-SJUG-Vadu-Lat.pdf\">-R\u0103spunsul Spitalului Jude\u021bean de Urgen\u021b\u0103 Giurgiu<\/a><\/p>\n<p style=\"padding-left: 40px;\"><a href=\"https:\/\/avp.ro\/wp-content\/uploads\/2024\/12\/Raspuns-Consiliul-Judetean-Giurgiu-Vadu-Lat-1-2024.pdf\">-R\u0103spunsul Consiliului Jude\u021bean Giurgiu 1<\/a><\/p>\n<p style=\"padding-left: 40px;\"><a href=\"https:\/\/avp.ro\/wp-content\/uploads\/2024\/12\/Raspuns-Consiliul-Judetean-Giurgiu-Vadu-Lat-2024.pdf\">-R\u0103spunsul Consiliului Jude\u021bean Giurgiu 2<\/a><\/p>\n<p><a href=\"https:\/\/avp.ro\/wp-content\/uploads\/2024\/07\/Raport-vizita-Spital-Grajduri.pdf\">2.Raport privind vizita efectuat\u0103 la Spitalul de Psihiatrie \u0219i pentru M\u0103suri de Siguran\u021b\u0103 P\u0103dureni &#8211; Grajduri, jude\u021bul Ia\u0219i\u00a0<\/a><\/p>\n<p style=\"padding-left: 40px;\"><a href=\"https:\/\/avp.ro\/wp-content\/uploads\/2025\/02\/Raspuns-Spital-Grajduri.pdf\">-R\u0103spunsul conducerii Spitalului de Psihiatrie \u0219i pentru M\u0103suri de Siguran\u021b\u0103 Grajduri, jude\u021bul Ia\u0219i\u00a0<\/a><\/p>\n<p><a href=\"https:\/\/avp.ro\/wp-content\/uploads\/2024\/05\/Raport-afisare-site-Spit-Orasenesc-Tg-Carbunesti-Comp-Psihiatrie.pdf\">1.Raport privind vizita efectuat\u0103 la Spitalul Or\u0103\u0219enesc de Urgen\u021b\u0103 T\u00e2rgu C\u0103rbune\u0219ti \u2013 Compartimentul Psihiatrie, Jude\u021bul Gorj<\/a><\/p>\n<p style=\"padding-left: 40px;\"><a href=\"https:\/\/avp.ro\/wp-content\/uploads\/2024\/06\/Raspuns-Recomandari-Spit.-Tg.-Carbunesti.pdf\">-R\u0103spunsul la recomand\u0103ri primit de la conducerea Spitalului Or\u0103\u0219enesc de Urgen\u021b\u0103 T\u00e2rgu C\u0103rbune\u0219ti &#8211; Compartimentul Psihiatrie, Jude\u021bul Gorj<\/a><\/p>\n","protected":false},"excerpt":{"rendered":"<p>&nbsp; &nbsp; 5. Raport privind vizita efectuat\u0103 la Spitalul de Psihiatrie Voila C\u00e2mpina, jude\u021bul Prahova &#8211; R\u0103spunsul conducerii Spitalului de Psihiatrie Voila C\u00e2mpina 4. Raport privind vizita efectuat\u0103 la Spitalul&hellip; <\/p>\n","protected":false},"author":1,"featured_media":0,"parent":0,"menu_order":0,"comment_status":"closed","ping_status":"closed","template":"","meta":{"footnotes":""},"class_list":["post-11557","page","type-page","status-publish","hentry"],"yoast_head":"<!-- This site is optimized with the Yoast SEO plugin v27.3 - https:\/\/yoast.com\/product\/yoast-seo-wordpress\/ -->\n<title>SPITALE DE PSIHIATRIE 2024 - Institu\u021bia Avocatul Poporului<\/title>\n<meta name=\"robots\" content=\"index, follow, max-snippet:-1, max-image-preview:large, max-video-preview:-1\" \/>\n<link rel=\"canonical\" href=\"https:\/\/avp.ro\/index.php\/spitale-de-psihiatrie-2024\/\" \/>\n<meta property=\"og:locale\" content=\"en_US\" \/>\n<meta property=\"og:type\" content=\"article\" \/>\n<meta property=\"og:title\" content=\"SPITALE DE PSIHIATRIE 2024 - Institu\u021bia Avocatul Poporului\" \/>\n<meta property=\"og:description\" content=\"&nbsp; &nbsp; 5. Raport privind vizita efectuat\u0103 la Spitalul de Psihiatrie Voila C\u00e2mpina, jude\u021bul Prahova &#8211; R\u0103spunsul conducerii Spitalului de Psihiatrie Voila C\u00e2mpina 4. Raport privind vizita efectuat\u0103 la Spitalul&hellip;\" \/>\n<meta property=\"og:url\" content=\"https:\/\/avp.ro\/index.php\/spitale-de-psihiatrie-2024\/\" \/>\n<meta property=\"og:site_name\" content=\"Institu\u021bia Avocatul Poporului\" \/>\n<meta property=\"article:modified_time\" content=\"2025-04-22T07:44:23+00:00\" \/>\n<meta name=\"twitter:card\" content=\"summary_large_image\" \/>\n<meta name=\"twitter:label1\" content=\"Est. reading time\" \/>\n\t<meta name=\"twitter:data1\" content=\"1 minute\" \/>\n<script type=\"application\/ld+json\" class=\"yoast-schema-graph\">{\"@context\":\"https:\\\/\\\/schema.org\",\"@graph\":[{\"@type\":\"WebPage\",\"@id\":\"https:\\\/\\\/avp.ro\\\/index.php\\\/spitale-de-psihiatrie-2024\\\/\",\"url\":\"https:\\\/\\\/avp.ro\\\/index.php\\\/spitale-de-psihiatrie-2024\\\/\",\"name\":\"SPITALE DE PSIHIATRIE 2024 - Institu\u021bia Avocatul Poporului\",\"isPartOf\":{\"@id\":\"https:\\\/\\\/avp.ro\\\/#website\"},\"datePublished\":\"2024-05-23T09:10:32+00:00\",\"dateModified\":\"2025-04-22T07:44:23+00:00\",\"breadcrumb\":{\"@id\":\"https:\\\/\\\/avp.ro\\\/index.php\\\/spitale-de-psihiatrie-2024\\\/#breadcrumb\"},\"inLanguage\":\"en-US\",\"potentialAction\":[{\"@type\":\"ReadAction\",\"target\":[\"https:\\\/\\\/avp.ro\\\/index.php\\\/spitale-de-psihiatrie-2024\\\/\"]}]},{\"@type\":\"BreadcrumbList\",\"@id\":\"https:\\\/\\\/avp.ro\\\/index.php\\\/spitale-de-psihiatrie-2024\\\/#breadcrumb\",\"itemListElement\":[{\"@type\":\"ListItem\",\"position\":1,\"name\":\"Home\",\"item\":\"https:\\\/\\\/avp.ro\\\/\"},{\"@type\":\"ListItem\",\"position\":2,\"name\":\"SPITALE DE PSIHIATRIE 2024\"}]},{\"@type\":\"WebSite\",\"@id\":\"https:\\\/\\\/avp.ro\\\/#website\",\"url\":\"https:\\\/\\\/avp.ro\\\/\",\"name\":\"Institu\u021bia Avocatul Poporului\",\"description\":\"People\u2019s Advocate institution - Office of the Ombudsman\",\"publisher\":{\"@id\":\"https:\\\/\\\/avp.ro\\\/#organization\"},\"potentialAction\":[{\"@type\":\"SearchAction\",\"target\":{\"@type\":\"EntryPoint\",\"urlTemplate\":\"https:\\\/\\\/avp.ro\\\/?s={search_term_string}\"},\"query-input\":{\"@type\":\"PropertyValueSpecification\",\"valueRequired\":true,\"valueName\":\"search_term_string\"}}],\"inLanguage\":\"en-US\"},{\"@type\":\"Organization\",\"@id\":\"https:\\\/\\\/avp.ro\\\/#organization\",\"name\":\"Institutia Avocatul Poporului\",\"url\":\"https:\\\/\\\/avp.ro\\\/\",\"logo\":{\"@type\":\"ImageObject\",\"inLanguage\":\"en-US\",\"@id\":\"https:\\\/\\\/avp.ro\\\/#\\\/schema\\\/logo\\\/image\\\/\",\"url\":\"https:\\\/\\\/avp.ro\\\/wp-content\\\/uploads\\\/2020\\\/09\\\/cropped-AP.jpg\",\"contentUrl\":\"https:\\\/\\\/avp.ro\\\/wp-content\\\/uploads\\\/2020\\\/09\\\/cropped-AP.jpg\",\"width\":160,\"height\":146,\"caption\":\"Institutia Avocatul Poporului\"},\"image\":{\"@id\":\"https:\\\/\\\/avp.ro\\\/#\\\/schema\\\/logo\\\/image\\\/\"}}]}<\/script>\n<!-- \/ Yoast SEO plugin. -->","yoast_head_json":{"title":"SPITALE DE PSIHIATRIE 2024 - Institu\u021bia Avocatul Poporului","robots":{"index":"index","follow":"follow","max-snippet":"max-snippet:-1","max-image-preview":"max-image-preview:large","max-video-preview":"max-video-preview:-1"},"canonical":"https:\/\/avp.ro\/index.php\/spitale-de-psihiatrie-2024\/","og_locale":"en_US","og_type":"article","og_title":"SPITALE DE PSIHIATRIE 2024 - Institu\u021bia Avocatul Poporului","og_description":"&nbsp; &nbsp; 5. Raport privind vizita efectuat\u0103 la Spitalul de Psihiatrie Voila C\u00e2mpina, jude\u021bul Prahova &#8211; R\u0103spunsul conducerii Spitalului de Psihiatrie Voila C\u00e2mpina 4. Raport privind vizita efectuat\u0103 la Spitalul&hellip;","og_url":"https:\/\/avp.ro\/index.php\/spitale-de-psihiatrie-2024\/","og_site_name":"Institu\u021bia Avocatul Poporului","article_modified_time":"2025-04-22T07:44:23+00:00","twitter_card":"summary_large_image","twitter_misc":{"Est. reading time":"1 minute"},"schema":{"@context":"https:\/\/schema.org","@graph":[{"@type":"WebPage","@id":"https:\/\/avp.ro\/index.php\/spitale-de-psihiatrie-2024\/","url":"https:\/\/avp.ro\/index.php\/spitale-de-psihiatrie-2024\/","name":"SPITALE DE PSIHIATRIE 2024 - Institu\u021bia Avocatul Poporului","isPartOf":{"@id":"https:\/\/avp.ro\/#website"},"datePublished":"2024-05-23T09:10:32+00:00","dateModified":"2025-04-22T07:44:23+00:00","breadcrumb":{"@id":"https:\/\/avp.ro\/index.php\/spitale-de-psihiatrie-2024\/#breadcrumb"},"inLanguage":"en-US","potentialAction":[{"@type":"ReadAction","target":["https:\/\/avp.ro\/index.php\/spitale-de-psihiatrie-2024\/"]}]},{"@type":"BreadcrumbList","@id":"https:\/\/avp.ro\/index.php\/spitale-de-psihiatrie-2024\/#breadcrumb","itemListElement":[{"@type":"ListItem","position":1,"name":"Home","item":"https:\/\/avp.ro\/"},{"@type":"ListItem","position":2,"name":"SPITALE DE PSIHIATRIE 2024"}]},{"@type":"WebSite","@id":"https:\/\/avp.ro\/#website","url":"https:\/\/avp.ro\/","name":"Institu\u021bia Avocatul Poporului","description":"People\u2019s Advocate institution - Office of the Ombudsman","publisher":{"@id":"https:\/\/avp.ro\/#organization"},"potentialAction":[{"@type":"SearchAction","target":{"@type":"EntryPoint","urlTemplate":"https:\/\/avp.ro\/?s={search_term_string}"},"query-input":{"@type":"PropertyValueSpecification","valueRequired":true,"valueName":"search_term_string"}}],"inLanguage":"en-US"},{"@type":"Organization","@id":"https:\/\/avp.ro\/#organization","name":"Institutia Avocatul Poporului","url":"https:\/\/avp.ro\/","logo":{"@type":"ImageObject","inLanguage":"en-US","@id":"https:\/\/avp.ro\/#\/schema\/logo\/image\/","url":"https:\/\/avp.ro\/wp-content\/uploads\/2020\/09\/cropped-AP.jpg","contentUrl":"https:\/\/avp.ro\/wp-content\/uploads\/2020\/09\/cropped-AP.jpg","width":160,"height":146,"caption":"Institutia Avocatul Poporului"},"image":{"@id":"https:\/\/avp.ro\/#\/schema\/logo\/image\/"}}]}},"_links":{"self":[{"href":"https:\/\/avp.ro\/index.php\/wp-json\/wp\/v2\/pages\/11557","targetHints":{"allow":["GET"]}}],"collection":[{"href":"https:\/\/avp.ro\/index.php\/wp-json\/wp\/v2\/pages"}],"about":[{"href":"https:\/\/avp.ro\/index.php\/wp-json\/wp\/v2\/types\/page"}],"author":[{"embeddable":true,"href":"https:\/\/avp.ro\/index.php\/wp-json\/wp\/v2\/users\/1"}],"replies":[{"embeddable":true,"href":"https:\/\/avp.ro\/index.php\/wp-json\/wp\/v2\/comments?post=11557"}],"version-history":[{"count":16,"href":"https:\/\/avp.ro\/index.php\/wp-json\/wp\/v2\/pages\/11557\/revisions"}],"predecessor-version":[{"id":13545,"href":"https:\/\/avp.ro\/index.php\/wp-json\/wp\/v2\/pages\/11557\/revisions\/13545"}],"wp:attachment":[{"href":"https:\/\/avp.ro\/index.php\/wp-json\/wp\/v2\/media?parent=11557"}],"curies":[{"name":"wp","href":"https:\/\/api.w.org\/{rel}","templated":true}]}}