{"id":123,"date":"2020-07-17T06:34:26","date_gmt":"2020-07-17T06:34:26","guid":{"rendered":"https:\/\/avp.ro\/?page_id=123"},"modified":"2020-07-30T10:05:43","modified_gmt":"2020-07-30T08:05:43","slug":"avocatul-poporului-nhri","status":"publish","type":"page","link":"https:\/\/avp.ro\/index.php\/prezentare\/relatii-internationale\/avocatul-poporului-nhri\/","title":{"rendered":"Avocatul Poporului-NHRI"},"content":{"rendered":"<h1>Institu\u021bia Avocatul Poporului &#8211; NHRI<\/h1>\n<p style=\"font-weight: 400;\">Prin Legea nr. 9\/2018 de modificare a Legii nr. 35\/1997 de organizare \u0219i func\u021bionare a Avocatului Poporului, publicat\u0103 \u00een Monitorul Oficial din data de 8 ianuarie 2018, a fost introdus un nou articol prin care se arat\u0103 angajamentul statului rom\u00e2n de a asigura deplina conformitate a institu\u021biei Avocatul Poporului cu Principiile de la Paris. Texul de lege are urm\u0103torul con\u021binut:&nbsp;&nbsp;<em>Institu\u0163ia Avocatul Poporului este institu\u0163ie na\u0163ional\u0103 pentru promovarea \u015fi protec\u0163ia drepturilor omului, \u00een sensul stabilit prin Rezolu\u0163ia Adun\u0103rii Generale a Organiza\u0163iei Na\u0163iunilor Unite (ONU) nr. 48\/134 din 20 decembrie 1993, prin care au fost adoptate <a href=\"https:\/\/avp.ro\/index.php\/principiile-de-la-paris\/\">Principiile de la Paris<\/a>.<\/em><\/p>\n<p style=\"font-weight: 400;\">Preciz\u0103m c\u0103 institu\u021bia Avocatul Poporului urmeaz\u0103 s\u0103 demareze procesul de acreditare ca institu\u021bie na\u021bional\u0103 pentru ap\u0103rarea drepturilor omului.<\/p>\n","protected":false},"excerpt":{"rendered":"<p>Institu\u021bia Avocatul Poporului &#8211; NHRI Prin Legea nr. 9\/2018 de modificare a Legii nr. 35\/1997 de organizare \u0219i func\u021bionare a Avocatului Poporului, publicat\u0103 \u00een Monitorul Oficial din data de 8&hellip; <\/p>\n","protected":false},"author":1,"featured_media":0,"parent":58,"menu_order":0,"comment_status":"closed","ping_status":"closed","template":"","meta":{"footnotes":""},"class_list":["post-123","page","type-page","status-publish","hentry"],"yoast_head":"<!-- This site is optimized with the Yoast SEO plugin v27.3 - https:\/\/yoast.com\/product\/yoast-seo-wordpress\/ -->\n<title>Avocatul Poporului-NHRI - Institu\u021bia Avocatul Poporului<\/title>\n<meta name=\"robots\" content=\"index, follow, max-snippet:-1, max-image-preview:large, max-video-preview:-1\" \/>\n<link rel=\"canonical\" href=\"https:\/\/avp.ro\/index.php\/prezentare\/relatii-internationale\/avocatul-poporului-nhri\/\" \/>\n<meta property=\"og:locale\" content=\"en_US\" \/>\n<meta property=\"og:type\" content=\"article\" \/>\n<meta property=\"og:title\" content=\"Avocatul Poporului-NHRI - Institu\u021bia Avocatul Poporului\" \/>\n<meta property=\"og:description\" content=\"Institu\u021bia Avocatul Poporului &#8211; NHRI Prin Legea nr. 9\/2018 de modificare a Legii nr. 35\/1997 de organizare \u0219i func\u021bionare a Avocatului Poporului, publicat\u0103 \u00een Monitorul Oficial din data de 8&hellip;\" \/>\n<meta property=\"og:url\" content=\"https:\/\/avp.ro\/index.php\/prezentare\/relatii-internationale\/avocatul-poporului-nhri\/\" \/>\n<meta property=\"og:site_name\" content=\"Institu\u021bia Avocatul Poporului\" \/>\n<meta property=\"article:modified_time\" content=\"2020-07-30T08:05:43+00:00\" \/>\n<meta name=\"twitter:card\" content=\"summary_large_image\" \/>\n<meta name=\"twitter:label1\" content=\"Est. reading time\" \/>\n\t<meta name=\"twitter:data1\" content=\"1 minute\" \/>\n<script type=\"application\/ld+json\" class=\"yoast-schema-graph\">{\"@context\":\"https:\\\/\\\/schema.org\",\"@graph\":[{\"@type\":\"WebPage\",\"@id\":\"https:\\\/\\\/avp.ro\\\/index.php\\\/prezentare\\\/relatii-internationale\\\/avocatul-poporului-nhri\\\/\",\"url\":\"https:\\\/\\\/avp.ro\\\/index.php\\\/prezentare\\\/relatii-internationale\\\/avocatul-poporului-nhri\\\/\",\"name\":\"Avocatul Poporului-NHRI - Institu\u021bia Avocatul Poporului\",\"isPartOf\":{\"@id\":\"https:\\\/\\\/avp.ro\\\/#website\"},\"datePublished\":\"2020-07-17T06:34:26+00:00\",\"dateModified\":\"2020-07-30T08:05:43+00:00\",\"breadcrumb\":{\"@id\":\"https:\\\/\\\/avp.ro\\\/index.php\\\/prezentare\\\/relatii-internationale\\\/avocatul-poporului-nhri\\\/#breadcrumb\"},\"inLanguage\":\"en-US\",\"potentialAction\":[{\"@type\":\"ReadAction\",\"target\":[\"https:\\\/\\\/avp.ro\\\/index.php\\\/prezentare\\\/relatii-internationale\\\/avocatul-poporului-nhri\\\/\"]}]},{\"@type\":\"BreadcrumbList\",\"@id\":\"https:\\\/\\\/avp.ro\\\/index.php\\\/prezentare\\\/relatii-internationale\\\/avocatul-poporului-nhri\\\/#breadcrumb\",\"itemListElement\":[{\"@type\":\"ListItem\",\"position\":1,\"name\":\"Home\",\"item\":\"https:\\\/\\\/avp.ro\\\/\"},{\"@type\":\"ListItem\",\"position\":2,\"name\":\"Prezentare\",\"item\":\"https:\\\/\\\/avp.ro\\\/index.php\\\/prezentare\\\/\"},{\"@type\":\"ListItem\",\"position\":3,\"name\":\"Rela\u021bii interna\u021bionale\",\"item\":\"https:\\\/\\\/avp.ro\\\/index.php\\\/prezentare\\\/relatii-internationale\\\/\"},{\"@type\":\"ListItem\",\"position\":4,\"name\":\"Avocatul Poporului-NHRI\"}]},{\"@type\":\"WebSite\",\"@id\":\"https:\\\/\\\/avp.ro\\\/#website\",\"url\":\"https:\\\/\\\/avp.ro\\\/\",\"name\":\"Institu\u021bia Avocatul Poporului\",\"description\":\"People\u2019s Advocate institution - Office of the Ombudsman\",\"publisher\":{\"@id\":\"https:\\\/\\\/avp.ro\\\/#organization\"},\"potentialAction\":[{\"@type\":\"SearchAction\",\"target\":{\"@type\":\"EntryPoint\",\"urlTemplate\":\"https:\\\/\\\/avp.ro\\\/?s={search_term_string}\"},\"query-input\":{\"@type\":\"PropertyValueSpecification\",\"valueRequired\":true,\"valueName\":\"search_term_string\"}}],\"inLanguage\":\"en-US\"},{\"@type\":\"Organization\",\"@id\":\"https:\\\/\\\/avp.ro\\\/#organization\",\"name\":\"Institutia Avocatul Poporului\",\"url\":\"https:\\\/\\\/avp.ro\\\/\",\"logo\":{\"@type\":\"ImageObject\",\"inLanguage\":\"en-US\",\"@id\":\"https:\\\/\\\/avp.ro\\\/#\\\/schema\\\/logo\\\/image\\\/\",\"url\":\"https:\\\/\\\/avp.ro\\\/wp-content\\\/uploads\\\/2020\\\/09\\\/cropped-AP.jpg\",\"contentUrl\":\"https:\\\/\\\/avp.ro\\\/wp-content\\\/uploads\\\/2020\\\/09\\\/cropped-AP.jpg\",\"width\":160,\"height\":146,\"caption\":\"Institutia Avocatul Poporului\"},\"image\":{\"@id\":\"https:\\\/\\\/avp.ro\\\/#\\\/schema\\\/logo\\\/image\\\/\"}}]}<\/script>\n<!-- \/ Yoast SEO plugin. -->","yoast_head_json":{"title":"Avocatul Poporului-NHRI - Institu\u021bia Avocatul Poporului","robots":{"index":"index","follow":"follow","max-snippet":"max-snippet:-1","max-image-preview":"max-image-preview:large","max-video-preview":"max-video-preview:-1"},"canonical":"https:\/\/avp.ro\/index.php\/prezentare\/relatii-internationale\/avocatul-poporului-nhri\/","og_locale":"en_US","og_type":"article","og_title":"Avocatul Poporului-NHRI - Institu\u021bia Avocatul Poporului","og_description":"Institu\u021bia Avocatul Poporului &#8211; NHRI Prin Legea nr. 9\/2018 de modificare a Legii nr. 35\/1997 de organizare \u0219i func\u021bionare a Avocatului Poporului, publicat\u0103 \u00een Monitorul Oficial din data de 8&hellip;","og_url":"https:\/\/avp.ro\/index.php\/prezentare\/relatii-internationale\/avocatul-poporului-nhri\/","og_site_name":"Institu\u021bia Avocatul Poporului","article_modified_time":"2020-07-30T08:05:43+00:00","twitter_card":"summary_large_image","twitter_misc":{"Est. reading time":"1 minute"},"schema":{"@context":"https:\/\/schema.org","@graph":[{"@type":"WebPage","@id":"https:\/\/avp.ro\/index.php\/prezentare\/relatii-internationale\/avocatul-poporului-nhri\/","url":"https:\/\/avp.ro\/index.php\/prezentare\/relatii-internationale\/avocatul-poporului-nhri\/","name":"Avocatul Poporului-NHRI - Institu\u021bia Avocatul Poporului","isPartOf":{"@id":"https:\/\/avp.ro\/#website"},"datePublished":"2020-07-17T06:34:26+00:00","dateModified":"2020-07-30T08:05:43+00:00","breadcrumb":{"@id":"https:\/\/avp.ro\/index.php\/prezentare\/relatii-internationale\/avocatul-poporului-nhri\/#breadcrumb"},"inLanguage":"en-US","potentialAction":[{"@type":"ReadAction","target":["https:\/\/avp.ro\/index.php\/prezentare\/relatii-internationale\/avocatul-poporului-nhri\/"]}]},{"@type":"BreadcrumbList","@id":"https:\/\/avp.ro\/index.php\/prezentare\/relatii-internationale\/avocatul-poporului-nhri\/#breadcrumb","itemListElement":[{"@type":"ListItem","position":1,"name":"Home","item":"https:\/\/avp.ro\/"},{"@type":"ListItem","position":2,"name":"Prezentare","item":"https:\/\/avp.ro\/index.php\/prezentare\/"},{"@type":"ListItem","position":3,"name":"Rela\u021bii interna\u021bionale","item":"https:\/\/avp.ro\/index.php\/prezentare\/relatii-internationale\/"},{"@type":"ListItem","position":4,"name":"Avocatul Poporului-NHRI"}]},{"@type":"WebSite","@id":"https:\/\/avp.ro\/#website","url":"https:\/\/avp.ro\/","name":"Institu\u021bia Avocatul Poporului","description":"People\u2019s Advocate institution - Office of the Ombudsman","publisher":{"@id":"https:\/\/avp.ro\/#organization"},"potentialAction":[{"@type":"SearchAction","target":{"@type":"EntryPoint","urlTemplate":"https:\/\/avp.ro\/?s={search_term_string}"},"query-input":{"@type":"PropertyValueSpecification","valueRequired":true,"valueName":"search_term_string"}}],"inLanguage":"en-US"},{"@type":"Organization","@id":"https:\/\/avp.ro\/#organization","name":"Institutia Avocatul Poporului","url":"https:\/\/avp.ro\/","logo":{"@type":"ImageObject","inLanguage":"en-US","@id":"https:\/\/avp.ro\/#\/schema\/logo\/image\/","url":"https:\/\/avp.ro\/wp-content\/uploads\/2020\/09\/cropped-AP.jpg","contentUrl":"https:\/\/avp.ro\/wp-content\/uploads\/2020\/09\/cropped-AP.jpg","width":160,"height":146,"caption":"Institutia Avocatul Poporului"},"image":{"@id":"https:\/\/avp.ro\/#\/schema\/logo\/image\/"}}]}},"_links":{"self":[{"href":"https:\/\/avp.ro\/index.php\/wp-json\/wp\/v2\/pages\/123","targetHints":{"allow":["GET"]}}],"collection":[{"href":"https:\/\/avp.ro\/index.php\/wp-json\/wp\/v2\/pages"}],"about":[{"href":"https:\/\/avp.ro\/index.php\/wp-json\/wp\/v2\/types\/page"}],"author":[{"embeddable":true,"href":"https:\/\/avp.ro\/index.php\/wp-json\/wp\/v2\/users\/1"}],"replies":[{"embeddable":true,"href":"https:\/\/avp.ro\/index.php\/wp-json\/wp\/v2\/comments?post=123"}],"version-history":[{"count":8,"href":"https:\/\/avp.ro\/index.php\/wp-json\/wp\/v2\/pages\/123\/revisions"}],"predecessor-version":[{"id":715,"href":"https:\/\/avp.ro\/index.php\/wp-json\/wp\/v2\/pages\/123\/revisions\/715"}],"up":[{"embeddable":true,"href":"https:\/\/avp.ro\/index.php\/wp-json\/wp\/v2\/pages\/58"}],"wp:attachment":[{"href":"https:\/\/avp.ro\/index.php\/wp-json\/wp\/v2\/media?parent=123"}],"curies":[{"name":"wp","href":"https:\/\/api.w.org\/{rel}","templated":true}]}}