{"id":1255,"date":"2020-09-30T06:44:50","date_gmt":"2020-09-30T04:44:50","guid":{"rendered":"https:\/\/avp.ro\/?page_id=1255"},"modified":"2024-02-05T13:00:33","modified_gmt":"2024-02-05T11:00:33","slug":"birouri-teritoriale-ale-institutiei-avocatul-poporului","status":"publish","type":"page","link":"https:\/\/avp.ro\/index.php\/birouri-teritoriale-ale-institutiei-avocatul-poporului\/","title":{"rendered":"Birouri teritoriale ale Institu\u021biei Avocatul Poporului"},"content":{"rendered":"<p>&nbsp;<\/p>\n<p style=\"font-weight: 400;\"><em><strong>ADRESE<\/strong><\/em><\/p>\n<p style=\"font-weight: 400;\"><strong>Biroul Teritorial Alba-Iulia<\/strong><\/p>\n<p style=\"font-weight: 400;\">Str. Mihai Viteazu, nr.2, municipiul Alba Iulia<\/p>\n<p style=\"font-weight: 400;\">Tel.\/fax: 0258\/813.865,<\/p>\n<p style=\"font-weight: 400;\">E-mail:\u00a0<a href=\"&#x6d;&#x61;&#x69;&#x6c;&#x74;&#x6f;&#x3a;&#x61;&#118;&#112;&#97;&#108;&#98;&#97;&#64;avp&#46;&#x72;&#x6f;\">&#x61;&#x76;&#x70;&#x61;&#x6c;&#x62;&#x61;&#x40;&#x61;&#x76;&#x70;&#x2e;&#x72;&#x6f;<\/a><\/p>\n<p style=\"font-weight: 400;\"><strong>Biroul Teritorial Bac\u0103u<\/strong><\/p>\n<p style=\"font-weight: 400;\">Str. Nicolae B\u0103lcescu, nr.5, municipiul Bac\u0103u, jud. Bac\u0103u<\/p>\n<p style=\"font-weight: 400;\">Tel.\/fax: 0234\/572.472<\/p>\n<p style=\"font-weight: 400;\">E-mail:\u00a0<a href=\"&#x6d;&#x61;&#x69;&#x6c;&#x74;&#x6f;&#x3a;&#x61;&#118;&#112;&#98;&#97;&#99;&#97;&#117;&#64;avp&#x2e;&#x72;&#x6f;\">&#97;v&#x70;b&#x61;c&#x61;u&#x40;&#97;&#x76;&#112;&#x2e;&#114;&#x6f;<\/a><\/p>\n<p style=\"font-weight: 400;\"><strong>Biroul Teritorial Bra\u015fov<\/strong><\/p>\n<p style=\"font-weight: 400;\">B-dul Mihail Kog\u0103lniceanu, nr.23, bloc C7, camera 402 (zona Centrul Civic), municipiul Bra\u015fov, jud. Bra\u015fov,<\/p>\n<p style=\"font-weight: 400;\">Tel.\/fax: 0268\/471.100,<\/p>\n<p style=\"font-weight: 400;\">E-mail:\u00a0<a href=\"m&#97;&#105;&#x6c;&#x74;o:&#97;&#118;&#x70;&#x62;ra&#115;&#111;&#x76;&#x40;av&#112;&#x2e;&#x72;&#x6f;\">&#x61;&#x76;&#x70;&#x62;&#x72;&#x61;&#x73;&#x6f;&#118;&#64;&#97;&#118;&#112;&#46;&#114;o<\/a><\/p>\n<p style=\"font-weight: 400;\"><strong>Biroul Teritorial Constan\u021ba<\/strong><\/p>\n<p style=\"font-weight: 400;\">Bd. Ferdinand nr.7 Bis, municipiul Constan\u021ba, jud. Constan\u021ba<\/p>\n<p style=\"font-weight: 400;\">Tel.\/fax: 0241\/550.544<\/p>\n<p style=\"font-weight: 400;\">E-mail:\u00a0<a href=\"&#x6d;&#x61;&#105;&#108;&#116;o&#x3a;&#x61;&#x76;&#112;&#99;on&#x73;&#x74;&#x61;&#110;&#116;a&#x40;&#x61;&#x76;&#112;&#46;&#114;o\">&#97;&#118;&#x70;c&#111;&#x6e;&#x73;t&#97;&#x6e;&#x74;a&#64;&#x61;v&#112;&#x2e;&#x72;o<\/a><\/p>\n<p style=\"font-weight: 400;\"><strong>Biroul Teritorial Cluj-Napoca<\/strong><\/p>\n<p style=\"font-weight: 400;\">Str. Mo\u021bilor, nr.18, municipiul Cluj-Napoca, jud. Cluj<\/p>\n<p style=\"font-weight: 400;\">Tel.\/fax: 0264\/591.561<\/p>\n<p style=\"font-weight: 400;\">E-mail:\u00a0<a href=\"&#109;&#97;&#x69;l&#116;&#x6f;&#x3a;a&#118;&#x70;&#x63;l&#117;&#x6a;&#x40;a&#118;&#x70;&#x2e;r&#111;\">a&#118;&#x70;&#x63;l&#117;&#106;&#x40;&#x61;v&#112;&#x2e;&#x72;o<\/a><\/p>\n<p style=\"font-weight: 400;\"><strong>Biroul Teritorial Craiova<\/strong><\/p>\n<p style=\"font-weight: 400;\">Str. Targului nr. 26, Centrul Multifunctional Craiova, municipiul Craiova jud. Dolj<\/p>\n<p style=\"font-weight: 400;\">Tel.\/fax: 0251\/418.707<\/p>\n<p style=\"font-weight: 400;\">E-mail:\u00a0<a href=\"&#109;&#x61;&#105;&#x6c;&#116;&#x6f;:&#x61;v&#112;&#x64;&#111;&#x6c;&#106;&#x40;a&#x76;p&#46;&#x72;&#111;\">&#97;&#x76;p&#x64;&#x6f;&#108;&#x6a;&#64;&#97;&#x76;&#112;&#x2e;r&#111;<\/a><\/p>\n<p style=\"font-weight: 400;\"><strong>Biroul Teritorial Gala\u021bi<\/strong><\/p>\n<p style=\"font-weight: 400;\">Bd. Marea Unire, nr. 109, municipiul Gala\u021bi, jud. Gala\u021bi<\/p>\n<p style=\"font-weight: 400;\">Tel.\/fax: 0236\/320.010,<\/p>\n<p style=\"font-weight: 400;\">E-mail:\u00a0<a href=\"&#x6d;a&#x69;&#108;&#x74;&#111;:&#x61;v&#x70;&#103;&#x61;&#108;a&#x74;&#105;&#x40;&#97;v&#x70;&#46;&#x72;&#111;\">&#97;&#118;&#x70;&#x67;&#97;&#108;&#x61;&#x74;&#105;&#64;&#x61;&#x76;&#112;&#46;&#x72;&#x6f;<\/a><\/p>\n<p style=\"font-weight: 400;\"><strong>Biroul Teritorial Ia\u015fi<\/strong><\/p>\n<p style=\"font-weight: 400;\">\u015eoseaua Na\u021bional\u0103, nr.43, parter, municipiul Ia\u015fi, jud. Ia\u015fi<\/p>\n<p style=\"font-weight: 400;\">Tel.\/fax: 0232\/219.111<\/p>\n<p style=\"font-weight: 400;\">E-mail:\u00a0<a href=\"&#x6d;&#x61;&#x69;&#x6c;&#x74;&#x6f;&#x3a;&#x61;&#118;&#112;&#105;&#97;&#115;&#105;&#64;avp&#46;&#x72;&#x6f;\">a&#118;&#112;&#x69;&#x61;&#x73;i&#64;&#97;&#118;&#x70;&#x2e;&#x72;o<\/a><\/p>\n<p style=\"font-weight: 400;\"><strong>Biroul Teritorial Suceava<\/strong><\/p>\n<p style=\"font-weight: 400;\">Str. Petru Rare\u015f nr.I5, municipiul Suceava, jud. Suceava<\/p>\n<p style=\"font-weight: 400;\">Tel.\/fax: 0230\/520.622<\/p>\n<p style=\"font-weight: 400;\">E-mail:\u00a0<a href=\"&#x6d;&#x61;&#x69;&#x6c;&#116;&#111;&#58;av&#x70;&#x73;&#x75;&#x63;&#x65;&#97;&#118;&#97;&#64;a&#x76;&#x70;&#x2e;&#x72;&#x6f;\">&#97;&#118;&#x70;s&#117;&#x63;&#x65;a&#118;&#x61;&#x40;a&#118;&#x70;&#46;&#114;&#x6f;<\/a><\/p>\n<p style=\"font-weight: 400;\"><strong>Biroul Teritorial T\u00e2rgu-Mure\u015f<\/strong><\/p>\n<p style=\"font-weight: 400;\">Aleea Carpa\u021bi nr.17, municipiul T\u00e2rgu-Mure\u015f, jud. Mure\u015f<\/p>\n<p style=\"font-weight: 400;\">Tel.\/fax: 0265\/211.082<\/p>\n<p style=\"font-weight: 400;\">E-mail:\u00a0<a href=\"&#109;&#x61;&#105;&#x6c;&#116;&#x6f;&#58;&#x61;&#118;&#x70;&#109;&#x75;&#114;&#x65;&#115;&#x40;&#97;&#x76;&#112;&#x2e;&#114;&#x6f;\">&#97;&#118;&#x70;&#x6d;&#117;&#114;&#x65;&#x73;&#64;&#97;&#x76;&#x70;&#46;&#114;&#x6f;<\/a><\/p>\n<p style=\"font-weight: 400;\"><strong>Biroul Teritorial Oradea<\/strong><\/p>\n<p style=\"font-weight: 400;\">Str. Roman Ciorogariu, nr.24, etaj 1 (interfon 12), municipiul Oradea, jud. Bihor<\/p>\n<p style=\"font-weight: 400;\">Tel.\/fax: 0259.440.535<\/p>\n<p style=\"font-weight: 400;\">Tel. provizoriu: 0735.691.960<\/p>\n<p style=\"font-weight: 400;\">E-mail:\u00a0<a href=\"m&#97;&#105;&#x6c;&#x74;&#x6f;&#x3a;a&#118;&#112;&#98;&#x69;&#x68;&#x6f;r&#64;&#97;&#118;&#x70;&#x2e;&#x72;o\">&#97;&#x76;&#112;&#x62;i&#x68;o&#114;&#x40;&#97;&#x76;p&#x2e;r&#111;<\/a><\/p>\n<p style=\"font-weight: 400;\"><strong>Biroul Teritorial Pite\u015fti<\/strong><\/p>\n<p style=\"font-weight: 400;\">Strada George Co\u0219buc, nr.40, municipiul Pite\u0219ti, judetul Arge\u0219<\/p>\n<p style=\"font-weight: 400;\">Tel.: 0248.211.101<\/p>\n<p style=\"font-weight: 400;\">E-mail:\u00a0<a href=\"&#x6d;&#x61;&#105;&#108;t&#x6f;&#x3a;&#x61;&#118;pa&#x72;&#x67;&#101;&#115;&#64;&#x61;&#x76;&#x70;&#46;ro\">&#x61;&#118;&#x70;&#x61;&#114;&#x67;&#101;s&#x40;&#97;v&#x70;&#46;r&#x6f;<\/a><\/p>\n<p style=\"font-weight: 400;\"><strong>Biroul Teritorial Ploie\u015fti<\/strong><\/p>\n<p style=\"font-weight: 400;\">Str. Bulevardul Republicii, nr.2-4, intrarea H, etaj 1, camera 155, municipiul Ploie\u015fti, jud. Prahova<\/p>\n<p style=\"font-weight: 400;\">Tel.\/fax: 0244.593.227<\/p>\n<p style=\"font-weight: 400;\">E-mail:\u00a0<a href=\"&#109;&#x61;i&#108;&#x74;o&#x3a;&#x61;&#118;&#x70;p&#114;&#x61;h&#111;&#x76;&#97;&#x40;a&#118;&#x70;&#46;&#114;&#x6f;\">a&#118;&#x70;&#x70;r&#97;&#104;&#x6f;&#x76;a&#64;&#x61;&#x76;p&#46;&#114;&#x6f;<\/a><\/p>\n<p style=\"font-weight: 400;\"><strong>Biroul Teritorial Timi\u015foara<\/strong><\/p>\n<p>Str. Eugeniu de Savoya nr.14, et.1, SAD 6, Timi\u0219oara, jud. Timi\u0219<\/p>\n<p style=\"font-weight: 400;\">Tel.\/fax: 0256.220.321<\/p>\n<p style=\"font-weight: 400;\">E-mail:\u00a0<a href=\"&#x6d;&#x61;&#x69;&#108;&#116;o:&#x61;&#x76;&#x70;&#x74;&#105;&#109;is&#x40;&#x61;&#x76;&#112;&#46;&#114;o\">&#x61;&#x76;&#x70;&#116;&#105;mi&#x73;&#x40;&#x61;&#x76;&#112;&#46;ro<\/a><\/p>\n<p><strong>Biroul Teritorial Slobozia<\/strong><\/p>\n<p>Strada Episcopiei Nr. 1 (sediul Prim\u0103riei Slobozia), municipiul Slobozia, jud. Ialomi\u021ba<\/p>\n<p>Camerele 19, 20, parter<\/p>\n<p>Tel.\/fax: 0243.233.200<\/p>\n<p>E-mail:\u00a0<a href=\"&#109;&#x61;&#105;&#x6c;&#116;&#x6f;&#58;&#x61;v&#x70;s&#x6c;o&#x62;o&#122;&#x69;&#97;&#x40;&#97;&#x76;&#112;&#x2e;&#114;&#x6f;\">&#97;v&#x70;s&#x6c;o&#x62;o&#x7a;i&#x61;&#64;&#x61;&#118;&#x70;&#46;&#x72;&#111;<\/a><\/p>\n","protected":false},"excerpt":{"rendered":"<p>&nbsp; ADRESE Biroul Teritorial Alba-Iulia Str. Mihai Viteazu, nr.2, municipiul Alba Iulia Tel.\/fax: 0258\/813.865, E-mail:\u00a0&#97;&#x76;p&#97;&#x6c;b&#97;&#x40;a&#118;&#x70;&#46;&#114;&#x6f; Biroul Teritorial Bac\u0103u Str. Nicolae B\u0103lcescu, nr.5, municipiul Bac\u0103u, jud. Bac\u0103u Tel.\/fax: 0234\/572.472 E-mail:\u00a0a&#118;&#112;&#x62;&#x61;&#x63;a&#117;&#64;&#x61;&#x76;&#x70;&#46;r&#111; Biroul&hellip; <\/p>\n","protected":false},"author":1,"featured_media":0,"parent":0,"menu_order":0,"comment_status":"closed","ping_status":"closed","template":"","meta":{"footnotes":""},"class_list":["post-1255","page","type-page","status-publish","hentry"],"yoast_head":"<!-- This site is optimized with the Yoast SEO plugin v27.3 - https:\/\/yoast.com\/product\/yoast-seo-wordpress\/ -->\n<title>Birouri teritoriale ale Institu\u021biei Avocatul Poporului - Institu\u021bia Avocatul Poporului<\/title>\n<meta name=\"robots\" content=\"index, follow, max-snippet:-1, max-image-preview:large, max-video-preview:-1\" \/>\n<link rel=\"canonical\" href=\"https:\/\/avp.ro\/index.php\/birouri-teritoriale-ale-institutiei-avocatul-poporului\/\" \/>\n<meta property=\"og:locale\" content=\"en_US\" \/>\n<meta property=\"og:type\" content=\"article\" \/>\n<meta property=\"og:title\" content=\"Birouri teritoriale ale Institu\u021biei Avocatul Poporului - Institu\u021bia Avocatul Poporului\" \/>\n<meta property=\"og:description\" content=\"&nbsp; ADRESE Biroul Teritorial Alba-Iulia Str. Mihai Viteazu, nr.2, municipiul Alba Iulia Tel.\/fax: 0258\/813.865, E-mail:\u00a0&#097;&#x76;&#112;&#x61;&#108;&#x62;&#097;&#x40;&#097;&#x76;&#112;&#x2e;&#114;&#x6f; Biroul Teritorial Bac\u0103u Str. Nicolae B\u0103lcescu, nr.5, municipiul Bac\u0103u, jud. Bac\u0103u Tel.\/fax: 0234\/572.472 E-mail:\u00a0&#x61;v&#x70;b&#x61;&#099;&#x61;&#117;&#064;&#x61;v&#x70;&#046;&#x72;&#111; Biroul&hellip;\" \/>\n<meta property=\"og:url\" content=\"https:\/\/avp.ro\/index.php\/birouri-teritoriale-ale-institutiei-avocatul-poporului\/\" \/>\n<meta property=\"og:site_name\" content=\"Institu\u021bia Avocatul Poporului\" \/>\n<meta property=\"article:modified_time\" content=\"2024-02-05T11:00:33+00:00\" \/>\n<meta name=\"twitter:card\" content=\"summary_large_image\" \/>\n<meta name=\"twitter:label1\" content=\"Est. reading time\" \/>\n\t<meta name=\"twitter:data1\" content=\"2 minutes\" \/>\n<script type=\"application\/ld+json\" class=\"yoast-schema-graph\">{\"@context\":\"https:\\\/\\\/schema.org\",\"@graph\":[{\"@type\":\"WebPage\",\"@id\":\"https:\\\/\\\/avp.ro\\\/index.php\\\/birouri-teritoriale-ale-institutiei-avocatul-poporului\\\/\",\"url\":\"https:\\\/\\\/avp.ro\\\/index.php\\\/birouri-teritoriale-ale-institutiei-avocatul-poporului\\\/\",\"name\":\"Birouri teritoriale ale Institu\u021biei Avocatul Poporului - Institu\u021bia Avocatul Poporului\",\"isPartOf\":{\"@id\":\"https:\\\/\\\/avp.ro\\\/#website\"},\"datePublished\":\"2020-09-30T04:44:50+00:00\",\"dateModified\":\"2024-02-05T11:00:33+00:00\",\"breadcrumb\":{\"@id\":\"https:\\\/\\\/avp.ro\\\/index.php\\\/birouri-teritoriale-ale-institutiei-avocatul-poporului\\\/#breadcrumb\"},\"inLanguage\":\"en-US\",\"potentialAction\":[{\"@type\":\"ReadAction\",\"target\":[\"https:\\\/\\\/avp.ro\\\/index.php\\\/birouri-teritoriale-ale-institutiei-avocatul-poporului\\\/\"]}]},{\"@type\":\"BreadcrumbList\",\"@id\":\"https:\\\/\\\/avp.ro\\\/index.php\\\/birouri-teritoriale-ale-institutiei-avocatul-poporului\\\/#breadcrumb\",\"itemListElement\":[{\"@type\":\"ListItem\",\"position\":1,\"name\":\"Home\",\"item\":\"https:\\\/\\\/avp.ro\\\/\"},{\"@type\":\"ListItem\",\"position\":2,\"name\":\"Birouri teritoriale ale Institu\u021biei Avocatul Poporului\"}]},{\"@type\":\"WebSite\",\"@id\":\"https:\\\/\\\/avp.ro\\\/#website\",\"url\":\"https:\\\/\\\/avp.ro\\\/\",\"name\":\"Institu\u021bia Avocatul Poporului\",\"description\":\"People\u2019s Advocate institution - Office of the Ombudsman\",\"publisher\":{\"@id\":\"https:\\\/\\\/avp.ro\\\/#organization\"},\"potentialAction\":[{\"@type\":\"SearchAction\",\"target\":{\"@type\":\"EntryPoint\",\"urlTemplate\":\"https:\\\/\\\/avp.ro\\\/?s={search_term_string}\"},\"query-input\":{\"@type\":\"PropertyValueSpecification\",\"valueRequired\":true,\"valueName\":\"search_term_string\"}}],\"inLanguage\":\"en-US\"},{\"@type\":\"Organization\",\"@id\":\"https:\\\/\\\/avp.ro\\\/#organization\",\"name\":\"Institutia Avocatul Poporului\",\"url\":\"https:\\\/\\\/avp.ro\\\/\",\"logo\":{\"@type\":\"ImageObject\",\"inLanguage\":\"en-US\",\"@id\":\"https:\\\/\\\/avp.ro\\\/#\\\/schema\\\/logo\\\/image\\\/\",\"url\":\"https:\\\/\\\/avp.ro\\\/wp-content\\\/uploads\\\/2020\\\/09\\\/cropped-AP.jpg\",\"contentUrl\":\"https:\\\/\\\/avp.ro\\\/wp-content\\\/uploads\\\/2020\\\/09\\\/cropped-AP.jpg\",\"width\":160,\"height\":146,\"caption\":\"Institutia Avocatul Poporului\"},\"image\":{\"@id\":\"https:\\\/\\\/avp.ro\\\/#\\\/schema\\\/logo\\\/image\\\/\"}}]}<\/script>\n<!-- \/ Yoast SEO plugin. -->","yoast_head_json":{"title":"Birouri teritoriale ale Institu\u021biei Avocatul Poporului - Institu\u021bia Avocatul Poporului","robots":{"index":"index","follow":"follow","max-snippet":"max-snippet:-1","max-image-preview":"max-image-preview:large","max-video-preview":"max-video-preview:-1"},"canonical":"https:\/\/avp.ro\/index.php\/birouri-teritoriale-ale-institutiei-avocatul-poporului\/","og_locale":"en_US","og_type":"article","og_title":"Birouri teritoriale ale Institu\u021biei Avocatul Poporului - Institu\u021bia Avocatul Poporului","og_description":"&nbsp; ADRESE Biroul Teritorial Alba-Iulia Str. Mihai Viteazu, nr.2, municipiul Alba Iulia Tel.\/fax: 0258\/813.865, E-mail:\u00a0&#97;&#x76;&#112;&#x61;&#108;&#x62;&#97;&#x40;&#97;&#x76;&#112;&#x2e;&#114;&#x6f; Biroul Teritorial Bac\u0103u Str. Nicolae B\u0103lcescu, nr.5, municipiul Bac\u0103u, jud. Bac\u0103u Tel.\/fax: 0234\/572.472 E-mail:\u00a0&#x61;v&#x70;b&#x61;&#99;&#x61;&#117;&#64;&#x61;v&#x70;&#46;&#x72;&#111; Biroul&hellip;","og_url":"https:\/\/avp.ro\/index.php\/birouri-teritoriale-ale-institutiei-avocatul-poporului\/","og_site_name":"Institu\u021bia Avocatul Poporului","article_modified_time":"2024-02-05T11:00:33+00:00","twitter_card":"summary_large_image","twitter_misc":{"Est. reading time":"2 minutes"},"schema":{"@context":"https:\/\/schema.org","@graph":[{"@type":"WebPage","@id":"https:\/\/avp.ro\/index.php\/birouri-teritoriale-ale-institutiei-avocatul-poporului\/","url":"https:\/\/avp.ro\/index.php\/birouri-teritoriale-ale-institutiei-avocatul-poporului\/","name":"Birouri teritoriale ale Institu\u021biei Avocatul Poporului - Institu\u021bia Avocatul Poporului","isPartOf":{"@id":"https:\/\/avp.ro\/#website"},"datePublished":"2020-09-30T04:44:50+00:00","dateModified":"2024-02-05T11:00:33+00:00","breadcrumb":{"@id":"https:\/\/avp.ro\/index.php\/birouri-teritoriale-ale-institutiei-avocatul-poporului\/#breadcrumb"},"inLanguage":"en-US","potentialAction":[{"@type":"ReadAction","target":["https:\/\/avp.ro\/index.php\/birouri-teritoriale-ale-institutiei-avocatul-poporului\/"]}]},{"@type":"BreadcrumbList","@id":"https:\/\/avp.ro\/index.php\/birouri-teritoriale-ale-institutiei-avocatul-poporului\/#breadcrumb","itemListElement":[{"@type":"ListItem","position":1,"name":"Home","item":"https:\/\/avp.ro\/"},{"@type":"ListItem","position":2,"name":"Birouri teritoriale ale Institu\u021biei Avocatul Poporului"}]},{"@type":"WebSite","@id":"https:\/\/avp.ro\/#website","url":"https:\/\/avp.ro\/","name":"Institu\u021bia Avocatul Poporului","description":"People\u2019s Advocate institution - Office of the Ombudsman","publisher":{"@id":"https:\/\/avp.ro\/#organization"},"potentialAction":[{"@type":"SearchAction","target":{"@type":"EntryPoint","urlTemplate":"https:\/\/avp.ro\/?s={search_term_string}"},"query-input":{"@type":"PropertyValueSpecification","valueRequired":true,"valueName":"search_term_string"}}],"inLanguage":"en-US"},{"@type":"Organization","@id":"https:\/\/avp.ro\/#organization","name":"Institutia Avocatul Poporului","url":"https:\/\/avp.ro\/","logo":{"@type":"ImageObject","inLanguage":"en-US","@id":"https:\/\/avp.ro\/#\/schema\/logo\/image\/","url":"https:\/\/avp.ro\/wp-content\/uploads\/2020\/09\/cropped-AP.jpg","contentUrl":"https:\/\/avp.ro\/wp-content\/uploads\/2020\/09\/cropped-AP.jpg","width":160,"height":146,"caption":"Institutia Avocatul Poporului"},"image":{"@id":"https:\/\/avp.ro\/#\/schema\/logo\/image\/"}}]}},"_links":{"self":[{"href":"https:\/\/avp.ro\/index.php\/wp-json\/wp\/v2\/pages\/1255","targetHints":{"allow":["GET"]}}],"collection":[{"href":"https:\/\/avp.ro\/index.php\/wp-json\/wp\/v2\/pages"}],"about":[{"href":"https:\/\/avp.ro\/index.php\/wp-json\/wp\/v2\/types\/page"}],"author":[{"embeddable":true,"href":"https:\/\/avp.ro\/index.php\/wp-json\/wp\/v2\/users\/1"}],"replies":[{"embeddable":true,"href":"https:\/\/avp.ro\/index.php\/wp-json\/wp\/v2\/comments?post=1255"}],"version-history":[{"count":13,"href":"https:\/\/avp.ro\/index.php\/wp-json\/wp\/v2\/pages\/1255\/revisions"}],"predecessor-version":[{"id":10624,"href":"https:\/\/avp.ro\/index.php\/wp-json\/wp\/v2\/pages\/1255\/revisions\/10624"}],"wp:attachment":[{"href":"https:\/\/avp.ro\/index.php\/wp-json\/wp\/v2\/media?parent=1255"}],"curies":[{"name":"wp","href":"https:\/\/api.w.org\/{rel}","templated":true}]}}