{"id":128,"date":"2020-07-17T06:36:14","date_gmt":"2020-07-17T06:36:14","guid":{"rendered":"https:\/\/avp.ro\/?page_id=128"},"modified":"2025-04-02T14:07:39","modified_gmt":"2025-04-02T12:07:39","slug":"afilieri-la-organisme-internationale","status":"publish","type":"page","link":"https:\/\/avp.ro\/index.php\/prezentare\/relatii-internationale\/afilieri-la-organisme-internationale\/","title":{"rendered":"Afilieri la organisme interna\u021bionale"},"content":{"rendered":"<p>&nbsp;<\/p>\n<p style=\"text-align: justify;\"><strong>Institu\u0163ia Avocatul Poporului este membr\u0103 a:<\/strong><\/p>\n<p style=\"text-align: justify;\"><strong><em><u><a href=\"https:\/\/www.aomf-ombudsmans-francophonie.org\/\">Asocia\u0163iei Ombudsmanilor \u015fi Mediatorilor Francofoni (A.O.M.F.).<\/a><\/u><\/em><\/strong><\/p>\n<p style=\"text-align: justify;\">A.O.M.F. este o asocia\u0163ie interna\u0163ional\u0103 cu scop nelucrativ, a c\u0103rei misiune principal\u0103 este de a promova cunoa\u015fterea rolului ombudsmanului \u00een \u0163\u0103rile francofone \u015fi de a \u00eencuraja dezvoltarea instiu\u0163iilor independente de mediere \u00een spa\u0163iulfrancofon.<\/p>\n<p>Marc BERTRAND, M\u00e9diateur de la Wallonie et de la F\u00e9d\u00e9ration Wallonie-Bruxelles (Belgique), Pr\u00e9sident de l\u2019AOMF<\/p>\n<p style=\"text-align: justify;\">Institu\u0163ia Avocatul Poporului este membru cu drept de vot.<\/p>\n<p style=\"text-align: justify;\"><strong><em><u><a href=\"http:\/\/www.eoi.at\/\">Institutului European al Ombudsmanului\u00a0(E.O.I.)<\/a><\/u><\/em><\/strong><\/p>\n<p style=\"text-align: justify;\">E.O.I. este o asocia\u0163ie cu sediul la Innsbruck, Austria, cu caracter \u015ftiin\u0163ific, independent, nonprofit, av\u00e2nd ca obiective: efectuarea unor cercet\u0103ri cu privire la drepturile omului, protec\u0163ia drepturilor civile \u015fi institu\u0163iile Ombudsman; promovarea schimburilor de experien\u0163\u0103 la nivel na\u0163ional, european \u015fi interna\u0163ional etc.<\/p>\n<p>Univ. Prof. Dr. Dragan MILKOV, Universitatea EDUCONS Novi Sad,\u00a0Pre\u0219edinte \u2013 Institutul pentru Studiul Ombudsmanului \u2013 Serbia<\/p>\n<p style=\"text-align: justify;\">Institu\u0163ia Avocatul Poporului din Romania este membru institu\u0163ional cu drept de vot din 1998.<\/p>\n<p style=\"text-align: justify;\"><img loading=\"lazy\" decoding=\"async\" class=\"wp-image-4297 alignleft\" src=\"https:\/\/avp.ro\/wp-content\/uploads\/2021\/09\/ioi.jpg\" alt=\"\" width=\"51\" height=\"51\" srcset=\"https:\/\/avp.ro\/wp-content\/uploads\/2021\/09\/ioi.jpg 1134w, https:\/\/avp.ro\/wp-content\/uploads\/2021\/09\/ioi-300x300.jpg 300w, https:\/\/avp.ro\/wp-content\/uploads\/2021\/09\/ioi-1024x1024.jpg 1024w, https:\/\/avp.ro\/wp-content\/uploads\/2021\/09\/ioi-150x150.jpg 150w, https:\/\/avp.ro\/wp-content\/uploads\/2021\/09\/ioi-768x768.jpg 768w\" sizes=\"auto, (max-width: 51px) 100vw, 51px\" \/><\/p>\n<p>&nbsp;<\/p>\n<p style=\"text-align: justify;\"><strong><em><u><a href=\"http:\/\/www.theioi.org\/\">Institutului Interna\u0163ional al Ombudsmanului (I.O.I)<\/a><\/u><\/em><\/strong><\/p>\n<p style=\"text-align: justify;\">Institutul International al Ombudsmanului a fost \u00eenfiin\u0163at \u00een anul 1978, fiind singura organiza\u0163ie mondial\u0103 pentru cooperarea a peste 150 de institu\u0163ii Ombudsman. I.O.I organizeaz\u0103 conferin\u0163e periodice \u015fi favorizeaz\u0103 schimburile de experien\u0163\u0103 la nivel regional \u015fi interna\u0163ional. I.O.I. are organiza\u0163ii regionale \u00een Africa, Asia, Astralasia &amp; Pacific, Europa, America Latin\u0103 &amp; Caraibe, America de Nord.<\/p>\n<p style=\"text-align: justify;\">Pre\u015fedinte I.O.I. este dna. Nashieli RAM\u00cdREZ HERN\u00c1NDEZ (Mexico).<\/p>\n<p style=\"text-align: justify;\">Institu\u0163ia\u00a0Avocatul Poporului este membru institu\u0163ional cu drept de vot din 1998.<\/p>\n<p style=\"text-align: justify;\"><strong><em><u><a href=\"https:\/\/www.ombudsman.europa.eu\/ro\/european-network-of-ombudsmen\/about\/ro\">Re\u021belei Ombudsmanilor Europeni\u00a0<\/a><\/u><\/em><\/strong><\/p>\n<p style=\"text-align: justify;\">Re\u0163eaua european\u0103 a ombudsmanilor este compus\u0103 din peste 90 de institu\u0163ii \u00een 32 de state europene. Re\u0163eaua cuprinde ombudsmanii na\u0163ionali \u015fi regionali, precum \u015fi organisme similare din Statelor Membre ale Uniunii Europene, din \u0163\u0103rile candidate la UE \u015fi alte \u0163\u0103ri europene, precum \u015fi Ombudsmanul european \u015fi Comisia de Peti\u0163ii a Parlamentului european. Ombudsmanii na\u0163ionali \u015fi organismele similare din Re\u0163ea au desemnat fiecare un ofi\u0163er de leg\u0103tur\u0103 ca persoan\u0103 de contact cu ceilal\u0163i membri ai Re\u0163elei.<\/p>\n<p style=\"text-align: justify;\">Re\u0163eaua a fost creat\u0103 \u00een 1996 \u015fi s-a dezvoltat constant devenind un puternic instrument de colaborare pentru ombudsmani \u015fi personalul lor, servind ca mecanism eficient de cooperare \u00een solu\u0163ionarea cazurilor. Este de importan\u0163\u0103 deosebit\u0103 pentru Ombudsmanul European pentru c\u0103 \u00eei permite s\u0103 trateze prompt \u015fi eficient pl\u00e2ngerile care nu intr\u0103 sub inciden\u0163a mandatului s\u0103u. Experien\u0163a \u015fi cele mai bune practici sunt \u00eemp\u0103rt\u0103\u015fite prin intermediul seminariilor \u015fi \u00eent\u00e2lnirilor, un buletin informativ periodic, un forum electronic de discu\u0163ii \u015fi un serviciu electronic de pres\u0103 zilnic. Vizitele Ombudsmanului European organizate de ombudsmanii din statele membre \u015fi din statele aderente s-au dovedit a fi, de asemenea, extrem de eficiente \u00een dezvoltarea re\u0163elei.<\/p>\n<p style=\"text-align: justify;\"><strong><em><u>Re\u021belei Ombudsmanilor pentru Copii din Europa de Sud-Est \u2013 CRONSEE<\/u><\/em><\/strong><\/p>\n<p style=\"text-align: justify;\">Re\u0163eaua Ombudsmanilor pentru Copii din Europa de Sud-Est este o re\u0163ea informal\u0103 a institu\u0163iilor pentru drepturile copiilor independente, care au fost \u00eenfiin\u0163ate \u015fi func\u0163ioneaz\u0103 la nivel na\u0163ional, regional sau local, \u00een statele din sud-estul Europei. Scopul CRONSEE este acela de a contribui la protec\u0163ia \u015fi promovarea drepturilor copiilor la nivel na\u0163ional \u015fi interna\u0163ional, prin facilitarea schimbului de experien\u0163\u0103 \u015fi r\u0103sp\u00e2ndirea informa\u0163iilor, prin colaborare \u015fi prin adoptarea \u015fi publicarea unor declara\u0163ii comune referitoare la drepturile copiilor.<\/p>\n<p style=\"text-align: justify;\">CRONSEE func\u0163ioneaz\u0103 prin conferin\u0163e anuale (adun\u0103ri generale), \u00eentruniri, \u00eent\u00e2lniri tematice, grupuri de lucru \u015fi alte forme de comunicare hot\u0103r\u00e2te de membrii s\u0103i.<\/p>\n<p style=\"text-align: justify;\">Institu\u0163ia Avocatul Poporului este membr\u0103 din anul 2009.<\/p>\n<p style=\"text-align: justify;\"><strong><em><u><a href=\"https:\/\/volksanwaltschaft.gv.at\/en\/preventive-human-rights-monitoring\/see-npm-network-chair-2016\">Re\u021beaua Mecanismelor Na\u021bionale de Prevenire din Sud-Estul Europei &#8211; SEENPM <\/a><\/u><\/em><\/strong><\/p>\n<p style=\"text-align: justify;\">Re\u021beaua a fost \u00eenfiin\u021bat\u0103 \u00een anul 2013, prin semnarea unei Declara\u021bii, de c\u0103tre Mecanismele Na\u021bionale de Prevenire din Albania, Bulgaria, Croa\u021bia, Macedonia, Muntenegru, Serbia \u0219i Slovenia.<\/p>\n<p style=\"text-align: justify;\">Domeniul privind prevenirea torturii \u00een locurile de deten\u021bie din cadrul institu\u021biei Avocatul Poporului este membru al re\u021belei din anul 2016.<\/p>\n<p style=\"text-align: justify;\">Scopul re\u021belei este schimbul de experien\u021b\u0103 \u0219i sprijinul reciproc privind punerea \u00een aplicare a mandatului MNP specificat \u00een Protocolul op\u021bional la Conven\u021bia \u00eempotriva torturii \u0219i a altor tratamente sau pedepse crude, inumane sau degradante (OPCAT) \u00een regiune.<\/p>\n<p style=\"text-align: justify;\"><strong><em><u><a href=\"https:\/\/www.dcaf.ch\/\">Centrul din Geneva pentru Controlul Democratic al For\u0163elor Armate \u2013 DCAF<\/a><\/u><\/em><\/strong><\/p>\n<p style=\"text-align: justify;\">Director &#8211;\u00a0Dna. Nathalie Chuard<\/p>\n<p style=\"text-align: justify;\">Rom\u00e2nia este membr\u0103 din anul 2000<\/p>\n<p style=\"text-align: justify;\">&#8211; DCAF este o funda\u0163ie interna\u0163ional\u0103 \u00eenfiin\u0163at\u0103 \u00een anul 2000 la ini\u0163iativa Confedera\u0163iei Elve\u0163iene, ca \u201eCentrul din Geneva pentru Controlul Democratic al For\u0163elor Armate\u201d.<\/p>\n<p style=\"text-align: justify;\">&#8211; Activit\u0103\u0163ile DCAF sprijin\u0103 efectiv \u015fi eficient sectoarele care sunt r\u0103spunz\u0103toare \u00een fa\u0163a statului \u015fi a cet\u0103\u0163enilor.<\/p>\n<p style=\"text-align: justify;\">&#8211; Activitatea DCAF se bazeaz\u0103 pe recunoa\u015fterea faptului c\u0103 securitatea, dezvoltarea \u015fi respectarea statului de drept sunt condi\u0163ii prealabile pentru o pace durabil\u0103.<\/p>\n<p style=\"text-align: justify;\">Principii care ghideaz\u0103 DCAF:<\/p>\n<p style=\"text-align: justify;\">&#8211;\u00a0 neutralitate;<\/p>\n<p style=\"text-align: justify;\">&#8211;\u00a0 impar\u0163ialitate;<\/p>\n<p style=\"text-align: justify;\">&#8211;\u00a0 egalitatea de gen,<\/p>\n<p style=\"text-align: justify;\">&#8211;\u00a0 proprietatea local\u0103.<\/p>\n<p style=\"text-align: justify;\">&#8211; Centrul are peste 100 de cadre din mai mult de 30 de \u0163\u0103ri. DCAF cuprinde \u00een prezent 60 de state membre din \u00eentreaga lume.<\/p>\n","protected":false},"excerpt":{"rendered":"<p>&nbsp; Institu\u0163ia Avocatul Poporului este membr\u0103 a: Asocia\u0163iei Ombudsmanilor \u015fi Mediatorilor Francofoni (A.O.M.F.). A.O.M.F. este o asocia\u0163ie interna\u0163ional\u0103 cu scop nelucrativ, a c\u0103rei misiune principal\u0103 este de a promova cunoa\u015fterea&hellip; <\/p>\n","protected":false},"author":1,"featured_media":0,"parent":58,"menu_order":2,"comment_status":"closed","ping_status":"closed","template":"","meta":{"footnotes":""},"class_list":["post-128","page","type-page","status-publish","hentry"],"yoast_head":"<!-- This site is optimized with the Yoast SEO plugin v27.4 - https:\/\/yoast.com\/product\/yoast-seo-wordpress\/ -->\n<title>Afilieri la organisme interna\u021bionale - Institu\u021bia Avocatul Poporului<\/title>\n<meta name=\"robots\" content=\"index, follow, max-snippet:-1, max-image-preview:large, max-video-preview:-1\" \/>\n<link rel=\"canonical\" href=\"https:\/\/avp.ro\/index.php\/prezentare\/relatii-internationale\/afilieri-la-organisme-internationale\/\" \/>\n<meta property=\"og:locale\" content=\"en_US\" \/>\n<meta property=\"og:type\" content=\"article\" \/>\n<meta property=\"og:title\" content=\"Afilieri la organisme interna\u021bionale - Institu\u021bia Avocatul Poporului\" \/>\n<meta property=\"og:description\" content=\"&nbsp; Institu\u0163ia Avocatul Poporului este membr\u0103 a: Asocia\u0163iei Ombudsmanilor \u015fi Mediatorilor Francofoni (A.O.M.F.). A.O.M.F. este o asocia\u0163ie interna\u0163ional\u0103 cu scop nelucrativ, a c\u0103rei misiune principal\u0103 este de a promova cunoa\u015fterea&hellip;\" \/>\n<meta property=\"og:url\" content=\"https:\/\/avp.ro\/index.php\/prezentare\/relatii-internationale\/afilieri-la-organisme-internationale\/\" \/>\n<meta property=\"og:site_name\" content=\"Institu\u021bia Avocatul Poporului\" \/>\n<meta property=\"article:modified_time\" content=\"2025-04-02T12:07:39+00:00\" \/>\n<meta property=\"og:image\" content=\"https:\/\/avp.ro\/wp-content\/uploads\/2021\/09\/ioi.jpg\" \/>\n\t<meta property=\"og:image:width\" content=\"1134\" \/>\n\t<meta property=\"og:image:height\" content=\"1134\" \/>\n\t<meta property=\"og:image:type\" content=\"image\/jpeg\" \/>\n<meta name=\"twitter:card\" content=\"summary_large_image\" \/>\n<meta name=\"twitter:label1\" content=\"Est. reading time\" \/>\n\t<meta name=\"twitter:data1\" content=\"4 minutes\" \/>\n<script type=\"application\/ld+json\" class=\"yoast-schema-graph\">{\"@context\":\"https:\\\/\\\/schema.org\",\"@graph\":[{\"@type\":\"WebPage\",\"@id\":\"https:\\\/\\\/avp.ro\\\/index.php\\\/prezentare\\\/relatii-internationale\\\/afilieri-la-organisme-internationale\\\/\",\"url\":\"https:\\\/\\\/avp.ro\\\/index.php\\\/prezentare\\\/relatii-internationale\\\/afilieri-la-organisme-internationale\\\/\",\"name\":\"Afilieri la organisme interna\u021bionale - Institu\u021bia Avocatul Poporului\",\"isPartOf\":{\"@id\":\"https:\\\/\\\/avp.ro\\\/#website\"},\"primaryImageOfPage\":{\"@id\":\"https:\\\/\\\/avp.ro\\\/index.php\\\/prezentare\\\/relatii-internationale\\\/afilieri-la-organisme-internationale\\\/#primaryimage\"},\"image\":{\"@id\":\"https:\\\/\\\/avp.ro\\\/index.php\\\/prezentare\\\/relatii-internationale\\\/afilieri-la-organisme-internationale\\\/#primaryimage\"},\"thumbnailUrl\":\"https:\\\/\\\/avp.ro\\\/wp-content\\\/uploads\\\/2021\\\/09\\\/ioi.jpg\",\"datePublished\":\"2020-07-17T06:36:14+00:00\",\"dateModified\":\"2025-04-02T12:07:39+00:00\",\"breadcrumb\":{\"@id\":\"https:\\\/\\\/avp.ro\\\/index.php\\\/prezentare\\\/relatii-internationale\\\/afilieri-la-organisme-internationale\\\/#breadcrumb\"},\"inLanguage\":\"en-US\",\"potentialAction\":[{\"@type\":\"ReadAction\",\"target\":[\"https:\\\/\\\/avp.ro\\\/index.php\\\/prezentare\\\/relatii-internationale\\\/afilieri-la-organisme-internationale\\\/\"]}]},{\"@type\":\"ImageObject\",\"inLanguage\":\"en-US\",\"@id\":\"https:\\\/\\\/avp.ro\\\/index.php\\\/prezentare\\\/relatii-internationale\\\/afilieri-la-organisme-internationale\\\/#primaryimage\",\"url\":\"https:\\\/\\\/avp.ro\\\/wp-content\\\/uploads\\\/2021\\\/09\\\/ioi.jpg\",\"contentUrl\":\"https:\\\/\\\/avp.ro\\\/wp-content\\\/uploads\\\/2021\\\/09\\\/ioi.jpg\",\"width\":1134,\"height\":1134},{\"@type\":\"BreadcrumbList\",\"@id\":\"https:\\\/\\\/avp.ro\\\/index.php\\\/prezentare\\\/relatii-internationale\\\/afilieri-la-organisme-internationale\\\/#breadcrumb\",\"itemListElement\":[{\"@type\":\"ListItem\",\"position\":1,\"name\":\"Home\",\"item\":\"https:\\\/\\\/avp.ro\\\/\"},{\"@type\":\"ListItem\",\"position\":2,\"name\":\"Prezentare\",\"item\":\"https:\\\/\\\/avp.ro\\\/index.php\\\/prezentare\\\/\"},{\"@type\":\"ListItem\",\"position\":3,\"name\":\"Rela\u021bii interna\u021bionale\",\"item\":\"https:\\\/\\\/avp.ro\\\/index.php\\\/prezentare\\\/relatii-internationale\\\/\"},{\"@type\":\"ListItem\",\"position\":4,\"name\":\"Afilieri la organisme interna\u021bionale\"}]},{\"@type\":\"WebSite\",\"@id\":\"https:\\\/\\\/avp.ro\\\/#website\",\"url\":\"https:\\\/\\\/avp.ro\\\/\",\"name\":\"Institu\u021bia Avocatul Poporului\",\"description\":\"People\u2019s Advocate institution - Office of the Ombudsman\",\"publisher\":{\"@id\":\"https:\\\/\\\/avp.ro\\\/#organization\"},\"potentialAction\":[{\"@type\":\"SearchAction\",\"target\":{\"@type\":\"EntryPoint\",\"urlTemplate\":\"https:\\\/\\\/avp.ro\\\/?s={search_term_string}\"},\"query-input\":{\"@type\":\"PropertyValueSpecification\",\"valueRequired\":true,\"valueName\":\"search_term_string\"}}],\"inLanguage\":\"en-US\"},{\"@type\":\"Organization\",\"@id\":\"https:\\\/\\\/avp.ro\\\/#organization\",\"name\":\"Institutia Avocatul Poporului\",\"url\":\"https:\\\/\\\/avp.ro\\\/\",\"logo\":{\"@type\":\"ImageObject\",\"inLanguage\":\"en-US\",\"@id\":\"https:\\\/\\\/avp.ro\\\/#\\\/schema\\\/logo\\\/image\\\/\",\"url\":\"https:\\\/\\\/avp.ro\\\/wp-content\\\/uploads\\\/2020\\\/09\\\/cropped-AP.jpg\",\"contentUrl\":\"https:\\\/\\\/avp.ro\\\/wp-content\\\/uploads\\\/2020\\\/09\\\/cropped-AP.jpg\",\"width\":160,\"height\":146,\"caption\":\"Institutia Avocatul Poporului\"},\"image\":{\"@id\":\"https:\\\/\\\/avp.ro\\\/#\\\/schema\\\/logo\\\/image\\\/\"}}]}<\/script>\n<!-- \/ Yoast SEO plugin. -->","yoast_head_json":{"title":"Afilieri la organisme interna\u021bionale - Institu\u021bia Avocatul Poporului","robots":{"index":"index","follow":"follow","max-snippet":"max-snippet:-1","max-image-preview":"max-image-preview:large","max-video-preview":"max-video-preview:-1"},"canonical":"https:\/\/avp.ro\/index.php\/prezentare\/relatii-internationale\/afilieri-la-organisme-internationale\/","og_locale":"en_US","og_type":"article","og_title":"Afilieri la organisme interna\u021bionale - Institu\u021bia Avocatul Poporului","og_description":"&nbsp; Institu\u0163ia Avocatul Poporului este membr\u0103 a: Asocia\u0163iei Ombudsmanilor \u015fi Mediatorilor Francofoni (A.O.M.F.). A.O.M.F. este o asocia\u0163ie interna\u0163ional\u0103 cu scop nelucrativ, a c\u0103rei misiune principal\u0103 este de a promova cunoa\u015fterea&hellip;","og_url":"https:\/\/avp.ro\/index.php\/prezentare\/relatii-internationale\/afilieri-la-organisme-internationale\/","og_site_name":"Institu\u021bia Avocatul Poporului","article_modified_time":"2025-04-02T12:07:39+00:00","og_image":[{"width":1134,"height":1134,"url":"https:\/\/avp.ro\/wp-content\/uploads\/2021\/09\/ioi.jpg","type":"image\/jpeg"}],"twitter_card":"summary_large_image","twitter_misc":{"Est. reading time":"4 minutes"},"schema":{"@context":"https:\/\/schema.org","@graph":[{"@type":"WebPage","@id":"https:\/\/avp.ro\/index.php\/prezentare\/relatii-internationale\/afilieri-la-organisme-internationale\/","url":"https:\/\/avp.ro\/index.php\/prezentare\/relatii-internationale\/afilieri-la-organisme-internationale\/","name":"Afilieri la organisme interna\u021bionale - Institu\u021bia Avocatul Poporului","isPartOf":{"@id":"https:\/\/avp.ro\/#website"},"primaryImageOfPage":{"@id":"https:\/\/avp.ro\/index.php\/prezentare\/relatii-internationale\/afilieri-la-organisme-internationale\/#primaryimage"},"image":{"@id":"https:\/\/avp.ro\/index.php\/prezentare\/relatii-internationale\/afilieri-la-organisme-internationale\/#primaryimage"},"thumbnailUrl":"https:\/\/avp.ro\/wp-content\/uploads\/2021\/09\/ioi.jpg","datePublished":"2020-07-17T06:36:14+00:00","dateModified":"2025-04-02T12:07:39+00:00","breadcrumb":{"@id":"https:\/\/avp.ro\/index.php\/prezentare\/relatii-internationale\/afilieri-la-organisme-internationale\/#breadcrumb"},"inLanguage":"en-US","potentialAction":[{"@type":"ReadAction","target":["https:\/\/avp.ro\/index.php\/prezentare\/relatii-internationale\/afilieri-la-organisme-internationale\/"]}]},{"@type":"ImageObject","inLanguage":"en-US","@id":"https:\/\/avp.ro\/index.php\/prezentare\/relatii-internationale\/afilieri-la-organisme-internationale\/#primaryimage","url":"https:\/\/avp.ro\/wp-content\/uploads\/2021\/09\/ioi.jpg","contentUrl":"https:\/\/avp.ro\/wp-content\/uploads\/2021\/09\/ioi.jpg","width":1134,"height":1134},{"@type":"BreadcrumbList","@id":"https:\/\/avp.ro\/index.php\/prezentare\/relatii-internationale\/afilieri-la-organisme-internationale\/#breadcrumb","itemListElement":[{"@type":"ListItem","position":1,"name":"Home","item":"https:\/\/avp.ro\/"},{"@type":"ListItem","position":2,"name":"Prezentare","item":"https:\/\/avp.ro\/index.php\/prezentare\/"},{"@type":"ListItem","position":3,"name":"Rela\u021bii interna\u021bionale","item":"https:\/\/avp.ro\/index.php\/prezentare\/relatii-internationale\/"},{"@type":"ListItem","position":4,"name":"Afilieri la organisme interna\u021bionale"}]},{"@type":"WebSite","@id":"https:\/\/avp.ro\/#website","url":"https:\/\/avp.ro\/","name":"Institu\u021bia Avocatul Poporului","description":"People\u2019s Advocate institution - Office of the Ombudsman","publisher":{"@id":"https:\/\/avp.ro\/#organization"},"potentialAction":[{"@type":"SearchAction","target":{"@type":"EntryPoint","urlTemplate":"https:\/\/avp.ro\/?s={search_term_string}"},"query-input":{"@type":"PropertyValueSpecification","valueRequired":true,"valueName":"search_term_string"}}],"inLanguage":"en-US"},{"@type":"Organization","@id":"https:\/\/avp.ro\/#organization","name":"Institutia Avocatul Poporului","url":"https:\/\/avp.ro\/","logo":{"@type":"ImageObject","inLanguage":"en-US","@id":"https:\/\/avp.ro\/#\/schema\/logo\/image\/","url":"https:\/\/avp.ro\/wp-content\/uploads\/2020\/09\/cropped-AP.jpg","contentUrl":"https:\/\/avp.ro\/wp-content\/uploads\/2020\/09\/cropped-AP.jpg","width":160,"height":146,"caption":"Institutia Avocatul Poporului"},"image":{"@id":"https:\/\/avp.ro\/#\/schema\/logo\/image\/"}}]}},"_links":{"self":[{"href":"https:\/\/avp.ro\/index.php\/wp-json\/wp\/v2\/pages\/128","targetHints":{"allow":["GET"]}}],"collection":[{"href":"https:\/\/avp.ro\/index.php\/wp-json\/wp\/v2\/pages"}],"about":[{"href":"https:\/\/avp.ro\/index.php\/wp-json\/wp\/v2\/types\/page"}],"author":[{"embeddable":true,"href":"https:\/\/avp.ro\/index.php\/wp-json\/wp\/v2\/users\/1"}],"replies":[{"embeddable":true,"href":"https:\/\/avp.ro\/index.php\/wp-json\/wp\/v2\/comments?post=128"}],"version-history":[{"count":11,"href":"https:\/\/avp.ro\/index.php\/wp-json\/wp\/v2\/pages\/128\/revisions"}],"predecessor-version":[{"id":13466,"href":"https:\/\/avp.ro\/index.php\/wp-json\/wp\/v2\/pages\/128\/revisions\/13466"}],"up":[{"embeddable":true,"href":"https:\/\/avp.ro\/index.php\/wp-json\/wp\/v2\/pages\/58"}],"wp:attachment":[{"href":"https:\/\/avp.ro\/index.php\/wp-json\/wp\/v2\/media?parent=128"}],"curies":[{"name":"wp","href":"https:\/\/api.w.org\/{rel}","templated":true}]}}