{"id":130,"date":"2020-07-17T06:37:08","date_gmt":"2020-07-17T06:37:08","guid":{"rendered":"https:\/\/avp.ro\/?page_id=130"},"modified":"2024-04-29T11:47:45","modified_gmt":"2024-04-29T09:47:45","slug":"cadru-legislativ","status":"publish","type":"page","link":"https:\/\/avp.ro\/index.php\/resurse\/cadru-legislativ\/","title":{"rendered":"Cadru legislativ"},"content":{"rendered":"<p>&nbsp;<\/p>\n<p style=\"font-weight: 400;\"><a href=\"https:\/\/avp.ro\/wp-content\/uploads\/2020\/07\/constitutia.pdf\" target=\"_blank\" rel=\"noopener noreferrer\">Constitu\u0163ia Rom\u00e2niei &#8211; Fragment<\/a><\/p>\n<p style=\"font-weight: 400;\"><a href=\"https:\/\/avp.ro\/wp-content\/uploads\/2020\/07\/lege35-1.pdf\" target=\"_blank\" rel=\"noopener noreferrer\">Legea nr. 35\/1997\u00a0privind organizarea \u015fi func\u0163ionarea institu\u0163iei Avocatul Poporului, republicat\u0103 &#8211; form\u0103 consolidat\u0103 realizat\u0103 de Regia Autonom\u0103 Monitorul Oficial<\/a><\/p>\n<p style=\"font-weight: 400;\"><a href=\"https:\/\/avp.ro\/wp-content\/uploads\/2020\/07\/ou48_2014-3.pdf\" target=\"_blank\" rel=\"noopener noreferrer\">Ordonan\u021ba de urgen\u021b\u0103 a Guvernului nr. 48\/2014\u00a0pentru modificarea \u0219i completarea Legii nr. 35\/1997\u00a0privind organizarea \u015fi func\u0163ionarea institu\u0163iei Avocatul Poporului, precum \u0219i modificarea \u0219i completarea unor acte normative<\/a><\/p>\n<p style=\"font-weight: 400;\"><a href=\"https:\/\/avp.ro\/wp-content\/uploads\/2021\/05\/regulament.pdf\">Regulament\u00a0din\u00a018 octombrie 2019\u00a0de organizare \u015fi func\u0163ionare a institu\u0163iei Avocatul Poporului<\/a><\/p>\n<p style=\"font-weight: 400;\"><a href=\"https:\/\/avp.ro\/wp-content\/uploads\/2020\/07\/lege181_mnp-1.pdf\" target=\"_blank\" rel=\"noopener noreferrer\">Legea nr.181\/2014\u00a0pentru aprobarea Ordonan\u021bei de urgen\u021b\u0103 a Guvernului nr. 48\/2014<\/a><\/p>\n<p style=\"font-weight: 400;\"><a href=\"https:\/\/avp.ro\/wp-content\/uploads\/2020\/07\/lege9.pdf\" target=\"_blank\" rel=\"noopener noreferrer\">Legea nr.9\/2018\u00a0pentru modificarea \u0219i completarea Legii nr.35\/1997 privind organizarea \u0219i func\u021bionarea institu\u021biei Avocatul Poporului<\/a><\/p>\n<p style=\"font-weight: 400;\"><a href=\"https:\/\/avp.ro\/wp-content\/uploads\/2020\/07\/coduldeproceduracivila.pdf\" target=\"_blank\" rel=\"noopener noreferrer\">Codul de procedur\u0103 civil\u0103<\/a><\/p>\n<p style=\"font-weight: 400;\">\n<p>&nbsp;<\/p>\n<p>&nbsp;<\/p>\n<p style=\"font-weight: 400;\"><a href=\"https:\/\/avp.ro\/index.php\/tratate-onu\/\"><strong>TRATATE ONU<\/strong><\/a><\/p>\n<p style=\"font-weight: 400;\"><a href=\"https:\/\/avp.ro\/index.php\/consiliu-europei\/\"><strong>CONSILIUL EUROPEI<\/strong><\/a><\/p>\n<p style=\"font-weight: 400;\"><a href=\"https:\/\/avp.ro\/index.php\/conferinta-de-la-haga\/\"><strong>CONVEN\u021aIA DE LA HAGA<\/strong><\/a><\/p>\n<p style=\"font-weight: 400;\"><a href=\"https:\/\/avp.ro\/wp-content\/uploads\/2020\/07\/carta.pdf\" target=\"_blank\" rel=\"noopener noreferrer\">UE &#8211; CARTA<\/a><\/p>\n","protected":false},"excerpt":{"rendered":"<p>&nbsp; Constitu\u0163ia Rom\u00e2niei &#8211; Fragment Legea nr. 35\/1997\u00a0privind organizarea \u015fi func\u0163ionarea institu\u0163iei Avocatul Poporului, republicat\u0103 &#8211; form\u0103 consolidat\u0103 realizat\u0103 de Regia Autonom\u0103 Monitorul Oficial Ordonan\u021ba de urgen\u021b\u0103 a Guvernului nr.&hellip; <\/p>\n","protected":false},"author":1,"featured_media":0,"parent":60,"menu_order":0,"comment_status":"closed","ping_status":"closed","template":"","meta":{"footnotes":""},"class_list":["post-130","page","type-page","status-publish","hentry"],"yoast_head":"<!-- This site is optimized with the Yoast SEO plugin v27.4 - https:\/\/yoast.com\/product\/yoast-seo-wordpress\/ -->\n<title>Cadru legislativ - Institu\u021bia Avocatul Poporului<\/title>\n<meta name=\"robots\" content=\"index, follow, max-snippet:-1, max-image-preview:large, max-video-preview:-1\" \/>\n<link rel=\"canonical\" href=\"https:\/\/avp.ro\/index.php\/resurse\/cadru-legislativ\/\" \/>\n<meta property=\"og:locale\" content=\"en_US\" \/>\n<meta property=\"og:type\" content=\"article\" \/>\n<meta property=\"og:title\" content=\"Cadru legislativ - Institu\u021bia Avocatul Poporului\" \/>\n<meta property=\"og:description\" content=\"&nbsp; Constitu\u0163ia Rom\u00e2niei &#8211; Fragment Legea nr. 35\/1997\u00a0privind organizarea \u015fi func\u0163ionarea institu\u0163iei Avocatul Poporului, republicat\u0103 &#8211; form\u0103 consolidat\u0103 realizat\u0103 de Regia Autonom\u0103 Monitorul Oficial Ordonan\u021ba de urgen\u021b\u0103 a Guvernului nr.&hellip;\" \/>\n<meta property=\"og:url\" content=\"https:\/\/avp.ro\/index.php\/resurse\/cadru-legislativ\/\" \/>\n<meta property=\"og:site_name\" content=\"Institu\u021bia Avocatul Poporului\" \/>\n<meta property=\"article:modified_time\" content=\"2024-04-29T09:47:45+00:00\" \/>\n<meta name=\"twitter:card\" content=\"summary_large_image\" \/>\n<meta name=\"twitter:label1\" content=\"Est. reading time\" \/>\n\t<meta name=\"twitter:data1\" content=\"1 minute\" \/>\n<script type=\"application\/ld+json\" class=\"yoast-schema-graph\">{\"@context\":\"https:\\\/\\\/schema.org\",\"@graph\":[{\"@type\":\"WebPage\",\"@id\":\"https:\\\/\\\/avp.ro\\\/index.php\\\/resurse\\\/cadru-legislativ\\\/\",\"url\":\"https:\\\/\\\/avp.ro\\\/index.php\\\/resurse\\\/cadru-legislativ\\\/\",\"name\":\"Cadru legislativ - Institu\u021bia Avocatul Poporului\",\"isPartOf\":{\"@id\":\"https:\\\/\\\/avp.ro\\\/#website\"},\"datePublished\":\"2020-07-17T06:37:08+00:00\",\"dateModified\":\"2024-04-29T09:47:45+00:00\",\"breadcrumb\":{\"@id\":\"https:\\\/\\\/avp.ro\\\/index.php\\\/resurse\\\/cadru-legislativ\\\/#breadcrumb\"},\"inLanguage\":\"en-US\",\"potentialAction\":[{\"@type\":\"ReadAction\",\"target\":[\"https:\\\/\\\/avp.ro\\\/index.php\\\/resurse\\\/cadru-legislativ\\\/\"]}]},{\"@type\":\"BreadcrumbList\",\"@id\":\"https:\\\/\\\/avp.ro\\\/index.php\\\/resurse\\\/cadru-legislativ\\\/#breadcrumb\",\"itemListElement\":[{\"@type\":\"ListItem\",\"position\":1,\"name\":\"Home\",\"item\":\"https:\\\/\\\/avp.ro\\\/\"},{\"@type\":\"ListItem\",\"position\":2,\"name\":\"RESURSE\",\"item\":\"https:\\\/\\\/avp.ro\\\/index.php\\\/resurse\\\/\"},{\"@type\":\"ListItem\",\"position\":3,\"name\":\"Cadru legislativ\"}]},{\"@type\":\"WebSite\",\"@id\":\"https:\\\/\\\/avp.ro\\\/#website\",\"url\":\"https:\\\/\\\/avp.ro\\\/\",\"name\":\"Institu\u021bia Avocatul Poporului\",\"description\":\"People\u2019s Advocate institution - Office of the Ombudsman\",\"publisher\":{\"@id\":\"https:\\\/\\\/avp.ro\\\/#organization\"},\"potentialAction\":[{\"@type\":\"SearchAction\",\"target\":{\"@type\":\"EntryPoint\",\"urlTemplate\":\"https:\\\/\\\/avp.ro\\\/?s={search_term_string}\"},\"query-input\":{\"@type\":\"PropertyValueSpecification\",\"valueRequired\":true,\"valueName\":\"search_term_string\"}}],\"inLanguage\":\"en-US\"},{\"@type\":\"Organization\",\"@id\":\"https:\\\/\\\/avp.ro\\\/#organization\",\"name\":\"Institutia Avocatul Poporului\",\"url\":\"https:\\\/\\\/avp.ro\\\/\",\"logo\":{\"@type\":\"ImageObject\",\"inLanguage\":\"en-US\",\"@id\":\"https:\\\/\\\/avp.ro\\\/#\\\/schema\\\/logo\\\/image\\\/\",\"url\":\"https:\\\/\\\/avp.ro\\\/wp-content\\\/uploads\\\/2020\\\/09\\\/cropped-AP.jpg\",\"contentUrl\":\"https:\\\/\\\/avp.ro\\\/wp-content\\\/uploads\\\/2020\\\/09\\\/cropped-AP.jpg\",\"width\":160,\"height\":146,\"caption\":\"Institutia Avocatul Poporului\"},\"image\":{\"@id\":\"https:\\\/\\\/avp.ro\\\/#\\\/schema\\\/logo\\\/image\\\/\"}}]}<\/script>\n<!-- \/ Yoast SEO plugin. -->","yoast_head_json":{"title":"Cadru legislativ - Institu\u021bia Avocatul Poporului","robots":{"index":"index","follow":"follow","max-snippet":"max-snippet:-1","max-image-preview":"max-image-preview:large","max-video-preview":"max-video-preview:-1"},"canonical":"https:\/\/avp.ro\/index.php\/resurse\/cadru-legislativ\/","og_locale":"en_US","og_type":"article","og_title":"Cadru legislativ - Institu\u021bia Avocatul Poporului","og_description":"&nbsp; Constitu\u0163ia Rom\u00e2niei &#8211; Fragment Legea nr. 35\/1997\u00a0privind organizarea \u015fi func\u0163ionarea institu\u0163iei Avocatul Poporului, republicat\u0103 &#8211; form\u0103 consolidat\u0103 realizat\u0103 de Regia Autonom\u0103 Monitorul Oficial Ordonan\u021ba de urgen\u021b\u0103 a Guvernului nr.&hellip;","og_url":"https:\/\/avp.ro\/index.php\/resurse\/cadru-legislativ\/","og_site_name":"Institu\u021bia Avocatul Poporului","article_modified_time":"2024-04-29T09:47:45+00:00","twitter_card":"summary_large_image","twitter_misc":{"Est. reading time":"1 minute"},"schema":{"@context":"https:\/\/schema.org","@graph":[{"@type":"WebPage","@id":"https:\/\/avp.ro\/index.php\/resurse\/cadru-legislativ\/","url":"https:\/\/avp.ro\/index.php\/resurse\/cadru-legislativ\/","name":"Cadru legislativ - Institu\u021bia Avocatul Poporului","isPartOf":{"@id":"https:\/\/avp.ro\/#website"},"datePublished":"2020-07-17T06:37:08+00:00","dateModified":"2024-04-29T09:47:45+00:00","breadcrumb":{"@id":"https:\/\/avp.ro\/index.php\/resurse\/cadru-legislativ\/#breadcrumb"},"inLanguage":"en-US","potentialAction":[{"@type":"ReadAction","target":["https:\/\/avp.ro\/index.php\/resurse\/cadru-legislativ\/"]}]},{"@type":"BreadcrumbList","@id":"https:\/\/avp.ro\/index.php\/resurse\/cadru-legislativ\/#breadcrumb","itemListElement":[{"@type":"ListItem","position":1,"name":"Home","item":"https:\/\/avp.ro\/"},{"@type":"ListItem","position":2,"name":"RESURSE","item":"https:\/\/avp.ro\/index.php\/resurse\/"},{"@type":"ListItem","position":3,"name":"Cadru legislativ"}]},{"@type":"WebSite","@id":"https:\/\/avp.ro\/#website","url":"https:\/\/avp.ro\/","name":"Institu\u021bia Avocatul Poporului","description":"People\u2019s Advocate institution - Office of the Ombudsman","publisher":{"@id":"https:\/\/avp.ro\/#organization"},"potentialAction":[{"@type":"SearchAction","target":{"@type":"EntryPoint","urlTemplate":"https:\/\/avp.ro\/?s={search_term_string}"},"query-input":{"@type":"PropertyValueSpecification","valueRequired":true,"valueName":"search_term_string"}}],"inLanguage":"en-US"},{"@type":"Organization","@id":"https:\/\/avp.ro\/#organization","name":"Institutia Avocatul Poporului","url":"https:\/\/avp.ro\/","logo":{"@type":"ImageObject","inLanguage":"en-US","@id":"https:\/\/avp.ro\/#\/schema\/logo\/image\/","url":"https:\/\/avp.ro\/wp-content\/uploads\/2020\/09\/cropped-AP.jpg","contentUrl":"https:\/\/avp.ro\/wp-content\/uploads\/2020\/09\/cropped-AP.jpg","width":160,"height":146,"caption":"Institutia Avocatul Poporului"},"image":{"@id":"https:\/\/avp.ro\/#\/schema\/logo\/image\/"}}]}},"_links":{"self":[{"href":"https:\/\/avp.ro\/index.php\/wp-json\/wp\/v2\/pages\/130","targetHints":{"allow":["GET"]}}],"collection":[{"href":"https:\/\/avp.ro\/index.php\/wp-json\/wp\/v2\/pages"}],"about":[{"href":"https:\/\/avp.ro\/index.php\/wp-json\/wp\/v2\/types\/page"}],"author":[{"embeddable":true,"href":"https:\/\/avp.ro\/index.php\/wp-json\/wp\/v2\/users\/1"}],"replies":[{"embeddable":true,"href":"https:\/\/avp.ro\/index.php\/wp-json\/wp\/v2\/comments?post=130"}],"version-history":[{"count":14,"href":"https:\/\/avp.ro\/index.php\/wp-json\/wp\/v2\/pages\/130\/revisions"}],"predecessor-version":[{"id":11407,"href":"https:\/\/avp.ro\/index.php\/wp-json\/wp\/v2\/pages\/130\/revisions\/11407"}],"up":[{"embeddable":true,"href":"https:\/\/avp.ro\/index.php\/wp-json\/wp\/v2\/pages\/60"}],"wp:attachment":[{"href":"https:\/\/avp.ro\/index.php\/wp-json\/wp\/v2\/media?parent=130"}],"curies":[{"name":"wp","href":"https:\/\/api.w.org\/{rel}","templated":true}]}}