{"id":13305,"date":"2025-03-10T10:38:15","date_gmt":"2025-03-10T08:38:15","guid":{"rendered":"https:\/\/avp.ro\/?page_id=13305"},"modified":"2026-03-26T13:34:10","modified_gmt":"2026-03-26T11:34:10","slug":"centre-de-retinere-si-arestare-preventiva-2025","status":"publish","type":"page","link":"https:\/\/avp.ro\/index.php\/centre-de-retinere-si-arestare-preventiva-2025\/","title":{"rendered":"CENTRE DE RE\u021aINERE \u0218I ARESTARE PREVENTIV\u0102 2025"},"content":{"rendered":"<p>&nbsp;<\/p>\n<p><a href=\"https:\/\/avp.ro\/wp-content\/uploads\/2026\/01\/RV-CRAP-nr.-5-Bucuresti-din-2025.pdf\">8. Raportul privind vizita efectuat\u0103 la Centrul de Re\u021binere \u0219i Arestare Preventiv\u0103 nr. 5 din cadrul Sec\u021biei 6 Poli\u021bie Bucure\u0219ti<\/a><\/p>\n<p style=\"padding-left: 40px;\"><a href=\"https:\/\/avp.ro\/wp-content\/uploads\/2026\/02\/Raspuns-CRAP-5-Bucuresti-5572_12.02.2026.pdf\">-R\u0103spunsul conducerii Sec\u021biei 6 Poli\u021bie Bucure\u0219ti pentru Centrul de Re\u021binere \u0219i Arestare Preventiv\u0103 Nr. 5<\/a><\/p>\n<p style=\"padding-left: 40px;\"><a href=\"https:\/\/avp.ro\/wp-content\/uploads\/2026\/03\/Raspuns-10762-DGPMB-pt-CRAP-5_2026.pdf\">-R\u0103spunsul Direc\u021biei Generale de Poli\u021bie a Municipiului Bucure\u0219ti\u00a0<\/a><\/p>\n<p><a href=\"https:\/\/avp.ro\/wp-content\/uploads\/2025\/11\/Rap-Viz-1-CRAP-CV.pdf\">7. Raportul privind vizita efectuat\u0103 la Centrul de Re\u021binere \u0219i Arestare Preventiv\u0103 din cadrul Inspectoratului de poli\u021bie jude\u021bean Covasna<\/a><\/p>\n<p style=\"padding-left: 40px;\"><a href=\"https:\/\/avp.ro\/wp-content\/uploads\/2026\/01\/Raspuns-IPJ-CRAP-Covasna.pdf\">-R\u0103spunsul conducerii Inspectoratului de Poli\u021bie Jude\u021bean Covasna<\/a><\/p>\n<p><a href=\"https:\/\/avp.ro\/wp-content\/uploads\/2025\/10\/raport_vizita_crap_tulcea.pdf\">6. Raportul privind vizita efectuat\u0103 la Centrul de Re\u021binere \u0219i Arestare Preventiv\u0103 Tulcea<\/a><\/p>\n<p style=\"padding-left: 40px;\"><a href=\"https:\/\/avp.ro\/wp-content\/uploads\/2026\/02\/Adresa-Avocatul-Poporului-stadiu-implementare-recomandari-2025.pdf\">-R\u0103spunsul Centrului de Re\u021binere \u0219i Arestare preventiv\u0103 Tulcea<\/a><\/p>\n<p><a href=\"https:\/\/avp.ro\/wp-content\/uploads\/2025\/08\/RV-CRAP-10_2025.pdf\">5. Raportul privind vizita efectuat\u0103 la Centrul de Re\u021binere \u0219i Arestare Preventiv\u0103 nr. 10 din cadrul Sec\u021biei 19 Poli\u021bie Bucure\u0219ti<\/a><\/p>\n<p style=\"padding-left: 40px;\"><a href=\"https:\/\/avp.ro\/wp-content\/uploads\/2025\/10\/raspuns-31141_CRAP-10_2025.pdf\">&#8211; R\u0103spunsul conducerii Centrului de Re\u021binere \u0219i Arestare Preventiv\u0103 nr. 10 din cadrul Sec\u021biei 19 Poli\u021bie Bucure\u0219ti<\/a><\/p>\n<p style=\"padding-left: 40px;\"><a href=\"https:\/\/avp.ro\/wp-content\/uploads\/2025\/10\/raspuns-31141_IGPR-pt-CRAP-10_2025.pdf\">&#8211; R\u0103spunsul conducerii Poli\u021biei Rom\u00e2ne (I.G.P.R.)<\/a><\/p>\n<p><a href=\"https:\/\/avp.ro\/wp-content\/uploads\/2025\/07\/RV-CRAP-IL-2025.pdf\">4. Raportul privind vizita efectuat\u0103 la Centrul de Re\u021binere \u0219i Arestare Preventiv\u0103 Ialomi\u021ba<\/a><\/p>\n<p style=\"padding-left: 40px;\"><a href=\"https:\/\/avp.ro\/wp-content\/uploads\/2025\/09\/Raspuns-CRAP-IL-28275_3-sep-2025.pdf\">-R\u0103spunsul conducerii Centrului de Re\u021binere \u0219i Arestare Preventiv\u0103 Ialomi\u021ba<\/a><\/p>\n<p><a href=\"https:\/\/avp.ro\/wp-content\/uploads\/2025\/07\/CRAP_Calarasi.pdf\">3. Raportul privind vizita efectuat\u0103 la Centrul de Re\u021binere \u0219i Arestare Preventiv\u0103 C\u0103l\u0103ra\u0219i<\/a><\/p>\n<p style=\"padding-left: 40px;\"><a href=\"https:\/\/avp.ro\/wp-content\/uploads\/2025\/08\/CRAP-Calarasi.pdf\">-R\u0103spunsul conducerii Centrului de Re\u021binere \u0219i Arestare Preventiv\u0103 C\u0103l\u0103ra\u0219i<\/a><\/p>\n<p><a href=\"https:\/\/avp.ro\/wp-content\/uploads\/2025\/04\/Raport-CRAP-Iasi-2025.pdf\">2.Raportul privind vizita efectuat\u0103 la Centrul de Re\u021binere \u0219i Arestare Preventiv\u0103 Iasi<\/a><\/p>\n<p><a href=\"https:\/\/avp.ro\/wp-content\/uploads\/2025\/03\/Raport-CRAP-Gorj-APROBAT-afisare-site.pdf\">1.Raportul privind vizita efectuat\u0103 la Centrul de Re\u021binere \u0219i Arestare Preventiv\u0103 Gorj<\/a><\/p>\n<p style=\"padding-left: 40px;\"><a href=\"https:\/\/avp.ro\/wp-content\/uploads\/2025\/04\/Raspuns-recomandari-CRAP-GORJ.pdf\">-R\u0103spunsul conducerii Centrului de Re\u021binere \u0219i Arestare Preventiv\u0103 Gorj<\/a><\/p>\n","protected":false},"excerpt":{"rendered":"<p>&nbsp; 8. Raportul privind vizita efectuat\u0103 la Centrul de Re\u021binere \u0219i Arestare Preventiv\u0103 nr. 5 din cadrul Sec\u021biei 6 Poli\u021bie Bucure\u0219ti -R\u0103spunsul conducerii Sec\u021biei 6 Poli\u021bie Bucure\u0219ti pentru Centrul de&hellip; <\/p>\n","protected":false},"author":1,"featured_media":0,"parent":0,"menu_order":0,"comment_status":"closed","ping_status":"closed","template":"","meta":{"footnotes":""},"class_list":["post-13305","page","type-page","status-publish","hentry"],"yoast_head":"<!-- This site is optimized with the Yoast SEO plugin v27.3 - https:\/\/yoast.com\/product\/yoast-seo-wordpress\/ -->\n<title>CENTRE DE RE\u021aINERE \u0218I ARESTARE PREVENTIV\u0102 2025 - Institu\u021bia Avocatul Poporului<\/title>\n<meta name=\"robots\" content=\"index, follow, max-snippet:-1, max-image-preview:large, max-video-preview:-1\" \/>\n<link rel=\"canonical\" href=\"https:\/\/avp.ro\/index.php\/centre-de-retinere-si-arestare-preventiva-2025\/\" \/>\n<meta property=\"og:locale\" content=\"en_US\" \/>\n<meta property=\"og:type\" content=\"article\" \/>\n<meta property=\"og:title\" content=\"CENTRE DE RE\u021aINERE \u0218I ARESTARE PREVENTIV\u0102 2025 - Institu\u021bia Avocatul Poporului\" \/>\n<meta property=\"og:description\" content=\"&nbsp; 8. Raportul privind vizita efectuat\u0103 la Centrul de Re\u021binere \u0219i Arestare Preventiv\u0103 nr. 5 din cadrul Sec\u021biei 6 Poli\u021bie Bucure\u0219ti -R\u0103spunsul conducerii Sec\u021biei 6 Poli\u021bie Bucure\u0219ti pentru Centrul de&hellip;\" \/>\n<meta property=\"og:url\" content=\"https:\/\/avp.ro\/index.php\/centre-de-retinere-si-arestare-preventiva-2025\/\" \/>\n<meta property=\"og:site_name\" content=\"Institu\u021bia Avocatul Poporului\" \/>\n<meta property=\"article:modified_time\" content=\"2026-03-26T11:34:10+00:00\" \/>\n<meta name=\"twitter:card\" content=\"summary_large_image\" \/>\n<meta name=\"twitter:label1\" content=\"Est. reading time\" \/>\n\t<meta name=\"twitter:data1\" content=\"1 minute\" \/>\n<script type=\"application\/ld+json\" class=\"yoast-schema-graph\">{\"@context\":\"https:\\\/\\\/schema.org\",\"@graph\":[{\"@type\":\"WebPage\",\"@id\":\"https:\\\/\\\/avp.ro\\\/index.php\\\/centre-de-retinere-si-arestare-preventiva-2025\\\/\",\"url\":\"https:\\\/\\\/avp.ro\\\/index.php\\\/centre-de-retinere-si-arestare-preventiva-2025\\\/\",\"name\":\"CENTRE DE RE\u021aINERE \u0218I ARESTARE PREVENTIV\u0102 2025 - Institu\u021bia Avocatul Poporului\",\"isPartOf\":{\"@id\":\"https:\\\/\\\/avp.ro\\\/#website\"},\"datePublished\":\"2025-03-10T08:38:15+00:00\",\"dateModified\":\"2026-03-26T11:34:10+00:00\",\"breadcrumb\":{\"@id\":\"https:\\\/\\\/avp.ro\\\/index.php\\\/centre-de-retinere-si-arestare-preventiva-2025\\\/#breadcrumb\"},\"inLanguage\":\"en-US\",\"potentialAction\":[{\"@type\":\"ReadAction\",\"target\":[\"https:\\\/\\\/avp.ro\\\/index.php\\\/centre-de-retinere-si-arestare-preventiva-2025\\\/\"]}]},{\"@type\":\"BreadcrumbList\",\"@id\":\"https:\\\/\\\/avp.ro\\\/index.php\\\/centre-de-retinere-si-arestare-preventiva-2025\\\/#breadcrumb\",\"itemListElement\":[{\"@type\":\"ListItem\",\"position\":1,\"name\":\"Home\",\"item\":\"https:\\\/\\\/avp.ro\\\/\"},{\"@type\":\"ListItem\",\"position\":2,\"name\":\"CENTRE DE RE\u021aINERE \u0218I ARESTARE PREVENTIV\u0102 2025\"}]},{\"@type\":\"WebSite\",\"@id\":\"https:\\\/\\\/avp.ro\\\/#website\",\"url\":\"https:\\\/\\\/avp.ro\\\/\",\"name\":\"Institu\u021bia Avocatul Poporului\",\"description\":\"People\u2019s Advocate institution - Office of the Ombudsman\",\"publisher\":{\"@id\":\"https:\\\/\\\/avp.ro\\\/#organization\"},\"potentialAction\":[{\"@type\":\"SearchAction\",\"target\":{\"@type\":\"EntryPoint\",\"urlTemplate\":\"https:\\\/\\\/avp.ro\\\/?s={search_term_string}\"},\"query-input\":{\"@type\":\"PropertyValueSpecification\",\"valueRequired\":true,\"valueName\":\"search_term_string\"}}],\"inLanguage\":\"en-US\"},{\"@type\":\"Organization\",\"@id\":\"https:\\\/\\\/avp.ro\\\/#organization\",\"name\":\"Institutia Avocatul Poporului\",\"url\":\"https:\\\/\\\/avp.ro\\\/\",\"logo\":{\"@type\":\"ImageObject\",\"inLanguage\":\"en-US\",\"@id\":\"https:\\\/\\\/avp.ro\\\/#\\\/schema\\\/logo\\\/image\\\/\",\"url\":\"https:\\\/\\\/avp.ro\\\/wp-content\\\/uploads\\\/2020\\\/09\\\/cropped-AP.jpg\",\"contentUrl\":\"https:\\\/\\\/avp.ro\\\/wp-content\\\/uploads\\\/2020\\\/09\\\/cropped-AP.jpg\",\"width\":160,\"height\":146,\"caption\":\"Institutia Avocatul Poporului\"},\"image\":{\"@id\":\"https:\\\/\\\/avp.ro\\\/#\\\/schema\\\/logo\\\/image\\\/\"}}]}<\/script>\n<!-- \/ Yoast SEO plugin. -->","yoast_head_json":{"title":"CENTRE DE RE\u021aINERE \u0218I ARESTARE PREVENTIV\u0102 2025 - Institu\u021bia Avocatul Poporului","robots":{"index":"index","follow":"follow","max-snippet":"max-snippet:-1","max-image-preview":"max-image-preview:large","max-video-preview":"max-video-preview:-1"},"canonical":"https:\/\/avp.ro\/index.php\/centre-de-retinere-si-arestare-preventiva-2025\/","og_locale":"en_US","og_type":"article","og_title":"CENTRE DE RE\u021aINERE \u0218I ARESTARE PREVENTIV\u0102 2025 - Institu\u021bia Avocatul Poporului","og_description":"&nbsp; 8. Raportul privind vizita efectuat\u0103 la Centrul de Re\u021binere \u0219i Arestare Preventiv\u0103 nr. 5 din cadrul Sec\u021biei 6 Poli\u021bie Bucure\u0219ti -R\u0103spunsul conducerii Sec\u021biei 6 Poli\u021bie Bucure\u0219ti pentru Centrul de&hellip;","og_url":"https:\/\/avp.ro\/index.php\/centre-de-retinere-si-arestare-preventiva-2025\/","og_site_name":"Institu\u021bia Avocatul Poporului","article_modified_time":"2026-03-26T11:34:10+00:00","twitter_card":"summary_large_image","twitter_misc":{"Est. reading time":"1 minute"},"schema":{"@context":"https:\/\/schema.org","@graph":[{"@type":"WebPage","@id":"https:\/\/avp.ro\/index.php\/centre-de-retinere-si-arestare-preventiva-2025\/","url":"https:\/\/avp.ro\/index.php\/centre-de-retinere-si-arestare-preventiva-2025\/","name":"CENTRE DE RE\u021aINERE \u0218I ARESTARE PREVENTIV\u0102 2025 - Institu\u021bia Avocatul Poporului","isPartOf":{"@id":"https:\/\/avp.ro\/#website"},"datePublished":"2025-03-10T08:38:15+00:00","dateModified":"2026-03-26T11:34:10+00:00","breadcrumb":{"@id":"https:\/\/avp.ro\/index.php\/centre-de-retinere-si-arestare-preventiva-2025\/#breadcrumb"},"inLanguage":"en-US","potentialAction":[{"@type":"ReadAction","target":["https:\/\/avp.ro\/index.php\/centre-de-retinere-si-arestare-preventiva-2025\/"]}]},{"@type":"BreadcrumbList","@id":"https:\/\/avp.ro\/index.php\/centre-de-retinere-si-arestare-preventiva-2025\/#breadcrumb","itemListElement":[{"@type":"ListItem","position":1,"name":"Home","item":"https:\/\/avp.ro\/"},{"@type":"ListItem","position":2,"name":"CENTRE DE RE\u021aINERE \u0218I ARESTARE PREVENTIV\u0102 2025"}]},{"@type":"WebSite","@id":"https:\/\/avp.ro\/#website","url":"https:\/\/avp.ro\/","name":"Institu\u021bia Avocatul Poporului","description":"People\u2019s Advocate institution - Office of the Ombudsman","publisher":{"@id":"https:\/\/avp.ro\/#organization"},"potentialAction":[{"@type":"SearchAction","target":{"@type":"EntryPoint","urlTemplate":"https:\/\/avp.ro\/?s={search_term_string}"},"query-input":{"@type":"PropertyValueSpecification","valueRequired":true,"valueName":"search_term_string"}}],"inLanguage":"en-US"},{"@type":"Organization","@id":"https:\/\/avp.ro\/#organization","name":"Institutia Avocatul Poporului","url":"https:\/\/avp.ro\/","logo":{"@type":"ImageObject","inLanguage":"en-US","@id":"https:\/\/avp.ro\/#\/schema\/logo\/image\/","url":"https:\/\/avp.ro\/wp-content\/uploads\/2020\/09\/cropped-AP.jpg","contentUrl":"https:\/\/avp.ro\/wp-content\/uploads\/2020\/09\/cropped-AP.jpg","width":160,"height":146,"caption":"Institutia Avocatul Poporului"},"image":{"@id":"https:\/\/avp.ro\/#\/schema\/logo\/image\/"}}]}},"_links":{"self":[{"href":"https:\/\/avp.ro\/index.php\/wp-json\/wp\/v2\/pages\/13305","targetHints":{"allow":["GET"]}}],"collection":[{"href":"https:\/\/avp.ro\/index.php\/wp-json\/wp\/v2\/pages"}],"about":[{"href":"https:\/\/avp.ro\/index.php\/wp-json\/wp\/v2\/types\/page"}],"author":[{"embeddable":true,"href":"https:\/\/avp.ro\/index.php\/wp-json\/wp\/v2\/users\/1"}],"replies":[{"embeddable":true,"href":"https:\/\/avp.ro\/index.php\/wp-json\/wp\/v2\/comments?post=13305"}],"version-history":[{"count":19,"href":"https:\/\/avp.ro\/index.php\/wp-json\/wp\/v2\/pages\/13305\/revisions"}],"predecessor-version":[{"id":15562,"href":"https:\/\/avp.ro\/index.php\/wp-json\/wp\/v2\/pages\/13305\/revisions\/15562"}],"wp:attachment":[{"href":"https:\/\/avp.ro\/index.php\/wp-json\/wp\/v2\/media?parent=13305"}],"curies":[{"name":"wp","href":"https:\/\/api.w.org\/{rel}","templated":true}]}}