{"id":13901,"date":"2025-07-04T13:02:48","date_gmt":"2025-07-04T11:02:48","guid":{"rendered":"https:\/\/avp.ro\/?page_id=13901"},"modified":"2025-07-04T13:03:01","modified_gmt":"2025-07-04T11:03:01","slug":"30-iunie-2025-campanie-de-informare-si-instruire-in-scopul-prevenirii-torturii","status":"publish","type":"page","link":"https:\/\/avp.ro\/index.php\/30-iunie-2025-campanie-de-informare-si-instruire-in-scopul-prevenirii-torturii\/","title":{"rendered":"30 iunie 2025 &#8211; Campanie de informare \u015fi instruire \u00een scopul prevenirii torturii"},"content":{"rendered":"<p><em>30 iunie 2025<\/em> \u2013 Campanie de informare \u015fi instruire \u00een scopul prevenirii torturii, organizat\u0103 de MNP \u2013 Centrul Zonal Bucure\u0219ti, la sediul Penitenciarului de Femei Ploie\u0219ti \u2013 T\u00e2rg\u0219orul Nou. La aceast\u0103 activitate au participat persoane private de libertate, precum \u0219i reprezentan\u021bi din partea conducerii Penitenciarului de Femei Ploie\u0219ti \u2013 T\u00e2rg\u0219orul Nou \u0219i poli\u021bi\u0219ti de penitenciare, angaja\u021bi ai unit\u0103\u021bii men\u021bionate.<\/p>\n<p>&nbsp;<\/p>\n<p><a href=\"https:\/\/avp.ro\/wp-content\/uploads\/2025\/07\/DSC_0580-scaled.jpg\"><img loading=\"lazy\" decoding=\"async\" class=\"aligncenter size-full wp-image-13902\" src=\"https:\/\/avp.ro\/wp-content\/uploads\/2025\/07\/DSC_0580-scaled.jpg\" alt=\"\" width=\"2560\" height=\"1884\" srcset=\"https:\/\/avp.ro\/wp-content\/uploads\/2025\/07\/DSC_0580-scaled.jpg 2560w, https:\/\/avp.ro\/wp-content\/uploads\/2025\/07\/DSC_0580-300x221.jpg 300w, https:\/\/avp.ro\/wp-content\/uploads\/2025\/07\/DSC_0580-1024x753.jpg 1024w, https:\/\/avp.ro\/wp-content\/uploads\/2025\/07\/DSC_0580-768x565.jpg 768w, https:\/\/avp.ro\/wp-content\/uploads\/2025\/07\/DSC_0580-1536x1130.jpg 1536w, https:\/\/avp.ro\/wp-content\/uploads\/2025\/07\/DSC_0580-2048x1507.jpg 2048w\" sizes=\"auto, (max-width: 2560px) 100vw, 2560px\" \/><\/a><\/p>\n<p><a href=\"https:\/\/avp.ro\/wp-content\/uploads\/2025\/07\/DSC_0589-scaled.jpg\"><img loading=\"lazy\" decoding=\"async\" class=\"aligncenter size-full wp-image-13903\" src=\"https:\/\/avp.ro\/wp-content\/uploads\/2025\/07\/DSC_0589-scaled.jpg\" alt=\"\" width=\"2560\" height=\"1711\" srcset=\"https:\/\/avp.ro\/wp-content\/uploads\/2025\/07\/DSC_0589-scaled.jpg 2560w, https:\/\/avp.ro\/wp-content\/uploads\/2025\/07\/DSC_0589-300x201.jpg 300w, https:\/\/avp.ro\/wp-content\/uploads\/2025\/07\/DSC_0589-1024x684.jpg 1024w, https:\/\/avp.ro\/wp-content\/uploads\/2025\/07\/DSC_0589-768x513.jpg 768w, https:\/\/avp.ro\/wp-content\/uploads\/2025\/07\/DSC_0589-1536x1027.jpg 1536w, https:\/\/avp.ro\/wp-content\/uploads\/2025\/07\/DSC_0589-2048x1369.jpg 2048w\" sizes=\"auto, (max-width: 2560px) 100vw, 2560px\" \/><\/a><a href=\"https:\/\/avp.ro\/wp-content\/uploads\/2025\/07\/PNT-Femei-med.-instruire-30-iuL-2025.png\"><img loading=\"lazy\" decoding=\"async\" class=\"aligncenter size-full wp-image-13904\" src=\"https:\/\/avp.ro\/wp-content\/uploads\/2025\/07\/PNT-Femei-med.-instruire-30-iuL-2025.png\" alt=\"\" width=\"678\" height=\"1193\" srcset=\"https:\/\/avp.ro\/wp-content\/uploads\/2025\/07\/PNT-Femei-med.-instruire-30-iuL-2025.png 678w, https:\/\/avp.ro\/wp-content\/uploads\/2025\/07\/PNT-Femei-med.-instruire-30-iuL-2025-170x300.png 170w, https:\/\/avp.ro\/wp-content\/uploads\/2025\/07\/PNT-Femei-med.-instruire-30-iuL-2025-582x1024.png 582w\" sizes=\"auto, (max-width: 678px) 100vw, 678px\" \/><\/a><\/p>\n","protected":false},"excerpt":{"rendered":"<p>30 iunie 2025 \u2013 Campanie de informare \u015fi instruire \u00een scopul prevenirii torturii, organizat\u0103 de MNP \u2013 Centrul Zonal Bucure\u0219ti, la sediul Penitenciarului de Femei Ploie\u0219ti \u2013 T\u00e2rg\u0219orul Nou. La&hellip; <\/p>\n","protected":false},"author":1,"featured_media":0,"parent":0,"menu_order":0,"comment_status":"closed","ping_status":"closed","template":"","meta":{"footnotes":""},"class_list":["post-13901","page","type-page","status-publish","hentry"],"yoast_head":"<!-- This site is optimized with the Yoast SEO plugin v27.3 - https:\/\/yoast.com\/product\/yoast-seo-wordpress\/ -->\n<title>30 iunie 2025 - Campanie de informare \u015fi instruire \u00een scopul prevenirii torturii - Institu\u021bia Avocatul Poporului<\/title>\n<meta name=\"robots\" content=\"index, follow, max-snippet:-1, max-image-preview:large, max-video-preview:-1\" \/>\n<link rel=\"canonical\" href=\"https:\/\/avp.ro\/index.php\/30-iunie-2025-campanie-de-informare-si-instruire-in-scopul-prevenirii-torturii\/\" \/>\n<meta property=\"og:locale\" content=\"en_US\" \/>\n<meta property=\"og:type\" content=\"article\" \/>\n<meta property=\"og:title\" content=\"30 iunie 2025 - Campanie de informare \u015fi instruire \u00een scopul prevenirii torturii - Institu\u021bia Avocatul Poporului\" \/>\n<meta property=\"og:description\" content=\"30 iunie 2025 \u2013 Campanie de informare \u015fi instruire \u00een scopul prevenirii torturii, organizat\u0103 de MNP \u2013 Centrul Zonal Bucure\u0219ti, la sediul Penitenciarului de Femei Ploie\u0219ti \u2013 T\u00e2rg\u0219orul Nou. La&hellip;\" \/>\n<meta property=\"og:url\" content=\"https:\/\/avp.ro\/index.php\/30-iunie-2025-campanie-de-informare-si-instruire-in-scopul-prevenirii-torturii\/\" \/>\n<meta property=\"og:site_name\" content=\"Institu\u021bia Avocatul Poporului\" \/>\n<meta property=\"article:modified_time\" content=\"2025-07-04T11:03:01+00:00\" \/>\n<meta property=\"og:image\" content=\"https:\/\/avp.ro\/wp-content\/uploads\/2025\/07\/DSC_0580-scaled.jpg\" \/>\n\t<meta property=\"og:image:width\" content=\"2560\" \/>\n\t<meta property=\"og:image:height\" content=\"1884\" \/>\n\t<meta property=\"og:image:type\" content=\"image\/jpeg\" \/>\n<meta name=\"twitter:card\" content=\"summary_large_image\" \/>\n<meta name=\"twitter:label1\" content=\"Est. reading time\" \/>\n\t<meta name=\"twitter:data1\" content=\"1 minute\" \/>\n<script type=\"application\/ld+json\" class=\"yoast-schema-graph\">{\"@context\":\"https:\\\/\\\/schema.org\",\"@graph\":[{\"@type\":\"WebPage\",\"@id\":\"https:\\\/\\\/avp.ro\\\/index.php\\\/30-iunie-2025-campanie-de-informare-si-instruire-in-scopul-prevenirii-torturii\\\/\",\"url\":\"https:\\\/\\\/avp.ro\\\/index.php\\\/30-iunie-2025-campanie-de-informare-si-instruire-in-scopul-prevenirii-torturii\\\/\",\"name\":\"30 iunie 2025 - Campanie de informare \u015fi instruire \u00een scopul prevenirii torturii - Institu\u021bia Avocatul Poporului\",\"isPartOf\":{\"@id\":\"https:\\\/\\\/avp.ro\\\/#website\"},\"primaryImageOfPage\":{\"@id\":\"https:\\\/\\\/avp.ro\\\/index.php\\\/30-iunie-2025-campanie-de-informare-si-instruire-in-scopul-prevenirii-torturii\\\/#primaryimage\"},\"image\":{\"@id\":\"https:\\\/\\\/avp.ro\\\/index.php\\\/30-iunie-2025-campanie-de-informare-si-instruire-in-scopul-prevenirii-torturii\\\/#primaryimage\"},\"thumbnailUrl\":\"https:\\\/\\\/avp.ro\\\/wp-content\\\/uploads\\\/2025\\\/07\\\/DSC_0580-scaled.jpg\",\"datePublished\":\"2025-07-04T11:02:48+00:00\",\"dateModified\":\"2025-07-04T11:03:01+00:00\",\"breadcrumb\":{\"@id\":\"https:\\\/\\\/avp.ro\\\/index.php\\\/30-iunie-2025-campanie-de-informare-si-instruire-in-scopul-prevenirii-torturii\\\/#breadcrumb\"},\"inLanguage\":\"en-US\",\"potentialAction\":[{\"@type\":\"ReadAction\",\"target\":[\"https:\\\/\\\/avp.ro\\\/index.php\\\/30-iunie-2025-campanie-de-informare-si-instruire-in-scopul-prevenirii-torturii\\\/\"]}]},{\"@type\":\"ImageObject\",\"inLanguage\":\"en-US\",\"@id\":\"https:\\\/\\\/avp.ro\\\/index.php\\\/30-iunie-2025-campanie-de-informare-si-instruire-in-scopul-prevenirii-torturii\\\/#primaryimage\",\"url\":\"https:\\\/\\\/avp.ro\\\/wp-content\\\/uploads\\\/2025\\\/07\\\/DSC_0580-scaled.jpg\",\"contentUrl\":\"https:\\\/\\\/avp.ro\\\/wp-content\\\/uploads\\\/2025\\\/07\\\/DSC_0580-scaled.jpg\"},{\"@type\":\"BreadcrumbList\",\"@id\":\"https:\\\/\\\/avp.ro\\\/index.php\\\/30-iunie-2025-campanie-de-informare-si-instruire-in-scopul-prevenirii-torturii\\\/#breadcrumb\",\"itemListElement\":[{\"@type\":\"ListItem\",\"position\":1,\"name\":\"Home\",\"item\":\"https:\\\/\\\/avp.ro\\\/\"},{\"@type\":\"ListItem\",\"position\":2,\"name\":\"30 iunie 2025 &#8211; Campanie de informare \u015fi instruire \u00een scopul prevenirii torturii\"}]},{\"@type\":\"WebSite\",\"@id\":\"https:\\\/\\\/avp.ro\\\/#website\",\"url\":\"https:\\\/\\\/avp.ro\\\/\",\"name\":\"Institu\u021bia Avocatul Poporului\",\"description\":\"People\u2019s Advocate institution - Office of the Ombudsman\",\"publisher\":{\"@id\":\"https:\\\/\\\/avp.ro\\\/#organization\"},\"potentialAction\":[{\"@type\":\"SearchAction\",\"target\":{\"@type\":\"EntryPoint\",\"urlTemplate\":\"https:\\\/\\\/avp.ro\\\/?s={search_term_string}\"},\"query-input\":{\"@type\":\"PropertyValueSpecification\",\"valueRequired\":true,\"valueName\":\"search_term_string\"}}],\"inLanguage\":\"en-US\"},{\"@type\":\"Organization\",\"@id\":\"https:\\\/\\\/avp.ro\\\/#organization\",\"name\":\"Institutia Avocatul Poporului\",\"url\":\"https:\\\/\\\/avp.ro\\\/\",\"logo\":{\"@type\":\"ImageObject\",\"inLanguage\":\"en-US\",\"@id\":\"https:\\\/\\\/avp.ro\\\/#\\\/schema\\\/logo\\\/image\\\/\",\"url\":\"https:\\\/\\\/avp.ro\\\/wp-content\\\/uploads\\\/2020\\\/09\\\/cropped-AP.jpg\",\"contentUrl\":\"https:\\\/\\\/avp.ro\\\/wp-content\\\/uploads\\\/2020\\\/09\\\/cropped-AP.jpg\",\"width\":160,\"height\":146,\"caption\":\"Institutia Avocatul Poporului\"},\"image\":{\"@id\":\"https:\\\/\\\/avp.ro\\\/#\\\/schema\\\/logo\\\/image\\\/\"}}]}<\/script>\n<!-- \/ Yoast SEO plugin. -->","yoast_head_json":{"title":"30 iunie 2025 - Campanie de informare \u015fi instruire \u00een scopul prevenirii torturii - Institu\u021bia Avocatul Poporului","robots":{"index":"index","follow":"follow","max-snippet":"max-snippet:-1","max-image-preview":"max-image-preview:large","max-video-preview":"max-video-preview:-1"},"canonical":"https:\/\/avp.ro\/index.php\/30-iunie-2025-campanie-de-informare-si-instruire-in-scopul-prevenirii-torturii\/","og_locale":"en_US","og_type":"article","og_title":"30 iunie 2025 - Campanie de informare \u015fi instruire \u00een scopul prevenirii torturii - Institu\u021bia Avocatul Poporului","og_description":"30 iunie 2025 \u2013 Campanie de informare \u015fi instruire \u00een scopul prevenirii torturii, organizat\u0103 de MNP \u2013 Centrul Zonal Bucure\u0219ti, la sediul Penitenciarului de Femei Ploie\u0219ti \u2013 T\u00e2rg\u0219orul Nou. La&hellip;","og_url":"https:\/\/avp.ro\/index.php\/30-iunie-2025-campanie-de-informare-si-instruire-in-scopul-prevenirii-torturii\/","og_site_name":"Institu\u021bia Avocatul Poporului","article_modified_time":"2025-07-04T11:03:01+00:00","og_image":[{"width":2560,"height":1884,"url":"https:\/\/avp.ro\/wp-content\/uploads\/2025\/07\/DSC_0580-scaled.jpg","type":"image\/jpeg"}],"twitter_card":"summary_large_image","twitter_misc":{"Est. reading time":"1 minute"},"schema":{"@context":"https:\/\/schema.org","@graph":[{"@type":"WebPage","@id":"https:\/\/avp.ro\/index.php\/30-iunie-2025-campanie-de-informare-si-instruire-in-scopul-prevenirii-torturii\/","url":"https:\/\/avp.ro\/index.php\/30-iunie-2025-campanie-de-informare-si-instruire-in-scopul-prevenirii-torturii\/","name":"30 iunie 2025 - Campanie de informare \u015fi instruire \u00een scopul prevenirii torturii - Institu\u021bia Avocatul Poporului","isPartOf":{"@id":"https:\/\/avp.ro\/#website"},"primaryImageOfPage":{"@id":"https:\/\/avp.ro\/index.php\/30-iunie-2025-campanie-de-informare-si-instruire-in-scopul-prevenirii-torturii\/#primaryimage"},"image":{"@id":"https:\/\/avp.ro\/index.php\/30-iunie-2025-campanie-de-informare-si-instruire-in-scopul-prevenirii-torturii\/#primaryimage"},"thumbnailUrl":"https:\/\/avp.ro\/wp-content\/uploads\/2025\/07\/DSC_0580-scaled.jpg","datePublished":"2025-07-04T11:02:48+00:00","dateModified":"2025-07-04T11:03:01+00:00","breadcrumb":{"@id":"https:\/\/avp.ro\/index.php\/30-iunie-2025-campanie-de-informare-si-instruire-in-scopul-prevenirii-torturii\/#breadcrumb"},"inLanguage":"en-US","potentialAction":[{"@type":"ReadAction","target":["https:\/\/avp.ro\/index.php\/30-iunie-2025-campanie-de-informare-si-instruire-in-scopul-prevenirii-torturii\/"]}]},{"@type":"ImageObject","inLanguage":"en-US","@id":"https:\/\/avp.ro\/index.php\/30-iunie-2025-campanie-de-informare-si-instruire-in-scopul-prevenirii-torturii\/#primaryimage","url":"https:\/\/avp.ro\/wp-content\/uploads\/2025\/07\/DSC_0580-scaled.jpg","contentUrl":"https:\/\/avp.ro\/wp-content\/uploads\/2025\/07\/DSC_0580-scaled.jpg"},{"@type":"BreadcrumbList","@id":"https:\/\/avp.ro\/index.php\/30-iunie-2025-campanie-de-informare-si-instruire-in-scopul-prevenirii-torturii\/#breadcrumb","itemListElement":[{"@type":"ListItem","position":1,"name":"Home","item":"https:\/\/avp.ro\/"},{"@type":"ListItem","position":2,"name":"30 iunie 2025 &#8211; Campanie de informare \u015fi instruire \u00een scopul prevenirii torturii"}]},{"@type":"WebSite","@id":"https:\/\/avp.ro\/#website","url":"https:\/\/avp.ro\/","name":"Institu\u021bia Avocatul Poporului","description":"People\u2019s Advocate institution - Office of the Ombudsman","publisher":{"@id":"https:\/\/avp.ro\/#organization"},"potentialAction":[{"@type":"SearchAction","target":{"@type":"EntryPoint","urlTemplate":"https:\/\/avp.ro\/?s={search_term_string}"},"query-input":{"@type":"PropertyValueSpecification","valueRequired":true,"valueName":"search_term_string"}}],"inLanguage":"en-US"},{"@type":"Organization","@id":"https:\/\/avp.ro\/#organization","name":"Institutia Avocatul Poporului","url":"https:\/\/avp.ro\/","logo":{"@type":"ImageObject","inLanguage":"en-US","@id":"https:\/\/avp.ro\/#\/schema\/logo\/image\/","url":"https:\/\/avp.ro\/wp-content\/uploads\/2020\/09\/cropped-AP.jpg","contentUrl":"https:\/\/avp.ro\/wp-content\/uploads\/2020\/09\/cropped-AP.jpg","width":160,"height":146,"caption":"Institutia Avocatul Poporului"},"image":{"@id":"https:\/\/avp.ro\/#\/schema\/logo\/image\/"}}]}},"_links":{"self":[{"href":"https:\/\/avp.ro\/index.php\/wp-json\/wp\/v2\/pages\/13901","targetHints":{"allow":["GET"]}}],"collection":[{"href":"https:\/\/avp.ro\/index.php\/wp-json\/wp\/v2\/pages"}],"about":[{"href":"https:\/\/avp.ro\/index.php\/wp-json\/wp\/v2\/types\/page"}],"author":[{"embeddable":true,"href":"https:\/\/avp.ro\/index.php\/wp-json\/wp\/v2\/users\/1"}],"replies":[{"embeddable":true,"href":"https:\/\/avp.ro\/index.php\/wp-json\/wp\/v2\/comments?post=13901"}],"version-history":[{"count":1,"href":"https:\/\/avp.ro\/index.php\/wp-json\/wp\/v2\/pages\/13901\/revisions"}],"predecessor-version":[{"id":13905,"href":"https:\/\/avp.ro\/index.php\/wp-json\/wp\/v2\/pages\/13901\/revisions\/13905"}],"wp:attachment":[{"href":"https:\/\/avp.ro\/index.php\/wp-json\/wp\/v2\/media?parent=13901"}],"curies":[{"name":"wp","href":"https:\/\/api.w.org\/{rel}","templated":true}]}}