{"id":13983,"date":"2025-07-17T11:47:36","date_gmt":"2025-07-17T09:47:36","guid":{"rendered":"https:\/\/avp.ro\/?page_id=13983"},"modified":"2025-08-18T11:49:55","modified_gmt":"2025-08-18T09:49:55","slug":"activitate-contencios-constitutional","status":"publish","type":"page","link":"https:\/\/avp.ro\/index.php\/activitate-contencios-constitutional\/","title":{"rendered":"Activitate Contencios Constitu\u021bional"},"content":{"rendered":"<p>&nbsp;<\/p>\n<p><em><span style=\"color: #ff0000;\"><strong>2025<\/strong><\/span><\/em><\/p>\n\n<div class=\"sp-wrap sp-wrap-default\">\n<div class=\"sp-head\" title=\"Expand\">\nDosar nr. 11898\/2025 (rezumat) - Demersurile Avocatului Poporului pentru emiterea Ordinului nr. 342 din 5 iunie 2025 al Pre\u0219edintelui Casei Na\u021bionale de Pensii Publice privind aprobarea Procedurii tehnice de transformare a zilelor lucr\u0103toare \u00een zile calendaristice, \u00een vederea determin\u0103rii stagiului de cotizare realizat de asigura\u021bii sistemului public de pensii \n<\/div>\n<div class=\"sp-body folded\">\n<\/p>\n<p style=\"text-align: justify;\">Avocatul Poporului a fost sesizat \u00een privin\u021ba aplic\u0103rii contradictorii a principiului contributivit\u0103\u021bii \u00een sistemul public de pensii, context \u00een care s-a invocat <em>contradic\u021bia dintre principiul contributivit\u0103\u021bii, consacrat explicit de<\/em><strong> <em>Legea nr. 360\/2023 privind sistemul public de pensii<\/em><\/strong> \u0219i <em>aplicarea \u00een continuare a <strong>Ordinului nr. 59\/2014 al Pre\u0219edintelui Casei Na\u021bionale de Pensii Publice<\/strong><\/em> pentru aprobarea Procedurii tehnice de transformare a zilelor lucr\u0103toare \u00een zile calendaristice, \u00een vederea determin\u0103rii stagiului de cotizare realizat de asigura\u021bii sistemului public de pensii, <em>care introducea o formul\u0103 matematic\u0103 de conversie a zilelor lucr\u0103toare \u00een zile calendaristice, \u00een detrimentul recunoa\u0219terii unui stagiu de cotizare complet pentru o lun\u0103 \u00een care s-a pl\u0103tit integral contribu\u021bia la bugetul asigur\u0103rilor sociale.<\/em><\/p>\n<p style=\"text-align: justify;\"><strong>Prin adresa 11898 din 13 mai 2025, Avocatul Poporului a sesizat <\/strong><strong>Casa Na\u021bional\u0103 de Pensii Publice, av\u00e2nd \u00een vedere obliga\u021bia legal\u0103 a pre\u0219edintelui Casei Na\u021bionale de Pensii de a emite un ordin \u00een acest sens, \u00een termen de 30 de zile de la intrarea \u00een vigoare a Normelor, \u00een aplicarea<\/strong> dispozi\u021biilor art. 16 alin. (2) din Norma de aplicare a Legii nr. 360\/2023 privind sistemul public de pensii, aprobat\u0103 prin Hot\u0103r\u00e2rea Guvernului nr. 181\/2024<a href=\"#_ftn1\" name=\"_ftnref1\"><strong>[1]<\/strong><\/a>.<\/p>\n<p style=\"text-align: justify;\"><strong>Prin <u>Ordinul nr. 342 din 5 iunie 2025, publicat \u00een Monitorul oficial al Rom\u00e2niei nr. \u00a0597 din data de 26 iunie 2025 al Pre\u0219edintelui Casei Na\u021bionale de Pensii Publice a fost aprobat\u0103 Procedura tehnic\u0103 de transformare a zilelor lucr\u0103toare \u00een zile calendaristice, \u00een vederea determin\u0103rii stagiului de cotizare realizat de asigura\u0163ii sistemului public de pensii.<\/u><\/strong><\/p>\n<p style=\"text-align: justify;\"><a href=\"#_ftnref1\" name=\"_ftn1\">[1]<\/a> <em>Modalitatea tehnic\u0103 de transformare a zilelor lucr\u0103toare \u00een zile calendaristice, \u00een vederea determin\u0103rii stagiului de cotizare realizat, se face potrivit procedurii aprobate prin <strong>ordin al pre\u015fedintelui Casei Na\u0163ionale de Pensii Publice<\/strong>, denumit\u0103 \u00een continuare CNPP, <strong>emis \u00een termen de 30 de zile de la data intr\u0103rii \u00een vigoare a prezentei hot\u0103r\u00e2ri<\/strong> \u015fi care se public\u0103 \u00een Monitorul Oficial al Rom\u00e2niei<\/em>.<\/p>\n<\/div>\n<\/div>\n\n<p style=\"text-align: justify;\">\n","protected":false},"excerpt":{"rendered":"<p>&nbsp; 2025<\/p>\n","protected":false},"author":1,"featured_media":0,"parent":0,"menu_order":0,"comment_status":"closed","ping_status":"closed","template":"","meta":{"footnotes":""},"class_list":["post-13983","page","type-page","status-publish","hentry"],"yoast_head":"<!-- This site is optimized with the Yoast SEO plugin v27.3 - https:\/\/yoast.com\/product\/yoast-seo-wordpress\/ -->\n<title>Activitate Contencios Constitu\u021bional - Institu\u021bia Avocatul Poporului<\/title>\n<meta name=\"robots\" content=\"index, follow, max-snippet:-1, max-image-preview:large, max-video-preview:-1\" \/>\n<link rel=\"canonical\" href=\"https:\/\/avp.ro\/index.php\/activitate-contencios-constitutional\/\" \/>\n<meta property=\"og:locale\" content=\"en_US\" \/>\n<meta property=\"og:type\" content=\"article\" \/>\n<meta property=\"og:title\" content=\"Activitate Contencios Constitu\u021bional - Institu\u021bia Avocatul Poporului\" \/>\n<meta property=\"og:description\" content=\"&nbsp; 2025\" \/>\n<meta property=\"og:url\" content=\"https:\/\/avp.ro\/index.php\/activitate-contencios-constitutional\/\" \/>\n<meta property=\"og:site_name\" content=\"Institu\u021bia Avocatul Poporului\" \/>\n<meta property=\"article:modified_time\" content=\"2025-08-18T09:49:55+00:00\" \/>\n<meta name=\"twitter:card\" content=\"summary_large_image\" \/>\n<meta name=\"twitter:label1\" content=\"Est. reading time\" \/>\n\t<meta name=\"twitter:data1\" content=\"2 minutes\" \/>\n<script type=\"application\/ld+json\" class=\"yoast-schema-graph\">{\"@context\":\"https:\\\/\\\/schema.org\",\"@graph\":[{\"@type\":\"WebPage\",\"@id\":\"https:\\\/\\\/avp.ro\\\/index.php\\\/activitate-contencios-constitutional\\\/\",\"url\":\"https:\\\/\\\/avp.ro\\\/index.php\\\/activitate-contencios-constitutional\\\/\",\"name\":\"Activitate Contencios Constitu\u021bional - Institu\u021bia Avocatul Poporului\",\"isPartOf\":{\"@id\":\"https:\\\/\\\/avp.ro\\\/#website\"},\"datePublished\":\"2025-07-17T09:47:36+00:00\",\"dateModified\":\"2025-08-18T09:49:55+00:00\",\"breadcrumb\":{\"@id\":\"https:\\\/\\\/avp.ro\\\/index.php\\\/activitate-contencios-constitutional\\\/#breadcrumb\"},\"inLanguage\":\"en-US\",\"potentialAction\":[{\"@type\":\"ReadAction\",\"target\":[\"https:\\\/\\\/avp.ro\\\/index.php\\\/activitate-contencios-constitutional\\\/\"]}]},{\"@type\":\"BreadcrumbList\",\"@id\":\"https:\\\/\\\/avp.ro\\\/index.php\\\/activitate-contencios-constitutional\\\/#breadcrumb\",\"itemListElement\":[{\"@type\":\"ListItem\",\"position\":1,\"name\":\"Home\",\"item\":\"https:\\\/\\\/avp.ro\\\/\"},{\"@type\":\"ListItem\",\"position\":2,\"name\":\"Activitate Contencios Constitu\u021bional\"}]},{\"@type\":\"WebSite\",\"@id\":\"https:\\\/\\\/avp.ro\\\/#website\",\"url\":\"https:\\\/\\\/avp.ro\\\/\",\"name\":\"Institu\u021bia Avocatul Poporului\",\"description\":\"People\u2019s Advocate institution - Office of the Ombudsman\",\"publisher\":{\"@id\":\"https:\\\/\\\/avp.ro\\\/#organization\"},\"potentialAction\":[{\"@type\":\"SearchAction\",\"target\":{\"@type\":\"EntryPoint\",\"urlTemplate\":\"https:\\\/\\\/avp.ro\\\/?s={search_term_string}\"},\"query-input\":{\"@type\":\"PropertyValueSpecification\",\"valueRequired\":true,\"valueName\":\"search_term_string\"}}],\"inLanguage\":\"en-US\"},{\"@type\":\"Organization\",\"@id\":\"https:\\\/\\\/avp.ro\\\/#organization\",\"name\":\"Institutia Avocatul Poporului\",\"url\":\"https:\\\/\\\/avp.ro\\\/\",\"logo\":{\"@type\":\"ImageObject\",\"inLanguage\":\"en-US\",\"@id\":\"https:\\\/\\\/avp.ro\\\/#\\\/schema\\\/logo\\\/image\\\/\",\"url\":\"https:\\\/\\\/avp.ro\\\/wp-content\\\/uploads\\\/2020\\\/09\\\/cropped-AP.jpg\",\"contentUrl\":\"https:\\\/\\\/avp.ro\\\/wp-content\\\/uploads\\\/2020\\\/09\\\/cropped-AP.jpg\",\"width\":160,\"height\":146,\"caption\":\"Institutia Avocatul Poporului\"},\"image\":{\"@id\":\"https:\\\/\\\/avp.ro\\\/#\\\/schema\\\/logo\\\/image\\\/\"}}]}<\/script>\n<!-- \/ Yoast SEO plugin. -->","yoast_head_json":{"title":"Activitate Contencios Constitu\u021bional - Institu\u021bia Avocatul Poporului","robots":{"index":"index","follow":"follow","max-snippet":"max-snippet:-1","max-image-preview":"max-image-preview:large","max-video-preview":"max-video-preview:-1"},"canonical":"https:\/\/avp.ro\/index.php\/activitate-contencios-constitutional\/","og_locale":"en_US","og_type":"article","og_title":"Activitate Contencios Constitu\u021bional - Institu\u021bia Avocatul Poporului","og_description":"&nbsp; 2025","og_url":"https:\/\/avp.ro\/index.php\/activitate-contencios-constitutional\/","og_site_name":"Institu\u021bia Avocatul Poporului","article_modified_time":"2025-08-18T09:49:55+00:00","twitter_card":"summary_large_image","twitter_misc":{"Est. reading time":"2 minutes"},"schema":{"@context":"https:\/\/schema.org","@graph":[{"@type":"WebPage","@id":"https:\/\/avp.ro\/index.php\/activitate-contencios-constitutional\/","url":"https:\/\/avp.ro\/index.php\/activitate-contencios-constitutional\/","name":"Activitate Contencios Constitu\u021bional - Institu\u021bia Avocatul Poporului","isPartOf":{"@id":"https:\/\/avp.ro\/#website"},"datePublished":"2025-07-17T09:47:36+00:00","dateModified":"2025-08-18T09:49:55+00:00","breadcrumb":{"@id":"https:\/\/avp.ro\/index.php\/activitate-contencios-constitutional\/#breadcrumb"},"inLanguage":"en-US","potentialAction":[{"@type":"ReadAction","target":["https:\/\/avp.ro\/index.php\/activitate-contencios-constitutional\/"]}]},{"@type":"BreadcrumbList","@id":"https:\/\/avp.ro\/index.php\/activitate-contencios-constitutional\/#breadcrumb","itemListElement":[{"@type":"ListItem","position":1,"name":"Home","item":"https:\/\/avp.ro\/"},{"@type":"ListItem","position":2,"name":"Activitate Contencios Constitu\u021bional"}]},{"@type":"WebSite","@id":"https:\/\/avp.ro\/#website","url":"https:\/\/avp.ro\/","name":"Institu\u021bia Avocatul Poporului","description":"People\u2019s Advocate institution - Office of the Ombudsman","publisher":{"@id":"https:\/\/avp.ro\/#organization"},"potentialAction":[{"@type":"SearchAction","target":{"@type":"EntryPoint","urlTemplate":"https:\/\/avp.ro\/?s={search_term_string}"},"query-input":{"@type":"PropertyValueSpecification","valueRequired":true,"valueName":"search_term_string"}}],"inLanguage":"en-US"},{"@type":"Organization","@id":"https:\/\/avp.ro\/#organization","name":"Institutia Avocatul Poporului","url":"https:\/\/avp.ro\/","logo":{"@type":"ImageObject","inLanguage":"en-US","@id":"https:\/\/avp.ro\/#\/schema\/logo\/image\/","url":"https:\/\/avp.ro\/wp-content\/uploads\/2020\/09\/cropped-AP.jpg","contentUrl":"https:\/\/avp.ro\/wp-content\/uploads\/2020\/09\/cropped-AP.jpg","width":160,"height":146,"caption":"Institutia Avocatul Poporului"},"image":{"@id":"https:\/\/avp.ro\/#\/schema\/logo\/image\/"}}]}},"_links":{"self":[{"href":"https:\/\/avp.ro\/index.php\/wp-json\/wp\/v2\/pages\/13983","targetHints":{"allow":["GET"]}}],"collection":[{"href":"https:\/\/avp.ro\/index.php\/wp-json\/wp\/v2\/pages"}],"about":[{"href":"https:\/\/avp.ro\/index.php\/wp-json\/wp\/v2\/types\/page"}],"author":[{"embeddable":true,"href":"https:\/\/avp.ro\/index.php\/wp-json\/wp\/v2\/users\/1"}],"replies":[{"embeddable":true,"href":"https:\/\/avp.ro\/index.php\/wp-json\/wp\/v2\/comments?post=13983"}],"version-history":[{"count":10,"href":"https:\/\/avp.ro\/index.php\/wp-json\/wp\/v2\/pages\/13983\/revisions"}],"predecessor-version":[{"id":14191,"href":"https:\/\/avp.ro\/index.php\/wp-json\/wp\/v2\/pages\/13983\/revisions\/14191"}],"wp:attachment":[{"href":"https:\/\/avp.ro\/index.php\/wp-json\/wp\/v2\/media?parent=13983"}],"curies":[{"name":"wp","href":"https:\/\/api.w.org\/{rel}","templated":true}]}}