{"id":140,"date":"2020-07-17T07:44:33","date_gmt":"2020-07-17T07:44:33","guid":{"rendered":"https:\/\/avp.ro\/?page_id=140"},"modified":"2026-03-31T11:03:42","modified_gmt":"2026-03-31T09:03:42","slug":"transparenta-veniturilor-salariale","status":"publish","type":"page","link":"https:\/\/avp.ro\/index.php\/resurse\/transparenta-veniturilor-salariale\/","title":{"rendered":"Transparen\u021ba veniturilor salariale"},"content":{"rendered":"\r\n<p><strong>Legea-cadru nr.153\/2017 privind salarizarea personalului pl\u0103tit din fonduri publice prevede la art. 33, Transparen\u0163a veniturilor salariale:<\/strong><\/p>\r\n\r\n\r\n\r\n<p><em>(1) Toate autorit\u0103\u0163ile \u015fi institu\u0163iile publice enumerate la art. 2 alin. (1) \u015fi (3) vor publica la sediul propriu \u015fi pe pagina proprie de internet, \u00een datele de 31 martie \u015fi 30 septembrie ale fiec\u0103rui an, \u015fi vor men\u0163ine publicat\u0103 o list\u0103 a tuturor func\u0163iilor din autorit\u0103\u0163ile sau institu\u0163iile publice respective ce intr\u0103 \u00een categoria personalului pl\u0103tit din fonduri publice, cuprinz\u00e2nd urm\u0103toarele:<\/em><\/p>\r\n\r\n\r\n\r\n<p><em>a) salariul de baz\u0103, solda func\u0163iei de baz\u0103\/salariul func\u0163iei de baz\u0103, indemniza\u0163ia de \u00eencadrare sau indemniza\u0163ia lunar\u0103, dup\u0103 caz;<\/em><\/p>\r\n\r\n\r\n\r\n<p><em>b) tipul, baza de calcul, cota procentual\u0103, valoarea brut\u0103 a sporurilor, compensa\u0163iilor, adaosurilor, primelor \u015fi premiilor eligibile pentru fiecare func\u0163ie, precum \u015fi baza legal\u0103 a acord\u0103rii acestora;<\/em><\/p>\r\n\r\n\r\n\r\n<p><em>c) valoarea anual\u0103 a voucherelor de vacan\u0163\u0103 care urmeaz\u0103 s\u0103 fie acordate pentru o perioad\u0103 lucrat\u0103 de un an, precum \u0219i baza legal\u0103 a acord\u0103rii acestora;<\/em><\/p>\r\n\r\n\r\n\r\n<p><em>d) valoarea anual\u0103 a indemniza\u0163iei de hran\u0103 care urmeaz\u0103 s\u0103 fie acordat\u0103 pentru o perioad\u0103 lucrat\u0103 de un an, precum \u0219i baza legal\u0103 a acord\u0103rii acesteia;<\/em><\/p>\r\n\r\n\r\n\r\n<p><em>e) orice alte drepturi \u00een bani \u015fi\/sau \u00een natur\u0103, dac\u0103 este cazul, precum \u015fi baza legal\u0103 a acord\u0103rii acestora;<\/em><\/p>\r\n\r\n\r\n\r\n<p><em>f) orice informa\u0163ii cu privire la posibile limit\u0103ri ale venitului salarial, precum \u015fi baza legal\u0103 a acestora.<\/em><\/p>\r\n\r\n\r\n\r\n\r\n\r\n\r\n\r\n<p>&nbsp;<\/p>\r\n<p>&nbsp;<\/p>\r\n<p><strong>2026<\/strong><\/p>\r\n<div class=\"wp-block-file\"><strong><a href=\"https:\/\/avp.ro\/wp-content\/uploads\/2026\/03\/Lista-indemnizatii-pt.-functii-de-demnitate-publica-31-martie-2026.pdf\">Lista indemniza\u021biilor pentru func\u021bii de demnitate public\u0103 numite la data de 31 martie 2026<\/a><\/strong><\/div>\r\n<p><strong>\r\n\r\n<\/strong><\/p>\r\n<div class=\"wp-block-file\"><strong><a href=\"https:\/\/avp.ro\/wp-content\/uploads\/2026\/03\/Lista-functiilor-din-cabinetul-demnitarului-la-31-martie-2026.pdf\">Lista func\u021biilor din cabinetul demnitarului la data de 31 martie 2026<\/a><\/strong><\/div>\r\n<p><strong>\r\n\r\n<\/strong><\/p>\r\n<div class=\"wp-block-file\"><strong><a href=\"https:\/\/avp.ro\/wp-content\/uploads\/2026\/03\/Lista-functiilor-de-conducere-si-de-executie-la-31-martie-2026.pdf\">Lista func\u021biilor de conducere \u0219i de execu\u021bie la data de 31 martie 2026<\/a><\/strong><\/div>\r\n<p><strong>2025<\/strong><\/p>\r\n<div class=\"wp-block-file\"><a href=\"https:\/\/avp.ro\/wp-content\/uploads\/2025\/09\/Lista-indemnizatii-pt.-functii-de-demnitate-publica-30-septembrie-2025.pdf\"><strong>Lista indemniza\u021biilor pentru func\u021bii de demnitate public\u0103 numite la data de 30 septembrie 2025<\/strong><\/a><\/div>\r\n<p><strong>\r\n\r\n<\/strong><\/p>\r\n<div class=\"wp-block-file\"><a href=\"https:\/\/avp.ro\/wp-content\/uploads\/2025\/09\/Lista-functiilor-din-cabinetul-demnitarului-la-30-septembrie-2025.pdf\"><strong>Lista func\u021biilor din cabinetul demnitarului la data de 30 septembrie 2025<\/strong><\/a><\/div>\r\n<p><strong>\r\n\r\n<\/strong><\/p>\r\n<div class=\"wp-block-file\"><a href=\"https:\/\/avp.ro\/wp-content\/uploads\/2025\/09\/Lista-functiilor-de-conducere-si-de-executie-la-30-septembrie-2025.pdf\"><strong>Lista func\u021biilor de conducere \u0219i de execu\u021bie la data de 30 septembrie 2025<\/strong><\/a><\/div>\r\n<div>\u00a0<\/div>\r\n<div class=\"wp-block-file\"><strong><a href=\"https:\/\/avp.ro\/wp-content\/uploads\/2025\/03\/Lista-indemnizatii-pt.-functii-de-demnitate-publica-31-martie-2025.pdf\">Lista indemniza\u021biilor pentru func\u021bii de demnitate public\u0103 numite la data de 31 martie 2025<\/a><\/strong><\/div>\r\n<p><strong>\r\n\r\n<\/strong><\/p>\r\n<div class=\"wp-block-file\"><strong><a href=\"https:\/\/avp.ro\/wp-content\/uploads\/2025\/03\/Lista-functiilor-din-cabinetul-demnitarului-la-31-martie-2025.pdf\">Lista func\u021biilor din cabinetul demnitarului la data de 31 martie 2025<\/a><\/strong><\/div>\r\n<p><strong>\r\n\r\n<\/strong><\/p>\r\n<div class=\"wp-block-file\"><a href=\"https:\/\/avp.ro\/wp-content\/uploads\/2025\/04\/martie-2025.pdf\"><strong>Lista func\u021biilor de conducere \u0219i de execu\u021bie la data de 31 martie 2025<\/strong><\/a><\/div>\r\n<p><strong>2024<\/strong><\/p>\r\n<div class=\"wp-block-file\"><strong><a href=\"https:\/\/avp.ro\/wp-content\/uploads\/2024\/09\/Lista-indemnizatii-pt.-functii-de-demnitate-publica-30-septembrie-2024.pdf\">Lista indemniza\u021biilor pentru func\u021bii de demnitate public\u0103 numite la data de 30 septembrie 2024<\/a><\/strong><\/div>\r\n<p><strong>\r\n\r\n<\/strong><\/p>\r\n<div class=\"wp-block-file\"><strong><a href=\"https:\/\/avp.ro\/wp-content\/uploads\/2024\/09\/Lista-functiilor-din-cabinetul-demnitarului-la-30-septembrie-2024.pdf\">Lista func\u021biilor din cabinetul demnitarului la data de 30 septembrie 2024<\/a><\/strong><\/div>\r\n<p><strong>\r\n\r\n<\/strong><\/p>\r\n<div class=\"wp-block-file\"><a href=\"https:\/\/avp.ro\/wp-content\/uploads\/2025\/04\/sept-2024.pdf\"><strong>Lista func\u021biilor de conducere \u0219i de execu\u021bie la data de 30 septembrie 2024<\/strong><\/a><\/div>\r\n<div>\u00a0<\/div>\r\n<div class=\"wp-block-file\"><strong><a href=\"https:\/\/avp.ro\/wp-content\/uploads\/2024\/03\/Lista-indemnizatii-pt-functii-de-demnitate-publica-31-martie2024.pdf\">Lista indemniza\u021biilor pentru func\u021bii de demnitate public\u0103 numite la data de 31 martie 2024<\/a><\/strong><\/div>\r\n<p><strong>\r\n\r\n<\/strong><\/p>\r\n<div class=\"wp-block-file\"><strong><a href=\"https:\/\/avp.ro\/wp-content\/uploads\/2024\/05\/lista-functiilor-din-cabinetul-demnitarului.pdf\">Lista func\u021biilor din cabinetul demnitarului la data de 31 martie 2024<\/a><\/strong><\/div>\r\n<p><strong>\r\n\r\n<\/strong><\/p>\r\n<div class=\"wp-block-file\"><strong><a href=\"https:\/\/avp.ro\/wp-content\/uploads\/2024\/03\/Lista-functiilor-de-conducere-si-de-executie-la-31-martie-2024.pdf\">Lista func\u021biilor de conducere \u0219i de execu\u021bie la data de 31 martie 2024<\/a><\/strong><\/div>\r\n<p><strong>2023<\/strong><\/p>\r\n<div class=\"wp-block-file\"><strong><a href=\"https:\/\/avp.ro\/wp-content\/uploads\/2023\/09\/Lista-indemnizatiilor-pentru-functiile-de-demnitate-publica-numite-la-data-de-30-septembrie-2023.pdf\">Lista indemniza\u021biilor pentru func\u021bii de demnitate public\u0103 numite la data de 30 septembrie 2023<\/a><\/strong><\/div>\r\n<p><strong>\r\n\r\n<\/strong><\/p>\r\n<div class=\"wp-block-file\"><strong><a href=\"https:\/\/avp.ro\/wp-content\/uploads\/2023\/09\/Lista-functiilor-din-cabinetul-demnitarului-la-30-septembrie-2023.pdf\">Lista func\u021biilor din cabinetul demnitarului la data de 30 septembrie 2023<\/a><\/strong><\/div>\r\n<p><strong>\r\n\r\n<\/strong><\/p>\r\n<div class=\"wp-block-file\"><strong><a href=\"https:\/\/avp.ro\/wp-content\/uploads\/2023\/09\/Lista-functiilor-de-conducere-si-de-executie-la-30-septembrie-2023.pdf\">Lista func\u021biilor de conducere \u0219i de execu\u021bie la data de 30 septembrie 2023<\/a><\/strong><\/div>\r\n<div>\u00a0<\/div>\r\n<div class=\"wp-block-file\"><strong><a href=\"https:\/\/avp.ro\/wp-content\/uploads\/2023\/03\/Lista-indemnizatii-pt-functii-de-demnitate-publica-31martie-2023.pdf\">Lista indemniza\u021biilor pentru func\u021bii de demnitate public\u0103 numite la data de 31 martie 2023<\/a><\/strong><\/div>\r\n<p><strong>\r\n\r\n<\/strong><\/p>\r\n<div class=\"wp-block-file\"><strong><a href=\"https:\/\/avp.ro\/wp-content\/uploads\/2023\/03\/Lista-functiilor-din-cabinetul-demnitarului-la-31-martie-2023.pdf\">Lista func\u021biilor din cabinetul demnitarului la data de 31 martie 2023<\/a><\/strong><\/div>\r\n<p><strong>\r\n\r\n<\/strong><\/p>\r\n<div class=\"wp-block-file\"><strong><a href=\"https:\/\/avp.ro\/wp-content\/uploads\/2023\/03\/Lista-functiilor-de-conducere-si-de-executie-la-31-martie-2023.pdf\">Lista func\u021biilor de conducere \u0219i de execu\u021bie la data de 31 martie 2023<\/a><\/strong><\/div>\r\n<p><strong>2022<\/strong><\/p>\r\n<p>\r\n\r\n<\/p>\r\n<div class=\"wp-block-file\"><a href=\"https:\/\/avp.ro\/wp-content\/uploads\/2022\/09\/Lista-indemnizatii-pt.-functii-de-demnitate-publica-30.09.2022.pdf\"><strong>Lista indemniza\u021biilor pentru func\u021bii de demnitate public\u0103 numite la data de 30 septembrie 2022<\/strong><\/a><\/div>\r\n<p><strong>\r\n\r\n<\/strong><\/p>\r\n<div class=\"wp-block-file\"><a href=\"https:\/\/avp.ro\/wp-content\/uploads\/2022\/09\/Lista-functiilor-de-executie-din-cabinetul-demnitarului-30.09.2022.pdf\"><strong>Lista func\u021biilor din cabinetul demnitarului la data de 30 septembrie 2022<\/strong><\/a><\/div>\r\n<p><strong>\r\n\r\n<\/strong><\/p>\r\n<div class=\"wp-block-file\"><a href=\"https:\/\/avp.ro\/wp-content\/uploads\/2022\/09\/Lista-functiilor-de-conducere-si-de-executie-la-30.09.2022.pdf\"><strong>Lista func\u021biilor de conducere \u0219i de execu\u021bie la data de 30 septembrie 2022<\/strong><\/a><\/div>\r\n<div>\u00a0<\/div>\r\n\r\n\r\n\r\n<div class=\"wp-block-file\"><strong><a href=\"https:\/\/avp.ro\/wp-content\/uploads\/2022\/03\/Lista-indemnizatii-functii-de-demnitate-publica-31_03_2022.pdf\">Lista indemniza\u021biilor pentru func\u021bii de demnitate public\u0103 numite la data de 31 martie 2022<\/a><\/strong><\/div>\r\n<p><strong>\r\n\r\n<\/strong><\/p>\r\n<div class=\"wp-block-file\"><strong><a href=\"https:\/\/avp.ro\/wp-content\/uploads\/2022\/03\/Lista-indemnizatii-functii-din-cabinetul-demnitarului-31_03_2022.pdf\">Lista func\u021biilor din cabinetul demnitarului la data de 31 martie 2022<\/a><\/strong><\/div>\r\n<p><strong>\r\n\r\n<\/strong><\/p>\r\n<div class=\"wp-block-file\"><strong><a href=\"https:\/\/avp.ro\/wp-content\/uploads\/2022\/03\/Lista-functiilor-de-conducere-si-de-executie-la-31_03_2022.pdf\">Lista func\u021biilor de conducere \u0219i de execu\u021bie la data de 31 martie 2022<\/a><\/strong><\/div>\r\n<p><strong>2021<\/strong><\/p>\r\n<div class=\"wp-block-file\"><strong><a href=\"https:\/\/avp.ro\/wp-content\/uploads\/2021\/09\/Lista-indemnizatiilor-pentru-functiile-de-demnitate-publica-numite-la-data-de-30-septembrie-2021.pdf\">Lista indemniza\u021biilor pentru func\u021bii de demnitate public\u0103 numite la data de 31 septembrie 2021<\/a><\/strong><\/div>\r\n<p><strong>\r\n\r\n<\/strong><\/p>\r\n<div class=\"wp-block-file\"><strong><a href=\"https:\/\/avp.ro\/wp-content\/uploads\/2021\/09\/Lista-functiilor-din-cabinetul-demnitarului-la-30-septembrie-2021.pdf\">Lista func\u021biilor din cabinetul demnitarului la data de 31 septembrie 2021<\/a><\/strong><\/div>\r\n<p><strong>\r\n\r\n<\/strong><\/p>\r\n<div class=\"wp-block-file\"><strong><a href=\"https:\/\/avp.ro\/wp-content\/uploads\/2021\/09\/Lista-functiilor-de-conducere-si-de-executie-la-30-septembrie-2021.pdf\">Lista func\u021biilor de conducere \u0219i de execu\u021bie la data de 31 septembrie 2021<\/a><\/strong><\/div>\r\n<div>\u00a0<\/div>\r\n<div class=\"wp-block-file\"><strong><a href=\"https:\/\/avp.ro\/wp-content\/uploads\/2021\/03\/Lista-indemnizatiilor-pentru-functiile-de-demnitate-publica-numite-la-data-de-31-martie-2021.pdf\">Lista indemniza\u021biilor pentru func\u021bii de demnitate public\u0103 numite la data de 31 martie 2021<\/a><\/strong><\/div>\r\n<p>\r\n\r\n<\/p>\r\n<div class=\"wp-block-file\"><strong><a href=\"https:\/\/avp.ro\/wp-content\/uploads\/2021\/03\/Lista-functiilor-din-cabinetul-demnitarului-la-31-martie-2021.pdf\">Lista func\u021biilor din cabinetul demnitarului la data de 31 martie 2021<\/a><\/strong><\/div>\r\n<p>\r\n\r\n<\/p>\r\n<div class=\"wp-block-file\"><strong><a href=\"https:\/\/avp.ro\/wp-content\/uploads\/2021\/03\/Lista-functiilor-de-conducere-si-de-executie-la-31-martie-2021.pdf\">Lista func\u021biilor de conducere \u0219i de execu\u021bie la data de 31 martie 2021<\/a><\/strong><\/div>\r\n<p><strong>2020<\/strong><\/p>\r\n<div class=\"wp-block-file\"><strong><a href=\"https:\/\/avp.ro\/wp-content\/uploads\/2020\/09\/Lista-indemnizatiilor-pentru-functiile-de-demnitate-publica-numite-la-data-de-30-septembrie-2020.pdf\">Lista indemniza\u021biilor pentru func\u021bii de demnitate public\u0103 numite la data de 30 septembrie 2020<\/a><\/strong><\/div>\r\n<div class=\"wp-block-file\">\r\n<p style=\"font-weight: 400;\"><strong><a href=\"https:\/\/avp.ro\/wp-content\/uploads\/2020\/09\/Lista-functiilor-din-cabinetul-demnitarului-la-30-septembrie-2020.pdf\">Lista func\u021biilor din cabinetul demnitarului la data de 30 septembrie 2020<\/a><\/strong><\/p>\r\n<p><a href=\"https:\/\/avp.ro\/wp-content\/uploads\/2020\/09\/Lista-functiilor-de-conducere-si-de-executie-la-30-septembrie-2020.pdf\"><strong>Lista func\u021biilor de conducere \u0219i de execu\u021bie la data de 30 septembrie 2020<\/strong><\/a><\/p>\r\n<p>&nbsp;<\/p>\r\n<p><strong><a href=\"https:\/\/avp.ro\/wp-content\/uploads\/2020\/07\/functii_demnitate_publica_martie2020-2.pdf\">Lista indemniza\u021biilor pentru func\u021bii de demnitate public\u0103 numite la data de 31 martie 2020<\/a><\/strong><\/p>\r\n<p><strong><a href=\"https:\/\/avp.ro\/wp-content\/uploads\/2020\/07\/functii_cabinet_martie2020.pdf\">Lista func\u021biilor din cabinetul demnitarului la data de 31 martie 2020<\/a><\/strong><\/p>\r\n<p><strong><a href=\"https:\/\/avp.ro\/wp-content\/uploads\/2020\/07\/functii_executie_martie2020-1.pdf\">Lista func\u021biilor de conducere \u0219i de execu\u021bie la data de 31 martie 2020<\/a><\/strong><\/p>\r\n<\/div>\r\n<p>&nbsp;<\/p>\r\n<p><em>Pentru informa\u021bii suplimentare (arhiv\u0103) accesa\u021bi site-ul vechi al institu\u021biei Avocatul Poporului: <a href=\"http:\/\/old.avpoporului.ro\">old.avpoporului.ro<\/a><\/em><\/p>\r\n<div class=\"wp-block-file\">\r\n<div class=\"wp-block-file\">\r\n<div class=\"wp-block-file\">\r\n<p>&nbsp;<\/p>\r\n<p>&nbsp;<\/p>\r\n<\/div>\r\n<\/div>\r\n<\/div>","protected":false},"excerpt":{"rendered":"<p>Legea-cadru nr.153\/2017 privind salarizarea personalului pl\u0103tit din fonduri publice prevede la art. 33, Transparen\u0163a veniturilor salariale: (1) Toate autorit\u0103\u0163ile \u015fi institu\u0163iile publice enumerate la art. 2 alin. (1) \u015fi (3)&hellip; <\/p>\n","protected":false},"author":1,"featured_media":0,"parent":60,"menu_order":6,"comment_status":"closed","ping_status":"closed","template":"","meta":{"footnotes":""},"class_list":["post-140","page","type-page","status-publish","hentry"],"yoast_head":"<!-- This site is optimized with the Yoast SEO plugin v27.4 - https:\/\/yoast.com\/product\/yoast-seo-wordpress\/ -->\n<title>Transparen\u021ba veniturilor salariale - Institu\u021bia Avocatul Poporului<\/title>\n<meta name=\"robots\" content=\"index, follow, max-snippet:-1, max-image-preview:large, max-video-preview:-1\" \/>\n<link rel=\"canonical\" href=\"https:\/\/avp.ro\/index.php\/resurse\/transparenta-veniturilor-salariale\/\" \/>\n<meta property=\"og:locale\" content=\"en_US\" \/>\n<meta property=\"og:type\" content=\"article\" \/>\n<meta property=\"og:title\" content=\"Transparen\u021ba veniturilor salariale - Institu\u021bia Avocatul Poporului\" \/>\n<meta property=\"og:description\" content=\"Legea-cadru nr.153\/2017 privind salarizarea personalului pl\u0103tit din fonduri publice prevede la art. 33, Transparen\u0163a veniturilor salariale: (1) Toate autorit\u0103\u0163ile \u015fi institu\u0163iile publice enumerate la art. 2 alin. (1) \u015fi (3)&hellip;\" \/>\n<meta property=\"og:url\" content=\"https:\/\/avp.ro\/index.php\/resurse\/transparenta-veniturilor-salariale\/\" \/>\n<meta property=\"og:site_name\" content=\"Institu\u021bia Avocatul Poporului\" \/>\n<meta property=\"article:modified_time\" content=\"2026-03-31T09:03:42+00:00\" \/>\n<meta name=\"twitter:card\" content=\"summary_large_image\" \/>\n<meta name=\"twitter:label1\" content=\"Est. reading time\" \/>\n\t<meta name=\"twitter:data1\" content=\"4 minutes\" \/>\n<script type=\"application\/ld+json\" class=\"yoast-schema-graph\">{\"@context\":\"https:\\\/\\\/schema.org\",\"@graph\":[{\"@type\":\"WebPage\",\"@id\":\"https:\\\/\\\/avp.ro\\\/index.php\\\/resurse\\\/transparenta-veniturilor-salariale\\\/\",\"url\":\"https:\\\/\\\/avp.ro\\\/index.php\\\/resurse\\\/transparenta-veniturilor-salariale\\\/\",\"name\":\"Transparen\u021ba veniturilor salariale - Institu\u021bia Avocatul Poporului\",\"isPartOf\":{\"@id\":\"https:\\\/\\\/avp.ro\\\/#website\"},\"datePublished\":\"2020-07-17T07:44:33+00:00\",\"dateModified\":\"2026-03-31T09:03:42+00:00\",\"breadcrumb\":{\"@id\":\"https:\\\/\\\/avp.ro\\\/index.php\\\/resurse\\\/transparenta-veniturilor-salariale\\\/#breadcrumb\"},\"inLanguage\":\"en-US\",\"potentialAction\":[{\"@type\":\"ReadAction\",\"target\":[\"https:\\\/\\\/avp.ro\\\/index.php\\\/resurse\\\/transparenta-veniturilor-salariale\\\/\"]}]},{\"@type\":\"BreadcrumbList\",\"@id\":\"https:\\\/\\\/avp.ro\\\/index.php\\\/resurse\\\/transparenta-veniturilor-salariale\\\/#breadcrumb\",\"itemListElement\":[{\"@type\":\"ListItem\",\"position\":1,\"name\":\"Home\",\"item\":\"https:\\\/\\\/avp.ro\\\/\"},{\"@type\":\"ListItem\",\"position\":2,\"name\":\"RESURSE\",\"item\":\"https:\\\/\\\/avp.ro\\\/index.php\\\/resurse\\\/\"},{\"@type\":\"ListItem\",\"position\":3,\"name\":\"Transparen\u021ba veniturilor salariale\"}]},{\"@type\":\"WebSite\",\"@id\":\"https:\\\/\\\/avp.ro\\\/#website\",\"url\":\"https:\\\/\\\/avp.ro\\\/\",\"name\":\"Institu\u021bia Avocatul Poporului\",\"description\":\"People\u2019s Advocate institution - Office of the Ombudsman\",\"publisher\":{\"@id\":\"https:\\\/\\\/avp.ro\\\/#organization\"},\"potentialAction\":[{\"@type\":\"SearchAction\",\"target\":{\"@type\":\"EntryPoint\",\"urlTemplate\":\"https:\\\/\\\/avp.ro\\\/?s={search_term_string}\"},\"query-input\":{\"@type\":\"PropertyValueSpecification\",\"valueRequired\":true,\"valueName\":\"search_term_string\"}}],\"inLanguage\":\"en-US\"},{\"@type\":\"Organization\",\"@id\":\"https:\\\/\\\/avp.ro\\\/#organization\",\"name\":\"Institutia Avocatul Poporului\",\"url\":\"https:\\\/\\\/avp.ro\\\/\",\"logo\":{\"@type\":\"ImageObject\",\"inLanguage\":\"en-US\",\"@id\":\"https:\\\/\\\/avp.ro\\\/#\\\/schema\\\/logo\\\/image\\\/\",\"url\":\"https:\\\/\\\/avp.ro\\\/wp-content\\\/uploads\\\/2020\\\/09\\\/cropped-AP.jpg\",\"contentUrl\":\"https:\\\/\\\/avp.ro\\\/wp-content\\\/uploads\\\/2020\\\/09\\\/cropped-AP.jpg\",\"width\":160,\"height\":146,\"caption\":\"Institutia Avocatul Poporului\"},\"image\":{\"@id\":\"https:\\\/\\\/avp.ro\\\/#\\\/schema\\\/logo\\\/image\\\/\"}}]}<\/script>\n<!-- \/ Yoast SEO plugin. -->","yoast_head_json":{"title":"Transparen\u021ba veniturilor salariale - Institu\u021bia Avocatul Poporului","robots":{"index":"index","follow":"follow","max-snippet":"max-snippet:-1","max-image-preview":"max-image-preview:large","max-video-preview":"max-video-preview:-1"},"canonical":"https:\/\/avp.ro\/index.php\/resurse\/transparenta-veniturilor-salariale\/","og_locale":"en_US","og_type":"article","og_title":"Transparen\u021ba veniturilor salariale - Institu\u021bia Avocatul Poporului","og_description":"Legea-cadru nr.153\/2017 privind salarizarea personalului pl\u0103tit din fonduri publice prevede la art. 33, Transparen\u0163a veniturilor salariale: (1) Toate autorit\u0103\u0163ile \u015fi institu\u0163iile publice enumerate la art. 2 alin. (1) \u015fi (3)&hellip;","og_url":"https:\/\/avp.ro\/index.php\/resurse\/transparenta-veniturilor-salariale\/","og_site_name":"Institu\u021bia Avocatul Poporului","article_modified_time":"2026-03-31T09:03:42+00:00","twitter_card":"summary_large_image","twitter_misc":{"Est. reading time":"4 minutes"},"schema":{"@context":"https:\/\/schema.org","@graph":[{"@type":"WebPage","@id":"https:\/\/avp.ro\/index.php\/resurse\/transparenta-veniturilor-salariale\/","url":"https:\/\/avp.ro\/index.php\/resurse\/transparenta-veniturilor-salariale\/","name":"Transparen\u021ba veniturilor salariale - Institu\u021bia Avocatul Poporului","isPartOf":{"@id":"https:\/\/avp.ro\/#website"},"datePublished":"2020-07-17T07:44:33+00:00","dateModified":"2026-03-31T09:03:42+00:00","breadcrumb":{"@id":"https:\/\/avp.ro\/index.php\/resurse\/transparenta-veniturilor-salariale\/#breadcrumb"},"inLanguage":"en-US","potentialAction":[{"@type":"ReadAction","target":["https:\/\/avp.ro\/index.php\/resurse\/transparenta-veniturilor-salariale\/"]}]},{"@type":"BreadcrumbList","@id":"https:\/\/avp.ro\/index.php\/resurse\/transparenta-veniturilor-salariale\/#breadcrumb","itemListElement":[{"@type":"ListItem","position":1,"name":"Home","item":"https:\/\/avp.ro\/"},{"@type":"ListItem","position":2,"name":"RESURSE","item":"https:\/\/avp.ro\/index.php\/resurse\/"},{"@type":"ListItem","position":3,"name":"Transparen\u021ba veniturilor salariale"}]},{"@type":"WebSite","@id":"https:\/\/avp.ro\/#website","url":"https:\/\/avp.ro\/","name":"Institu\u021bia Avocatul Poporului","description":"People\u2019s Advocate institution - Office of the Ombudsman","publisher":{"@id":"https:\/\/avp.ro\/#organization"},"potentialAction":[{"@type":"SearchAction","target":{"@type":"EntryPoint","urlTemplate":"https:\/\/avp.ro\/?s={search_term_string}"},"query-input":{"@type":"PropertyValueSpecification","valueRequired":true,"valueName":"search_term_string"}}],"inLanguage":"en-US"},{"@type":"Organization","@id":"https:\/\/avp.ro\/#organization","name":"Institutia Avocatul Poporului","url":"https:\/\/avp.ro\/","logo":{"@type":"ImageObject","inLanguage":"en-US","@id":"https:\/\/avp.ro\/#\/schema\/logo\/image\/","url":"https:\/\/avp.ro\/wp-content\/uploads\/2020\/09\/cropped-AP.jpg","contentUrl":"https:\/\/avp.ro\/wp-content\/uploads\/2020\/09\/cropped-AP.jpg","width":160,"height":146,"caption":"Institutia Avocatul Poporului"},"image":{"@id":"https:\/\/avp.ro\/#\/schema\/logo\/image\/"}}]}},"_links":{"self":[{"href":"https:\/\/avp.ro\/index.php\/wp-json\/wp\/v2\/pages\/140","targetHints":{"allow":["GET"]}}],"collection":[{"href":"https:\/\/avp.ro\/index.php\/wp-json\/wp\/v2\/pages"}],"about":[{"href":"https:\/\/avp.ro\/index.php\/wp-json\/wp\/v2\/types\/page"}],"author":[{"embeddable":true,"href":"https:\/\/avp.ro\/index.php\/wp-json\/wp\/v2\/users\/1"}],"replies":[{"embeddable":true,"href":"https:\/\/avp.ro\/index.php\/wp-json\/wp\/v2\/comments?post=140"}],"version-history":[{"count":51,"href":"https:\/\/avp.ro\/index.php\/wp-json\/wp\/v2\/pages\/140\/revisions"}],"predecessor-version":[{"id":15609,"href":"https:\/\/avp.ro\/index.php\/wp-json\/wp\/v2\/pages\/140\/revisions\/15609"}],"up":[{"embeddable":true,"href":"https:\/\/avp.ro\/index.php\/wp-json\/wp\/v2\/pages\/60"}],"wp:attachment":[{"href":"https:\/\/avp.ro\/index.php\/wp-json\/wp\/v2\/media?parent=140"}],"curies":[{"name":"wp","href":"https:\/\/api.w.org\/{rel}","templated":true}]}}