{"id":14089,"date":"2025-07-31T11:46:00","date_gmt":"2025-07-31T09:46:00","guid":{"rendered":"https:\/\/avp.ro\/?page_id=14089"},"modified":"2025-11-27T11:44:38","modified_gmt":"2025-11-27T09:44:38","slug":"exceptii-de-neconstitutionalitate-2025","status":"publish","type":"page","link":"https:\/\/avp.ro\/index.php\/exceptii-de-neconstitutionalitate-2025\/","title":{"rendered":"Excep\u0163ii de neconstitu\u0163ionalitate 2025"},"content":{"rendered":"<p>&nbsp;<\/p>\n<p style=\"text-align: center;\"><a href=\"https:\/\/avp.ro\/wp-content\/uploads\/2025\/11\/Exc-art-25-al-4-Lg-205-2004.pdf\"><strong><em>Excep\u021bie de neconstitu\u021bionalitate av\u00e2nd ca obiect dispozi\u021biile art. 25 alin. (4) din Legea nr. 205\/2004 privind protec\u021bia animalelor, republicat\u0103, cu modific\u0103rile \u0219i complet\u0103rile ulterioare, 27 noiembrie 2025<\/em><\/strong><\/a><\/p>\n<p>&nbsp;<\/p>\n<p style=\"text-align: center;\"><a href=\"https:\/\/avp.ro\/wp-content\/uploads\/2025\/07\/Exc-art-4-ind1-al-5-Lg-17-2014.pdf\"><strong><em>Excep\u021bie de neconstitu\u021bionalitate a prevederilor art. 4<sup>1 <\/sup>alin. (5) din Legea nr. 17\/2014<\/em><\/strong> <strong><em>privind unele m\u0103suri de reglementare a v\u00e2nz\u0103rii terenurilor agricole situate \u00een extravilan \u015fi de modificare a Legii nr. 268\/2001 privind privatizarea societ\u0103\u0163ilor ce de\u0163in \u00een administrare terenuri proprietate public\u0103 \u015fi privat\u0103 a statului cu destina\u0163ie agricol\u0103 \u015fi \u00eenfiin\u0163area Agen\u0163iei Domeniilor Statului, cu modific\u0103rile \u0219i complet\u0103rile ulterioare, cu referire la sintagma \u201e\u00een condi\u021biile prezentei legi\u201d, 30 iulie 2025<\/em><\/strong><\/a><\/p>\n","protected":false},"excerpt":{"rendered":"<p>&nbsp; Excep\u021bie de neconstitu\u021bionalitate av\u00e2nd ca obiect dispozi\u021biile art. 25 alin. (4) din Legea nr. 205\/2004 privind protec\u021bia animalelor, republicat\u0103, cu modific\u0103rile \u0219i complet\u0103rile ulterioare, 27 noiembrie 2025 &nbsp; Excep\u021bie&hellip; <\/p>\n","protected":false},"author":1,"featured_media":0,"parent":0,"menu_order":0,"comment_status":"closed","ping_status":"closed","template":"","meta":{"footnotes":""},"class_list":["post-14089","page","type-page","status-publish","hentry"],"yoast_head":"<!-- This site is optimized with the Yoast SEO plugin v27.3 - https:\/\/yoast.com\/product\/yoast-seo-wordpress\/ -->\n<title>Excep\u0163ii de neconstitu\u0163ionalitate 2025 - Institu\u021bia Avocatul Poporului<\/title>\n<meta name=\"robots\" content=\"index, follow, max-snippet:-1, max-image-preview:large, max-video-preview:-1\" \/>\n<link rel=\"canonical\" href=\"https:\/\/avp.ro\/index.php\/exceptii-de-neconstitutionalitate-2025\/\" \/>\n<meta property=\"og:locale\" content=\"en_US\" \/>\n<meta property=\"og:type\" content=\"article\" \/>\n<meta property=\"og:title\" content=\"Excep\u0163ii de neconstitu\u0163ionalitate 2025 - Institu\u021bia Avocatul Poporului\" \/>\n<meta property=\"og:description\" content=\"&nbsp; Excep\u021bie de neconstitu\u021bionalitate av\u00e2nd ca obiect dispozi\u021biile art. 25 alin. (4) din Legea nr. 205\/2004 privind protec\u021bia animalelor, republicat\u0103, cu modific\u0103rile \u0219i complet\u0103rile ulterioare, 27 noiembrie 2025 &nbsp; Excep\u021bie&hellip;\" \/>\n<meta property=\"og:url\" content=\"https:\/\/avp.ro\/index.php\/exceptii-de-neconstitutionalitate-2025\/\" \/>\n<meta property=\"og:site_name\" content=\"Institu\u021bia Avocatul Poporului\" \/>\n<meta property=\"article:modified_time\" content=\"2025-11-27T09:44:38+00:00\" \/>\n<meta name=\"twitter:card\" content=\"summary_large_image\" \/>\n<meta name=\"twitter:label1\" content=\"Est. reading time\" \/>\n\t<meta name=\"twitter:data1\" content=\"1 minute\" \/>\n<script type=\"application\/ld+json\" class=\"yoast-schema-graph\">{\"@context\":\"https:\\\/\\\/schema.org\",\"@graph\":[{\"@type\":\"WebPage\",\"@id\":\"https:\\\/\\\/avp.ro\\\/index.php\\\/exceptii-de-neconstitutionalitate-2025\\\/\",\"url\":\"https:\\\/\\\/avp.ro\\\/index.php\\\/exceptii-de-neconstitutionalitate-2025\\\/\",\"name\":\"Excep\u0163ii de neconstitu\u0163ionalitate 2025 - Institu\u021bia Avocatul Poporului\",\"isPartOf\":{\"@id\":\"https:\\\/\\\/avp.ro\\\/#website\"},\"datePublished\":\"2025-07-31T09:46:00+00:00\",\"dateModified\":\"2025-11-27T09:44:38+00:00\",\"breadcrumb\":{\"@id\":\"https:\\\/\\\/avp.ro\\\/index.php\\\/exceptii-de-neconstitutionalitate-2025\\\/#breadcrumb\"},\"inLanguage\":\"en-US\",\"potentialAction\":[{\"@type\":\"ReadAction\",\"target\":[\"https:\\\/\\\/avp.ro\\\/index.php\\\/exceptii-de-neconstitutionalitate-2025\\\/\"]}]},{\"@type\":\"BreadcrumbList\",\"@id\":\"https:\\\/\\\/avp.ro\\\/index.php\\\/exceptii-de-neconstitutionalitate-2025\\\/#breadcrumb\",\"itemListElement\":[{\"@type\":\"ListItem\",\"position\":1,\"name\":\"Home\",\"item\":\"https:\\\/\\\/avp.ro\\\/\"},{\"@type\":\"ListItem\",\"position\":2,\"name\":\"Excep\u0163ii de neconstitu\u0163ionalitate 2025\"}]},{\"@type\":\"WebSite\",\"@id\":\"https:\\\/\\\/avp.ro\\\/#website\",\"url\":\"https:\\\/\\\/avp.ro\\\/\",\"name\":\"Institu\u021bia Avocatul Poporului\",\"description\":\"People\u2019s Advocate institution - Office of the Ombudsman\",\"publisher\":{\"@id\":\"https:\\\/\\\/avp.ro\\\/#organization\"},\"potentialAction\":[{\"@type\":\"SearchAction\",\"target\":{\"@type\":\"EntryPoint\",\"urlTemplate\":\"https:\\\/\\\/avp.ro\\\/?s={search_term_string}\"},\"query-input\":{\"@type\":\"PropertyValueSpecification\",\"valueRequired\":true,\"valueName\":\"search_term_string\"}}],\"inLanguage\":\"en-US\"},{\"@type\":\"Organization\",\"@id\":\"https:\\\/\\\/avp.ro\\\/#organization\",\"name\":\"Institutia Avocatul Poporului\",\"url\":\"https:\\\/\\\/avp.ro\\\/\",\"logo\":{\"@type\":\"ImageObject\",\"inLanguage\":\"en-US\",\"@id\":\"https:\\\/\\\/avp.ro\\\/#\\\/schema\\\/logo\\\/image\\\/\",\"url\":\"https:\\\/\\\/avp.ro\\\/wp-content\\\/uploads\\\/2020\\\/09\\\/cropped-AP.jpg\",\"contentUrl\":\"https:\\\/\\\/avp.ro\\\/wp-content\\\/uploads\\\/2020\\\/09\\\/cropped-AP.jpg\",\"width\":160,\"height\":146,\"caption\":\"Institutia Avocatul Poporului\"},\"image\":{\"@id\":\"https:\\\/\\\/avp.ro\\\/#\\\/schema\\\/logo\\\/image\\\/\"}}]}<\/script>\n<!-- \/ Yoast SEO plugin. -->","yoast_head_json":{"title":"Excep\u0163ii de neconstitu\u0163ionalitate 2025 - Institu\u021bia Avocatul Poporului","robots":{"index":"index","follow":"follow","max-snippet":"max-snippet:-1","max-image-preview":"max-image-preview:large","max-video-preview":"max-video-preview:-1"},"canonical":"https:\/\/avp.ro\/index.php\/exceptii-de-neconstitutionalitate-2025\/","og_locale":"en_US","og_type":"article","og_title":"Excep\u0163ii de neconstitu\u0163ionalitate 2025 - Institu\u021bia Avocatul Poporului","og_description":"&nbsp; Excep\u021bie de neconstitu\u021bionalitate av\u00e2nd ca obiect dispozi\u021biile art. 25 alin. (4) din Legea nr. 205\/2004 privind protec\u021bia animalelor, republicat\u0103, cu modific\u0103rile \u0219i complet\u0103rile ulterioare, 27 noiembrie 2025 &nbsp; Excep\u021bie&hellip;","og_url":"https:\/\/avp.ro\/index.php\/exceptii-de-neconstitutionalitate-2025\/","og_site_name":"Institu\u021bia Avocatul Poporului","article_modified_time":"2025-11-27T09:44:38+00:00","twitter_card":"summary_large_image","twitter_misc":{"Est. reading time":"1 minute"},"schema":{"@context":"https:\/\/schema.org","@graph":[{"@type":"WebPage","@id":"https:\/\/avp.ro\/index.php\/exceptii-de-neconstitutionalitate-2025\/","url":"https:\/\/avp.ro\/index.php\/exceptii-de-neconstitutionalitate-2025\/","name":"Excep\u0163ii de neconstitu\u0163ionalitate 2025 - Institu\u021bia Avocatul Poporului","isPartOf":{"@id":"https:\/\/avp.ro\/#website"},"datePublished":"2025-07-31T09:46:00+00:00","dateModified":"2025-11-27T09:44:38+00:00","breadcrumb":{"@id":"https:\/\/avp.ro\/index.php\/exceptii-de-neconstitutionalitate-2025\/#breadcrumb"},"inLanguage":"en-US","potentialAction":[{"@type":"ReadAction","target":["https:\/\/avp.ro\/index.php\/exceptii-de-neconstitutionalitate-2025\/"]}]},{"@type":"BreadcrumbList","@id":"https:\/\/avp.ro\/index.php\/exceptii-de-neconstitutionalitate-2025\/#breadcrumb","itemListElement":[{"@type":"ListItem","position":1,"name":"Home","item":"https:\/\/avp.ro\/"},{"@type":"ListItem","position":2,"name":"Excep\u0163ii de neconstitu\u0163ionalitate 2025"}]},{"@type":"WebSite","@id":"https:\/\/avp.ro\/#website","url":"https:\/\/avp.ro\/","name":"Institu\u021bia Avocatul Poporului","description":"People\u2019s Advocate institution - Office of the Ombudsman","publisher":{"@id":"https:\/\/avp.ro\/#organization"},"potentialAction":[{"@type":"SearchAction","target":{"@type":"EntryPoint","urlTemplate":"https:\/\/avp.ro\/?s={search_term_string}"},"query-input":{"@type":"PropertyValueSpecification","valueRequired":true,"valueName":"search_term_string"}}],"inLanguage":"en-US"},{"@type":"Organization","@id":"https:\/\/avp.ro\/#organization","name":"Institutia Avocatul Poporului","url":"https:\/\/avp.ro\/","logo":{"@type":"ImageObject","inLanguage":"en-US","@id":"https:\/\/avp.ro\/#\/schema\/logo\/image\/","url":"https:\/\/avp.ro\/wp-content\/uploads\/2020\/09\/cropped-AP.jpg","contentUrl":"https:\/\/avp.ro\/wp-content\/uploads\/2020\/09\/cropped-AP.jpg","width":160,"height":146,"caption":"Institutia Avocatul Poporului"},"image":{"@id":"https:\/\/avp.ro\/#\/schema\/logo\/image\/"}}]}},"_links":{"self":[{"href":"https:\/\/avp.ro\/index.php\/wp-json\/wp\/v2\/pages\/14089","targetHints":{"allow":["GET"]}}],"collection":[{"href":"https:\/\/avp.ro\/index.php\/wp-json\/wp\/v2\/pages"}],"about":[{"href":"https:\/\/avp.ro\/index.php\/wp-json\/wp\/v2\/types\/page"}],"author":[{"embeddable":true,"href":"https:\/\/avp.ro\/index.php\/wp-json\/wp\/v2\/users\/1"}],"replies":[{"embeddable":true,"href":"https:\/\/avp.ro\/index.php\/wp-json\/wp\/v2\/comments?post=14089"}],"version-history":[{"count":6,"href":"https:\/\/avp.ro\/index.php\/wp-json\/wp\/v2\/pages\/14089\/revisions"}],"predecessor-version":[{"id":14871,"href":"https:\/\/avp.ro\/index.php\/wp-json\/wp\/v2\/pages\/14089\/revisions\/14871"}],"wp:attachment":[{"href":"https:\/\/avp.ro\/index.php\/wp-json\/wp\/v2\/media?parent=14089"}],"curies":[{"name":"wp","href":"https:\/\/api.w.org\/{rel}","templated":true}]}}