{"id":144,"date":"2020-07-17T07:46:36","date_gmt":"2020-07-17T07:46:36","guid":{"rendered":"https:\/\/avp.ro\/?page_id=144"},"modified":"2025-07-21T10:12:31","modified_gmt":"2025-07-21T08:12:31","slug":"informatii-de-interes-public","status":"publish","type":"page","link":"https:\/\/avp.ro\/index.php\/resurse\/informatii-de-interes-public\/","title":{"rendered":"Informa\u021bii de interes public"},"content":{"rendered":"<p>&nbsp;<\/p>\n<p><a href=\"https:\/\/avp.ro\/index.php\/rapoartele-institutiei-avocatul-poporului-privind-accesul-la-informatiile-de-interes-public\/\"><strong><em>Rapoartele institu\u021biei Avocatul Poporului privind accesul la informa\u021biile de interes public\u00a0<\/em><\/strong><\/a><\/p>\n<p>&nbsp;<\/p>\n<p style=\"font-weight: 400;\"><strong>Informa\u0163ii de interes public<\/strong>, \u00een conformitate cu prevederile\u00a0Legii nr. 544\/2001 privind accesul liber la informa\u0163iile de interes public, cu modific\u0103rile \u015fi complet\u0103rile ulterioare:<\/p>\n<p style=\"font-weight: 400;\"><a href=\"https:\/\/avp.ro\/index.php\/resurse\/cadru-legislativ\/\"><strong>Cadru legislativ<\/strong><\/a><\/p>\n<p style=\"font-weight: 400;\">Programul de func\u021bionare al institu\u021biei:<strong>\u00a0<\/strong><a href=\"https:\/\/avp.ro\/index.php\/contact\/\"><strong>Contact<\/strong><\/a><\/p>\n<p style=\"font-weight: 400;\"><strong>Pentru informa\u0163iile de interes public,\u00a0<\/strong>conform Legii nr. 544\/2001 privind accesul liber la informa\u0163iile de interes public:\u00a0tel. 021\/3127101, e-mail:\u00a0<a href=\"mail&#116;&#111;&#58;&#97;&#118;&#x70;&#x40;&#x61;&#x76;&#x70;&#x2e;&#x72;o\">&#x61;&#x76;&#x70;&#x40;&#x61;&#x76;&#x70;&#x2e;&#x72;&#x6f;<\/a>.<\/p>\n<p style=\"font-weight: 400;\">Institu\u0163ia Avocatul Poporului are buget propriu, care face parte integrant\u0103 din bugetul de stat.<\/p>\n<p style=\"font-weight: 400; text-align: justify;\"><strong>PERSOANELE CU ATRIBU\u0162II \u00ceN APLICAREA LEGII NR. 544\/2001 <\/strong><strong>PRIVIND LIBERUL ACCES LA INFORMA\u0162IILE DE INTERES PUBLIC, MODIFICAT\u0102 \u0218I COMPLETAT\u0102:<\/strong><\/p>\n<p style=\"font-weight: 400; text-align: justify;\"><strong>&#8211; Ecaterina Mirea<\/strong>, \u0219ef Serviciu contencios constitu\u021bional, recurs \u00een interesul legii, contencios administrativ \u0219i juridic, analiz\u0103 acte normative, rela\u021bii externe \u0219i comunicare, persoan\u0103 responsabil\u0103 cu solu\u021bionarea cererilor formulate \u00een baza Legii nr.544\/2001, privind liberul acces la informa\u021biile de interes public, modificat\u0103 \u0219i completat\u0103<\/p>\n<p style=\"text-align: justify;\">\u00cen situa\u021bia imposibilit\u0103\u021bii de \u00eendeplinire a atribu\u021biilor specifice Legii nr. 544\/2001, cu modific\u0103rile \u0219i complet\u0103rile ulterioare, acestea sunt preluate de doamna <strong>Andreea Elena B\u0103icoianu<\/strong>, \u0219ef Birou analiz\u0103 acte normative, rela\u021bii externe \u0219i comunicare.<\/p>\n<p style=\"text-align: justify;\"><strong>&#8211; Alexandru B\u0103l\u0103nescu<\/strong> &#8211; purtator de cuv\u00e2nt<\/p>\n<p style=\"text-align: justify;\">\u00a0 \u00a0&#x61;&#108;&#101;&#120;an&#x64;&#x72;&#x75;&#x2e;&#98;&#97;la&#x6e;&#x65;&#x73;&#x63;&#117;&#64;av&#x70;&#x2e;&#x72;&#x6f;<\/p>\n<p>&nbsp;<\/p>\n<p style=\"font-weight: 400;\"><em><strong><u><a href=\"https:\/\/avp.ro\/index.php\/lista-documentelor-de-interes-public-elaborate-de-institutia-avocatul-poporului\/\">Lista documentelor de interes public elaborate de institu\u0163ia Avocatul Poporu<\/a><\/u><a href=\"https:\/\/avp.ro\/index.php\/lista-documentelor-de-interes-public-elaborate-de-institutia-avocatul-poporului\/\"><u>lui<\/u><\/a><\/strong><\/em><\/p>\n<p style=\"font-weight: 400;\"><strong><a href=\"https:\/\/avp.ro\/wp-content\/uploads\/2020\/09\/lista-monitoare-oficiale.pdf\">Lista Monitoarelor Oficiale \u00een care au fost publicate rapoartele de activitate ale institu\u0163iei, \u00een perioada 2001 \u2013 <em>2008<\/em><\/a><\/strong><\/p>\n<p><strong><a href=\"https:\/\/avp.ro\/wp-content\/uploads\/2023\/09\/Codul-etic.pdf\">Codul de etic\u0103 \u0219i conduit\u0103 profesional\u0103 a personalului din cadrul Institu\u021biei Avocatul Poporului<\/a><\/strong><\/p>\n<p><a href=\"https:\/\/avp.ro\/wp-content\/uploads\/2025\/07\/CARTA-AUDITULUI.pdf\"><strong>CARTA AUDITULUI INTERN<\/strong><\/a><\/p>\n<p><strong><a href=\"https:\/\/avp.ro\/wp-content\/uploads\/2022\/02\/PO-organizarea-si-desfasurarea-activitatii-de-acordare-a-audientelor.pdf\">Procedura opera\u021bional\u0103 privind organizarea \u0219i desf\u0103\u0219urarea activit\u0103\u021bii de acordare a audien\u021belor<\/a><\/strong><\/p>\n<p><strong><a href=\"https:\/\/avp.ro\/wp-content\/uploads\/2022\/02\/PS-privind-solutionarea-petitiilor.pdf\">Procedura de sistem privind solu\u021bionarea peti\u021biilor<\/a><\/strong><\/p>\n<p><strong><a href=\"https:\/\/avp.ro\/wp-content\/uploads\/2024\/09\/PS-AI-01-raportarea-interna-a-unor-incalcari-ale-legii-2024.pdf\">Procedura opera\u021bional\u0103 privind protec\u021bia personalului care semnaleaz\u0103 \u00eenc\u0103lc\u0103ri ale legii<\/a><\/strong><\/p>\n<p><strong><a href=\"https:\/\/avp.ro\/wp-content\/uploads\/2024\/04\/procedura-solutionare-544.pdf\">Procedura de solu\u021bionare a cererilor formulate \u00een baza Legii 544\/2001 privind liberul acces la informa\u021bii de interes public<\/a><\/strong><\/p>\n<p><strong><a href=\"https:\/\/avp.ro\/wp-content\/uploads\/2024\/04\/procedura-de-evaluare.pdf\">Metodologia de evaluare a performan\u021belor profesionale<\/a><\/strong><\/p>\n<p>&nbsp;<\/p>\n<p style=\"font-weight: 400;\"><strong>\u00cen scopul facilit\u0103rii ob\u0163inerii de informa\u0163ii de interes public de c\u0103tre cet\u0103\u0163eni, public\u0103m\u00a0formularele &#8211; tip, prev\u0103zute de Normele metodologice de aplicare ale Legii nr. 544\/2001 privind accesul liber la informa\u0163iile de interes public:<\/strong><\/p>\n<p style=\"font-weight: 400;\"><a href=\"https:\/\/avp.ro\/wp-content\/uploads\/2020\/09\/cereretip.doc\">&#8211;\u00a0cerere &#8211; tip<\/a><\/p>\n<p style=\"font-weight: 400;\"><a href=\"https:\/\/avp.ro\/wp-content\/uploads\/2020\/09\/reclamatie1.doc\">\u2013 reclama\u0163ie administrativ\u0103 (1)<\/a><\/p>\n<p style=\"font-weight: 400;\"><a href=\"https:\/\/avp.ro\/wp-content\/uploads\/2020\/09\/reclamatie2.doc\">&#8211;\u00a0reclama\u0163ie administrativ\u0103 (2)\u00a0<\/a><\/p>\n<p>&nbsp;<\/p>\n<p><strong>Modalit\u0103\u0163ile de contestare a deciziei Avocatului Poporului \u00een situa\u0163ia \u00een care persoana se consider\u0103 v\u0103t\u0103mat\u0103 \u00een privin\u0163a dreptului de acces la informa\u0163iile de interes public solicitate<\/strong>:<\/p>\n<p><em>\u00cempotriva refuzului aplic\u0103rii prevederilor privind informa\u021biile de interes public, se poate depune reclama\u021bie \u00een termen de 30 de zile de la luarea la cuno\u0219tin\u021b\u0103 de c\u0103tre persoana lezat\u0103, \u00een condi\u021biile prev\u0103zute de art. 21 alin. (2) din Legea nr. 544<\/em>\/<em>2001.<\/em><\/p>\n<p><em>\u00cen cazul \u00een care o persoan\u0103 se consider\u0103 v\u0103t\u0103mat\u0103 \u00een drepturile sale, prev\u0103zute de Legea nr. 544\/2001, aceasta poate face pl\u00e2ngere la sec\u0163ia de contencios administrativ a tribunalului \u00een a c\u0103rei raz\u0103 teritorial\u0103 domiciliaz\u0103 sau \u00een a c\u0103rei raz\u0103 teritorial\u0103 se afl\u0103 sediul institu\u021biei Avocatul Poporului.<\/em><\/p>\n<p><em>Pl\u00e2ngerea se face \u00een termen de 30 de zile de la data expir\u0103rii termenului prev\u0103zut la art. 7 din Legea nr. 544\/2001.<\/em><\/p>\n<p>&nbsp;<\/p>\n<p>&nbsp;<\/p>\n<p style=\"font-weight: 400;\"><a href=\"http:\/\/old.avpoporului.ro\/index.php?option=com_content&amp;view=article&amp;id=426&amp;Itemid=189&amp;lang=ro-ro\"><strong>Declara\u021bii de avere \u0219i interese ale demnitarilor al c\u0103ror mandat \u00een cadrul institu\u021biei Avocatul Poporului a \u00eencetat<\/strong><\/a><\/p>\n<p>&nbsp;<\/p>\n<p style=\"font-weight: 400;\">\n","protected":false},"excerpt":{"rendered":"<p>&nbsp; Rapoartele institu\u021biei Avocatul Poporului privind accesul la informa\u021biile de interes public\u00a0 &nbsp; Informa\u0163ii de interes public, \u00een conformitate cu prevederile\u00a0Legii nr. 544\/2001 privind accesul liber la informa\u0163iile de interes&hellip; <\/p>\n","protected":false},"author":1,"featured_media":0,"parent":60,"menu_order":9,"comment_status":"closed","ping_status":"closed","template":"","meta":{"footnotes":""},"class_list":["post-144","page","type-page","status-publish","hentry"],"yoast_head":"<!-- This site is optimized with the Yoast SEO plugin v27.4 - https:\/\/yoast.com\/product\/yoast-seo-wordpress\/ -->\n<title>Informa\u021bii de interes public - Institu\u021bia Avocatul Poporului<\/title>\n<meta name=\"robots\" content=\"index, follow, max-snippet:-1, max-image-preview:large, max-video-preview:-1\" \/>\n<link rel=\"canonical\" href=\"https:\/\/avp.ro\/index.php\/resurse\/informatii-de-interes-public\/\" \/>\n<meta property=\"og:locale\" content=\"en_US\" \/>\n<meta property=\"og:type\" content=\"article\" \/>\n<meta property=\"og:title\" content=\"Informa\u021bii de interes public - Institu\u021bia Avocatul Poporului\" \/>\n<meta property=\"og:description\" content=\"&nbsp; Rapoartele institu\u021biei Avocatul Poporului privind accesul la informa\u021biile de interes public\u00a0 &nbsp; Informa\u0163ii de interes public, \u00een conformitate cu prevederile\u00a0Legii nr. 544\/2001 privind accesul liber la informa\u0163iile de interes&hellip;\" \/>\n<meta property=\"og:url\" content=\"https:\/\/avp.ro\/index.php\/resurse\/informatii-de-interes-public\/\" \/>\n<meta property=\"og:site_name\" content=\"Institu\u021bia Avocatul Poporului\" \/>\n<meta property=\"article:modified_time\" content=\"2025-07-21T08:12:31+00:00\" \/>\n<meta name=\"twitter:card\" content=\"summary_large_image\" \/>\n<meta name=\"twitter:label1\" content=\"Est. reading time\" \/>\n\t<meta name=\"twitter:data1\" content=\"3 minutes\" \/>\n<script type=\"application\/ld+json\" class=\"yoast-schema-graph\">{\"@context\":\"https:\\\/\\\/schema.org\",\"@graph\":[{\"@type\":\"WebPage\",\"@id\":\"https:\\\/\\\/avp.ro\\\/index.php\\\/resurse\\\/informatii-de-interes-public\\\/\",\"url\":\"https:\\\/\\\/avp.ro\\\/index.php\\\/resurse\\\/informatii-de-interes-public\\\/\",\"name\":\"Informa\u021bii de interes public - Institu\u021bia Avocatul Poporului\",\"isPartOf\":{\"@id\":\"https:\\\/\\\/avp.ro\\\/#website\"},\"datePublished\":\"2020-07-17T07:46:36+00:00\",\"dateModified\":\"2025-07-21T08:12:31+00:00\",\"breadcrumb\":{\"@id\":\"https:\\\/\\\/avp.ro\\\/index.php\\\/resurse\\\/informatii-de-interes-public\\\/#breadcrumb\"},\"inLanguage\":\"en-US\",\"potentialAction\":[{\"@type\":\"ReadAction\",\"target\":[\"https:\\\/\\\/avp.ro\\\/index.php\\\/resurse\\\/informatii-de-interes-public\\\/\"]}]},{\"@type\":\"BreadcrumbList\",\"@id\":\"https:\\\/\\\/avp.ro\\\/index.php\\\/resurse\\\/informatii-de-interes-public\\\/#breadcrumb\",\"itemListElement\":[{\"@type\":\"ListItem\",\"position\":1,\"name\":\"Home\",\"item\":\"https:\\\/\\\/avp.ro\\\/\"},{\"@type\":\"ListItem\",\"position\":2,\"name\":\"RESURSE\",\"item\":\"https:\\\/\\\/avp.ro\\\/index.php\\\/resurse\\\/\"},{\"@type\":\"ListItem\",\"position\":3,\"name\":\"Informa\u021bii de interes public\"}]},{\"@type\":\"WebSite\",\"@id\":\"https:\\\/\\\/avp.ro\\\/#website\",\"url\":\"https:\\\/\\\/avp.ro\\\/\",\"name\":\"Institu\u021bia Avocatul Poporului\",\"description\":\"People\u2019s Advocate institution - Office of the Ombudsman\",\"publisher\":{\"@id\":\"https:\\\/\\\/avp.ro\\\/#organization\"},\"potentialAction\":[{\"@type\":\"SearchAction\",\"target\":{\"@type\":\"EntryPoint\",\"urlTemplate\":\"https:\\\/\\\/avp.ro\\\/?s={search_term_string}\"},\"query-input\":{\"@type\":\"PropertyValueSpecification\",\"valueRequired\":true,\"valueName\":\"search_term_string\"}}],\"inLanguage\":\"en-US\"},{\"@type\":\"Organization\",\"@id\":\"https:\\\/\\\/avp.ro\\\/#organization\",\"name\":\"Institutia Avocatul Poporului\",\"url\":\"https:\\\/\\\/avp.ro\\\/\",\"logo\":{\"@type\":\"ImageObject\",\"inLanguage\":\"en-US\",\"@id\":\"https:\\\/\\\/avp.ro\\\/#\\\/schema\\\/logo\\\/image\\\/\",\"url\":\"https:\\\/\\\/avp.ro\\\/wp-content\\\/uploads\\\/2020\\\/09\\\/cropped-AP.jpg\",\"contentUrl\":\"https:\\\/\\\/avp.ro\\\/wp-content\\\/uploads\\\/2020\\\/09\\\/cropped-AP.jpg\",\"width\":160,\"height\":146,\"caption\":\"Institutia Avocatul Poporului\"},\"image\":{\"@id\":\"https:\\\/\\\/avp.ro\\\/#\\\/schema\\\/logo\\\/image\\\/\"}}]}<\/script>\n<!-- \/ Yoast SEO plugin. -->","yoast_head_json":{"title":"Informa\u021bii de interes public - Institu\u021bia Avocatul Poporului","robots":{"index":"index","follow":"follow","max-snippet":"max-snippet:-1","max-image-preview":"max-image-preview:large","max-video-preview":"max-video-preview:-1"},"canonical":"https:\/\/avp.ro\/index.php\/resurse\/informatii-de-interes-public\/","og_locale":"en_US","og_type":"article","og_title":"Informa\u021bii de interes public - Institu\u021bia Avocatul Poporului","og_description":"&nbsp; Rapoartele institu\u021biei Avocatul Poporului privind accesul la informa\u021biile de interes public\u00a0 &nbsp; Informa\u0163ii de interes public, \u00een conformitate cu prevederile\u00a0Legii nr. 544\/2001 privind accesul liber la informa\u0163iile de interes&hellip;","og_url":"https:\/\/avp.ro\/index.php\/resurse\/informatii-de-interes-public\/","og_site_name":"Institu\u021bia Avocatul Poporului","article_modified_time":"2025-07-21T08:12:31+00:00","twitter_card":"summary_large_image","twitter_misc":{"Est. reading time":"3 minutes"},"schema":{"@context":"https:\/\/schema.org","@graph":[{"@type":"WebPage","@id":"https:\/\/avp.ro\/index.php\/resurse\/informatii-de-interes-public\/","url":"https:\/\/avp.ro\/index.php\/resurse\/informatii-de-interes-public\/","name":"Informa\u021bii de interes public - Institu\u021bia Avocatul Poporului","isPartOf":{"@id":"https:\/\/avp.ro\/#website"},"datePublished":"2020-07-17T07:46:36+00:00","dateModified":"2025-07-21T08:12:31+00:00","breadcrumb":{"@id":"https:\/\/avp.ro\/index.php\/resurse\/informatii-de-interes-public\/#breadcrumb"},"inLanguage":"en-US","potentialAction":[{"@type":"ReadAction","target":["https:\/\/avp.ro\/index.php\/resurse\/informatii-de-interes-public\/"]}]},{"@type":"BreadcrumbList","@id":"https:\/\/avp.ro\/index.php\/resurse\/informatii-de-interes-public\/#breadcrumb","itemListElement":[{"@type":"ListItem","position":1,"name":"Home","item":"https:\/\/avp.ro\/"},{"@type":"ListItem","position":2,"name":"RESURSE","item":"https:\/\/avp.ro\/index.php\/resurse\/"},{"@type":"ListItem","position":3,"name":"Informa\u021bii de interes public"}]},{"@type":"WebSite","@id":"https:\/\/avp.ro\/#website","url":"https:\/\/avp.ro\/","name":"Institu\u021bia Avocatul Poporului","description":"People\u2019s Advocate institution - Office of the Ombudsman","publisher":{"@id":"https:\/\/avp.ro\/#organization"},"potentialAction":[{"@type":"SearchAction","target":{"@type":"EntryPoint","urlTemplate":"https:\/\/avp.ro\/?s={search_term_string}"},"query-input":{"@type":"PropertyValueSpecification","valueRequired":true,"valueName":"search_term_string"}}],"inLanguage":"en-US"},{"@type":"Organization","@id":"https:\/\/avp.ro\/#organization","name":"Institutia Avocatul Poporului","url":"https:\/\/avp.ro\/","logo":{"@type":"ImageObject","inLanguage":"en-US","@id":"https:\/\/avp.ro\/#\/schema\/logo\/image\/","url":"https:\/\/avp.ro\/wp-content\/uploads\/2020\/09\/cropped-AP.jpg","contentUrl":"https:\/\/avp.ro\/wp-content\/uploads\/2020\/09\/cropped-AP.jpg","width":160,"height":146,"caption":"Institutia Avocatul Poporului"},"image":{"@id":"https:\/\/avp.ro\/#\/schema\/logo\/image\/"}}]}},"_links":{"self":[{"href":"https:\/\/avp.ro\/index.php\/wp-json\/wp\/v2\/pages\/144","targetHints":{"allow":["GET"]}}],"collection":[{"href":"https:\/\/avp.ro\/index.php\/wp-json\/wp\/v2\/pages"}],"about":[{"href":"https:\/\/avp.ro\/index.php\/wp-json\/wp\/v2\/types\/page"}],"author":[{"embeddable":true,"href":"https:\/\/avp.ro\/index.php\/wp-json\/wp\/v2\/users\/1"}],"replies":[{"embeddable":true,"href":"https:\/\/avp.ro\/index.php\/wp-json\/wp\/v2\/comments?post=144"}],"version-history":[{"count":34,"href":"https:\/\/avp.ro\/index.php\/wp-json\/wp\/v2\/pages\/144\/revisions"}],"predecessor-version":[{"id":13991,"href":"https:\/\/avp.ro\/index.php\/wp-json\/wp\/v2\/pages\/144\/revisions\/13991"}],"up":[{"embeddable":true,"href":"https:\/\/avp.ro\/index.php\/wp-json\/wp\/v2\/pages\/60"}],"wp:attachment":[{"href":"https:\/\/avp.ro\/index.php\/wp-json\/wp\/v2\/media?parent=144"}],"curies":[{"name":"wp","href":"https:\/\/api.w.org\/{rel}","templated":true}]}}