{"id":15251,"date":"2026-02-06T09:30:01","date_gmt":"2026-02-06T07:30:01","guid":{"rendered":"https:\/\/avp.ro\/?page_id=15251"},"modified":"2026-03-02T15:16:04","modified_gmt":"2026-03-02T13:16:04","slug":"campanie-de-informare-si-instruire-efectuata-de-o-echipa-mnp-bucuresti-la-ctf-piatra-lunii-ctf-piatra-soarelui-ctf-ochi-de-soim-ctf-ochi-de-tigru-buzau-ctf-nr-1-intorsura-buzaului-ctf","status":"publish","type":"page","link":"https:\/\/avp.ro\/index.php\/campanie-de-informare-si-instruire-efectuata-de-o-echipa-mnp-bucuresti-la-ctf-piatra-lunii-ctf-piatra-soarelui-ctf-ochi-de-soim-ctf-ochi-de-tigru-buzau-ctf-nr-1-intorsura-buzaului-ctf\/","title":{"rendered":"Campanie de informare \u0219i instruire efectuat\u0103 de o echip\u0103 MNP Bucure\u0219ti la CTF Piatra Lunii, CTF Piatra Soarelui, CTF Ochi de \u0218oim, CTF Ochi de Tigru \u2013 Buz\u0103u; CTF nr. 1 \u00centorsura Buz\u0103ului; CTF nr. 2 \u0219i nr. 3 T\u00e2rgu Secuiesc"},"content":{"rendered":"<p><strong>Campanie de informare \u0219i instruire efectuat\u0103 de o echip\u0103 MNP Bucure\u0219ti, \u00een perioada 4-6 noiembrie 2025, la CTF<em> Piatra Lunii<\/em>, CTF <em>Piatra Soarelui<\/em>, CTF <em>Ochi de \u0218oim<\/em>, CTF <em>Ochi de Tigru<\/em> \u2013 Buz\u0103u; CTF nr. 1 \u00centorsura Buz\u0103ului; CTF nr. 2 \u0219i nr. 3 T\u00e2rgu Secuiesc<\/strong><\/p>\n<p><strong>\u00a0<\/strong><\/p>\n<table border=\"0\">\n<tbody>\n<tr>\n<td><img loading=\"lazy\" decoding=\"async\" class=\"aligncenter size-full wp-image-15252\" src=\"https:\/\/avp.ro\/wp-content\/uploads\/2026\/02\/1.jpg\" alt=\"\" width=\"299\" height=\"399\" srcset=\"https:\/\/avp.ro\/wp-content\/uploads\/2026\/02\/1.jpg 299w, https:\/\/avp.ro\/wp-content\/uploads\/2026\/02\/1-225x300.jpg 225w\" sizes=\"auto, (max-width: 299px) 100vw, 299px\" \/><\/td>\n<td><img loading=\"lazy\" decoding=\"async\" class=\"aligncenter size-full wp-image-15253\" src=\"https:\/\/avp.ro\/wp-content\/uploads\/2026\/02\/2.jpg\" alt=\"\" width=\"290\" height=\"398\" srcset=\"https:\/\/avp.ro\/wp-content\/uploads\/2026\/02\/2.jpg 290w, https:\/\/avp.ro\/wp-content\/uploads\/2026\/02\/2-219x300.jpg 219w\" sizes=\"auto, (max-width: 290px) 100vw, 290px\" \/><\/td>\n<\/tr>\n<\/tbody>\n<\/table>\n<p><strong>CTF <em>Piatra Lunii<\/em>, CTF <em>Piatra Soarelui<\/em>, CTF <em>Ochi de \u0218oim<\/em>, CTF <em>Ochi de Tigru<\/em> \u2013 Buz\u0103u<\/strong><\/p>\n<table border=0>\n<tr>\n<td><img loading=\"lazy\" decoding=\"async\" class=\"size-full wp-image-15413 alignleft\" src=\"https:\/\/avp.ro\/wp-content\/uploads\/2026\/03\/1.png\" alt=\"\" width=\"478\" height=\"358\" srcset=\"https:\/\/avp.ro\/wp-content\/uploads\/2026\/03\/1.png 478w, https:\/\/avp.ro\/wp-content\/uploads\/2026\/03\/1-300x225.png 300w\" sizes=\"auto, (max-width: 478px) 100vw, 478px\" \/><\/td>\n<\/tr>\n<tr>\n<td>\n<strong>CTF nr. 1 \u00centorsura Buz\u0103ului<\/strong>\n<\/td>\n<\/tr>\n<tr>\n<td>\n<img loading=\"lazy\" decoding=\"async\" class=\"aligncenter size-full wp-image-15414\" src=\"https:\/\/avp.ro\/wp-content\/uploads\/2026\/03\/2.png\" alt=\"\" width=\"531\" height=\"394\" srcset=\"https:\/\/avp.ro\/wp-content\/uploads\/2026\/03\/2.png 531w, https:\/\/avp.ro\/wp-content\/uploads\/2026\/03\/2-300x223.png 300w\" sizes=\"auto, (max-width: 531px) 100vw, 531px\" \/><\/td>\n<\/tr>\n<tr>\n<td>\n<strong>CTF nr. 2 \u0219i 3 Tg. Secuiesc <\/strong><\/td>\n<\/tr>\n<\/table>\n","protected":false},"excerpt":{"rendered":"<p>Campanie de informare \u0219i instruire efectuat\u0103 de o echip\u0103 MNP Bucure\u0219ti, \u00een perioada 4-6 noiembrie 2025, la CTF Piatra Lunii, CTF Piatra Soarelui, CTF Ochi de \u0218oim, CTF Ochi de&hellip; <\/p>\n","protected":false},"author":1,"featured_media":0,"parent":0,"menu_order":0,"comment_status":"closed","ping_status":"closed","template":"","meta":{"footnotes":""},"class_list":["post-15251","page","type-page","status-publish","hentry"],"yoast_head":"<!-- This site is optimized with the Yoast SEO plugin v27.3 - https:\/\/yoast.com\/product\/yoast-seo-wordpress\/ -->\n<title>Campanie de informare \u0219i instruire efectuat\u0103 de o echip\u0103 MNP Bucure\u0219ti la CTF Piatra Lunii, CTF Piatra Soarelui, CTF Ochi de \u0218oim, CTF Ochi de Tigru \u2013 Buz\u0103u; CTF nr. 1 \u00centorsura Buz\u0103ului; CTF nr. 2 \u0219i nr. 3 T\u00e2rgu Secuiesc - Institu\u021bia Avocatul Poporului<\/title>\n<meta name=\"robots\" content=\"index, follow, max-snippet:-1, max-image-preview:large, max-video-preview:-1\" \/>\n<link rel=\"canonical\" href=\"https:\/\/avp.ro\/index.php\/campanie-de-informare-si-instruire-efectuata-de-o-echipa-mnp-bucuresti-la-ctf-piatra-lunii-ctf-piatra-soarelui-ctf-ochi-de-soim-ctf-ochi-de-tigru-buzau-ctf-nr-1-intorsura-buzaului-ctf\/\" \/>\n<meta property=\"og:locale\" content=\"en_US\" \/>\n<meta property=\"og:type\" content=\"article\" \/>\n<meta property=\"og:title\" content=\"Campanie de informare \u0219i instruire efectuat\u0103 de o echip\u0103 MNP Bucure\u0219ti la CTF Piatra Lunii, CTF Piatra Soarelui, CTF Ochi de \u0218oim, CTF Ochi de Tigru \u2013 Buz\u0103u; CTF nr. 1 \u00centorsura Buz\u0103ului; CTF nr. 2 \u0219i nr. 3 T\u00e2rgu Secuiesc - Institu\u021bia Avocatul Poporului\" \/>\n<meta property=\"og:description\" content=\"Campanie de informare \u0219i instruire efectuat\u0103 de o echip\u0103 MNP Bucure\u0219ti, \u00een perioada 4-6 noiembrie 2025, la CTF Piatra Lunii, CTF Piatra Soarelui, CTF Ochi de \u0218oim, CTF Ochi de&hellip;\" \/>\n<meta property=\"og:url\" content=\"https:\/\/avp.ro\/index.php\/campanie-de-informare-si-instruire-efectuata-de-o-echipa-mnp-bucuresti-la-ctf-piatra-lunii-ctf-piatra-soarelui-ctf-ochi-de-soim-ctf-ochi-de-tigru-buzau-ctf-nr-1-intorsura-buzaului-ctf\/\" \/>\n<meta property=\"og:site_name\" content=\"Institu\u021bia Avocatul Poporului\" \/>\n<meta property=\"article:modified_time\" content=\"2026-03-02T13:16:04+00:00\" \/>\n<meta property=\"og:image\" content=\"https:\/\/avp.ro\/wp-content\/uploads\/2026\/02\/1.jpg\" \/>\n\t<meta property=\"og:image:width\" content=\"299\" \/>\n\t<meta property=\"og:image:height\" content=\"399\" \/>\n\t<meta property=\"og:image:type\" content=\"image\/jpeg\" \/>\n<meta name=\"twitter:card\" content=\"summary_large_image\" \/>\n<meta name=\"twitter:label1\" content=\"Est. reading time\" \/>\n\t<meta name=\"twitter:data1\" content=\"2 minutes\" \/>\n<script type=\"application\/ld+json\" class=\"yoast-schema-graph\">{\"@context\":\"https:\\\/\\\/schema.org\",\"@graph\":[{\"@type\":\"WebPage\",\"@id\":\"https:\\\/\\\/avp.ro\\\/index.php\\\/campanie-de-informare-si-instruire-efectuata-de-o-echipa-mnp-bucuresti-la-ctf-piatra-lunii-ctf-piatra-soarelui-ctf-ochi-de-soim-ctf-ochi-de-tigru-buzau-ctf-nr-1-intorsura-buzaului-ctf\\\/\",\"url\":\"https:\\\/\\\/avp.ro\\\/index.php\\\/campanie-de-informare-si-instruire-efectuata-de-o-echipa-mnp-bucuresti-la-ctf-piatra-lunii-ctf-piatra-soarelui-ctf-ochi-de-soim-ctf-ochi-de-tigru-buzau-ctf-nr-1-intorsura-buzaului-ctf\\\/\",\"name\":\"Campanie de informare \u0219i instruire efectuat\u0103 de o echip\u0103 MNP Bucure\u0219ti la CTF Piatra Lunii, CTF Piatra Soarelui, CTF Ochi de \u0218oim, CTF Ochi de Tigru \u2013 Buz\u0103u; CTF nr. 1 \u00centorsura Buz\u0103ului; CTF nr. 2 \u0219i nr. 3 T\u00e2rgu Secuiesc - Institu\u021bia Avocatul Poporului\",\"isPartOf\":{\"@id\":\"https:\\\/\\\/avp.ro\\\/#website\"},\"primaryImageOfPage\":{\"@id\":\"https:\\\/\\\/avp.ro\\\/index.php\\\/campanie-de-informare-si-instruire-efectuata-de-o-echipa-mnp-bucuresti-la-ctf-piatra-lunii-ctf-piatra-soarelui-ctf-ochi-de-soim-ctf-ochi-de-tigru-buzau-ctf-nr-1-intorsura-buzaului-ctf\\\/#primaryimage\"},\"image\":{\"@id\":\"https:\\\/\\\/avp.ro\\\/index.php\\\/campanie-de-informare-si-instruire-efectuata-de-o-echipa-mnp-bucuresti-la-ctf-piatra-lunii-ctf-piatra-soarelui-ctf-ochi-de-soim-ctf-ochi-de-tigru-buzau-ctf-nr-1-intorsura-buzaului-ctf\\\/#primaryimage\"},\"thumbnailUrl\":\"https:\\\/\\\/avp.ro\\\/wp-content\\\/uploads\\\/2026\\\/02\\\/1.jpg\",\"datePublished\":\"2026-02-06T07:30:01+00:00\",\"dateModified\":\"2026-03-02T13:16:04+00:00\",\"breadcrumb\":{\"@id\":\"https:\\\/\\\/avp.ro\\\/index.php\\\/campanie-de-informare-si-instruire-efectuata-de-o-echipa-mnp-bucuresti-la-ctf-piatra-lunii-ctf-piatra-soarelui-ctf-ochi-de-soim-ctf-ochi-de-tigru-buzau-ctf-nr-1-intorsura-buzaului-ctf\\\/#breadcrumb\"},\"inLanguage\":\"en-US\",\"potentialAction\":[{\"@type\":\"ReadAction\",\"target\":[\"https:\\\/\\\/avp.ro\\\/index.php\\\/campanie-de-informare-si-instruire-efectuata-de-o-echipa-mnp-bucuresti-la-ctf-piatra-lunii-ctf-piatra-soarelui-ctf-ochi-de-soim-ctf-ochi-de-tigru-buzau-ctf-nr-1-intorsura-buzaului-ctf\\\/\"]}]},{\"@type\":\"ImageObject\",\"inLanguage\":\"en-US\",\"@id\":\"https:\\\/\\\/avp.ro\\\/index.php\\\/campanie-de-informare-si-instruire-efectuata-de-o-echipa-mnp-bucuresti-la-ctf-piatra-lunii-ctf-piatra-soarelui-ctf-ochi-de-soim-ctf-ochi-de-tigru-buzau-ctf-nr-1-intorsura-buzaului-ctf\\\/#primaryimage\",\"url\":\"https:\\\/\\\/avp.ro\\\/wp-content\\\/uploads\\\/2026\\\/02\\\/1.jpg\",\"contentUrl\":\"https:\\\/\\\/avp.ro\\\/wp-content\\\/uploads\\\/2026\\\/02\\\/1.jpg\",\"width\":299,\"height\":399},{\"@type\":\"BreadcrumbList\",\"@id\":\"https:\\\/\\\/avp.ro\\\/index.php\\\/campanie-de-informare-si-instruire-efectuata-de-o-echipa-mnp-bucuresti-la-ctf-piatra-lunii-ctf-piatra-soarelui-ctf-ochi-de-soim-ctf-ochi-de-tigru-buzau-ctf-nr-1-intorsura-buzaului-ctf\\\/#breadcrumb\",\"itemListElement\":[{\"@type\":\"ListItem\",\"position\":1,\"name\":\"Home\",\"item\":\"https:\\\/\\\/avp.ro\\\/\"},{\"@type\":\"ListItem\",\"position\":2,\"name\":\"Campanie de informare \u0219i instruire efectuat\u0103 de o echip\u0103 MNP Bucure\u0219ti la CTF Piatra Lunii, CTF Piatra Soarelui, CTF Ochi de \u0218oim, CTF Ochi de Tigru \u2013 Buz\u0103u; CTF nr. 1 \u00centorsura Buz\u0103ului; CTF nr. 2 \u0219i nr. 3 T\u00e2rgu Secuiesc\"}]},{\"@type\":\"WebSite\",\"@id\":\"https:\\\/\\\/avp.ro\\\/#website\",\"url\":\"https:\\\/\\\/avp.ro\\\/\",\"name\":\"Institu\u021bia Avocatul Poporului\",\"description\":\"People\u2019s Advocate institution - Office of the Ombudsman\",\"publisher\":{\"@id\":\"https:\\\/\\\/avp.ro\\\/#organization\"},\"potentialAction\":[{\"@type\":\"SearchAction\",\"target\":{\"@type\":\"EntryPoint\",\"urlTemplate\":\"https:\\\/\\\/avp.ro\\\/?s={search_term_string}\"},\"query-input\":{\"@type\":\"PropertyValueSpecification\",\"valueRequired\":true,\"valueName\":\"search_term_string\"}}],\"inLanguage\":\"en-US\"},{\"@type\":\"Organization\",\"@id\":\"https:\\\/\\\/avp.ro\\\/#organization\",\"name\":\"Institutia Avocatul Poporului\",\"url\":\"https:\\\/\\\/avp.ro\\\/\",\"logo\":{\"@type\":\"ImageObject\",\"inLanguage\":\"en-US\",\"@id\":\"https:\\\/\\\/avp.ro\\\/#\\\/schema\\\/logo\\\/image\\\/\",\"url\":\"https:\\\/\\\/avp.ro\\\/wp-content\\\/uploads\\\/2020\\\/09\\\/cropped-AP.jpg\",\"contentUrl\":\"https:\\\/\\\/avp.ro\\\/wp-content\\\/uploads\\\/2020\\\/09\\\/cropped-AP.jpg\",\"width\":160,\"height\":146,\"caption\":\"Institutia Avocatul Poporului\"},\"image\":{\"@id\":\"https:\\\/\\\/avp.ro\\\/#\\\/schema\\\/logo\\\/image\\\/\"}}]}<\/script>\n<!-- \/ Yoast SEO plugin. -->","yoast_head_json":{"title":"Campanie de informare \u0219i instruire efectuat\u0103 de o echip\u0103 MNP Bucure\u0219ti la CTF Piatra Lunii, CTF Piatra Soarelui, CTF Ochi de \u0218oim, CTF Ochi de Tigru \u2013 Buz\u0103u; CTF nr. 1 \u00centorsura Buz\u0103ului; CTF nr. 2 \u0219i nr. 3 T\u00e2rgu Secuiesc - Institu\u021bia Avocatul Poporului","robots":{"index":"index","follow":"follow","max-snippet":"max-snippet:-1","max-image-preview":"max-image-preview:large","max-video-preview":"max-video-preview:-1"},"canonical":"https:\/\/avp.ro\/index.php\/campanie-de-informare-si-instruire-efectuata-de-o-echipa-mnp-bucuresti-la-ctf-piatra-lunii-ctf-piatra-soarelui-ctf-ochi-de-soim-ctf-ochi-de-tigru-buzau-ctf-nr-1-intorsura-buzaului-ctf\/","og_locale":"en_US","og_type":"article","og_title":"Campanie de informare \u0219i instruire efectuat\u0103 de o echip\u0103 MNP Bucure\u0219ti la CTF Piatra Lunii, CTF Piatra Soarelui, CTF Ochi de \u0218oim, CTF Ochi de Tigru \u2013 Buz\u0103u; CTF nr. 1 \u00centorsura Buz\u0103ului; CTF nr. 2 \u0219i nr. 3 T\u00e2rgu Secuiesc - Institu\u021bia Avocatul Poporului","og_description":"Campanie de informare \u0219i instruire efectuat\u0103 de o echip\u0103 MNP Bucure\u0219ti, \u00een perioada 4-6 noiembrie 2025, la CTF Piatra Lunii, CTF Piatra Soarelui, CTF Ochi de \u0218oim, CTF Ochi de&hellip;","og_url":"https:\/\/avp.ro\/index.php\/campanie-de-informare-si-instruire-efectuata-de-o-echipa-mnp-bucuresti-la-ctf-piatra-lunii-ctf-piatra-soarelui-ctf-ochi-de-soim-ctf-ochi-de-tigru-buzau-ctf-nr-1-intorsura-buzaului-ctf\/","og_site_name":"Institu\u021bia Avocatul Poporului","article_modified_time":"2026-03-02T13:16:04+00:00","og_image":[{"width":299,"height":399,"url":"https:\/\/avp.ro\/wp-content\/uploads\/2026\/02\/1.jpg","type":"image\/jpeg"}],"twitter_card":"summary_large_image","twitter_misc":{"Est. reading time":"2 minutes"},"schema":{"@context":"https:\/\/schema.org","@graph":[{"@type":"WebPage","@id":"https:\/\/avp.ro\/index.php\/campanie-de-informare-si-instruire-efectuata-de-o-echipa-mnp-bucuresti-la-ctf-piatra-lunii-ctf-piatra-soarelui-ctf-ochi-de-soim-ctf-ochi-de-tigru-buzau-ctf-nr-1-intorsura-buzaului-ctf\/","url":"https:\/\/avp.ro\/index.php\/campanie-de-informare-si-instruire-efectuata-de-o-echipa-mnp-bucuresti-la-ctf-piatra-lunii-ctf-piatra-soarelui-ctf-ochi-de-soim-ctf-ochi-de-tigru-buzau-ctf-nr-1-intorsura-buzaului-ctf\/","name":"Campanie de informare \u0219i instruire efectuat\u0103 de o echip\u0103 MNP Bucure\u0219ti la CTF Piatra Lunii, CTF Piatra Soarelui, CTF Ochi de \u0218oim, CTF Ochi de Tigru \u2013 Buz\u0103u; CTF nr. 1 \u00centorsura Buz\u0103ului; CTF nr. 2 \u0219i nr. 3 T\u00e2rgu Secuiesc - Institu\u021bia Avocatul Poporului","isPartOf":{"@id":"https:\/\/avp.ro\/#website"},"primaryImageOfPage":{"@id":"https:\/\/avp.ro\/index.php\/campanie-de-informare-si-instruire-efectuata-de-o-echipa-mnp-bucuresti-la-ctf-piatra-lunii-ctf-piatra-soarelui-ctf-ochi-de-soim-ctf-ochi-de-tigru-buzau-ctf-nr-1-intorsura-buzaului-ctf\/#primaryimage"},"image":{"@id":"https:\/\/avp.ro\/index.php\/campanie-de-informare-si-instruire-efectuata-de-o-echipa-mnp-bucuresti-la-ctf-piatra-lunii-ctf-piatra-soarelui-ctf-ochi-de-soim-ctf-ochi-de-tigru-buzau-ctf-nr-1-intorsura-buzaului-ctf\/#primaryimage"},"thumbnailUrl":"https:\/\/avp.ro\/wp-content\/uploads\/2026\/02\/1.jpg","datePublished":"2026-02-06T07:30:01+00:00","dateModified":"2026-03-02T13:16:04+00:00","breadcrumb":{"@id":"https:\/\/avp.ro\/index.php\/campanie-de-informare-si-instruire-efectuata-de-o-echipa-mnp-bucuresti-la-ctf-piatra-lunii-ctf-piatra-soarelui-ctf-ochi-de-soim-ctf-ochi-de-tigru-buzau-ctf-nr-1-intorsura-buzaului-ctf\/#breadcrumb"},"inLanguage":"en-US","potentialAction":[{"@type":"ReadAction","target":["https:\/\/avp.ro\/index.php\/campanie-de-informare-si-instruire-efectuata-de-o-echipa-mnp-bucuresti-la-ctf-piatra-lunii-ctf-piatra-soarelui-ctf-ochi-de-soim-ctf-ochi-de-tigru-buzau-ctf-nr-1-intorsura-buzaului-ctf\/"]}]},{"@type":"ImageObject","inLanguage":"en-US","@id":"https:\/\/avp.ro\/index.php\/campanie-de-informare-si-instruire-efectuata-de-o-echipa-mnp-bucuresti-la-ctf-piatra-lunii-ctf-piatra-soarelui-ctf-ochi-de-soim-ctf-ochi-de-tigru-buzau-ctf-nr-1-intorsura-buzaului-ctf\/#primaryimage","url":"https:\/\/avp.ro\/wp-content\/uploads\/2026\/02\/1.jpg","contentUrl":"https:\/\/avp.ro\/wp-content\/uploads\/2026\/02\/1.jpg","width":299,"height":399},{"@type":"BreadcrumbList","@id":"https:\/\/avp.ro\/index.php\/campanie-de-informare-si-instruire-efectuata-de-o-echipa-mnp-bucuresti-la-ctf-piatra-lunii-ctf-piatra-soarelui-ctf-ochi-de-soim-ctf-ochi-de-tigru-buzau-ctf-nr-1-intorsura-buzaului-ctf\/#breadcrumb","itemListElement":[{"@type":"ListItem","position":1,"name":"Home","item":"https:\/\/avp.ro\/"},{"@type":"ListItem","position":2,"name":"Campanie de informare \u0219i instruire efectuat\u0103 de o echip\u0103 MNP Bucure\u0219ti la CTF Piatra Lunii, CTF Piatra Soarelui, CTF Ochi de \u0218oim, CTF Ochi de Tigru \u2013 Buz\u0103u; CTF nr. 1 \u00centorsura Buz\u0103ului; CTF nr. 2 \u0219i nr. 3 T\u00e2rgu Secuiesc"}]},{"@type":"WebSite","@id":"https:\/\/avp.ro\/#website","url":"https:\/\/avp.ro\/","name":"Institu\u021bia Avocatul Poporului","description":"People\u2019s Advocate institution - Office of the Ombudsman","publisher":{"@id":"https:\/\/avp.ro\/#organization"},"potentialAction":[{"@type":"SearchAction","target":{"@type":"EntryPoint","urlTemplate":"https:\/\/avp.ro\/?s={search_term_string}"},"query-input":{"@type":"PropertyValueSpecification","valueRequired":true,"valueName":"search_term_string"}}],"inLanguage":"en-US"},{"@type":"Organization","@id":"https:\/\/avp.ro\/#organization","name":"Institutia Avocatul Poporului","url":"https:\/\/avp.ro\/","logo":{"@type":"ImageObject","inLanguage":"en-US","@id":"https:\/\/avp.ro\/#\/schema\/logo\/image\/","url":"https:\/\/avp.ro\/wp-content\/uploads\/2020\/09\/cropped-AP.jpg","contentUrl":"https:\/\/avp.ro\/wp-content\/uploads\/2020\/09\/cropped-AP.jpg","width":160,"height":146,"caption":"Institutia Avocatul Poporului"},"image":{"@id":"https:\/\/avp.ro\/#\/schema\/logo\/image\/"}}]}},"_links":{"self":[{"href":"https:\/\/avp.ro\/index.php\/wp-json\/wp\/v2\/pages\/15251","targetHints":{"allow":["GET"]}}],"collection":[{"href":"https:\/\/avp.ro\/index.php\/wp-json\/wp\/v2\/pages"}],"about":[{"href":"https:\/\/avp.ro\/index.php\/wp-json\/wp\/v2\/types\/page"}],"author":[{"embeddable":true,"href":"https:\/\/avp.ro\/index.php\/wp-json\/wp\/v2\/users\/1"}],"replies":[{"embeddable":true,"href":"https:\/\/avp.ro\/index.php\/wp-json\/wp\/v2\/comments?post=15251"}],"version-history":[{"count":11,"href":"https:\/\/avp.ro\/index.php\/wp-json\/wp\/v2\/pages\/15251\/revisions"}],"predecessor-version":[{"id":15422,"href":"https:\/\/avp.ro\/index.php\/wp-json\/wp\/v2\/pages\/15251\/revisions\/15422"}],"wp:attachment":[{"href":"https:\/\/avp.ro\/index.php\/wp-json\/wp\/v2\/media?parent=15251"}],"curies":[{"name":"wp","href":"https:\/\/api.w.org\/{rel}","templated":true}]}}