{"id":15258,"date":"2026-02-06T09:34:24","date_gmt":"2026-02-06T07:34:24","guid":{"rendered":"https:\/\/avp.ro\/?page_id=15258"},"modified":"2026-02-06T10:07:40","modified_gmt":"2026-02-06T08:07:40","slug":"campanie-de-informare-si-instruire-efectuata-de-o-echipa-mnp-bucuresti-la-caminul-de-batrani-premier-care-din-cadrul-caminului-memorial-doctor-popescu-s-r-l-pucioasa-locuinta-protejata-pentru-persoa","status":"publish","type":"page","link":"https:\/\/avp.ro\/index.php\/campanie-de-informare-si-instruire-efectuata-de-o-echipa-mnp-bucuresti-la-caminul-de-batrani-premier-care-din-cadrul-caminului-memorial-doctor-popescu-s-r-l-pucioasa-locuinta-protejata-pentru-persoa\/","title":{"rendered":"Campanie de informare \u0219i instruire efectuat\u0103 de o echip\u0103 MNP Bucure\u0219ti la C\u0103minul de b\u0103tr\u00e2ni Premier Care din cadrul C\u0103minului Memorial Doctor Popescu S.R.L. Pucioasa, Locuin\u021ba protejat\u0103 pentru persoane v\u00e2rstnice din cadrul Funda\u0163iei Centrul Cre\u015ftin Social Medical de Zi Sighi\u0219oara; C\u0103minul pentru v\u00e2rstnici Filadelfia din cadrul Funda\u0163iei Cre\u015ftine Diakonia Sighi\u0219oara."},"content":{"rendered":"<p><strong>Campanie de informare \u0219i instruire efectuat\u0103 de o echip\u0103 MNP Bucure\u0219ti, \u00een perioada 20-22 ianuarie 2026, la C\u0103minul de b\u0103tr\u00e2ni Premier Care din cadrul C\u0103minului Memorial Doctor Popescu S.R.L. Pucioasa, Locuin\u021ba protejat\u0103 pentru persoane v\u00e2rstnice din cadru Funda\u0163iei Centrul Cre\u015ftin Social Medical de Zi Sighi\u0219oara, C\u0103minul pentru v\u00e2rstnici Filadelfia din cadrul Funda\u0163iei Cre\u015ftine Diakonia Sighi\u0219oara.<\/strong><\/p>\n<p><a href=\"https:\/\/avp.ro\/wp-content\/uploads\/2026\/02\/1-1.jpg\"><img loading=\"lazy\" decoding=\"async\" class=\"aligncenter size-full wp-image-15265\" src=\"https:\/\/avp.ro\/wp-content\/uploads\/2026\/02\/1-1.jpg\" alt=\"\" width=\"414\" height=\"307\" srcset=\"https:\/\/avp.ro\/wp-content\/uploads\/2026\/02\/1-1.jpg 414w, https:\/\/avp.ro\/wp-content\/uploads\/2026\/02\/1-1-300x222.jpg 300w\" sizes=\"auto, (max-width: 414px) 100vw, 414px\" \/><\/a><\/p>\n<p style=\"text-align: center;\"><strong>C\u0103minul de b\u0103tr\u00e2ni Premier Care<\/strong><\/p>\n<p><a href=\"https:\/\/avp.ro\/wp-content\/uploads\/2026\/02\/2-1.jpg\"><img loading=\"lazy\" decoding=\"async\" class=\"aligncenter size-full wp-image-15266\" src=\"https:\/\/avp.ro\/wp-content\/uploads\/2026\/02\/2-1.jpg\" alt=\"\" width=\"627\" height=\"330\" srcset=\"https:\/\/avp.ro\/wp-content\/uploads\/2026\/02\/2-1.jpg 627w, https:\/\/avp.ro\/wp-content\/uploads\/2026\/02\/2-1-300x158.jpg 300w\" sizes=\"auto, (max-width: 627px) 100vw, 627px\" \/><\/a><\/p>\n<p style=\"text-align: center;\"><strong>Locuin\u021ba protejat\u0103 pentru persoane v\u00e2rstnice <\/strong><\/p>\n<p style=\"text-align: center;\"><strong>din cadrul Funda\u0163iei Centrul Cre\u015ftin Social Medical de Zi<\/strong><\/p>\n<p>&nbsp;<\/p>\n<p><a href=\"https:\/\/avp.ro\/wp-content\/uploads\/2026\/02\/3.jpg\"><img loading=\"lazy\" decoding=\"async\" class=\"aligncenter size-full wp-image-15267\" src=\"https:\/\/avp.ro\/wp-content\/uploads\/2026\/02\/3.jpg\" alt=\"\" width=\"499\" height=\"375\" srcset=\"https:\/\/avp.ro\/wp-content\/uploads\/2026\/02\/3.jpg 499w, https:\/\/avp.ro\/wp-content\/uploads\/2026\/02\/3-300x225.jpg 300w\" sizes=\"auto, (max-width: 499px) 100vw, 499px\" \/><\/a><\/p>\n<p style=\"text-align: center;\"><strong>C\u0103minul pentru v\u00e2rstnici Filadelfia<\/strong><\/p>\n<p>&nbsp;<\/p>\n","protected":false},"excerpt":{"rendered":"<p>Campanie de informare \u0219i instruire efectuat\u0103 de o echip\u0103 MNP Bucure\u0219ti, \u00een perioada 20-22 ianuarie 2026, la C\u0103minul de b\u0103tr\u00e2ni Premier Care din cadrul C\u0103minului Memorial Doctor Popescu S.R.L. Pucioasa,&hellip; <\/p>\n","protected":false},"author":1,"featured_media":0,"parent":0,"menu_order":0,"comment_status":"closed","ping_status":"closed","template":"","meta":{"footnotes":""},"class_list":["post-15258","page","type-page","status-publish","hentry"],"yoast_head":"<!-- This site is optimized with the Yoast SEO plugin v27.3 - https:\/\/yoast.com\/product\/yoast-seo-wordpress\/ -->\n<title>Campanie de informare \u0219i instruire efectuat\u0103 de o echip\u0103 MNP Bucure\u0219ti la C\u0103minul de b\u0103tr\u00e2ni Premier Care din cadrul C\u0103minului Memorial Doctor Popescu S.R.L. Pucioasa, Locuin\u021ba protejat\u0103 pentru persoane v\u00e2rstnice din cadrul Funda\u0163iei Centrul Cre\u015ftin Social Medical de Zi Sighi\u0219oara; C\u0103minul pentru v\u00e2rstnici Filadelfia din cadrul Funda\u0163iei Cre\u015ftine Diakonia Sighi\u0219oara. - Institu\u021bia Avocatul Poporului<\/title>\n<meta name=\"robots\" content=\"index, follow, max-snippet:-1, max-image-preview:large, max-video-preview:-1\" \/>\n<link rel=\"canonical\" href=\"https:\/\/avp.ro\/index.php\/campanie-de-informare-si-instruire-efectuata-de-o-echipa-mnp-bucuresti-la-caminul-de-batrani-premier-care-din-cadrul-caminului-memorial-doctor-popescu-s-r-l-pucioasa-locuinta-protejata-pentru-persoa\/\" \/>\n<meta property=\"og:locale\" content=\"en_US\" \/>\n<meta property=\"og:type\" content=\"article\" \/>\n<meta property=\"og:title\" content=\"Campanie de informare \u0219i instruire efectuat\u0103 de o echip\u0103 MNP Bucure\u0219ti la C\u0103minul de b\u0103tr\u00e2ni Premier Care din cadrul C\u0103minului Memorial Doctor Popescu S.R.L. Pucioasa, Locuin\u021ba protejat\u0103 pentru persoane v\u00e2rstnice din cadrul Funda\u0163iei Centrul Cre\u015ftin Social Medical de Zi Sighi\u0219oara; C\u0103minul pentru v\u00e2rstnici Filadelfia din cadrul Funda\u0163iei Cre\u015ftine Diakonia Sighi\u0219oara. - Institu\u021bia Avocatul Poporului\" \/>\n<meta property=\"og:description\" content=\"Campanie de informare \u0219i instruire efectuat\u0103 de o echip\u0103 MNP Bucure\u0219ti, \u00een perioada 20-22 ianuarie 2026, la C\u0103minul de b\u0103tr\u00e2ni Premier Care din cadrul C\u0103minului Memorial Doctor Popescu S.R.L. Pucioasa,&hellip;\" \/>\n<meta property=\"og:url\" content=\"https:\/\/avp.ro\/index.php\/campanie-de-informare-si-instruire-efectuata-de-o-echipa-mnp-bucuresti-la-caminul-de-batrani-premier-care-din-cadrul-caminului-memorial-doctor-popescu-s-r-l-pucioasa-locuinta-protejata-pentru-persoa\/\" \/>\n<meta property=\"og:site_name\" content=\"Institu\u021bia Avocatul Poporului\" \/>\n<meta property=\"article:modified_time\" content=\"2026-02-06T08:07:40+00:00\" \/>\n<meta property=\"og:image\" content=\"https:\/\/avp.ro\/wp-content\/uploads\/2026\/02\/1-1.jpg\" \/>\n\t<meta property=\"og:image:width\" content=\"414\" \/>\n\t<meta property=\"og:image:height\" content=\"307\" \/>\n\t<meta property=\"og:image:type\" content=\"image\/jpeg\" \/>\n<meta name=\"twitter:card\" content=\"summary_large_image\" \/>\n<meta name=\"twitter:label1\" content=\"Est. reading time\" \/>\n\t<meta name=\"twitter:data1\" content=\"1 minute\" \/>\n<script type=\"application\/ld+json\" class=\"yoast-schema-graph\">{\"@context\":\"https:\\\/\\\/schema.org\",\"@graph\":[{\"@type\":\"WebPage\",\"@id\":\"https:\\\/\\\/avp.ro\\\/index.php\\\/campanie-de-informare-si-instruire-efectuata-de-o-echipa-mnp-bucuresti-la-caminul-de-batrani-premier-care-din-cadrul-caminului-memorial-doctor-popescu-s-r-l-pucioasa-locuinta-protejata-pentru-persoa\\\/\",\"url\":\"https:\\\/\\\/avp.ro\\\/index.php\\\/campanie-de-informare-si-instruire-efectuata-de-o-echipa-mnp-bucuresti-la-caminul-de-batrani-premier-care-din-cadrul-caminului-memorial-doctor-popescu-s-r-l-pucioasa-locuinta-protejata-pentru-persoa\\\/\",\"name\":\"Campanie de informare \u0219i instruire efectuat\u0103 de o echip\u0103 MNP Bucure\u0219ti la C\u0103minul de b\u0103tr\u00e2ni Premier Care din cadrul C\u0103minului Memorial Doctor Popescu S.R.L. Pucioasa, Locuin\u021ba protejat\u0103 pentru persoane v\u00e2rstnice din cadrul Funda\u0163iei Centrul Cre\u015ftin Social Medical de Zi Sighi\u0219oara; C\u0103minul pentru v\u00e2rstnici Filadelfia din cadrul Funda\u0163iei Cre\u015ftine Diakonia Sighi\u0219oara. - Institu\u021bia Avocatul Poporului\",\"isPartOf\":{\"@id\":\"https:\\\/\\\/avp.ro\\\/#website\"},\"primaryImageOfPage\":{\"@id\":\"https:\\\/\\\/avp.ro\\\/index.php\\\/campanie-de-informare-si-instruire-efectuata-de-o-echipa-mnp-bucuresti-la-caminul-de-batrani-premier-care-din-cadrul-caminului-memorial-doctor-popescu-s-r-l-pucioasa-locuinta-protejata-pentru-persoa\\\/#primaryimage\"},\"image\":{\"@id\":\"https:\\\/\\\/avp.ro\\\/index.php\\\/campanie-de-informare-si-instruire-efectuata-de-o-echipa-mnp-bucuresti-la-caminul-de-batrani-premier-care-din-cadrul-caminului-memorial-doctor-popescu-s-r-l-pucioasa-locuinta-protejata-pentru-persoa\\\/#primaryimage\"},\"thumbnailUrl\":\"https:\\\/\\\/avp.ro\\\/wp-content\\\/uploads\\\/2026\\\/02\\\/1-1.jpg\",\"datePublished\":\"2026-02-06T07:34:24+00:00\",\"dateModified\":\"2026-02-06T08:07:40+00:00\",\"breadcrumb\":{\"@id\":\"https:\\\/\\\/avp.ro\\\/index.php\\\/campanie-de-informare-si-instruire-efectuata-de-o-echipa-mnp-bucuresti-la-caminul-de-batrani-premier-care-din-cadrul-caminului-memorial-doctor-popescu-s-r-l-pucioasa-locuinta-protejata-pentru-persoa\\\/#breadcrumb\"},\"inLanguage\":\"en-US\",\"potentialAction\":[{\"@type\":\"ReadAction\",\"target\":[\"https:\\\/\\\/avp.ro\\\/index.php\\\/campanie-de-informare-si-instruire-efectuata-de-o-echipa-mnp-bucuresti-la-caminul-de-batrani-premier-care-din-cadrul-caminului-memorial-doctor-popescu-s-r-l-pucioasa-locuinta-protejata-pentru-persoa\\\/\"]}]},{\"@type\":\"ImageObject\",\"inLanguage\":\"en-US\",\"@id\":\"https:\\\/\\\/avp.ro\\\/index.php\\\/campanie-de-informare-si-instruire-efectuata-de-o-echipa-mnp-bucuresti-la-caminul-de-batrani-premier-care-din-cadrul-caminului-memorial-doctor-popescu-s-r-l-pucioasa-locuinta-protejata-pentru-persoa\\\/#primaryimage\",\"url\":\"https:\\\/\\\/avp.ro\\\/wp-content\\\/uploads\\\/2026\\\/02\\\/1-1.jpg\",\"contentUrl\":\"https:\\\/\\\/avp.ro\\\/wp-content\\\/uploads\\\/2026\\\/02\\\/1-1.jpg\"},{\"@type\":\"BreadcrumbList\",\"@id\":\"https:\\\/\\\/avp.ro\\\/index.php\\\/campanie-de-informare-si-instruire-efectuata-de-o-echipa-mnp-bucuresti-la-caminul-de-batrani-premier-care-din-cadrul-caminului-memorial-doctor-popescu-s-r-l-pucioasa-locuinta-protejata-pentru-persoa\\\/#breadcrumb\",\"itemListElement\":[{\"@type\":\"ListItem\",\"position\":1,\"name\":\"Home\",\"item\":\"https:\\\/\\\/avp.ro\\\/\"},{\"@type\":\"ListItem\",\"position\":2,\"name\":\"Campanie de informare \u0219i instruire efectuat\u0103 de o echip\u0103 MNP Bucure\u0219ti la C\u0103minul de b\u0103tr\u00e2ni Premier Care din cadrul C\u0103minului Memorial Doctor Popescu S.R.L. Pucioasa, Locuin\u021ba protejat\u0103 pentru persoane v\u00e2rstnice din cadrul Funda\u0163iei Centrul Cre\u015ftin Social Medical de Zi Sighi\u0219oara; C\u0103minul pentru v\u00e2rstnici Filadelfia din cadrul Funda\u0163iei Cre\u015ftine Diakonia Sighi\u0219oara.\"}]},{\"@type\":\"WebSite\",\"@id\":\"https:\\\/\\\/avp.ro\\\/#website\",\"url\":\"https:\\\/\\\/avp.ro\\\/\",\"name\":\"Institu\u021bia Avocatul Poporului\",\"description\":\"People\u2019s Advocate institution - Office of the Ombudsman\",\"publisher\":{\"@id\":\"https:\\\/\\\/avp.ro\\\/#organization\"},\"potentialAction\":[{\"@type\":\"SearchAction\",\"target\":{\"@type\":\"EntryPoint\",\"urlTemplate\":\"https:\\\/\\\/avp.ro\\\/?s={search_term_string}\"},\"query-input\":{\"@type\":\"PropertyValueSpecification\",\"valueRequired\":true,\"valueName\":\"search_term_string\"}}],\"inLanguage\":\"en-US\"},{\"@type\":\"Organization\",\"@id\":\"https:\\\/\\\/avp.ro\\\/#organization\",\"name\":\"Institutia Avocatul Poporului\",\"url\":\"https:\\\/\\\/avp.ro\\\/\",\"logo\":{\"@type\":\"ImageObject\",\"inLanguage\":\"en-US\",\"@id\":\"https:\\\/\\\/avp.ro\\\/#\\\/schema\\\/logo\\\/image\\\/\",\"url\":\"https:\\\/\\\/avp.ro\\\/wp-content\\\/uploads\\\/2020\\\/09\\\/cropped-AP.jpg\",\"contentUrl\":\"https:\\\/\\\/avp.ro\\\/wp-content\\\/uploads\\\/2020\\\/09\\\/cropped-AP.jpg\",\"width\":160,\"height\":146,\"caption\":\"Institutia Avocatul Poporului\"},\"image\":{\"@id\":\"https:\\\/\\\/avp.ro\\\/#\\\/schema\\\/logo\\\/image\\\/\"}}]}<\/script>\n<!-- \/ Yoast SEO plugin. -->","yoast_head_json":{"title":"Campanie de informare \u0219i instruire efectuat\u0103 de o echip\u0103 MNP Bucure\u0219ti la C\u0103minul de b\u0103tr\u00e2ni Premier Care din cadrul C\u0103minului Memorial Doctor Popescu S.R.L. Pucioasa, Locuin\u021ba protejat\u0103 pentru persoane v\u00e2rstnice din cadrul Funda\u0163iei Centrul Cre\u015ftin Social Medical de Zi Sighi\u0219oara; C\u0103minul pentru v\u00e2rstnici Filadelfia din cadrul Funda\u0163iei Cre\u015ftine Diakonia Sighi\u0219oara. - Institu\u021bia Avocatul Poporului","robots":{"index":"index","follow":"follow","max-snippet":"max-snippet:-1","max-image-preview":"max-image-preview:large","max-video-preview":"max-video-preview:-1"},"canonical":"https:\/\/avp.ro\/index.php\/campanie-de-informare-si-instruire-efectuata-de-o-echipa-mnp-bucuresti-la-caminul-de-batrani-premier-care-din-cadrul-caminului-memorial-doctor-popescu-s-r-l-pucioasa-locuinta-protejata-pentru-persoa\/","og_locale":"en_US","og_type":"article","og_title":"Campanie de informare \u0219i instruire efectuat\u0103 de o echip\u0103 MNP Bucure\u0219ti la C\u0103minul de b\u0103tr\u00e2ni Premier Care din cadrul C\u0103minului Memorial Doctor Popescu S.R.L. Pucioasa, Locuin\u021ba protejat\u0103 pentru persoane v\u00e2rstnice din cadrul Funda\u0163iei Centrul Cre\u015ftin Social Medical de Zi Sighi\u0219oara; C\u0103minul pentru v\u00e2rstnici Filadelfia din cadrul Funda\u0163iei Cre\u015ftine Diakonia Sighi\u0219oara. - Institu\u021bia Avocatul Poporului","og_description":"Campanie de informare \u0219i instruire efectuat\u0103 de o echip\u0103 MNP Bucure\u0219ti, \u00een perioada 20-22 ianuarie 2026, la C\u0103minul de b\u0103tr\u00e2ni Premier Care din cadrul C\u0103minului Memorial Doctor Popescu S.R.L. Pucioasa,&hellip;","og_url":"https:\/\/avp.ro\/index.php\/campanie-de-informare-si-instruire-efectuata-de-o-echipa-mnp-bucuresti-la-caminul-de-batrani-premier-care-din-cadrul-caminului-memorial-doctor-popescu-s-r-l-pucioasa-locuinta-protejata-pentru-persoa\/","og_site_name":"Institu\u021bia Avocatul Poporului","article_modified_time":"2026-02-06T08:07:40+00:00","og_image":[{"width":414,"height":307,"url":"https:\/\/avp.ro\/wp-content\/uploads\/2026\/02\/1-1.jpg","type":"image\/jpeg"}],"twitter_card":"summary_large_image","twitter_misc":{"Est. reading time":"1 minute"},"schema":{"@context":"https:\/\/schema.org","@graph":[{"@type":"WebPage","@id":"https:\/\/avp.ro\/index.php\/campanie-de-informare-si-instruire-efectuata-de-o-echipa-mnp-bucuresti-la-caminul-de-batrani-premier-care-din-cadrul-caminului-memorial-doctor-popescu-s-r-l-pucioasa-locuinta-protejata-pentru-persoa\/","url":"https:\/\/avp.ro\/index.php\/campanie-de-informare-si-instruire-efectuata-de-o-echipa-mnp-bucuresti-la-caminul-de-batrani-premier-care-din-cadrul-caminului-memorial-doctor-popescu-s-r-l-pucioasa-locuinta-protejata-pentru-persoa\/","name":"Campanie de informare \u0219i instruire efectuat\u0103 de o echip\u0103 MNP Bucure\u0219ti la C\u0103minul de b\u0103tr\u00e2ni Premier Care din cadrul C\u0103minului Memorial Doctor Popescu S.R.L. Pucioasa, Locuin\u021ba protejat\u0103 pentru persoane v\u00e2rstnice din cadrul Funda\u0163iei Centrul Cre\u015ftin Social Medical de Zi Sighi\u0219oara; C\u0103minul pentru v\u00e2rstnici Filadelfia din cadrul Funda\u0163iei Cre\u015ftine Diakonia Sighi\u0219oara. - Institu\u021bia Avocatul Poporului","isPartOf":{"@id":"https:\/\/avp.ro\/#website"},"primaryImageOfPage":{"@id":"https:\/\/avp.ro\/index.php\/campanie-de-informare-si-instruire-efectuata-de-o-echipa-mnp-bucuresti-la-caminul-de-batrani-premier-care-din-cadrul-caminului-memorial-doctor-popescu-s-r-l-pucioasa-locuinta-protejata-pentru-persoa\/#primaryimage"},"image":{"@id":"https:\/\/avp.ro\/index.php\/campanie-de-informare-si-instruire-efectuata-de-o-echipa-mnp-bucuresti-la-caminul-de-batrani-premier-care-din-cadrul-caminului-memorial-doctor-popescu-s-r-l-pucioasa-locuinta-protejata-pentru-persoa\/#primaryimage"},"thumbnailUrl":"https:\/\/avp.ro\/wp-content\/uploads\/2026\/02\/1-1.jpg","datePublished":"2026-02-06T07:34:24+00:00","dateModified":"2026-02-06T08:07:40+00:00","breadcrumb":{"@id":"https:\/\/avp.ro\/index.php\/campanie-de-informare-si-instruire-efectuata-de-o-echipa-mnp-bucuresti-la-caminul-de-batrani-premier-care-din-cadrul-caminului-memorial-doctor-popescu-s-r-l-pucioasa-locuinta-protejata-pentru-persoa\/#breadcrumb"},"inLanguage":"en-US","potentialAction":[{"@type":"ReadAction","target":["https:\/\/avp.ro\/index.php\/campanie-de-informare-si-instruire-efectuata-de-o-echipa-mnp-bucuresti-la-caminul-de-batrani-premier-care-din-cadrul-caminului-memorial-doctor-popescu-s-r-l-pucioasa-locuinta-protejata-pentru-persoa\/"]}]},{"@type":"ImageObject","inLanguage":"en-US","@id":"https:\/\/avp.ro\/index.php\/campanie-de-informare-si-instruire-efectuata-de-o-echipa-mnp-bucuresti-la-caminul-de-batrani-premier-care-din-cadrul-caminului-memorial-doctor-popescu-s-r-l-pucioasa-locuinta-protejata-pentru-persoa\/#primaryimage","url":"https:\/\/avp.ro\/wp-content\/uploads\/2026\/02\/1-1.jpg","contentUrl":"https:\/\/avp.ro\/wp-content\/uploads\/2026\/02\/1-1.jpg"},{"@type":"BreadcrumbList","@id":"https:\/\/avp.ro\/index.php\/campanie-de-informare-si-instruire-efectuata-de-o-echipa-mnp-bucuresti-la-caminul-de-batrani-premier-care-din-cadrul-caminului-memorial-doctor-popescu-s-r-l-pucioasa-locuinta-protejata-pentru-persoa\/#breadcrumb","itemListElement":[{"@type":"ListItem","position":1,"name":"Home","item":"https:\/\/avp.ro\/"},{"@type":"ListItem","position":2,"name":"Campanie de informare \u0219i instruire efectuat\u0103 de o echip\u0103 MNP Bucure\u0219ti la C\u0103minul de b\u0103tr\u00e2ni Premier Care din cadrul C\u0103minului Memorial Doctor Popescu S.R.L. Pucioasa, Locuin\u021ba protejat\u0103 pentru persoane v\u00e2rstnice din cadrul Funda\u0163iei Centrul Cre\u015ftin Social Medical de Zi Sighi\u0219oara; C\u0103minul pentru v\u00e2rstnici Filadelfia din cadrul Funda\u0163iei Cre\u015ftine Diakonia Sighi\u0219oara."}]},{"@type":"WebSite","@id":"https:\/\/avp.ro\/#website","url":"https:\/\/avp.ro\/","name":"Institu\u021bia Avocatul Poporului","description":"People\u2019s Advocate institution - Office of the Ombudsman","publisher":{"@id":"https:\/\/avp.ro\/#organization"},"potentialAction":[{"@type":"SearchAction","target":{"@type":"EntryPoint","urlTemplate":"https:\/\/avp.ro\/?s={search_term_string}"},"query-input":{"@type":"PropertyValueSpecification","valueRequired":true,"valueName":"search_term_string"}}],"inLanguage":"en-US"},{"@type":"Organization","@id":"https:\/\/avp.ro\/#organization","name":"Institutia Avocatul Poporului","url":"https:\/\/avp.ro\/","logo":{"@type":"ImageObject","inLanguage":"en-US","@id":"https:\/\/avp.ro\/#\/schema\/logo\/image\/","url":"https:\/\/avp.ro\/wp-content\/uploads\/2020\/09\/cropped-AP.jpg","contentUrl":"https:\/\/avp.ro\/wp-content\/uploads\/2020\/09\/cropped-AP.jpg","width":160,"height":146,"caption":"Institutia Avocatul Poporului"},"image":{"@id":"https:\/\/avp.ro\/#\/schema\/logo\/image\/"}}]}},"_links":{"self":[{"href":"https:\/\/avp.ro\/index.php\/wp-json\/wp\/v2\/pages\/15258","targetHints":{"allow":["GET"]}}],"collection":[{"href":"https:\/\/avp.ro\/index.php\/wp-json\/wp\/v2\/pages"}],"about":[{"href":"https:\/\/avp.ro\/index.php\/wp-json\/wp\/v2\/types\/page"}],"author":[{"embeddable":true,"href":"https:\/\/avp.ro\/index.php\/wp-json\/wp\/v2\/users\/1"}],"replies":[{"embeddable":true,"href":"https:\/\/avp.ro\/index.php\/wp-json\/wp\/v2\/comments?post=15258"}],"version-history":[{"count":3,"href":"https:\/\/avp.ro\/index.php\/wp-json\/wp\/v2\/pages\/15258\/revisions"}],"predecessor-version":[{"id":15268,"href":"https:\/\/avp.ro\/index.php\/wp-json\/wp\/v2\/pages\/15258\/revisions\/15268"}],"wp:attachment":[{"href":"https:\/\/avp.ro\/index.php\/wp-json\/wp\/v2\/media?parent=15258"}],"curies":[{"name":"wp","href":"https:\/\/api.w.org\/{rel}","templated":true}]}}