{"id":1676,"date":"2020-11-18T11:29:39","date_gmt":"2020-11-18T09:29:39","guid":{"rendered":"https:\/\/avp.ro\/?page_id=1676"},"modified":"2024-02-05T13:01:22","modified_gmt":"2024-02-05T11:01:22","slug":"birouri-teritoriale","status":"publish","type":"page","link":"https:\/\/avp.ro\/index.php\/contact\/birouri-teritoriale\/","title":{"rendered":"Birouri teritoriale"},"content":{"rendered":"<p>&nbsp;<\/p>\n<p>&nbsp;<\/p>\n<p style=\"text-align: center;\"><strong>Birourile teritoriale ale institu\u0163iei Avocatul Poporului<u><\/u><\/strong><\/p>\n<p>&nbsp;<\/p>\n<p><img loading=\"lazy\" decoding=\"async\" class=\"aligncenter size-full wp-image-4133\" src=\"https:\/\/avp.ro\/wp-content\/uploads\/2021\/07\/harta._bt.jpg\" alt=\"\" width=\"768\" height=\"545\" srcset=\"https:\/\/avp.ro\/wp-content\/uploads\/2021\/07\/harta._bt.jpg 768w, https:\/\/avp.ro\/wp-content\/uploads\/2021\/07\/harta._bt-300x213.jpg 300w\" sizes=\"auto, (max-width: 768px) 100vw, 768px\" \/><\/p>\n<p>&nbsp;<\/p>\n<p style=\"text-align: center;\"><strong><em>Biroul Teritorial Alba-Iulia<\/em><\/strong>, jude\u021be arondate: Alba, Hunedoara, Sibiu<\/p>\n<p style=\"text-align: center;\">Str. Mihai Viteazu, nr.2, municipiul Alba Iulia<\/p>\n<p style=\"text-align: center;\">Tel.\/fax: 0258\/813.865<\/p>\n<p style=\"text-align: center;\">E-mail:\u00a0<a href=\"&#x6d;&#x61;&#x69;&#x6c;&#x74;&#111;&#58;&#97;&#118;pal&#x62;&#x61;&#x40;&#x61;&#x76;&#x70;&#46;&#114;&#111;\">&#97;&#x76;&#x70;a&#108;&#x62;a&#64;&#x61;&#x76;p&#46;&#x72;o<\/a><\/p>\n<p>&nbsp;<\/p>\n<p style=\"text-align: center;\"><em><strong>Biroul Teritorial Bac\u0103u<\/strong><\/em>, jude\u021be arondate: Bac\u0103u, Neam\u021b<\/p>\n<p style=\"text-align: center;\">Str. Nicolae B\u0103lcescu, nr.5, municipiul Bac\u0103u, jud. Bac\u0103u<\/p>\n<p style=\"text-align: center;\">Tel.\/fax: 0234\/572.472<\/p>\n<p style=\"text-align: center;\">E-mail:\u00a0<a href=\"&#109;a&#x69;l&#x74;o&#x3a;a&#x76;p&#x62;a&#x63;&#97;&#x75;&#64;&#x61;&#118;&#x70;&#46;&#x72;&#111;\">avpbac&#97;&#117;&#64;&#97;&#118;&#112;&#46;&#x72;&#x6f;<\/a><\/p>\n<p>&nbsp;<\/p>\n<p style=\"text-align: center;\"><em><strong>Biroul Teritorial Bra\u0219ov<\/strong><\/em>, jude\u021be arondate: Bra\u0219ov, Covasna<\/p>\n<p style=\"text-align: center;\">B-dul Mihail Kog\u0103lniceanu, nr.23, bloc C7, camera 402 (zona Centrul Civic), municipiul Bra\u015fov, jud. Bra\u015fov<\/p>\n<p style=\"text-align: center;\">Tel.\/fax: 0268\/471.100<\/p>\n<p style=\"text-align: center;\">E-mail:\u00a0<a href=\"&#109;&#x61;i&#x6c;&#x74;&#111;&#x3a;a&#118;&#x70;&#98;&#x72;a&#115;&#x6f;v&#x40;a&#118;&#x70;&#46;&#x72;&#x6f;\">&#x61;&#x76;&#x70;&#98;&#114;&#97;so&#x76;&#x40;&#x61;&#x76;&#112;&#46;ro<\/a><\/p>\n<p>&nbsp;<\/p>\n<p style=\"text-align: center;\"><em><strong>Biroul Teritorial Cluj-Napoca<\/strong><\/em>, jude\u021be arondate: Bistri\u021ba-N\u0103s\u0103ud, Cluj, Maramure\u0219, S\u0103laj<\/p>\n<p style=\"text-align: center;\">Str. Mo\u021bilor, nr.18, municipiul Cluj-Napoca, jud. Cluj<\/p>\n<p style=\"text-align: center;\">Tel.\/fax: 0264\/591.561<\/p>\n<p style=\"text-align: center;\">E-mail:\u00a0<a href=\"&#109;&#x61;&#105;&#x6c;&#116;&#x6f;:&#x61;v&#112;&#x63;&#108;&#x75;&#106;&#x40;a&#x76;p&#46;&#x72;&#111;\">&#97;&#x76;&#112;&#x63;l&#x75;j&#64;&#x61;&#118;&#x70;&#46;&#x72;o<\/a><\/p>\n<p>&nbsp;<\/p>\n<p style=\"text-align: center;\"><em><strong>Biroul Teritorial Constan\u021ba<\/strong><\/em>, jude\u021be arondate: Constan\u021ba, Tulcea<\/p>\n<p style=\"text-align: center;\">Bd. Ferdinand nr.7 Bis, municipiul Constan\u021ba, jud. Constan\u021ba<\/p>\n<p style=\"text-align: center;\">Tel.\/fax: 0241\/550.544<\/p>\n<p style=\"text-align: center;\">E-mail:\u00a0<a href=\"&#x6d;a&#x69;&#108;t&#x6f;&#58;&#x61;&#118;p&#x63;&#111;&#x6e;&#115;t&#x61;&#110;&#x74;&#x61;&#64;&#x61;&#118;p&#x2e;&#114;&#x6f;\">&#97;&#x76;&#x70;&#99;&#x6f;&#x6e;s&#x74;&#x61;n&#116;&#x61;&#64;&#97;&#x76;p&#46;&#x72;o<\/a><\/p>\n<p>&nbsp;<\/p>\n<p style=\"text-align: center;\"><em><strong>Biroul Teritorial Craiova<\/strong><\/em>, jude\u021be arondate: Dolj, Gorj, Mehedin\u021bi, Olt<\/p>\n<p style=\"text-align: center;\">Str. T\u00e2rgului nr. 26, Centrul Multifunctional Craiova, municipiul Craiova jud. Dolj<\/p>\n<p style=\"text-align: center;\">Tel.\/fax: 0251\/418.707<\/p>\n<p style=\"text-align: center;\">E-mail:\u00a0<a href=\"&#x6d;&#x61;&#x69;&#x6c;&#x74;&#x6f;&#58;&#97;&#118;&#112;dolj&#x40;&#x61;&#x76;&#x70;&#x2e;&#x72;&#111;\">&#x61;&#x76;&#x70;&#100;&#111;lj&#x40;&#x61;&#x76;&#x70;&#46;&#114;o<\/a><\/p>\n<p>&nbsp;<\/p>\n<p style=\"text-align: center;\"><em><strong>Biroul Teritorial Gala\u021bi<\/strong><\/em>, jude\u021be arondate: Br\u0103ila, Gala\u021bi, Vrancea<\/p>\n<p style=\"text-align: center;\">Bd. Marea Unire, nr. 109, municipiul Gala\u021bi, jud. Gala\u021bi<\/p>\n<p style=\"text-align: center;\">Tel.\/fax: 0236\/320.010<\/p>\n<p style=\"text-align: center;\">E-mail:\u00a0<a href=\"&#x6d;a&#x69;l&#x74;&#111;&#x3a;&#97;v&#x70;g&#x61;&#108;&#x61;&#116;&#x69;&#64;a&#x76;p&#x2e;&#114;&#x6f;\">&#97;&#x76;p&#x67;a&#108;&#x61;&#116;&#x69;&#64;&#97;&#x76;&#112;&#x2e;r&#x6f;<\/a><\/p>\n<p>&nbsp;<\/p>\n<p style=\"text-align: center;\"><em><strong>Biroul Teritorial Ia\u0219i<\/strong><\/em>, jude\u021be arondate: Ia\u0219i, Vaslui<\/p>\n<p style=\"text-align: center;\">\u015eoseaua Na\u021bional\u0103, nr.43, parter, municipiul Ia\u015fi, jud. Ia\u015fi<\/p>\n<p style=\"text-align: center;\">Tel.\/fax: 0232\/219.111<\/p>\n<p style=\"text-align: center;\">E-mail:\u00a0<a href=\"mail&#116;&#111;&#58;&#97;&#118;&#112;&#105;&#x61;&#x73;&#x69;&#x40;&#x61;&#x76;&#x70;&#x2e;&#x72;o\">&#97;&#x76;&#x70;i&#97;&#x73;i&#64;&#x61;v&#112;&#x2e;r&#111;<\/a><\/p>\n<p>&nbsp;<\/p>\n<p style=\"text-align: center;\"><em><strong>Biroul Teritorial Oradea<\/strong><\/em>, jude\u021be arondate: Bihor, Satu Mare<\/p>\n<p style=\"text-align: center;\">Str. Roman Ciorogariu, nr.24, etaj 1 (interfon 12), municipiul Oradea, jud. Bihor<\/p>\n<p style=\"text-align: center;\">Tel.\/fax: 0259.440.535<\/p>\n<p style=\"text-align: center;\">E-mail:\u00a0<a href=\"mailto:a&#118;&#112;&#98;&#105;&#104;&#111;&#114;&#64;&#97;&#118;&#x70;&#x2e;&#x72;&#x6f;\">a&#118;&#x70;&#x62;i&#104;&#111;&#x72;&#x40;a&#118;&#x70;&#x2e;r&#111;<\/a><\/p>\n<p>&nbsp;<\/p>\n<p style=\"text-align: center;\"><em><strong>Biroul Teritorial Pite\u0219ti<\/strong><\/em>, jude\u021be arondate: Arge\u0219, V\u00e2lcea<\/p>\n<p style=\"text-align: center;\">Adresa po\u0219tal\u0103: strada Negru Vod\u0103 nr. 38 \u2013 complex Cioc\u00e2rlia, municipiul Pite\u0219ti, jud. Arge\u0219<\/p>\n<p style=\"text-align: center;\">Tel\/fax: +40 248 211 101<\/p>\n<p style=\"text-align: center;\">mail: <a href=\"&#109;a&#x69;l&#x74;o&#x3a;a&#x76;p&#x61;r&#x67;&#101;&#x73;&#64;&#x61;&#118;&#x70;&#46;&#x72;&#111;\">&#x61;&#x76;&#x70;&#x61;&#x72;&#x67;&#x65;&#x73;&#x40;&#x61;&#x76;&#x70;&#x2e;&#x72;&#111;<\/a><\/p>\n<p>&nbsp;<\/p>\n<p style=\"text-align: center;\"><em><strong>Biroul Teritorial Ploie\u0219ti<\/strong><\/em>, jude\u021be arondate: Buz\u0103u, D\u00e2mbovi\u021ba, Prahova<\/p>\n<p style=\"text-align: center;\">Str. Bulevardul Republicii, nr.2-4, intrarea H, etaj 1, camera 155, municipiul Ploie\u015fti, jud. Prahova<\/p>\n<p style=\"text-align: center;\">Tel.\/fax: 0244.593.227<\/p>\n<p style=\"text-align: center;\">E-mail:\u00a0<a href=\"&#109;&#x61;&#105;&#x6c;&#116;&#x6f;:&#x61;v&#x70;p&#114;&#x61;&#104;&#x6f;&#118;&#x61;&#64;&#x61;v&#x70;&#46;&#x72;o\">&#x61;&#x76;&#x70;&#x70;&#x72;&#x61;&#x68;&#x6f;&#x76;&#x61;&#x40;&#x61;&#x76;&#x70;&#x2e;&#x72;&#x6f;<\/a><\/p>\n<p>&nbsp;<\/p>\n<p style=\"text-align: center;\"><em><strong>Biroul Teritorial Slobozia<\/strong><\/em>, jude\u021be arondate: C\u0103l\u0103ra\u0219i, Ialomi\u021ba, Giurgiu, Teleorman, Ilfov<\/p>\n<p style=\"text-align: center;\">Strada Episcopiei Nr. 1 (sediul Prim\u0103riei Slobozia), municipiul Slobozia, jud. Ialomi\u021ba<\/p>\n<p style=\"text-align: center;\">Camerele 19, 20, parter<\/p>\n<p style=\"text-align: center;\">Tel.\/fax: 0243.233.200<\/p>\n<p style=\"text-align: center;\">E-mail:\u00a0<a href=\"&#x6d;&#97;&#x69;&#108;t&#x6f;&#58;a&#x76;&#112;&#x73;&#x6c;o&#x62;&#111;z&#x69;&#97;&#x40;&#x61;v&#x70;&#46;r&#x6f;\">&#x61;&#x76;&#x70;&#x73;&#x6c;&#x6f;&#x62;&#111;&#122;&#105;&#97;&#64;avp&#46;&#x72;&#x6f;<\/a><\/p>\n<p>&nbsp;<\/p>\n<p style=\"text-align: center;\"><em><strong>Biroul Teritorial Suceava<\/strong><\/em>, jude\u021be arondate: Boto\u0219ani, Suceava<\/p>\n<p style=\"text-align: center;\">Str. Petru Rare\u015f nr.I5, municipiul Suceava, jud. Suceava<\/p>\n<p style=\"text-align: center;\">Tel.\/fax: 0230\/520.622<\/p>\n<p style=\"text-align: center;\">E-mail:\u00a0<a href=\"&#109;&#97;&#x69;l&#116;&#x6f;&#x3a;a&#118;&#x70;&#x73;u&#99;&#x65;&#x61;v&#97;&#x40;&#x61;v&#112;&#x2e;&#x72;o\">&#x61;&#x76;&#x70;&#115;&#117;&#99;ea&#x76;&#x61;&#x40;&#x61;&#118;&#112;&#46;r&#x6f;<\/a><\/p>\n<p>&nbsp;<\/p>\n<p style=\"text-align: center;\"><em><strong>Biroul Teritorial T\u00e2rgu-Mure\u0219<\/strong><\/em>, jude\u021be arondate: Harghita, Mure\u0219<\/p>\n<p style=\"text-align: center;\">Aleea Carpa\u021bi nr.17, municipiul T\u00e2rgu-Mure\u015f, jud. Mure\u015f<\/p>\n<p style=\"text-align: center;\">Tel.\/fax: 0265\/211.082<\/p>\n<p style=\"text-align: center;\">E-mail:\u00a0<a href=\"&#109;&#x61;i&#x6c;&#x74;&#111;&#x3a;a&#118;&#x70;&#109;&#x75;r&#101;&#x73;&#64;&#x61;v&#112;&#x2e;r&#x6f;\">&#x61;&#118;p&#x6d;&#117;r&#x65;&#115;&#64;&#x61;&#118;p&#x2e;&#114;o<\/a><\/p>\n<p>&nbsp;<\/p>\n<p style=\"text-align: center;\"><em><strong>Biroul Teritorial Timi\u0219oara<\/strong><\/em>, jude\u021be arondate: Arad, Cara\u0219-Severin, Timi\u0219<\/p>\n<p style=\"text-align: center;\">Str. Eugeniu de Savoya nr.14, et.1, SAD 6, Timi\u0219oara, jud. Timi\u0219<\/p>\n<p style=\"text-align: center;\">Tel.\/fax: 0256.220.321<\/p>\n<p style=\"text-align: center;\">E-mail:\u00a0<a href=\"&#x6d;&#x61;&#x69;&#108;&#116;o:&#x61;&#x76;&#x70;&#x74;&#105;&#109;is&#x40;&#x61;&#x76;&#112;&#46;&#114;o\">&#x61;&#118;&#112;t&#x69;&#x6d;&#105;s&#x40;&#x61;&#118;p&#46;&#x72;&#111;<\/a><\/p>\n<p>&nbsp;<\/p>\n","protected":false},"excerpt":{"rendered":"<p>&nbsp; &nbsp; Birourile teritoriale ale institu\u0163iei Avocatul Poporului &nbsp; &nbsp; Biroul Teritorial Alba-Iulia, jude\u021be arondate: Alba, Hunedoara, Sibiu Str. Mihai Viteazu, nr.2, municipiul Alba Iulia Tel.\/fax: 0258\/813.865 E-mail:\u00a0&#97;&#118;&#x70;&#x61;&#108;&#98;&#x61;&#x40;&#97;&#118;&#x70;&#x2e;&#114;&#111; &nbsp; Biroul&hellip; <\/p>\n","protected":false},"author":1,"featured_media":0,"parent":65,"menu_order":1,"comment_status":"closed","ping_status":"closed","template":"","meta":{"footnotes":""},"class_list":["post-1676","page","type-page","status-publish","hentry"],"yoast_head":"<!-- This site is optimized with the Yoast SEO plugin v27.3 - https:\/\/yoast.com\/product\/yoast-seo-wordpress\/ -->\n<title>Birouri teritoriale - Institu\u021bia Avocatul Poporului<\/title>\n<meta name=\"robots\" content=\"index, follow, max-snippet:-1, max-image-preview:large, max-video-preview:-1\" \/>\n<link rel=\"canonical\" href=\"https:\/\/avp.ro\/index.php\/contact\/birouri-teritoriale\/\" \/>\n<meta property=\"og:locale\" content=\"en_US\" \/>\n<meta property=\"og:type\" content=\"article\" \/>\n<meta property=\"og:title\" content=\"Birouri teritoriale - Institu\u021bia Avocatul Poporului\" \/>\n<meta property=\"og:description\" content=\"&nbsp; &nbsp; Birourile teritoriale ale institu\u0163iei Avocatul Poporului &nbsp; &nbsp; Biroul Teritorial Alba-Iulia, jude\u021be arondate: Alba, Hunedoara, Sibiu Str. Mihai Viteazu, nr.2, municipiul Alba Iulia Tel.\/fax: 0258\/813.865 E-mail:\u00a0a&#118;&#x70;&#x61;l&#098;&#x61;&#x40;a&#118;&#112;&#x2e;&#x72;o &nbsp; Biroul&hellip;\" \/>\n<meta property=\"og:url\" content=\"https:\/\/avp.ro\/index.php\/contact\/birouri-teritoriale\/\" \/>\n<meta property=\"og:site_name\" content=\"Institu\u021bia Avocatul Poporului\" \/>\n<meta property=\"article:modified_time\" content=\"2024-02-05T11:01:22+00:00\" \/>\n<meta property=\"og:image\" content=\"https:\/\/avp.ro\/wp-content\/uploads\/2021\/07\/harta._bt.jpg\" \/>\n<meta name=\"twitter:card\" content=\"summary_large_image\" \/>\n<meta name=\"twitter:label1\" content=\"Est. reading time\" \/>\n\t<meta name=\"twitter:data1\" content=\"2 minutes\" \/>\n<script type=\"application\/ld+json\" class=\"yoast-schema-graph\">{\"@context\":\"https:\\\/\\\/schema.org\",\"@graph\":[{\"@type\":\"WebPage\",\"@id\":\"https:\\\/\\\/avp.ro\\\/index.php\\\/contact\\\/birouri-teritoriale\\\/\",\"url\":\"https:\\\/\\\/avp.ro\\\/index.php\\\/contact\\\/birouri-teritoriale\\\/\",\"name\":\"Birouri teritoriale - Institu\u021bia Avocatul Poporului\",\"isPartOf\":{\"@id\":\"https:\\\/\\\/avp.ro\\\/#website\"},\"primaryImageOfPage\":{\"@id\":\"https:\\\/\\\/avp.ro\\\/index.php\\\/contact\\\/birouri-teritoriale\\\/#primaryimage\"},\"image\":{\"@id\":\"https:\\\/\\\/avp.ro\\\/index.php\\\/contact\\\/birouri-teritoriale\\\/#primaryimage\"},\"thumbnailUrl\":\"https:\\\/\\\/avp.ro\\\/wp-content\\\/uploads\\\/2021\\\/07\\\/harta._bt.jpg\",\"datePublished\":\"2020-11-18T09:29:39+00:00\",\"dateModified\":\"2024-02-05T11:01:22+00:00\",\"breadcrumb\":{\"@id\":\"https:\\\/\\\/avp.ro\\\/index.php\\\/contact\\\/birouri-teritoriale\\\/#breadcrumb\"},\"inLanguage\":\"en-US\",\"potentialAction\":[{\"@type\":\"ReadAction\",\"target\":[\"https:\\\/\\\/avp.ro\\\/index.php\\\/contact\\\/birouri-teritoriale\\\/\"]}]},{\"@type\":\"ImageObject\",\"inLanguage\":\"en-US\",\"@id\":\"https:\\\/\\\/avp.ro\\\/index.php\\\/contact\\\/birouri-teritoriale\\\/#primaryimage\",\"url\":\"https:\\\/\\\/avp.ro\\\/wp-content\\\/uploads\\\/2021\\\/07\\\/harta._bt.jpg\",\"contentUrl\":\"https:\\\/\\\/avp.ro\\\/wp-content\\\/uploads\\\/2021\\\/07\\\/harta._bt.jpg\",\"width\":768,\"height\":545},{\"@type\":\"BreadcrumbList\",\"@id\":\"https:\\\/\\\/avp.ro\\\/index.php\\\/contact\\\/birouri-teritoriale\\\/#breadcrumb\",\"itemListElement\":[{\"@type\":\"ListItem\",\"position\":1,\"name\":\"Home\",\"item\":\"https:\\\/\\\/avp.ro\\\/\"},{\"@type\":\"ListItem\",\"position\":2,\"name\":\"Contact\",\"item\":\"https:\\\/\\\/avp.ro\\\/index.php\\\/contact\\\/\"},{\"@type\":\"ListItem\",\"position\":3,\"name\":\"Birouri teritoriale\"}]},{\"@type\":\"WebSite\",\"@id\":\"https:\\\/\\\/avp.ro\\\/#website\",\"url\":\"https:\\\/\\\/avp.ro\\\/\",\"name\":\"Institu\u021bia Avocatul Poporului\",\"description\":\"People\u2019s Advocate institution - Office of the Ombudsman\",\"publisher\":{\"@id\":\"https:\\\/\\\/avp.ro\\\/#organization\"},\"potentialAction\":[{\"@type\":\"SearchAction\",\"target\":{\"@type\":\"EntryPoint\",\"urlTemplate\":\"https:\\\/\\\/avp.ro\\\/?s={search_term_string}\"},\"query-input\":{\"@type\":\"PropertyValueSpecification\",\"valueRequired\":true,\"valueName\":\"search_term_string\"}}],\"inLanguage\":\"en-US\"},{\"@type\":\"Organization\",\"@id\":\"https:\\\/\\\/avp.ro\\\/#organization\",\"name\":\"Institutia Avocatul Poporului\",\"url\":\"https:\\\/\\\/avp.ro\\\/\",\"logo\":{\"@type\":\"ImageObject\",\"inLanguage\":\"en-US\",\"@id\":\"https:\\\/\\\/avp.ro\\\/#\\\/schema\\\/logo\\\/image\\\/\",\"url\":\"https:\\\/\\\/avp.ro\\\/wp-content\\\/uploads\\\/2020\\\/09\\\/cropped-AP.jpg\",\"contentUrl\":\"https:\\\/\\\/avp.ro\\\/wp-content\\\/uploads\\\/2020\\\/09\\\/cropped-AP.jpg\",\"width\":160,\"height\":146,\"caption\":\"Institutia Avocatul Poporului\"},\"image\":{\"@id\":\"https:\\\/\\\/avp.ro\\\/#\\\/schema\\\/logo\\\/image\\\/\"}}]}<\/script>\n<!-- \/ Yoast SEO plugin. -->","yoast_head_json":{"title":"Birouri teritoriale - Institu\u021bia Avocatul Poporului","robots":{"index":"index","follow":"follow","max-snippet":"max-snippet:-1","max-image-preview":"max-image-preview:large","max-video-preview":"max-video-preview:-1"},"canonical":"https:\/\/avp.ro\/index.php\/contact\/birouri-teritoriale\/","og_locale":"en_US","og_type":"article","og_title":"Birouri teritoriale - Institu\u021bia Avocatul Poporului","og_description":"&nbsp; &nbsp; Birourile teritoriale ale institu\u0163iei Avocatul Poporului &nbsp; &nbsp; Biroul Teritorial Alba-Iulia, jude\u021be arondate: Alba, Hunedoara, Sibiu Str. Mihai Viteazu, nr.2, municipiul Alba Iulia Tel.\/fax: 0258\/813.865 E-mail:\u00a0a&#118;&#x70;&#x61;l&#98;&#x61;&#x40;a&#118;&#112;&#x2e;&#x72;o &nbsp; Biroul&hellip;","og_url":"https:\/\/avp.ro\/index.php\/contact\/birouri-teritoriale\/","og_site_name":"Institu\u021bia Avocatul Poporului","article_modified_time":"2024-02-05T11:01:22+00:00","og_image":[{"url":"https:\/\/avp.ro\/wp-content\/uploads\/2021\/07\/harta._bt.jpg","type":"","width":"","height":""}],"twitter_card":"summary_large_image","twitter_misc":{"Est. reading time":"2 minutes"},"schema":{"@context":"https:\/\/schema.org","@graph":[{"@type":"WebPage","@id":"https:\/\/avp.ro\/index.php\/contact\/birouri-teritoriale\/","url":"https:\/\/avp.ro\/index.php\/contact\/birouri-teritoriale\/","name":"Birouri teritoriale - Institu\u021bia Avocatul Poporului","isPartOf":{"@id":"https:\/\/avp.ro\/#website"},"primaryImageOfPage":{"@id":"https:\/\/avp.ro\/index.php\/contact\/birouri-teritoriale\/#primaryimage"},"image":{"@id":"https:\/\/avp.ro\/index.php\/contact\/birouri-teritoriale\/#primaryimage"},"thumbnailUrl":"https:\/\/avp.ro\/wp-content\/uploads\/2021\/07\/harta._bt.jpg","datePublished":"2020-11-18T09:29:39+00:00","dateModified":"2024-02-05T11:01:22+00:00","breadcrumb":{"@id":"https:\/\/avp.ro\/index.php\/contact\/birouri-teritoriale\/#breadcrumb"},"inLanguage":"en-US","potentialAction":[{"@type":"ReadAction","target":["https:\/\/avp.ro\/index.php\/contact\/birouri-teritoriale\/"]}]},{"@type":"ImageObject","inLanguage":"en-US","@id":"https:\/\/avp.ro\/index.php\/contact\/birouri-teritoriale\/#primaryimage","url":"https:\/\/avp.ro\/wp-content\/uploads\/2021\/07\/harta._bt.jpg","contentUrl":"https:\/\/avp.ro\/wp-content\/uploads\/2021\/07\/harta._bt.jpg","width":768,"height":545},{"@type":"BreadcrumbList","@id":"https:\/\/avp.ro\/index.php\/contact\/birouri-teritoriale\/#breadcrumb","itemListElement":[{"@type":"ListItem","position":1,"name":"Home","item":"https:\/\/avp.ro\/"},{"@type":"ListItem","position":2,"name":"Contact","item":"https:\/\/avp.ro\/index.php\/contact\/"},{"@type":"ListItem","position":3,"name":"Birouri teritoriale"}]},{"@type":"WebSite","@id":"https:\/\/avp.ro\/#website","url":"https:\/\/avp.ro\/","name":"Institu\u021bia Avocatul Poporului","description":"People\u2019s Advocate institution - Office of the Ombudsman","publisher":{"@id":"https:\/\/avp.ro\/#organization"},"potentialAction":[{"@type":"SearchAction","target":{"@type":"EntryPoint","urlTemplate":"https:\/\/avp.ro\/?s={search_term_string}"},"query-input":{"@type":"PropertyValueSpecification","valueRequired":true,"valueName":"search_term_string"}}],"inLanguage":"en-US"},{"@type":"Organization","@id":"https:\/\/avp.ro\/#organization","name":"Institutia Avocatul Poporului","url":"https:\/\/avp.ro\/","logo":{"@type":"ImageObject","inLanguage":"en-US","@id":"https:\/\/avp.ro\/#\/schema\/logo\/image\/","url":"https:\/\/avp.ro\/wp-content\/uploads\/2020\/09\/cropped-AP.jpg","contentUrl":"https:\/\/avp.ro\/wp-content\/uploads\/2020\/09\/cropped-AP.jpg","width":160,"height":146,"caption":"Institutia Avocatul Poporului"},"image":{"@id":"https:\/\/avp.ro\/#\/schema\/logo\/image\/"}}]}},"_links":{"self":[{"href":"https:\/\/avp.ro\/index.php\/wp-json\/wp\/v2\/pages\/1676","targetHints":{"allow":["GET"]}}],"collection":[{"href":"https:\/\/avp.ro\/index.php\/wp-json\/wp\/v2\/pages"}],"about":[{"href":"https:\/\/avp.ro\/index.php\/wp-json\/wp\/v2\/types\/page"}],"author":[{"embeddable":true,"href":"https:\/\/avp.ro\/index.php\/wp-json\/wp\/v2\/users\/1"}],"replies":[{"embeddable":true,"href":"https:\/\/avp.ro\/index.php\/wp-json\/wp\/v2\/comments?post=1676"}],"version-history":[{"count":17,"href":"https:\/\/avp.ro\/index.php\/wp-json\/wp\/v2\/pages\/1676\/revisions"}],"predecessor-version":[{"id":10625,"href":"https:\/\/avp.ro\/index.php\/wp-json\/wp\/v2\/pages\/1676\/revisions\/10625"}],"up":[{"embeddable":true,"href":"https:\/\/avp.ro\/index.php\/wp-json\/wp\/v2\/pages\/65"}],"wp:attachment":[{"href":"https:\/\/avp.ro\/index.php\/wp-json\/wp\/v2\/media?parent=1676"}],"curies":[{"name":"wp","href":"https:\/\/api.w.org\/{rel}","templated":true}]}}