{"id":1998,"date":"2020-12-03T10:34:25","date_gmt":"2020-12-03T08:34:25","guid":{"rendered":"https:\/\/avp.ro\/?page_id=1998"},"modified":"2026-03-23T14:30:20","modified_gmt":"2026-03-23T12:30:20","slug":"galerie-foto-mnp","status":"publish","type":"page","link":"https:\/\/avp.ro\/index.php\/domenii-de-activitate\/domeniul-privind-prevenirea-torturii-si-a-altor-pedepse-ori-tratamente-cu-cruzime-inumane-sau-degradante-in-locurile-de-detentie-mnp\/galerie-foto-mnp\/","title":{"rendered":"Galerie foto MNP"},"content":{"rendered":"<p>&nbsp;<\/p>\n<p style=\"text-align: justify;\"><a href=\"https:\/\/avp.ro\/index.php\/campanie-de-informare-si-instruire-in-scopul-prevenirii-torturii-organizata-de-mnp-centrul-zonal-bucuresti-la-sediul-penitenciarului-gaesti-cu-prilejul-zilei-internationale-pentru-elimina\/\"><em>19 martie 2026<\/em> &#8211; Campanie de informare \u015fi instruire \u00een scopul prevenirii torturii, organizat\u0103 de MNP \u2013 Centrul Zonal Bucure\u0219ti, la sediul Penitenciarului G\u0103e\u0219ti, cu prilejul Zilei Interna\u021bionale pentru Eliminarea Discrimin\u0103rii Rasiale. La aceast\u0103 activitate au participat persoane private de libertate, precum \u0219i reprezentan\u021bi din partea conducerii Penitenciarului G\u0103e\u0219ti \u0219i poli\u021bi\u0219ti de penitenciare, angaja\u021bi ai unit\u0103\u021bii men\u021bionate<\/a><\/p>\n<p style=\"text-align: justify;\"><a href=\"https:\/\/avp.ro\/index.php\/campanie-de-informare-si-instruire-efectuata-de-o-echipa-mnp-bucuresti-la-caminul-de-batrani-premier-care-din-cadrul-caminului-memorial-doctor-popescu-s-r-l-pucioasa-locuinta-protejata-pentru-persoa\/\"><em>20-22 ianuarie 2026<\/em> &#8211; Campanie de informare \u0219i instruire efectuat\u0103 de o echip\u0103 MNP Bucure\u0219ti la C\u0103minul de b\u0103tr\u00e2ni Premier Care din cadrul C\u0103minului Memorial Doctor Popescu S.R.L. Pucioasa, Locuin\u021ba protejat\u0103 pentru persoane v\u00e2rstnice din cadrul Funda\u0163iei Centrul Cre\u015ftin Social Medical de Zi Sighi\u0219oara; C\u0103minul pentru v\u00e2rstnici Filadelfia din cadrul Funda\u0163iei Cre\u015ftine Diakonia Sighi\u0219oara.<\/a><\/p>\n<p style=\"text-align: justify;\"><a href=\"https:\/\/avp.ro\/?page_id=14860&amp;preview=true\"><em>24 noiembrie 2025<\/em> &#8211; Campanie de informare \u015fi instruire \u00een scopul prevenirii torturii \u0219i a pedepselor sau tratamentelor aplicate cu cruzime, inumane sau degradante, organizat\u0103 de MNP \u2013 Centrul Zonal Bucure\u0219ti, la Penitenciarul Bucure\u0219ti-Jilava<\/a><\/p>\n<p style=\"text-align: justify;\"><a href=\"https:\/\/avp.ro\/index.php\/20-noiembrie-2025-campanie-de-informare-si-instruire-in-scopul-prevenirii-torturii\/\"><em>20 noiembrie 2025<\/em> &#8211; Campanie de informare \u015fi instruire \u00een scopul prevenirii torturii \u0219i a pedepselor sau tratamentelor aplicate cu cruzime, inumane sau degradante, organizat\u0103 de MNP \u2013 Centrul Zonal Bucure\u0219ti, la Centrul Regional de Proceduri \u0219i Cazare a Solicitan\u021bilor de Azil <em>Giurgiu<\/em>.<\/a><\/p>\n<p><a href=\"https:\/\/avp.ro\/index.php\/campanie-de-informare-si-instruire-efectuata-de-o-echipa-mnp-bucuresti-la-ctf-piatra-lunii-ctf-piatra-soarelui-ctf-ochi-de-soim-ctf-ochi-de-tigru-buzau-ctf-nr-1-intorsura-buzaului-ctf\/\"><em>4-6 noiembrie 2025<\/em> &#8211; Campanie de informare \u0219i instruire efectuat\u0103 de o echip\u0103 MNP Bucure\u0219ti la CTF Piatra Lunii, CTF Piatra Soarelui, CTF Ochi de \u0218oim, CTF Ochi de Tigru \u2013 Buz\u0103u; CTF nr. 1 \u00centorsura Buz\u0103ului; CTF nr. 2 \u0219i nr. 3 T\u00e2rgu Secuiesc.<\/a><\/p>\n<p><a href=\"https:\/\/avp.ro\/index.php\/9-octombrie-2025-campanie-de-informare-si-instruire-in-scopul-prevenirii-torturii\/\"><em>9 octombrie 2025<\/em> &#8211; Campanie de informare \u015fi instruire \u00een scopul prevenirii torturii, organizat\u0103 de MNP \u2013 Centrul Zonal Bucure\u0219ti, la sediul D.G.A.S.P.C. Giurgiu \u0219i la C\u0103minul pentru persoane v\u00e2rstnice \u201dParadisul Seniorilor\u201d din Giurgiu<strong>. <\/strong><\/a><\/p>\n<p><a href=\"https:\/\/avp.ro\/index.php\/30-iunie-2025-campanie-de-informare-si-instruire-in-scopul-prevenirii-torturii\/\"><em>30 iunie 2025<\/em> &#8211; Campanie de informare \u015fi instruire \u00een scopul prevenirii torturii, organizat\u0103 de MNP \u2013 Centrul Zonal Bucure\u0219ti, la sediul Penitenciarului de Femei Ploie\u0219ti &#8211; T\u00e2rg\u0219orul Nou. La aceast\u0103 activitate au participat persoane private de libertate, precum \u0219i reprezentan\u021bi din partea conducerii Penitenciarului de Femei Ploie\u0219ti &#8211; T\u00e2rg\u0219orul Nou \u0219i poli\u021bi\u0219ti de penitenciare, angaja\u021bi ai unit\u0103\u021bii men\u021bionate.<\/a><\/p>\n<p><a href=\"https:\/\/avp.ro\/index.php\/campanie-de-informare-si-instruire-efectuata-de-o-echipa-mnp-la-unitati-rezidentiale-pentru-minori-din-judetele-mehedinti-vanjuletul-si-drobeta-turnu-severin-gorj-rovinari-si-valcea-ramnicu-valc\/\"><em>13-15 mai 2025 &#8211; <\/em>Campanie de informare \u0219i instruire efectuat\u0103 de o echip\u0103 MNP la unit\u0103\u021bi reziden\u021biale pentru minori din jude\u021bele Mehedin\u021bi (V\u00e2njule\u021bul \u0219i Drobeta Turnu Severin), Gorj (Rovinari) \u0219i V\u00e2lcea (R\u00e2mnicu V\u00e2lcea).<\/a><\/p>\n<p><a href=\"https:\/\/avp.ro\/index.php\/20-martie-2025-campanie-de-informare-si-instruire-in-scopul-prevenirii-torturii\/\"><em>20 martie 2025<\/em> &#8211; Campanie de informare \u015fi instruire \u00een scopul prevenirii torturii, organizat\u0103 de MNP \u2013 Centrul Zonal Bucure\u0219ti, la sediul Penitenciarului G\u0103e\u0219ti, cu prilejul Zilei Interna\u021bionale pentru Eliminarea Discrimin\u0103rii Rasiale. La aceast\u0103 activitate au participat persoane private de libertate, precum \u0219i reprezentan\u021bi din partea conducerii Penitenciarului G\u0103e\u0219ti \u0219i poli\u021bi\u0219ti de penitenciare, angaja\u021bi ai unit\u0103\u021bii men\u021bionate.<\/a><\/p>\n<p><a href=\"https:\/\/avp.ro\/index.php\/pregatire-profesionala-a-membrilor-mnp-cu-tema-garantiile-mecanismelor-nationale-de-prevenire-conform-opcat-si-procedura-de-efectuare-a-vizitelor-consolidarea-abilitatilor-de-monitorizare\/\"><em>12-14 iulie 2022<\/em> &#8211; Preg\u0103tire profesional\u0103 a membrilor MNP cu tema \u201dGaran\u021biile mecanismelor na\u021bionale de prevenire (conform OPCAT) \u0219i Procedura de efectuare a vizitelor. Consolidarea abilit\u0103tilor de monitorizare ale personalului MNP Rom\u00e2nia prin efectuarea unei vizite practice la Centrul Educativ T\u00e2rgu-Ocna, jude\u021bul Bac\u0103u\u201d, Sl\u0103nic Moldova<\/a><\/p>\n<p><a href=\"\/index.php\/activitate-de-instruire-a-personalului-din-centrul-de-recuperare-si-reabilitare-neuropsihiatrica-artemia-techirghiol\/\"><em>26 mai 2022<\/em> &#8211; Activitate de instruire a personalului din Centrul de Recuperare \u0219i Reabilitare Neuropsihiatric\u0103 Artemia Techirghiol, din subordinea DGASPC Constan\u021ba<\/a><\/p>\n<p><a href=\"https:\/\/avp.ro\/index.php\/intalnire-de-lucru-cu-tema-monitorizarea-misiunilor-de-returnare-sub-escorta-organizata-de-catre-consiliul-national-roman-pentru-refugiati-cnrr\/\"><em>25 mai 2022<\/em> &#8211;\u00a0 \u00cent\u00e2lnire de lucru cu tema \u201cMonitorizarea misiunilor de returnare sub escort\u0103\u201d, organizat\u0103 de c\u0103tre Consiliul Na\u021bional Rom\u00e2n pentru Refugia\u021bi (CNRR)<\/a><\/p>\n","protected":false},"excerpt":{"rendered":"<p>&nbsp; 19 martie 2026 &#8211; Campanie de informare \u015fi instruire \u00een scopul prevenirii torturii, organizat\u0103 de MNP \u2013 Centrul Zonal Bucure\u0219ti, la sediul Penitenciarului G\u0103e\u0219ti, cu prilejul Zilei Interna\u021bionale pentru&hellip; <\/p>\n","protected":false},"author":1,"featured_media":0,"parent":314,"menu_order":8,"comment_status":"closed","ping_status":"closed","template":"","meta":{"footnotes":""},"class_list":["post-1998","page","type-page","status-publish","hentry"],"yoast_head":"<!-- This site is optimized with the Yoast SEO plugin v27.3 - https:\/\/yoast.com\/product\/yoast-seo-wordpress\/ -->\n<title>Galerie foto MNP - Institu\u021bia Avocatul Poporului<\/title>\n<meta name=\"robots\" content=\"index, follow, max-snippet:-1, max-image-preview:large, max-video-preview:-1\" \/>\n<link rel=\"canonical\" href=\"https:\/\/avp.ro\/index.php\/domenii-de-activitate\/domeniul-privind-prevenirea-torturii-si-a-altor-pedepse-ori-tratamente-cu-cruzime-inumane-sau-degradante-in-locurile-de-detentie-mnp\/galerie-foto-mnp\/\" \/>\n<meta property=\"og:locale\" content=\"en_US\" \/>\n<meta property=\"og:type\" content=\"article\" \/>\n<meta property=\"og:title\" content=\"Galerie foto MNP - Institu\u021bia Avocatul Poporului\" \/>\n<meta property=\"og:description\" content=\"&nbsp; 19 martie 2026 &#8211; Campanie de informare \u015fi instruire \u00een scopul prevenirii torturii, organizat\u0103 de MNP \u2013 Centrul Zonal Bucure\u0219ti, la sediul Penitenciarului G\u0103e\u0219ti, cu prilejul Zilei Interna\u021bionale pentru&hellip;\" \/>\n<meta property=\"og:url\" content=\"https:\/\/avp.ro\/index.php\/domenii-de-activitate\/domeniul-privind-prevenirea-torturii-si-a-altor-pedepse-ori-tratamente-cu-cruzime-inumane-sau-degradante-in-locurile-de-detentie-mnp\/galerie-foto-mnp\/\" \/>\n<meta property=\"og:site_name\" content=\"Institu\u021bia Avocatul Poporului\" \/>\n<meta property=\"article:modified_time\" content=\"2026-03-23T12:30:20+00:00\" \/>\n<meta name=\"twitter:card\" content=\"summary_large_image\" \/>\n<meta name=\"twitter:label1\" content=\"Est. reading time\" \/>\n\t<meta name=\"twitter:data1\" content=\"3 minutes\" \/>\n<script type=\"application\/ld+json\" class=\"yoast-schema-graph\">{\"@context\":\"https:\\\/\\\/schema.org\",\"@graph\":[{\"@type\":\"WebPage\",\"@id\":\"https:\\\/\\\/avp.ro\\\/index.php\\\/domenii-de-activitate\\\/domeniul-privind-prevenirea-torturii-si-a-altor-pedepse-ori-tratamente-cu-cruzime-inumane-sau-degradante-in-locurile-de-detentie-mnp\\\/galerie-foto-mnp\\\/\",\"url\":\"https:\\\/\\\/avp.ro\\\/index.php\\\/domenii-de-activitate\\\/domeniul-privind-prevenirea-torturii-si-a-altor-pedepse-ori-tratamente-cu-cruzime-inumane-sau-degradante-in-locurile-de-detentie-mnp\\\/galerie-foto-mnp\\\/\",\"name\":\"Galerie foto MNP - Institu\u021bia Avocatul Poporului\",\"isPartOf\":{\"@id\":\"https:\\\/\\\/avp.ro\\\/#website\"},\"datePublished\":\"2020-12-03T08:34:25+00:00\",\"dateModified\":\"2026-03-23T12:30:20+00:00\",\"breadcrumb\":{\"@id\":\"https:\\\/\\\/avp.ro\\\/index.php\\\/domenii-de-activitate\\\/domeniul-privind-prevenirea-torturii-si-a-altor-pedepse-ori-tratamente-cu-cruzime-inumane-sau-degradante-in-locurile-de-detentie-mnp\\\/galerie-foto-mnp\\\/#breadcrumb\"},\"inLanguage\":\"en-US\",\"potentialAction\":[{\"@type\":\"ReadAction\",\"target\":[\"https:\\\/\\\/avp.ro\\\/index.php\\\/domenii-de-activitate\\\/domeniul-privind-prevenirea-torturii-si-a-altor-pedepse-ori-tratamente-cu-cruzime-inumane-sau-degradante-in-locurile-de-detentie-mnp\\\/galerie-foto-mnp\\\/\"]}]},{\"@type\":\"BreadcrumbList\",\"@id\":\"https:\\\/\\\/avp.ro\\\/index.php\\\/domenii-de-activitate\\\/domeniul-privind-prevenirea-torturii-si-a-altor-pedepse-ori-tratamente-cu-cruzime-inumane-sau-degradante-in-locurile-de-detentie-mnp\\\/galerie-foto-mnp\\\/#breadcrumb\",\"itemListElement\":[{\"@type\":\"ListItem\",\"position\":1,\"name\":\"Home\",\"item\":\"https:\\\/\\\/avp.ro\\\/\"},{\"@type\":\"ListItem\",\"position\":2,\"name\":\"DOMENII DE ACTIVITATE\",\"item\":\"https:\\\/\\\/avp.ro\\\/index.php\\\/domenii-de-activitate\\\/\"},{\"@type\":\"ListItem\",\"position\":3,\"name\":\"Domeniul privind prevenirea torturii \u0219i a altor pedepse ori tratamente crude, inumane sau degradante\u00a0\u00een locurile de deten\u021bie &#8211; MNP\",\"item\":\"https:\\\/\\\/avp.ro\\\/index.php\\\/domenii-de-activitate\\\/domeniul-privind-prevenirea-torturii-si-a-altor-pedepse-ori-tratamente-cu-cruzime-inumane-sau-degradante-in-locurile-de-detentie-mnp\\\/\"},{\"@type\":\"ListItem\",\"position\":4,\"name\":\"Galerie foto MNP\"}]},{\"@type\":\"WebSite\",\"@id\":\"https:\\\/\\\/avp.ro\\\/#website\",\"url\":\"https:\\\/\\\/avp.ro\\\/\",\"name\":\"Institu\u021bia Avocatul Poporului\",\"description\":\"People\u2019s Advocate institution - Office of the Ombudsman\",\"publisher\":{\"@id\":\"https:\\\/\\\/avp.ro\\\/#organization\"},\"potentialAction\":[{\"@type\":\"SearchAction\",\"target\":{\"@type\":\"EntryPoint\",\"urlTemplate\":\"https:\\\/\\\/avp.ro\\\/?s={search_term_string}\"},\"query-input\":{\"@type\":\"PropertyValueSpecification\",\"valueRequired\":true,\"valueName\":\"search_term_string\"}}],\"inLanguage\":\"en-US\"},{\"@type\":\"Organization\",\"@id\":\"https:\\\/\\\/avp.ro\\\/#organization\",\"name\":\"Institutia Avocatul Poporului\",\"url\":\"https:\\\/\\\/avp.ro\\\/\",\"logo\":{\"@type\":\"ImageObject\",\"inLanguage\":\"en-US\",\"@id\":\"https:\\\/\\\/avp.ro\\\/#\\\/schema\\\/logo\\\/image\\\/\",\"url\":\"https:\\\/\\\/avp.ro\\\/wp-content\\\/uploads\\\/2020\\\/09\\\/cropped-AP.jpg\",\"contentUrl\":\"https:\\\/\\\/avp.ro\\\/wp-content\\\/uploads\\\/2020\\\/09\\\/cropped-AP.jpg\",\"width\":160,\"height\":146,\"caption\":\"Institutia Avocatul Poporului\"},\"image\":{\"@id\":\"https:\\\/\\\/avp.ro\\\/#\\\/schema\\\/logo\\\/image\\\/\"}}]}<\/script>\n<!-- \/ Yoast SEO plugin. -->","yoast_head_json":{"title":"Galerie foto MNP - Institu\u021bia Avocatul Poporului","robots":{"index":"index","follow":"follow","max-snippet":"max-snippet:-1","max-image-preview":"max-image-preview:large","max-video-preview":"max-video-preview:-1"},"canonical":"https:\/\/avp.ro\/index.php\/domenii-de-activitate\/domeniul-privind-prevenirea-torturii-si-a-altor-pedepse-ori-tratamente-cu-cruzime-inumane-sau-degradante-in-locurile-de-detentie-mnp\/galerie-foto-mnp\/","og_locale":"en_US","og_type":"article","og_title":"Galerie foto MNP - Institu\u021bia Avocatul Poporului","og_description":"&nbsp; 19 martie 2026 &#8211; Campanie de informare \u015fi instruire \u00een scopul prevenirii torturii, organizat\u0103 de MNP \u2013 Centrul Zonal Bucure\u0219ti, la sediul Penitenciarului G\u0103e\u0219ti, cu prilejul Zilei Interna\u021bionale pentru&hellip;","og_url":"https:\/\/avp.ro\/index.php\/domenii-de-activitate\/domeniul-privind-prevenirea-torturii-si-a-altor-pedepse-ori-tratamente-cu-cruzime-inumane-sau-degradante-in-locurile-de-detentie-mnp\/galerie-foto-mnp\/","og_site_name":"Institu\u021bia Avocatul Poporului","article_modified_time":"2026-03-23T12:30:20+00:00","twitter_card":"summary_large_image","twitter_misc":{"Est. reading time":"3 minutes"},"schema":{"@context":"https:\/\/schema.org","@graph":[{"@type":"WebPage","@id":"https:\/\/avp.ro\/index.php\/domenii-de-activitate\/domeniul-privind-prevenirea-torturii-si-a-altor-pedepse-ori-tratamente-cu-cruzime-inumane-sau-degradante-in-locurile-de-detentie-mnp\/galerie-foto-mnp\/","url":"https:\/\/avp.ro\/index.php\/domenii-de-activitate\/domeniul-privind-prevenirea-torturii-si-a-altor-pedepse-ori-tratamente-cu-cruzime-inumane-sau-degradante-in-locurile-de-detentie-mnp\/galerie-foto-mnp\/","name":"Galerie foto MNP - Institu\u021bia Avocatul Poporului","isPartOf":{"@id":"https:\/\/avp.ro\/#website"},"datePublished":"2020-12-03T08:34:25+00:00","dateModified":"2026-03-23T12:30:20+00:00","breadcrumb":{"@id":"https:\/\/avp.ro\/index.php\/domenii-de-activitate\/domeniul-privind-prevenirea-torturii-si-a-altor-pedepse-ori-tratamente-cu-cruzime-inumane-sau-degradante-in-locurile-de-detentie-mnp\/galerie-foto-mnp\/#breadcrumb"},"inLanguage":"en-US","potentialAction":[{"@type":"ReadAction","target":["https:\/\/avp.ro\/index.php\/domenii-de-activitate\/domeniul-privind-prevenirea-torturii-si-a-altor-pedepse-ori-tratamente-cu-cruzime-inumane-sau-degradante-in-locurile-de-detentie-mnp\/galerie-foto-mnp\/"]}]},{"@type":"BreadcrumbList","@id":"https:\/\/avp.ro\/index.php\/domenii-de-activitate\/domeniul-privind-prevenirea-torturii-si-a-altor-pedepse-ori-tratamente-cu-cruzime-inumane-sau-degradante-in-locurile-de-detentie-mnp\/galerie-foto-mnp\/#breadcrumb","itemListElement":[{"@type":"ListItem","position":1,"name":"Home","item":"https:\/\/avp.ro\/"},{"@type":"ListItem","position":2,"name":"DOMENII DE ACTIVITATE","item":"https:\/\/avp.ro\/index.php\/domenii-de-activitate\/"},{"@type":"ListItem","position":3,"name":"Domeniul privind prevenirea torturii \u0219i a altor pedepse ori tratamente crude, inumane sau degradante\u00a0\u00een locurile de deten\u021bie &#8211; MNP","item":"https:\/\/avp.ro\/index.php\/domenii-de-activitate\/domeniul-privind-prevenirea-torturii-si-a-altor-pedepse-ori-tratamente-cu-cruzime-inumane-sau-degradante-in-locurile-de-detentie-mnp\/"},{"@type":"ListItem","position":4,"name":"Galerie foto MNP"}]},{"@type":"WebSite","@id":"https:\/\/avp.ro\/#website","url":"https:\/\/avp.ro\/","name":"Institu\u021bia Avocatul Poporului","description":"People\u2019s Advocate institution - Office of the Ombudsman","publisher":{"@id":"https:\/\/avp.ro\/#organization"},"potentialAction":[{"@type":"SearchAction","target":{"@type":"EntryPoint","urlTemplate":"https:\/\/avp.ro\/?s={search_term_string}"},"query-input":{"@type":"PropertyValueSpecification","valueRequired":true,"valueName":"search_term_string"}}],"inLanguage":"en-US"},{"@type":"Organization","@id":"https:\/\/avp.ro\/#organization","name":"Institutia Avocatul Poporului","url":"https:\/\/avp.ro\/","logo":{"@type":"ImageObject","inLanguage":"en-US","@id":"https:\/\/avp.ro\/#\/schema\/logo\/image\/","url":"https:\/\/avp.ro\/wp-content\/uploads\/2020\/09\/cropped-AP.jpg","contentUrl":"https:\/\/avp.ro\/wp-content\/uploads\/2020\/09\/cropped-AP.jpg","width":160,"height":146,"caption":"Institutia Avocatul Poporului"},"image":{"@id":"https:\/\/avp.ro\/#\/schema\/logo\/image\/"}}]}},"_links":{"self":[{"href":"https:\/\/avp.ro\/index.php\/wp-json\/wp\/v2\/pages\/1998","targetHints":{"allow":["GET"]}}],"collection":[{"href":"https:\/\/avp.ro\/index.php\/wp-json\/wp\/v2\/pages"}],"about":[{"href":"https:\/\/avp.ro\/index.php\/wp-json\/wp\/v2\/types\/page"}],"author":[{"embeddable":true,"href":"https:\/\/avp.ro\/index.php\/wp-json\/wp\/v2\/users\/1"}],"replies":[{"embeddable":true,"href":"https:\/\/avp.ro\/index.php\/wp-json\/wp\/v2\/comments?post=1998"}],"version-history":[{"count":30,"href":"https:\/\/avp.ro\/index.php\/wp-json\/wp\/v2\/pages\/1998\/revisions"}],"predecessor-version":[{"id":15538,"href":"https:\/\/avp.ro\/index.php\/wp-json\/wp\/v2\/pages\/1998\/revisions\/15538"}],"up":[{"embeddable":true,"href":"https:\/\/avp.ro\/index.php\/wp-json\/wp\/v2\/pages\/314"}],"wp:attachment":[{"href":"https:\/\/avp.ro\/index.php\/wp-json\/wp\/v2\/media?parent=1998"}],"curies":[{"name":"wp","href":"https:\/\/api.w.org\/{rel}","templated":true}]}}