{"id":212,"date":"2020-07-21T11:15:41","date_gmt":"2020-07-21T09:15:41","guid":{"rendered":"https:\/\/avp.ro\/?page_id=212"},"modified":"2020-09-30T12:23:07","modified_gmt":"2020-09-30T10:23:07","slug":"evenimente-galerie-foto","status":"publish","type":"page","link":"https:\/\/avp.ro\/index.php\/activitatea-avp\/evenimente-galerie-foto\/","title":{"rendered":"Evenimente &#8211; galerie foto"},"content":{"rendered":"<p style=\"font-weight: 400; text-align: center;\"><em><strong>EVENIMENTE<\/strong><\/em><\/p>\n<p>&nbsp;<\/p>\n<p style=\"text-align: center;\"><a href=\"https:\/\/avp.ro\/index.php\/eveniment-9\/\" rel=\"noopener noreferrer\"><em><strong>10 SEPTEMBRIE 2020 &#8211; <\/strong>Lansarea<\/em> Raportului Special privind acordarea burselor pentru elevi la nivel na\u021bional \u00een anul \u0219colar 2019-2020<\/a><\/p>\n<p style=\"font-weight: 400; text-align: center;\"><a href=\"https:\/\/avp.ro\/index.php\/eveniment-8\/\"><em><strong>4\u00a0FEBRUARIE 2020 &#8211;\u00a0<\/strong><\/em>Justi\u021bia pentru minori \u0219i accesul acestora la educa\u021bie de calitate sunt c\u00e2teva din temele ce vor fi abordate \u00een Rapoarte de cercetare de c\u0103tre Avocatul Poporului \u0219i asocia\u021bia Salva\u021bi Copiii \u2013 Protocol de colaborare<\/a><\/p>\n<p style=\"font-weight: 400; text-align: center;\"><a href=\"https:\/\/avp.ro\/index.php\/eveniment-7\/\"><em><strong>23 NOIEMBRIE 2018<\/strong><\/em>\u00a0&#8211; Domnul Victor Ciorbea, Avocatul Poporului, a semnat \u00een Antologia de semn\u0103turi \u201eCartea Centenar\u201d, un proiect al Consiliului Jude\u021bean Alba, \u00een parteneriat cu Muzeul Na\u021bional al Unirii Alba Iulia, prin care se s-a realizat, \u00een anul Centenar, o a doua \u201eCartea de Aur\u201d a Serb\u0103rilor Unirii, o edi\u021bie aniversar\u0103 dedicat\u0103 Centenarului.\u00a0Antologia de semn\u0103turi \u201eCartea Centenar\u201d este un omagiu adus Marii Uniri de la 1 Decembrie 1918 la ceas aniversar, \u00een momentul Centenarului \u0219i reprezint\u0103 o punte de leg\u0103tur\u0103 \u00eentre trecut \u0219i viitor, realizat\u0103 prin contribu\u021bia contemporan\u0103.\u00a0\u00cen cadrul acestui proiect au fost invita\u021bi s\u0103 participe la ceremoniile de semnare, \u00eentr-o ordine orientativ\u0103, reprezentan\u021bi ai institu\u021biilor statului, reprezentan\u021bi ai institu\u021biilor de cultur\u0103 din Rom\u00e2nia, veterani de r\u0103zboi, precum \u0219i alte personalit\u0103\u021bi contemporane marcante\u00a0<\/a><\/p>\n<p style=\"font-weight: 400; text-align: center;\"><a href=\"https:\/\/avp.ro\/index.php\/eveniment-6\/\"><em><strong>4\u00a0MARTIE 2015<\/strong><\/em>\u00a0&#8211; Protocol de colaborare \u00eentre Avocatul Poporului \u0219i mai multe organiza\u021bii neguvernamentale \u00een vederea aplic\u0103rii Mecanismului de prevenire a torturii \u00een locurile de deten\u021bie<\/a><\/p>\n<p style=\"font-weight: 400; text-align: center;\"><a href=\"https:\/\/avp.ro\/index.php\/eveniment-5\/\"><em><strong>3 MARTIE 2015<\/strong><\/em>\u00a0&#8211; Semnarea Protocolului de colaborare dintre institu\u021bia Avocatul Poporului \u0219i\u00a0Asocia\u021bia European\u0103 pentru Ap\u0103rarea Drepturilor Omului \u0219i Grupul \u0219i Grupul Rom\u00e2n pentru Ap\u0103rarea Drepturilor Omului<\/a><\/p>\n<p style=\"font-weight: 400; text-align: center;\"><a href=\"https:\/\/avp.ro\/index.php\/eveniment-4\/\"><em><strong>12 FEBRUARIE 2015<\/strong>\u00a0<\/em>&#8211; Semnarea Protocolului de colaborare dintre institu\u021bia\u00a0Avocatul Poporului \u0219i Colegiul Medicilor din Rom\u00e2nia<\/a><\/p>\n<p style=\"font-weight: 400; text-align: center;\"><a href=\"https:\/\/avp.ro\/index.php\/eveniment-3\/\"><em><strong>11 FEBRUARIE 2015<\/strong><\/em>\u00a0&#8211; Semnarea Protocolului de colaborare dintre institu\u021bia Avocatul Poporului \u0219i Colegiul Asisten\u021bilor Sociali din Rom\u00e2nia\u00a0<\/a><\/p>\n<p style=\"font-weight: 400; text-align: center;\"><a href=\"https:\/\/avp.ro\/index.php\/eveniment-2\/\"><em><strong>6 FEBRUARIE 2015<\/strong><\/em>\u00a0&#8211; Semnarea Protocolului de colaborare dintre institu\u021bia\u00a0Avocatul Poporului \u0219i Colegiul Psihologilor din Rom\u00e2nia<\/a><\/p>\n<p style=\"font-weight: 400; text-align: center;\"><a href=\"https:\/\/avp.ro\/index.php\/eveniment-1\/\"><em><strong>DECEMBRIE 2014<\/strong><\/em>\u00a0&#8211;\u00a0\u00cen pragul S\u0103rb\u0103torii Sf\u00e2ntului Nicolae, reprezentan\u0163ii institu\u0163iei Avocatului Poporului au d\u0103ruit cadouri copiilor Centrului de Primire Minori Pinocchio nr. 3, sector 3. Aduna\u0163i \u00een jurul bradului, micu\u0163ii s-au bucurat de juc\u0103riile, h\u0103inu\u0163ele \u015fi dulciurile ce le-au fost \u00eenm\u00e2nate de c\u0103tre adjunctul Avocatului Poporului, domnul Ionel Oprea, care se ocup\u0103 de Domeniul drepturilor copilului<\/a><\/p>\n","protected":false},"excerpt":{"rendered":"<p>EVENIMENTE &nbsp; 10 SEPTEMBRIE 2020 &#8211; Lansarea Raportului Special privind acordarea burselor pentru elevi la nivel na\u021bional \u00een anul \u0219colar 2019-2020 4\u00a0FEBRUARIE 2020 &#8211;\u00a0Justi\u021bia pentru minori \u0219i accesul acestora la&hellip; <\/p>\n","protected":false},"author":1,"featured_media":0,"parent":50,"menu_order":11,"comment_status":"closed","ping_status":"closed","template":"","meta":{"footnotes":""},"class_list":["post-212","page","type-page","status-publish","hentry"],"yoast_head":"<!-- This site is optimized with the Yoast SEO plugin v27.2 - https:\/\/yoast.com\/product\/yoast-seo-wordpress\/ -->\n<title>Evenimente - galerie foto - Institu\u021bia Avocatul Poporului<\/title>\n<meta name=\"robots\" content=\"index, follow, max-snippet:-1, max-image-preview:large, max-video-preview:-1\" \/>\n<link rel=\"canonical\" href=\"https:\/\/avp.ro\/index.php\/activitatea-avp\/evenimente-galerie-foto\/\" \/>\n<meta property=\"og:locale\" content=\"en_US\" \/>\n<meta property=\"og:type\" content=\"article\" \/>\n<meta property=\"og:title\" content=\"Evenimente - galerie foto - Institu\u021bia Avocatul Poporului\" \/>\n<meta property=\"og:description\" content=\"EVENIMENTE &nbsp; 10 SEPTEMBRIE 2020 &#8211; Lansarea Raportului Special privind acordarea burselor pentru elevi la nivel na\u021bional \u00een anul \u0219colar 2019-2020 4\u00a0FEBRUARIE 2020 &#8211;\u00a0Justi\u021bia pentru minori \u0219i accesul acestora la&hellip;\" \/>\n<meta property=\"og:url\" content=\"https:\/\/avp.ro\/index.php\/activitatea-avp\/evenimente-galerie-foto\/\" \/>\n<meta property=\"og:site_name\" content=\"Institu\u021bia Avocatul Poporului\" \/>\n<meta property=\"article:modified_time\" content=\"2020-09-30T10:23:07+00:00\" \/>\n<meta name=\"twitter:card\" content=\"summary_large_image\" \/>\n<meta name=\"twitter:label1\" content=\"Est. reading time\" \/>\n\t<meta name=\"twitter:data1\" content=\"2 minutes\" \/>\n<script type=\"application\/ld+json\" class=\"yoast-schema-graph\">{\"@context\":\"https:\/\/schema.org\",\"@graph\":[{\"@type\":\"WebPage\",\"@id\":\"https:\/\/avp.ro\/index.php\/activitatea-avp\/evenimente-galerie-foto\/\",\"url\":\"https:\/\/avp.ro\/index.php\/activitatea-avp\/evenimente-galerie-foto\/\",\"name\":\"Evenimente - galerie foto - Institu\u021bia Avocatul Poporului\",\"isPartOf\":{\"@id\":\"https:\/\/avp.ro\/#website\"},\"datePublished\":\"2020-07-21T09:15:41+00:00\",\"dateModified\":\"2020-09-30T10:23:07+00:00\",\"breadcrumb\":{\"@id\":\"https:\/\/avp.ro\/index.php\/activitatea-avp\/evenimente-galerie-foto\/#breadcrumb\"},\"inLanguage\":\"en-US\",\"potentialAction\":[{\"@type\":\"ReadAction\",\"target\":[\"https:\/\/avp.ro\/index.php\/activitatea-avp\/evenimente-galerie-foto\/\"]}]},{\"@type\":\"BreadcrumbList\",\"@id\":\"https:\/\/avp.ro\/index.php\/activitatea-avp\/evenimente-galerie-foto\/#breadcrumb\",\"itemListElement\":[{\"@type\":\"ListItem\",\"position\":1,\"name\":\"Home\",\"item\":\"https:\/\/avp.ro\/\"},{\"@type\":\"ListItem\",\"position\":2,\"name\":\"ACTIVITATEA AVP\",\"item\":\"https:\/\/avp.ro\/index.php\/activitatea-avp\/\"},{\"@type\":\"ListItem\",\"position\":3,\"name\":\"Evenimente &#8211; galerie foto\"}]},{\"@type\":\"WebSite\",\"@id\":\"https:\/\/avp.ro\/#website\",\"url\":\"https:\/\/avp.ro\/\",\"name\":\"Institu\u021bia Avocatul Poporului\",\"description\":\"People\u2019s Advocate institution - Office of the Ombudsman\",\"publisher\":{\"@id\":\"https:\/\/avp.ro\/#organization\"},\"potentialAction\":[{\"@type\":\"SearchAction\",\"target\":{\"@type\":\"EntryPoint\",\"urlTemplate\":\"https:\/\/avp.ro\/?s={search_term_string}\"},\"query-input\":{\"@type\":\"PropertyValueSpecification\",\"valueRequired\":true,\"valueName\":\"search_term_string\"}}],\"inLanguage\":\"en-US\"},{\"@type\":\"Organization\",\"@id\":\"https:\/\/avp.ro\/#organization\",\"name\":\"Institutia Avocatul Poporului\",\"url\":\"https:\/\/avp.ro\/\",\"logo\":{\"@type\":\"ImageObject\",\"inLanguage\":\"en-US\",\"@id\":\"https:\/\/avp.ro\/#\/schema\/logo\/image\/\",\"url\":\"https:\/\/avp.ro\/wp-content\/uploads\/2020\/09\/cropped-AP.jpg\",\"contentUrl\":\"https:\/\/avp.ro\/wp-content\/uploads\/2020\/09\/cropped-AP.jpg\",\"width\":160,\"height\":146,\"caption\":\"Institutia Avocatul Poporului\"},\"image\":{\"@id\":\"https:\/\/avp.ro\/#\/schema\/logo\/image\/\"}}]}<\/script>\n<!-- \/ Yoast SEO plugin. -->","yoast_head_json":{"title":"Evenimente - galerie foto - Institu\u021bia Avocatul Poporului","robots":{"index":"index","follow":"follow","max-snippet":"max-snippet:-1","max-image-preview":"max-image-preview:large","max-video-preview":"max-video-preview:-1"},"canonical":"https:\/\/avp.ro\/index.php\/activitatea-avp\/evenimente-galerie-foto\/","og_locale":"en_US","og_type":"article","og_title":"Evenimente - galerie foto - Institu\u021bia Avocatul Poporului","og_description":"EVENIMENTE &nbsp; 10 SEPTEMBRIE 2020 &#8211; Lansarea Raportului Special privind acordarea burselor pentru elevi la nivel na\u021bional \u00een anul \u0219colar 2019-2020 4\u00a0FEBRUARIE 2020 &#8211;\u00a0Justi\u021bia pentru minori \u0219i accesul acestora la&hellip;","og_url":"https:\/\/avp.ro\/index.php\/activitatea-avp\/evenimente-galerie-foto\/","og_site_name":"Institu\u021bia Avocatul Poporului","article_modified_time":"2020-09-30T10:23:07+00:00","twitter_card":"summary_large_image","twitter_misc":{"Est. reading time":"2 minutes"},"schema":{"@context":"https:\/\/schema.org","@graph":[{"@type":"WebPage","@id":"https:\/\/avp.ro\/index.php\/activitatea-avp\/evenimente-galerie-foto\/","url":"https:\/\/avp.ro\/index.php\/activitatea-avp\/evenimente-galerie-foto\/","name":"Evenimente - galerie foto - Institu\u021bia Avocatul Poporului","isPartOf":{"@id":"https:\/\/avp.ro\/#website"},"datePublished":"2020-07-21T09:15:41+00:00","dateModified":"2020-09-30T10:23:07+00:00","breadcrumb":{"@id":"https:\/\/avp.ro\/index.php\/activitatea-avp\/evenimente-galerie-foto\/#breadcrumb"},"inLanguage":"en-US","potentialAction":[{"@type":"ReadAction","target":["https:\/\/avp.ro\/index.php\/activitatea-avp\/evenimente-galerie-foto\/"]}]},{"@type":"BreadcrumbList","@id":"https:\/\/avp.ro\/index.php\/activitatea-avp\/evenimente-galerie-foto\/#breadcrumb","itemListElement":[{"@type":"ListItem","position":1,"name":"Home","item":"https:\/\/avp.ro\/"},{"@type":"ListItem","position":2,"name":"ACTIVITATEA AVP","item":"https:\/\/avp.ro\/index.php\/activitatea-avp\/"},{"@type":"ListItem","position":3,"name":"Evenimente &#8211; galerie foto"}]},{"@type":"WebSite","@id":"https:\/\/avp.ro\/#website","url":"https:\/\/avp.ro\/","name":"Institu\u021bia Avocatul Poporului","description":"People\u2019s Advocate institution - Office of the Ombudsman","publisher":{"@id":"https:\/\/avp.ro\/#organization"},"potentialAction":[{"@type":"SearchAction","target":{"@type":"EntryPoint","urlTemplate":"https:\/\/avp.ro\/?s={search_term_string}"},"query-input":{"@type":"PropertyValueSpecification","valueRequired":true,"valueName":"search_term_string"}}],"inLanguage":"en-US"},{"@type":"Organization","@id":"https:\/\/avp.ro\/#organization","name":"Institutia Avocatul Poporului","url":"https:\/\/avp.ro\/","logo":{"@type":"ImageObject","inLanguage":"en-US","@id":"https:\/\/avp.ro\/#\/schema\/logo\/image\/","url":"https:\/\/avp.ro\/wp-content\/uploads\/2020\/09\/cropped-AP.jpg","contentUrl":"https:\/\/avp.ro\/wp-content\/uploads\/2020\/09\/cropped-AP.jpg","width":160,"height":146,"caption":"Institutia Avocatul Poporului"},"image":{"@id":"https:\/\/avp.ro\/#\/schema\/logo\/image\/"}}]}},"_links":{"self":[{"href":"https:\/\/avp.ro\/index.php\/wp-json\/wp\/v2\/pages\/212","targetHints":{"allow":["GET"]}}],"collection":[{"href":"https:\/\/avp.ro\/index.php\/wp-json\/wp\/v2\/pages"}],"about":[{"href":"https:\/\/avp.ro\/index.php\/wp-json\/wp\/v2\/types\/page"}],"author":[{"embeddable":true,"href":"https:\/\/avp.ro\/index.php\/wp-json\/wp\/v2\/users\/1"}],"replies":[{"embeddable":true,"href":"https:\/\/avp.ro\/index.php\/wp-json\/wp\/v2\/comments?post=212"}],"version-history":[{"count":17,"href":"https:\/\/avp.ro\/index.php\/wp-json\/wp\/v2\/pages\/212\/revisions"}],"predecessor-version":[{"id":1298,"href":"https:\/\/avp.ro\/index.php\/wp-json\/wp\/v2\/pages\/212\/revisions\/1298"}],"up":[{"embeddable":true,"href":"https:\/\/avp.ro\/index.php\/wp-json\/wp\/v2\/pages\/50"}],"wp:attachment":[{"href":"https:\/\/avp.ro\/index.php\/wp-json\/wp\/v2\/media?parent=212"}],"curies":[{"name":"wp","href":"https:\/\/api.w.org\/{rel}","templated":true}]}}