{"id":2152,"date":"2020-12-09T13:00:00","date_gmt":"2020-12-09T11:00:00","guid":{"rendered":"https:\/\/avp.ro\/?page_id=2152"},"modified":"2020-12-09T13:38:16","modified_gmt":"2020-12-09T11:38:16","slug":"competente-generale-2","status":"publish","type":"page","link":"https:\/\/avp.ro\/index.php\/domenii-de-activitate\/domeniul-drepturile-familiei-tinerilor-pensionarilor-persoanelor-cu-handicap\/competente-generale-2\/","title":{"rendered":"Competen\u021be generale"},"content":{"rendered":"<p>&nbsp;<\/p>\n<p style=\"padding-left: 40px;\">Pentru a-\u0219i \u00eendeplini rolul s\u0103u constitu\u021bional, <span style=\"color: #1f4e79;\"><strong>Avocatul Poporului ac\u021bioneaz\u0103 ca un<\/strong> <strong>mediator<\/strong><\/span>, \u00eencerc\u00e2nd s\u0103 g\u0103seasc\u0103 \u0219i s\u0103 propun\u0103 solu\u021bii, fie aduc\u00e2nd la aceea\u0219i mas\u0103 pe cei implica\u021bi, fie emi\u021b\u00e2nd recomand\u0103ri.<\/p>\n<p style=\"padding-left: 40px;\">Totodat\u0103, Avocatul Poporului contribuie la depistarea \u015fi combaterea fenomenelor care conduc la \u00eenc\u0103lcarea drepturilor \u015fi libert\u0103\u0163ilor cet\u0103\u0163ene\u015fti, ax\u00e2ndu-se pe necesitatea \u00eembun\u0103t\u0103\u0163irii continue a activit\u0103\u0163ii administra\u0163iei publice \u00een vederea respect\u0103rii intereselor legitime ale cet\u0103\u0163enilor.<\/p>\n<p style=\"padding-left: 40px;\"><span style=\"color: #1f4e79;\"><strong>Mijloace de interven\u021bie<\/strong>:<\/span><\/p>\n<ul>\n<li style=\"list-style-type: none;\">\n<ul>\n<li><strong><span style=\"color: #1f4e79;\">Sesizarea<\/span>\u00a0<\/strong>autorit\u0103\u0163ilor administra\u0163iei publice \u00een cauz\u0103<\/li>\n<li>Efectuarea unor\u00a0<span style=\"color: #1f4e79;\"><strong>anchete proprii<\/strong>,<\/span> av\u00e2nd dreptul s\u0103 cear\u0103 autorit\u0103\u0163ilor administra\u0163iei publice orice informa\u0163ii sau documente necesare anchetei, s\u0103 audieze \u015fi s\u0103 ia declara\u0163ii de la conduc\u0103torii autorit\u0103\u0163ilor administra\u0163iei publice \u015fi de la orice func\u0163ionar care poate da informa\u0163iile necesare solu\u0163ion\u0103rii peti\u0163iei.<\/li>\n<li>Emiterea unor\u00a0<strong><span style=\"color: #1f4e79;\">recomand\u0103ri<\/span>\u00a0<\/strong>ale Avocatului Poporului. Prin recomand\u0103rile emise, Avocatul Poporului sesizeaz\u0103 autorit\u0103\u0163ile administra\u0163iei publice asupra ilegalit\u0103\u0163ii actelor sau faptelor administrative.<\/li>\n<li>\u00cen cazul \u00een care institu\u0163ia Avocatul Poporului constat\u0103 c\u0103 solu\u0163ionarea peti\u0163iei cu care a fost sesizat\u0103 este de competen\u0163a autorit\u0103\u0163ii judec\u0103tore\u015fti, se poate adresa, dup\u0103 caz, ministrului justi\u0163iei, Consiliului Superior al Magistraturii, Ministerului Public sau pre\u015fedintelui instan\u0163ei de judecat\u0103, care este obligat s\u0103 comunice m\u0103surile luate.<\/li>\n<li>\u00cen cazurile \u00een care, Avocatul Poporului constat\u0103, cu prilejul cercet\u0103rilor \u00eentreprinse, lacune \u00een legisla\u0163ie sau cazuri grave de corup\u0163ie ori de nerespectare a legilor \u0163\u0103rii, acesta prezint\u0103 un<span style=\"color: #1f4e79;\">\u00a0<\/span><span style=\"color: #3366ff;\"><strong><span style=\"color: #1f4e79;\">raport pre\u015fedin\u0163ilor celor dou\u0103 Camere ale Parlamentului sau, dup\u0103 caz, primului-ministru<\/span><\/strong><\/span>,\u00a0con\u0163in\u00e2nd cele constatate.<\/li>\n<li>\u00cen\u00a0<strong><span style=\"color: #1f4e79;\">rapoartele anuale<\/span>\u00a0<\/strong>\u00eentocmite de Avocatul Poporului, acesta poate face recomand\u0103ri privind modificarea legisla\u0163iei sau m\u0103suri de alt\u0103 natur\u0103 pentru ocrotirea drepturilor \u015fi libert\u0103\u0163ilor cet\u0103\u0163enilor.<\/li>\n<\/ul>\n<\/li>\n<\/ul>\n<p style=\"padding-left: 40px;\">Domeniile de activitate pot cere l\u0103muriri de la autorit\u0103\u021bile publice reclamate sau face <span style=\"color: #1f4e79;\"><strong>anchete<\/strong><\/span> la acestea, \u00een vederea l\u0103muririi problemelor cu care au fost sesiza\u021bi de cet\u0103\u021beni ori s-au sesizat din oficiu ca urmare a\u00a0 informa\u021biilor ap\u0103rute \u00een spa\u021biul public.<\/p>\n<p style=\"padding-left: 40px;\">\u00cen cadrul acestor anchete, <span style=\"color: #1f4e79;\"><strong>Avocatul Poporului, adjunc\u021bii acestuia \u0219i personalul de specialitate al institu\u0163iei au dreptul s\u0103 intre \u00een sediul oric\u0103rei autorit\u0103\u021bi a administra\u021biei publice, a unei institu\u0163ii publice sau a oric\u0103rui serviciu public aflat \u00een subordinea unei autorit\u0103\u0163i a administra\u0163iei publice, chiar f\u0103r\u0103 a anun\u021ba \u00een prealabil autoritatea vizat\u0103 sau conduc\u0103torul ierarhic superior al acesteia, doar \u00een baza \u00eemputernicirii \u0219i\/sau a legitima\u021biei de serviciu<\/strong>.<\/span><\/p>\n<p style=\"padding-left: 40px;\">Ei au acces la orice informa\u021bii sau documente necesare anchetei, pot s\u0103 audieze \u015fi s\u0103 ia declara\u0163ii de la conduc\u0103torii autorit\u0103\u0163ilor administra\u0163iei publice \u015fi de la orice func\u0163ionar care poate da informa\u0163iile necesare solu\u0163ion\u0103rii anchetei. Avocatul Poporului \u015fi adjunc\u0163ii acestuia au acces, \u00een condi\u0163iile legii, la informa\u0163iile clasificate de\u0163inute de autorit\u0103\u0163ile publice.<\/p>\n<p style=\"padding-left: 40px;\">\u00cen func\u021bie de problemele identificate, pot fi sesiza\u021bi conduc\u0103torii ierarhici superiori ai autorit\u0103\u021bilor care se fac vinovate de \u00eenc\u0103lcarea drepturilor \u0219i libert\u0103\u021bilor fundamentale ale cet\u0103\u021benilor, cu solicitarea de a lua m\u0103suri \u0219i a le comunica de \u00eendat\u0103 institu\u021biei Avocatul Poporului.<\/p>\n<p style=\"padding-left: 40px;\"><span style=\"color: #1f4e79;\"><strong>C\u00e2nd nu se poate interveni:<\/strong><\/span><\/p>\n<p style=\"padding-left: 40px;\">Limitele de competen\u021b\u0103 \u0219i, implicit, de ac\u021biune ale Avocatului Poporului sunt date at\u00e2t de textul constitu\u021bional (art. 58), c\u00e2t \u0219i de legea sa organic\u0103 (art. 1, art. 17 alin. 4, art. 17 alin. 5, art. 21 din Legea nr. 35\/1997).<\/p>\n<p style=\"padding-left: 40px;\">Prin urmare, exist\u0103 un impediment legal ca Institu\u021bia Avocatului Poporului s\u0103 solu\u021bioneze peti\u021biile prin care sunt vizate acte care privesc:<\/p>\n<ul>\n<li style=\"list-style-type: none;\">\n<ul>\n<li>solu\u021bionarea litigiilor \u0219i dosarelor aflate pe rolul instan\u021belor, parchetelor \u0219i poli\u021biei (inclusiv, executarea hot\u0103r\u00e2rii);<\/li>\n<li>activitatea parlamentarilor<\/li>\n<li>activitatea Pre\u0219edintelui Rom\u00e2niei<\/li>\n<li>activitatea Cur\u021bii Constitu\u021bionale<\/li>\n<li>activitatea pre\u015fedintelui Consiliului Legislativ<\/li>\n<li>activitatea Guvernului<\/li>\n<\/ul>\n<\/li>\n<\/ul>\n<p style=\"padding-left: 40px;\"><em>\u00cen toate aceste cazuri, peti\u021biile vor fi respinse f\u0103r\u0103 motivare.<\/em><\/p>\n<p style=\"padding-left: 40px;\">Nu sunt luate \u00een considerare \u0219i, prin urmare, nu vor fi solu\u021bionate peti\u021biile:<\/p>\n<ul>\n<li style=\"list-style-type: none;\">\n<ul>\n<li>anonime<\/li>\n<li>care se refer\u0103 la acte sau fapte ale altor autorit\u0103\u021bi dec\u00e2t cele ale administra\u021biei publice rom\u00e2ne<\/li>\n<li>care vizeaz\u0103 \u00eenc\u0103lc\u0103ri ale drepturilor persoanelor juridice<\/li>\n<\/ul>\n<\/li>\n<\/ul>\n<p style=\"padding-left: 40px;\">De asemenea, <em>pot fi respinse motivat <\/em>peti\u0163iile v\u0103dit nefondate.<em>\u00a0<\/em><\/p>\n<p style=\"padding-left: 40px;\"><span style=\"color: #1f4e79;\"><strong><em><img loading=\"lazy\" decoding=\"async\" class=\"alignnone wp-image-2178\" src=\"https:\/\/avp.ro\/wp-content\/uploads\/2020\/12\/exclamarii-1.png\" alt=\"\" width=\"23\" height=\"23\" \/>Avocatul Poporului nu are ini\u021biativ\u0103 legislativ\u0103 (art. 74 alin. 1 Constitu\u021bie), astfel \u00eenc\u00e2t nu pot fi promovate proiecte de legi sau alte acte normative ori de modificare\/completare ale acestora<\/em><\/strong><em>.<\/em><\/span><\/p>\n<p style=\"padding-left: 40px;\">\n","protected":false},"excerpt":{"rendered":"<p>&nbsp; Pentru a-\u0219i \u00eendeplini rolul s\u0103u constitu\u021bional, Avocatul Poporului ac\u021bioneaz\u0103 ca un mediator, \u00eencerc\u00e2nd s\u0103 g\u0103seasc\u0103 \u0219i s\u0103 propun\u0103 solu\u021bii, fie aduc\u00e2nd la aceea\u0219i mas\u0103 pe cei implica\u021bi, fie emi\u021b\u00e2nd&hellip; <\/p>\n","protected":false},"author":1,"featured_media":0,"parent":303,"menu_order":0,"comment_status":"closed","ping_status":"closed","template":"","meta":{"footnotes":""},"class_list":["post-2152","page","type-page","status-publish","hentry"],"yoast_head":"<!-- This site is optimized with the Yoast SEO plugin v27.3 - https:\/\/yoast.com\/product\/yoast-seo-wordpress\/ -->\n<title>Competen\u021be generale - Institu\u021bia Avocatul Poporului<\/title>\n<meta name=\"robots\" content=\"index, follow, max-snippet:-1, max-image-preview:large, max-video-preview:-1\" \/>\n<link rel=\"canonical\" href=\"https:\/\/avp.ro\/index.php\/domenii-de-activitate\/domeniul-drepturile-familiei-tinerilor-pensionarilor-persoanelor-cu-handicap\/competente-generale-2\/\" \/>\n<meta property=\"og:locale\" content=\"en_US\" \/>\n<meta property=\"og:type\" content=\"article\" \/>\n<meta property=\"og:title\" content=\"Competen\u021be generale - Institu\u021bia Avocatul Poporului\" \/>\n<meta property=\"og:description\" content=\"&nbsp; Pentru a-\u0219i \u00eendeplini rolul s\u0103u constitu\u021bional, Avocatul Poporului ac\u021bioneaz\u0103 ca un mediator, \u00eencerc\u00e2nd s\u0103 g\u0103seasc\u0103 \u0219i s\u0103 propun\u0103 solu\u021bii, fie aduc\u00e2nd la aceea\u0219i mas\u0103 pe cei implica\u021bi, fie emi\u021b\u00e2nd&hellip;\" \/>\n<meta property=\"og:url\" content=\"https:\/\/avp.ro\/index.php\/domenii-de-activitate\/domeniul-drepturile-familiei-tinerilor-pensionarilor-persoanelor-cu-handicap\/competente-generale-2\/\" \/>\n<meta property=\"og:site_name\" content=\"Institu\u021bia Avocatul Poporului\" \/>\n<meta property=\"article:modified_time\" content=\"2020-12-09T11:38:16+00:00\" \/>\n<meta property=\"og:image\" content=\"https:\/\/avp.ro\/wp-content\/uploads\/2020\/12\/exclamarii-1.png\" \/>\n<meta name=\"twitter:card\" content=\"summary_large_image\" \/>\n<meta name=\"twitter:label1\" content=\"Est. reading time\" \/>\n\t<meta name=\"twitter:data1\" content=\"4 minutes\" \/>\n<script type=\"application\/ld+json\" class=\"yoast-schema-graph\">{\"@context\":\"https:\\\/\\\/schema.org\",\"@graph\":[{\"@type\":\"WebPage\",\"@id\":\"https:\\\/\\\/avp.ro\\\/index.php\\\/domenii-de-activitate\\\/domeniul-drepturile-familiei-tinerilor-pensionarilor-persoanelor-cu-handicap\\\/competente-generale-2\\\/\",\"url\":\"https:\\\/\\\/avp.ro\\\/index.php\\\/domenii-de-activitate\\\/domeniul-drepturile-familiei-tinerilor-pensionarilor-persoanelor-cu-handicap\\\/competente-generale-2\\\/\",\"name\":\"Competen\u021be generale - Institu\u021bia Avocatul Poporului\",\"isPartOf\":{\"@id\":\"https:\\\/\\\/avp.ro\\\/#website\"},\"primaryImageOfPage\":{\"@id\":\"https:\\\/\\\/avp.ro\\\/index.php\\\/domenii-de-activitate\\\/domeniul-drepturile-familiei-tinerilor-pensionarilor-persoanelor-cu-handicap\\\/competente-generale-2\\\/#primaryimage\"},\"image\":{\"@id\":\"https:\\\/\\\/avp.ro\\\/index.php\\\/domenii-de-activitate\\\/domeniul-drepturile-familiei-tinerilor-pensionarilor-persoanelor-cu-handicap\\\/competente-generale-2\\\/#primaryimage\"},\"thumbnailUrl\":\"https:\\\/\\\/avp.ro\\\/wp-content\\\/uploads\\\/2020\\\/12\\\/exclamarii-1.png\",\"datePublished\":\"2020-12-09T11:00:00+00:00\",\"dateModified\":\"2020-12-09T11:38:16+00:00\",\"breadcrumb\":{\"@id\":\"https:\\\/\\\/avp.ro\\\/index.php\\\/domenii-de-activitate\\\/domeniul-drepturile-familiei-tinerilor-pensionarilor-persoanelor-cu-handicap\\\/competente-generale-2\\\/#breadcrumb\"},\"inLanguage\":\"en-US\",\"potentialAction\":[{\"@type\":\"ReadAction\",\"target\":[\"https:\\\/\\\/avp.ro\\\/index.php\\\/domenii-de-activitate\\\/domeniul-drepturile-familiei-tinerilor-pensionarilor-persoanelor-cu-handicap\\\/competente-generale-2\\\/\"]}]},{\"@type\":\"ImageObject\",\"inLanguage\":\"en-US\",\"@id\":\"https:\\\/\\\/avp.ro\\\/index.php\\\/domenii-de-activitate\\\/domeniul-drepturile-familiei-tinerilor-pensionarilor-persoanelor-cu-handicap\\\/competente-generale-2\\\/#primaryimage\",\"url\":\"https:\\\/\\\/avp.ro\\\/wp-content\\\/uploads\\\/2020\\\/12\\\/exclamarii-1.png\",\"contentUrl\":\"https:\\\/\\\/avp.ro\\\/wp-content\\\/uploads\\\/2020\\\/12\\\/exclamarii-1.png\",\"width\":120,\"height\":120},{\"@type\":\"BreadcrumbList\",\"@id\":\"https:\\\/\\\/avp.ro\\\/index.php\\\/domenii-de-activitate\\\/domeniul-drepturile-familiei-tinerilor-pensionarilor-persoanelor-cu-handicap\\\/competente-generale-2\\\/#breadcrumb\",\"itemListElement\":[{\"@type\":\"ListItem\",\"position\":1,\"name\":\"Home\",\"item\":\"https:\\\/\\\/avp.ro\\\/\"},{\"@type\":\"ListItem\",\"position\":2,\"name\":\"DOMENII DE ACTIVITATE\",\"item\":\"https:\\\/\\\/avp.ro\\\/index.php\\\/domenii-de-activitate\\\/\"},{\"@type\":\"ListItem\",\"position\":3,\"name\":\"Domeniul drepturile familiei, tinerilor, pensionarilor, persoanelor cu handicap\",\"item\":\"https:\\\/\\\/avp.ro\\\/index.php\\\/domenii-de-activitate\\\/domeniul-drepturile-familiei-tinerilor-pensionarilor-persoanelor-cu-handicap\\\/\"},{\"@type\":\"ListItem\",\"position\":4,\"name\":\"Competen\u021be generale\"}]},{\"@type\":\"WebSite\",\"@id\":\"https:\\\/\\\/avp.ro\\\/#website\",\"url\":\"https:\\\/\\\/avp.ro\\\/\",\"name\":\"Institu\u021bia Avocatul Poporului\",\"description\":\"People\u2019s Advocate institution - Office of the Ombudsman\",\"publisher\":{\"@id\":\"https:\\\/\\\/avp.ro\\\/#organization\"},\"potentialAction\":[{\"@type\":\"SearchAction\",\"target\":{\"@type\":\"EntryPoint\",\"urlTemplate\":\"https:\\\/\\\/avp.ro\\\/?s={search_term_string}\"},\"query-input\":{\"@type\":\"PropertyValueSpecification\",\"valueRequired\":true,\"valueName\":\"search_term_string\"}}],\"inLanguage\":\"en-US\"},{\"@type\":\"Organization\",\"@id\":\"https:\\\/\\\/avp.ro\\\/#organization\",\"name\":\"Institutia Avocatul Poporului\",\"url\":\"https:\\\/\\\/avp.ro\\\/\",\"logo\":{\"@type\":\"ImageObject\",\"inLanguage\":\"en-US\",\"@id\":\"https:\\\/\\\/avp.ro\\\/#\\\/schema\\\/logo\\\/image\\\/\",\"url\":\"https:\\\/\\\/avp.ro\\\/wp-content\\\/uploads\\\/2020\\\/09\\\/cropped-AP.jpg\",\"contentUrl\":\"https:\\\/\\\/avp.ro\\\/wp-content\\\/uploads\\\/2020\\\/09\\\/cropped-AP.jpg\",\"width\":160,\"height\":146,\"caption\":\"Institutia Avocatul Poporului\"},\"image\":{\"@id\":\"https:\\\/\\\/avp.ro\\\/#\\\/schema\\\/logo\\\/image\\\/\"}}]}<\/script>\n<!-- \/ Yoast SEO plugin. -->","yoast_head_json":{"title":"Competen\u021be generale - Institu\u021bia Avocatul Poporului","robots":{"index":"index","follow":"follow","max-snippet":"max-snippet:-1","max-image-preview":"max-image-preview:large","max-video-preview":"max-video-preview:-1"},"canonical":"https:\/\/avp.ro\/index.php\/domenii-de-activitate\/domeniul-drepturile-familiei-tinerilor-pensionarilor-persoanelor-cu-handicap\/competente-generale-2\/","og_locale":"en_US","og_type":"article","og_title":"Competen\u021be generale - Institu\u021bia Avocatul Poporului","og_description":"&nbsp; Pentru a-\u0219i \u00eendeplini rolul s\u0103u constitu\u021bional, Avocatul Poporului ac\u021bioneaz\u0103 ca un mediator, \u00eencerc\u00e2nd s\u0103 g\u0103seasc\u0103 \u0219i s\u0103 propun\u0103 solu\u021bii, fie aduc\u00e2nd la aceea\u0219i mas\u0103 pe cei implica\u021bi, fie emi\u021b\u00e2nd&hellip;","og_url":"https:\/\/avp.ro\/index.php\/domenii-de-activitate\/domeniul-drepturile-familiei-tinerilor-pensionarilor-persoanelor-cu-handicap\/competente-generale-2\/","og_site_name":"Institu\u021bia Avocatul Poporului","article_modified_time":"2020-12-09T11:38:16+00:00","og_image":[{"url":"https:\/\/avp.ro\/wp-content\/uploads\/2020\/12\/exclamarii-1.png","type":"","width":"","height":""}],"twitter_card":"summary_large_image","twitter_misc":{"Est. reading time":"4 minutes"},"schema":{"@context":"https:\/\/schema.org","@graph":[{"@type":"WebPage","@id":"https:\/\/avp.ro\/index.php\/domenii-de-activitate\/domeniul-drepturile-familiei-tinerilor-pensionarilor-persoanelor-cu-handicap\/competente-generale-2\/","url":"https:\/\/avp.ro\/index.php\/domenii-de-activitate\/domeniul-drepturile-familiei-tinerilor-pensionarilor-persoanelor-cu-handicap\/competente-generale-2\/","name":"Competen\u021be generale - Institu\u021bia Avocatul Poporului","isPartOf":{"@id":"https:\/\/avp.ro\/#website"},"primaryImageOfPage":{"@id":"https:\/\/avp.ro\/index.php\/domenii-de-activitate\/domeniul-drepturile-familiei-tinerilor-pensionarilor-persoanelor-cu-handicap\/competente-generale-2\/#primaryimage"},"image":{"@id":"https:\/\/avp.ro\/index.php\/domenii-de-activitate\/domeniul-drepturile-familiei-tinerilor-pensionarilor-persoanelor-cu-handicap\/competente-generale-2\/#primaryimage"},"thumbnailUrl":"https:\/\/avp.ro\/wp-content\/uploads\/2020\/12\/exclamarii-1.png","datePublished":"2020-12-09T11:00:00+00:00","dateModified":"2020-12-09T11:38:16+00:00","breadcrumb":{"@id":"https:\/\/avp.ro\/index.php\/domenii-de-activitate\/domeniul-drepturile-familiei-tinerilor-pensionarilor-persoanelor-cu-handicap\/competente-generale-2\/#breadcrumb"},"inLanguage":"en-US","potentialAction":[{"@type":"ReadAction","target":["https:\/\/avp.ro\/index.php\/domenii-de-activitate\/domeniul-drepturile-familiei-tinerilor-pensionarilor-persoanelor-cu-handicap\/competente-generale-2\/"]}]},{"@type":"ImageObject","inLanguage":"en-US","@id":"https:\/\/avp.ro\/index.php\/domenii-de-activitate\/domeniul-drepturile-familiei-tinerilor-pensionarilor-persoanelor-cu-handicap\/competente-generale-2\/#primaryimage","url":"https:\/\/avp.ro\/wp-content\/uploads\/2020\/12\/exclamarii-1.png","contentUrl":"https:\/\/avp.ro\/wp-content\/uploads\/2020\/12\/exclamarii-1.png","width":120,"height":120},{"@type":"BreadcrumbList","@id":"https:\/\/avp.ro\/index.php\/domenii-de-activitate\/domeniul-drepturile-familiei-tinerilor-pensionarilor-persoanelor-cu-handicap\/competente-generale-2\/#breadcrumb","itemListElement":[{"@type":"ListItem","position":1,"name":"Home","item":"https:\/\/avp.ro\/"},{"@type":"ListItem","position":2,"name":"DOMENII DE ACTIVITATE","item":"https:\/\/avp.ro\/index.php\/domenii-de-activitate\/"},{"@type":"ListItem","position":3,"name":"Domeniul drepturile familiei, tinerilor, pensionarilor, persoanelor cu handicap","item":"https:\/\/avp.ro\/index.php\/domenii-de-activitate\/domeniul-drepturile-familiei-tinerilor-pensionarilor-persoanelor-cu-handicap\/"},{"@type":"ListItem","position":4,"name":"Competen\u021be generale"}]},{"@type":"WebSite","@id":"https:\/\/avp.ro\/#website","url":"https:\/\/avp.ro\/","name":"Institu\u021bia Avocatul Poporului","description":"People\u2019s Advocate institution - Office of the Ombudsman","publisher":{"@id":"https:\/\/avp.ro\/#organization"},"potentialAction":[{"@type":"SearchAction","target":{"@type":"EntryPoint","urlTemplate":"https:\/\/avp.ro\/?s={search_term_string}"},"query-input":{"@type":"PropertyValueSpecification","valueRequired":true,"valueName":"search_term_string"}}],"inLanguage":"en-US"},{"@type":"Organization","@id":"https:\/\/avp.ro\/#organization","name":"Institutia Avocatul Poporului","url":"https:\/\/avp.ro\/","logo":{"@type":"ImageObject","inLanguage":"en-US","@id":"https:\/\/avp.ro\/#\/schema\/logo\/image\/","url":"https:\/\/avp.ro\/wp-content\/uploads\/2020\/09\/cropped-AP.jpg","contentUrl":"https:\/\/avp.ro\/wp-content\/uploads\/2020\/09\/cropped-AP.jpg","width":160,"height":146,"caption":"Institutia Avocatul Poporului"},"image":{"@id":"https:\/\/avp.ro\/#\/schema\/logo\/image\/"}}]}},"_links":{"self":[{"href":"https:\/\/avp.ro\/index.php\/wp-json\/wp\/v2\/pages\/2152","targetHints":{"allow":["GET"]}}],"collection":[{"href":"https:\/\/avp.ro\/index.php\/wp-json\/wp\/v2\/pages"}],"about":[{"href":"https:\/\/avp.ro\/index.php\/wp-json\/wp\/v2\/types\/page"}],"author":[{"embeddable":true,"href":"https:\/\/avp.ro\/index.php\/wp-json\/wp\/v2\/users\/1"}],"replies":[{"embeddable":true,"href":"https:\/\/avp.ro\/index.php\/wp-json\/wp\/v2\/comments?post=2152"}],"version-history":[{"count":4,"href":"https:\/\/avp.ro\/index.php\/wp-json\/wp\/v2\/pages\/2152\/revisions"}],"predecessor-version":[{"id":2179,"href":"https:\/\/avp.ro\/index.php\/wp-json\/wp\/v2\/pages\/2152\/revisions\/2179"}],"up":[{"embeddable":true,"href":"https:\/\/avp.ro\/index.php\/wp-json\/wp\/v2\/pages\/303"}],"wp:attachment":[{"href":"https:\/\/avp.ro\/index.php\/wp-json\/wp\/v2\/media?parent=2152"}],"curies":[{"name":"wp","href":"https:\/\/api.w.org\/{rel}","templated":true}]}}