{"id":2175,"date":"2020-12-09T13:34:28","date_gmt":"2020-12-09T11:34:28","guid":{"rendered":"https:\/\/avp.ro\/?page_id=2175"},"modified":"2020-12-09T13:34:28","modified_gmt":"2020-12-09T11:34:28","slug":"prezentare","status":"publish","type":"page","link":"https:\/\/avp.ro\/index.php\/domenii-de-activitate\/domeniul-drepturile-familiei-tinerilor-pensionarilor-persoanelor-cu-handicap\/prezentare\/","title":{"rendered":"Prezentare"},"content":{"rendered":"<p style=\"padding-left: 40px;\">\n<p>&nbsp;<\/p>\n<p style=\"padding-left: 40px;\"><span style=\"color: #1f4e79;\"><strong>DREPTURILE FAMILIEI, TINERILOR, PENSIONARILOR \u0218I PERSOANELOR CU HANDICAP <\/strong><\/span><\/p>\n<p style=\"padding-left: 80px;\"><span style=\"color: #1f4e79;\"><strong><u>OBIECT DE ACTIVITATE<\/u><\/strong><\/span><\/p>\n<p style=\"padding-left: 40px;\">\u00cen ceea ce prive\u0219te problematica cu care domeniul privind drepturile familiei, tinerilor, pensionarilor \u0219i persoanelor cu handicap poate fi sesizat, aceasta vizeaz\u0103 \u00een special, protejarea urm\u0103toarelor drepturi:<\/p>\n<ul>\n<li style=\"list-style-type: none;\">\n<ul>\n<li>dreptul la un nivel de trai decent;<\/li>\n<li>dreptul la protec\u021bie a persoanelor cu handicap;<\/li>\n<li>protejarea drepturilor familiei;<\/li>\n<li>drepturile la protec\u021bie al copiilor \u0219i tinerilor;<\/li>\n<li>dreptul la via\u021b\u0103 \u0219i la integritate fizic\u0103 \u0219i psihic\u0103;<\/li>\n<li>dreptul la liber\u0103 circula\u021bie;<\/li>\n<li>dreptul la informa\u021bie;<\/li>\n<li>dreptul la ocrotirea s\u0103n\u0103t\u0103\u021bii;<\/li>\n<li>dreptul de peti\u021bionare;<\/li>\n<li>dreptul persoanei v\u0103t\u0103mate de o autoritate public\u0103.<\/li>\n<\/ul>\n<\/li>\n<\/ul>\n<p style=\"padding-left: 40px;\">\n<p style=\"padding-left: 80px;\"><span style=\"color: #1f4e79;\"><strong><u>DREPTURILE TINERILOR \u0218I FAMILIEI<\/u><\/strong><\/span><\/p>\n<p style=\"padding-left: 40px;\">Principalele probleme supuse aten\u021biei se refer\u0103 la urm\u0103toarele aspecte:<\/p>\n<ul>\n<li style=\"list-style-type: none;\">\n<ul>\n<li>neacordarea unei locuin\u0163e sociale \u015fi a altor forme de ajutor din partea statului ori a autorit\u0103\u0163ilor locale;<\/li>\n<li>neacordarea pensiei de \u00eentre\u0163inere \u015fi a celei de urma\u015f ;<\/li>\n<li>regimul juridic al bunurilor dob\u00e2ndite \u00een timpul c\u0103s\u0103toriei ori de dreptul la mo\u015ftenire;<\/li>\n<li>posibila \u00eenc\u0103lcare a drepturilor reglementate de Legea nr. 114\/1996 a locuin\u0163ei;<\/li>\n<li>posibila \u00eenc\u0103lcare a drepturilor reglementate de Legea nr. 416\/2001 privind venitul minim garantat, cu modific\u0103rile \u015fi complet\u0103rile ulterioare.<\/li>\n<\/ul>\n<\/li>\n<\/ul>\n<ul>\n<li style=\"list-style-type: none;\">\n<ul>\n<li>probleme referitoare la \u00eencredin\u021barea minorului rezultat din c\u0103s\u0103torie sau din afara c\u0103s\u0103toriei;<\/li>\n<li>situa\u021bia tinerilor care au p\u0103r\u0103sit centrele de plasament dup\u0103 \u00eemplinirea v\u00e2rstei de 18 ani \u0219i au \u00eent\u00e2mpinat dificult\u0103\u021bi \u00een procesul de reintegrare social\u0103;<\/li>\n<li>solicit\u0103ri de consiliere juridic\u0103 cu privire la ob\u021binerea sau indexarea pensiei de \u00eentre\u021binere sau de adop\u021bie;<\/li>\n<li>solicit\u0103ri de consiliere juridic\u0103 referitoare la obliga\u021bia de \u00eentre\u021binere a rudelor fa\u021b\u0103 de persoana internata \u00eentr-un azil privat, dreptul la concediu \u0219i indemniza\u021bie pentru \u00eengrijirea copilului bolnav sau cu handicap;<\/li>\n<li>\u00a0prevederi legale in materia adop\u021biei, tergiversarea solu\u021bion\u0103rii cererilor pentru ob\u021binerea unei locuin\u021be sociale \u0219i m\u0103suri de prevenire \u0219i combatere a marginaliz\u0103rii sociale. Au\u00a0 fost solu\u021bionate peti\u021bii adresate Avocatului Poporului \u00een leg\u0103tur\u0103 cu ob\u021binerea unei locuin\u021be sociale de c\u0103tre familii aflate \u00een dificultate.<\/li>\n<\/ul>\n<\/li>\n<\/ul>\n<p>&nbsp;<\/p>\n<p style=\"padding-left: 80px;\"><span style=\"color: #1f4e79;\"><strong><u>DREPTURILE PENSIONARILOR<\/u><\/strong><\/span><\/p>\n<p style=\"padding-left: 40px;\">\u00a0\u00a0\u00a0 Peti\u021biile adresate vizeaz\u0103 urm\u0103toarele probleme:<\/p>\n<ul>\n<li style=\"list-style-type: none;\">\n<ul>\n<li>critica Legii nr. 263\/2010 privind sistemul unitar de pensii publice, cu modific\u0103rile \u0219i complet\u0103rile ulterioare, sub aspectul \u201dmodului de cre\u0219tere al pensiilor \u00een plat\u0103\u201d \u0219i solicitarea \u00eendrept\u0103rii erorilor;<\/li>\n<li>l\u0103muriri privind modul de ob\u021binere de la fostul angajator a unor adeverin\u021be care s\u0103 ateste activitatea \u00een grupa a II-a de munc\u0103, precum \u0219i alte sporuri;<\/li>\n<li>solicitarea de informa\u021bii \u00een privin\u021ba recalcul\u0103rii pensiei \u00een conformitate cu Legea nr. 221\/2018 pentru modificarea \u015fi completarea Legii nr. 263\/2010 privind sistemul unitar de pensii publice, av\u00e2nd \u00een vedere faptul c\u0103 cei care au lucrat \u00een grupele I \u015fi II de munc\u0103 beneficiaz\u0103 de recalcularea din oficiu a pensiilor \u00eencep\u00e2nd cu data de 1 octombrie 2018;<\/li>\n<li>modul de solu\u021bionare a dificult\u0103\u021bilor \u00eent\u00e2mpinate \u00een recunoa\u0219terea activit\u0103\u021bii profesionale desf\u0103\u0219urate \u00een grupa a II-a de munc\u0103;<\/li>\n<li>nemul\u021bumiri legate de neplata contribu\u021biilor de asigur\u0103ri sociale pentru perioada 2003-2006 de c\u0103tre fostul angajator;<\/li>\n<li>nemul\u021bumiri legate de recalcularea pensiei militare;<\/li>\n<li>dificult\u0103\u021bi \u00eent\u00e2mpinate \u00een valorificarea perioadei de ucenicie;<\/li>\n<li>calculul drepturilor de pensie \u0219i verificarea dosarului de pensionare de c\u0103tre institu\u021bia Avocatul Poporului, ca entitate independent\u0103;<\/li>\n<li>explica\u021bii referitoare la condi\u021biile de pensionare;<\/li>\n<li>criticarea adeverin\u021belor eliberate de c\u0103tre fostul angajator \u00een vederea recalcul\u0103rii pensiei;<\/li>\n<li>neluarea \u00een considerare de c\u0103tre casele de pensii a tuturor documentelor depuse de peten\u021bi \u00een vederea recalcul\u0103rii pensiilor;<\/li>\n<li>faptul c\u0103 aplicarea Legii nr. 223\/2015 privind pensiile militare de stat, cu modific\u0103rile \u0219i complet\u0103rile ulterioare, nu se face corect de c\u0103tre Casa de Pensii Sectorial\u0103 a Ministerului Ap\u0103r\u0103rii Na\u021bionale, \u00eentruc\u00e2t pensiile militare nu se actualizeaz\u0103 cu toate elementele care depind procentual de solda de func\u021bie;<\/li>\n<li>recuperarea sumelor \u00eencasate necuvenit cu titlu de presta\u021bii de asigur\u0103ri sociale f\u0103r\u0103 explica\u021bii clare;<\/li>\n<li>refuzul unor case de pensii de a pune la dispozi\u021bie, din arhiva electronic\u0103, informa\u021biile referitoare la stagiile de cotizare \u0219i veniturile ce vor fi luate \u00een calcul la stabilirea pensiei. Acest lucru se va realiza de abia \u00een 2021, conform Legii nr. 127\/2019 privind sistemul public de pensii, iar peten\u021bii critic\u0103 faptul c\u0103 acest lucru nu se poate face mai devreme;<\/li>\n<li>\u00eent\u00e2rzieri \u00een solu\u0163ionarea cererilor de revizuire a pensiei recalculate ori de stabilire a drepturilor de pensie sau de trecere de la un tip de pensie la altul \u015fi chiar lipsa de r\u0103spuns la unele peti\u0163ii;<\/li>\n<li>\u00eent\u00e2rzieri \u00een solu\u0163ionarea contesta\u0163iilor la deciziile de pensie trimise la Comisia Central\u0103 de Contesta\u0163ii din cadrul Casei Na\u0163ionale de Pensii Publice.<\/li>\n<li>nemul\u021bumire cu privire la \u00eent\u00e2rzierea major\u0103rii cu 40% a pensiilor, \u00een conformitate cu prevederile Legii nr. 127\/2019;<\/li>\n<li>nemul\u021bumire cu privire la neaplicarea indicelui de corec\u021bie al pensiei;<\/li>\n<li>nemul\u021bumire privind hot\u0103r\u00e2rile judec\u0103tore\u0219ti, \u00een materia execut\u0103rii acestora de c\u0103tre casele de pensii;<\/li>\n<li>conflicte cu autorit\u0103\u021bi sau societ\u0103\u021bi comerciale care \u00een privin\u021ba eliber\u0103rii unor adeverin\u021be sau documente de munc\u0103.<\/li>\n<\/ul>\n<\/li>\n<\/ul>\n<p>&nbsp;<\/p>\n<p style=\"padding-left: 80px;\"><span style=\"color: #1f4e79;\"><strong><u>DREPTURILE PERSOANELOR CU HANDICAP<\/u><\/strong><\/span><\/p>\n<p style=\"padding-left: 40px;\">\u00a0\u00a0\u00a0\u00a0\u00a0\u00a0\u00a0\u00a0\u00a0\u00a0\u00a0 \u00cen aceast\u0103 materie peti\u021biile ridic\u0103 urm\u0103toarele probleme:<\/p>\n<ul>\n<li style=\"list-style-type: none;\">\n<ul>\n<li>tergiversarea solu\u0163ion\u0103rii unor cereri ale persoanelor cu handicap sau ale familiilor lor;<\/li>\n<li>neadoptarea unor m\u0103suri \u00een termenul prev\u0103zut de lege;<\/li>\n<li>pasivitatea autorit\u0103\u0163ilor fa\u0163\u0103 de problemele care apar \u00een cursul implement\u0103rii normelor legale;<\/li>\n<li>lipsa de comunicare interinstitu\u0163ional\u0103;<\/li>\n<li>gestionarea defectuoas\u0103 a resurselor financiare destinate sistemului de protec\u0163ie a persoanelor cu handicap;<\/li>\n<li>neacordarea facilit\u0103\u021bilor recunoscute prin lege acestei categorii de persoane, viz\u00e2nd prioritatea la parcarea de re\u0219edin\u021b\u0103 a persoanei cu handicap locomotor;<\/li>\n<li>lipsa rampelor pentru persoane cu handicap din mijloacele de transport \u00een comun;<\/li>\n<li>lipsa rampelor pentru persoane cu handicap de la domiciliul acestora sau la intr\u0103rile din autorit\u0103\u021bile publice;<\/li>\n<li>dificult\u0103\u021bi privind accesul persoanelor cu handicap \u00een centre reziden\u0163iale adecvate nevoilor lor;<\/li>\n<li>condi\u021biile necorespunz\u0103toare de \u00eengrijire a persoanelor adulte cu handicap \u00een centrele publice reziden\u0163iale;<\/li>\n<li>reorganizarea \u0219i restructurarea centrelor reziden\u021biale de tip vechi;<\/li>\n<li>\u00eenc\u0103lcarea drepturilor persoanelor adulte cu handicap grav la asistent personal de c\u0103tre autorit\u0103\u021bile administra\u021biei publice locale;<\/li>\n<li>lipsa respect\u0103rii priorit\u0103\u021bii persoanelor cu handicap la ob\u021binerea unei locuin\u021be sociale adecvate;<\/li>\n<li>accesul persoanelor cu handicap la obiectivele turistice \u015fi de petrecere a timpului liber.<\/li>\n<\/ul>\n<\/li>\n<\/ul>\n<p style=\"padding-left: 40px;\">Demersurile \u00eentreprinse se adreseaz\u0103 cel mai adesea Ministerului Muncii \u0219i Protec\u021biei Sociale \u0219i institu\u021biilor care func\u0163ioneaz\u0103 \u00een subordinea, sub autoritatea \u015fi coordonarea sa: Agen\u021bia Na\u021bional\u0103 pentru Pl\u0103\u021bi \u0219i Inspec\u021bii Sociale, agen\u021biile pentru pl\u0103\u021bi \u0219i inspec\u021bii sociale jude\u021bene \u0219i, respectiv, a municipiului Bucure\u0219ti, Autoritatea Na\u0163ional\u0103 pentru Drepturile Persoanelor cu Dizabilit\u0103\u0163i, Copii \u015fi Adop\u0163ii, Casa Na\u0163ional\u0103 de Pensii Publice \u0219i casele jude\u021bene de pensii, Agen\u0163ia Na\u0163ional\u0103 pentru Ocuparea For\u0163ei de Munc\u0103, Inspec\u021bia muncii. De asemenea, \u00een solu\u021bionarea peti\u021biilor venite la institu\u021bia Avocatul Poporului \u0219i repartizate Domeniului, se fac demersuri institu\u021bionale pe l\u00e2ng\u0103: Ministerul S\u0103n\u0103t\u0103\u021bii, Casa Na\u021bional\u0103 de Asigur\u0103ri de S\u0103n\u0103tate, Ministerului Transporturilor, Educa\u021biei \u0219i Cercet\u0103rii \u0219i altele.<\/p>\n","protected":false},"excerpt":{"rendered":"<p>&nbsp; DREPTURILE FAMILIEI, TINERILOR, PENSIONARILOR \u0218I PERSOANELOR CU HANDICAP OBIECT DE ACTIVITATE \u00cen ceea ce prive\u0219te problematica cu care domeniul privind drepturile familiei, tinerilor, pensionarilor \u0219i persoanelor cu handicap poate&hellip; <\/p>\n","protected":false},"author":1,"featured_media":0,"parent":303,"menu_order":1,"comment_status":"closed","ping_status":"closed","template":"","meta":{"footnotes":""},"class_list":["post-2175","page","type-page","status-publish","hentry"],"yoast_head":"<!-- This site is optimized with the Yoast SEO plugin v27.3 - https:\/\/yoast.com\/product\/yoast-seo-wordpress\/ -->\n<title>Prezentare - Institu\u021bia Avocatul Poporului<\/title>\n<meta name=\"robots\" content=\"index, follow, max-snippet:-1, max-image-preview:large, max-video-preview:-1\" \/>\n<link rel=\"canonical\" href=\"https:\/\/avp.ro\/index.php\/domenii-de-activitate\/domeniul-drepturile-familiei-tinerilor-pensionarilor-persoanelor-cu-handicap\/prezentare\/\" \/>\n<meta property=\"og:locale\" content=\"en_US\" \/>\n<meta property=\"og:type\" content=\"article\" \/>\n<meta property=\"og:title\" content=\"Prezentare - Institu\u021bia Avocatul Poporului\" \/>\n<meta property=\"og:description\" content=\"&nbsp; DREPTURILE FAMILIEI, TINERILOR, PENSIONARILOR \u0218I PERSOANELOR CU HANDICAP OBIECT DE ACTIVITATE \u00cen ceea ce prive\u0219te problematica cu care domeniul privind drepturile familiei, tinerilor, pensionarilor \u0219i persoanelor cu handicap poate&hellip;\" \/>\n<meta property=\"og:url\" content=\"https:\/\/avp.ro\/index.php\/domenii-de-activitate\/domeniul-drepturile-familiei-tinerilor-pensionarilor-persoanelor-cu-handicap\/prezentare\/\" \/>\n<meta property=\"og:site_name\" content=\"Institu\u021bia Avocatul Poporului\" \/>\n<meta name=\"twitter:card\" content=\"summary_large_image\" \/>\n<meta name=\"twitter:label1\" content=\"Est. reading time\" \/>\n\t<meta name=\"twitter:data1\" content=\"6 minutes\" \/>\n<script type=\"application\/ld+json\" class=\"yoast-schema-graph\">{\"@context\":\"https:\\\/\\\/schema.org\",\"@graph\":[{\"@type\":\"WebPage\",\"@id\":\"https:\\\/\\\/avp.ro\\\/index.php\\\/domenii-de-activitate\\\/domeniul-drepturile-familiei-tinerilor-pensionarilor-persoanelor-cu-handicap\\\/prezentare\\\/\",\"url\":\"https:\\\/\\\/avp.ro\\\/index.php\\\/domenii-de-activitate\\\/domeniul-drepturile-familiei-tinerilor-pensionarilor-persoanelor-cu-handicap\\\/prezentare\\\/\",\"name\":\"Prezentare - Institu\u021bia Avocatul Poporului\",\"isPartOf\":{\"@id\":\"https:\\\/\\\/avp.ro\\\/#website\"},\"datePublished\":\"2020-12-09T11:34:28+00:00\",\"breadcrumb\":{\"@id\":\"https:\\\/\\\/avp.ro\\\/index.php\\\/domenii-de-activitate\\\/domeniul-drepturile-familiei-tinerilor-pensionarilor-persoanelor-cu-handicap\\\/prezentare\\\/#breadcrumb\"},\"inLanguage\":\"en-US\",\"potentialAction\":[{\"@type\":\"ReadAction\",\"target\":[\"https:\\\/\\\/avp.ro\\\/index.php\\\/domenii-de-activitate\\\/domeniul-drepturile-familiei-tinerilor-pensionarilor-persoanelor-cu-handicap\\\/prezentare\\\/\"]}]},{\"@type\":\"BreadcrumbList\",\"@id\":\"https:\\\/\\\/avp.ro\\\/index.php\\\/domenii-de-activitate\\\/domeniul-drepturile-familiei-tinerilor-pensionarilor-persoanelor-cu-handicap\\\/prezentare\\\/#breadcrumb\",\"itemListElement\":[{\"@type\":\"ListItem\",\"position\":1,\"name\":\"Home\",\"item\":\"https:\\\/\\\/avp.ro\\\/\"},{\"@type\":\"ListItem\",\"position\":2,\"name\":\"DOMENII DE ACTIVITATE\",\"item\":\"https:\\\/\\\/avp.ro\\\/index.php\\\/domenii-de-activitate\\\/\"},{\"@type\":\"ListItem\",\"position\":3,\"name\":\"Domeniul drepturile familiei, tinerilor, pensionarilor, persoanelor cu handicap\",\"item\":\"https:\\\/\\\/avp.ro\\\/index.php\\\/domenii-de-activitate\\\/domeniul-drepturile-familiei-tinerilor-pensionarilor-persoanelor-cu-handicap\\\/\"},{\"@type\":\"ListItem\",\"position\":4,\"name\":\"Prezentare\"}]},{\"@type\":\"WebSite\",\"@id\":\"https:\\\/\\\/avp.ro\\\/#website\",\"url\":\"https:\\\/\\\/avp.ro\\\/\",\"name\":\"Institu\u021bia Avocatul Poporului\",\"description\":\"People\u2019s Advocate institution - Office of the Ombudsman\",\"publisher\":{\"@id\":\"https:\\\/\\\/avp.ro\\\/#organization\"},\"potentialAction\":[{\"@type\":\"SearchAction\",\"target\":{\"@type\":\"EntryPoint\",\"urlTemplate\":\"https:\\\/\\\/avp.ro\\\/?s={search_term_string}\"},\"query-input\":{\"@type\":\"PropertyValueSpecification\",\"valueRequired\":true,\"valueName\":\"search_term_string\"}}],\"inLanguage\":\"en-US\"},{\"@type\":\"Organization\",\"@id\":\"https:\\\/\\\/avp.ro\\\/#organization\",\"name\":\"Institutia Avocatul Poporului\",\"url\":\"https:\\\/\\\/avp.ro\\\/\",\"logo\":{\"@type\":\"ImageObject\",\"inLanguage\":\"en-US\",\"@id\":\"https:\\\/\\\/avp.ro\\\/#\\\/schema\\\/logo\\\/image\\\/\",\"url\":\"https:\\\/\\\/avp.ro\\\/wp-content\\\/uploads\\\/2020\\\/09\\\/cropped-AP.jpg\",\"contentUrl\":\"https:\\\/\\\/avp.ro\\\/wp-content\\\/uploads\\\/2020\\\/09\\\/cropped-AP.jpg\",\"width\":160,\"height\":146,\"caption\":\"Institutia Avocatul Poporului\"},\"image\":{\"@id\":\"https:\\\/\\\/avp.ro\\\/#\\\/schema\\\/logo\\\/image\\\/\"}}]}<\/script>\n<!-- \/ Yoast SEO plugin. -->","yoast_head_json":{"title":"Prezentare - Institu\u021bia Avocatul Poporului","robots":{"index":"index","follow":"follow","max-snippet":"max-snippet:-1","max-image-preview":"max-image-preview:large","max-video-preview":"max-video-preview:-1"},"canonical":"https:\/\/avp.ro\/index.php\/domenii-de-activitate\/domeniul-drepturile-familiei-tinerilor-pensionarilor-persoanelor-cu-handicap\/prezentare\/","og_locale":"en_US","og_type":"article","og_title":"Prezentare - Institu\u021bia Avocatul Poporului","og_description":"&nbsp; DREPTURILE FAMILIEI, TINERILOR, PENSIONARILOR \u0218I PERSOANELOR CU HANDICAP OBIECT DE ACTIVITATE \u00cen ceea ce prive\u0219te problematica cu care domeniul privind drepturile familiei, tinerilor, pensionarilor \u0219i persoanelor cu handicap poate&hellip;","og_url":"https:\/\/avp.ro\/index.php\/domenii-de-activitate\/domeniul-drepturile-familiei-tinerilor-pensionarilor-persoanelor-cu-handicap\/prezentare\/","og_site_name":"Institu\u021bia Avocatul Poporului","twitter_card":"summary_large_image","twitter_misc":{"Est. reading time":"6 minutes"},"schema":{"@context":"https:\/\/schema.org","@graph":[{"@type":"WebPage","@id":"https:\/\/avp.ro\/index.php\/domenii-de-activitate\/domeniul-drepturile-familiei-tinerilor-pensionarilor-persoanelor-cu-handicap\/prezentare\/","url":"https:\/\/avp.ro\/index.php\/domenii-de-activitate\/domeniul-drepturile-familiei-tinerilor-pensionarilor-persoanelor-cu-handicap\/prezentare\/","name":"Prezentare - Institu\u021bia Avocatul Poporului","isPartOf":{"@id":"https:\/\/avp.ro\/#website"},"datePublished":"2020-12-09T11:34:28+00:00","breadcrumb":{"@id":"https:\/\/avp.ro\/index.php\/domenii-de-activitate\/domeniul-drepturile-familiei-tinerilor-pensionarilor-persoanelor-cu-handicap\/prezentare\/#breadcrumb"},"inLanguage":"en-US","potentialAction":[{"@type":"ReadAction","target":["https:\/\/avp.ro\/index.php\/domenii-de-activitate\/domeniul-drepturile-familiei-tinerilor-pensionarilor-persoanelor-cu-handicap\/prezentare\/"]}]},{"@type":"BreadcrumbList","@id":"https:\/\/avp.ro\/index.php\/domenii-de-activitate\/domeniul-drepturile-familiei-tinerilor-pensionarilor-persoanelor-cu-handicap\/prezentare\/#breadcrumb","itemListElement":[{"@type":"ListItem","position":1,"name":"Home","item":"https:\/\/avp.ro\/"},{"@type":"ListItem","position":2,"name":"DOMENII DE ACTIVITATE","item":"https:\/\/avp.ro\/index.php\/domenii-de-activitate\/"},{"@type":"ListItem","position":3,"name":"Domeniul drepturile familiei, tinerilor, pensionarilor, persoanelor cu handicap","item":"https:\/\/avp.ro\/index.php\/domenii-de-activitate\/domeniul-drepturile-familiei-tinerilor-pensionarilor-persoanelor-cu-handicap\/"},{"@type":"ListItem","position":4,"name":"Prezentare"}]},{"@type":"WebSite","@id":"https:\/\/avp.ro\/#website","url":"https:\/\/avp.ro\/","name":"Institu\u021bia Avocatul Poporului","description":"People\u2019s Advocate institution - Office of the Ombudsman","publisher":{"@id":"https:\/\/avp.ro\/#organization"},"potentialAction":[{"@type":"SearchAction","target":{"@type":"EntryPoint","urlTemplate":"https:\/\/avp.ro\/?s={search_term_string}"},"query-input":{"@type":"PropertyValueSpecification","valueRequired":true,"valueName":"search_term_string"}}],"inLanguage":"en-US"},{"@type":"Organization","@id":"https:\/\/avp.ro\/#organization","name":"Institutia Avocatul Poporului","url":"https:\/\/avp.ro\/","logo":{"@type":"ImageObject","inLanguage":"en-US","@id":"https:\/\/avp.ro\/#\/schema\/logo\/image\/","url":"https:\/\/avp.ro\/wp-content\/uploads\/2020\/09\/cropped-AP.jpg","contentUrl":"https:\/\/avp.ro\/wp-content\/uploads\/2020\/09\/cropped-AP.jpg","width":160,"height":146,"caption":"Institutia Avocatul Poporului"},"image":{"@id":"https:\/\/avp.ro\/#\/schema\/logo\/image\/"}}]}},"_links":{"self":[{"href":"https:\/\/avp.ro\/index.php\/wp-json\/wp\/v2\/pages\/2175","targetHints":{"allow":["GET"]}}],"collection":[{"href":"https:\/\/avp.ro\/index.php\/wp-json\/wp\/v2\/pages"}],"about":[{"href":"https:\/\/avp.ro\/index.php\/wp-json\/wp\/v2\/types\/page"}],"author":[{"embeddable":true,"href":"https:\/\/avp.ro\/index.php\/wp-json\/wp\/v2\/users\/1"}],"replies":[{"embeddable":true,"href":"https:\/\/avp.ro\/index.php\/wp-json\/wp\/v2\/comments?post=2175"}],"version-history":[{"count":1,"href":"https:\/\/avp.ro\/index.php\/wp-json\/wp\/v2\/pages\/2175\/revisions"}],"predecessor-version":[{"id":2176,"href":"https:\/\/avp.ro\/index.php\/wp-json\/wp\/v2\/pages\/2175\/revisions\/2176"}],"up":[{"embeddable":true,"href":"https:\/\/avp.ro\/index.php\/wp-json\/wp\/v2\/pages\/303"}],"wp:attachment":[{"href":"https:\/\/avp.ro\/index.php\/wp-json\/wp\/v2\/media?parent=2175"}],"curies":[{"name":"wp","href":"https:\/\/api.w.org\/{rel}","templated":true}]}}