{"id":218,"date":"2020-07-21T11:20:43","date_gmt":"2020-07-21T09:20:43","guid":{"rendered":"https:\/\/avp.ro\/?page_id=218"},"modified":"2024-10-01T09:57:53","modified_gmt":"2024-10-01T07:57:53","slug":"prezentare","status":"publish","type":"page","link":"https:\/\/avp.ro\/index.php\/domenii-de-activitate\/domeniul-apararea-protectia-si-promovarea-drepturilor-copilului-avocatul-copilului\/prezentare\/","title":{"rendered":"Prezentare"},"content":{"rendered":"<p>&nbsp;<\/p>\n<p style=\"padding-left: 40px;\"><span style=\"color: #ff6600;\"><strong><em>Ce <\/em><\/strong><strong>face Avocatul Copilului<em>?<\/em><\/strong><\/span><\/p>\n<p style=\"padding-left: 40px;\"><span style=\"color: #ff6600;\"><strong><em>Avocatul Copilului ap\u0103r\u0103 drepturile copiilor <\/em><\/strong><\/span>\u00een v\u00e2rst\u0103 de p\u00e2n\u0103 la 18 ani, sus\u021bine \u0219i \u00eencurajeaz\u0103 respectarea \u0219i promovarea drepturilor acestora.<\/p>\n<p style=\"padding-left: 40px;\">Avocatul Copilului intervine \u00een situa\u021bii privind abuzuri fizice, psihice, sexuale, dispari\u021bii ale copiilor, fenomenul bullying, s\u0103r\u0103cia, situa\u021bia din centrele de plasament, rela\u021biile \u00een cadrul \u0219colilor \u0219i gr\u0103dini\u021belor, integrarea copiilor cu dizabilit\u0103\u021bi, p\u0103strarea leg\u0103turilor personale dintre copii \u0219i persoanele de care ace\u0219tia sunt ata\u0219a\u021bi, situa\u021bia copiilor cu p\u0103rin\u021bi pleca\u021bi la munc\u0103 \u00een <em>str\u0103in\u0103tate, precum \u0219i \u00een orice situa\u021bie in care drepturile copiilor nu sunt respectate.<\/em><\/p>\n<p>&nbsp;<\/p>\n<p><img loading=\"lazy\" decoding=\"async\" class=\"alignnone size-full wp-image-2205 aligncenter\" src=\"https:\/\/avp.ro\/wp-content\/uploads\/2020\/12\/avc1-2.png\" alt=\"\" width=\"670\" height=\"380\" srcset=\"https:\/\/avp.ro\/wp-content\/uploads\/2020\/12\/avc1-2.png 670w, https:\/\/avp.ro\/wp-content\/uploads\/2020\/12\/avc1-2-300x170.png 300w\" sizes=\"auto, (max-width: 670px) 100vw, 670px\" \/><\/p>\n<p>&nbsp;<\/p>\n<p><img loading=\"lazy\" decoding=\"async\" class=\"alignnone size-full wp-image-2203 aligncenter\" src=\"https:\/\/avp.ro\/wp-content\/uploads\/2020\/12\/avc2.png\" alt=\"\" width=\"676\" height=\"135\" srcset=\"https:\/\/avp.ro\/wp-content\/uploads\/2020\/12\/avc2.png 676w, https:\/\/avp.ro\/wp-content\/uploads\/2020\/12\/avc2-300x60.png 300w\" sizes=\"auto, (max-width: 676px) 100vw, 676px\" \/><\/p>\n<p>&nbsp;<\/p>\n<p>&nbsp;<\/p>\n<p style=\"padding-left: 40px;\">! Avocatul Poporului NU are ini\u021biativ\u0103 legislativ\u0103, \u00eens\u0103, atunci c\u00e2nd constat\u0103 lacune \u00een legisla\u0163ie sau cazuri grave de corup\u0163ie ori de nerespectare a legilor \u0163\u0103rii, poate \u00eentocmi un raport special, care va fi prezentat pre\u015fedin\u0163ilor celor dou\u0103 Camere ale Parlamentului sau, dup\u0103 caz, prim-ministrului.<\/p>\n<p>&nbsp;<\/p>\n<p style=\"padding-left: 40px;\"><span style=\"color: #ff6600;\"><strong><em>\u263a Cine se poate adresa Avocatului Copilului?<\/em><\/strong><\/span><\/p>\n<p style=\"padding-left: 40px;\">&#8211; Copiii \u2013 orice copil care consider\u0103 c\u0103 nu \u00eei sunt respectate drepturile<\/p>\n<p style=\"padding-left: 40px;\">&#8211; Orice persoan\u0103 care are cuno\u0219tin\u021b\u0103 de o posibil\u0103 \u00eenc\u0103lcare a drepturilor copiilor<\/p>\n<p>&nbsp;<\/p>\n<p style=\"padding-left: 40px;\"><span style=\"color: #ff6600;\"><strong><em>Drepturile copiilor<\/em><\/strong><\/span><\/p>\n<p style=\"padding-left: 40px;\"><strong><em>\u00a0<\/em><\/strong>To\u021bi copiii trebuie s\u0103 \u0219tie c\u0103 au acelea\u0219i drepturi ca \u0219i adul\u021bii, \u00eens\u0103 au nevoie de o aten\u021bie \u0219i o protec\u021bie special\u0103, \u00eentruc\u00e2t sunt mai vulnerabili datorit\u0103 v\u00e2rstei.<\/p>\n<p>&nbsp;<\/p>\n<p>&nbsp;<\/p>\n<p><img loading=\"lazy\" decoding=\"async\" class=\"alignnone size-full wp-image-2207 aligncenter\" src=\"https:\/\/avp.ro\/wp-content\/uploads\/2020\/12\/avc3.png\" alt=\"\" width=\"925\" height=\"555\" srcset=\"https:\/\/avp.ro\/wp-content\/uploads\/2020\/12\/avc3.png 925w, https:\/\/avp.ro\/wp-content\/uploads\/2020\/12\/avc3-300x180.png 300w, https:\/\/avp.ro\/wp-content\/uploads\/2020\/12\/avc3-768x461.png 768w\" sizes=\"auto, (max-width: 925px) 100vw, 925px\" \/><\/p>\n<p>&nbsp;<\/p>\n<p>&nbsp;<\/p>\n<p style=\"padding-left: 80px;\"><span style=\"color: #ff6600;\"><strong><em>Ce \u00eenseamn\u0103 aceste drepturi? <\/em><\/strong><\/span><\/p>\n<p><strong><em>\u00a0\u00a0\u00a0\u00a0\u00a0\u00a0\u00a0\u00a0\u00a0\u00a0\u00a0 <\/em><\/strong><\/p>\n<ul>\n<li style=\"list-style-type: none;\">\n<ul>\n<li><strong>Interesul superior al copilului<\/strong> &#8211; \u00een toate deciziile privitoare la copii, institu\u0163iile, organiza\u0163iile, to\u0163i adul\u0163ii implica\u0163i trebuie s\u0103 se g\u00e2ndeasc\u0103 \u00een primul r\u00e2nd la ceea ce este mai bine pentru copii \u015fi s\u0103 ac\u0163ioneze astfel.<\/li>\n<li><strong>Familie<\/strong> \u2013 copiii au dreptul s\u0103 \u00ee\u0219i cunoasc\u0103 p\u0103rin\u021bii \u0219i s\u0103 creasc\u0103 al\u0103turi de ace\u0219tia, mai pu\u021bin \u00een cazurile \u00een care ace\u0219tia nu au grij\u0103 \u00een mod corespunz\u0103tor de copil \u0219i \u00eel pun \u00een pericol;<\/li>\n<\/ul>\n<\/li>\n<\/ul>\n<p style=\"padding-left: 40px;\">&#8211; dac\u0103 p\u0103rin\u021bii sunt desp\u0103r\u021bi\u021bi, copilul are dreptul s\u0103 p\u0103streze leg\u0103tura cu ambii p\u0103rin\u021bi, dar \u0219i cu persoanele de care este ata\u0219at;<\/p>\n<p style=\"padding-left: 40px;\">&#8211; orice copil care este lipsit de propria familie, are dreptul s\u0103 fie protejat \u0219i s\u0103 creasc\u0103 \u00eentr-o alt\u0103 familie sau \u00eentr-un mediu asem\u0103n\u0103tor .<\/p>\n<ul>\n<li style=\"list-style-type: none;\">\n<ul>\n<li><strong>Educa\u021bie<\/strong> \u2013 copiii au dreptul s\u0103 urmeze cursurile \u0219colare \u0219i, \u00eempreun\u0103 cu p\u0103rin\u021bii s\u0103 \u00ee\u0219i aleag\u0103 \u0219coala \u0219i profilul, \u00een func\u021bie de aptitudinile \u0219i interesele fiec\u0103ruia<\/li>\n<li><strong>S\u0103n\u0103tate<\/strong> \u2013 copiii au dreptul s\u0103 primeasc\u0103 \u00eengrijiri medicale \u0219i s\u0103 fie proteja\u021bi \u00eempotriva efectelor nocive ale alcoolului, tutunului \u0219i drogurilor<\/li>\n<li><strong>Religie \u015fi cultur\u0103<\/strong> \u2013 copiii au dreptul s\u0103 aib\u0103 aceea\u015fi religie ca \u015fi familia din care fac parte, s\u0103 cunoasc\u0103 limba \u0219i obiceiurile propriei familii,\u00a0 chiar dac\u0103 acestea sunt diferite de cele ale celorlal\u021bi oameni din jur;<\/li>\n<li><strong>Identitate<\/strong> \u2013 to\u021bi copiii au dreptul s\u0103 aib\u0103 documente de identitate &#8211; certificat de na\u015ftere, \u00een care sunt men\u021bionate numele \u015fi prenumele, data \u015fi locul na\u015fterii, numele p\u0103rin\u0163ilor, cet\u0103\u0163enia \u0219i, ulterior \u00eemplinirii v\u00e2rstei de 14 ani, carte de identitate;<\/li>\n<li><strong>Egalitate <\/strong>\u2013 copiii trebuie trata\u021bi \u00een mod egal, indiferent de ras\u0103, sex, limb\u0103 sau religie, opinie, \u021bara de origine, situa\u021bia material\u0103, capacitatea fizic\u0103, apartenen\u021b\u0103 etnic\u0103.<\/li>\n<li><strong>Bun\u0103stare<\/strong> \u2013 copiii au dreptul la un loc \u00een care s\u0103 locuiasc\u0103, la hran\u0103, \u00eembr\u0103c\u0103minte, la un mediu \u00een care s\u0103 se poat\u0103 dezvolta armonios; copiii nu pot fi obliga\u021bi s\u0103 munceasc\u0103;<\/li>\n<li><strong>Protec\u021bie<\/strong> \u2013 copiii au dreptul s\u0103 fie proteja\u021bi \u00eempotriva oric\u0103rei forme de violen\u021b\u0103<\/li>\n<li><strong>Opinie <\/strong>\u2013 copiii au dreptul s\u0103 \u00ee\u0219i spun\u0103 propria p\u0103rere atunci c\u00e2nd adul\u0163ii iau decizii care influenteaz\u0103 via\u021ba copilului; copiii trebuie \u00eencuraja\u021bi \u0219\u0103 \u00ee\u0219i exprime opiniile, iar adul\u021bii s\u0103 le asculte \u0219i s\u0103 \u021bin\u0103 cont de ele;<\/li>\n<li><strong>Informare<\/strong>&#8211; copiii au dreptul s\u0103 fie informa\u021bi cu privire la drepturile pe care le au, precum \u0219i cu privire la modul \u00een care \u0219i le pot exercita; copiii au dreptul s\u0103 depun\u0103 singuri pl\u00e2ngeri referitoare la \u00eenc\u0103lcarea drepturilor lor;<\/li>\n<li><strong>Timp liber \u0219i odihn\u0103<\/strong> \u2013 to\u021bi copiii trebuie s\u0103 beneficieze de timp liber, pe care s\u0103 \u00eel petreac\u0103 prin diferite activit\u0103\u021bi, specifice v\u00e2rstei \u0219i interesului<strong><em>.<\/em><\/strong><\/li>\n<\/ul>\n<\/li>\n<\/ul>\n<p style=\"padding-left: 80px;\"><span style=\"color: #ff6600;\"><strong>Colabor\u0103ri \u0219i parteneriate:<\/strong><\/span><\/p>\n<ul>\n<li style=\"list-style-type: none;\">\n<ul>\n<li><strong> <em>UNICEF <\/em>Rom\u00e2nia<\/strong><\/li>\n<li><strong> Organiza\u021bia \u201d<em>Salva\u021bi Copiii\u201d <\/em>Rom\u00e2nia<\/strong><\/li>\n<li><strong><em>Federa\u0163ia Organiza\u0163iilor Neguvernamentale pentru Copil \u2013 FONPC<\/em><\/strong><\/li>\n<li><strong><em> Societatea Academic\u0103 din Rom\u00e2nia <\/em><\/strong><strong>(SAR)<\/strong><\/li>\n<li><strong>Asocia\u021bia <em>\u201dTelefonul Copilului\u201d<\/em><\/strong><\/li>\n<li><strong>Postul de radio<em> \u201dItsy Bitsy\u201d<\/em><\/strong><\/li>\n<li><strong>Funda\u021bia <em>\u201dWorld Vision\u201d <\/em>Rom\u00e2nia<\/strong><\/li>\n<\/ul>\n<\/li>\n<\/ul>\n<p>&nbsp;<\/p>\n<p style=\"padding-left: 80px;\"><span style=\"color: #ff6600;\"><strong><em>LEGISLA\u021aIE<\/em><\/strong><\/span><\/p>\n<p style=\"padding-left: 40px;\"><strong>&#8211; Legea nr. 35\/1997 privind organizarea \u0219i func\u021bionarea institu\u021biei Avocatul Poporului<\/strong><\/p>\n<p style=\"padding-left: 40px;\"><strong>&#8211; Legea nr. 272\/2004 privind protec\u021bia si promovarea drepturilor copilului<\/strong><\/p>\n<p style=\"padding-left: 40px;\"><strong>&#8211; Legea nr. 273\/2004 privind procedura adop\u021biei<\/strong><\/p>\n<p style=\"padding-left: 40px;\"><strong>&#8211; Legea nr. 198\/2023 a \u00eenv\u0103\u0163\u0103m\u00e2ntului preuniversitar<\/strong><\/p>\n<p style=\"padding-left: 40px;\"><strong>&#8211; Conven\u021bia\u00a0 ONU cu privire la drepturile copilului<\/strong><\/p>\n<p style=\"padding-left: 40px;\"><strong>&#8211; Conven\u0163ia Consiliului Europei pentru protec\u0163ia copiilor \u00eempotriva exploat\u0103rii sexuale \u015fi a abuzurilor sexuale<\/strong><\/p>\n<p>&nbsp;<\/p>\n","protected":false},"excerpt":{"rendered":"<p>&nbsp; Ce face Avocatul Copilului? Avocatul Copilului ap\u0103r\u0103 drepturile copiilor \u00een v\u00e2rst\u0103 de p\u00e2n\u0103 la 18 ani, sus\u021bine \u0219i \u00eencurajeaz\u0103 respectarea \u0219i promovarea drepturilor acestora. Avocatul Copilului intervine \u00een situa\u021bii&hellip; <\/p>\n","protected":false},"author":1,"featured_media":0,"parent":306,"menu_order":1,"comment_status":"closed","ping_status":"closed","template":"","meta":{"footnotes":""},"class_list":["post-218","page","type-page","status-publish","hentry"],"yoast_head":"<!-- This site is optimized with the Yoast SEO plugin v27.3 - https:\/\/yoast.com\/product\/yoast-seo-wordpress\/ -->\n<title>Prezentare - Institu\u021bia Avocatul Poporului<\/title>\n<meta name=\"robots\" content=\"index, follow, max-snippet:-1, max-image-preview:large, max-video-preview:-1\" \/>\n<link rel=\"canonical\" href=\"https:\/\/avp.ro\/index.php\/domenii-de-activitate\/domeniul-apararea-protectia-si-promovarea-drepturilor-copilului-avocatul-copilului\/prezentare\/\" \/>\n<meta property=\"og:locale\" content=\"en_US\" \/>\n<meta property=\"og:type\" content=\"article\" \/>\n<meta property=\"og:title\" content=\"Prezentare - Institu\u021bia Avocatul Poporului\" \/>\n<meta property=\"og:description\" content=\"&nbsp; Ce face Avocatul Copilului? Avocatul Copilului ap\u0103r\u0103 drepturile copiilor \u00een v\u00e2rst\u0103 de p\u00e2n\u0103 la 18 ani, sus\u021bine \u0219i \u00eencurajeaz\u0103 respectarea \u0219i promovarea drepturilor acestora. Avocatul Copilului intervine \u00een situa\u021bii&hellip;\" \/>\n<meta property=\"og:url\" content=\"https:\/\/avp.ro\/index.php\/domenii-de-activitate\/domeniul-apararea-protectia-si-promovarea-drepturilor-copilului-avocatul-copilului\/prezentare\/\" \/>\n<meta property=\"og:site_name\" content=\"Institu\u021bia Avocatul Poporului\" \/>\n<meta property=\"article:modified_time\" content=\"2024-10-01T07:57:53+00:00\" \/>\n<meta property=\"og:image\" content=\"https:\/\/avp.ro\/wp-content\/uploads\/2020\/12\/avc1-2.png\" \/>\n<meta name=\"twitter:card\" content=\"summary_large_image\" \/>\n<meta name=\"twitter:label1\" content=\"Est. reading time\" \/>\n\t<meta name=\"twitter:data1\" content=\"4 minutes\" \/>\n<script type=\"application\/ld+json\" class=\"yoast-schema-graph\">{\"@context\":\"https:\\\/\\\/schema.org\",\"@graph\":[{\"@type\":\"WebPage\",\"@id\":\"https:\\\/\\\/avp.ro\\\/index.php\\\/domenii-de-activitate\\\/domeniul-apararea-protectia-si-promovarea-drepturilor-copilului-avocatul-copilului\\\/prezentare\\\/\",\"url\":\"https:\\\/\\\/avp.ro\\\/index.php\\\/domenii-de-activitate\\\/domeniul-apararea-protectia-si-promovarea-drepturilor-copilului-avocatul-copilului\\\/prezentare\\\/\",\"name\":\"Prezentare - Institu\u021bia Avocatul Poporului\",\"isPartOf\":{\"@id\":\"https:\\\/\\\/avp.ro\\\/#website\"},\"primaryImageOfPage\":{\"@id\":\"https:\\\/\\\/avp.ro\\\/index.php\\\/domenii-de-activitate\\\/domeniul-apararea-protectia-si-promovarea-drepturilor-copilului-avocatul-copilului\\\/prezentare\\\/#primaryimage\"},\"image\":{\"@id\":\"https:\\\/\\\/avp.ro\\\/index.php\\\/domenii-de-activitate\\\/domeniul-apararea-protectia-si-promovarea-drepturilor-copilului-avocatul-copilului\\\/prezentare\\\/#primaryimage\"},\"thumbnailUrl\":\"https:\\\/\\\/avp.ro\\\/wp-content\\\/uploads\\\/2020\\\/12\\\/avc1-2.png\",\"datePublished\":\"2020-07-21T09:20:43+00:00\",\"dateModified\":\"2024-10-01T07:57:53+00:00\",\"breadcrumb\":{\"@id\":\"https:\\\/\\\/avp.ro\\\/index.php\\\/domenii-de-activitate\\\/domeniul-apararea-protectia-si-promovarea-drepturilor-copilului-avocatul-copilului\\\/prezentare\\\/#breadcrumb\"},\"inLanguage\":\"en-US\",\"potentialAction\":[{\"@type\":\"ReadAction\",\"target\":[\"https:\\\/\\\/avp.ro\\\/index.php\\\/domenii-de-activitate\\\/domeniul-apararea-protectia-si-promovarea-drepturilor-copilului-avocatul-copilului\\\/prezentare\\\/\"]}]},{\"@type\":\"ImageObject\",\"inLanguage\":\"en-US\",\"@id\":\"https:\\\/\\\/avp.ro\\\/index.php\\\/domenii-de-activitate\\\/domeniul-apararea-protectia-si-promovarea-drepturilor-copilului-avocatul-copilului\\\/prezentare\\\/#primaryimage\",\"url\":\"https:\\\/\\\/avp.ro\\\/wp-content\\\/uploads\\\/2020\\\/12\\\/avc1-2.png\",\"contentUrl\":\"https:\\\/\\\/avp.ro\\\/wp-content\\\/uploads\\\/2020\\\/12\\\/avc1-2.png\",\"width\":670,\"height\":380},{\"@type\":\"BreadcrumbList\",\"@id\":\"https:\\\/\\\/avp.ro\\\/index.php\\\/domenii-de-activitate\\\/domeniul-apararea-protectia-si-promovarea-drepturilor-copilului-avocatul-copilului\\\/prezentare\\\/#breadcrumb\",\"itemListElement\":[{\"@type\":\"ListItem\",\"position\":1,\"name\":\"Home\",\"item\":\"https:\\\/\\\/avp.ro\\\/\"},{\"@type\":\"ListItem\",\"position\":2,\"name\":\"DOMENII DE ACTIVITATE\",\"item\":\"https:\\\/\\\/avp.ro\\\/index.php\\\/domenii-de-activitate\\\/\"},{\"@type\":\"ListItem\",\"position\":3,\"name\":\"Domeniul ap\u0103rarea, protec\u021bia \u0219i promovarea drepturilor copilului \u2013 Avocatul Copilului\u00a0\",\"item\":\"https:\\\/\\\/avp.ro\\\/index.php\\\/domenii-de-activitate\\\/domeniul-apararea-protectia-si-promovarea-drepturilor-copilului-avocatul-copilului\\\/\"},{\"@type\":\"ListItem\",\"position\":4,\"name\":\"Prezentare\"}]},{\"@type\":\"WebSite\",\"@id\":\"https:\\\/\\\/avp.ro\\\/#website\",\"url\":\"https:\\\/\\\/avp.ro\\\/\",\"name\":\"Institu\u021bia Avocatul Poporului\",\"description\":\"People\u2019s Advocate institution - Office of the Ombudsman\",\"publisher\":{\"@id\":\"https:\\\/\\\/avp.ro\\\/#organization\"},\"potentialAction\":[{\"@type\":\"SearchAction\",\"target\":{\"@type\":\"EntryPoint\",\"urlTemplate\":\"https:\\\/\\\/avp.ro\\\/?s={search_term_string}\"},\"query-input\":{\"@type\":\"PropertyValueSpecification\",\"valueRequired\":true,\"valueName\":\"search_term_string\"}}],\"inLanguage\":\"en-US\"},{\"@type\":\"Organization\",\"@id\":\"https:\\\/\\\/avp.ro\\\/#organization\",\"name\":\"Institutia Avocatul Poporului\",\"url\":\"https:\\\/\\\/avp.ro\\\/\",\"logo\":{\"@type\":\"ImageObject\",\"inLanguage\":\"en-US\",\"@id\":\"https:\\\/\\\/avp.ro\\\/#\\\/schema\\\/logo\\\/image\\\/\",\"url\":\"https:\\\/\\\/avp.ro\\\/wp-content\\\/uploads\\\/2020\\\/09\\\/cropped-AP.jpg\",\"contentUrl\":\"https:\\\/\\\/avp.ro\\\/wp-content\\\/uploads\\\/2020\\\/09\\\/cropped-AP.jpg\",\"width\":160,\"height\":146,\"caption\":\"Institutia Avocatul Poporului\"},\"image\":{\"@id\":\"https:\\\/\\\/avp.ro\\\/#\\\/schema\\\/logo\\\/image\\\/\"}}]}<\/script>\n<!-- \/ Yoast SEO plugin. -->","yoast_head_json":{"title":"Prezentare - Institu\u021bia Avocatul Poporului","robots":{"index":"index","follow":"follow","max-snippet":"max-snippet:-1","max-image-preview":"max-image-preview:large","max-video-preview":"max-video-preview:-1"},"canonical":"https:\/\/avp.ro\/index.php\/domenii-de-activitate\/domeniul-apararea-protectia-si-promovarea-drepturilor-copilului-avocatul-copilului\/prezentare\/","og_locale":"en_US","og_type":"article","og_title":"Prezentare - Institu\u021bia Avocatul Poporului","og_description":"&nbsp; Ce face Avocatul Copilului? Avocatul Copilului ap\u0103r\u0103 drepturile copiilor \u00een v\u00e2rst\u0103 de p\u00e2n\u0103 la 18 ani, sus\u021bine \u0219i \u00eencurajeaz\u0103 respectarea \u0219i promovarea drepturilor acestora. Avocatul Copilului intervine \u00een situa\u021bii&hellip;","og_url":"https:\/\/avp.ro\/index.php\/domenii-de-activitate\/domeniul-apararea-protectia-si-promovarea-drepturilor-copilului-avocatul-copilului\/prezentare\/","og_site_name":"Institu\u021bia Avocatul Poporului","article_modified_time":"2024-10-01T07:57:53+00:00","og_image":[{"url":"https:\/\/avp.ro\/wp-content\/uploads\/2020\/12\/avc1-2.png","type":"","width":"","height":""}],"twitter_card":"summary_large_image","twitter_misc":{"Est. reading time":"4 minutes"},"schema":{"@context":"https:\/\/schema.org","@graph":[{"@type":"WebPage","@id":"https:\/\/avp.ro\/index.php\/domenii-de-activitate\/domeniul-apararea-protectia-si-promovarea-drepturilor-copilului-avocatul-copilului\/prezentare\/","url":"https:\/\/avp.ro\/index.php\/domenii-de-activitate\/domeniul-apararea-protectia-si-promovarea-drepturilor-copilului-avocatul-copilului\/prezentare\/","name":"Prezentare - Institu\u021bia Avocatul Poporului","isPartOf":{"@id":"https:\/\/avp.ro\/#website"},"primaryImageOfPage":{"@id":"https:\/\/avp.ro\/index.php\/domenii-de-activitate\/domeniul-apararea-protectia-si-promovarea-drepturilor-copilului-avocatul-copilului\/prezentare\/#primaryimage"},"image":{"@id":"https:\/\/avp.ro\/index.php\/domenii-de-activitate\/domeniul-apararea-protectia-si-promovarea-drepturilor-copilului-avocatul-copilului\/prezentare\/#primaryimage"},"thumbnailUrl":"https:\/\/avp.ro\/wp-content\/uploads\/2020\/12\/avc1-2.png","datePublished":"2020-07-21T09:20:43+00:00","dateModified":"2024-10-01T07:57:53+00:00","breadcrumb":{"@id":"https:\/\/avp.ro\/index.php\/domenii-de-activitate\/domeniul-apararea-protectia-si-promovarea-drepturilor-copilului-avocatul-copilului\/prezentare\/#breadcrumb"},"inLanguage":"en-US","potentialAction":[{"@type":"ReadAction","target":["https:\/\/avp.ro\/index.php\/domenii-de-activitate\/domeniul-apararea-protectia-si-promovarea-drepturilor-copilului-avocatul-copilului\/prezentare\/"]}]},{"@type":"ImageObject","inLanguage":"en-US","@id":"https:\/\/avp.ro\/index.php\/domenii-de-activitate\/domeniul-apararea-protectia-si-promovarea-drepturilor-copilului-avocatul-copilului\/prezentare\/#primaryimage","url":"https:\/\/avp.ro\/wp-content\/uploads\/2020\/12\/avc1-2.png","contentUrl":"https:\/\/avp.ro\/wp-content\/uploads\/2020\/12\/avc1-2.png","width":670,"height":380},{"@type":"BreadcrumbList","@id":"https:\/\/avp.ro\/index.php\/domenii-de-activitate\/domeniul-apararea-protectia-si-promovarea-drepturilor-copilului-avocatul-copilului\/prezentare\/#breadcrumb","itemListElement":[{"@type":"ListItem","position":1,"name":"Home","item":"https:\/\/avp.ro\/"},{"@type":"ListItem","position":2,"name":"DOMENII DE ACTIVITATE","item":"https:\/\/avp.ro\/index.php\/domenii-de-activitate\/"},{"@type":"ListItem","position":3,"name":"Domeniul ap\u0103rarea, protec\u021bia \u0219i promovarea drepturilor copilului \u2013 Avocatul Copilului\u00a0","item":"https:\/\/avp.ro\/index.php\/domenii-de-activitate\/domeniul-apararea-protectia-si-promovarea-drepturilor-copilului-avocatul-copilului\/"},{"@type":"ListItem","position":4,"name":"Prezentare"}]},{"@type":"WebSite","@id":"https:\/\/avp.ro\/#website","url":"https:\/\/avp.ro\/","name":"Institu\u021bia Avocatul Poporului","description":"People\u2019s Advocate institution - Office of the Ombudsman","publisher":{"@id":"https:\/\/avp.ro\/#organization"},"potentialAction":[{"@type":"SearchAction","target":{"@type":"EntryPoint","urlTemplate":"https:\/\/avp.ro\/?s={search_term_string}"},"query-input":{"@type":"PropertyValueSpecification","valueRequired":true,"valueName":"search_term_string"}}],"inLanguage":"en-US"},{"@type":"Organization","@id":"https:\/\/avp.ro\/#organization","name":"Institutia Avocatul Poporului","url":"https:\/\/avp.ro\/","logo":{"@type":"ImageObject","inLanguage":"en-US","@id":"https:\/\/avp.ro\/#\/schema\/logo\/image\/","url":"https:\/\/avp.ro\/wp-content\/uploads\/2020\/09\/cropped-AP.jpg","contentUrl":"https:\/\/avp.ro\/wp-content\/uploads\/2020\/09\/cropped-AP.jpg","width":160,"height":146,"caption":"Institutia Avocatul Poporului"},"image":{"@id":"https:\/\/avp.ro\/#\/schema\/logo\/image\/"}}]}},"_links":{"self":[{"href":"https:\/\/avp.ro\/index.php\/wp-json\/wp\/v2\/pages\/218","targetHints":{"allow":["GET"]}}],"collection":[{"href":"https:\/\/avp.ro\/index.php\/wp-json\/wp\/v2\/pages"}],"about":[{"href":"https:\/\/avp.ro\/index.php\/wp-json\/wp\/v2\/types\/page"}],"author":[{"embeddable":true,"href":"https:\/\/avp.ro\/index.php\/wp-json\/wp\/v2\/users\/1"}],"replies":[{"embeddable":true,"href":"https:\/\/avp.ro\/index.php\/wp-json\/wp\/v2\/comments?post=218"}],"version-history":[{"count":10,"href":"https:\/\/avp.ro\/index.php\/wp-json\/wp\/v2\/pages\/218\/revisions"}],"predecessor-version":[{"id":12440,"href":"https:\/\/avp.ro\/index.php\/wp-json\/wp\/v2\/pages\/218\/revisions\/12440"}],"up":[{"embeddable":true,"href":"https:\/\/avp.ro\/index.php\/wp-json\/wp\/v2\/pages\/306"}],"wp:attachment":[{"href":"https:\/\/avp.ro\/index.php\/wp-json\/wp\/v2\/media?parent=218"}],"curies":[{"name":"wp","href":"https:\/\/api.w.org\/{rel}","templated":true}]}}