{"id":2181,"date":"2020-12-09T13:49:01","date_gmt":"2020-12-09T11:49:01","guid":{"rendered":"https:\/\/avp.ro\/?page_id=2181"},"modified":"2020-12-09T13:49:47","modified_gmt":"2020-12-09T11:49:47","slug":"prezentare","status":"publish","type":"page","link":"https:\/\/avp.ro\/index.php\/domenii-de-activitate\/domeniul-drepturile-omului-egalitate-de-sanse-intre-barbati-si-femei-culte-religioase-si-minoritati-nationale\/prezentare\/","title":{"rendered":"Prezentare"},"content":{"rendered":"<p>&nbsp;<\/p>\n<p style=\"padding-left: 40px;\"><span style=\"color: #ff6600;\"><strong>DOMENIUL DREPTURILE OMULUI, EGALITATE DE \u0218ANSE \u00ceNTRE B\u0102RBA\u021aI \u0218I FEMEI, CULTE RELIGIOASE \u0218I MINORIT\u0102\u021aI NA\u021aIONALE<\/strong><\/span><\/p>\n<p><strong>\u00a0<\/strong><\/p>\n<p style=\"padding-left: 40px;\"><span style=\"color: #ff6600;\"><strong>Domeniul de activitate drepturile omului, egalitate de \u015fanse \u00eentre b\u0103rba\u0163i \u015fi femei, culte religioase \u015fi minorit\u0103\u0163i na\u0163ionale poate fi sesizat, \u00een special, \u00een leg\u0103tur\u0103 cu \u00eenc\u0103lcarea urm\u0103toarelor drepturi:<\/strong><\/span><\/p>\n<ul>\n<li style=\"list-style-type: none;\">\n<ul>\n<li>egalitatea \u00een drepturi<\/li>\n<li>dreptul la via\u021b\u0103 \u0219i la integritate fizic\u0103 \u0219i psihic\u0103<\/li>\n<li>dreptul la liber\u0103 circula\u021bie<\/li>\n<li>via\u021ba intim\u0103, familial\u0103 \u0219i privat\u0103<\/li>\n<li>libertatea con\u0219tiin\u021bei<\/li>\n<li>libertatea de exprimare<\/li>\n<li>dreptul la informa\u021bie<\/li>\n<li>dreptul la \u00eenv\u0103\u021b\u0103tur\u0103<\/li>\n<li>dreptul la ocrotirea s\u0103n\u0103t\u0103\u021bii<\/li>\n<li>dreptul la mediu s\u0103n\u0103tos<\/li>\n<li>dreptul de vot<\/li>\n<li>libertatea \u00eentrunirilor<\/li>\n<li>nivelul de trai<\/li>\n<li>dreptul de peti\u021bionare<\/li>\n<li>dreptul persoanei v\u0103t\u0103mate de o autoritate public\u0103<\/li>\n<\/ul>\n<\/li>\n<\/ul>\n<p style=\"padding-left: 40px;\">Domeniul, prin activitatea desf\u0103\u0219urat\u0103, plec\u00e2nd de la importan\u021ba dimensiunii interculturale, se asigur\u0103 c\u0103 autorit\u0103\u021bile publice respect\u0103 <span style=\"color: #ff6600;\"><strong>dreptul la identitate a persoanelor apar\u021bin\u00e2nd minorit\u0103\u021bilor na\u021bionale, din punct de vedere etnic, cultural, lingvistic \u0219i religios. <\/strong><\/span><\/p>\n<p style=\"padding-left: 40px;\">Domeniul \u00ee\u015fi propune s\u0103 eviden\u0163ieze o realitate care, at\u00e2t \u00een prezent, c\u00e2t \u0219i pe termen scurt, mediu \u015fi lung, are\/poate avea consecin\u0163e deosebit de grave pentru \u00eentreaga societate rom\u00e2neasc\u0103, \u015fi anume, <span style=\"color: #ff6600;\"><strong>agravarea fenomenului violen\u021bei domestice \u00eempotriva femeilor<\/strong>.<\/span><\/p>\n<p style=\"padding-left: 40px;\">Domeniul analizeaz\u0103 aspecte legislative relevante, tendin\u021be na\u021bionale \u0219i interna\u021bionale, c\u00e2t \u0219i formularea de concluzii \u00een urma culegerii de informa\u021bii \u0219i date statistice de la autorit\u0103\u021bile na\u021bionale care au competen\u021be \u00een domeniul <strong>discursului instigator la ur\u0103<\/strong> pentru a eviden\u021bia stadiul actual al combaterii fenomenului.<\/p>\n<p style=\"padding-left: 40px;\">Prin activitatea desf\u0103\u0219urat\u0103, este reafirmat\u0103 importan\u021ba dimensiunii interculturale, ca element vital \u00een ceea ce prive\u0219te construirea unei societ\u0103\u021bi tolerante, \u00een acord cu politicile na\u021bionale \u0219i conven\u021biile interna\u021bionale la care Rom\u00e2nia este parte, \u00een domeniul <strong><span style=\"color: #ff6600;\">protec\u021biei \u0219i promov\u0103rii drepturilor persoanelor apar\u021bin\u00e2nd minorit\u0103\u021bilor religioase<\/span><\/strong><span style=\"color: #ff6600;\">.<\/span><\/p>\n<p style=\"padding-left: 40px;\">Domeniul monitorizeaz\u0103 aspectele legate de \u00eenc\u0103lcarea drepturilor fundamentale ale comunit\u0103\u021bii <span style=\"color: #ff6600;\"><strong>LGBT<\/strong><\/span>, \u00een vederea respect\u0103rii principiilor egalit\u0103\u0163ii de tratament \u015fi nediscrimin\u0103rii, adopt\u00e2nd o pozi\u0163ie ferm\u0103 \u00eempotriva homofobiei \u015fi discrimin\u0103rii la adresa persoanelor LGBT \u015fi persoanelor transgender, contribuind \u00een acest fel la ameliorarea atitudinilor \u015fi comportamentului public.<\/p>\n<p style=\"padding-left: 40px;\">Av\u00e2nd \u00een vedere c\u0103 la nivel na\u021bional, c\u00e2t \u0219i la nivel interna\u021bional au fost trase multiple semnale de alarm\u0103 cu privire la necesitatea lu\u0103rii unor m\u0103suri care s\u0103 asigure o mai bun\u0103 gestionare a fondului forestier,<span style=\"color: #ff6600;\"><strong> \u00een vederea asigur\u0103rii unei protej\u0103ri eficiente a p\u0103durilor din Rom\u00e2nia<\/strong>,<\/span> pentru identificarea \u0219i conturarea acestor solu\u021bii, \u00een cadrul domeniului au fost \u0219i sunt \u00eentreprinse cercet\u0103ri, efectuare de schimburi de date, precum \u0219i discu\u021bii cu autorit\u0103\u021bi abilitate \u00een domeniu \u0219i speciali\u0219ti \u00een materie silvic\u0103, reiter\u00e2nd \u00een acest sens preocuparea pentru problematica dat\u0103.<\/p>\n<p style=\"padding-left: 40px;\">De asemenea, \u00een cadrul domeniului sunt elaborate raport\u0103rile interna\u021bionale, solicitate direct de organismele interna\u021bionale sau prin intermediul Ministerului Afacerilor Externe.<\/p>\n<p>&nbsp;<\/p>\n","protected":false},"excerpt":{"rendered":"<p>&nbsp; DOMENIUL DREPTURILE OMULUI, EGALITATE DE \u0218ANSE \u00ceNTRE B\u0102RBA\u021aI \u0218I FEMEI, CULTE RELIGIOASE \u0218I MINORIT\u0102\u021aI NA\u021aIONALE \u00a0 Domeniul de activitate drepturile omului, egalitate de \u015fanse \u00eentre b\u0103rba\u0163i \u015fi femei, culte&hellip; <\/p>\n","protected":false},"author":1,"featured_media":0,"parent":300,"menu_order":1,"comment_status":"closed","ping_status":"closed","template":"","meta":{"footnotes":""},"class_list":["post-2181","page","type-page","status-publish","hentry"],"yoast_head":"<!-- This site is optimized with the Yoast SEO plugin v27.3 - https:\/\/yoast.com\/product\/yoast-seo-wordpress\/ -->\n<title>Prezentare - Institu\u021bia Avocatul Poporului<\/title>\n<meta name=\"robots\" content=\"index, follow, max-snippet:-1, max-image-preview:large, max-video-preview:-1\" \/>\n<link rel=\"canonical\" href=\"https:\/\/avp.ro\/index.php\/domenii-de-activitate\/domeniul-drepturile-omului-egalitate-de-sanse-intre-barbati-si-femei-culte-religioase-si-minoritati-nationale\/prezentare\/\" \/>\n<meta property=\"og:locale\" content=\"en_US\" \/>\n<meta property=\"og:type\" content=\"article\" \/>\n<meta property=\"og:title\" content=\"Prezentare - Institu\u021bia Avocatul Poporului\" \/>\n<meta property=\"og:description\" content=\"&nbsp; DOMENIUL DREPTURILE OMULUI, EGALITATE DE \u0218ANSE \u00ceNTRE B\u0102RBA\u021aI \u0218I FEMEI, CULTE RELIGIOASE \u0218I MINORIT\u0102\u021aI NA\u021aIONALE \u00a0 Domeniul de activitate drepturile omului, egalitate de \u015fanse \u00eentre b\u0103rba\u0163i \u015fi femei, culte&hellip;\" \/>\n<meta property=\"og:url\" content=\"https:\/\/avp.ro\/index.php\/domenii-de-activitate\/domeniul-drepturile-omului-egalitate-de-sanse-intre-barbati-si-femei-culte-religioase-si-minoritati-nationale\/prezentare\/\" \/>\n<meta property=\"og:site_name\" content=\"Institu\u021bia Avocatul Poporului\" \/>\n<meta property=\"article:modified_time\" content=\"2020-12-09T11:49:47+00:00\" \/>\n<meta name=\"twitter:card\" content=\"summary_large_image\" \/>\n<meta name=\"twitter:label1\" content=\"Est. reading time\" \/>\n\t<meta name=\"twitter:data1\" content=\"2 minutes\" \/>\n<script type=\"application\/ld+json\" class=\"yoast-schema-graph\">{\"@context\":\"https:\\\/\\\/schema.org\",\"@graph\":[{\"@type\":\"WebPage\",\"@id\":\"https:\\\/\\\/avp.ro\\\/index.php\\\/domenii-de-activitate\\\/domeniul-drepturile-omului-egalitate-de-sanse-intre-barbati-si-femei-culte-religioase-si-minoritati-nationale\\\/prezentare\\\/\",\"url\":\"https:\\\/\\\/avp.ro\\\/index.php\\\/domenii-de-activitate\\\/domeniul-drepturile-omului-egalitate-de-sanse-intre-barbati-si-femei-culte-religioase-si-minoritati-nationale\\\/prezentare\\\/\",\"name\":\"Prezentare - Institu\u021bia Avocatul Poporului\",\"isPartOf\":{\"@id\":\"https:\\\/\\\/avp.ro\\\/#website\"},\"datePublished\":\"2020-12-09T11:49:01+00:00\",\"dateModified\":\"2020-12-09T11:49:47+00:00\",\"breadcrumb\":{\"@id\":\"https:\\\/\\\/avp.ro\\\/index.php\\\/domenii-de-activitate\\\/domeniul-drepturile-omului-egalitate-de-sanse-intre-barbati-si-femei-culte-religioase-si-minoritati-nationale\\\/prezentare\\\/#breadcrumb\"},\"inLanguage\":\"en-US\",\"potentialAction\":[{\"@type\":\"ReadAction\",\"target\":[\"https:\\\/\\\/avp.ro\\\/index.php\\\/domenii-de-activitate\\\/domeniul-drepturile-omului-egalitate-de-sanse-intre-barbati-si-femei-culte-religioase-si-minoritati-nationale\\\/prezentare\\\/\"]}]},{\"@type\":\"BreadcrumbList\",\"@id\":\"https:\\\/\\\/avp.ro\\\/index.php\\\/domenii-de-activitate\\\/domeniul-drepturile-omului-egalitate-de-sanse-intre-barbati-si-femei-culte-religioase-si-minoritati-nationale\\\/prezentare\\\/#breadcrumb\",\"itemListElement\":[{\"@type\":\"ListItem\",\"position\":1,\"name\":\"Home\",\"item\":\"https:\\\/\\\/avp.ro\\\/\"},{\"@type\":\"ListItem\",\"position\":2,\"name\":\"DOMENII DE ACTIVITATE\",\"item\":\"https:\\\/\\\/avp.ro\\\/index.php\\\/domenii-de-activitate\\\/\"},{\"@type\":\"ListItem\",\"position\":3,\"name\":\"Domeniul drepturile omului, egalitate de \u015fanse \u00eentre b\u0103rba\u0163i \u015fi femei, culte religioase \u015fi minorit\u0103\u0163i na\u0163ionale\",\"item\":\"https:\\\/\\\/avp.ro\\\/index.php\\\/domenii-de-activitate\\\/domeniul-drepturile-omului-egalitate-de-sanse-intre-barbati-si-femei-culte-religioase-si-minoritati-nationale\\\/\"},{\"@type\":\"ListItem\",\"position\":4,\"name\":\"Prezentare\"}]},{\"@type\":\"WebSite\",\"@id\":\"https:\\\/\\\/avp.ro\\\/#website\",\"url\":\"https:\\\/\\\/avp.ro\\\/\",\"name\":\"Institu\u021bia Avocatul Poporului\",\"description\":\"People\u2019s Advocate institution - Office of the Ombudsman\",\"publisher\":{\"@id\":\"https:\\\/\\\/avp.ro\\\/#organization\"},\"potentialAction\":[{\"@type\":\"SearchAction\",\"target\":{\"@type\":\"EntryPoint\",\"urlTemplate\":\"https:\\\/\\\/avp.ro\\\/?s={search_term_string}\"},\"query-input\":{\"@type\":\"PropertyValueSpecification\",\"valueRequired\":true,\"valueName\":\"search_term_string\"}}],\"inLanguage\":\"en-US\"},{\"@type\":\"Organization\",\"@id\":\"https:\\\/\\\/avp.ro\\\/#organization\",\"name\":\"Institutia Avocatul Poporului\",\"url\":\"https:\\\/\\\/avp.ro\\\/\",\"logo\":{\"@type\":\"ImageObject\",\"inLanguage\":\"en-US\",\"@id\":\"https:\\\/\\\/avp.ro\\\/#\\\/schema\\\/logo\\\/image\\\/\",\"url\":\"https:\\\/\\\/avp.ro\\\/wp-content\\\/uploads\\\/2020\\\/09\\\/cropped-AP.jpg\",\"contentUrl\":\"https:\\\/\\\/avp.ro\\\/wp-content\\\/uploads\\\/2020\\\/09\\\/cropped-AP.jpg\",\"width\":160,\"height\":146,\"caption\":\"Institutia Avocatul Poporului\"},\"image\":{\"@id\":\"https:\\\/\\\/avp.ro\\\/#\\\/schema\\\/logo\\\/image\\\/\"}}]}<\/script>\n<!-- \/ Yoast SEO plugin. -->","yoast_head_json":{"title":"Prezentare - Institu\u021bia Avocatul Poporului","robots":{"index":"index","follow":"follow","max-snippet":"max-snippet:-1","max-image-preview":"max-image-preview:large","max-video-preview":"max-video-preview:-1"},"canonical":"https:\/\/avp.ro\/index.php\/domenii-de-activitate\/domeniul-drepturile-omului-egalitate-de-sanse-intre-barbati-si-femei-culte-religioase-si-minoritati-nationale\/prezentare\/","og_locale":"en_US","og_type":"article","og_title":"Prezentare - Institu\u021bia Avocatul Poporului","og_description":"&nbsp; DOMENIUL DREPTURILE OMULUI, EGALITATE DE \u0218ANSE \u00ceNTRE B\u0102RBA\u021aI \u0218I FEMEI, CULTE RELIGIOASE \u0218I MINORIT\u0102\u021aI NA\u021aIONALE \u00a0 Domeniul de activitate drepturile omului, egalitate de \u015fanse \u00eentre b\u0103rba\u0163i \u015fi femei, culte&hellip;","og_url":"https:\/\/avp.ro\/index.php\/domenii-de-activitate\/domeniul-drepturile-omului-egalitate-de-sanse-intre-barbati-si-femei-culte-religioase-si-minoritati-nationale\/prezentare\/","og_site_name":"Institu\u021bia Avocatul Poporului","article_modified_time":"2020-12-09T11:49:47+00:00","twitter_card":"summary_large_image","twitter_misc":{"Est. reading time":"2 minutes"},"schema":{"@context":"https:\/\/schema.org","@graph":[{"@type":"WebPage","@id":"https:\/\/avp.ro\/index.php\/domenii-de-activitate\/domeniul-drepturile-omului-egalitate-de-sanse-intre-barbati-si-femei-culte-religioase-si-minoritati-nationale\/prezentare\/","url":"https:\/\/avp.ro\/index.php\/domenii-de-activitate\/domeniul-drepturile-omului-egalitate-de-sanse-intre-barbati-si-femei-culte-religioase-si-minoritati-nationale\/prezentare\/","name":"Prezentare - Institu\u021bia Avocatul Poporului","isPartOf":{"@id":"https:\/\/avp.ro\/#website"},"datePublished":"2020-12-09T11:49:01+00:00","dateModified":"2020-12-09T11:49:47+00:00","breadcrumb":{"@id":"https:\/\/avp.ro\/index.php\/domenii-de-activitate\/domeniul-drepturile-omului-egalitate-de-sanse-intre-barbati-si-femei-culte-religioase-si-minoritati-nationale\/prezentare\/#breadcrumb"},"inLanguage":"en-US","potentialAction":[{"@type":"ReadAction","target":["https:\/\/avp.ro\/index.php\/domenii-de-activitate\/domeniul-drepturile-omului-egalitate-de-sanse-intre-barbati-si-femei-culte-religioase-si-minoritati-nationale\/prezentare\/"]}]},{"@type":"BreadcrumbList","@id":"https:\/\/avp.ro\/index.php\/domenii-de-activitate\/domeniul-drepturile-omului-egalitate-de-sanse-intre-barbati-si-femei-culte-religioase-si-minoritati-nationale\/prezentare\/#breadcrumb","itemListElement":[{"@type":"ListItem","position":1,"name":"Home","item":"https:\/\/avp.ro\/"},{"@type":"ListItem","position":2,"name":"DOMENII DE ACTIVITATE","item":"https:\/\/avp.ro\/index.php\/domenii-de-activitate\/"},{"@type":"ListItem","position":3,"name":"Domeniul drepturile omului, egalitate de \u015fanse \u00eentre b\u0103rba\u0163i \u015fi femei, culte religioase \u015fi minorit\u0103\u0163i na\u0163ionale","item":"https:\/\/avp.ro\/index.php\/domenii-de-activitate\/domeniul-drepturile-omului-egalitate-de-sanse-intre-barbati-si-femei-culte-religioase-si-minoritati-nationale\/"},{"@type":"ListItem","position":4,"name":"Prezentare"}]},{"@type":"WebSite","@id":"https:\/\/avp.ro\/#website","url":"https:\/\/avp.ro\/","name":"Institu\u021bia Avocatul Poporului","description":"People\u2019s Advocate institution - Office of the Ombudsman","publisher":{"@id":"https:\/\/avp.ro\/#organization"},"potentialAction":[{"@type":"SearchAction","target":{"@type":"EntryPoint","urlTemplate":"https:\/\/avp.ro\/?s={search_term_string}"},"query-input":{"@type":"PropertyValueSpecification","valueRequired":true,"valueName":"search_term_string"}}],"inLanguage":"en-US"},{"@type":"Organization","@id":"https:\/\/avp.ro\/#organization","name":"Institutia Avocatul Poporului","url":"https:\/\/avp.ro\/","logo":{"@type":"ImageObject","inLanguage":"en-US","@id":"https:\/\/avp.ro\/#\/schema\/logo\/image\/","url":"https:\/\/avp.ro\/wp-content\/uploads\/2020\/09\/cropped-AP.jpg","contentUrl":"https:\/\/avp.ro\/wp-content\/uploads\/2020\/09\/cropped-AP.jpg","width":160,"height":146,"caption":"Institutia Avocatul Poporului"},"image":{"@id":"https:\/\/avp.ro\/#\/schema\/logo\/image\/"}}]}},"_links":{"self":[{"href":"https:\/\/avp.ro\/index.php\/wp-json\/wp\/v2\/pages\/2181","targetHints":{"allow":["GET"]}}],"collection":[{"href":"https:\/\/avp.ro\/index.php\/wp-json\/wp\/v2\/pages"}],"about":[{"href":"https:\/\/avp.ro\/index.php\/wp-json\/wp\/v2\/types\/page"}],"author":[{"embeddable":true,"href":"https:\/\/avp.ro\/index.php\/wp-json\/wp\/v2\/users\/1"}],"replies":[{"embeddable":true,"href":"https:\/\/avp.ro\/index.php\/wp-json\/wp\/v2\/comments?post=2181"}],"version-history":[{"count":2,"href":"https:\/\/avp.ro\/index.php\/wp-json\/wp\/v2\/pages\/2181\/revisions"}],"predecessor-version":[{"id":2183,"href":"https:\/\/avp.ro\/index.php\/wp-json\/wp\/v2\/pages\/2181\/revisions\/2183"}],"up":[{"embeddable":true,"href":"https:\/\/avp.ro\/index.php\/wp-json\/wp\/v2\/pages\/300"}],"wp:attachment":[{"href":"https:\/\/avp.ro\/index.php\/wp-json\/wp\/v2\/media?parent=2181"}],"curies":[{"name":"wp","href":"https:\/\/api.w.org\/{rel}","templated":true}]}}