{"id":2187,"date":"2020-12-09T13:58:09","date_gmt":"2020-12-09T11:58:09","guid":{"rendered":"https:\/\/avp.ro\/?page_id=2187"},"modified":"2020-12-09T13:58:09","modified_gmt":"2020-12-09T11:58:09","slug":"prezentare","status":"publish","type":"page","link":"https:\/\/avp.ro\/index.php\/domenii-de-activitate\/domeniul-armata-justitie-politie-penitenciare\/prezentare\/","title":{"rendered":"Prezentare"},"content":{"rendered":"<p><strong>\u00a0<\/strong><\/p>\n<p style=\"padding-left: 40px;\"><span style=\"color: #c00000;\"><strong>D O M E N I U L ARMAT\u0102, JUSTI\u021aIE, POLI\u021aIE, PENITENCIARE<\/strong><\/span><\/p>\n<p style=\"padding-left: 40px;\">\n<ul>\n<li style=\"list-style-type: none;\">\n<ul>\n<li><span style=\"color: #c00000;\"><strong><em>ORGANIZAREA \u0218I ARIA DE COMPETEN\u021a\u0102 <\/em><\/strong><\/span><\/li>\n<li><span style=\"color: #c00000;\"><strong><em>CINE POATE SESIZA <\/em><\/strong><\/span><\/li>\n<li><span style=\"color: #c00000;\"><strong><em>OBIECTUL SESIZ\u0102RILOR<\/em><\/strong> <\/span><\/li>\n<\/ul>\n<\/li>\n<\/ul>\n<p style=\"padding-left: 40px;\">\n<p>&nbsp;<\/p>\n<p style=\"padding-left: 40px;\"><strong><span style=\"color: #c00000;\">ORGANIZARE \u0218I ARIA DE COMPETEN\u021a\u0102 DOMENIULUI ARMAT\u0102, JUSTI\u021aIE, POLI\u021aIE, PENITENCIARE<\/span><\/strong><\/p>\n<p style=\"padding-left: 40px;\">Activitatea acestui domeniu este structurat\u0103 pe patru paliere de competen\u021b\u0103, viz\u00e2nd, generic, \u00eenc\u0103lc\u0103ri ale drepturilor fundamentale \u00een armat\u0103, justi\u021bie, poli\u021bie \u0219i penitenciare.<\/p>\n<p style=\"padding-left: 40px;\">\u00cen principal, peti\u021biile primite de c\u0103tre Domeniul armat\u0103, justi\u021bie, poli\u021bie, penitenciare se refer\u0103 la Ministerul Ap\u0103r\u0103rii Na\u021bionale \u0219i structurile acestuia, Statul Major al Ap\u0103r\u0103rii \u0219i statele majore ale for\u021belor armate, Ministerul Justi\u021biei \u0219i structurile acestuia, Consiliul Superior al Magistraturii \u0219i Inspec\u021bia Judiciar\u0103, Ministerul Afacerilor Interne \u0219i structurile acestuia, Poli\u021bia Rom\u00e2n\u0103 \u0219i unit\u0103\u021bile subordonate, Jandarmeria Rom\u00e2n\u0103 \u0219i unit\u0103\u021bile subordonate, Poli\u021bia de Frontier\u0103, Administra\u021bia Na\u021bional\u0103 a Penitenciarelor \u0219i penitenciarele din structura acesteia.<\/p>\n<p style=\"padding-left: 40px;\">\n<p style=\"padding-left: 40px;\"><strong><span style=\"color: #c00000;\">CINE POATE SESIZA<\/span><\/strong><\/p>\n<p style=\"padding-left: 40px;\">Peti\u021biile pot fi adresate de orice persoan\u0103 v\u0103t\u0103mat\u0103 \u00een drepturile sale prin acte sau fapte ale unor persoane sau organe administrative din cadrul for\u021belor armate, justi\u021biei, poli\u021biei sau penitenciarelor.<\/p>\n<p style=\"padding-left: 40px;\">Peti\u021biile trebuie s\u0103 se fac\u0103 \u00een scris \u015fi s\u0103 indice <em>numele \u015fi domiciliul <\/em>persoanei fizice v\u0103t\u0103mate \u00een drepturile \u015fi libert\u0103\u0163ile sale, <em>drepturile \u015fi libert\u0103\u0163ile \u00eenc\u0103lcate<\/em>, precum \u015fi <em>autoritatea administrativ\u0103 ori func\u0163ionarul public \u00een cauz\u0103<\/em>. Peti\u0163ionarul trebuie totodat\u0103 <em>s\u0103 dovedeasc\u0103 \u00eent\u00e2rzierea sau refuzul administra\u0163iei publice de a solu\u0163iona legal peti\u0163ia<\/em>.<\/p>\n<p style=\"padding-left: 40px;\">Conducerea penitenciarelor, a centrelor de reeducare pentru minori, a spitalelor penitenciare, Ministerul Public \u015fi organele de poli\u0163ie sunt obligate s\u0103 permit\u0103, f\u0103r\u0103 nicio restric\u021bie, persoanelor care execut\u0103 pedeapsa \u00eenchisorii sau, dup\u0103 caz, se afl\u0103 arestate ori re\u0163inute, precum \u015fi minorilor afla\u0163i \u00een centrele de reeducare, s\u0103 se adreseze, \u00een orice mod, institu\u0163iei Avocatul Poporului cu privire la atingerile aduse drepturilor \u015fi libert\u0103\u0163ilor lor, cu excep\u0163ia restr\u00e2ngerilor legale.<\/p>\n<p style=\"padding-left: 40px;\">\n<p style=\"padding-left: 40px;\"><span style=\"color: #c00000;\"><strong><em>OBIECTUL SESIZ\u0102RILOR<\/em><\/strong><\/span><strong><em>\u00a0<\/em><\/strong><\/p>\n<p style=\"padding-left: 40px;\">Cel mai adesea, obiectul sesiz\u0103rilor adresate Domeniului armat\u0103, justi\u021bie, poli\u021bie, penitenciare se referea la:<strong><em>\u00a0<\/em><\/strong><\/p>\n<p style=\"padding-left: 40px;\"><span style=\"color: #c00000;\">Armat\u0103:<\/span><\/p>\n<ul>\n<li style=\"list-style-type: none;\">\n<ul>\n<li>probleme legate de ac\u021biuni apte s\u0103 genereze \u00eenc\u0103lc\u0103ri sau restr\u00e2ngeri nejustificate de drepturi \u0219i libert\u0103\u021bi cet\u0103\u021bene\u0219ti<\/li>\n<li>nemul\u021bumiri legate de condi\u021biile de munc\u0103 sau neplata drepturilor salariale ale militarilor<\/li>\n<li>neacordarea concediilor, permisiilor sau atitudinea necorespunz\u0103toare a organelor ierarhice superioare<\/li>\n<li>nemul\u021bumiri privind lipsa de asisten\u021b\u0103 medical\u0103 sau psihologic\u0103 a cadrelor militare<\/li>\n<li>probleme legate de drepturile militarilor sau drepturile veteranilor de r\u0103zboi<\/li>\n<\/ul>\n<\/li>\n<\/ul>\n<p style=\"padding-left: 40px;\"><span style=\"color: #c00000;\">Justi\u021bie:<\/span><\/p>\n<ul>\n<li style=\"list-style-type: none;\">\n<ul>\n<li>r\u0103spunsul \u00eent\u00e2rziat sau chiar lipsa unui r\u0103spuns din partea organelor cu atribu\u021bii de control<\/li>\n<li>lipsa de informare cu privire la drepturile pe care le au persoanele care se adreseaz\u0103 instan\u021belor de judecat\u0103 sau organelor de urm\u0103rire penal\u0103 (de exemplu, asisten\u021ba judiciar\u0103 gratuit\u0103)<\/li>\n<li>nemul\u021bumiri referitoare la activitatea serviciului de arhiv\u0103 sau registratur\u0103 al instan\u021belor sau al parchetelor<\/li>\n<li>nemul\u021bumiri ale judec\u0103torilor sau procurorilor referitoare la condi\u021biile de munc\u0103 necorespunz\u0103toare, neplata drepturilor salariale, abuzuri ale organelor ierarhic superioare<\/li>\n<\/ul>\n<\/li>\n<\/ul>\n<p style=\"padding-left: 40px;\"><span style=\"color: #c00000;\">Poli\u021bie:<\/span><\/p>\n<ul>\n<li style=\"list-style-type: none;\">\n<ul>\n<li>nemul\u021bumiri care vizeaz\u0103 lipsa de r\u0103spuns \u0219i de solicitudine a organelor de poli\u021bie na\u021bional\u0103, local\u0103 sau jandarmerie sau a Ministerului Afacerilor Interne la cererile cet\u0103\u021benilor<\/li>\n<li>nemul\u021bumiri care vizeaz\u0103 aplicarea netemeinic\u0103 \u0219i nelegal\u0103 a sanc\u021biunilor contraven\u021bionale de c\u0103tre agen\u021bii constatatori<\/li>\n<li>nemul\u021bumiri legate de conduita necorespunz\u0103toare a poli\u021bi\u0219tilor na\u021bionali, locali sau a jandarmilor<\/li>\n<li>tergiversarea solu\u021bion\u0103rii unor pl\u00e2ngeri sau sesiz\u0103ri adresate organelor de poli\u021bie na\u021bionale, locale sau structurilor de jandarmi<\/li>\n<li>\u00eendeplinirea necorespunz\u0103toare a atribu\u021biilor de serviciu de c\u0103tre poli\u021bi\u0219ti na\u021bionali, locali sau jandarmi<\/li>\n<li>func\u021bionarea necorespunz\u0103toare a diferitelor compartimente ale sec\u021biilor de poli\u021bie na\u021bionale, locale sau ale jandarmeriei (serviciul de audien\u021be, compartimentul de rela\u021bii cu publicul etc.)<\/li>\n<li>nemul\u021bumiri privind condi\u021biile din centrele de arest sau re\u021binere preventiv\u0103 care se afl\u0103 \u00een subordinea Ministerului Afacerilor Interne \u0219i nerespectarea drepturilor persoanelor care sunt custodiate \u00een aceste centre<\/li>\n<li>nemul\u021bumiri ale poli\u021bi\u0219tilor na\u021bionali, locali \u0219i jandarmi privind condi\u021biile necorespunz\u0103toare de munc\u0103, neplata drepturilor salariale, neacordarea concediilor de odihn\u0103 sau a zilelor libere, abuzuri ale organelor ierarhic superioare, etc.<\/li>\n<\/ul>\n<\/li>\n<\/ul>\n<p style=\"padding-left: 40px;\"><span style=\"color: #c00000;\">Penitenciare:<\/span><\/p>\n<ul>\n<li style=\"list-style-type: none;\">\n<ul>\n<li>nemul\u021bumiri referitoare la condi\u021biile de deten\u021bie \u0219i conduita cadrelor din penitenciar<\/li>\n<li>repartizarea de\u021binu\u021bilor \u00een penitenciare aflate la distan\u021b\u0103 mare de adresa de domiciliu<\/li>\n<li>transferul repetat \u0219i nejustificat al de\u021binu\u021bilor dintr-un penitenciar \u00een altul<\/li>\n<li>lipsa asisten\u021bei medicale sau a psihologilor \u00een penitenciare<\/li>\n<li>probleme referitoare la lipsa de siguran\u021b\u0103 a de\u021binu\u021bilor \u00een mediul carceral<\/li>\n<li>refuzul nemotivat de acordare a dreptului la vizit\u0103 al de\u021binu\u021bilor sau a altor drepturi<\/li>\n<li>nerespectarea procedurii refuzului de hran\u0103 (art. 54 din Legea 254\/2013)<\/li>\n<li>nemul\u021bumirile lucr\u0103torilor de penitenciar referitoare la condi\u021biile necorespunz\u0103toare de munc\u0103, neplata drepturilor salariale, ale drepturilor de pensie, abuzuri ale organelor ierarhic superioare etc.<\/li>\n<\/ul>\n<\/li>\n<\/ul>\n<p style=\"padding-left: 40px;\">\n","protected":false},"excerpt":{"rendered":"<p>\u00a0 D O M E N I U L ARMAT\u0102, JUSTI\u021aIE, POLI\u021aIE, PENITENCIARE ORGANIZAREA \u0218I ARIA DE COMPETEN\u021a\u0102 CINE POATE SESIZA OBIECTUL SESIZ\u0102RILOR &nbsp; ORGANIZARE \u0218I ARIA DE COMPETEN\u021a\u0102 DOMENIULUI&hellip; <\/p>\n","protected":false},"author":1,"featured_media":0,"parent":309,"menu_order":1,"comment_status":"closed","ping_status":"closed","template":"","meta":{"footnotes":""},"class_list":["post-2187","page","type-page","status-publish","hentry"],"yoast_head":"<!-- This site is optimized with the Yoast SEO plugin v27.3 - https:\/\/yoast.com\/product\/yoast-seo-wordpress\/ -->\n<title>Prezentare - Institu\u021bia Avocatul Poporului<\/title>\n<meta name=\"robots\" content=\"index, follow, max-snippet:-1, max-image-preview:large, max-video-preview:-1\" \/>\n<link rel=\"canonical\" href=\"https:\/\/avp.ro\/index.php\/domenii-de-activitate\/domeniul-armata-justitie-politie-penitenciare\/prezentare\/\" \/>\n<meta property=\"og:locale\" content=\"en_US\" \/>\n<meta property=\"og:type\" content=\"article\" \/>\n<meta property=\"og:title\" content=\"Prezentare - Institu\u021bia Avocatul Poporului\" \/>\n<meta property=\"og:description\" content=\"\u00a0 D O M E N I U L ARMAT\u0102, JUSTI\u021aIE, POLI\u021aIE, PENITENCIARE ORGANIZAREA \u0218I ARIA DE COMPETEN\u021a\u0102 CINE POATE SESIZA OBIECTUL SESIZ\u0102RILOR &nbsp; ORGANIZARE \u0218I ARIA DE COMPETEN\u021a\u0102 DOMENIULUI&hellip;\" \/>\n<meta property=\"og:url\" content=\"https:\/\/avp.ro\/index.php\/domenii-de-activitate\/domeniul-armata-justitie-politie-penitenciare\/prezentare\/\" \/>\n<meta property=\"og:site_name\" content=\"Institu\u021bia Avocatul Poporului\" \/>\n<meta name=\"twitter:card\" content=\"summary_large_image\" \/>\n<meta name=\"twitter:label1\" content=\"Est. reading time\" \/>\n\t<meta name=\"twitter:data1\" content=\"4 minutes\" \/>\n<script type=\"application\/ld+json\" class=\"yoast-schema-graph\">{\"@context\":\"https:\\\/\\\/schema.org\",\"@graph\":[{\"@type\":\"WebPage\",\"@id\":\"https:\\\/\\\/avp.ro\\\/index.php\\\/domenii-de-activitate\\\/domeniul-armata-justitie-politie-penitenciare\\\/prezentare\\\/\",\"url\":\"https:\\\/\\\/avp.ro\\\/index.php\\\/domenii-de-activitate\\\/domeniul-armata-justitie-politie-penitenciare\\\/prezentare\\\/\",\"name\":\"Prezentare - Institu\u021bia Avocatul Poporului\",\"isPartOf\":{\"@id\":\"https:\\\/\\\/avp.ro\\\/#website\"},\"datePublished\":\"2020-12-09T11:58:09+00:00\",\"breadcrumb\":{\"@id\":\"https:\\\/\\\/avp.ro\\\/index.php\\\/domenii-de-activitate\\\/domeniul-armata-justitie-politie-penitenciare\\\/prezentare\\\/#breadcrumb\"},\"inLanguage\":\"en-US\",\"potentialAction\":[{\"@type\":\"ReadAction\",\"target\":[\"https:\\\/\\\/avp.ro\\\/index.php\\\/domenii-de-activitate\\\/domeniul-armata-justitie-politie-penitenciare\\\/prezentare\\\/\"]}]},{\"@type\":\"BreadcrumbList\",\"@id\":\"https:\\\/\\\/avp.ro\\\/index.php\\\/domenii-de-activitate\\\/domeniul-armata-justitie-politie-penitenciare\\\/prezentare\\\/#breadcrumb\",\"itemListElement\":[{\"@type\":\"ListItem\",\"position\":1,\"name\":\"Home\",\"item\":\"https:\\\/\\\/avp.ro\\\/\"},{\"@type\":\"ListItem\",\"position\":2,\"name\":\"DOMENII DE ACTIVITATE\",\"item\":\"https:\\\/\\\/avp.ro\\\/index.php\\\/domenii-de-activitate\\\/\"},{\"@type\":\"ListItem\",\"position\":3,\"name\":\"Domeniul armat\u0103, justi\u0163ie, poli\u0163ie, penitenciare\",\"item\":\"https:\\\/\\\/avp.ro\\\/index.php\\\/domenii-de-activitate\\\/domeniul-armata-justitie-politie-penitenciare\\\/\"},{\"@type\":\"ListItem\",\"position\":4,\"name\":\"Prezentare\"}]},{\"@type\":\"WebSite\",\"@id\":\"https:\\\/\\\/avp.ro\\\/#website\",\"url\":\"https:\\\/\\\/avp.ro\\\/\",\"name\":\"Institu\u021bia Avocatul Poporului\",\"description\":\"People\u2019s Advocate institution - Office of the Ombudsman\",\"publisher\":{\"@id\":\"https:\\\/\\\/avp.ro\\\/#organization\"},\"potentialAction\":[{\"@type\":\"SearchAction\",\"target\":{\"@type\":\"EntryPoint\",\"urlTemplate\":\"https:\\\/\\\/avp.ro\\\/?s={search_term_string}\"},\"query-input\":{\"@type\":\"PropertyValueSpecification\",\"valueRequired\":true,\"valueName\":\"search_term_string\"}}],\"inLanguage\":\"en-US\"},{\"@type\":\"Organization\",\"@id\":\"https:\\\/\\\/avp.ro\\\/#organization\",\"name\":\"Institutia Avocatul Poporului\",\"url\":\"https:\\\/\\\/avp.ro\\\/\",\"logo\":{\"@type\":\"ImageObject\",\"inLanguage\":\"en-US\",\"@id\":\"https:\\\/\\\/avp.ro\\\/#\\\/schema\\\/logo\\\/image\\\/\",\"url\":\"https:\\\/\\\/avp.ro\\\/wp-content\\\/uploads\\\/2020\\\/09\\\/cropped-AP.jpg\",\"contentUrl\":\"https:\\\/\\\/avp.ro\\\/wp-content\\\/uploads\\\/2020\\\/09\\\/cropped-AP.jpg\",\"width\":160,\"height\":146,\"caption\":\"Institutia Avocatul Poporului\"},\"image\":{\"@id\":\"https:\\\/\\\/avp.ro\\\/#\\\/schema\\\/logo\\\/image\\\/\"}}]}<\/script>\n<!-- \/ Yoast SEO plugin. -->","yoast_head_json":{"title":"Prezentare - Institu\u021bia Avocatul Poporului","robots":{"index":"index","follow":"follow","max-snippet":"max-snippet:-1","max-image-preview":"max-image-preview:large","max-video-preview":"max-video-preview:-1"},"canonical":"https:\/\/avp.ro\/index.php\/domenii-de-activitate\/domeniul-armata-justitie-politie-penitenciare\/prezentare\/","og_locale":"en_US","og_type":"article","og_title":"Prezentare - Institu\u021bia Avocatul Poporului","og_description":"\u00a0 D O M E N I U L ARMAT\u0102, JUSTI\u021aIE, POLI\u021aIE, PENITENCIARE ORGANIZAREA \u0218I ARIA DE COMPETEN\u021a\u0102 CINE POATE SESIZA OBIECTUL SESIZ\u0102RILOR &nbsp; ORGANIZARE \u0218I ARIA DE COMPETEN\u021a\u0102 DOMENIULUI&hellip;","og_url":"https:\/\/avp.ro\/index.php\/domenii-de-activitate\/domeniul-armata-justitie-politie-penitenciare\/prezentare\/","og_site_name":"Institu\u021bia Avocatul Poporului","twitter_card":"summary_large_image","twitter_misc":{"Est. reading time":"4 minutes"},"schema":{"@context":"https:\/\/schema.org","@graph":[{"@type":"WebPage","@id":"https:\/\/avp.ro\/index.php\/domenii-de-activitate\/domeniul-armata-justitie-politie-penitenciare\/prezentare\/","url":"https:\/\/avp.ro\/index.php\/domenii-de-activitate\/domeniul-armata-justitie-politie-penitenciare\/prezentare\/","name":"Prezentare - Institu\u021bia Avocatul Poporului","isPartOf":{"@id":"https:\/\/avp.ro\/#website"},"datePublished":"2020-12-09T11:58:09+00:00","breadcrumb":{"@id":"https:\/\/avp.ro\/index.php\/domenii-de-activitate\/domeniul-armata-justitie-politie-penitenciare\/prezentare\/#breadcrumb"},"inLanguage":"en-US","potentialAction":[{"@type":"ReadAction","target":["https:\/\/avp.ro\/index.php\/domenii-de-activitate\/domeniul-armata-justitie-politie-penitenciare\/prezentare\/"]}]},{"@type":"BreadcrumbList","@id":"https:\/\/avp.ro\/index.php\/domenii-de-activitate\/domeniul-armata-justitie-politie-penitenciare\/prezentare\/#breadcrumb","itemListElement":[{"@type":"ListItem","position":1,"name":"Home","item":"https:\/\/avp.ro\/"},{"@type":"ListItem","position":2,"name":"DOMENII DE ACTIVITATE","item":"https:\/\/avp.ro\/index.php\/domenii-de-activitate\/"},{"@type":"ListItem","position":3,"name":"Domeniul armat\u0103, justi\u0163ie, poli\u0163ie, penitenciare","item":"https:\/\/avp.ro\/index.php\/domenii-de-activitate\/domeniul-armata-justitie-politie-penitenciare\/"},{"@type":"ListItem","position":4,"name":"Prezentare"}]},{"@type":"WebSite","@id":"https:\/\/avp.ro\/#website","url":"https:\/\/avp.ro\/","name":"Institu\u021bia Avocatul Poporului","description":"People\u2019s Advocate institution - Office of the Ombudsman","publisher":{"@id":"https:\/\/avp.ro\/#organization"},"potentialAction":[{"@type":"SearchAction","target":{"@type":"EntryPoint","urlTemplate":"https:\/\/avp.ro\/?s={search_term_string}"},"query-input":{"@type":"PropertyValueSpecification","valueRequired":true,"valueName":"search_term_string"}}],"inLanguage":"en-US"},{"@type":"Organization","@id":"https:\/\/avp.ro\/#organization","name":"Institutia Avocatul Poporului","url":"https:\/\/avp.ro\/","logo":{"@type":"ImageObject","inLanguage":"en-US","@id":"https:\/\/avp.ro\/#\/schema\/logo\/image\/","url":"https:\/\/avp.ro\/wp-content\/uploads\/2020\/09\/cropped-AP.jpg","contentUrl":"https:\/\/avp.ro\/wp-content\/uploads\/2020\/09\/cropped-AP.jpg","width":160,"height":146,"caption":"Institutia Avocatul Poporului"},"image":{"@id":"https:\/\/avp.ro\/#\/schema\/logo\/image\/"}}]}},"_links":{"self":[{"href":"https:\/\/avp.ro\/index.php\/wp-json\/wp\/v2\/pages\/2187","targetHints":{"allow":["GET"]}}],"collection":[{"href":"https:\/\/avp.ro\/index.php\/wp-json\/wp\/v2\/pages"}],"about":[{"href":"https:\/\/avp.ro\/index.php\/wp-json\/wp\/v2\/types\/page"}],"author":[{"embeddable":true,"href":"https:\/\/avp.ro\/index.php\/wp-json\/wp\/v2\/users\/1"}],"replies":[{"embeddable":true,"href":"https:\/\/avp.ro\/index.php\/wp-json\/wp\/v2\/comments?post=2187"}],"version-history":[{"count":1,"href":"https:\/\/avp.ro\/index.php\/wp-json\/wp\/v2\/pages\/2187\/revisions"}],"predecessor-version":[{"id":2188,"href":"https:\/\/avp.ro\/index.php\/wp-json\/wp\/v2\/pages\/2187\/revisions\/2188"}],"up":[{"embeddable":true,"href":"https:\/\/avp.ro\/index.php\/wp-json\/wp\/v2\/pages\/309"}],"wp:attachment":[{"href":"https:\/\/avp.ro\/index.php\/wp-json\/wp\/v2\/media?parent=2187"}],"curies":[{"name":"wp","href":"https:\/\/api.w.org\/{rel}","templated":true}]}}