{"id":241,"date":"2020-07-22T11:28:07","date_gmt":"2020-07-22T09:28:07","guid":{"rendered":"https:\/\/avp.ro\/?page_id=241"},"modified":"2026-02-03T11:24:32","modified_gmt":"2026-02-03T09:24:32","slug":"contencios-constitutional","status":"publish","type":"page","link":"https:\/\/avp.ro\/index.php\/activitatea-avp\/contencios-constitutional\/","title":{"rendered":"Contencios constitu\u021bional"},"content":{"rendered":"<p>&nbsp;<\/p>\n<p style=\"text-align: center;\"><strong>ACTIVITATEA AVOCATULUI POPORULUI\u00a0\u00ceN DOMENIUL CONTENCIOSULUI CONSTITU\u021aIONAL:<\/strong><\/p>\n<p style=\"text-align: center;\"><strong>\u00a0<\/strong><\/p>\n<p style=\"text-align: center;\">\u2013 formuleaz\u0103 puncte de vedere, la cererea Cur\u0163ii Constitu\u0163ionale;<\/p>\n<p style=\"text-align: center;\">\u2013 poate sesiza Curtea Constitu\u0163ional\u0103 cu privire la neconstitu\u0163ionalitatea legilor, \u00eenainte de promulgarea acestora;<\/p>\n<p style=\"text-align: center;\">\u2013 poate sesiza direct Curtea Constitu\u0163ional\u0103 cu excep\u0163ia de neconstitu\u0163ionalitate a legilor \u015fi ordonan\u0163elor.<\/p>\n<p style=\"text-align: center;\"><a href=\"https:\/\/avp.ro\/index.php\/activitate-contencios-constitutional\/\"><strong>ACTIVITATE<\/strong><\/a><\/p>\n<p style=\"text-align: center;\"><strong>Excep\u0163ii de neconstitu\u0163ionalitate ridicate direct de Avocatul\u00a0Poporului<\/strong><\/p>\n<p style=\"text-align: center;\"><strong><a href=\"https:\/\/avp.ro\/index.php\/exceptii-de-neconstitutionalitate-2026\/\">2026<\/a><\/strong><\/p>\n<p style=\"text-align: center;\"><a href=\"https:\/\/avp.ro\/index.php\/exceptii-de-neconstitutionalitate-2025\/\"><strong>2025<\/strong><\/a><\/p>\n<p style=\"text-align: center;\"><a href=\"https:\/\/avp.ro\/index.php\/exceptii-de-neconstitutionalitate-2024\/\"><strong>2024<\/strong><\/a><\/p>\n<p style=\"text-align: center;\"><a href=\"https:\/\/avp.ro\/index.php\/exceptii-de-neconstitutionalitate-2023\/\"><strong>2023<\/strong><\/a><\/p>\n<p style=\"text-align: center;\"><a href=\"https:\/\/avp.ro\/index.php\/exceptii-de-neconstitutionalitate-2022\/\"><strong>2022<\/strong><\/a><\/p>\n<p style=\"text-align: center;\"><strong><a href=\"https:\/\/avp.ro\/index.php\/exceptii-de-neconstitutionalitate-2021\/\">2021<\/a><\/strong><\/p>\n<p style=\"text-align: center;\"><a href=\"https:\/\/avp.ro\/index.php\/exceptii-de-neconstitutionalitate-2020\/\"><strong>2020<\/strong><\/a><\/p>\n<p style=\"text-align: center;\"><strong><a href=\"https:\/\/avp.ro\/index.php\/exceptii-de-neconstitutionalitate-2019\/\">2019<\/a><\/strong><\/p>\n<p style=\"text-align: center;\"><strong>Obiec\u021bii de neconstitu\u0163ionalitate ridicate de Avocatul\u00a0Poporului<\/strong><\/p>\n<p style=\"text-align: center;\"><a href=\"https:\/\/avp.ro\/index.php\/obiectii-de-neconstitutionalitate-2025\/\"><strong>2025<\/strong><\/a><\/p>\n<p style=\"text-align: center;\"><strong><a href=\"https:\/\/avp.ro\/index.php\/obiectii-de-neconstitutionalitate-2024\/\">2024<\/a><\/strong><\/p>\n<p style=\"text-align: center;\"><a href=\"https:\/\/avp.ro\/index.php\/obiectii-de-neconstitutionalitate-2023\/\"><strong>2023<\/strong><\/a><\/p>\n<p style=\"text-align: center;\"><strong><a href=\"https:\/\/avp.ro\/index.php\/obiectii-de-neconstitutionalitate-2022\/\">2022<\/a><\/strong><\/p>\n<p style=\"text-align: center;\"><a href=\"https:\/\/avp.ro\/index.php\/obiectii-de-neconstitutionalitate-2021\/\"><strong>2021<\/strong><\/a><\/p>\n<p style=\"text-align: center;\"><a href=\"https:\/\/avp.ro\/index.php\/obiectii-de-neconstitutionalitate-2020\/\"><strong>2020<\/strong><\/a><\/p>\n<p style=\"text-align: center;\"><a href=\"https:\/\/avp.ro\/index.php\/activitatea-avp\/raspunsuri-la-petitii-colective\/\" target=\"_blank\" rel=\"noopener\"><strong>R\u0103spunsuri la peti\u021bii colective<\/strong><\/a><\/p>\n<p style=\"text-align: center;\"><strong>Pentru informa\u021bii suplimentare (arhiv\u0103) accesa\u021bi site-ul vechi al intitu\u021biei Avocatul Poporului:\u00a0<a href=\"http:\/\/old.avpoporului.ro\/\">old.avpoporului.ro<\/a><\/strong><\/p>\n","protected":false},"excerpt":{"rendered":"<p>&nbsp; ACTIVITATEA AVOCATULUI POPORULUI\u00a0\u00ceN DOMENIUL CONTENCIOSULUI CONSTITU\u021aIONAL: \u00a0 \u2013 formuleaz\u0103 puncte de vedere, la cererea Cur\u0163ii Constitu\u0163ionale; \u2013 poate sesiza Curtea Constitu\u0163ional\u0103 cu privire la neconstitu\u0163ionalitatea legilor, \u00eenainte de promulgarea&hellip; <\/p>\n","protected":false},"author":1,"featured_media":7,"parent":50,"menu_order":6,"comment_status":"closed","ping_status":"closed","template":"","meta":{"footnotes":""},"class_list":["post-241","page","type-page","status-publish","has-post-thumbnail","hentry"],"yoast_head":"<!-- This site is optimized with the Yoast SEO plugin v27.3 - https:\/\/yoast.com\/product\/yoast-seo-wordpress\/ -->\n<title>Contencios constitu\u021bional - Institu\u021bia Avocatul Poporului<\/title>\n<meta name=\"robots\" content=\"index, follow, max-snippet:-1, max-image-preview:large, max-video-preview:-1\" \/>\n<link rel=\"canonical\" href=\"https:\/\/avp.ro\/index.php\/activitatea-avp\/contencios-constitutional\/\" \/>\n<meta property=\"og:locale\" content=\"en_US\" \/>\n<meta property=\"og:type\" content=\"article\" \/>\n<meta property=\"og:title\" content=\"Contencios constitu\u021bional - Institu\u021bia Avocatul Poporului\" \/>\n<meta property=\"og:description\" content=\"&nbsp; ACTIVITATEA AVOCATULUI POPORULUI\u00a0\u00ceN DOMENIUL CONTENCIOSULUI CONSTITU\u021aIONAL: \u00a0 \u2013 formuleaz\u0103 puncte de vedere, la cererea Cur\u0163ii Constitu\u0163ionale; \u2013 poate sesiza Curtea Constitu\u0163ional\u0103 cu privire la neconstitu\u0163ionalitatea legilor, \u00eenainte de promulgarea&hellip;\" \/>\n<meta property=\"og:url\" content=\"https:\/\/avp.ro\/index.php\/activitatea-avp\/contencios-constitutional\/\" \/>\n<meta property=\"og:site_name\" content=\"Institu\u021bia Avocatul Poporului\" \/>\n<meta property=\"article:modified_time\" content=\"2026-02-03T09:24:32+00:00\" \/>\n<meta property=\"og:image\" content=\"https:\/\/avp.ro\/wp-content\/uploads\/2020\/07\/sigla8.gif\" \/>\n\t<meta property=\"og:image:width\" content=\"160\" \/>\n\t<meta property=\"og:image:height\" content=\"131\" \/>\n\t<meta property=\"og:image:type\" content=\"image\/gif\" \/>\n<meta name=\"twitter:card\" content=\"summary_large_image\" \/>\n<meta name=\"twitter:label1\" content=\"Est. reading time\" \/>\n\t<meta name=\"twitter:data1\" content=\"1 minute\" \/>\n<script type=\"application\/ld+json\" class=\"yoast-schema-graph\">{\"@context\":\"https:\\\/\\\/schema.org\",\"@graph\":[{\"@type\":\"WebPage\",\"@id\":\"https:\\\/\\\/avp.ro\\\/index.php\\\/activitatea-avp\\\/contencios-constitutional\\\/\",\"url\":\"https:\\\/\\\/avp.ro\\\/index.php\\\/activitatea-avp\\\/contencios-constitutional\\\/\",\"name\":\"Contencios constitu\u021bional - Institu\u021bia Avocatul Poporului\",\"isPartOf\":{\"@id\":\"https:\\\/\\\/avp.ro\\\/#website\"},\"primaryImageOfPage\":{\"@id\":\"https:\\\/\\\/avp.ro\\\/index.php\\\/activitatea-avp\\\/contencios-constitutional\\\/#primaryimage\"},\"image\":{\"@id\":\"https:\\\/\\\/avp.ro\\\/index.php\\\/activitatea-avp\\\/contencios-constitutional\\\/#primaryimage\"},\"thumbnailUrl\":\"https:\\\/\\\/avp.ro\\\/wp-content\\\/uploads\\\/2020\\\/07\\\/sigla8.gif\",\"datePublished\":\"2020-07-22T09:28:07+00:00\",\"dateModified\":\"2026-02-03T09:24:32+00:00\",\"breadcrumb\":{\"@id\":\"https:\\\/\\\/avp.ro\\\/index.php\\\/activitatea-avp\\\/contencios-constitutional\\\/#breadcrumb\"},\"inLanguage\":\"en-US\",\"potentialAction\":[{\"@type\":\"ReadAction\",\"target\":[\"https:\\\/\\\/avp.ro\\\/index.php\\\/activitatea-avp\\\/contencios-constitutional\\\/\"]}]},{\"@type\":\"ImageObject\",\"inLanguage\":\"en-US\",\"@id\":\"https:\\\/\\\/avp.ro\\\/index.php\\\/activitatea-avp\\\/contencios-constitutional\\\/#primaryimage\",\"url\":\"https:\\\/\\\/avp.ro\\\/wp-content\\\/uploads\\\/2020\\\/07\\\/sigla8.gif\",\"contentUrl\":\"https:\\\/\\\/avp.ro\\\/wp-content\\\/uploads\\\/2020\\\/07\\\/sigla8.gif\",\"width\":160,\"height\":131},{\"@type\":\"BreadcrumbList\",\"@id\":\"https:\\\/\\\/avp.ro\\\/index.php\\\/activitatea-avp\\\/contencios-constitutional\\\/#breadcrumb\",\"itemListElement\":[{\"@type\":\"ListItem\",\"position\":1,\"name\":\"Home\",\"item\":\"https:\\\/\\\/avp.ro\\\/\"},{\"@type\":\"ListItem\",\"position\":2,\"name\":\"ACTIVITATEA AVP\",\"item\":\"https:\\\/\\\/avp.ro\\\/index.php\\\/activitatea-avp\\\/\"},{\"@type\":\"ListItem\",\"position\":3,\"name\":\"Contencios constitu\u021bional\"}]},{\"@type\":\"WebSite\",\"@id\":\"https:\\\/\\\/avp.ro\\\/#website\",\"url\":\"https:\\\/\\\/avp.ro\\\/\",\"name\":\"Institu\u021bia Avocatul Poporului\",\"description\":\"People\u2019s Advocate institution - Office of the Ombudsman\",\"publisher\":{\"@id\":\"https:\\\/\\\/avp.ro\\\/#organization\"},\"potentialAction\":[{\"@type\":\"SearchAction\",\"target\":{\"@type\":\"EntryPoint\",\"urlTemplate\":\"https:\\\/\\\/avp.ro\\\/?s={search_term_string}\"},\"query-input\":{\"@type\":\"PropertyValueSpecification\",\"valueRequired\":true,\"valueName\":\"search_term_string\"}}],\"inLanguage\":\"en-US\"},{\"@type\":\"Organization\",\"@id\":\"https:\\\/\\\/avp.ro\\\/#organization\",\"name\":\"Institutia Avocatul Poporului\",\"url\":\"https:\\\/\\\/avp.ro\\\/\",\"logo\":{\"@type\":\"ImageObject\",\"inLanguage\":\"en-US\",\"@id\":\"https:\\\/\\\/avp.ro\\\/#\\\/schema\\\/logo\\\/image\\\/\",\"url\":\"https:\\\/\\\/avp.ro\\\/wp-content\\\/uploads\\\/2020\\\/09\\\/cropped-AP.jpg\",\"contentUrl\":\"https:\\\/\\\/avp.ro\\\/wp-content\\\/uploads\\\/2020\\\/09\\\/cropped-AP.jpg\",\"width\":160,\"height\":146,\"caption\":\"Institutia Avocatul Poporului\"},\"image\":{\"@id\":\"https:\\\/\\\/avp.ro\\\/#\\\/schema\\\/logo\\\/image\\\/\"}}]}<\/script>\n<!-- \/ Yoast SEO plugin. -->","yoast_head_json":{"title":"Contencios constitu\u021bional - Institu\u021bia Avocatul Poporului","robots":{"index":"index","follow":"follow","max-snippet":"max-snippet:-1","max-image-preview":"max-image-preview:large","max-video-preview":"max-video-preview:-1"},"canonical":"https:\/\/avp.ro\/index.php\/activitatea-avp\/contencios-constitutional\/","og_locale":"en_US","og_type":"article","og_title":"Contencios constitu\u021bional - Institu\u021bia Avocatul Poporului","og_description":"&nbsp; ACTIVITATEA AVOCATULUI POPORULUI\u00a0\u00ceN DOMENIUL CONTENCIOSULUI CONSTITU\u021aIONAL: \u00a0 \u2013 formuleaz\u0103 puncte de vedere, la cererea Cur\u0163ii Constitu\u0163ionale; \u2013 poate sesiza Curtea Constitu\u0163ional\u0103 cu privire la neconstitu\u0163ionalitatea legilor, \u00eenainte de promulgarea&hellip;","og_url":"https:\/\/avp.ro\/index.php\/activitatea-avp\/contencios-constitutional\/","og_site_name":"Institu\u021bia Avocatul Poporului","article_modified_time":"2026-02-03T09:24:32+00:00","og_image":[{"width":160,"height":131,"url":"https:\/\/avp.ro\/wp-content\/uploads\/2020\/07\/sigla8.gif","type":"image\/gif"}],"twitter_card":"summary_large_image","twitter_misc":{"Est. reading time":"1 minute"},"schema":{"@context":"https:\/\/schema.org","@graph":[{"@type":"WebPage","@id":"https:\/\/avp.ro\/index.php\/activitatea-avp\/contencios-constitutional\/","url":"https:\/\/avp.ro\/index.php\/activitatea-avp\/contencios-constitutional\/","name":"Contencios constitu\u021bional - Institu\u021bia Avocatul Poporului","isPartOf":{"@id":"https:\/\/avp.ro\/#website"},"primaryImageOfPage":{"@id":"https:\/\/avp.ro\/index.php\/activitatea-avp\/contencios-constitutional\/#primaryimage"},"image":{"@id":"https:\/\/avp.ro\/index.php\/activitatea-avp\/contencios-constitutional\/#primaryimage"},"thumbnailUrl":"https:\/\/avp.ro\/wp-content\/uploads\/2020\/07\/sigla8.gif","datePublished":"2020-07-22T09:28:07+00:00","dateModified":"2026-02-03T09:24:32+00:00","breadcrumb":{"@id":"https:\/\/avp.ro\/index.php\/activitatea-avp\/contencios-constitutional\/#breadcrumb"},"inLanguage":"en-US","potentialAction":[{"@type":"ReadAction","target":["https:\/\/avp.ro\/index.php\/activitatea-avp\/contencios-constitutional\/"]}]},{"@type":"ImageObject","inLanguage":"en-US","@id":"https:\/\/avp.ro\/index.php\/activitatea-avp\/contencios-constitutional\/#primaryimage","url":"https:\/\/avp.ro\/wp-content\/uploads\/2020\/07\/sigla8.gif","contentUrl":"https:\/\/avp.ro\/wp-content\/uploads\/2020\/07\/sigla8.gif","width":160,"height":131},{"@type":"BreadcrumbList","@id":"https:\/\/avp.ro\/index.php\/activitatea-avp\/contencios-constitutional\/#breadcrumb","itemListElement":[{"@type":"ListItem","position":1,"name":"Home","item":"https:\/\/avp.ro\/"},{"@type":"ListItem","position":2,"name":"ACTIVITATEA AVP","item":"https:\/\/avp.ro\/index.php\/activitatea-avp\/"},{"@type":"ListItem","position":3,"name":"Contencios constitu\u021bional"}]},{"@type":"WebSite","@id":"https:\/\/avp.ro\/#website","url":"https:\/\/avp.ro\/","name":"Institu\u021bia Avocatul Poporului","description":"People\u2019s Advocate institution - Office of the Ombudsman","publisher":{"@id":"https:\/\/avp.ro\/#organization"},"potentialAction":[{"@type":"SearchAction","target":{"@type":"EntryPoint","urlTemplate":"https:\/\/avp.ro\/?s={search_term_string}"},"query-input":{"@type":"PropertyValueSpecification","valueRequired":true,"valueName":"search_term_string"}}],"inLanguage":"en-US"},{"@type":"Organization","@id":"https:\/\/avp.ro\/#organization","name":"Institutia Avocatul Poporului","url":"https:\/\/avp.ro\/","logo":{"@type":"ImageObject","inLanguage":"en-US","@id":"https:\/\/avp.ro\/#\/schema\/logo\/image\/","url":"https:\/\/avp.ro\/wp-content\/uploads\/2020\/09\/cropped-AP.jpg","contentUrl":"https:\/\/avp.ro\/wp-content\/uploads\/2020\/09\/cropped-AP.jpg","width":160,"height":146,"caption":"Institutia Avocatul Poporului"},"image":{"@id":"https:\/\/avp.ro\/#\/schema\/logo\/image\/"}}]}},"_links":{"self":[{"href":"https:\/\/avp.ro\/index.php\/wp-json\/wp\/v2\/pages\/241","targetHints":{"allow":["GET"]}}],"collection":[{"href":"https:\/\/avp.ro\/index.php\/wp-json\/wp\/v2\/pages"}],"about":[{"href":"https:\/\/avp.ro\/index.php\/wp-json\/wp\/v2\/types\/page"}],"author":[{"embeddable":true,"href":"https:\/\/avp.ro\/index.php\/wp-json\/wp\/v2\/users\/1"}],"replies":[{"embeddable":true,"href":"https:\/\/avp.ro\/index.php\/wp-json\/wp\/v2\/comments?post=241"}],"version-history":[{"count":33,"href":"https:\/\/avp.ro\/index.php\/wp-json\/wp\/v2\/pages\/241\/revisions"}],"predecessor-version":[{"id":15208,"href":"https:\/\/avp.ro\/index.php\/wp-json\/wp\/v2\/pages\/241\/revisions\/15208"}],"up":[{"embeddable":true,"href":"https:\/\/avp.ro\/index.php\/wp-json\/wp\/v2\/pages\/50"}],"wp:featuredmedia":[{"embeddable":true,"href":"https:\/\/avp.ro\/index.php\/wp-json\/wp\/v2\/media\/7"}],"wp:attachment":[{"href":"https:\/\/avp.ro\/index.php\/wp-json\/wp\/v2\/media?parent=241"}],"curies":[{"name":"wp","href":"https:\/\/api.w.org\/{rel}","templated":true}]}}