{"id":2561,"date":"2021-01-25T15:03:26","date_gmt":"2021-01-25T13:03:26","guid":{"rendered":"https:\/\/avp.ro\/?page_id=2561"},"modified":"2021-11-24T13:05:07","modified_gmt":"2021-11-24T11:05:07","slug":"comunicate-de-presa-2021","status":"publish","type":"page","link":"https:\/\/avp.ro\/index.php\/comunicate-de-presa-2021\/","title":{"rendered":"Comunicate de pres\u0103 2021"},"content":{"rendered":"<p>&nbsp;<\/p>\n<p><a href=\"https:\/\/avp.ro\/wp-content\/uploads\/2021\/11\/comunicat-presa-audieri-medici-ATI.pdf\">Comunicat de pres\u0103 &#8211;<\/a> <a href=\"https:\/\/avp.ro\/wp-content\/uploads\/2021\/11\/comunicat-presa-audieri-medici-ATI.pdf\">Po<\/a><a href=\"https:\/\/avp.ro\/wp-content\/uploads\/2021\/11\/comunicat-presa-audieri-medici-ATI.pdf\">zi\u021bia Avocatului Poporului fa\u021b\u0103 de procedurile de audiere a medicilor din sec\u021biile anestezie \u0219i terapie intensiv\u0103 (ATI) \u00een cadrul urm\u0103ririi penale, \u00een actualele condi\u0163ii pandemice, 24 noiembrie 2021<\/a><\/p>\n<p><a href=\"https:\/\/avp.ro\/wp-content\/uploads\/2021\/10\/comunicat-presa-suspendarea-internarilor-pentru-interventii-chirurgicale_6oct2021.pdf\">Comunicat de pres\u0103 &#8211; Avocatul Poporului atrage aten\u021bia asupra consecin\u021belor dezastruoase pe care le-ar avea suspendarea intern\u0103rilor pentru interven\u021bii chirurgicale asupra pacien\u021bilor, 6 octombrie 2021<\/a><\/p>\n<p><a href=\"https:\/\/avp.ro\/wp-content\/uploads\/2021\/09\/comunicat-presa-precizari-ale-AP-ref-proiect-lege-incetare-CIM-unitati-sanitare.pdf\">Comunicat de pres\u0103 &#8211; Preciz\u0103ri ale Avocatului Poporului privind dou\u0103 proiecte de acte normative aflate \u00een proces legislativ: <\/a><\/p>\n<p><strong><em>Proiectul de Lege privind stabilirea unor m\u0103suri \u00een domeniul sanitar, pe perioada st\u0103rii de alert\u0103, pentru personalul din cadrul unor unit\u0103\u021bi publice \u0219i private<\/em><\/strong><\/p>\n<p><strong><em>\u0219i<\/em><\/strong><\/p>\n<p><strong><em>Proiectul de Ordonan\u021b\u0103 de urgen\u021b\u0103 pentru modificarea \u0219i completarea Legii nr. 55\/2020 privind unele m\u0103suri pentru prevenirea \u015fi combaterea efectelor pandemiei de <\/em><\/strong><strong><em>COVID-19<\/em><\/strong><\/p>\n<p><a href=\"https:\/\/avp.ro\/wp-content\/uploads\/2021\/09\/comunicat-presa-precizari-ale-AP-solicitare-revocare-Molnar-Zsolt-1.pdf\">Comunicat de pres\u0103 &#8211; Preciz\u0103ri ale Avocatului Poporului privind solicitarea domnului Dan T\u0103nas\u0103, pre\u0219edintele Comisiei pentru egalitatea de \u015fanse pentru femei \u015fi b\u0103rba\u0163i din Camera Deputa\u021bilor &#8211; 20 septembrie 2021<\/a><\/p>\n<p><a href=\"https:\/\/avp.ro\/wp-content\/uploads\/2021\/06\/comunicat-presa-respingere-rapoarte-AP.pdf\">Comunicat de pres\u0103 &#8211;<\/a> <a href=\"https:\/\/avp.ro\/wp-content\/uploads\/2021\/06\/comunicat-presa-respingere-rapoarte-AP.pdf\">Respingerea<\/a><a href=\"https:\/\/avp.ro\/wp-content\/uploads\/2021\/06\/comunicat-presa-respingere-rapoarte-AP.pdf\"> Rapoartelor de activitate pentru anii 2018, 2019 \u0219i 2020 ale Avocatului Poporului \u00eencalc\u0103 dispozi\u021biile constitu\u021bionale \u0219i legale &#8211; 15 iunie 2021<\/a><\/p>\n<p><a href=\"https:\/\/avp.ro\/wp-content\/uploads\/2021\/05\/comunicat-presa-raport-special-asistenta-psihologica-crap-uri.pdf\">Comunicat de pres\u0103 &#8211; Raport special al Avocatului Poporului privind asisten\u021ba psihologic\u0103 \u00een cadrul centrelor de re\u021binere \u0219i arestare preventiv\u0103 &#8211; 7 mai 2021<\/a><\/p>\n<p><a href=\"https:\/\/avp.ro\/wp-content\/uploads\/2021\/03\/raspuns-autoritati-demersuri-lipsa-apa-calda-si-caldura.pdf\">R\u0103spunsul autorit\u0103\u021bilor cu competen\u021b\u0103 \u00een domeniu, urmare demersurilor \u00eentreprinse de institu\u021bia Avocatul Poporului privind lipsa apei cale \u0219i a c\u0103ldurii \u00een Bucure\u0219ti &#8211; 8 aprilie 2021<\/a><\/p>\n<p style=\"padding-left: 80px;\"><a href=\"https:\/\/avp.ro\/wp-content\/uploads\/2021\/03\/raspuns-PMB.pdf\">&#8211; R\u0103spunsul Prim\u0103riei Municipiului Bucure\u0219ti<\/a><\/p>\n<p style=\"padding-left: 80px;\"><a href=\"https:\/\/avp.ro\/wp-content\/uploads\/2021\/03\/raspuns-Compania-Municipala-Termoenergetica-Bucuresti.pdf\">&#8211; R\u0103spunsurile Companiei Municipale Termoenergetica Bucure\u0219ti SA (CMTEB) 1<\/a><\/p>\n<p style=\"padding-left: 80px;\"><a href=\"https:\/\/avp.ro\/wp-content\/uploads\/2021\/03\/raspuns-Compania-Municipala-Termoenergetica-Bucuresti-2.pdf\">&#8211; R\u0103spunsurile Companiei Municipale Termoenergetica Bucure\u0219ti SA (CMTEB) 2<\/a><\/p>\n<p><a href=\"https:\/\/avp.ro\/wp-content\/uploads\/2021\/03\/comunicat-presa-precizari-ale-AP-nepublicare-hotarari-CNSU-in-MO.pdf\">Comunicat de pres\u0103 &#8211; Preciz\u0103ri ale Avocatului Poporului privind demersurile \u00eentreprinse referitor la nepublicarea \u00een Monitorul Oficial al Rom\u00e2niei Partea I a hot\u0103r\u00e2rilor adoptate de Comitetul Na\u021bional pentru Situa\u021bii de Urgen\u021b\u0103, 31 martie 2021<\/a><\/p>\n<p><a href=\"https:\/\/avp.ro\/wp-content\/uploads\/2021\/03\/Drept-la-replica-solicitat-stiri-pe-surse.pdf\">Comunicat de pres\u0103 &#8211; Avocatul Poporului solicit\u0103 publicarea integral\u0103 pe site-ul publica\u021biei Stiripesurse.ro, a urm\u0103torului Drept la replic\u0103 &#8211; 23 martie 2021<\/a><\/p>\n<p><a href=\"https:\/\/avp.ro\/wp-content\/uploads\/2021\/03\/comunicat-presa-necesitate-reglementare-la-nivel-national-a-contentionarii-pacientilor-care-sunt-internati-in-alte-sectii-decat-cele-de-psihiatrie.pdf\">Comunicat de pres\u0103 &#8211; Avocatul Poporului solicit\u0103 ministrului s\u0103n\u0103t\u0103\u021bii un punct de vedere referitor la necesitatea reglement\u0103rii la nivel na\u021bional a conten\u021bion\u0103rii pacien\u021bilor care sunt interna\u021bi \u00een alte sec\u021bii dec\u00e2t cele de psihiatrie &#8211; 11 martie 2021<\/a><\/p>\n<p><a href=\"https:\/\/avp.ro\/wp-content\/uploads\/2021\/03\/comunicat-presa-situatie-Spital-Judetean-Sibiu.pdf\">Comunicat de pres\u0103 &#8211; Avocatul Poporului trage un semnal de alarm\u0103 privind nevoia de transparen\u021b\u0103 atunci c\u00e2nd persoanele sunt lipsite de libertate \u0219i \u00een imposibilitate de a comunica &#8211; 9 martie 2021<\/a><\/p>\n<p><a href=\"https:\/\/avp.ro\/wp-content\/uploads\/2021\/02\/comunicat-presa-intalnire-AP-reprezentanti-BOR.pdf\">Comunicat de pres\u0103 &#8211; \u00cent\u00e2lnirea Avocatului Poporului cu reprezentan\u021bii Bisericii Ortodoxe Rom\u00e2ne &#8211; 17 februarie 2021<\/a><\/p>\n<p><a href=\"https:\/\/avp.ro\/wp-content\/uploads\/2021\/02\/comunicat-presa-deficit-medici-de-familie-in-mediul-rural.pdf\">Comunicat de pres\u0103 &#8211; Avocatul Poporului efectueaz\u0103 demersuri specifice cu privire la deficitul de medici de familie \u00een mediul rural &#8211; 9 februarie 2021<\/a><\/p>\n<p><a href=\"https:\/\/avp.ro\/wp-content\/uploads\/2021\/01\/comunicat-presa-25-ian-2021.pdf\">Comunicat de pres\u0103 &#8211; Pozi\u021bia Avocatului Poporului cu privire la solicitarea Primarului Sectorului 1 de exprimare a unui punct de vedere \u00een privin\u021ba demol\u0103rii cl\u0103dirilor de patrimoniu \u0219i elimin\u0103rii abuzive a spa\u021biilor verzi &#8211; 25 ianuarie 2021<\/a><\/p>\n","protected":false},"excerpt":{"rendered":"<p>&nbsp; Comunicat de pres\u0103 &#8211; Pozi\u021bia Avocatului Poporului fa\u021b\u0103 de procedurile de audiere a medicilor din sec\u021biile anestezie \u0219i terapie intensiv\u0103 (ATI) \u00een cadrul urm\u0103ririi penale, \u00een actualele condi\u0163ii pandemice,&hellip; <\/p>\n","protected":false},"author":1,"featured_media":0,"parent":0,"menu_order":0,"comment_status":"closed","ping_status":"closed","template":"","meta":{"footnotes":""},"class_list":["post-2561","page","type-page","status-publish","hentry"],"yoast_head":"<!-- This site is optimized with the Yoast SEO plugin v27.3 - https:\/\/yoast.com\/product\/yoast-seo-wordpress\/ -->\n<title>Comunicate de pres\u0103 2021 - Institu\u021bia Avocatul Poporului<\/title>\n<meta name=\"robots\" content=\"index, follow, max-snippet:-1, max-image-preview:large, max-video-preview:-1\" \/>\n<link rel=\"canonical\" href=\"https:\/\/avp.ro\/index.php\/comunicate-de-presa-2021\/\" \/>\n<meta property=\"og:locale\" content=\"en_US\" \/>\n<meta property=\"og:type\" content=\"article\" \/>\n<meta property=\"og:title\" content=\"Comunicate de pres\u0103 2021 - Institu\u021bia Avocatul Poporului\" \/>\n<meta property=\"og:description\" content=\"&nbsp; Comunicat de pres\u0103 &#8211; Pozi\u021bia Avocatului Poporului fa\u021b\u0103 de procedurile de audiere a medicilor din sec\u021biile anestezie \u0219i terapie intensiv\u0103 (ATI) \u00een cadrul urm\u0103ririi penale, \u00een actualele condi\u0163ii pandemice,&hellip;\" \/>\n<meta property=\"og:url\" content=\"https:\/\/avp.ro\/index.php\/comunicate-de-presa-2021\/\" \/>\n<meta property=\"og:site_name\" content=\"Institu\u021bia Avocatul Poporului\" \/>\n<meta property=\"article:modified_time\" content=\"2021-11-24T11:05:07+00:00\" \/>\n<meta name=\"twitter:card\" content=\"summary_large_image\" \/>\n<meta name=\"twitter:label1\" content=\"Est. reading time\" \/>\n\t<meta name=\"twitter:data1\" content=\"2 minutes\" \/>\n<script type=\"application\/ld+json\" class=\"yoast-schema-graph\">{\"@context\":\"https:\\\/\\\/schema.org\",\"@graph\":[{\"@type\":\"WebPage\",\"@id\":\"https:\\\/\\\/avp.ro\\\/index.php\\\/comunicate-de-presa-2021\\\/\",\"url\":\"https:\\\/\\\/avp.ro\\\/index.php\\\/comunicate-de-presa-2021\\\/\",\"name\":\"Comunicate de pres\u0103 2021 - Institu\u021bia Avocatul Poporului\",\"isPartOf\":{\"@id\":\"https:\\\/\\\/avp.ro\\\/#website\"},\"datePublished\":\"2021-01-25T13:03:26+00:00\",\"dateModified\":\"2021-11-24T11:05:07+00:00\",\"breadcrumb\":{\"@id\":\"https:\\\/\\\/avp.ro\\\/index.php\\\/comunicate-de-presa-2021\\\/#breadcrumb\"},\"inLanguage\":\"en-US\",\"potentialAction\":[{\"@type\":\"ReadAction\",\"target\":[\"https:\\\/\\\/avp.ro\\\/index.php\\\/comunicate-de-presa-2021\\\/\"]}]},{\"@type\":\"BreadcrumbList\",\"@id\":\"https:\\\/\\\/avp.ro\\\/index.php\\\/comunicate-de-presa-2021\\\/#breadcrumb\",\"itemListElement\":[{\"@type\":\"ListItem\",\"position\":1,\"name\":\"Home\",\"item\":\"https:\\\/\\\/avp.ro\\\/\"},{\"@type\":\"ListItem\",\"position\":2,\"name\":\"Comunicate de pres\u0103 2021\"}]},{\"@type\":\"WebSite\",\"@id\":\"https:\\\/\\\/avp.ro\\\/#website\",\"url\":\"https:\\\/\\\/avp.ro\\\/\",\"name\":\"Institu\u021bia Avocatul Poporului\",\"description\":\"People\u2019s Advocate institution - Office of the Ombudsman\",\"publisher\":{\"@id\":\"https:\\\/\\\/avp.ro\\\/#organization\"},\"potentialAction\":[{\"@type\":\"SearchAction\",\"target\":{\"@type\":\"EntryPoint\",\"urlTemplate\":\"https:\\\/\\\/avp.ro\\\/?s={search_term_string}\"},\"query-input\":{\"@type\":\"PropertyValueSpecification\",\"valueRequired\":true,\"valueName\":\"search_term_string\"}}],\"inLanguage\":\"en-US\"},{\"@type\":\"Organization\",\"@id\":\"https:\\\/\\\/avp.ro\\\/#organization\",\"name\":\"Institutia Avocatul Poporului\",\"url\":\"https:\\\/\\\/avp.ro\\\/\",\"logo\":{\"@type\":\"ImageObject\",\"inLanguage\":\"en-US\",\"@id\":\"https:\\\/\\\/avp.ro\\\/#\\\/schema\\\/logo\\\/image\\\/\",\"url\":\"https:\\\/\\\/avp.ro\\\/wp-content\\\/uploads\\\/2020\\\/09\\\/cropped-AP.jpg\",\"contentUrl\":\"https:\\\/\\\/avp.ro\\\/wp-content\\\/uploads\\\/2020\\\/09\\\/cropped-AP.jpg\",\"width\":160,\"height\":146,\"caption\":\"Institutia Avocatul Poporului\"},\"image\":{\"@id\":\"https:\\\/\\\/avp.ro\\\/#\\\/schema\\\/logo\\\/image\\\/\"}}]}<\/script>\n<!-- \/ Yoast SEO plugin. -->","yoast_head_json":{"title":"Comunicate de pres\u0103 2021 - Institu\u021bia Avocatul Poporului","robots":{"index":"index","follow":"follow","max-snippet":"max-snippet:-1","max-image-preview":"max-image-preview:large","max-video-preview":"max-video-preview:-1"},"canonical":"https:\/\/avp.ro\/index.php\/comunicate-de-presa-2021\/","og_locale":"en_US","og_type":"article","og_title":"Comunicate de pres\u0103 2021 - Institu\u021bia Avocatul Poporului","og_description":"&nbsp; Comunicat de pres\u0103 &#8211; Pozi\u021bia Avocatului Poporului fa\u021b\u0103 de procedurile de audiere a medicilor din sec\u021biile anestezie \u0219i terapie intensiv\u0103 (ATI) \u00een cadrul urm\u0103ririi penale, \u00een actualele condi\u0163ii pandemice,&hellip;","og_url":"https:\/\/avp.ro\/index.php\/comunicate-de-presa-2021\/","og_site_name":"Institu\u021bia Avocatul Poporului","article_modified_time":"2021-11-24T11:05:07+00:00","twitter_card":"summary_large_image","twitter_misc":{"Est. reading time":"2 minutes"},"schema":{"@context":"https:\/\/schema.org","@graph":[{"@type":"WebPage","@id":"https:\/\/avp.ro\/index.php\/comunicate-de-presa-2021\/","url":"https:\/\/avp.ro\/index.php\/comunicate-de-presa-2021\/","name":"Comunicate de pres\u0103 2021 - Institu\u021bia Avocatul Poporului","isPartOf":{"@id":"https:\/\/avp.ro\/#website"},"datePublished":"2021-01-25T13:03:26+00:00","dateModified":"2021-11-24T11:05:07+00:00","breadcrumb":{"@id":"https:\/\/avp.ro\/index.php\/comunicate-de-presa-2021\/#breadcrumb"},"inLanguage":"en-US","potentialAction":[{"@type":"ReadAction","target":["https:\/\/avp.ro\/index.php\/comunicate-de-presa-2021\/"]}]},{"@type":"BreadcrumbList","@id":"https:\/\/avp.ro\/index.php\/comunicate-de-presa-2021\/#breadcrumb","itemListElement":[{"@type":"ListItem","position":1,"name":"Home","item":"https:\/\/avp.ro\/"},{"@type":"ListItem","position":2,"name":"Comunicate de pres\u0103 2021"}]},{"@type":"WebSite","@id":"https:\/\/avp.ro\/#website","url":"https:\/\/avp.ro\/","name":"Institu\u021bia Avocatul Poporului","description":"People\u2019s Advocate institution - Office of the Ombudsman","publisher":{"@id":"https:\/\/avp.ro\/#organization"},"potentialAction":[{"@type":"SearchAction","target":{"@type":"EntryPoint","urlTemplate":"https:\/\/avp.ro\/?s={search_term_string}"},"query-input":{"@type":"PropertyValueSpecification","valueRequired":true,"valueName":"search_term_string"}}],"inLanguage":"en-US"},{"@type":"Organization","@id":"https:\/\/avp.ro\/#organization","name":"Institutia Avocatul Poporului","url":"https:\/\/avp.ro\/","logo":{"@type":"ImageObject","inLanguage":"en-US","@id":"https:\/\/avp.ro\/#\/schema\/logo\/image\/","url":"https:\/\/avp.ro\/wp-content\/uploads\/2020\/09\/cropped-AP.jpg","contentUrl":"https:\/\/avp.ro\/wp-content\/uploads\/2020\/09\/cropped-AP.jpg","width":160,"height":146,"caption":"Institutia Avocatul Poporului"},"image":{"@id":"https:\/\/avp.ro\/#\/schema\/logo\/image\/"}}]}},"_links":{"self":[{"href":"https:\/\/avp.ro\/index.php\/wp-json\/wp\/v2\/pages\/2561","targetHints":{"allow":["GET"]}}],"collection":[{"href":"https:\/\/avp.ro\/index.php\/wp-json\/wp\/v2\/pages"}],"about":[{"href":"https:\/\/avp.ro\/index.php\/wp-json\/wp\/v2\/types\/page"}],"author":[{"embeddable":true,"href":"https:\/\/avp.ro\/index.php\/wp-json\/wp\/v2\/users\/1"}],"replies":[{"embeddable":true,"href":"https:\/\/avp.ro\/index.php\/wp-json\/wp\/v2\/comments?post=2561"}],"version-history":[{"count":20,"href":"https:\/\/avp.ro\/index.php\/wp-json\/wp\/v2\/pages\/2561\/revisions"}],"predecessor-version":[{"id":4777,"href":"https:\/\/avp.ro\/index.php\/wp-json\/wp\/v2\/pages\/2561\/revisions\/4777"}],"wp:attachment":[{"href":"https:\/\/avp.ro\/index.php\/wp-json\/wp\/v2\/media?parent=2561"}],"curies":[{"name":"wp","href":"https:\/\/api.w.org\/{rel}","templated":true}]}}