{"id":298,"date":"2020-07-27T11:12:09","date_gmt":"2020-07-27T09:12:09","guid":{"rendered":"https:\/\/avp.ro\/?page_id=298"},"modified":"2023-10-12T10:40:36","modified_gmt":"2023-10-12T08:40:36","slug":"domenii-de-activitate","status":"publish","type":"page","link":"https:\/\/avp.ro\/index.php\/domenii-de-activitate\/","title":{"rendered":"DOMENII DE ACTIVITATE"},"content":{"rendered":"<p>&nbsp;<\/p>\n<p>&nbsp;<\/p>\n<p><a href=\"https:\/\/avp.ro\/index.php\/domenii-de-activitate\/domeniul-drepturile-omului-egalitate-de-sanse-intre-barbati-si-femei-culte-religioase-si-minoritati-nationale\/\"><strong>1.<\/strong>\u00a0<strong>Domeniul drepturile omului, egalitate de \u015fanse \u00eentre b\u0103rba\u0163i \u015fi femei, culte religioase \u015fi minorit\u0103\u0163i na\u0163ionale<\/strong><\/a><\/p>\n<p><strong>Molnar Zsolt, adjunct al Avocatului Poporului<\/strong><\/p>\n<p><a href=\"https:\/\/avp.ro\/index.php\/domenii-de-activitate\/domeniul-drepturile-familiei-tinerilor-pensionarilor-persoanelor-cu-handicap\/\"><strong>2. Domeniul drepturile familiei, tinerilor, pensionarilor, persoanelor cu handicap<\/strong><\/a><\/p>\n<p><strong>Cynthia Carmen Deaconescu, adjunct al Avocatului Poporului<\/strong><\/p>\n<p><a href=\"https:\/\/avp.ro\/index.php\/domenii-de-activitate\/domeniul-apararea-protectia-si-promovarea-drepturilor-copilului-avocatul-copilului\/\"><strong>3. Domeniul ap\u0103rarea, protec\u021bia \u0219i promovarea drepturilor copilului \u2013 Avocatul Copilului\u00a0<\/strong><\/a><\/p>\n<p><strong>Ioan G\u00e2nf\u0103lean, adjunct al Avocatului Poporului<\/strong><\/p>\n<p><a href=\"https:\/\/avp.ro\/index.php\/domenii-de-activitate\/domeniul-armata-justitie-politie-penitenciare\/\"><strong>4. Domeniul armat\u0103, justi\u0163ie, poli\u0163ie, penitenciare<\/strong><\/a><\/p>\n<p><strong>Mircea Criste, adjunct al Avocatului Poporului<\/strong><\/p>\n<p><a href=\"https:\/\/avp.ro\/index.php\/domenii-de-activitate\/domeniul-proprietate-munca-protectie-sociala-impozite-si-taxe\/\"><strong>5.\u00a0Domeniul proprietate, munc\u0103, protec\u0163ie social\u0103, impozite \u015fi taxe<\/strong><\/a><\/p>\n<p><strong>Emil Mihai Pa\u0219olea, adjunct al Avocatului Poporului<\/strong><\/p>\n<p><a href=\"https:\/\/avp.ro\/index.php\/domenii-de-activitate\/domeniul-privind-prevenirea-torturii-si-a-altor-pedepse-ori-tratamente-cu-cruzime-inumane-sau-degradante-in-locurile-de-detentie-mnp\/\"><strong>6. Domeniul privind prevenirea torturii \u0219i a altor pedepse ori tratamente cu cruzime, inumane sau degradante<\/strong>\u00a0<strong>\u00een locurile de deten\u021bie &#8211; MNP<\/strong><\/a><\/p>\n<p><strong>Ionel Nicolae, adjunct al Avocatului Poporului<\/strong><\/p>\n<p><strong>\u00a0<\/strong><\/p>\n<p>&nbsp;<\/p>\n","protected":false},"excerpt":{"rendered":"<p>&nbsp; &nbsp; 1.\u00a0Domeniul drepturile omului, egalitate de \u015fanse \u00eentre b\u0103rba\u0163i \u015fi femei, culte religioase \u015fi minorit\u0103\u0163i na\u0163ionale Molnar Zsolt, adjunct al Avocatului Poporului 2. Domeniul drepturile familiei, tinerilor, pensionarilor, persoanelor&hellip; <\/p>\n","protected":false},"author":1,"featured_media":0,"parent":0,"menu_order":4,"comment_status":"closed","ping_status":"closed","template":"","meta":{"footnotes":""},"class_list":["post-298","page","type-page","status-publish","hentry"],"yoast_head":"<!-- This site is optimized with the Yoast SEO plugin v27.4 - https:\/\/yoast.com\/product\/yoast-seo-wordpress\/ -->\n<title>DOMENII DE ACTIVITATE - Institu\u021bia Avocatul Poporului<\/title>\n<meta name=\"robots\" content=\"index, follow, max-snippet:-1, max-image-preview:large, max-video-preview:-1\" \/>\n<link rel=\"canonical\" href=\"https:\/\/avp.ro\/index.php\/domenii-de-activitate\/\" \/>\n<meta property=\"og:locale\" content=\"en_US\" \/>\n<meta property=\"og:type\" content=\"article\" \/>\n<meta property=\"og:title\" content=\"DOMENII DE ACTIVITATE - Institu\u021bia Avocatul Poporului\" \/>\n<meta property=\"og:description\" content=\"&nbsp; &nbsp; 1.\u00a0Domeniul drepturile omului, egalitate de \u015fanse \u00eentre b\u0103rba\u0163i \u015fi femei, culte religioase \u015fi minorit\u0103\u0163i na\u0163ionale Molnar Zsolt, adjunct al Avocatului Poporului 2. Domeniul drepturile familiei, tinerilor, pensionarilor, persoanelor&hellip;\" \/>\n<meta property=\"og:url\" content=\"https:\/\/avp.ro\/index.php\/domenii-de-activitate\/\" \/>\n<meta property=\"og:site_name\" content=\"Institu\u021bia Avocatul Poporului\" \/>\n<meta property=\"article:modified_time\" content=\"2023-10-12T08:40:36+00:00\" \/>\n<meta name=\"twitter:card\" content=\"summary_large_image\" \/>\n<meta name=\"twitter:label1\" content=\"Est. reading time\" \/>\n\t<meta name=\"twitter:data1\" content=\"1 minute\" \/>\n<script type=\"application\/ld+json\" class=\"yoast-schema-graph\">{\"@context\":\"https:\\\/\\\/schema.org\",\"@graph\":[{\"@type\":\"WebPage\",\"@id\":\"https:\\\/\\\/avp.ro\\\/index.php\\\/domenii-de-activitate\\\/\",\"url\":\"https:\\\/\\\/avp.ro\\\/index.php\\\/domenii-de-activitate\\\/\",\"name\":\"DOMENII DE ACTIVITATE - Institu\u021bia Avocatul Poporului\",\"isPartOf\":{\"@id\":\"https:\\\/\\\/avp.ro\\\/#website\"},\"datePublished\":\"2020-07-27T09:12:09+00:00\",\"dateModified\":\"2023-10-12T08:40:36+00:00\",\"breadcrumb\":{\"@id\":\"https:\\\/\\\/avp.ro\\\/index.php\\\/domenii-de-activitate\\\/#breadcrumb\"},\"inLanguage\":\"en-US\",\"potentialAction\":[{\"@type\":\"ReadAction\",\"target\":[\"https:\\\/\\\/avp.ro\\\/index.php\\\/domenii-de-activitate\\\/\"]}]},{\"@type\":\"BreadcrumbList\",\"@id\":\"https:\\\/\\\/avp.ro\\\/index.php\\\/domenii-de-activitate\\\/#breadcrumb\",\"itemListElement\":[{\"@type\":\"ListItem\",\"position\":1,\"name\":\"Home\",\"item\":\"https:\\\/\\\/avp.ro\\\/\"},{\"@type\":\"ListItem\",\"position\":2,\"name\":\"DOMENII DE ACTIVITATE\"}]},{\"@type\":\"WebSite\",\"@id\":\"https:\\\/\\\/avp.ro\\\/#website\",\"url\":\"https:\\\/\\\/avp.ro\\\/\",\"name\":\"Institu\u021bia Avocatul Poporului\",\"description\":\"People\u2019s Advocate institution - Office of the Ombudsman\",\"publisher\":{\"@id\":\"https:\\\/\\\/avp.ro\\\/#organization\"},\"potentialAction\":[{\"@type\":\"SearchAction\",\"target\":{\"@type\":\"EntryPoint\",\"urlTemplate\":\"https:\\\/\\\/avp.ro\\\/?s={search_term_string}\"},\"query-input\":{\"@type\":\"PropertyValueSpecification\",\"valueRequired\":true,\"valueName\":\"search_term_string\"}}],\"inLanguage\":\"en-US\"},{\"@type\":\"Organization\",\"@id\":\"https:\\\/\\\/avp.ro\\\/#organization\",\"name\":\"Institutia Avocatul Poporului\",\"url\":\"https:\\\/\\\/avp.ro\\\/\",\"logo\":{\"@type\":\"ImageObject\",\"inLanguage\":\"en-US\",\"@id\":\"https:\\\/\\\/avp.ro\\\/#\\\/schema\\\/logo\\\/image\\\/\",\"url\":\"https:\\\/\\\/avp.ro\\\/wp-content\\\/uploads\\\/2020\\\/09\\\/cropped-AP.jpg\",\"contentUrl\":\"https:\\\/\\\/avp.ro\\\/wp-content\\\/uploads\\\/2020\\\/09\\\/cropped-AP.jpg\",\"width\":160,\"height\":146,\"caption\":\"Institutia Avocatul Poporului\"},\"image\":{\"@id\":\"https:\\\/\\\/avp.ro\\\/#\\\/schema\\\/logo\\\/image\\\/\"}}]}<\/script>\n<!-- \/ Yoast SEO plugin. -->","yoast_head_json":{"title":"DOMENII DE ACTIVITATE - Institu\u021bia Avocatul Poporului","robots":{"index":"index","follow":"follow","max-snippet":"max-snippet:-1","max-image-preview":"max-image-preview:large","max-video-preview":"max-video-preview:-1"},"canonical":"https:\/\/avp.ro\/index.php\/domenii-de-activitate\/","og_locale":"en_US","og_type":"article","og_title":"DOMENII DE ACTIVITATE - Institu\u021bia Avocatul Poporului","og_description":"&nbsp; &nbsp; 1.\u00a0Domeniul drepturile omului, egalitate de \u015fanse \u00eentre b\u0103rba\u0163i \u015fi femei, culte religioase \u015fi minorit\u0103\u0163i na\u0163ionale Molnar Zsolt, adjunct al Avocatului Poporului 2. Domeniul drepturile familiei, tinerilor, pensionarilor, persoanelor&hellip;","og_url":"https:\/\/avp.ro\/index.php\/domenii-de-activitate\/","og_site_name":"Institu\u021bia Avocatul Poporului","article_modified_time":"2023-10-12T08:40:36+00:00","twitter_card":"summary_large_image","twitter_misc":{"Est. reading time":"1 minute"},"schema":{"@context":"https:\/\/schema.org","@graph":[{"@type":"WebPage","@id":"https:\/\/avp.ro\/index.php\/domenii-de-activitate\/","url":"https:\/\/avp.ro\/index.php\/domenii-de-activitate\/","name":"DOMENII DE ACTIVITATE - Institu\u021bia Avocatul Poporului","isPartOf":{"@id":"https:\/\/avp.ro\/#website"},"datePublished":"2020-07-27T09:12:09+00:00","dateModified":"2023-10-12T08:40:36+00:00","breadcrumb":{"@id":"https:\/\/avp.ro\/index.php\/domenii-de-activitate\/#breadcrumb"},"inLanguage":"en-US","potentialAction":[{"@type":"ReadAction","target":["https:\/\/avp.ro\/index.php\/domenii-de-activitate\/"]}]},{"@type":"BreadcrumbList","@id":"https:\/\/avp.ro\/index.php\/domenii-de-activitate\/#breadcrumb","itemListElement":[{"@type":"ListItem","position":1,"name":"Home","item":"https:\/\/avp.ro\/"},{"@type":"ListItem","position":2,"name":"DOMENII DE ACTIVITATE"}]},{"@type":"WebSite","@id":"https:\/\/avp.ro\/#website","url":"https:\/\/avp.ro\/","name":"Institu\u021bia Avocatul Poporului","description":"People\u2019s Advocate institution - Office of the Ombudsman","publisher":{"@id":"https:\/\/avp.ro\/#organization"},"potentialAction":[{"@type":"SearchAction","target":{"@type":"EntryPoint","urlTemplate":"https:\/\/avp.ro\/?s={search_term_string}"},"query-input":{"@type":"PropertyValueSpecification","valueRequired":true,"valueName":"search_term_string"}}],"inLanguage":"en-US"},{"@type":"Organization","@id":"https:\/\/avp.ro\/#organization","name":"Institutia Avocatul Poporului","url":"https:\/\/avp.ro\/","logo":{"@type":"ImageObject","inLanguage":"en-US","@id":"https:\/\/avp.ro\/#\/schema\/logo\/image\/","url":"https:\/\/avp.ro\/wp-content\/uploads\/2020\/09\/cropped-AP.jpg","contentUrl":"https:\/\/avp.ro\/wp-content\/uploads\/2020\/09\/cropped-AP.jpg","width":160,"height":146,"caption":"Institutia Avocatul Poporului"},"image":{"@id":"https:\/\/avp.ro\/#\/schema\/logo\/image\/"}}]}},"_links":{"self":[{"href":"https:\/\/avp.ro\/index.php\/wp-json\/wp\/v2\/pages\/298","targetHints":{"allow":["GET"]}}],"collection":[{"href":"https:\/\/avp.ro\/index.php\/wp-json\/wp\/v2\/pages"}],"about":[{"href":"https:\/\/avp.ro\/index.php\/wp-json\/wp\/v2\/types\/page"}],"author":[{"embeddable":true,"href":"https:\/\/avp.ro\/index.php\/wp-json\/wp\/v2\/users\/1"}],"replies":[{"embeddable":true,"href":"https:\/\/avp.ro\/index.php\/wp-json\/wp\/v2\/comments?post=298"}],"version-history":[{"count":13,"href":"https:\/\/avp.ro\/index.php\/wp-json\/wp\/v2\/pages\/298\/revisions"}],"predecessor-version":[{"id":9891,"href":"https:\/\/avp.ro\/index.php\/wp-json\/wp\/v2\/pages\/298\/revisions\/9891"}],"wp:attachment":[{"href":"https:\/\/avp.ro\/index.php\/wp-json\/wp\/v2\/media?parent=298"}],"curies":[{"name":"wp","href":"https:\/\/api.w.org\/{rel}","templated":true}]}}