{"id":300,"date":"2020-07-27T11:20:45","date_gmt":"2020-07-27T09:20:45","guid":{"rendered":"https:\/\/avp.ro\/?page_id=300"},"modified":"2025-11-25T13:00:16","modified_gmt":"2025-11-25T11:00:16","slug":"domeniul-drepturile-omului-egalitate-de-sanse-intre-barbati-si-femei-culte-religioase-si-minoritati-nationale","status":"publish","type":"page","link":"https:\/\/avp.ro\/index.php\/domenii-de-activitate\/domeniul-drepturile-omului-egalitate-de-sanse-intre-barbati-si-femei-culte-religioase-si-minoritati-nationale\/","title":{"rendered":"Domeniul drepturile omului, egalitate de \u015fanse \u00eentre b\u0103rba\u0163i \u015fi femei, culte religioase \u015fi minorit\u0103\u0163i na\u0163ionale"},"content":{"rendered":"<p>&nbsp;<\/p>\n<p style=\"padding-left: 40px;\"><em><a href=\"https:\/\/avp.ro\/index.php\/domenii-de-activitate\/domeniul-drepturile-omului-egalitate-de-sanse-intre-barbati-si-femei-culte-religioase-si-minoritati-nationale\/competente-generale\/\"><strong>Competen\u021be generale<\/strong><\/a><\/em><\/p>\n<p style=\"padding-left: 40px;\"><a href=\"https:\/\/avp.ro\/index.php\/domenii-de-activitate\/domeniul-drepturile-omului-egalitate-de-sanse-intre-barbati-si-femei-culte-religioase-si-minoritati-nationale\/activitate\/\"><strong>Activitate<\/strong><\/a><\/p>\n<p style=\"padding-left: 40px;\"><a href=\"https:\/\/avp.ro\/index.php\/domenii-de-activitate\/domeniul-drepturile-omului-egalitate-de-sanse-intre-barbati-si-femei-culte-religioase-si-minoritati-nationale\/prezentare\/\"><em><strong>Prezentare<\/strong><\/em><\/a><\/p>\n","protected":false},"excerpt":{"rendered":"<p>&nbsp; Competen\u021be generale Activitate Prezentare<\/p>\n","protected":false},"author":1,"featured_media":0,"parent":298,"menu_order":0,"comment_status":"closed","ping_status":"closed","template":"","meta":{"footnotes":""},"class_list":["post-300","page","type-page","status-publish","hentry"],"yoast_head":"<!-- This site is optimized with the Yoast SEO plugin v27.2 - https:\/\/yoast.com\/product\/yoast-seo-wordpress\/ -->\n<title>Domeniul drepturile omului, egalitate de \u015fanse \u00eentre b\u0103rba\u0163i \u015fi femei, culte religioase \u015fi minorit\u0103\u0163i na\u0163ionale - Institu\u021bia Avocatul Poporului<\/title>\n<meta name=\"robots\" content=\"index, follow, max-snippet:-1, max-image-preview:large, max-video-preview:-1\" \/>\n<link rel=\"canonical\" href=\"https:\/\/avp.ro\/index.php\/domenii-de-activitate\/domeniul-drepturile-omului-egalitate-de-sanse-intre-barbati-si-femei-culte-religioase-si-minoritati-nationale\/\" \/>\n<meta property=\"og:locale\" content=\"en_US\" \/>\n<meta property=\"og:type\" content=\"article\" \/>\n<meta property=\"og:title\" content=\"Domeniul drepturile omului, egalitate de \u015fanse \u00eentre b\u0103rba\u0163i \u015fi femei, culte religioase \u015fi minorit\u0103\u0163i na\u0163ionale - Institu\u021bia Avocatul Poporului\" \/>\n<meta property=\"og:description\" content=\"&nbsp; Competen\u021be generale Activitate Prezentare\" \/>\n<meta property=\"og:url\" content=\"https:\/\/avp.ro\/index.php\/domenii-de-activitate\/domeniul-drepturile-omului-egalitate-de-sanse-intre-barbati-si-femei-culte-religioase-si-minoritati-nationale\/\" \/>\n<meta property=\"og:site_name\" content=\"Institu\u021bia Avocatul Poporului\" \/>\n<meta property=\"article:modified_time\" content=\"2025-11-25T11:00:16+00:00\" \/>\n<meta name=\"twitter:card\" content=\"summary_large_image\" \/>\n<meta name=\"twitter:label1\" content=\"Est. reading time\" \/>\n\t<meta name=\"twitter:data1\" content=\"1 minute\" \/>\n<script type=\"application\/ld+json\" class=\"yoast-schema-graph\">{\"@context\":\"https:\/\/schema.org\",\"@graph\":[{\"@type\":\"WebPage\",\"@id\":\"https:\/\/avp.ro\/index.php\/domenii-de-activitate\/domeniul-drepturile-omului-egalitate-de-sanse-intre-barbati-si-femei-culte-religioase-si-minoritati-nationale\/\",\"url\":\"https:\/\/avp.ro\/index.php\/domenii-de-activitate\/domeniul-drepturile-omului-egalitate-de-sanse-intre-barbati-si-femei-culte-religioase-si-minoritati-nationale\/\",\"name\":\"Domeniul drepturile omului, egalitate de \u015fanse \u00eentre b\u0103rba\u0163i \u015fi femei, culte religioase \u015fi minorit\u0103\u0163i na\u0163ionale - Institu\u021bia Avocatul Poporului\",\"isPartOf\":{\"@id\":\"https:\/\/avp.ro\/#website\"},\"datePublished\":\"2020-07-27T09:20:45+00:00\",\"dateModified\":\"2025-11-25T11:00:16+00:00\",\"breadcrumb\":{\"@id\":\"https:\/\/avp.ro\/index.php\/domenii-de-activitate\/domeniul-drepturile-omului-egalitate-de-sanse-intre-barbati-si-femei-culte-religioase-si-minoritati-nationale\/#breadcrumb\"},\"inLanguage\":\"en-US\",\"potentialAction\":[{\"@type\":\"ReadAction\",\"target\":[\"https:\/\/avp.ro\/index.php\/domenii-de-activitate\/domeniul-drepturile-omului-egalitate-de-sanse-intre-barbati-si-femei-culte-religioase-si-minoritati-nationale\/\"]}]},{\"@type\":\"BreadcrumbList\",\"@id\":\"https:\/\/avp.ro\/index.php\/domenii-de-activitate\/domeniul-drepturile-omului-egalitate-de-sanse-intre-barbati-si-femei-culte-religioase-si-minoritati-nationale\/#breadcrumb\",\"itemListElement\":[{\"@type\":\"ListItem\",\"position\":1,\"name\":\"Home\",\"item\":\"https:\/\/avp.ro\/\"},{\"@type\":\"ListItem\",\"position\":2,\"name\":\"DOMENII DE ACTIVITATE\",\"item\":\"https:\/\/avp.ro\/index.php\/domenii-de-activitate\/\"},{\"@type\":\"ListItem\",\"position\":3,\"name\":\"Domeniul drepturile omului, egalitate de \u015fanse \u00eentre b\u0103rba\u0163i \u015fi femei, culte religioase \u015fi minorit\u0103\u0163i na\u0163ionale\"}]},{\"@type\":\"WebSite\",\"@id\":\"https:\/\/avp.ro\/#website\",\"url\":\"https:\/\/avp.ro\/\",\"name\":\"Institu\u021bia Avocatul Poporului\",\"description\":\"People\u2019s Advocate institution - Office of the Ombudsman\",\"publisher\":{\"@id\":\"https:\/\/avp.ro\/#organization\"},\"potentialAction\":[{\"@type\":\"SearchAction\",\"target\":{\"@type\":\"EntryPoint\",\"urlTemplate\":\"https:\/\/avp.ro\/?s={search_term_string}\"},\"query-input\":{\"@type\":\"PropertyValueSpecification\",\"valueRequired\":true,\"valueName\":\"search_term_string\"}}],\"inLanguage\":\"en-US\"},{\"@type\":\"Organization\",\"@id\":\"https:\/\/avp.ro\/#organization\",\"name\":\"Institutia Avocatul Poporului\",\"url\":\"https:\/\/avp.ro\/\",\"logo\":{\"@type\":\"ImageObject\",\"inLanguage\":\"en-US\",\"@id\":\"https:\/\/avp.ro\/#\/schema\/logo\/image\/\",\"url\":\"https:\/\/avp.ro\/wp-content\/uploads\/2020\/09\/cropped-AP.jpg\",\"contentUrl\":\"https:\/\/avp.ro\/wp-content\/uploads\/2020\/09\/cropped-AP.jpg\",\"width\":160,\"height\":146,\"caption\":\"Institutia Avocatul Poporului\"},\"image\":{\"@id\":\"https:\/\/avp.ro\/#\/schema\/logo\/image\/\"}}]}<\/script>\n<!-- \/ Yoast SEO plugin. -->","yoast_head_json":{"title":"Domeniul drepturile omului, egalitate de \u015fanse \u00eentre b\u0103rba\u0163i \u015fi femei, culte religioase \u015fi minorit\u0103\u0163i na\u0163ionale - Institu\u021bia Avocatul Poporului","robots":{"index":"index","follow":"follow","max-snippet":"max-snippet:-1","max-image-preview":"max-image-preview:large","max-video-preview":"max-video-preview:-1"},"canonical":"https:\/\/avp.ro\/index.php\/domenii-de-activitate\/domeniul-drepturile-omului-egalitate-de-sanse-intre-barbati-si-femei-culte-religioase-si-minoritati-nationale\/","og_locale":"en_US","og_type":"article","og_title":"Domeniul drepturile omului, egalitate de \u015fanse \u00eentre b\u0103rba\u0163i \u015fi femei, culte religioase \u015fi minorit\u0103\u0163i na\u0163ionale - Institu\u021bia Avocatul Poporului","og_description":"&nbsp; Competen\u021be generale Activitate Prezentare","og_url":"https:\/\/avp.ro\/index.php\/domenii-de-activitate\/domeniul-drepturile-omului-egalitate-de-sanse-intre-barbati-si-femei-culte-religioase-si-minoritati-nationale\/","og_site_name":"Institu\u021bia Avocatul Poporului","article_modified_time":"2025-11-25T11:00:16+00:00","twitter_card":"summary_large_image","twitter_misc":{"Est. reading time":"1 minute"},"schema":{"@context":"https:\/\/schema.org","@graph":[{"@type":"WebPage","@id":"https:\/\/avp.ro\/index.php\/domenii-de-activitate\/domeniul-drepturile-omului-egalitate-de-sanse-intre-barbati-si-femei-culte-religioase-si-minoritati-nationale\/","url":"https:\/\/avp.ro\/index.php\/domenii-de-activitate\/domeniul-drepturile-omului-egalitate-de-sanse-intre-barbati-si-femei-culte-religioase-si-minoritati-nationale\/","name":"Domeniul drepturile omului, egalitate de \u015fanse \u00eentre b\u0103rba\u0163i \u015fi femei, culte religioase \u015fi minorit\u0103\u0163i na\u0163ionale - Institu\u021bia Avocatul Poporului","isPartOf":{"@id":"https:\/\/avp.ro\/#website"},"datePublished":"2020-07-27T09:20:45+00:00","dateModified":"2025-11-25T11:00:16+00:00","breadcrumb":{"@id":"https:\/\/avp.ro\/index.php\/domenii-de-activitate\/domeniul-drepturile-omului-egalitate-de-sanse-intre-barbati-si-femei-culte-religioase-si-minoritati-nationale\/#breadcrumb"},"inLanguage":"en-US","potentialAction":[{"@type":"ReadAction","target":["https:\/\/avp.ro\/index.php\/domenii-de-activitate\/domeniul-drepturile-omului-egalitate-de-sanse-intre-barbati-si-femei-culte-religioase-si-minoritati-nationale\/"]}]},{"@type":"BreadcrumbList","@id":"https:\/\/avp.ro\/index.php\/domenii-de-activitate\/domeniul-drepturile-omului-egalitate-de-sanse-intre-barbati-si-femei-culte-religioase-si-minoritati-nationale\/#breadcrumb","itemListElement":[{"@type":"ListItem","position":1,"name":"Home","item":"https:\/\/avp.ro\/"},{"@type":"ListItem","position":2,"name":"DOMENII DE ACTIVITATE","item":"https:\/\/avp.ro\/index.php\/domenii-de-activitate\/"},{"@type":"ListItem","position":3,"name":"Domeniul drepturile omului, egalitate de \u015fanse \u00eentre b\u0103rba\u0163i \u015fi femei, culte religioase \u015fi minorit\u0103\u0163i na\u0163ionale"}]},{"@type":"WebSite","@id":"https:\/\/avp.ro\/#website","url":"https:\/\/avp.ro\/","name":"Institu\u021bia Avocatul Poporului","description":"People\u2019s Advocate institution - Office of the Ombudsman","publisher":{"@id":"https:\/\/avp.ro\/#organization"},"potentialAction":[{"@type":"SearchAction","target":{"@type":"EntryPoint","urlTemplate":"https:\/\/avp.ro\/?s={search_term_string}"},"query-input":{"@type":"PropertyValueSpecification","valueRequired":true,"valueName":"search_term_string"}}],"inLanguage":"en-US"},{"@type":"Organization","@id":"https:\/\/avp.ro\/#organization","name":"Institutia Avocatul Poporului","url":"https:\/\/avp.ro\/","logo":{"@type":"ImageObject","inLanguage":"en-US","@id":"https:\/\/avp.ro\/#\/schema\/logo\/image\/","url":"https:\/\/avp.ro\/wp-content\/uploads\/2020\/09\/cropped-AP.jpg","contentUrl":"https:\/\/avp.ro\/wp-content\/uploads\/2020\/09\/cropped-AP.jpg","width":160,"height":146,"caption":"Institutia Avocatul Poporului"},"image":{"@id":"https:\/\/avp.ro\/#\/schema\/logo\/image\/"}}]}},"_links":{"self":[{"href":"https:\/\/avp.ro\/index.php\/wp-json\/wp\/v2\/pages\/300","targetHints":{"allow":["GET"]}}],"collection":[{"href":"https:\/\/avp.ro\/index.php\/wp-json\/wp\/v2\/pages"}],"about":[{"href":"https:\/\/avp.ro\/index.php\/wp-json\/wp\/v2\/types\/page"}],"author":[{"embeddable":true,"href":"https:\/\/avp.ro\/index.php\/wp-json\/wp\/v2\/users\/1"}],"replies":[{"embeddable":true,"href":"https:\/\/avp.ro\/index.php\/wp-json\/wp\/v2\/comments?post=300"}],"version-history":[{"count":14,"href":"https:\/\/avp.ro\/index.php\/wp-json\/wp\/v2\/pages\/300\/revisions"}],"predecessor-version":[{"id":14831,"href":"https:\/\/avp.ro\/index.php\/wp-json\/wp\/v2\/pages\/300\/revisions\/14831"}],"up":[{"embeddable":true,"href":"https:\/\/avp.ro\/index.php\/wp-json\/wp\/v2\/pages\/298"}],"wp:attachment":[{"href":"https:\/\/avp.ro\/index.php\/wp-json\/wp\/v2\/media?parent=300"}],"curies":[{"name":"wp","href":"https:\/\/api.w.org\/{rel}","templated":true}]}}