{"id":3423,"date":"2021-05-13T13:14:01","date_gmt":"2021-05-13T11:14:01","guid":{"rendered":"https:\/\/avp.ro\/?page_id=3423"},"modified":"2022-07-26T11:54:12","modified_gmt":"2022-07-26T09:54:12","slug":"spitale-de-psihiatrie-2021","status":"publish","type":"page","link":"https:\/\/avp.ro\/index.php\/spitale-de-psihiatrie-2021\/","title":{"rendered":"SPITALE DE PSIHIATRIE 2021"},"content":{"rendered":"<p>&nbsp;<\/p>\n<p><strong><em>SPITALE DE PSIHIATRIE<\/em><\/strong><\/p>\n<p>5. <a href=\"https:\/\/avp.ro\/wp-content\/uploads\/2022\/03\/Raport-vizita-Spital-de-Boli-Psihice-Cronice-Borsa.pdf\">Raport privind vizita desf\u0103\u0219urat\u0103 la Spitalul de Boli Psihice Cronice Bor\u0219a, jude\u021bul Cluj<\/a><\/p>\n<p style=\"padding-left: 40px;\"><a href=\"https:\/\/avp.ro\/wp-content\/uploads\/2022\/06\/Raspunsul-conducerii-Spitalului-de-Boli-Psihice-Cronice-Borsa-jud-Cluj.pdf\">&#8211; R\u0103spunsul conducerii Spitalului de Boli Psihice Cronice Bor\u0219a, jude\u021bul Cluj<\/a><\/p>\n<p>4. <a href=\"https:\/\/avp.ro\/wp-content\/uploads\/2021\/12\/Raport-Spitalul-de-Psihiatrie-Titan-\u201eConstantin-Gorgos.pdf\">Raport privind vizita efectuat\u0103 la Spitalul de Psihiatrie Titan \u201eConstantin Gorgos\u201d<\/a><\/p>\n<p style=\"padding-left: 40px;\"><a href=\"https:\/\/avp.ro\/wp-content\/uploads\/2022\/03\/Raspuns-Spital-de-Psihiatrie-Titan-Dr.-Constantin-Gorgos.pdf\">&#8211; R\u0103spunsul Spitalului de Psihiatrie Titan \u201dDr. Constantin Gorgos\u201d Bucure\u0219ti\u00a0<\/a><\/p>\n<p style=\"padding-left: 40px;\"><a href=\"https:\/\/avp.ro\/wp-content\/uploads\/2022\/04\/Raspuns-ASSMB.pdf\">&#8211; R\u0103spunsul Administra\u021biei Spitalelor \u0219i Serviciilor Medicale Bucure\u0219ti\u00a0<\/a><\/p>\n<p>3. <a href=\"https:\/\/avp.ro\/wp-content\/uploads\/2021\/11\/Raport-Spitalul-de-Psihiatrie-Gataia.pdf\">Raport privind vizita efectuat\u0103 la Spitalul de Psihiatrie G\u0103taia, jude\u021bul Timi\u0219<\/a><\/p>\n<p style=\"padding-left: 40px;\"><a href=\"https:\/\/avp.ro\/wp-content\/uploads\/2022\/01\/Raspuns-Recomandari-Spit.-Psihiatrie-Gataia.pdf\">&#8211; R\u0103spunsul Spitalului de Psihiatrie G\u0103taia, jude\u021bul Timi\u0219<\/a><\/p>\n<p>2. <a href=\"https:\/\/avp.ro\/wp-content\/uploads\/2021\/11\/Spitalul-de-Psihiatrie-Poroschia.pdf\">Raport privind vizita efectuat\u0103 la Spitalul de Psihiatrie Poroschia, jude\u021bul Teleorman<\/a><\/p>\n<p style=\"padding-left: 40px;\"><a href=\"https:\/\/avp.ro\/wp-content\/uploads\/2021\/12\/Raspuns-Spitalul-de-psihiatrie-Poroschia.pdf\">&#8211; R\u0103spunsul Spitalului de Psihiatrie Poroschia<\/a><\/p>\n<p style=\"padding-left: 40px;\"><a href=\"https:\/\/avp.ro\/wp-content\/uploads\/2022\/07\/Raspuns-Ministerul-Sanatatii-2.pdf\">&#8211; R\u0103spunsul Ministerului S\u0103n\u0103t\u0103\u021bii\u00a0<\/a><\/p>\n<p>1. <a href=\"https:\/\/avp.ro\/wp-content\/uploads\/2021\/08\/Raport-Spital-Roman.pdf\">Raport privind vizita efectuat\u0103 la Spitalul de Psihiatrie \u201dSf. Nicolae\u201d Roman, jude\u021bul Neam\u021b<\/a><\/p>\n<p style=\"padding-left: 40px;\"><a href=\"https:\/\/avp.ro\/wp-content\/uploads\/2021\/12\/Raspuns-Spitalul-de-psihiatrie-Roman.pdf\">&#8211; R\u0103spunsul Spitalului de Psihiatrie \u201dSf. Nicolae\u201d Roman<\/a><\/p>\n","protected":false},"excerpt":{"rendered":"<p>&nbsp; SPITALE DE PSIHIATRIE 5. Raport privind vizita desf\u0103\u0219urat\u0103 la Spitalul de Boli Psihice Cronice Bor\u0219a, jude\u021bul Cluj &#8211; R\u0103spunsul conducerii Spitalului de Boli Psihice Cronice Bor\u0219a, jude\u021bul Cluj 4.&hellip; <\/p>\n","protected":false},"author":1,"featured_media":0,"parent":0,"menu_order":0,"comment_status":"closed","ping_status":"closed","template":"","meta":{"footnotes":""},"class_list":["post-3423","page","type-page","status-publish","hentry"],"yoast_head":"<!-- This site is optimized with the Yoast SEO plugin v27.3 - https:\/\/yoast.com\/product\/yoast-seo-wordpress\/ -->\n<title>SPITALE DE PSIHIATRIE 2021 - Institu\u021bia Avocatul Poporului<\/title>\n<meta name=\"robots\" content=\"index, follow, max-snippet:-1, max-image-preview:large, max-video-preview:-1\" \/>\n<link rel=\"canonical\" href=\"https:\/\/avp.ro\/index.php\/spitale-de-psihiatrie-2021\/\" \/>\n<meta property=\"og:locale\" content=\"en_US\" \/>\n<meta property=\"og:type\" content=\"article\" \/>\n<meta property=\"og:title\" content=\"SPITALE DE PSIHIATRIE 2021 - Institu\u021bia Avocatul Poporului\" \/>\n<meta property=\"og:description\" content=\"&nbsp; SPITALE DE PSIHIATRIE 5. Raport privind vizita desf\u0103\u0219urat\u0103 la Spitalul de Boli Psihice Cronice Bor\u0219a, jude\u021bul Cluj &#8211; R\u0103spunsul conducerii Spitalului de Boli Psihice Cronice Bor\u0219a, jude\u021bul Cluj 4.&hellip;\" \/>\n<meta property=\"og:url\" content=\"https:\/\/avp.ro\/index.php\/spitale-de-psihiatrie-2021\/\" \/>\n<meta property=\"og:site_name\" content=\"Institu\u021bia Avocatul Poporului\" \/>\n<meta property=\"article:modified_time\" content=\"2022-07-26T09:54:12+00:00\" \/>\n<meta name=\"twitter:card\" content=\"summary_large_image\" \/>\n<meta name=\"twitter:label1\" content=\"Est. reading time\" \/>\n\t<meta name=\"twitter:data1\" content=\"1 minute\" \/>\n<script type=\"application\/ld+json\" class=\"yoast-schema-graph\">{\"@context\":\"https:\\\/\\\/schema.org\",\"@graph\":[{\"@type\":\"WebPage\",\"@id\":\"https:\\\/\\\/avp.ro\\\/index.php\\\/spitale-de-psihiatrie-2021\\\/\",\"url\":\"https:\\\/\\\/avp.ro\\\/index.php\\\/spitale-de-psihiatrie-2021\\\/\",\"name\":\"SPITALE DE PSIHIATRIE 2021 - Institu\u021bia Avocatul Poporului\",\"isPartOf\":{\"@id\":\"https:\\\/\\\/avp.ro\\\/#website\"},\"datePublished\":\"2021-05-13T11:14:01+00:00\",\"dateModified\":\"2022-07-26T09:54:12+00:00\",\"breadcrumb\":{\"@id\":\"https:\\\/\\\/avp.ro\\\/index.php\\\/spitale-de-psihiatrie-2021\\\/#breadcrumb\"},\"inLanguage\":\"en-US\",\"potentialAction\":[{\"@type\":\"ReadAction\",\"target\":[\"https:\\\/\\\/avp.ro\\\/index.php\\\/spitale-de-psihiatrie-2021\\\/\"]}]},{\"@type\":\"BreadcrumbList\",\"@id\":\"https:\\\/\\\/avp.ro\\\/index.php\\\/spitale-de-psihiatrie-2021\\\/#breadcrumb\",\"itemListElement\":[{\"@type\":\"ListItem\",\"position\":1,\"name\":\"Home\",\"item\":\"https:\\\/\\\/avp.ro\\\/\"},{\"@type\":\"ListItem\",\"position\":2,\"name\":\"SPITALE DE PSIHIATRIE 2021\"}]},{\"@type\":\"WebSite\",\"@id\":\"https:\\\/\\\/avp.ro\\\/#website\",\"url\":\"https:\\\/\\\/avp.ro\\\/\",\"name\":\"Institu\u021bia Avocatul Poporului\",\"description\":\"People\u2019s Advocate institution - Office of the Ombudsman\",\"publisher\":{\"@id\":\"https:\\\/\\\/avp.ro\\\/#organization\"},\"potentialAction\":[{\"@type\":\"SearchAction\",\"target\":{\"@type\":\"EntryPoint\",\"urlTemplate\":\"https:\\\/\\\/avp.ro\\\/?s={search_term_string}\"},\"query-input\":{\"@type\":\"PropertyValueSpecification\",\"valueRequired\":true,\"valueName\":\"search_term_string\"}}],\"inLanguage\":\"en-US\"},{\"@type\":\"Organization\",\"@id\":\"https:\\\/\\\/avp.ro\\\/#organization\",\"name\":\"Institutia Avocatul Poporului\",\"url\":\"https:\\\/\\\/avp.ro\\\/\",\"logo\":{\"@type\":\"ImageObject\",\"inLanguage\":\"en-US\",\"@id\":\"https:\\\/\\\/avp.ro\\\/#\\\/schema\\\/logo\\\/image\\\/\",\"url\":\"https:\\\/\\\/avp.ro\\\/wp-content\\\/uploads\\\/2020\\\/09\\\/cropped-AP.jpg\",\"contentUrl\":\"https:\\\/\\\/avp.ro\\\/wp-content\\\/uploads\\\/2020\\\/09\\\/cropped-AP.jpg\",\"width\":160,\"height\":146,\"caption\":\"Institutia Avocatul Poporului\"},\"image\":{\"@id\":\"https:\\\/\\\/avp.ro\\\/#\\\/schema\\\/logo\\\/image\\\/\"}}]}<\/script>\n<!-- \/ Yoast SEO plugin. -->","yoast_head_json":{"title":"SPITALE DE PSIHIATRIE 2021 - Institu\u021bia Avocatul Poporului","robots":{"index":"index","follow":"follow","max-snippet":"max-snippet:-1","max-image-preview":"max-image-preview:large","max-video-preview":"max-video-preview:-1"},"canonical":"https:\/\/avp.ro\/index.php\/spitale-de-psihiatrie-2021\/","og_locale":"en_US","og_type":"article","og_title":"SPITALE DE PSIHIATRIE 2021 - Institu\u021bia Avocatul Poporului","og_description":"&nbsp; SPITALE DE PSIHIATRIE 5. Raport privind vizita desf\u0103\u0219urat\u0103 la Spitalul de Boli Psihice Cronice Bor\u0219a, jude\u021bul Cluj &#8211; R\u0103spunsul conducerii Spitalului de Boli Psihice Cronice Bor\u0219a, jude\u021bul Cluj 4.&hellip;","og_url":"https:\/\/avp.ro\/index.php\/spitale-de-psihiatrie-2021\/","og_site_name":"Institu\u021bia Avocatul Poporului","article_modified_time":"2022-07-26T09:54:12+00:00","twitter_card":"summary_large_image","twitter_misc":{"Est. reading time":"1 minute"},"schema":{"@context":"https:\/\/schema.org","@graph":[{"@type":"WebPage","@id":"https:\/\/avp.ro\/index.php\/spitale-de-psihiatrie-2021\/","url":"https:\/\/avp.ro\/index.php\/spitale-de-psihiatrie-2021\/","name":"SPITALE DE PSIHIATRIE 2021 - Institu\u021bia Avocatul Poporului","isPartOf":{"@id":"https:\/\/avp.ro\/#website"},"datePublished":"2021-05-13T11:14:01+00:00","dateModified":"2022-07-26T09:54:12+00:00","breadcrumb":{"@id":"https:\/\/avp.ro\/index.php\/spitale-de-psihiatrie-2021\/#breadcrumb"},"inLanguage":"en-US","potentialAction":[{"@type":"ReadAction","target":["https:\/\/avp.ro\/index.php\/spitale-de-psihiatrie-2021\/"]}]},{"@type":"BreadcrumbList","@id":"https:\/\/avp.ro\/index.php\/spitale-de-psihiatrie-2021\/#breadcrumb","itemListElement":[{"@type":"ListItem","position":1,"name":"Home","item":"https:\/\/avp.ro\/"},{"@type":"ListItem","position":2,"name":"SPITALE DE PSIHIATRIE 2021"}]},{"@type":"WebSite","@id":"https:\/\/avp.ro\/#website","url":"https:\/\/avp.ro\/","name":"Institu\u021bia Avocatul Poporului","description":"People\u2019s Advocate institution - Office of the Ombudsman","publisher":{"@id":"https:\/\/avp.ro\/#organization"},"potentialAction":[{"@type":"SearchAction","target":{"@type":"EntryPoint","urlTemplate":"https:\/\/avp.ro\/?s={search_term_string}"},"query-input":{"@type":"PropertyValueSpecification","valueRequired":true,"valueName":"search_term_string"}}],"inLanguage":"en-US"},{"@type":"Organization","@id":"https:\/\/avp.ro\/#organization","name":"Institutia Avocatul Poporului","url":"https:\/\/avp.ro\/","logo":{"@type":"ImageObject","inLanguage":"en-US","@id":"https:\/\/avp.ro\/#\/schema\/logo\/image\/","url":"https:\/\/avp.ro\/wp-content\/uploads\/2020\/09\/cropped-AP.jpg","contentUrl":"https:\/\/avp.ro\/wp-content\/uploads\/2020\/09\/cropped-AP.jpg","width":160,"height":146,"caption":"Institutia Avocatul Poporului"},"image":{"@id":"https:\/\/avp.ro\/#\/schema\/logo\/image\/"}}]}},"_links":{"self":[{"href":"https:\/\/avp.ro\/index.php\/wp-json\/wp\/v2\/pages\/3423","targetHints":{"allow":["GET"]}}],"collection":[{"href":"https:\/\/avp.ro\/index.php\/wp-json\/wp\/v2\/pages"}],"about":[{"href":"https:\/\/avp.ro\/index.php\/wp-json\/wp\/v2\/types\/page"}],"author":[{"embeddable":true,"href":"https:\/\/avp.ro\/index.php\/wp-json\/wp\/v2\/users\/1"}],"replies":[{"embeddable":true,"href":"https:\/\/avp.ro\/index.php\/wp-json\/wp\/v2\/comments?post=3423"}],"version-history":[{"count":16,"href":"https:\/\/avp.ro\/index.php\/wp-json\/wp\/v2\/pages\/3423\/revisions"}],"predecessor-version":[{"id":6942,"href":"https:\/\/avp.ro\/index.php\/wp-json\/wp\/v2\/pages\/3423\/revisions\/6942"}],"wp:attachment":[{"href":"https:\/\/avp.ro\/index.php\/wp-json\/wp\/v2\/media?parent=3423"}],"curies":[{"name":"wp","href":"https:\/\/api.w.org\/{rel}","templated":true}]}}