{"id":3434,"date":"2021-05-13T13:26:04","date_gmt":"2021-05-13T11:26:04","guid":{"rendered":"https:\/\/avp.ro\/?page_id=3434"},"modified":"2022-11-03T10:55:12","modified_gmt":"2022-11-03T08:55:12","slug":"camine-pentru-persoane-varstnice-2021","status":"publish","type":"page","link":"https:\/\/avp.ro\/index.php\/camine-pentru-persoane-varstnice-2021\/","title":{"rendered":"C\u0102MINE PENTRU PERSOANE V\u00c2RSTNICE 2021"},"content":{"rendered":"<p>&nbsp;<\/p>\n<p><strong><em>C\u0102MINE PENTRU PERSOANE V\u00c2RSTNICE<\/em><\/strong><\/p>\n<p>17. <a href=\"https:\/\/avp.ro\/wp-content\/uploads\/2022\/09\/Raport-Caminul-pentru-persoane-varstnice-Peris.pdf\">Raportul privind vizita efectuat\u0103 la C\u0103minul pentru Persoane V\u00e2rstnice Peri\u0219, jude\u021bul Ilfov<\/a><\/p>\n<p style=\"padding-left: 40px;\"><a href=\"https:\/\/avp.ro\/wp-content\/uploads\/2022\/11\/Raspuns-Caminul-pentru-Persoane-Varstnice-Peris.pdf\">&#8211; R\u0103spunsul primit de la C\u0103minul pentru Persoane V\u00e2rstnice Peri\u0219<\/a><\/p>\n<p>16. <a href=\"https:\/\/avp.ro\/wp-content\/uploads\/2021\/12\/20211214144506.pdf\">Raportul privind vizita efectuat\u0103\u00a0 la Centrul pentru Persoane V\u00e2rstnice San Francesco, jud. Giurgiu<\/a><\/p>\n<p>15. <a href=\"https:\/\/avp.ro\/wp-content\/uploads\/2021\/11\/Raport-CPV-Sf-Ilie-Galati.pdf\">Raportul privind vizita efectuat\u0103 la C\u0103minul pentru persoane v\u00e2rstnice \u201dSf. Ilie\u201d Gala\u021bi<\/a><\/p>\n<p style=\"padding-left: 40px;\"><a href=\"https:\/\/avp.ro\/wp-content\/uploads\/2021\/12\/raspuns-CPV-Sf-Ilie-Galati.pdf\">&#8211; R\u0103spunsul conducerii C\u0103minului pentru Persoane V\u00e2rstnice \u201d Sf. Ilie\u201d Gala\u021bi<\/a><\/p>\n<p>14. <a href=\"https:\/\/avp.ro\/wp-content\/uploads\/2021\/11\/Centrul-de-Ingrijire-si-Asistenta-pentru-Persoane-Varstnice-Sf-Ana.pdf\">Raport privind vizita efectuat\u0103 la Centrul de \u00cengrijire \u0219i Asisten\u021b\u0103 pentru Persoane V\u00e2rstnice \u201eSf. Ana\u201d, municipiul Bucure\u0219ti<\/a><\/p>\n<p style=\"padding-left: 40px;\"><a href=\"https:\/\/avp.ro\/wp-content\/uploads\/2021\/12\/Raspunsul-DGASPC.pdf\">&#8211; R\u0103spunsul primit de la DGASPC sector 3, Bucure\u0219ti<\/a><\/p>\n<p>13. <a href=\"https:\/\/avp.ro\/wp-content\/uploads\/2021\/11\/raport-BUNICII-VJ-2021.pdf\">Raportul privind vizita efectuat\u0103 la Asocia\u021bia \u201eBunicii V\u0103ii Jiului\u201d Petro\u0219ani, jude\u021bul Hunedoara<\/a><\/p>\n<p style=\"padding-left: 40px;\">-R\u0103spunsul conducerii Asocia\u021biei \u201eBunicii V\u0103ii Jiului\u201d Petro\u0219ani, jude\u021bul Hunedoara <a href=\"https:\/\/avp.ro\/wp-content\/uploads\/2022\/09\/Raspuns-1-As-BVJ-Petrosani.pdf\">1<\/a> <a href=\"https:\/\/avp.ro\/wp-content\/uploads\/2022\/09\/Raspuns-2-As-BVJ-Petrosani.pdf\">2<\/a><\/p>\n<p>12. <a href=\"https:\/\/avp.ro\/wp-content\/uploads\/2021\/10\/RV-CPV-Sf.-Teodor_Rosiori-de-Vede.pdf\">Raportul privind vizita efectuat\u0103 la C\u0103minul de b\u0103tr\u00e2ni ,,Sf\u00e2ntul Teodor\u201d, Ro\u0219iori de Vede, jude\u021b Teleorman<\/a><\/p>\n<p style=\"padding-left: 40px;\"><a href=\"https:\/\/avp.ro\/wp-content\/uploads\/2021\/11\/Raspuns-CPV-SfTeodor_Rosiori-de-Vede.pdf\">-R\u0103spunsul primit de la conducerea C\u0103minului de b\u0103tr\u00e2ni ,,Sf\u00e2ntul Teodor\u201d, Ro\u0219iori de Vede, jud. Teleorman<\/a><\/p>\n<p>11. <a href=\"https:\/\/avp.ro\/wp-content\/uploads\/2021\/09\/Raport-CPV-Smeeni.pdf\">Raportul privind vizita desf\u0103\u0219urat\u0103 la C\u0103minul pentru persoane v\u00e2rstnice Smeeni, jud. Buz\u0103u<\/a><\/p>\n<p style=\"padding-left: 40px;\"><a href=\"https:\/\/avp.ro\/wp-content\/uploads\/2021\/09\/Raspuns-DGASPC-Buzau.pdf\">-R\u0103spunsul primit de la Direc\u021bia General\u0103 de Asisten\u021b\u0103 Social\u0103 \u0219i Protec\u021bia Copilului Buz\u0103u<\/a><\/p>\n<p style=\"padding-left: 40px;\"><a href=\"https:\/\/avp.ro\/wp-content\/uploads\/2021\/09\/Raspuns-CPV-Smeeni.pdf\">-R\u0103spunsul primit de la C\u0103minul pentru persoane v\u00e2rstnice Smeeni<\/a><\/p>\n<p style=\"padding-left: 40px;\"><a href=\"https:\/\/avp.ro\/wp-content\/uploads\/2021\/12\/Raspuns-DGASPC-Buzau-3.pdf\">-R\u0103spunsul Direc\u021biei Generale de Asisten\u021b\u0103 Social\u0103 \u0219i Protec\u021bia Copilului Buz\u0103u\u00a0<\/a><\/p>\n<p>10. <a href=\"https:\/\/avp.ro\/wp-content\/uploads\/2021\/09\/Raport-privind-vizita-desfasurata-la-Caminul-pentru-persoane-varstnice-Sfanta-Maria-comuna-Unirea-judetul-Calarasi.pdf\">Raportul privind vizita desf\u0103\u0219urat\u0103 la C\u0103minul pentru persoane v\u00e2rstnice \u201dSf\u00e2nta Maria\u201d comuna Unirea, jude\u021bul C\u0103l\u0103ra\u0219i<\/a><\/p>\n<p style=\"padding-left: 40px;\"><a href=\"https:\/\/avp.ro\/wp-content\/uploads\/2022\/10\/Raspuns-Primaria-comunei-Unirea.pdf\">-R\u0103spunsul primit de la Prim\u0103ria comunei Unirea<\/a><\/p>\n<p style=\"padding-left: 40px;\"><a href=\"https:\/\/avp.ro\/wp-content\/uploads\/2022\/10\/Raspuns-AJPIS-Calarasi.pdf\">-R\u0103spunsul primit de la AJPIS C\u0103l\u0103ra\u0219i<\/a><\/p>\n<p>9. <a href=\"https:\/\/avp.ro\/wp-content\/uploads\/2021\/07\/Raport-Caminul-pentru-persoane-varstnice-Slatina.pdf\">Raportul privind vizita efectuat\u0103 la Caminul pentru persoane varstnice Slatina, jude\u021bul Olt<\/a><\/p>\n<p style=\"padding-left: 40px;\"><a href=\"https:\/\/avp.ro\/wp-content\/uploads\/2021\/09\/raspuns-DGASPC-Olt.pdf\">-R\u0103spunsul primit de la\u00a0DGASPC Olt<\/a><\/p>\n<p>8. <a href=\"https:\/\/avp.ro\/wp-content\/uploads\/2021\/07\/Raport_Armonia_2021.pdf\">Raportul privind vizita desf\u0103\u0219urat\u0103 la C\u0103minul de B\u0103tr\u00e2ni \u201cArmonia\u201d, Bucure\u0219ti<\/a><\/p>\n<p style=\"padding-left: 40px;\"><a href=\"https:\/\/avp.ro\/wp-content\/uploads\/2021\/09\/raspuns_crpv_armonia.pdf\">-R\u0103spunsul primit de la Centrul Reziden\u021bial pentru Persoane V\u00e2rstnice \u201cArmonia\u201d<\/a><\/p>\n<p>7. <a href=\"https:\/\/avp.ro\/wp-content\/uploads\/2021\/07\/Raport_7_2021.pdf\">Raportul privind vizita desf\u0103\u0219urat\u0103 la C\u0103minul de B\u0103tr\u00e2ni \u201dSanotour\u201d, comuna Izvoarele, sat Homor\u00e2ciu<\/a><\/p>\n<p style=\"padding-left: 40px;\"><a href=\"https:\/\/avp.ro\/wp-content\/uploads\/2021\/09\/Centrul-de-ingrijire-pentru-Persoane-Varstnice-Sanotour.pdf\">-R\u0103spunsul primit de la Centrul de \u00cengrijire pentru Persoane V\u00e2rstnice Sanotour<\/a><\/p>\n<p>6. <a href=\"https:\/\/avp.ro\/wp-content\/uploads\/2021\/07\/Raport-Caminul-pentru-Batrani-Badeni.pdf\">Raportul privind vizita desf\u0103\u0219urat\u0103 la C\u0103minul pentru B\u0103tr\u00e2ni B\u0103deni, Asocia\u021bia \u201cIstri\u021ba\u201d, Jude\u021bul Buz\u0103u<\/a><\/p>\n<p style=\"padding-left: 40px;\"><a href=\"https:\/\/avp.ro\/wp-content\/uploads\/2021\/09\/raspuns_Badeni.pdf\">&#8211; R\u0103spunsul primit de la Asocia\u021bia Istri\u021ba &#8211; A\u0219ez\u0103m\u00e2nt pentru B\u0103tr\u00e2ni \u201cSf. Andrei\u201d, pentru C\u0103minul de B\u0103tr\u00e2ni B\u0103deni, jude\u021bul Buz\u0103u<\/a><\/p>\n<p>5. <a href=\"https:\/\/avp.ro\/wp-content\/uploads\/2021\/05\/raport_caminul-ptr-pers-varstnice-brasov.pdf\">Raportul privind vizita desf\u0103\u0219urat\u0103 la C\u0103minul pentru Persoane V\u00e2rstnice Bra\u0219ov, jude\u021bul Bra\u0219ov<\/a><\/p>\n<p style=\"padding-left: 40px;\"><a href=\"https:\/\/avp.ro\/wp-content\/uploads\/2021\/07\/raspuns5_2021.pdf\">-R\u0103spunsul primit de la Direc\u021bia de Asisten\u021b\u0103 Social\u0103 Bra\u0219ov<\/a><\/p>\n<p>4. <a href=\"https:\/\/avp.ro\/wp-content\/uploads\/2021\/04\/raport_pvmangalia.pdf\">Raportul privind vizita efectuat\u0103 la C\u0103minul pentru Persoane V\u00e2rstnice Mangalia<\/a><\/p>\n<p style=\"padding-left: 40px;\"><a href=\"https:\/\/avp.ro\/wp-content\/uploads\/2021\/07\/Raspunsul-primit-de-la-Directia-Asistenta-Sociala-Mangalia.pdf\">&#8211; R\u0103spunsul primit de la Direc\u021bia Asisten\u021b\u0103 Social\u0103 Mangalia, pentru C\u0103minul de B\u0103tr\u00e2ni Mangalia<\/a><\/p>\n<p>3. <a href=\"https:\/\/avp.ro\/wp-content\/uploads\/2021\/04\/raport_cpvsperanta_2021.pdf\">Raportul privind vizita efectuat\u0103 la Centrul pentru Persoane V\u00e2rstnice Speran\u021ba Bucure\u0219ti<\/a><\/p>\n<p style=\"padding-left: 40px;\"><a href=\"https:\/\/avp.ro\/wp-content\/uploads\/2021\/07\/raspuns-Directia-Generala-de-Asistenta-Sociala-si-Protectia-Copilului.pdf\">&#8211; R\u0103spunsul primit de la Direc\u021bia General\u0103 de Asisten\u021b\u0103 Social\u0103 \u0219i Protec\u021bia Copilului Sector 2<\/a><\/p>\n<p>2. <a href=\"https:\/\/avp.ro\/wp-content\/uploads\/2021\/03\/Raport-de-vizita-CRPV-Odobesti_2021.pdf\">Raportul privind vizita efectuat\u0103 la Centrul Reziden\u021bial pentru Persoane V\u00e2rstnice Odobe\u0219ti, jude\u021bul Vrancea\u00a0<\/a><\/p>\n<p style=\"padding-left: 40px;\"><a href=\"https:\/\/avp.ro\/wp-content\/uploads\/2021\/04\/Raspuns-CRPV-Odobesti.pdf\">\u2013 R\u0103spunsul primit de la DGASPC Vrancea<\/a><\/p>\n<p>1. <a href=\"https:\/\/avp.ro\/wp-content\/uploads\/2021\/03\/raport-sky-angel_2020.pdf\">Raportul privind vizita efectuat\u0103 la Centrul Reziden\u021bial pentru Persoane V\u00e2rstnice \u201cSky Angel\u201d, jude\u021bul Giurgiu<\/a><\/p>\n<p style=\"padding-left: 40px;\"><a href=\"https:\/\/avp.ro\/wp-content\/uploads\/2021\/04\/raspuns1_2021.pdf\">\u2013 R\u0103spunsul primit de la Centrul Reziden\u021bial pentru Persoane V\u00e2rstnice \u201cSky Angel\u201d<\/a><\/p>\n","protected":false},"excerpt":{"rendered":"<p>&nbsp; C\u0102MINE PENTRU PERSOANE V\u00c2RSTNICE 17. Raportul privind vizita efectuat\u0103 la C\u0103minul pentru Persoane V\u00e2rstnice Peri\u0219, jude\u021bul Ilfov &#8211; R\u0103spunsul primit de la C\u0103minul pentru Persoane V\u00e2rstnice Peri\u0219 16. Raportul&hellip; <\/p>\n","protected":false},"author":1,"featured_media":0,"parent":0,"menu_order":0,"comment_status":"closed","ping_status":"closed","template":"","meta":{"footnotes":""},"class_list":["post-3434","page","type-page","status-publish","hentry"],"yoast_head":"<!-- This site is optimized with the Yoast SEO plugin v27.3 - https:\/\/yoast.com\/product\/yoast-seo-wordpress\/ -->\n<title>C\u0102MINE PENTRU PERSOANE V\u00c2RSTNICE 2021 - Institu\u021bia Avocatul Poporului<\/title>\n<meta name=\"robots\" content=\"index, follow, max-snippet:-1, max-image-preview:large, max-video-preview:-1\" \/>\n<link rel=\"canonical\" href=\"https:\/\/avp.ro\/index.php\/camine-pentru-persoane-varstnice-2021\/\" \/>\n<meta property=\"og:locale\" content=\"en_US\" \/>\n<meta property=\"og:type\" content=\"article\" \/>\n<meta property=\"og:title\" content=\"C\u0102MINE PENTRU PERSOANE V\u00c2RSTNICE 2021 - Institu\u021bia Avocatul Poporului\" \/>\n<meta property=\"og:description\" content=\"&nbsp; C\u0102MINE PENTRU PERSOANE V\u00c2RSTNICE 17. Raportul privind vizita efectuat\u0103 la C\u0103minul pentru Persoane V\u00e2rstnice Peri\u0219, jude\u021bul Ilfov &#8211; R\u0103spunsul primit de la C\u0103minul pentru Persoane V\u00e2rstnice Peri\u0219 16. Raportul&hellip;\" \/>\n<meta property=\"og:url\" content=\"https:\/\/avp.ro\/index.php\/camine-pentru-persoane-varstnice-2021\/\" \/>\n<meta property=\"og:site_name\" content=\"Institu\u021bia Avocatul Poporului\" \/>\n<meta property=\"article:modified_time\" content=\"2022-11-03T08:55:12+00:00\" \/>\n<meta name=\"twitter:card\" content=\"summary_large_image\" \/>\n<meta name=\"twitter:label1\" content=\"Est. reading time\" \/>\n\t<meta name=\"twitter:data1\" content=\"2 minutes\" \/>\n<script type=\"application\/ld+json\" class=\"yoast-schema-graph\">{\"@context\":\"https:\\\/\\\/schema.org\",\"@graph\":[{\"@type\":\"WebPage\",\"@id\":\"https:\\\/\\\/avp.ro\\\/index.php\\\/camine-pentru-persoane-varstnice-2021\\\/\",\"url\":\"https:\\\/\\\/avp.ro\\\/index.php\\\/camine-pentru-persoane-varstnice-2021\\\/\",\"name\":\"C\u0102MINE PENTRU PERSOANE V\u00c2RSTNICE 2021 - Institu\u021bia Avocatul Poporului\",\"isPartOf\":{\"@id\":\"https:\\\/\\\/avp.ro\\\/#website\"},\"datePublished\":\"2021-05-13T11:26:04+00:00\",\"dateModified\":\"2022-11-03T08:55:12+00:00\",\"breadcrumb\":{\"@id\":\"https:\\\/\\\/avp.ro\\\/index.php\\\/camine-pentru-persoane-varstnice-2021\\\/#breadcrumb\"},\"inLanguage\":\"en-US\",\"potentialAction\":[{\"@type\":\"ReadAction\",\"target\":[\"https:\\\/\\\/avp.ro\\\/index.php\\\/camine-pentru-persoane-varstnice-2021\\\/\"]}]},{\"@type\":\"BreadcrumbList\",\"@id\":\"https:\\\/\\\/avp.ro\\\/index.php\\\/camine-pentru-persoane-varstnice-2021\\\/#breadcrumb\",\"itemListElement\":[{\"@type\":\"ListItem\",\"position\":1,\"name\":\"Home\",\"item\":\"https:\\\/\\\/avp.ro\\\/\"},{\"@type\":\"ListItem\",\"position\":2,\"name\":\"C\u0102MINE PENTRU PERSOANE V\u00c2RSTNICE 2021\"}]},{\"@type\":\"WebSite\",\"@id\":\"https:\\\/\\\/avp.ro\\\/#website\",\"url\":\"https:\\\/\\\/avp.ro\\\/\",\"name\":\"Institu\u021bia Avocatul Poporului\",\"description\":\"People\u2019s Advocate institution - Office of the Ombudsman\",\"publisher\":{\"@id\":\"https:\\\/\\\/avp.ro\\\/#organization\"},\"potentialAction\":[{\"@type\":\"SearchAction\",\"target\":{\"@type\":\"EntryPoint\",\"urlTemplate\":\"https:\\\/\\\/avp.ro\\\/?s={search_term_string}\"},\"query-input\":{\"@type\":\"PropertyValueSpecification\",\"valueRequired\":true,\"valueName\":\"search_term_string\"}}],\"inLanguage\":\"en-US\"},{\"@type\":\"Organization\",\"@id\":\"https:\\\/\\\/avp.ro\\\/#organization\",\"name\":\"Institutia Avocatul Poporului\",\"url\":\"https:\\\/\\\/avp.ro\\\/\",\"logo\":{\"@type\":\"ImageObject\",\"inLanguage\":\"en-US\",\"@id\":\"https:\\\/\\\/avp.ro\\\/#\\\/schema\\\/logo\\\/image\\\/\",\"url\":\"https:\\\/\\\/avp.ro\\\/wp-content\\\/uploads\\\/2020\\\/09\\\/cropped-AP.jpg\",\"contentUrl\":\"https:\\\/\\\/avp.ro\\\/wp-content\\\/uploads\\\/2020\\\/09\\\/cropped-AP.jpg\",\"width\":160,\"height\":146,\"caption\":\"Institutia Avocatul Poporului\"},\"image\":{\"@id\":\"https:\\\/\\\/avp.ro\\\/#\\\/schema\\\/logo\\\/image\\\/\"}}]}<\/script>\n<!-- \/ Yoast SEO plugin. -->","yoast_head_json":{"title":"C\u0102MINE PENTRU PERSOANE V\u00c2RSTNICE 2021 - Institu\u021bia Avocatul Poporului","robots":{"index":"index","follow":"follow","max-snippet":"max-snippet:-1","max-image-preview":"max-image-preview:large","max-video-preview":"max-video-preview:-1"},"canonical":"https:\/\/avp.ro\/index.php\/camine-pentru-persoane-varstnice-2021\/","og_locale":"en_US","og_type":"article","og_title":"C\u0102MINE PENTRU PERSOANE V\u00c2RSTNICE 2021 - Institu\u021bia Avocatul Poporului","og_description":"&nbsp; C\u0102MINE PENTRU PERSOANE V\u00c2RSTNICE 17. Raportul privind vizita efectuat\u0103 la C\u0103minul pentru Persoane V\u00e2rstnice Peri\u0219, jude\u021bul Ilfov &#8211; R\u0103spunsul primit de la C\u0103minul pentru Persoane V\u00e2rstnice Peri\u0219 16. Raportul&hellip;","og_url":"https:\/\/avp.ro\/index.php\/camine-pentru-persoane-varstnice-2021\/","og_site_name":"Institu\u021bia Avocatul Poporului","article_modified_time":"2022-11-03T08:55:12+00:00","twitter_card":"summary_large_image","twitter_misc":{"Est. reading time":"2 minutes"},"schema":{"@context":"https:\/\/schema.org","@graph":[{"@type":"WebPage","@id":"https:\/\/avp.ro\/index.php\/camine-pentru-persoane-varstnice-2021\/","url":"https:\/\/avp.ro\/index.php\/camine-pentru-persoane-varstnice-2021\/","name":"C\u0102MINE PENTRU PERSOANE V\u00c2RSTNICE 2021 - Institu\u021bia Avocatul Poporului","isPartOf":{"@id":"https:\/\/avp.ro\/#website"},"datePublished":"2021-05-13T11:26:04+00:00","dateModified":"2022-11-03T08:55:12+00:00","breadcrumb":{"@id":"https:\/\/avp.ro\/index.php\/camine-pentru-persoane-varstnice-2021\/#breadcrumb"},"inLanguage":"en-US","potentialAction":[{"@type":"ReadAction","target":["https:\/\/avp.ro\/index.php\/camine-pentru-persoane-varstnice-2021\/"]}]},{"@type":"BreadcrumbList","@id":"https:\/\/avp.ro\/index.php\/camine-pentru-persoane-varstnice-2021\/#breadcrumb","itemListElement":[{"@type":"ListItem","position":1,"name":"Home","item":"https:\/\/avp.ro\/"},{"@type":"ListItem","position":2,"name":"C\u0102MINE PENTRU PERSOANE V\u00c2RSTNICE 2021"}]},{"@type":"WebSite","@id":"https:\/\/avp.ro\/#website","url":"https:\/\/avp.ro\/","name":"Institu\u021bia Avocatul Poporului","description":"People\u2019s Advocate institution - Office of the Ombudsman","publisher":{"@id":"https:\/\/avp.ro\/#organization"},"potentialAction":[{"@type":"SearchAction","target":{"@type":"EntryPoint","urlTemplate":"https:\/\/avp.ro\/?s={search_term_string}"},"query-input":{"@type":"PropertyValueSpecification","valueRequired":true,"valueName":"search_term_string"}}],"inLanguage":"en-US"},{"@type":"Organization","@id":"https:\/\/avp.ro\/#organization","name":"Institutia Avocatul Poporului","url":"https:\/\/avp.ro\/","logo":{"@type":"ImageObject","inLanguage":"en-US","@id":"https:\/\/avp.ro\/#\/schema\/logo\/image\/","url":"https:\/\/avp.ro\/wp-content\/uploads\/2020\/09\/cropped-AP.jpg","contentUrl":"https:\/\/avp.ro\/wp-content\/uploads\/2020\/09\/cropped-AP.jpg","width":160,"height":146,"caption":"Institutia Avocatul Poporului"},"image":{"@id":"https:\/\/avp.ro\/#\/schema\/logo\/image\/"}}]}},"_links":{"self":[{"href":"https:\/\/avp.ro\/index.php\/wp-json\/wp\/v2\/pages\/3434","targetHints":{"allow":["GET"]}}],"collection":[{"href":"https:\/\/avp.ro\/index.php\/wp-json\/wp\/v2\/pages"}],"about":[{"href":"https:\/\/avp.ro\/index.php\/wp-json\/wp\/v2\/types\/page"}],"author":[{"embeddable":true,"href":"https:\/\/avp.ro\/index.php\/wp-json\/wp\/v2\/users\/1"}],"replies":[{"embeddable":true,"href":"https:\/\/avp.ro\/index.php\/wp-json\/wp\/v2\/comments?post=3434"}],"version-history":[{"count":36,"href":"https:\/\/avp.ro\/index.php\/wp-json\/wp\/v2\/pages\/3434\/revisions"}],"predecessor-version":[{"id":7616,"href":"https:\/\/avp.ro\/index.php\/wp-json\/wp\/v2\/pages\/3434\/revisions\/7616"}],"wp:attachment":[{"href":"https:\/\/avp.ro\/index.php\/wp-json\/wp\/v2\/media?parent=3434"}],"curies":[{"name":"wp","href":"https:\/\/api.w.org\/{rel}","templated":true}]}}