{"id":3597,"date":"2021-05-28T08:47:04","date_gmt":"2021-05-28T06:47:04","guid":{"rendered":"https:\/\/avp.ro\/?page_id=3597"},"modified":"2025-01-20T14:25:45","modified_gmt":"2025-01-20T12:25:45","slug":"documente-adoptate-de-organismele-internationale","status":"publish","type":"page","link":"https:\/\/avp.ro\/index.php\/prezentare\/relatii-internationale\/documente-adoptate-de-organismele-internationale\/","title":{"rendered":"Documente adoptate de organismele interna\u021bionale"},"content":{"rendered":"<p>&nbsp;<\/p>\n<p>&nbsp;<\/p>\n<p style=\"padding-left: 40px; text-align: justify;\"><strong><a href=\"https:\/\/avp.ro\/wp-content\/uploads\/2024\/12\/UN-Res-on-OM-A_79_177_RO.pdf\">Rezolu\u021bie adoptat\u0103 de Adunarea General\u0103 la 17 decembrie 2024 &#8211; Rolul institu\u021biilor Ombudsmanului \u0219i mediatorului \u00een promovarea \u0219i protec\u021bia drepturilor omului, a bunei guvern\u0103ri \u0219i a statului de drept<\/a><\/strong><\/p>\n<p style=\"padding-left: 40px; text-align: justify;\"><strong>Arta Ombudsmanului: Gestionarea op\u021biunilor \u0219i principiilor strategice &#8211;\u00a0<\/strong><strong><a href=\"https:\/\/avp.ro\/wp-content\/uploads\/2024\/04\/Discurs-Emily-OReilly-Haga-RO.pdf\">Discursul doamnei Emily O\u2019Reilly, Ombudsmanul European, la cea de-a 13-a conferin\u021b\u0103 mondial\u0103 a Institutului Interna\u021bional al Ombudsmanului, care a avut loc la Haga, Regatul \u021a\u0103rilor de Jos, \u00een perioada 14-17 mai 2024<\/a><\/strong><\/p>\n<p style=\"padding-left: 40px; text-align: justify;\"><strong><a href=\"https:\/\/avp.ro\/wp-content\/uploads\/2024\/04\/document_ro_184090.pdf\">Declara\u021bie privind alegerile europarlamentare, 6-9 iunie 2024<\/a><\/strong><\/p>\n<p style=\"padding-left: 40px; text-align: justify;\"><strong><a href=\"https:\/\/avp.ro\/wp-content\/uploads\/2022\/05\/Declaratie-privind-Ucraina.pdf\">Declara\u021bie privind Ucraina, 27-28 aprilie 2022<\/a><\/strong><\/p>\n<p style=\"padding-left: 40px; text-align: justify;\"><strong><a href=\"https:\/\/avp.ro\/wp-content\/uploads\/2021\/07\/Declaratia-de-la-Monaco-AOMF-RO.pdf\">Declara\u021bia de la Monaco, adoptat\u0103 la Congresul Asocia\u021biei Ombudsmanilor \u0219i Mediatorilor Francofoni \u2013 AOMF, 12-13 iulie 2021<\/a>\u00a0 \u00a0 \u00a0<a href=\"https:\/\/avp.ro\/wp-content\/uploads\/2021\/07\/Declaration-de-Monaco-2021-AOMF.pdf\"><img loading=\"lazy\" decoding=\"async\" class=\"wp-image-4121 alignnone\" src=\"https:\/\/avp.ro\/wp-content\/uploads\/2021\/07\/fr.png\" alt=\"\" width=\"27\" height=\"18\" \/><\/a><\/strong><\/p>\n<p style=\"padding-left: 40px; text-align: justify;\"><strong><a href=\"https:\/\/avp.ro\/wp-content\/uploads\/2021\/06\/The-EU-queries-A-form-of-extra-judicial-preliminary-reference-in-the-field-of-maladministration.pdf\">The EU Queries: A Form of Extra-Judicial Preliminary Reference in the Field of Maladministration?<\/a><\/strong><\/p>\n<p style=\"padding-left: 80px; text-align: justify;\">&#8211; Natassa Athanasiadou \u0219i Nikos Vogiatzis, au publicat \u00een German Law Journal urm\u0103torul articol: <strong><em>The EU Queries: A Form of Extra-Judicial Preliminary Reference in the Field of Maladministration<\/em>?<\/strong>, care analizeaz\u0103 procedura ENO pentru solicitarea de informa\u021bii &#8211; posibilitatea membrilor ENO de a trimite \u00eentreb\u0103ri Ombudsmanului European pentru a ob\u021bine r\u0103spunsuri ale exper\u021bilor de la institu\u021biile UE.<\/p>\n<p style=\"padding-left: 80px; text-align: justify;\">(<em>Copyright \u00a9 The Author(s) 2021. Published by Cambridge University Press on behalf of the German Law Journal<\/em>)<\/p>\n<p style=\"padding-left: 80px; text-align: justify;\">Iat\u0103 c\u00e2teva dintre principalele puncte discutate:<\/p>\n<ul style=\"text-align: justify;\">\n<li style=\"list-style-type: none;\">\n<ul>\n<li style=\"list-style-type: none;\">\n<ul>\n<li>procesul ENO pentru solicitarea de informa\u021bii are un poten\u021bial mare, demonstrat de varietatea de subiecte \u0219i \u00eentreb\u0103ri pe care interog\u0103rile le-au abordat de-a lungul anilor (de exemplu, \u00een ceea ce prive\u0219te informa\u021biile de mediu, normele UE privind achizi\u021biile publice, GDPR, legisla\u021bia privind migra\u021bia etc.)<\/li>\n<li>o compara\u021bie \u00eentre procesul de interogare ENO \u0219i procedura preliminar\u0103 de referin\u021b\u0103 (prin care instan\u021bele na\u021bionale trimit aspecte legate de interpretarea dreptului UE c\u0103tre Curtea de Justi\u021bie a UE) relev\u0103 valoarea ad\u0103ugat\u0103 a interog\u0103rilor ca instrument extrajudiciar rapid, flexibil \u0219i informal care permite \u00eendrumarea \u00een stadiile incipiente<\/li>\n<li>articolul analizeaz\u0103 posibilele interac\u021biuni dintre interog\u0103ri, anchetele paralele \u0219i reclama\u021biile privind \u00eenc\u0103lcarea dreptului comunitar<\/li>\n<li>articolul propune formalizarea procesului de interogare pentru ca acesta s\u0103-\u0219i ating\u0103 \u00eentregul poten\u021bial \u0219i pentru a-l face mai transparent<\/li>\n<\/ul>\n<\/li>\n<\/ul>\n<\/li>\n<\/ul>\n<p style=\"padding-left: 40px; text-align: justify;\"><strong><a href=\"https:\/\/avp.ro\/wp-content\/uploads\/2021\/05\/Guidelines-IOI-Ombudsman-under-threat-RO.pdf\">Linii directoare ale Institutului Interna\u0163ional al Ombudsmanului \u2013 IOI privind sprijinirea colegilor afla\u021bi sub amenin\u021bare<\/a><\/strong><\/p>\n<p style=\"padding-left: 40px; text-align: justify;\"><strong><a href=\"https:\/\/avp.ro\/wp-content\/uploads\/2021\/05\/Dublin_Declaration_-_Amended_Version-RO.pdf\">Declara\u021bia de la Dublin, adoptat\u0103 la Adunarea General\u0103 a Institutului Interna\u021bional al Ombudsmanului &#8211; IOI, 25 mai 2021<\/a><\/strong><\/p>\n<p style=\"padding-left: 40px; text-align: justify;\"><strong><a href=\"https:\/\/avp.ro\/wp-content\/uploads\/2021\/01\/rolul-ombudsmanului-RO-2.pdf\">Rezolu\u021bia 75\/186 a Adun\u0103rii Generale a ONU privind Rolul institu\u021biilor Ombudsmanului \u0219i Mediatorului, 16 decembrie 2020<\/a><\/strong><\/p>\n<p style=\"padding-left: 40px; text-align: justify;\"><strong><a href=\"https:\/\/avp.ro\/wp-content\/uploads\/2021\/05\/Compilation-of-Venice-Commission-opinion-concerning-the-Omb-institution.pdf\">Compilation of Venice Commission opinions concerning the Ombudsman Institution &#8211; 1CDL-PI(2016)001, 5 februarie 2016<\/a><\/strong><\/p>\n<p style=\"padding-left: 40px; text-align: justify;\"><a href=\"https:\/\/avp.ro\/wp-content\/uploads\/2021\/05\/aviz-Comisie-Venetia-2012.pdf\"><strong>Avizul nr. 685\/2012, adoptat \u00een 17 decembrie 2012, CDL-AD(2012)026 de Comisia European\u0103 pentru Democra\u0163ie prin Drept \u2013 Comisia de la Vene\u021bia, 17 decembrie 2012<\/strong><\/a><\/p>\n<p style=\"padding-left: 40px; text-align: justify;\"><strong><a href=\"https:\/\/avp.ro\/wp-content\/uploads\/2021\/05\/IOI_Wellington-Declaration-EN-1.pdf\">Declara\u021bia de la Wellington, 13 noiembrie 2012<\/a><\/strong><\/p>\n","protected":false},"excerpt":{"rendered":"<p>&nbsp; &nbsp; Rezolu\u021bie adoptat\u0103 de Adunarea General\u0103 la 17 decembrie 2024 &#8211; Rolul institu\u021biilor Ombudsmanului \u0219i mediatorului \u00een promovarea \u0219i protec\u021bia drepturilor omului, a bunei guvern\u0103ri \u0219i a statului de&hellip; <\/p>\n","protected":false},"author":1,"featured_media":0,"parent":58,"menu_order":0,"comment_status":"closed","ping_status":"closed","template":"","meta":{"footnotes":""},"class_list":["post-3597","page","type-page","status-publish","hentry"],"yoast_head":"<!-- This site is optimized with the Yoast SEO plugin v27.3 - https:\/\/yoast.com\/product\/yoast-seo-wordpress\/ -->\n<title>Documente adoptate de organismele interna\u021bionale - Institu\u021bia Avocatul Poporului<\/title>\n<meta name=\"robots\" content=\"index, follow, max-snippet:-1, max-image-preview:large, max-video-preview:-1\" \/>\n<link rel=\"canonical\" href=\"https:\/\/avp.ro\/index.php\/prezentare\/relatii-internationale\/documente-adoptate-de-organismele-internationale\/\" \/>\n<meta property=\"og:locale\" content=\"en_US\" \/>\n<meta property=\"og:type\" content=\"article\" \/>\n<meta property=\"og:title\" content=\"Documente adoptate de organismele interna\u021bionale - Institu\u021bia Avocatul Poporului\" \/>\n<meta property=\"og:description\" content=\"&nbsp; &nbsp; Rezolu\u021bie adoptat\u0103 de Adunarea General\u0103 la 17 decembrie 2024 &#8211; Rolul institu\u021biilor Ombudsmanului \u0219i mediatorului \u00een promovarea \u0219i protec\u021bia drepturilor omului, a bunei guvern\u0103ri \u0219i a statului de&hellip;\" \/>\n<meta property=\"og:url\" content=\"https:\/\/avp.ro\/index.php\/prezentare\/relatii-internationale\/documente-adoptate-de-organismele-internationale\/\" \/>\n<meta property=\"og:site_name\" content=\"Institu\u021bia Avocatul Poporului\" \/>\n<meta property=\"article:modified_time\" content=\"2025-01-20T12:25:45+00:00\" \/>\n<meta property=\"og:image\" content=\"https:\/\/avp.ro\/wp-content\/uploads\/2021\/07\/fr.png\" \/>\n\t<meta property=\"og:image:width\" content=\"274\" \/>\n\t<meta property=\"og:image:height\" content=\"184\" \/>\n\t<meta property=\"og:image:type\" content=\"image\/png\" \/>\n<meta name=\"twitter:card\" content=\"summary_large_image\" \/>\n<meta name=\"twitter:label1\" content=\"Est. reading time\" \/>\n\t<meta name=\"twitter:data1\" content=\"2 minutes\" \/>\n<script type=\"application\/ld+json\" class=\"yoast-schema-graph\">{\"@context\":\"https:\\\/\\\/schema.org\",\"@graph\":[{\"@type\":\"WebPage\",\"@id\":\"https:\\\/\\\/avp.ro\\\/index.php\\\/prezentare\\\/relatii-internationale\\\/documente-adoptate-de-organismele-internationale\\\/\",\"url\":\"https:\\\/\\\/avp.ro\\\/index.php\\\/prezentare\\\/relatii-internationale\\\/documente-adoptate-de-organismele-internationale\\\/\",\"name\":\"Documente adoptate de organismele interna\u021bionale - Institu\u021bia Avocatul Poporului\",\"isPartOf\":{\"@id\":\"https:\\\/\\\/avp.ro\\\/#website\"},\"primaryImageOfPage\":{\"@id\":\"https:\\\/\\\/avp.ro\\\/index.php\\\/prezentare\\\/relatii-internationale\\\/documente-adoptate-de-organismele-internationale\\\/#primaryimage\"},\"image\":{\"@id\":\"https:\\\/\\\/avp.ro\\\/index.php\\\/prezentare\\\/relatii-internationale\\\/documente-adoptate-de-organismele-internationale\\\/#primaryimage\"},\"thumbnailUrl\":\"https:\\\/\\\/avp.ro\\\/wp-content\\\/uploads\\\/2021\\\/07\\\/fr.png\",\"datePublished\":\"2021-05-28T06:47:04+00:00\",\"dateModified\":\"2025-01-20T12:25:45+00:00\",\"breadcrumb\":{\"@id\":\"https:\\\/\\\/avp.ro\\\/index.php\\\/prezentare\\\/relatii-internationale\\\/documente-adoptate-de-organismele-internationale\\\/#breadcrumb\"},\"inLanguage\":\"en-US\",\"potentialAction\":[{\"@type\":\"ReadAction\",\"target\":[\"https:\\\/\\\/avp.ro\\\/index.php\\\/prezentare\\\/relatii-internationale\\\/documente-adoptate-de-organismele-internationale\\\/\"]}]},{\"@type\":\"ImageObject\",\"inLanguage\":\"en-US\",\"@id\":\"https:\\\/\\\/avp.ro\\\/index.php\\\/prezentare\\\/relatii-internationale\\\/documente-adoptate-de-organismele-internationale\\\/#primaryimage\",\"url\":\"https:\\\/\\\/avp.ro\\\/wp-content\\\/uploads\\\/2021\\\/07\\\/fr.png\",\"contentUrl\":\"https:\\\/\\\/avp.ro\\\/wp-content\\\/uploads\\\/2021\\\/07\\\/fr.png\",\"width\":274,\"height\":184},{\"@type\":\"BreadcrumbList\",\"@id\":\"https:\\\/\\\/avp.ro\\\/index.php\\\/prezentare\\\/relatii-internationale\\\/documente-adoptate-de-organismele-internationale\\\/#breadcrumb\",\"itemListElement\":[{\"@type\":\"ListItem\",\"position\":1,\"name\":\"Home\",\"item\":\"https:\\\/\\\/avp.ro\\\/\"},{\"@type\":\"ListItem\",\"position\":2,\"name\":\"Prezentare\",\"item\":\"https:\\\/\\\/avp.ro\\\/index.php\\\/prezentare\\\/\"},{\"@type\":\"ListItem\",\"position\":3,\"name\":\"Rela\u021bii interna\u021bionale\",\"item\":\"https:\\\/\\\/avp.ro\\\/index.php\\\/prezentare\\\/relatii-internationale\\\/\"},{\"@type\":\"ListItem\",\"position\":4,\"name\":\"Documente adoptate de organismele interna\u021bionale\"}]},{\"@type\":\"WebSite\",\"@id\":\"https:\\\/\\\/avp.ro\\\/#website\",\"url\":\"https:\\\/\\\/avp.ro\\\/\",\"name\":\"Institu\u021bia Avocatul Poporului\",\"description\":\"People\u2019s Advocate institution - Office of the Ombudsman\",\"publisher\":{\"@id\":\"https:\\\/\\\/avp.ro\\\/#organization\"},\"potentialAction\":[{\"@type\":\"SearchAction\",\"target\":{\"@type\":\"EntryPoint\",\"urlTemplate\":\"https:\\\/\\\/avp.ro\\\/?s={search_term_string}\"},\"query-input\":{\"@type\":\"PropertyValueSpecification\",\"valueRequired\":true,\"valueName\":\"search_term_string\"}}],\"inLanguage\":\"en-US\"},{\"@type\":\"Organization\",\"@id\":\"https:\\\/\\\/avp.ro\\\/#organization\",\"name\":\"Institutia Avocatul Poporului\",\"url\":\"https:\\\/\\\/avp.ro\\\/\",\"logo\":{\"@type\":\"ImageObject\",\"inLanguage\":\"en-US\",\"@id\":\"https:\\\/\\\/avp.ro\\\/#\\\/schema\\\/logo\\\/image\\\/\",\"url\":\"https:\\\/\\\/avp.ro\\\/wp-content\\\/uploads\\\/2020\\\/09\\\/cropped-AP.jpg\",\"contentUrl\":\"https:\\\/\\\/avp.ro\\\/wp-content\\\/uploads\\\/2020\\\/09\\\/cropped-AP.jpg\",\"width\":160,\"height\":146,\"caption\":\"Institutia Avocatul Poporului\"},\"image\":{\"@id\":\"https:\\\/\\\/avp.ro\\\/#\\\/schema\\\/logo\\\/image\\\/\"}}]}<\/script>\n<!-- \/ Yoast SEO plugin. -->","yoast_head_json":{"title":"Documente adoptate de organismele interna\u021bionale - Institu\u021bia Avocatul Poporului","robots":{"index":"index","follow":"follow","max-snippet":"max-snippet:-1","max-image-preview":"max-image-preview:large","max-video-preview":"max-video-preview:-1"},"canonical":"https:\/\/avp.ro\/index.php\/prezentare\/relatii-internationale\/documente-adoptate-de-organismele-internationale\/","og_locale":"en_US","og_type":"article","og_title":"Documente adoptate de organismele interna\u021bionale - Institu\u021bia Avocatul Poporului","og_description":"&nbsp; &nbsp; Rezolu\u021bie adoptat\u0103 de Adunarea General\u0103 la 17 decembrie 2024 &#8211; Rolul institu\u021biilor Ombudsmanului \u0219i mediatorului \u00een promovarea \u0219i protec\u021bia drepturilor omului, a bunei guvern\u0103ri \u0219i a statului de&hellip;","og_url":"https:\/\/avp.ro\/index.php\/prezentare\/relatii-internationale\/documente-adoptate-de-organismele-internationale\/","og_site_name":"Institu\u021bia Avocatul Poporului","article_modified_time":"2025-01-20T12:25:45+00:00","og_image":[{"width":274,"height":184,"url":"https:\/\/avp.ro\/wp-content\/uploads\/2021\/07\/fr.png","type":"image\/png"}],"twitter_card":"summary_large_image","twitter_misc":{"Est. reading time":"2 minutes"},"schema":{"@context":"https:\/\/schema.org","@graph":[{"@type":"WebPage","@id":"https:\/\/avp.ro\/index.php\/prezentare\/relatii-internationale\/documente-adoptate-de-organismele-internationale\/","url":"https:\/\/avp.ro\/index.php\/prezentare\/relatii-internationale\/documente-adoptate-de-organismele-internationale\/","name":"Documente adoptate de organismele interna\u021bionale - Institu\u021bia Avocatul Poporului","isPartOf":{"@id":"https:\/\/avp.ro\/#website"},"primaryImageOfPage":{"@id":"https:\/\/avp.ro\/index.php\/prezentare\/relatii-internationale\/documente-adoptate-de-organismele-internationale\/#primaryimage"},"image":{"@id":"https:\/\/avp.ro\/index.php\/prezentare\/relatii-internationale\/documente-adoptate-de-organismele-internationale\/#primaryimage"},"thumbnailUrl":"https:\/\/avp.ro\/wp-content\/uploads\/2021\/07\/fr.png","datePublished":"2021-05-28T06:47:04+00:00","dateModified":"2025-01-20T12:25:45+00:00","breadcrumb":{"@id":"https:\/\/avp.ro\/index.php\/prezentare\/relatii-internationale\/documente-adoptate-de-organismele-internationale\/#breadcrumb"},"inLanguage":"en-US","potentialAction":[{"@type":"ReadAction","target":["https:\/\/avp.ro\/index.php\/prezentare\/relatii-internationale\/documente-adoptate-de-organismele-internationale\/"]}]},{"@type":"ImageObject","inLanguage":"en-US","@id":"https:\/\/avp.ro\/index.php\/prezentare\/relatii-internationale\/documente-adoptate-de-organismele-internationale\/#primaryimage","url":"https:\/\/avp.ro\/wp-content\/uploads\/2021\/07\/fr.png","contentUrl":"https:\/\/avp.ro\/wp-content\/uploads\/2021\/07\/fr.png","width":274,"height":184},{"@type":"BreadcrumbList","@id":"https:\/\/avp.ro\/index.php\/prezentare\/relatii-internationale\/documente-adoptate-de-organismele-internationale\/#breadcrumb","itemListElement":[{"@type":"ListItem","position":1,"name":"Home","item":"https:\/\/avp.ro\/"},{"@type":"ListItem","position":2,"name":"Prezentare","item":"https:\/\/avp.ro\/index.php\/prezentare\/"},{"@type":"ListItem","position":3,"name":"Rela\u021bii interna\u021bionale","item":"https:\/\/avp.ro\/index.php\/prezentare\/relatii-internationale\/"},{"@type":"ListItem","position":4,"name":"Documente adoptate de organismele interna\u021bionale"}]},{"@type":"WebSite","@id":"https:\/\/avp.ro\/#website","url":"https:\/\/avp.ro\/","name":"Institu\u021bia Avocatul Poporului","description":"People\u2019s Advocate institution - Office of the Ombudsman","publisher":{"@id":"https:\/\/avp.ro\/#organization"},"potentialAction":[{"@type":"SearchAction","target":{"@type":"EntryPoint","urlTemplate":"https:\/\/avp.ro\/?s={search_term_string}"},"query-input":{"@type":"PropertyValueSpecification","valueRequired":true,"valueName":"search_term_string"}}],"inLanguage":"en-US"},{"@type":"Organization","@id":"https:\/\/avp.ro\/#organization","name":"Institutia Avocatul Poporului","url":"https:\/\/avp.ro\/","logo":{"@type":"ImageObject","inLanguage":"en-US","@id":"https:\/\/avp.ro\/#\/schema\/logo\/image\/","url":"https:\/\/avp.ro\/wp-content\/uploads\/2020\/09\/cropped-AP.jpg","contentUrl":"https:\/\/avp.ro\/wp-content\/uploads\/2020\/09\/cropped-AP.jpg","width":160,"height":146,"caption":"Institutia Avocatul Poporului"},"image":{"@id":"https:\/\/avp.ro\/#\/schema\/logo\/image\/"}}]}},"_links":{"self":[{"href":"https:\/\/avp.ro\/index.php\/wp-json\/wp\/v2\/pages\/3597","targetHints":{"allow":["GET"]}}],"collection":[{"href":"https:\/\/avp.ro\/index.php\/wp-json\/wp\/v2\/pages"}],"about":[{"href":"https:\/\/avp.ro\/index.php\/wp-json\/wp\/v2\/types\/page"}],"author":[{"embeddable":true,"href":"https:\/\/avp.ro\/index.php\/wp-json\/wp\/v2\/users\/1"}],"replies":[{"embeddable":true,"href":"https:\/\/avp.ro\/index.php\/wp-json\/wp\/v2\/comments?post=3597"}],"version-history":[{"count":21,"href":"https:\/\/avp.ro\/index.php\/wp-json\/wp\/v2\/pages\/3597\/revisions"}],"predecessor-version":[{"id":13004,"href":"https:\/\/avp.ro\/index.php\/wp-json\/wp\/v2\/pages\/3597\/revisions\/13004"}],"up":[{"embeddable":true,"href":"https:\/\/avp.ro\/index.php\/wp-json\/wp\/v2\/pages\/58"}],"wp:attachment":[{"href":"https:\/\/avp.ro\/index.php\/wp-json\/wp\/v2\/media?parent=3597"}],"curies":[{"name":"wp","href":"https:\/\/api.w.org\/{rel}","templated":true}]}}