{"id":373,"date":"2020-07-27T13:57:26","date_gmt":"2020-07-27T11:57:26","guid":{"rendered":"https:\/\/avp.ro\/?page_id=373"},"modified":"2020-12-15T15:31:00","modified_gmt":"2020-12-15T13:31:00","slug":"exceptii-de-neconstitutionalitate-2020","status":"publish","type":"page","link":"https:\/\/avp.ro\/index.php\/exceptii-de-neconstitutionalitate-2020\/","title":{"rendered":"Excep\u021bii de neconstitu\u021bionalitate 2020"},"content":{"rendered":"<p>&nbsp;<\/p>\n<p>&nbsp;<\/p>\n<p><a href=\"https:\/\/avp.ro\/wp-content\/uploads\/2020\/12\/Exc-art-53-pct-22-Lg-129-2019.pdf\">13. Excep\u021bie de neconstitu\u021bionalitate a prevederilor art. 53 punctul 22 din Legea nr. 129\/2019 pentru prevenirea \u015fi combaterea sp\u0103l\u0103rii banilor \u015fi finan\u0163\u0103rii terorismului, precum \u015fi pentru modificarea \u015fi completarea unor acte normative, cu modific\u0103rile \u0219i complet\u0103rile ulterioare, \u00een ceea ce prive\u0219te sintagma \u201esau art. 56 alin. (11)\u201d<\/a><\/p>\n<p><a href=\"https:\/\/avp.ro\/wp-content\/uploads\/2020\/10\/exceptie11_2020.pdf\">12. Excep\u021bie de neconstitu\u021bionalitate a prevederilor art. 13 alin. (1) \u0219i art. 14 alin. (1) cu referire la sintagma \u201eadunare general\u0103\u201d din Legea tinerilor nr. 350\/2006<\/a><\/p>\n<p><a href=\"https:\/\/avp.ro\/wp-content\/uploads\/2020\/11\/exceptia11_2020.pdf\">11. Excep\u021bie de neconstitu\u021bionalitate a art. 8 alin. (3)-(9) cu referire la sintagma \u201eizolarea \u00eentr-o unitate sanitar\u0103 sau la o loca\u021bie alternativ\u0103 ata\u0219at\u0103 unit\u0103\u021bii sanitare\u201d \u0219i a art. 19 din Legea nr. 136\/2020 privind instituirea unor m\u0103suri \u00een domeniul s\u0103n\u0103t\u0103\u021bii publice \u00een situa\u021bii de risc epidemiologic \u0219i biologic\u00a0<\/a><\/p>\n<p><a href=\"https:\/\/avp.ro\/wp-content\/uploads\/2020\/07\/exceptia10_2020-1.pdf\">10. Excep\u021bie de neconstitu\u021bionalitate referitoare la prevederile art. 4 alin. (3) \u0219i (4), art. 65 lit. s), \u0219), art. 66 lit. a), b) \u0219i c) \u0219i art. 67 alin. (2) lit. b) din Legea nr. 55\/2020 privind unele m\u0103suri pentru prevenirea \u015fi combaterea efectelor pandemiei de COVID-19 <\/a><\/p>\n<p style=\"font-weight: 400;\"><a href=\"https:\/\/avp.ro\/wp-content\/uploads\/2020\/07\/exceptia9_2020.pdf\">9. Excep\u021bie de neconstitu\u021bionalitate cu privire la prevederile art. 25 alin. (2) din Legea nr. 95\/2006 privind reforma \u00een domeniul s\u0103n\u0103t\u0103\u021bii, republicat\u0103, cu modific\u0103rile \u0219i complet\u0103rile ulterioare, \u0219i cele ale art. 8 din Ordonan\u021ba de urgen\u021b\u0103 a Guvernului nr. 11\/2020 privind stocurile de urgen\u0163\u0103 medical\u0103, precum \u015fi unele m\u0103suri aferente instituirii carantinei <\/a><\/p>\n<p style=\"font-weight: 400;\"><a href=\"https:\/\/avp.ro\/wp-content\/uploads\/2020\/07\/exceptia8_2020.pdf\">8. Excep\u021bie de neconstitu\u021bionalitate referitoare la Ordonan\u021ba de urgen\u021b\u0103 a Guvernului nr. 21\/2004 privind Sistemul Na\u0163ional de Management al Situa\u0163iilor de Urgen\u0163\u0103, aprobat\u0103 prin Legea nr. 15\/2005, cu modific\u0103rile \u0219i complet\u0103rile ulterioare<\/a><\/p>\n<p style=\"font-weight: 400;\"><a href=\"https:\/\/avp.ro\/wp-content\/uploads\/2020\/07\/exceptia7_2020.pdf\">7. Excep\u021bie de neconstitu\u021bionalitate referitoare la prevederile art. 9, art. 14 lit. c1) \u2013 f) \u0219i art. 28 din Ordonan\u021ba de urgen\u021b\u0103 a Guvernului nr. 1\/1999 privind regimul st\u0103rii de asediu \u0219i regimul st\u0103rii de urgen\u021b\u0103, cu modific\u0103rile \u0219i complet\u0103rile ulterioare, \u0219i la Ordonan\u021ba de urgen\u021b\u0103 a Guvernului nr. 34\/2020 pentru modificarea \u015fi completarea Ordonan\u0163ei de urgen\u0163\u0103 a Guvernului nr. 1\/1999 privind regimul st\u0103rii de asediu \u015fi regimul st\u0103rii de urgen\u0163\u0103, \u00een ansamblul s\u0103u<\/a><\/p>\n<p style=\"font-weight: 400;\"><a href=\"https:\/\/avp.ro\/wp-content\/uploads\/2020\/07\/exceptia6_2020.pdf\">6. Excep\u021bie de neconstitu\u021bionalitate a prevederilor Ordonan\u021bei de urgen\u021b\u0103 a Guvernului nr. 36\/2020 pentru modificarea \u0219i completarea unor acte normative, precum \u0219i pentru adoptarea unor m\u0103suri pe timpul st\u0103rii de urgen\u021b\u0103 instituite prin Decretul nr. 195\/2020 privind instituirea st\u0103rii de urgen\u021b\u0103 pe teritoriul Rom\u00e2niei, publicat\u0103 \u00een Monitorul Oficial al Rom\u00e2niei, Partea I, nr. 268 din data de 31 martie 2020<\/a><\/p>\n<p style=\"font-weight: 400;\"><a href=\"https:\/\/avp.ro\/wp-content\/uploads\/2020\/07\/exceptia5_2020.pdf\">5. Excep\u021bie de neconstitu\u021bionalitate av\u00e2nd ca obiect prevederile art. 31 alin. (1) lit. b) \u0219i art. 36 alin. (4) \u0219i (5) din Legea nr. 218\/2002 privind organizarea \u0219i func\u021bionarea Poli\u021biei Rom\u00e2ne, republicat\u0103<\/a><\/p>\n<p style=\"font-weight: 400;\"><a href=\"https:\/\/avp.ro\/wp-content\/uploads\/2020\/07\/exceptia4_2020.pdf\">4. Excep\u021bie de neconstitu\u021bionalitate referitoare la prevederile art. IV pct. 26 din Ordonan\u021ba de urgen\u021b\u0103 a Guvernului nr. 23\/2020 pentru modificarea \u015fi completarea unor acte normative cu impact asupra sistemului achizi\u021biilor publice, publicat\u0103 \u00een Monitorul Oficial al Rom\u00e2niei, Partea I, nr. 106 din data de 12 februarie 2020<\/a><\/p>\n<p style=\"font-weight: 400;\"><a href=\"https:\/\/avp.ro\/wp-content\/uploads\/2020\/07\/exceptia3_2020.pdf\">3. Excep\u021bie de neconstitu\u021bionalitate cu privire la prevederile Ordonan\u021bei de urgen\u021b\u0103 a Guvernului nr. 26\/2020 privind modificarea \u015fi completarea unor acte normative \u00een materia alegerilor pentru Senat \u015fi Camera Deputa\u0163ilor, precum \u015fi unele m\u0103suri pentru buna organizare \u015fi desf\u0103\u015furare a alegerilor parlamentare anticipate<\/a><\/p>\n<p><a href=\"https:\/\/avp.ro\/wp-content\/uploads\/2020\/07\/exceptia2_2020.pdf\">2. Excep\u021bie de neconstitu\u021bionalitate referitoare la prevederile art. I pct. 1, pct. 2, pct. 5 \u0219i pct. 6 din Ordonan\u021ba de urgen\u021b\u0103 a Guvernului nr. 25\/2020 pentru modificarea \u015fi completarea Legii nr. 95\/2006 privind reforma \u00een domeniul s\u0103n\u0103t\u0103\u021bii, precum \u0219i a Ordonan\u021bei de urgen\u021b\u0103 a Guvernului nr. 158\/2005 privind concediile \u0219i indemniza\u021biile de asigur\u0103ri sociale de s\u0103n\u0103tate, publicat\u0103 \u00een Monitorul Oficial al Rom\u00e2niei, Partea I, nr. 109 din 12 februarie 2020<\/a><\/p>\n<p><a href=\"https:\/\/avp.ro\/wp-content\/uploads\/2020\/07\/exceptia1_2020.pdf\">1. Excep\u021bie de neconstitu\u021bionalitate a prevederilor art. VII din Ordonan\u021ba de urgen\u021b\u0103 a Guvernului nr. 64\/2019 privind modificarea \u0219i completarea Legii nr. 370\/2004 pentru alegerea Pre\u0219edintelui Rom\u00e2niei \u0219i modificarea Legii nr. 208\/2015 privind alegerea Senatului \u0219i a Camerei Deputa\u021bilor, precum \u0219i pentru organizarea \u0219i func\u021bionarea Autorit\u0103\u021bii Electorale Permanente, precum \u0219i unele m\u0103suri pentru buna organizare \u0219i desf\u0103\u0219urare a alegerilor pentru Pre\u0219edintele Rom\u00e2niei din anul 2019 <\/a><\/p>\n<p><strong>Pentru informa\u021bii suplimentare (arhiv\u0103) accesa\u021bi site-ul vechi al intitu\u021biei Avocatul Poporului:<\/strong><\/p>\n<p><strong>old.avpoporului.ro<\/strong><\/p>\n","protected":false},"excerpt":{"rendered":"<p>&nbsp; &nbsp; 13. Excep\u021bie de neconstitu\u021bionalitate a prevederilor art. 53 punctul 22 din Legea nr. 129\/2019 pentru prevenirea \u015fi combaterea sp\u0103l\u0103rii banilor \u015fi finan\u0163\u0103rii terorismului, precum \u015fi pentru modificarea \u015fi&hellip; <\/p>\n","protected":false},"author":1,"featured_media":0,"parent":0,"menu_order":0,"comment_status":"closed","ping_status":"closed","template":"","meta":{"footnotes":""},"class_list":["post-373","page","type-page","status-publish","hentry"],"yoast_head":"<!-- This site is optimized with the Yoast SEO plugin v27.3 - https:\/\/yoast.com\/product\/yoast-seo-wordpress\/ -->\n<title>Excep\u021bii de neconstitu\u021bionalitate 2020 - Institu\u021bia Avocatul Poporului<\/title>\n<meta name=\"robots\" content=\"index, follow, max-snippet:-1, max-image-preview:large, max-video-preview:-1\" \/>\n<link rel=\"canonical\" href=\"https:\/\/avp.ro\/index.php\/exceptii-de-neconstitutionalitate-2020\/\" \/>\n<meta property=\"og:locale\" content=\"en_US\" \/>\n<meta property=\"og:type\" content=\"article\" \/>\n<meta property=\"og:title\" content=\"Excep\u021bii de neconstitu\u021bionalitate 2020 - Institu\u021bia Avocatul Poporului\" \/>\n<meta property=\"og:description\" content=\"&nbsp; &nbsp; 13. Excep\u021bie de neconstitu\u021bionalitate a prevederilor art. 53 punctul 22 din Legea nr. 129\/2019 pentru prevenirea \u015fi combaterea sp\u0103l\u0103rii banilor \u015fi finan\u0163\u0103rii terorismului, precum \u015fi pentru modificarea \u015fi&hellip;\" \/>\n<meta property=\"og:url\" content=\"https:\/\/avp.ro\/index.php\/exceptii-de-neconstitutionalitate-2020\/\" \/>\n<meta property=\"og:site_name\" content=\"Institu\u021bia Avocatul Poporului\" \/>\n<meta property=\"article:modified_time\" content=\"2020-12-15T13:31:00+00:00\" \/>\n<meta name=\"twitter:card\" content=\"summary_large_image\" \/>\n<meta name=\"twitter:label1\" content=\"Est. reading time\" \/>\n\t<meta name=\"twitter:data1\" content=\"3 minutes\" \/>\n<script type=\"application\/ld+json\" class=\"yoast-schema-graph\">{\"@context\":\"https:\\\/\\\/schema.org\",\"@graph\":[{\"@type\":\"WebPage\",\"@id\":\"https:\\\/\\\/avp.ro\\\/index.php\\\/exceptii-de-neconstitutionalitate-2020\\\/\",\"url\":\"https:\\\/\\\/avp.ro\\\/index.php\\\/exceptii-de-neconstitutionalitate-2020\\\/\",\"name\":\"Excep\u021bii de neconstitu\u021bionalitate 2020 - Institu\u021bia Avocatul Poporului\",\"isPartOf\":{\"@id\":\"https:\\\/\\\/avp.ro\\\/#website\"},\"datePublished\":\"2020-07-27T11:57:26+00:00\",\"dateModified\":\"2020-12-15T13:31:00+00:00\",\"breadcrumb\":{\"@id\":\"https:\\\/\\\/avp.ro\\\/index.php\\\/exceptii-de-neconstitutionalitate-2020\\\/#breadcrumb\"},\"inLanguage\":\"en-US\",\"potentialAction\":[{\"@type\":\"ReadAction\",\"target\":[\"https:\\\/\\\/avp.ro\\\/index.php\\\/exceptii-de-neconstitutionalitate-2020\\\/\"]}]},{\"@type\":\"BreadcrumbList\",\"@id\":\"https:\\\/\\\/avp.ro\\\/index.php\\\/exceptii-de-neconstitutionalitate-2020\\\/#breadcrumb\",\"itemListElement\":[{\"@type\":\"ListItem\",\"position\":1,\"name\":\"Home\",\"item\":\"https:\\\/\\\/avp.ro\\\/\"},{\"@type\":\"ListItem\",\"position\":2,\"name\":\"Excep\u021bii de neconstitu\u021bionalitate 2020\"}]},{\"@type\":\"WebSite\",\"@id\":\"https:\\\/\\\/avp.ro\\\/#website\",\"url\":\"https:\\\/\\\/avp.ro\\\/\",\"name\":\"Institu\u021bia Avocatul Poporului\",\"description\":\"People\u2019s Advocate institution - Office of the Ombudsman\",\"publisher\":{\"@id\":\"https:\\\/\\\/avp.ro\\\/#organization\"},\"potentialAction\":[{\"@type\":\"SearchAction\",\"target\":{\"@type\":\"EntryPoint\",\"urlTemplate\":\"https:\\\/\\\/avp.ro\\\/?s={search_term_string}\"},\"query-input\":{\"@type\":\"PropertyValueSpecification\",\"valueRequired\":true,\"valueName\":\"search_term_string\"}}],\"inLanguage\":\"en-US\"},{\"@type\":\"Organization\",\"@id\":\"https:\\\/\\\/avp.ro\\\/#organization\",\"name\":\"Institutia Avocatul Poporului\",\"url\":\"https:\\\/\\\/avp.ro\\\/\",\"logo\":{\"@type\":\"ImageObject\",\"inLanguage\":\"en-US\",\"@id\":\"https:\\\/\\\/avp.ro\\\/#\\\/schema\\\/logo\\\/image\\\/\",\"url\":\"https:\\\/\\\/avp.ro\\\/wp-content\\\/uploads\\\/2020\\\/09\\\/cropped-AP.jpg\",\"contentUrl\":\"https:\\\/\\\/avp.ro\\\/wp-content\\\/uploads\\\/2020\\\/09\\\/cropped-AP.jpg\",\"width\":160,\"height\":146,\"caption\":\"Institutia Avocatul Poporului\"},\"image\":{\"@id\":\"https:\\\/\\\/avp.ro\\\/#\\\/schema\\\/logo\\\/image\\\/\"}}]}<\/script>\n<!-- \/ Yoast SEO plugin. -->","yoast_head_json":{"title":"Excep\u021bii de neconstitu\u021bionalitate 2020 - Institu\u021bia Avocatul Poporului","robots":{"index":"index","follow":"follow","max-snippet":"max-snippet:-1","max-image-preview":"max-image-preview:large","max-video-preview":"max-video-preview:-1"},"canonical":"https:\/\/avp.ro\/index.php\/exceptii-de-neconstitutionalitate-2020\/","og_locale":"en_US","og_type":"article","og_title":"Excep\u021bii de neconstitu\u021bionalitate 2020 - Institu\u021bia Avocatul Poporului","og_description":"&nbsp; &nbsp; 13. Excep\u021bie de neconstitu\u021bionalitate a prevederilor art. 53 punctul 22 din Legea nr. 129\/2019 pentru prevenirea \u015fi combaterea sp\u0103l\u0103rii banilor \u015fi finan\u0163\u0103rii terorismului, precum \u015fi pentru modificarea \u015fi&hellip;","og_url":"https:\/\/avp.ro\/index.php\/exceptii-de-neconstitutionalitate-2020\/","og_site_name":"Institu\u021bia Avocatul Poporului","article_modified_time":"2020-12-15T13:31:00+00:00","twitter_card":"summary_large_image","twitter_misc":{"Est. reading time":"3 minutes"},"schema":{"@context":"https:\/\/schema.org","@graph":[{"@type":"WebPage","@id":"https:\/\/avp.ro\/index.php\/exceptii-de-neconstitutionalitate-2020\/","url":"https:\/\/avp.ro\/index.php\/exceptii-de-neconstitutionalitate-2020\/","name":"Excep\u021bii de neconstitu\u021bionalitate 2020 - Institu\u021bia Avocatul Poporului","isPartOf":{"@id":"https:\/\/avp.ro\/#website"},"datePublished":"2020-07-27T11:57:26+00:00","dateModified":"2020-12-15T13:31:00+00:00","breadcrumb":{"@id":"https:\/\/avp.ro\/index.php\/exceptii-de-neconstitutionalitate-2020\/#breadcrumb"},"inLanguage":"en-US","potentialAction":[{"@type":"ReadAction","target":["https:\/\/avp.ro\/index.php\/exceptii-de-neconstitutionalitate-2020\/"]}]},{"@type":"BreadcrumbList","@id":"https:\/\/avp.ro\/index.php\/exceptii-de-neconstitutionalitate-2020\/#breadcrumb","itemListElement":[{"@type":"ListItem","position":1,"name":"Home","item":"https:\/\/avp.ro\/"},{"@type":"ListItem","position":2,"name":"Excep\u021bii de neconstitu\u021bionalitate 2020"}]},{"@type":"WebSite","@id":"https:\/\/avp.ro\/#website","url":"https:\/\/avp.ro\/","name":"Institu\u021bia Avocatul Poporului","description":"People\u2019s Advocate institution - Office of the Ombudsman","publisher":{"@id":"https:\/\/avp.ro\/#organization"},"potentialAction":[{"@type":"SearchAction","target":{"@type":"EntryPoint","urlTemplate":"https:\/\/avp.ro\/?s={search_term_string}"},"query-input":{"@type":"PropertyValueSpecification","valueRequired":true,"valueName":"search_term_string"}}],"inLanguage":"en-US"},{"@type":"Organization","@id":"https:\/\/avp.ro\/#organization","name":"Institutia Avocatul Poporului","url":"https:\/\/avp.ro\/","logo":{"@type":"ImageObject","inLanguage":"en-US","@id":"https:\/\/avp.ro\/#\/schema\/logo\/image\/","url":"https:\/\/avp.ro\/wp-content\/uploads\/2020\/09\/cropped-AP.jpg","contentUrl":"https:\/\/avp.ro\/wp-content\/uploads\/2020\/09\/cropped-AP.jpg","width":160,"height":146,"caption":"Institutia Avocatul Poporului"},"image":{"@id":"https:\/\/avp.ro\/#\/schema\/logo\/image\/"}}]}},"_links":{"self":[{"href":"https:\/\/avp.ro\/index.php\/wp-json\/wp\/v2\/pages\/373","targetHints":{"allow":["GET"]}}],"collection":[{"href":"https:\/\/avp.ro\/index.php\/wp-json\/wp\/v2\/pages"}],"about":[{"href":"https:\/\/avp.ro\/index.php\/wp-json\/wp\/v2\/types\/page"}],"author":[{"embeddable":true,"href":"https:\/\/avp.ro\/index.php\/wp-json\/wp\/v2\/users\/1"}],"replies":[{"embeddable":true,"href":"https:\/\/avp.ro\/index.php\/wp-json\/wp\/v2\/comments?post=373"}],"version-history":[{"count":7,"href":"https:\/\/avp.ro\/index.php\/wp-json\/wp\/v2\/pages\/373\/revisions"}],"predecessor-version":[{"id":2244,"href":"https:\/\/avp.ro\/index.php\/wp-json\/wp\/v2\/pages\/373\/revisions\/2244"}],"wp:attachment":[{"href":"https:\/\/avp.ro\/index.php\/wp-json\/wp\/v2\/media?parent=373"}],"curies":[{"name":"wp","href":"https:\/\/api.w.org\/{rel}","templated":true}]}}