{"id":3895,"date":"2021-06-25T11:45:34","date_gmt":"2021-06-25T09:45:34","guid":{"rendered":"https:\/\/avp.ro\/?page_id=3895"},"modified":"2021-06-25T12:30:45","modified_gmt":"2021-06-25T10:30:45","slug":"26-iunie-ziua-mondiala-pentru-sprijinirea-victimelor-torturii","status":"publish","type":"page","link":"https:\/\/avp.ro\/index.php\/26-iunie-ziua-mondiala-pentru-sprijinirea-victimelor-torturii\/","title":{"rendered":"26 Iunie &#8211; Ziua Mondial\u0103 pentru Sprijinirea Victimelor Torturii"},"content":{"rendered":"<p>Cu prilejul <strong>Zilei Mondiale pentru Sprijinirea Victimelor Torturii<\/strong>, <strong>aniversat\u0103<\/strong> de statele membre ale Organiza\u021biei Na\u021biunilor Unite <strong>\u00een fiecare an \u00een data de 26 iunie<\/strong>, Domeniul privind prevenirea torturii \u00een locurile de deten\u021bie reaminte\u0219te faptul c\u0103, <strong>prin ratificarea Conven\u021biei \u00eempotriva torturii si a altor pedepse ori tratamente cu cruzime, inumane sau degradante \u00een anul 1990, Rom\u00e2nia s-a obligat s\u0103 adopte m\u0103suri eficiente pentru eradicarea torturii<\/strong>.<\/p>\n<p>Mai mult dec\u00e2t at\u00e2t, prin ratificarea \u00een anul 2009 a Protocolului Op\u021bional la Conven\u021bie (OPCAT), Rom\u00e2nia s-a obligat s\u0103 previn\u0103 s\u0103v\u00e2r\u0219irea actelor de tortur\u0103.<\/p>\n<p>\u00cen acest context, <strong>Domeniul privind prevenirea torturii \u00een locurile de deten\u021bie<\/strong>, \u00een \u00eendeplinirea mandatului s\u0103u de Mecanism Na\u021bional de Prevenire (MNP), <strong>efectueaz\u0103 periodic vizite \u00een locurile \u00een care persoanele sunt private de libertate, \u00een scopul prevenirii torturii \u0219i a exercit\u0103rii de c\u0103tre persoanele private de libertate, f\u0103r\u0103 discriminare, a drepturilor \u0219i libert\u0103\u021bilor fundamentale<\/strong>.<\/p>\n<p>Referitor la rolul MNP, Elisabeth Odio Benito \u2013 judec\u0103toare la Curtea Inter-American\u0103 pentru Drepturile Omului a men\u021bionat:<\/p>\n<p>\u02ba<em>Mecanismele Na\u021bionale de Prevenire sunt cele care dau puterea, ritmul \u0219i direc\u021bia OPCAT \u0219i speran\u021ba de a-\u0219i atinge obiectivele<\/em>.&#8221;<\/p>\n<p>&nbsp;<\/p>\n","protected":false},"excerpt":{"rendered":"<p>Cu prilejul Zilei Mondiale pentru Sprijinirea Victimelor Torturii, aniversat\u0103 de statele membre ale Organiza\u021biei Na\u021biunilor Unite \u00een fiecare an \u00een data de 26 iunie, Domeniul privind prevenirea torturii \u00een locurile&hellip; <\/p>\n","protected":false},"author":1,"featured_media":0,"parent":0,"menu_order":0,"comment_status":"closed","ping_status":"closed","template":"","meta":{"footnotes":""},"class_list":["post-3895","page","type-page","status-publish","hentry"],"yoast_head":"<!-- This site is optimized with the Yoast SEO plugin v27.3 - https:\/\/yoast.com\/product\/yoast-seo-wordpress\/ -->\n<title>26 Iunie - Ziua Mondial\u0103 pentru Sprijinirea Victimelor Torturii - Institu\u021bia Avocatul Poporului<\/title>\n<meta name=\"robots\" content=\"index, follow, max-snippet:-1, max-image-preview:large, max-video-preview:-1\" \/>\n<link rel=\"canonical\" href=\"https:\/\/avp.ro\/index.php\/26-iunie-ziua-mondiala-pentru-sprijinirea-victimelor-torturii\/\" \/>\n<meta property=\"og:locale\" content=\"en_US\" \/>\n<meta property=\"og:type\" content=\"article\" \/>\n<meta property=\"og:title\" content=\"26 Iunie - Ziua Mondial\u0103 pentru Sprijinirea Victimelor Torturii - Institu\u021bia Avocatul Poporului\" \/>\n<meta property=\"og:description\" content=\"Cu prilejul Zilei Mondiale pentru Sprijinirea Victimelor Torturii, aniversat\u0103 de statele membre ale Organiza\u021biei Na\u021biunilor Unite \u00een fiecare an \u00een data de 26 iunie, Domeniul privind prevenirea torturii \u00een locurile&hellip;\" \/>\n<meta property=\"og:url\" content=\"https:\/\/avp.ro\/index.php\/26-iunie-ziua-mondiala-pentru-sprijinirea-victimelor-torturii\/\" \/>\n<meta property=\"og:site_name\" content=\"Institu\u021bia Avocatul Poporului\" \/>\n<meta property=\"article:modified_time\" content=\"2021-06-25T10:30:45+00:00\" \/>\n<meta name=\"twitter:card\" content=\"summary_large_image\" \/>\n<meta name=\"twitter:label1\" content=\"Est. reading time\" \/>\n\t<meta name=\"twitter:data1\" content=\"1 minute\" \/>\n<script type=\"application\/ld+json\" class=\"yoast-schema-graph\">{\"@context\":\"https:\\\/\\\/schema.org\",\"@graph\":[{\"@type\":\"WebPage\",\"@id\":\"https:\\\/\\\/avp.ro\\\/index.php\\\/26-iunie-ziua-mondiala-pentru-sprijinirea-victimelor-torturii\\\/\",\"url\":\"https:\\\/\\\/avp.ro\\\/index.php\\\/26-iunie-ziua-mondiala-pentru-sprijinirea-victimelor-torturii\\\/\",\"name\":\"26 Iunie - Ziua Mondial\u0103 pentru Sprijinirea Victimelor Torturii - Institu\u021bia Avocatul Poporului\",\"isPartOf\":{\"@id\":\"https:\\\/\\\/avp.ro\\\/#website\"},\"datePublished\":\"2021-06-25T09:45:34+00:00\",\"dateModified\":\"2021-06-25T10:30:45+00:00\",\"breadcrumb\":{\"@id\":\"https:\\\/\\\/avp.ro\\\/index.php\\\/26-iunie-ziua-mondiala-pentru-sprijinirea-victimelor-torturii\\\/#breadcrumb\"},\"inLanguage\":\"en-US\",\"potentialAction\":[{\"@type\":\"ReadAction\",\"target\":[\"https:\\\/\\\/avp.ro\\\/index.php\\\/26-iunie-ziua-mondiala-pentru-sprijinirea-victimelor-torturii\\\/\"]}]},{\"@type\":\"BreadcrumbList\",\"@id\":\"https:\\\/\\\/avp.ro\\\/index.php\\\/26-iunie-ziua-mondiala-pentru-sprijinirea-victimelor-torturii\\\/#breadcrumb\",\"itemListElement\":[{\"@type\":\"ListItem\",\"position\":1,\"name\":\"Home\",\"item\":\"https:\\\/\\\/avp.ro\\\/\"},{\"@type\":\"ListItem\",\"position\":2,\"name\":\"26 Iunie &#8211; Ziua Mondial\u0103 pentru Sprijinirea Victimelor Torturii\"}]},{\"@type\":\"WebSite\",\"@id\":\"https:\\\/\\\/avp.ro\\\/#website\",\"url\":\"https:\\\/\\\/avp.ro\\\/\",\"name\":\"Institu\u021bia Avocatul Poporului\",\"description\":\"People\u2019s Advocate institution - Office of the Ombudsman\",\"publisher\":{\"@id\":\"https:\\\/\\\/avp.ro\\\/#organization\"},\"potentialAction\":[{\"@type\":\"SearchAction\",\"target\":{\"@type\":\"EntryPoint\",\"urlTemplate\":\"https:\\\/\\\/avp.ro\\\/?s={search_term_string}\"},\"query-input\":{\"@type\":\"PropertyValueSpecification\",\"valueRequired\":true,\"valueName\":\"search_term_string\"}}],\"inLanguage\":\"en-US\"},{\"@type\":\"Organization\",\"@id\":\"https:\\\/\\\/avp.ro\\\/#organization\",\"name\":\"Institutia Avocatul Poporului\",\"url\":\"https:\\\/\\\/avp.ro\\\/\",\"logo\":{\"@type\":\"ImageObject\",\"inLanguage\":\"en-US\",\"@id\":\"https:\\\/\\\/avp.ro\\\/#\\\/schema\\\/logo\\\/image\\\/\",\"url\":\"https:\\\/\\\/avp.ro\\\/wp-content\\\/uploads\\\/2020\\\/09\\\/cropped-AP.jpg\",\"contentUrl\":\"https:\\\/\\\/avp.ro\\\/wp-content\\\/uploads\\\/2020\\\/09\\\/cropped-AP.jpg\",\"width\":160,\"height\":146,\"caption\":\"Institutia Avocatul Poporului\"},\"image\":{\"@id\":\"https:\\\/\\\/avp.ro\\\/#\\\/schema\\\/logo\\\/image\\\/\"}}]}<\/script>\n<!-- \/ Yoast SEO plugin. -->","yoast_head_json":{"title":"26 Iunie - Ziua Mondial\u0103 pentru Sprijinirea Victimelor Torturii - Institu\u021bia Avocatul Poporului","robots":{"index":"index","follow":"follow","max-snippet":"max-snippet:-1","max-image-preview":"max-image-preview:large","max-video-preview":"max-video-preview:-1"},"canonical":"https:\/\/avp.ro\/index.php\/26-iunie-ziua-mondiala-pentru-sprijinirea-victimelor-torturii\/","og_locale":"en_US","og_type":"article","og_title":"26 Iunie - Ziua Mondial\u0103 pentru Sprijinirea Victimelor Torturii - Institu\u021bia Avocatul Poporului","og_description":"Cu prilejul Zilei Mondiale pentru Sprijinirea Victimelor Torturii, aniversat\u0103 de statele membre ale Organiza\u021biei Na\u021biunilor Unite \u00een fiecare an \u00een data de 26 iunie, Domeniul privind prevenirea torturii \u00een locurile&hellip;","og_url":"https:\/\/avp.ro\/index.php\/26-iunie-ziua-mondiala-pentru-sprijinirea-victimelor-torturii\/","og_site_name":"Institu\u021bia Avocatul Poporului","article_modified_time":"2021-06-25T10:30:45+00:00","twitter_card":"summary_large_image","twitter_misc":{"Est. reading time":"1 minute"},"schema":{"@context":"https:\/\/schema.org","@graph":[{"@type":"WebPage","@id":"https:\/\/avp.ro\/index.php\/26-iunie-ziua-mondiala-pentru-sprijinirea-victimelor-torturii\/","url":"https:\/\/avp.ro\/index.php\/26-iunie-ziua-mondiala-pentru-sprijinirea-victimelor-torturii\/","name":"26 Iunie - Ziua Mondial\u0103 pentru Sprijinirea Victimelor Torturii - Institu\u021bia Avocatul Poporului","isPartOf":{"@id":"https:\/\/avp.ro\/#website"},"datePublished":"2021-06-25T09:45:34+00:00","dateModified":"2021-06-25T10:30:45+00:00","breadcrumb":{"@id":"https:\/\/avp.ro\/index.php\/26-iunie-ziua-mondiala-pentru-sprijinirea-victimelor-torturii\/#breadcrumb"},"inLanguage":"en-US","potentialAction":[{"@type":"ReadAction","target":["https:\/\/avp.ro\/index.php\/26-iunie-ziua-mondiala-pentru-sprijinirea-victimelor-torturii\/"]}]},{"@type":"BreadcrumbList","@id":"https:\/\/avp.ro\/index.php\/26-iunie-ziua-mondiala-pentru-sprijinirea-victimelor-torturii\/#breadcrumb","itemListElement":[{"@type":"ListItem","position":1,"name":"Home","item":"https:\/\/avp.ro\/"},{"@type":"ListItem","position":2,"name":"26 Iunie &#8211; Ziua Mondial\u0103 pentru Sprijinirea Victimelor Torturii"}]},{"@type":"WebSite","@id":"https:\/\/avp.ro\/#website","url":"https:\/\/avp.ro\/","name":"Institu\u021bia Avocatul Poporului","description":"People\u2019s Advocate institution - Office of the Ombudsman","publisher":{"@id":"https:\/\/avp.ro\/#organization"},"potentialAction":[{"@type":"SearchAction","target":{"@type":"EntryPoint","urlTemplate":"https:\/\/avp.ro\/?s={search_term_string}"},"query-input":{"@type":"PropertyValueSpecification","valueRequired":true,"valueName":"search_term_string"}}],"inLanguage":"en-US"},{"@type":"Organization","@id":"https:\/\/avp.ro\/#organization","name":"Institutia Avocatul Poporului","url":"https:\/\/avp.ro\/","logo":{"@type":"ImageObject","inLanguage":"en-US","@id":"https:\/\/avp.ro\/#\/schema\/logo\/image\/","url":"https:\/\/avp.ro\/wp-content\/uploads\/2020\/09\/cropped-AP.jpg","contentUrl":"https:\/\/avp.ro\/wp-content\/uploads\/2020\/09\/cropped-AP.jpg","width":160,"height":146,"caption":"Institutia Avocatul Poporului"},"image":{"@id":"https:\/\/avp.ro\/#\/schema\/logo\/image\/"}}]}},"_links":{"self":[{"href":"https:\/\/avp.ro\/index.php\/wp-json\/wp\/v2\/pages\/3895","targetHints":{"allow":["GET"]}}],"collection":[{"href":"https:\/\/avp.ro\/index.php\/wp-json\/wp\/v2\/pages"}],"about":[{"href":"https:\/\/avp.ro\/index.php\/wp-json\/wp\/v2\/types\/page"}],"author":[{"embeddable":true,"href":"https:\/\/avp.ro\/index.php\/wp-json\/wp\/v2\/users\/1"}],"replies":[{"embeddable":true,"href":"https:\/\/avp.ro\/index.php\/wp-json\/wp\/v2\/comments?post=3895"}],"version-history":[{"count":3,"href":"https:\/\/avp.ro\/index.php\/wp-json\/wp\/v2\/pages\/3895\/revisions"}],"predecessor-version":[{"id":3899,"href":"https:\/\/avp.ro\/index.php\/wp-json\/wp\/v2\/pages\/3895\/revisions\/3899"}],"wp:attachment":[{"href":"https:\/\/avp.ro\/index.php\/wp-json\/wp\/v2\/media?parent=3895"}],"curies":[{"name":"wp","href":"https:\/\/api.w.org\/{rel}","templated":true}]}}