{"id":3902,"date":"2021-06-28T14:43:56","date_gmt":"2021-06-28T12:43:56","guid":{"rendered":"https:\/\/avp.ro\/?page_id=3902"},"modified":"2022-02-24T10:09:49","modified_gmt":"2022-02-24T08:09:49","slug":"in-ce-consta-colaborarea-cu-mnp","status":"publish","type":"page","link":"https:\/\/avp.ro\/index.php\/in-ce-consta-colaborarea-cu-mnp\/","title":{"rendered":"\u00ceN CE CONST\u0102 COLABORAREA CU MNP"},"content":{"rendered":"<p><strong>\u00cen ce const\u0103 colaborarea cu MNP?<\/strong><\/p>\n<p>\u00cen conformitate cu Legea nr. 35\/1997 privind organizarea \u0219i func\u021bionarea institu\u021biei Avocatul Poporului, republicat\u0103, pentru desf\u0103\u015furarea activit\u0103\u0163ilor MNP sunt coopta\u0163i \u015fi colaboratori externi: medici, psihologi, asisten\u021bi sociali, \u00een baza unor contracte de prest\u0103ri de servicii.<\/p>\n<p>Colaboratorii externi particip\u0103 la vizitele efectuate de c\u0103tre MNP \u00een locuri de deten\u021bie (prev\u0103zute \u00een acela\u0219i act normativ), precum:<\/p>\n<p style=\"padding-left: 40px;\">a)penitenciarele, inclusiv penitenciarele-spital;<\/p>\n<p style=\"padding-left: 40px;\">b)centrele educative, centrele de deten\u0163ie;<\/p>\n<p style=\"padding-left: 40px;\">c)centrele de re\u0163inere \u015fi arestare preventiv\u0103;<\/p>\n<p style=\"padding-left: 40px;\">d)serviciile de tip reziden\u0163ial pentru minorii care au s\u0103v\u00e2r\u015fit fapte penale \u015fi nu r\u0103spund penal;<\/p>\n<p style=\"padding-left: 40px;\">e)spitalele de psihiatrie \u015fi pentru m\u0103suri de siguran\u0163\u0103, spitalele de psihiatrie;<\/p>\n<p style=\"padding-left: 40px;\">f)centrele de tranzit;<\/p>\n<p style=\"padding-left: 40px;\">g)centrele de cazare a str\u0103inilor lua\u0163i \u00een custodie public\u0103, aflate \u00een subordinea \u015fi administrarea Inspectoratului General pentru Imigr\u0103ri;<\/p>\n<p style=\"padding-left: 40px;\">h)centrele speciale de primire \u015fi cazare a solicitan\u0163ilor de azil aflate \u00een subordinea Inspectoratului General pentru Imigr\u0103ri, av\u00e2nd regimul juridic al zonei de tranzit;<\/p>\n<p style=\"padding-left: 40px;\">i)centrele \u00een care se acord\u0103 servicii de asisten\u0163\u0103 pentru consumatorii de droguri, \u00een regim \u00eenchis;<\/p>\n<p style=\"padding-left: 40px;\">j)orice alt loc care face parte din sistemul de s\u0103n\u0103tate sau sistemul de asisten\u0163\u0103 social\u0103.<\/p>\n<p>Ulterior vizitei, colaboratorii externi \u00eentocmesc un raport, \u00eenso\u021bit de recomand\u0103ri, care va fi cuprins \u00een raportul de vizit\u0103 final al MNP.<\/p>\n<p>Pe perioada \u00eendeplinirii atribu\u0163iilor, colaboratorii externi se supun \u00eendatoririlor personalului institu\u0163iei \u00een ceea ce prive\u015fte p\u0103strarea confiden\u0163ialit\u0103\u0163ii lucr\u0103rilor \u015fi a celorlalte reguli de disciplin\u0103 intern\u0103 ale institu\u0163iei.<\/p>\n<p>&nbsp;<\/p>\n<p><strong>Cum po\u021bi deveni colaborator extern?<\/strong><\/p>\n<p>Anual sunt publicate anun\u021buri de selec\u021bionare a colaboratorilor externi, pe paginile de internet ale institu\u021biei Avocatul Poporului \u0219i ale asocia\u021biilor profesionale: Colegiul Medicilor din Rom\u00e2nia, Colegiul Psihologilor din Rom\u00e2nia, Colegiul Na\u0163ional al Asisten\u0163ilor Sociali din Rom\u00e2nia, \u00een care sunt men\u021bionate condi\u021biile care trebuie \u00eendeplinite de c\u0103tre participan\u021bi.<\/p>\n<p>Persoanele doritoare \u00ee\u0219i depun dosarele la asocia\u021biile profesionale din care fac parte.<\/p>\n<p>Pe baza propunerilor primite de la aceste asocia\u0163ii, Avocatul Poporului selecteaz\u0103 colaboratorii externi.<\/p>\n<p>Ulterior, colaboratorii externi deja selecta\u021bi \u0219i aproba\u021bi prin Ordin al Avocatului Poporului, care \u00eendeplinesc condi\u021biile de colaborare stabilite, vor solicita men\u021binerea colabor\u0103rii pe baza unei declara\u021bii privind \u00eendeplinirea condi\u021biilor \u0219i \u00ee\u0219i vor exprima acordul de colaborare, documente care vor fi transmise de c\u0103tre asocia\u021biile profesionale, institu\u021biei Avocatul Poporului, prelungindu-se colaborarea \u0219i \u00een cursul anului urm\u0103tor.<\/p>\n<p>&nbsp;<\/p>\n","protected":false},"excerpt":{"rendered":"<p>\u00cen ce const\u0103 colaborarea cu MNP? \u00cen conformitate cu Legea nr. 35\/1997 privind organizarea \u0219i func\u021bionarea institu\u021biei Avocatul Poporului, republicat\u0103, pentru desf\u0103\u015furarea activit\u0103\u0163ilor MNP sunt coopta\u0163i \u015fi colaboratori externi: medici,&hellip; <\/p>\n","protected":false},"author":1,"featured_media":0,"parent":0,"menu_order":0,"comment_status":"closed","ping_status":"closed","template":"","meta":{"footnotes":""},"class_list":["post-3902","page","type-page","status-publish","hentry"],"yoast_head":"<!-- This site is optimized with the Yoast SEO plugin v27.3 - https:\/\/yoast.com\/product\/yoast-seo-wordpress\/ -->\n<title>\u00ceN CE CONST\u0102 COLABORAREA CU MNP - Institu\u021bia Avocatul Poporului<\/title>\n<meta name=\"robots\" content=\"index, follow, max-snippet:-1, max-image-preview:large, max-video-preview:-1\" \/>\n<link rel=\"canonical\" href=\"https:\/\/avp.ro\/index.php\/in-ce-consta-colaborarea-cu-mnp\/\" \/>\n<meta property=\"og:locale\" content=\"en_US\" \/>\n<meta property=\"og:type\" content=\"article\" \/>\n<meta property=\"og:title\" content=\"\u00ceN CE CONST\u0102 COLABORAREA CU MNP - Institu\u021bia Avocatul Poporului\" \/>\n<meta property=\"og:description\" content=\"\u00cen ce const\u0103 colaborarea cu MNP? \u00cen conformitate cu Legea nr. 35\/1997 privind organizarea \u0219i func\u021bionarea institu\u021biei Avocatul Poporului, republicat\u0103, pentru desf\u0103\u015furarea activit\u0103\u0163ilor MNP sunt coopta\u0163i \u015fi colaboratori externi: medici,&hellip;\" \/>\n<meta property=\"og:url\" content=\"https:\/\/avp.ro\/index.php\/in-ce-consta-colaborarea-cu-mnp\/\" \/>\n<meta property=\"og:site_name\" content=\"Institu\u021bia Avocatul Poporului\" \/>\n<meta property=\"article:modified_time\" content=\"2022-02-24T08:09:49+00:00\" \/>\n<meta name=\"twitter:card\" content=\"summary_large_image\" \/>\n<meta name=\"twitter:label1\" content=\"Est. reading time\" \/>\n\t<meta name=\"twitter:data1\" content=\"2 minutes\" \/>\n<script type=\"application\/ld+json\" class=\"yoast-schema-graph\">{\"@context\":\"https:\\\/\\\/schema.org\",\"@graph\":[{\"@type\":\"WebPage\",\"@id\":\"https:\\\/\\\/avp.ro\\\/index.php\\\/in-ce-consta-colaborarea-cu-mnp\\\/\",\"url\":\"https:\\\/\\\/avp.ro\\\/index.php\\\/in-ce-consta-colaborarea-cu-mnp\\\/\",\"name\":\"\u00ceN CE CONST\u0102 COLABORAREA CU MNP - Institu\u021bia Avocatul Poporului\",\"isPartOf\":{\"@id\":\"https:\\\/\\\/avp.ro\\\/#website\"},\"datePublished\":\"2021-06-28T12:43:56+00:00\",\"dateModified\":\"2022-02-24T08:09:49+00:00\",\"breadcrumb\":{\"@id\":\"https:\\\/\\\/avp.ro\\\/index.php\\\/in-ce-consta-colaborarea-cu-mnp\\\/#breadcrumb\"},\"inLanguage\":\"en-US\",\"potentialAction\":[{\"@type\":\"ReadAction\",\"target\":[\"https:\\\/\\\/avp.ro\\\/index.php\\\/in-ce-consta-colaborarea-cu-mnp\\\/\"]}]},{\"@type\":\"BreadcrumbList\",\"@id\":\"https:\\\/\\\/avp.ro\\\/index.php\\\/in-ce-consta-colaborarea-cu-mnp\\\/#breadcrumb\",\"itemListElement\":[{\"@type\":\"ListItem\",\"position\":1,\"name\":\"Home\",\"item\":\"https:\\\/\\\/avp.ro\\\/\"},{\"@type\":\"ListItem\",\"position\":2,\"name\":\"\u00ceN CE CONST\u0102 COLABORAREA CU MNP\"}]},{\"@type\":\"WebSite\",\"@id\":\"https:\\\/\\\/avp.ro\\\/#website\",\"url\":\"https:\\\/\\\/avp.ro\\\/\",\"name\":\"Institu\u021bia Avocatul Poporului\",\"description\":\"People\u2019s Advocate institution - Office of the Ombudsman\",\"publisher\":{\"@id\":\"https:\\\/\\\/avp.ro\\\/#organization\"},\"potentialAction\":[{\"@type\":\"SearchAction\",\"target\":{\"@type\":\"EntryPoint\",\"urlTemplate\":\"https:\\\/\\\/avp.ro\\\/?s={search_term_string}\"},\"query-input\":{\"@type\":\"PropertyValueSpecification\",\"valueRequired\":true,\"valueName\":\"search_term_string\"}}],\"inLanguage\":\"en-US\"},{\"@type\":\"Organization\",\"@id\":\"https:\\\/\\\/avp.ro\\\/#organization\",\"name\":\"Institutia Avocatul Poporului\",\"url\":\"https:\\\/\\\/avp.ro\\\/\",\"logo\":{\"@type\":\"ImageObject\",\"inLanguage\":\"en-US\",\"@id\":\"https:\\\/\\\/avp.ro\\\/#\\\/schema\\\/logo\\\/image\\\/\",\"url\":\"https:\\\/\\\/avp.ro\\\/wp-content\\\/uploads\\\/2020\\\/09\\\/cropped-AP.jpg\",\"contentUrl\":\"https:\\\/\\\/avp.ro\\\/wp-content\\\/uploads\\\/2020\\\/09\\\/cropped-AP.jpg\",\"width\":160,\"height\":146,\"caption\":\"Institutia Avocatul Poporului\"},\"image\":{\"@id\":\"https:\\\/\\\/avp.ro\\\/#\\\/schema\\\/logo\\\/image\\\/\"}}]}<\/script>\n<!-- \/ Yoast SEO plugin. -->","yoast_head_json":{"title":"\u00ceN CE CONST\u0102 COLABORAREA CU MNP - Institu\u021bia Avocatul Poporului","robots":{"index":"index","follow":"follow","max-snippet":"max-snippet:-1","max-image-preview":"max-image-preview:large","max-video-preview":"max-video-preview:-1"},"canonical":"https:\/\/avp.ro\/index.php\/in-ce-consta-colaborarea-cu-mnp\/","og_locale":"en_US","og_type":"article","og_title":"\u00ceN CE CONST\u0102 COLABORAREA CU MNP - Institu\u021bia Avocatul Poporului","og_description":"\u00cen ce const\u0103 colaborarea cu MNP? \u00cen conformitate cu Legea nr. 35\/1997 privind organizarea \u0219i func\u021bionarea institu\u021biei Avocatul Poporului, republicat\u0103, pentru desf\u0103\u015furarea activit\u0103\u0163ilor MNP sunt coopta\u0163i \u015fi colaboratori externi: medici,&hellip;","og_url":"https:\/\/avp.ro\/index.php\/in-ce-consta-colaborarea-cu-mnp\/","og_site_name":"Institu\u021bia Avocatul Poporului","article_modified_time":"2022-02-24T08:09:49+00:00","twitter_card":"summary_large_image","twitter_misc":{"Est. reading time":"2 minutes"},"schema":{"@context":"https:\/\/schema.org","@graph":[{"@type":"WebPage","@id":"https:\/\/avp.ro\/index.php\/in-ce-consta-colaborarea-cu-mnp\/","url":"https:\/\/avp.ro\/index.php\/in-ce-consta-colaborarea-cu-mnp\/","name":"\u00ceN CE CONST\u0102 COLABORAREA CU MNP - Institu\u021bia Avocatul Poporului","isPartOf":{"@id":"https:\/\/avp.ro\/#website"},"datePublished":"2021-06-28T12:43:56+00:00","dateModified":"2022-02-24T08:09:49+00:00","breadcrumb":{"@id":"https:\/\/avp.ro\/index.php\/in-ce-consta-colaborarea-cu-mnp\/#breadcrumb"},"inLanguage":"en-US","potentialAction":[{"@type":"ReadAction","target":["https:\/\/avp.ro\/index.php\/in-ce-consta-colaborarea-cu-mnp\/"]}]},{"@type":"BreadcrumbList","@id":"https:\/\/avp.ro\/index.php\/in-ce-consta-colaborarea-cu-mnp\/#breadcrumb","itemListElement":[{"@type":"ListItem","position":1,"name":"Home","item":"https:\/\/avp.ro\/"},{"@type":"ListItem","position":2,"name":"\u00ceN CE CONST\u0102 COLABORAREA CU MNP"}]},{"@type":"WebSite","@id":"https:\/\/avp.ro\/#website","url":"https:\/\/avp.ro\/","name":"Institu\u021bia Avocatul Poporului","description":"People\u2019s Advocate institution - Office of the Ombudsman","publisher":{"@id":"https:\/\/avp.ro\/#organization"},"potentialAction":[{"@type":"SearchAction","target":{"@type":"EntryPoint","urlTemplate":"https:\/\/avp.ro\/?s={search_term_string}"},"query-input":{"@type":"PropertyValueSpecification","valueRequired":true,"valueName":"search_term_string"}}],"inLanguage":"en-US"},{"@type":"Organization","@id":"https:\/\/avp.ro\/#organization","name":"Institutia Avocatul Poporului","url":"https:\/\/avp.ro\/","logo":{"@type":"ImageObject","inLanguage":"en-US","@id":"https:\/\/avp.ro\/#\/schema\/logo\/image\/","url":"https:\/\/avp.ro\/wp-content\/uploads\/2020\/09\/cropped-AP.jpg","contentUrl":"https:\/\/avp.ro\/wp-content\/uploads\/2020\/09\/cropped-AP.jpg","width":160,"height":146,"caption":"Institutia Avocatul Poporului"},"image":{"@id":"https:\/\/avp.ro\/#\/schema\/logo\/image\/"}}]}},"_links":{"self":[{"href":"https:\/\/avp.ro\/index.php\/wp-json\/wp\/v2\/pages\/3902","targetHints":{"allow":["GET"]}}],"collection":[{"href":"https:\/\/avp.ro\/index.php\/wp-json\/wp\/v2\/pages"}],"about":[{"href":"https:\/\/avp.ro\/index.php\/wp-json\/wp\/v2\/types\/page"}],"author":[{"embeddable":true,"href":"https:\/\/avp.ro\/index.php\/wp-json\/wp\/v2\/users\/1"}],"replies":[{"embeddable":true,"href":"https:\/\/avp.ro\/index.php\/wp-json\/wp\/v2\/comments?post=3902"}],"version-history":[{"count":12,"href":"https:\/\/avp.ro\/index.php\/wp-json\/wp\/v2\/pages\/3902\/revisions"}],"predecessor-version":[{"id":5515,"href":"https:\/\/avp.ro\/index.php\/wp-json\/wp\/v2\/pages\/3902\/revisions\/5515"}],"wp:attachment":[{"href":"https:\/\/avp.ro\/index.php\/wp-json\/wp\/v2\/media?parent=3902"}],"curies":[{"name":"wp","href":"https:\/\/api.w.org\/{rel}","templated":true}]}}