{"id":44,"date":"2020-07-16T05:41:55","date_gmt":"2020-07-16T05:41:55","guid":{"rendered":"https:\/\/avp.ro\/?page_id=44"},"modified":"2020-07-30T10:20:56","modified_gmt":"2020-07-30T08:20:56","slug":"atributiile-avocatului-poporului","status":"publish","type":"page","link":"https:\/\/avp.ro\/index.php\/cum-sesizez-avocatul-poporului\/atributiile-avocatului-poporului\/","title":{"rendered":"Atribu\u021biile Avocatului Poporului"},"content":{"rendered":"<p>&nbsp;<\/p>\n<p>&nbsp;<\/p>\n<p style=\"font-weight: 400;\"><strong>Atribu\u0163iile Avocatului Poporului<\/strong><\/p>\n<p style=\"font-weight: 400;\">Institu\u0163ia Avocatul Poporului este autoritate public\u0103 autonom\u0103 \u015fi independent\u0103 fa\u0163\u0103 de orice alt\u0103 autoritate public\u0103 \u015fi are drept scop ap\u0103rarea drepturilor \u015fi libert\u0103\u0163ilor persoanelor fizice \u00een raporturile acestora cu autorit\u0103\u0163ile publice.<\/p>\n<p style=\"font-weight: 400;\"><strong>Principalele atribu\u0163ii ale Avocatului Poporului:<\/strong><\/p>\n<ol>\n<li style=\"font-weight: 400;\">activitatea de solu\u0163ionare a peti\u0163iilor;<\/li>\n<li style=\"font-weight: 400;\">activitatea privind contenciosul constitu\u0163ional:<\/li>\n<li style=\"font-weight: 400;\">formuleaz\u0103 puncte de vedere, la cererea Cur\u0163ii Constitu\u0163ionale;<\/li>\n<li style=\"font-weight: 400;\">poate sesiza Curtea Constitu\u0163ional\u0103 cu privire la neconstitu\u0163ionalitatea legilor, \u00eenainte de promulgarea acestora;<\/li>\n<li style=\"font-weight: 400;\">poate sesiza direct Curtea Constitu\u0163ional\u0103 cu excep\u0163ia de neconstitu\u0163ionalitate a legilor \u015fi ordonan\u0163elor;<\/li>\n<li style=\"font-weight: 400;\">activitatea privind contenciosul administrativ: poate sesiza instan\u0163a de contencios administrativ, \u00een condi\u0163iile legii contenciosului administrativ;<\/li>\n<li style=\"font-weight: 400;\">promovarea recursului \u00een interesul legii \u00een fa\u0163a \u00cenaltei Cur\u0163i de Casa\u0163ie \u015fi Justi\u0163ie, cu privire la problemele de drept care au fost solu\u0163ionate diferit de instan\u0163ele judec\u0103tore\u015fti, prin hot\u0103r\u00e2ri judec\u0103tore\u015fti irevocabile;<\/li>\n<li style=\"font-weight: 400;\">prezint\u0103 celor dou\u0103 Camere ale Parlamentului rapoarte, anual sau la cererea acestora; rapoartele pot con\u0163ine recomand\u0103ri privind modificarea legisla\u0163iei sau m\u0103suri de alt\u0103 natur\u0103 pentru ocrotirea drepturilor \u015fi libert\u0103\u0163ilor cet\u0103\u0163enilor;<\/li>\n<li style=\"font-weight: 400;\">prezint\u0103 rapoarte pre\u015fedin\u0163ilor celor dou\u0103 Camere ale Parlamentului sau, dup\u0103 caz, primului &#8211; ministru, \u00een cazurile \u00een care constat\u0103, cu prilejul cercet\u0103rilor \u00eentreprinse, lacune \u00een legisla\u0163ie sau cazuri grave de corup\u0163ie ori de nerespectare a legilor \u0163\u0103rii;<\/li>\n<li style=\"font-weight: 400;\">Avocatul Poporului poate fi consultat de ini\u0163iatorii proiectelor de legi \u015fi ordonan\u0163e, care, prin con\u0163inutul reglement\u0103rilor, privesc drepturile \u015fi libert\u0103\u0163ile cet\u0103\u0163enilor, prev\u0103zute de Constitu\u0163ia Rom\u00e2niei, de pactele \u015fi celelalte tratate interna\u0163ionale privitoare la drepturile fundamentale ale omului, la care Rom\u00e2nia este parte.<\/li>\n<\/ol>\n<p style=\"font-weight: 400;\"><strong>Institu\u0163ia Avocatul Poporului \u00ee\u015fi exercit\u0103 atribu\u0163iile:<\/strong><\/p>\n<p style=\"font-weight: 400;\">&#8211;&nbsp;din oficiu<\/p>\n<p style=\"font-weight: 400;\">&#8211;&nbsp;la cererea:<\/p>\n<ol>\n<li style=\"font-weight: 400;\">persoanelor fizice &#8211; f\u0103r\u0103 deosebire de cet\u0103\u0163enie, v\u00e2rst\u0103, sex, apartenen\u0163\u0103 politic\u0103 sau convingeri religioase<\/li>\n<li style=\"font-weight: 400;\">societ\u0103\u0163ilor comerciale<\/li>\n<li style=\"font-weight: 400;\">asocia\u0163iilor<\/li>\n<li style=\"font-weight: 400;\">altor persoane juridice<\/li>\n<\/ol>\n","protected":false},"excerpt":{"rendered":"<p>&nbsp; &nbsp; Atribu\u0163iile Avocatului Poporului Institu\u0163ia Avocatul Poporului este autoritate public\u0103 autonom\u0103 \u015fi independent\u0103 fa\u0163\u0103 de orice alt\u0103 autoritate public\u0103 \u015fi are drept scop ap\u0103rarea drepturilor \u015fi libert\u0103\u0163ilor persoanelor fizice&hellip; <\/p>\n","protected":false},"author":1,"featured_media":0,"parent":47,"menu_order":0,"comment_status":"closed","ping_status":"closed","template":"","meta":{"footnotes":""},"class_list":["post-44","page","type-page","status-publish","hentry"],"yoast_head":"<!-- This site is optimized with the Yoast SEO plugin v27.3 - https:\/\/yoast.com\/product\/yoast-seo-wordpress\/ -->\n<title>Atribu\u021biile Avocatului Poporului - Institu\u021bia Avocatul Poporului<\/title>\n<meta name=\"robots\" content=\"index, follow, max-snippet:-1, max-image-preview:large, max-video-preview:-1\" \/>\n<link rel=\"canonical\" href=\"https:\/\/avp.ro\/index.php\/cum-sesizez-avocatul-poporului\/atributiile-avocatului-poporului\/\" \/>\n<meta property=\"og:locale\" content=\"en_US\" \/>\n<meta property=\"og:type\" content=\"article\" \/>\n<meta property=\"og:title\" content=\"Atribu\u021biile Avocatului Poporului - Institu\u021bia Avocatul Poporului\" \/>\n<meta property=\"og:description\" content=\"&nbsp; &nbsp; Atribu\u0163iile Avocatului Poporului Institu\u0163ia Avocatul Poporului este autoritate public\u0103 autonom\u0103 \u015fi independent\u0103 fa\u0163\u0103 de orice alt\u0103 autoritate public\u0103 \u015fi are drept scop ap\u0103rarea drepturilor \u015fi libert\u0103\u0163ilor persoanelor fizice&hellip;\" \/>\n<meta property=\"og:url\" content=\"https:\/\/avp.ro\/index.php\/cum-sesizez-avocatul-poporului\/atributiile-avocatului-poporului\/\" \/>\n<meta property=\"og:site_name\" content=\"Institu\u021bia Avocatul Poporului\" \/>\n<meta property=\"article:modified_time\" content=\"2020-07-30T08:20:56+00:00\" \/>\n<meta name=\"twitter:card\" content=\"summary_large_image\" \/>\n<meta name=\"twitter:label1\" content=\"Est. reading time\" \/>\n\t<meta name=\"twitter:data1\" content=\"2 minutes\" \/>\n<script type=\"application\/ld+json\" class=\"yoast-schema-graph\">{\"@context\":\"https:\\\/\\\/schema.org\",\"@graph\":[{\"@type\":\"WebPage\",\"@id\":\"https:\\\/\\\/avp.ro\\\/index.php\\\/cum-sesizez-avocatul-poporului\\\/atributiile-avocatului-poporului\\\/\",\"url\":\"https:\\\/\\\/avp.ro\\\/index.php\\\/cum-sesizez-avocatul-poporului\\\/atributiile-avocatului-poporului\\\/\",\"name\":\"Atribu\u021biile Avocatului Poporului - Institu\u021bia Avocatul Poporului\",\"isPartOf\":{\"@id\":\"https:\\\/\\\/avp.ro\\\/#website\"},\"datePublished\":\"2020-07-16T05:41:55+00:00\",\"dateModified\":\"2020-07-30T08:20:56+00:00\",\"breadcrumb\":{\"@id\":\"https:\\\/\\\/avp.ro\\\/index.php\\\/cum-sesizez-avocatul-poporului\\\/atributiile-avocatului-poporului\\\/#breadcrumb\"},\"inLanguage\":\"en-US\",\"potentialAction\":[{\"@type\":\"ReadAction\",\"target\":[\"https:\\\/\\\/avp.ro\\\/index.php\\\/cum-sesizez-avocatul-poporului\\\/atributiile-avocatului-poporului\\\/\"]}]},{\"@type\":\"BreadcrumbList\",\"@id\":\"https:\\\/\\\/avp.ro\\\/index.php\\\/cum-sesizez-avocatul-poporului\\\/atributiile-avocatului-poporului\\\/#breadcrumb\",\"itemListElement\":[{\"@type\":\"ListItem\",\"position\":1,\"name\":\"Home\",\"item\":\"https:\\\/\\\/avp.ro\\\/\"},{\"@type\":\"ListItem\",\"position\":2,\"name\":\"CUM SESIZEZ AVP\",\"item\":\"https:\\\/\\\/avp.ro\\\/index.php\\\/cum-sesizez-avocatul-poporului\\\/\"},{\"@type\":\"ListItem\",\"position\":3,\"name\":\"Atribu\u021biile Avocatului Poporului\"}]},{\"@type\":\"WebSite\",\"@id\":\"https:\\\/\\\/avp.ro\\\/#website\",\"url\":\"https:\\\/\\\/avp.ro\\\/\",\"name\":\"Institu\u021bia Avocatul Poporului\",\"description\":\"People\u2019s Advocate institution - Office of the Ombudsman\",\"publisher\":{\"@id\":\"https:\\\/\\\/avp.ro\\\/#organization\"},\"potentialAction\":[{\"@type\":\"SearchAction\",\"target\":{\"@type\":\"EntryPoint\",\"urlTemplate\":\"https:\\\/\\\/avp.ro\\\/?s={search_term_string}\"},\"query-input\":{\"@type\":\"PropertyValueSpecification\",\"valueRequired\":true,\"valueName\":\"search_term_string\"}}],\"inLanguage\":\"en-US\"},{\"@type\":\"Organization\",\"@id\":\"https:\\\/\\\/avp.ro\\\/#organization\",\"name\":\"Institutia Avocatul Poporului\",\"url\":\"https:\\\/\\\/avp.ro\\\/\",\"logo\":{\"@type\":\"ImageObject\",\"inLanguage\":\"en-US\",\"@id\":\"https:\\\/\\\/avp.ro\\\/#\\\/schema\\\/logo\\\/image\\\/\",\"url\":\"https:\\\/\\\/avp.ro\\\/wp-content\\\/uploads\\\/2020\\\/09\\\/cropped-AP.jpg\",\"contentUrl\":\"https:\\\/\\\/avp.ro\\\/wp-content\\\/uploads\\\/2020\\\/09\\\/cropped-AP.jpg\",\"width\":160,\"height\":146,\"caption\":\"Institutia Avocatul Poporului\"},\"image\":{\"@id\":\"https:\\\/\\\/avp.ro\\\/#\\\/schema\\\/logo\\\/image\\\/\"}}]}<\/script>\n<!-- \/ Yoast SEO plugin. -->","yoast_head_json":{"title":"Atribu\u021biile Avocatului Poporului - Institu\u021bia Avocatul Poporului","robots":{"index":"index","follow":"follow","max-snippet":"max-snippet:-1","max-image-preview":"max-image-preview:large","max-video-preview":"max-video-preview:-1"},"canonical":"https:\/\/avp.ro\/index.php\/cum-sesizez-avocatul-poporului\/atributiile-avocatului-poporului\/","og_locale":"en_US","og_type":"article","og_title":"Atribu\u021biile Avocatului Poporului - Institu\u021bia Avocatul Poporului","og_description":"&nbsp; &nbsp; Atribu\u0163iile Avocatului Poporului Institu\u0163ia Avocatul Poporului este autoritate public\u0103 autonom\u0103 \u015fi independent\u0103 fa\u0163\u0103 de orice alt\u0103 autoritate public\u0103 \u015fi are drept scop ap\u0103rarea drepturilor \u015fi libert\u0103\u0163ilor persoanelor fizice&hellip;","og_url":"https:\/\/avp.ro\/index.php\/cum-sesizez-avocatul-poporului\/atributiile-avocatului-poporului\/","og_site_name":"Institu\u021bia Avocatul Poporului","article_modified_time":"2020-07-30T08:20:56+00:00","twitter_card":"summary_large_image","twitter_misc":{"Est. reading time":"2 minutes"},"schema":{"@context":"https:\/\/schema.org","@graph":[{"@type":"WebPage","@id":"https:\/\/avp.ro\/index.php\/cum-sesizez-avocatul-poporului\/atributiile-avocatului-poporului\/","url":"https:\/\/avp.ro\/index.php\/cum-sesizez-avocatul-poporului\/atributiile-avocatului-poporului\/","name":"Atribu\u021biile Avocatului Poporului - Institu\u021bia Avocatul Poporului","isPartOf":{"@id":"https:\/\/avp.ro\/#website"},"datePublished":"2020-07-16T05:41:55+00:00","dateModified":"2020-07-30T08:20:56+00:00","breadcrumb":{"@id":"https:\/\/avp.ro\/index.php\/cum-sesizez-avocatul-poporului\/atributiile-avocatului-poporului\/#breadcrumb"},"inLanguage":"en-US","potentialAction":[{"@type":"ReadAction","target":["https:\/\/avp.ro\/index.php\/cum-sesizez-avocatul-poporului\/atributiile-avocatului-poporului\/"]}]},{"@type":"BreadcrumbList","@id":"https:\/\/avp.ro\/index.php\/cum-sesizez-avocatul-poporului\/atributiile-avocatului-poporului\/#breadcrumb","itemListElement":[{"@type":"ListItem","position":1,"name":"Home","item":"https:\/\/avp.ro\/"},{"@type":"ListItem","position":2,"name":"CUM SESIZEZ AVP","item":"https:\/\/avp.ro\/index.php\/cum-sesizez-avocatul-poporului\/"},{"@type":"ListItem","position":3,"name":"Atribu\u021biile Avocatului Poporului"}]},{"@type":"WebSite","@id":"https:\/\/avp.ro\/#website","url":"https:\/\/avp.ro\/","name":"Institu\u021bia Avocatul Poporului","description":"People\u2019s Advocate institution - Office of the Ombudsman","publisher":{"@id":"https:\/\/avp.ro\/#organization"},"potentialAction":[{"@type":"SearchAction","target":{"@type":"EntryPoint","urlTemplate":"https:\/\/avp.ro\/?s={search_term_string}"},"query-input":{"@type":"PropertyValueSpecification","valueRequired":true,"valueName":"search_term_string"}}],"inLanguage":"en-US"},{"@type":"Organization","@id":"https:\/\/avp.ro\/#organization","name":"Institutia Avocatul Poporului","url":"https:\/\/avp.ro\/","logo":{"@type":"ImageObject","inLanguage":"en-US","@id":"https:\/\/avp.ro\/#\/schema\/logo\/image\/","url":"https:\/\/avp.ro\/wp-content\/uploads\/2020\/09\/cropped-AP.jpg","contentUrl":"https:\/\/avp.ro\/wp-content\/uploads\/2020\/09\/cropped-AP.jpg","width":160,"height":146,"caption":"Institutia Avocatul Poporului"},"image":{"@id":"https:\/\/avp.ro\/#\/schema\/logo\/image\/"}}]}},"_links":{"self":[{"href":"https:\/\/avp.ro\/index.php\/wp-json\/wp\/v2\/pages\/44","targetHints":{"allow":["GET"]}}],"collection":[{"href":"https:\/\/avp.ro\/index.php\/wp-json\/wp\/v2\/pages"}],"about":[{"href":"https:\/\/avp.ro\/index.php\/wp-json\/wp\/v2\/types\/page"}],"author":[{"embeddable":true,"href":"https:\/\/avp.ro\/index.php\/wp-json\/wp\/v2\/users\/1"}],"replies":[{"embeddable":true,"href":"https:\/\/avp.ro\/index.php\/wp-json\/wp\/v2\/comments?post=44"}],"version-history":[{"count":5,"href":"https:\/\/avp.ro\/index.php\/wp-json\/wp\/v2\/pages\/44\/revisions"}],"predecessor-version":[{"id":740,"href":"https:\/\/avp.ro\/index.php\/wp-json\/wp\/v2\/pages\/44\/revisions\/740"}],"up":[{"embeddable":true,"href":"https:\/\/avp.ro\/index.php\/wp-json\/wp\/v2\/pages\/47"}],"wp:attachment":[{"href":"https:\/\/avp.ro\/index.php\/wp-json\/wp\/v2\/media?parent=44"}],"curies":[{"name":"wp","href":"https:\/\/api.w.org\/{rel}","templated":true}]}}