{"id":489,"date":"2020-07-28T08:25:24","date_gmt":"2020-07-28T06:25:24","guid":{"rendered":"https:\/\/avp.ro\/?page_id=489"},"modified":"2022-07-01T10:35:44","modified_gmt":"2022-07-01T08:35:44","slug":"legislatie-mnp","status":"publish","type":"page","link":"https:\/\/avp.ro\/index.php\/domenii-de-activitate\/domeniul-privind-prevenirea-torturii-si-a-altor-pedepse-ori-tratamente-cu-cruzime-inumane-sau-degradante-in-locurile-de-detentie-mnp\/legislatie-mnp\/","title":{"rendered":"Legisla\u021bie MNP"},"content":{"rendered":"<p>&nbsp;<\/p>\n<p>&nbsp;<\/p>\n<p style=\"text-align: center;\"><em><strong>LEGISLA\u021aIE INTERN\u0102<\/strong><\/em><\/p>\n<p style=\"text-align: center;\"><a href=\"https:\/\/avp.ro\/wp-content\/uploads\/2020\/07\/lege35.pdf\">Legea 35\/1997 privind organizare \u0219i func\u021bionarea institu\u021biei Avocatul Poporului, republicat\u0103, form\u0103 consolidat\u0103 realizat\u0103 de Regia Autonom\u0103 Monitorul Oficial<\/a><\/p>\n<p style=\"text-align: center;\"><a href=\"https:\/\/avp.ro\/wp-content\/uploads\/2020\/07\/ou48_2014-1.pdf\">Ordonan\u021ba de urgen\u021b\u0103 a Guvernului nr.48\/2014 pentru modificarea \u0219i completarea Legii nr.35\/1997 privind organizarea \u0219i func\u021bionarea institu\u021biei Avocatul Poporului, precum \u0219i pentru modificarea \u0219i completarea unor acte normative<\/a><\/p>\n<p style=\"text-align: center;\"><a href=\"https:\/\/avp.ro\/wp-content\/uploads\/2021\/05\/Declaratie-de-principii-MNP.pdf\">Declara\u021bie de principii cu privire la tratamentul aplicat persoanelor lipsite de libertate pe parcursul st\u0103rii de urgen\u021b\u0103 instituite urmare a epidemiei de coronavirus (COVID-19)<\/a><\/p>\n<p style=\"text-align: center;\"><a href=\"https:\/\/avp.ro\/wp-content\/uploads\/2020\/07\/lege9_mnp.pdf\">Legea nr.9\/2018 pentru\u00a0modificarea \u015fi completarea Legii nr.\u00a035\/1997\u00a0privind organizarea \u015fi func\u0163ionarea institu\u0163iei Avocatul Poporului<\/a><\/p>\n<p style=\"text-align: center;\"><a href=\"https:\/\/avp.ro\/wp-content\/uploads\/2020\/07\/lege181_mnp.pdf\">Legea nr.181\/2014 pentru aprobarea Ordonan\u021bei de urgen\u021b\u0103 a Guvernului nr.48\/2014<\/a><\/p>\n<p style=\"text-align: center;\"><em><a href=\"https:\/\/avp.ro\/wp-content\/uploads\/2020\/07\/lege181_fr.pdf\">FR<\/a>\u00a0 \u00a0 \u00a0 \u00a0 \u00a0 \u00a0 <a href=\"https:\/\/avp.ro\/wp-content\/uploads\/2020\/07\/lege181_en.pdf\">EN<\/a><\/em><\/p>\n<p>&nbsp;<\/p>\n<p style=\"text-align: center;\"><em><strong>LEGISLA\u021aIE INTERNA\u021aIONAL\u0102<\/strong><\/em><\/p>\n<p style=\"text-align: center;\"><a href=\"https:\/\/avp.ro\/wp-content\/uploads\/2020\/07\/declaratie_mnp.pdf\">Declara\u021bia universal\u0103 a drepturilor omului din 10 decembrie 1948<\/a><\/p>\n<p style=\"text-align: center;\"><a href=\"https:\/\/avp.ro\/wp-content\/uploads\/2020\/07\/pact_mnp.pdf\">Pactul Interna\u021bional cu privire la drepturile civile \u0219i politice<\/a><\/p>\n<p style=\"text-align: center;\"><a href=\"https:\/\/avp.ro\/wp-content\/uploads\/2020\/07\/conventie_mnp.pdf\">Conven\u021bia \u00eempotriva torturii \u0219i a altor pedepse ori tratamente cu cruzime, inumane sau degradante, adoptat\u0103 la New York la 10 decembrie 1984<\/a><\/p>\n<p style=\"text-align: center;\"><a href=\"https:\/\/avp.ro\/wp-content\/uploads\/2020\/07\/protocol_mnp.pdf\">Protocolul op\u021bional, adoptat la New York la 18 decembrie 2002<\/a><\/p>\n<p style=\"text-align: center;\"><a href=\"https:\/\/avp.ro\/wp-content\/uploads\/2022\/01\/norme_cpt_mnp.pdf\">Normele Comitetului European pentru Prevenirea Torturii \u0219i Tratamentelor sau Pedepselor Inumane sau Degradante (CPT)<\/a><\/p>\n<p style=\"text-align: center;\"><a href=\"https:\/\/avp.ro\/wp-content\/uploads\/2020\/07\/conventie_mnp_eu.pdf\">Conven\u021bia european\u0103 pentru prevenirea torturii \u0219i a pedepselor sau tratamentelor inumane sau degradante<\/a><\/p>\n<p style=\"text-align: center;\"><a href=\"https:\/\/avp.ro\/wp-content\/uploads\/2020\/07\/ansamblu_reguli_mnp.pdf\">Ansamblul de reguli minime ale Na\u021biunilor Unite pentru tratamentul de\u021binu\u021bilor (Regulile Nelson Mandela)<\/a><\/p>\n<p style=\"text-align: center;\"><a href=\"https:\/\/avp.ro\/wp-content\/uploads\/2020\/07\/Aviz_SPT_Coronavirus.pdf\">Avizul Subcomitetului pentru Prevenirea Torturii c\u0103tre statele p\u0103r\u021bi \u0219i Mecanismele Na\u021bionale de Prevenire, cu privire la pandemia de Coronavirus (adoptat la 25 martie 2020)<\/a><\/p>\n<p>&nbsp;<\/p>\n","protected":false},"excerpt":{"rendered":"<p>&nbsp; &nbsp; LEGISLA\u021aIE INTERN\u0102 Legea 35\/1997 privind organizare \u0219i func\u021bionarea institu\u021biei Avocatul Poporului, republicat\u0103, form\u0103 consolidat\u0103 realizat\u0103 de Regia Autonom\u0103 Monitorul Oficial Ordonan\u021ba de urgen\u021b\u0103 a Guvernului nr.48\/2014 pentru modificarea&hellip; <\/p>\n","protected":false},"author":1,"featured_media":0,"parent":314,"menu_order":2,"comment_status":"closed","ping_status":"closed","template":"","meta":{"footnotes":""},"class_list":["post-489","page","type-page","status-publish","hentry"],"yoast_head":"<!-- This site is optimized with the Yoast SEO plugin v27.3 - https:\/\/yoast.com\/product\/yoast-seo-wordpress\/ -->\n<title>Legisla\u021bie MNP - Institu\u021bia Avocatul Poporului<\/title>\n<meta name=\"robots\" content=\"index, follow, max-snippet:-1, max-image-preview:large, max-video-preview:-1\" \/>\n<link rel=\"canonical\" href=\"https:\/\/avp.ro\/index.php\/domenii-de-activitate\/domeniul-privind-prevenirea-torturii-si-a-altor-pedepse-ori-tratamente-cu-cruzime-inumane-sau-degradante-in-locurile-de-detentie-mnp\/legislatie-mnp\/\" \/>\n<meta property=\"og:locale\" content=\"en_US\" \/>\n<meta property=\"og:type\" content=\"article\" \/>\n<meta property=\"og:title\" content=\"Legisla\u021bie MNP - Institu\u021bia Avocatul Poporului\" \/>\n<meta property=\"og:description\" content=\"&nbsp; &nbsp; LEGISLA\u021aIE INTERN\u0102 Legea 35\/1997 privind organizare \u0219i func\u021bionarea institu\u021biei Avocatul Poporului, republicat\u0103, form\u0103 consolidat\u0103 realizat\u0103 de Regia Autonom\u0103 Monitorul Oficial Ordonan\u021ba de urgen\u021b\u0103 a Guvernului nr.48\/2014 pentru modificarea&hellip;\" \/>\n<meta property=\"og:url\" content=\"https:\/\/avp.ro\/index.php\/domenii-de-activitate\/domeniul-privind-prevenirea-torturii-si-a-altor-pedepse-ori-tratamente-cu-cruzime-inumane-sau-degradante-in-locurile-de-detentie-mnp\/legislatie-mnp\/\" \/>\n<meta property=\"og:site_name\" content=\"Institu\u021bia Avocatul Poporului\" \/>\n<meta property=\"article:modified_time\" content=\"2022-07-01T08:35:44+00:00\" \/>\n<meta name=\"twitter:card\" content=\"summary_large_image\" \/>\n<meta name=\"twitter:label1\" content=\"Est. reading time\" \/>\n\t<meta name=\"twitter:data1\" content=\"1 minute\" \/>\n<script type=\"application\/ld+json\" class=\"yoast-schema-graph\">{\"@context\":\"https:\\\/\\\/schema.org\",\"@graph\":[{\"@type\":\"WebPage\",\"@id\":\"https:\\\/\\\/avp.ro\\\/index.php\\\/domenii-de-activitate\\\/domeniul-privind-prevenirea-torturii-si-a-altor-pedepse-ori-tratamente-cu-cruzime-inumane-sau-degradante-in-locurile-de-detentie-mnp\\\/legislatie-mnp\\\/\",\"url\":\"https:\\\/\\\/avp.ro\\\/index.php\\\/domenii-de-activitate\\\/domeniul-privind-prevenirea-torturii-si-a-altor-pedepse-ori-tratamente-cu-cruzime-inumane-sau-degradante-in-locurile-de-detentie-mnp\\\/legislatie-mnp\\\/\",\"name\":\"Legisla\u021bie MNP - Institu\u021bia Avocatul Poporului\",\"isPartOf\":{\"@id\":\"https:\\\/\\\/avp.ro\\\/#website\"},\"datePublished\":\"2020-07-28T06:25:24+00:00\",\"dateModified\":\"2022-07-01T08:35:44+00:00\",\"breadcrumb\":{\"@id\":\"https:\\\/\\\/avp.ro\\\/index.php\\\/domenii-de-activitate\\\/domeniul-privind-prevenirea-torturii-si-a-altor-pedepse-ori-tratamente-cu-cruzime-inumane-sau-degradante-in-locurile-de-detentie-mnp\\\/legislatie-mnp\\\/#breadcrumb\"},\"inLanguage\":\"en-US\",\"potentialAction\":[{\"@type\":\"ReadAction\",\"target\":[\"https:\\\/\\\/avp.ro\\\/index.php\\\/domenii-de-activitate\\\/domeniul-privind-prevenirea-torturii-si-a-altor-pedepse-ori-tratamente-cu-cruzime-inumane-sau-degradante-in-locurile-de-detentie-mnp\\\/legislatie-mnp\\\/\"]}]},{\"@type\":\"BreadcrumbList\",\"@id\":\"https:\\\/\\\/avp.ro\\\/index.php\\\/domenii-de-activitate\\\/domeniul-privind-prevenirea-torturii-si-a-altor-pedepse-ori-tratamente-cu-cruzime-inumane-sau-degradante-in-locurile-de-detentie-mnp\\\/legislatie-mnp\\\/#breadcrumb\",\"itemListElement\":[{\"@type\":\"ListItem\",\"position\":1,\"name\":\"Home\",\"item\":\"https:\\\/\\\/avp.ro\\\/\"},{\"@type\":\"ListItem\",\"position\":2,\"name\":\"DOMENII DE ACTIVITATE\",\"item\":\"https:\\\/\\\/avp.ro\\\/index.php\\\/domenii-de-activitate\\\/\"},{\"@type\":\"ListItem\",\"position\":3,\"name\":\"Domeniul privind prevenirea torturii \u0219i a altor pedepse ori tratamente crude, inumane sau degradante\u00a0\u00een locurile de deten\u021bie &#8211; MNP\",\"item\":\"https:\\\/\\\/avp.ro\\\/index.php\\\/domenii-de-activitate\\\/domeniul-privind-prevenirea-torturii-si-a-altor-pedepse-ori-tratamente-cu-cruzime-inumane-sau-degradante-in-locurile-de-detentie-mnp\\\/\"},{\"@type\":\"ListItem\",\"position\":4,\"name\":\"Legisla\u021bie MNP\"}]},{\"@type\":\"WebSite\",\"@id\":\"https:\\\/\\\/avp.ro\\\/#website\",\"url\":\"https:\\\/\\\/avp.ro\\\/\",\"name\":\"Institu\u021bia Avocatul Poporului\",\"description\":\"People\u2019s Advocate institution - Office of the Ombudsman\",\"publisher\":{\"@id\":\"https:\\\/\\\/avp.ro\\\/#organization\"},\"potentialAction\":[{\"@type\":\"SearchAction\",\"target\":{\"@type\":\"EntryPoint\",\"urlTemplate\":\"https:\\\/\\\/avp.ro\\\/?s={search_term_string}\"},\"query-input\":{\"@type\":\"PropertyValueSpecification\",\"valueRequired\":true,\"valueName\":\"search_term_string\"}}],\"inLanguage\":\"en-US\"},{\"@type\":\"Organization\",\"@id\":\"https:\\\/\\\/avp.ro\\\/#organization\",\"name\":\"Institutia Avocatul Poporului\",\"url\":\"https:\\\/\\\/avp.ro\\\/\",\"logo\":{\"@type\":\"ImageObject\",\"inLanguage\":\"en-US\",\"@id\":\"https:\\\/\\\/avp.ro\\\/#\\\/schema\\\/logo\\\/image\\\/\",\"url\":\"https:\\\/\\\/avp.ro\\\/wp-content\\\/uploads\\\/2020\\\/09\\\/cropped-AP.jpg\",\"contentUrl\":\"https:\\\/\\\/avp.ro\\\/wp-content\\\/uploads\\\/2020\\\/09\\\/cropped-AP.jpg\",\"width\":160,\"height\":146,\"caption\":\"Institutia Avocatul Poporului\"},\"image\":{\"@id\":\"https:\\\/\\\/avp.ro\\\/#\\\/schema\\\/logo\\\/image\\\/\"}}]}<\/script>\n<!-- \/ Yoast SEO plugin. -->","yoast_head_json":{"title":"Legisla\u021bie MNP - Institu\u021bia Avocatul Poporului","robots":{"index":"index","follow":"follow","max-snippet":"max-snippet:-1","max-image-preview":"max-image-preview:large","max-video-preview":"max-video-preview:-1"},"canonical":"https:\/\/avp.ro\/index.php\/domenii-de-activitate\/domeniul-privind-prevenirea-torturii-si-a-altor-pedepse-ori-tratamente-cu-cruzime-inumane-sau-degradante-in-locurile-de-detentie-mnp\/legislatie-mnp\/","og_locale":"en_US","og_type":"article","og_title":"Legisla\u021bie MNP - Institu\u021bia Avocatul Poporului","og_description":"&nbsp; &nbsp; LEGISLA\u021aIE INTERN\u0102 Legea 35\/1997 privind organizare \u0219i func\u021bionarea institu\u021biei Avocatul Poporului, republicat\u0103, form\u0103 consolidat\u0103 realizat\u0103 de Regia Autonom\u0103 Monitorul Oficial Ordonan\u021ba de urgen\u021b\u0103 a Guvernului nr.48\/2014 pentru modificarea&hellip;","og_url":"https:\/\/avp.ro\/index.php\/domenii-de-activitate\/domeniul-privind-prevenirea-torturii-si-a-altor-pedepse-ori-tratamente-cu-cruzime-inumane-sau-degradante-in-locurile-de-detentie-mnp\/legislatie-mnp\/","og_site_name":"Institu\u021bia Avocatul Poporului","article_modified_time":"2022-07-01T08:35:44+00:00","twitter_card":"summary_large_image","twitter_misc":{"Est. reading time":"1 minute"},"schema":{"@context":"https:\/\/schema.org","@graph":[{"@type":"WebPage","@id":"https:\/\/avp.ro\/index.php\/domenii-de-activitate\/domeniul-privind-prevenirea-torturii-si-a-altor-pedepse-ori-tratamente-cu-cruzime-inumane-sau-degradante-in-locurile-de-detentie-mnp\/legislatie-mnp\/","url":"https:\/\/avp.ro\/index.php\/domenii-de-activitate\/domeniul-privind-prevenirea-torturii-si-a-altor-pedepse-ori-tratamente-cu-cruzime-inumane-sau-degradante-in-locurile-de-detentie-mnp\/legislatie-mnp\/","name":"Legisla\u021bie MNP - Institu\u021bia Avocatul Poporului","isPartOf":{"@id":"https:\/\/avp.ro\/#website"},"datePublished":"2020-07-28T06:25:24+00:00","dateModified":"2022-07-01T08:35:44+00:00","breadcrumb":{"@id":"https:\/\/avp.ro\/index.php\/domenii-de-activitate\/domeniul-privind-prevenirea-torturii-si-a-altor-pedepse-ori-tratamente-cu-cruzime-inumane-sau-degradante-in-locurile-de-detentie-mnp\/legislatie-mnp\/#breadcrumb"},"inLanguage":"en-US","potentialAction":[{"@type":"ReadAction","target":["https:\/\/avp.ro\/index.php\/domenii-de-activitate\/domeniul-privind-prevenirea-torturii-si-a-altor-pedepse-ori-tratamente-cu-cruzime-inumane-sau-degradante-in-locurile-de-detentie-mnp\/legislatie-mnp\/"]}]},{"@type":"BreadcrumbList","@id":"https:\/\/avp.ro\/index.php\/domenii-de-activitate\/domeniul-privind-prevenirea-torturii-si-a-altor-pedepse-ori-tratamente-cu-cruzime-inumane-sau-degradante-in-locurile-de-detentie-mnp\/legislatie-mnp\/#breadcrumb","itemListElement":[{"@type":"ListItem","position":1,"name":"Home","item":"https:\/\/avp.ro\/"},{"@type":"ListItem","position":2,"name":"DOMENII DE ACTIVITATE","item":"https:\/\/avp.ro\/index.php\/domenii-de-activitate\/"},{"@type":"ListItem","position":3,"name":"Domeniul privind prevenirea torturii \u0219i a altor pedepse ori tratamente crude, inumane sau degradante\u00a0\u00een locurile de deten\u021bie &#8211; MNP","item":"https:\/\/avp.ro\/index.php\/domenii-de-activitate\/domeniul-privind-prevenirea-torturii-si-a-altor-pedepse-ori-tratamente-cu-cruzime-inumane-sau-degradante-in-locurile-de-detentie-mnp\/"},{"@type":"ListItem","position":4,"name":"Legisla\u021bie MNP"}]},{"@type":"WebSite","@id":"https:\/\/avp.ro\/#website","url":"https:\/\/avp.ro\/","name":"Institu\u021bia Avocatul Poporului","description":"People\u2019s Advocate institution - Office of the Ombudsman","publisher":{"@id":"https:\/\/avp.ro\/#organization"},"potentialAction":[{"@type":"SearchAction","target":{"@type":"EntryPoint","urlTemplate":"https:\/\/avp.ro\/?s={search_term_string}"},"query-input":{"@type":"PropertyValueSpecification","valueRequired":true,"valueName":"search_term_string"}}],"inLanguage":"en-US"},{"@type":"Organization","@id":"https:\/\/avp.ro\/#organization","name":"Institutia Avocatul Poporului","url":"https:\/\/avp.ro\/","logo":{"@type":"ImageObject","inLanguage":"en-US","@id":"https:\/\/avp.ro\/#\/schema\/logo\/image\/","url":"https:\/\/avp.ro\/wp-content\/uploads\/2020\/09\/cropped-AP.jpg","contentUrl":"https:\/\/avp.ro\/wp-content\/uploads\/2020\/09\/cropped-AP.jpg","width":160,"height":146,"caption":"Institutia Avocatul Poporului"},"image":{"@id":"https:\/\/avp.ro\/#\/schema\/logo\/image\/"}}]}},"_links":{"self":[{"href":"https:\/\/avp.ro\/index.php\/wp-json\/wp\/v2\/pages\/489","targetHints":{"allow":["GET"]}}],"collection":[{"href":"https:\/\/avp.ro\/index.php\/wp-json\/wp\/v2\/pages"}],"about":[{"href":"https:\/\/avp.ro\/index.php\/wp-json\/wp\/v2\/types\/page"}],"author":[{"embeddable":true,"href":"https:\/\/avp.ro\/index.php\/wp-json\/wp\/v2\/users\/1"}],"replies":[{"embeddable":true,"href":"https:\/\/avp.ro\/index.php\/wp-json\/wp\/v2\/comments?post=489"}],"version-history":[{"count":13,"href":"https:\/\/avp.ro\/index.php\/wp-json\/wp\/v2\/pages\/489\/revisions"}],"predecessor-version":[{"id":1980,"href":"https:\/\/avp.ro\/index.php\/wp-json\/wp\/v2\/pages\/489\/revisions\/1980"}],"up":[{"embeddable":true,"href":"https:\/\/avp.ro\/index.php\/wp-json\/wp\/v2\/pages\/314"}],"wp:attachment":[{"href":"https:\/\/avp.ro\/index.php\/wp-json\/wp\/v2\/media?parent=489"}],"curies":[{"name":"wp","href":"https:\/\/api.w.org\/{rel}","templated":true}]}}