{"id":514,"date":"2020-07-28T09:02:56","date_gmt":"2020-07-28T07:02:56","guid":{"rendered":"https:\/\/avp.ro\/?page_id=514"},"modified":"2023-09-19T13:34:48","modified_gmt":"2023-09-19T11:34:48","slug":"structura-mnp","status":"publish","type":"page","link":"https:\/\/avp.ro\/index.php\/domenii-de-activitate\/domeniul-privind-prevenirea-torturii-si-a-altor-pedepse-ori-tratamente-cu-cruzime-inumane-sau-degradante-in-locurile-de-detentie-mnp\/structura-mnp\/","title":{"rendered":"Structura MNP"},"content":{"rendered":"<p>&nbsp;<\/p>\n<p><img loading=\"lazy\" decoding=\"async\" class=\"wp-image-516 aligncenter\" src=\"https:\/\/avp.ro\/wp-content\/uploads\/2020\/07\/structura_mnp1.png\" alt=\"\" width=\"783\" height=\"554\" \/><\/p>\n<p>&nbsp;<\/p>\n<p>&nbsp;<\/p>\n<p style=\"text-align: center;\"><strong><span style=\"color: #ff0000;\">ECHIPA<\/span><\/strong><br \/>\n<strong><span style=\"color: #ff0000;\">DOMENIULUI PRIVIND PREVENIREA TORTURII \u0218I A ALTOR PEDEPSE ORI TRATAMENTE CU<\/span><\/strong><br \/>\n<strong><span style=\"color: #ff0000;\">CRUZIME, INUMANE SAU DEGRADANTE \u00ceN LOCURILE DE DETEN\u021aIE<\/span><\/strong><\/p>\n<p>&nbsp;<\/p>\n<p style=\"text-align: center;\">o Personal de execu\u021bie de specialitate cu studii juridice din cadrul institu\u0163iei Avocatul<br \/>\nPoporului<\/p>\n<p style=\"text-align: center;\">o Speciali\u0219ti permanen\u021bi (medici, psihologi, asisten\u0163i sociali, sociologi sau orice alte<br \/>\nprofesii necesare desf\u0103\u015fur\u0103rii activit\u0103\u0163ii specifice)<\/p>\n<p style=\"text-align: center;\">o Personal financiar, salarizare, resurse umane \u015fi administrativ<\/p>\n<p style=\"text-align: center;\">o Speciali\u015fti colaboratori externi de alte specialit\u0103\u0163i dec\u00e2t cei permanen\u0163i, \u00een baza unor<br \/>\ncontracte de prest\u0103ri de servicii, selecta\u0163i de c\u0103tre Avocatul Poporului, pe baza propunerilor primite de la asocia\u0163iile profesionale din care fac parte: Colegiul Medicilor,<br \/>\nColegiul Psihologilor, Colegiul Na\u0163ional al Asisten\u0163ilor Sociali, Societatea Sociologilor<br \/>\ndin Rom\u00e2nia<\/p>\n<p style=\"text-align: center;\">o Reprezentan\u0163i ai organiza\u0163iilor neguvernamentale active \u00een domeniul protec\u0163iei<br \/>\ndrepturilor omului<\/p>\n<p>&nbsp;<\/p>\n<p>&nbsp;<\/p>\n<p style=\"text-align: center;\"><strong><span style=\"color: #ff0000;\">CENTRE ZONALE<\/span><\/strong><\/p>\n<p>&nbsp;<\/p>\n<p style=\"text-align: center;\"><em><strong>Centrul zonal Bucure\u015fti<\/strong><\/em><\/p>\n<p style=\"text-align: center;\">Str. George Vraca nr. 8, sector 1, Municipiul Bucure\u0219ti<\/p>\n<p style=\"text-align: center;\">Telefon: 021\/312.49.21<\/p>\n<p style=\"text-align: center;\">E-mail:\u00a0<span id=\"cloaka312c7b137dbb8e6b5e8189f2e82e0dc\"><a href=\"&#109;&#x61;&#105;&#x6c;&#116;&#x6f;&#58;&#x61;&#118;&#x70;&#64;&#x61;&#118;&#x70;&#46;&#x72;&#111;\">av&#112;&#64;&#97;&#118;&#x70;&#x2e;&#x72;&#x6f;<\/a><\/span>,\u00a0<span id=\"cloak6b5ae2c014c31c4cfbb1e95d6e7c5509\"><a href=\"m&#97;&#x69;&#x6c;t&#111;&#58;&#x61;&#x76;p&#95;&#x70;&#x72;e&#118;&#101;&#x6e;&#x69;r&#101;&#x40;&#x61;v&#112;&#46;&#x72;&#x6f;\">&#x61;v&#x70;&#95;p&#x72;&#101;&#x76;&#x65;n&#x69;&#114;e&#x40;&#97;&#x76;&#112;&#46;&#x72;&#111;<\/a><\/span><\/p>\n<p style=\"text-align: center;\"><em><strong>Centrul zonal Alba<\/strong><\/em><\/p>\n<p style=\"text-align: center;\">Str. Mihai Viteazul nr. 2, municipiul Alba Iulia, jude\u0163ul Alba<\/p>\n<p style=\"text-align: center;\">Telefon: 0258\/813.865<\/p>\n<p style=\"text-align: center;\">E-mail:\u00a0<span id=\"cloak13450bcab6bca5c0927fbf6b861ee4d9\"><a href=\"&#x6d;&#x61;&#x69;&#x6c;&#x74;&#x6f;&#x3a;&#x61;&#x76;&#x70;&#x5f;&#x70;&#x72;&#x65;&#x76;&#x65;&#x6e;&#x69;&#x72;&#x65;&#x5f;&#x61;&#x6c;&#x62;&#x61;&#x40;&#x61;&#x76;&#x70;&#x2e;&#x72;&#x6f;\">&#x61;&#118;p&#x5f;&#112;&#114;&#x65;&#x76;&#101;n&#x69;&#114;e&#x5f;&#x61;&#108;b&#x61;&#64;a&#x76;&#x70;&#46;r&#x6f;<\/a><\/span><\/p>\n<p style=\"text-align: center;\"><em><strong>Centrul zonal Bac\u0103u<\/strong><\/em><\/p>\n<p style=\"text-align: center;\">Str. Nicolae B\u0103lcescu nr. 5, municipiul Bac\u0103u, jude\u0163ul Bac\u0103u<\/p>\n<p style=\"text-align: center;\">Telefon: 0234\/572.472<\/p>\n<p style=\"text-align: center;\">E-mail:\u00a0<span id=\"cloakd7d29a2b7c54b4ffb7ecbeb6fd9ded46\"><a href=\"&#x6d;&#97;i&#x6c;&#116;o&#x3a;&#97;v&#x70;&#95;p&#x72;&#101;v&#x65;&#x6e;i&#x72;&#x65;&#95;&#x62;&#x61;&#99;&#x61;&#x75;&#64;a&#x76;&#112;&#46;&#x72;&#111;\">&#x61;v&#x70;_&#x70;&#114;&#x65;&#118;e&#x6e;i&#x72;&#101;&#x5f;&#98;&#x61;&#99;a&#x75;&#64;&#x61;&#118;&#x70;&#46;&#x72;&#x6f;<\/a><\/span><\/p>\n<p style=\"text-align: center;\"><em><strong>Centrul zonal Craiova<\/strong><\/em><\/p>\n<p style=\"text-align: center;\">Str. Constantin Lecca nr. 32, municipiul Craiova, jude\u0163ul Dolj<\/p>\n<p style=\"text-align: center;\">Telefon: 0724\/283.514<\/p>\n<p style=\"text-align: center;\">E-mail:\u00a0<span id=\"cloak185c99d9ea08eb8560d1c48c235d2ddf\"><a href=\"&#x6d;&#97;&#105;&#x6c;&#x74;&#111;&#58;&#x61;&#x76;&#112;&#95;&#x70;&#x72;&#101;&#118;&#x65;&#x6e;&#105;&#114;&#x65;&#x5f;&#99;&#114;&#x61;&#x69;&#111;&#118;&#x61;&#x40;&#97;&#118;&#x70;&#x2e;&#114;&#111;\">&#97;&#x76;&#112;&#x5f;&#112;&#x72;&#101;&#x76;&#101;&#x6e;&#105;&#x72;&#101;&#x5f;&#99;&#x72;&#97;&#x69;&#111;&#x76;&#97;&#x40;&#97;&#x76;&#112;&#x2e;&#114;&#x6f;<\/a><\/span><\/p>\n<p>&nbsp;<\/p>\n<p>&nbsp;<\/p>\n","protected":false},"excerpt":{"rendered":"<p>&nbsp; &nbsp; &nbsp; ECHIPA DOMENIULUI PRIVIND PREVENIREA TORTURII \u0218I A ALTOR PEDEPSE ORI TRATAMENTE CU CRUZIME, INUMANE SAU DEGRADANTE \u00ceN LOCURILE DE DETEN\u021aIE &nbsp; o Personal de execu\u021bie de specialitate&hellip; <\/p>\n","protected":false},"author":1,"featured_media":0,"parent":314,"menu_order":1,"comment_status":"closed","ping_status":"closed","template":"","meta":{"footnotes":""},"class_list":["post-514","page","type-page","status-publish","hentry"],"yoast_head":"<!-- This site is optimized with the Yoast SEO plugin v27.4 - https:\/\/yoast.com\/product\/yoast-seo-wordpress\/ -->\n<title>Structura MNP - Institu\u021bia Avocatul Poporului<\/title>\n<meta name=\"robots\" content=\"index, follow, max-snippet:-1, max-image-preview:large, max-video-preview:-1\" \/>\n<link rel=\"canonical\" href=\"https:\/\/avp.ro\/index.php\/domenii-de-activitate\/domeniul-privind-prevenirea-torturii-si-a-altor-pedepse-ori-tratamente-cu-cruzime-inumane-sau-degradante-in-locurile-de-detentie-mnp\/structura-mnp\/\" \/>\n<meta property=\"og:locale\" content=\"en_US\" \/>\n<meta property=\"og:type\" content=\"article\" \/>\n<meta property=\"og:title\" content=\"Structura MNP - Institu\u021bia Avocatul Poporului\" \/>\n<meta property=\"og:description\" content=\"&nbsp; &nbsp; &nbsp; ECHIPA DOMENIULUI PRIVIND PREVENIREA TORTURII \u0218I A ALTOR PEDEPSE ORI TRATAMENTE CU CRUZIME, INUMANE SAU DEGRADANTE \u00ceN LOCURILE DE DETEN\u021aIE &nbsp; o Personal de execu\u021bie de specialitate&hellip;\" \/>\n<meta property=\"og:url\" content=\"https:\/\/avp.ro\/index.php\/domenii-de-activitate\/domeniul-privind-prevenirea-torturii-si-a-altor-pedepse-ori-tratamente-cu-cruzime-inumane-sau-degradante-in-locurile-de-detentie-mnp\/structura-mnp\/\" \/>\n<meta property=\"og:site_name\" content=\"Institu\u021bia Avocatul Poporului\" \/>\n<meta property=\"article:modified_time\" content=\"2023-09-19T11:34:48+00:00\" \/>\n<meta property=\"og:image\" content=\"https:\/\/avp.ro\/wp-content\/uploads\/2020\/07\/structura_mnp1.png\" \/>\n<meta name=\"twitter:card\" content=\"summary_large_image\" \/>\n<meta name=\"twitter:label1\" content=\"Est. reading time\" \/>\n\t<meta name=\"twitter:data1\" content=\"2 minutes\" \/>\n<script type=\"application\/ld+json\" class=\"yoast-schema-graph\">{\"@context\":\"https:\\\/\\\/schema.org\",\"@graph\":[{\"@type\":\"WebPage\",\"@id\":\"https:\\\/\\\/avp.ro\\\/index.php\\\/domenii-de-activitate\\\/domeniul-privind-prevenirea-torturii-si-a-altor-pedepse-ori-tratamente-cu-cruzime-inumane-sau-degradante-in-locurile-de-detentie-mnp\\\/structura-mnp\\\/\",\"url\":\"https:\\\/\\\/avp.ro\\\/index.php\\\/domenii-de-activitate\\\/domeniul-privind-prevenirea-torturii-si-a-altor-pedepse-ori-tratamente-cu-cruzime-inumane-sau-degradante-in-locurile-de-detentie-mnp\\\/structura-mnp\\\/\",\"name\":\"Structura MNP - Institu\u021bia Avocatul Poporului\",\"isPartOf\":{\"@id\":\"https:\\\/\\\/avp.ro\\\/#website\"},\"primaryImageOfPage\":{\"@id\":\"https:\\\/\\\/avp.ro\\\/index.php\\\/domenii-de-activitate\\\/domeniul-privind-prevenirea-torturii-si-a-altor-pedepse-ori-tratamente-cu-cruzime-inumane-sau-degradante-in-locurile-de-detentie-mnp\\\/structura-mnp\\\/#primaryimage\"},\"image\":{\"@id\":\"https:\\\/\\\/avp.ro\\\/index.php\\\/domenii-de-activitate\\\/domeniul-privind-prevenirea-torturii-si-a-altor-pedepse-ori-tratamente-cu-cruzime-inumane-sau-degradante-in-locurile-de-detentie-mnp\\\/structura-mnp\\\/#primaryimage\"},\"thumbnailUrl\":\"https:\\\/\\\/avp.ro\\\/wp-content\\\/uploads\\\/2020\\\/07\\\/structura_mnp1.png\",\"datePublished\":\"2020-07-28T07:02:56+00:00\",\"dateModified\":\"2023-09-19T11:34:48+00:00\",\"breadcrumb\":{\"@id\":\"https:\\\/\\\/avp.ro\\\/index.php\\\/domenii-de-activitate\\\/domeniul-privind-prevenirea-torturii-si-a-altor-pedepse-ori-tratamente-cu-cruzime-inumane-sau-degradante-in-locurile-de-detentie-mnp\\\/structura-mnp\\\/#breadcrumb\"},\"inLanguage\":\"en-US\",\"potentialAction\":[{\"@type\":\"ReadAction\",\"target\":[\"https:\\\/\\\/avp.ro\\\/index.php\\\/domenii-de-activitate\\\/domeniul-privind-prevenirea-torturii-si-a-altor-pedepse-ori-tratamente-cu-cruzime-inumane-sau-degradante-in-locurile-de-detentie-mnp\\\/structura-mnp\\\/\"]}]},{\"@type\":\"ImageObject\",\"inLanguage\":\"en-US\",\"@id\":\"https:\\\/\\\/avp.ro\\\/index.php\\\/domenii-de-activitate\\\/domeniul-privind-prevenirea-torturii-si-a-altor-pedepse-ori-tratamente-cu-cruzime-inumane-sau-degradante-in-locurile-de-detentie-mnp\\\/structura-mnp\\\/#primaryimage\",\"url\":\"https:\\\/\\\/avp.ro\\\/wp-content\\\/uploads\\\/2020\\\/07\\\/structura_mnp1.png\",\"contentUrl\":\"https:\\\/\\\/avp.ro\\\/wp-content\\\/uploads\\\/2020\\\/07\\\/structura_mnp1.png\",\"width\":1684,\"height\":1191},{\"@type\":\"BreadcrumbList\",\"@id\":\"https:\\\/\\\/avp.ro\\\/index.php\\\/domenii-de-activitate\\\/domeniul-privind-prevenirea-torturii-si-a-altor-pedepse-ori-tratamente-cu-cruzime-inumane-sau-degradante-in-locurile-de-detentie-mnp\\\/structura-mnp\\\/#breadcrumb\",\"itemListElement\":[{\"@type\":\"ListItem\",\"position\":1,\"name\":\"Home\",\"item\":\"https:\\\/\\\/avp.ro\\\/\"},{\"@type\":\"ListItem\",\"position\":2,\"name\":\"DOMENII DE ACTIVITATE\",\"item\":\"https:\\\/\\\/avp.ro\\\/index.php\\\/domenii-de-activitate\\\/\"},{\"@type\":\"ListItem\",\"position\":3,\"name\":\"Domeniul privind prevenirea torturii \u0219i a altor pedepse ori tratamente crude, inumane sau degradante\u00a0\u00een locurile de deten\u021bie &#8211; MNP\",\"item\":\"https:\\\/\\\/avp.ro\\\/index.php\\\/domenii-de-activitate\\\/domeniul-privind-prevenirea-torturii-si-a-altor-pedepse-ori-tratamente-cu-cruzime-inumane-sau-degradante-in-locurile-de-detentie-mnp\\\/\"},{\"@type\":\"ListItem\",\"position\":4,\"name\":\"Structura MNP\"}]},{\"@type\":\"WebSite\",\"@id\":\"https:\\\/\\\/avp.ro\\\/#website\",\"url\":\"https:\\\/\\\/avp.ro\\\/\",\"name\":\"Institu\u021bia Avocatul Poporului\",\"description\":\"People\u2019s Advocate institution - Office of the Ombudsman\",\"publisher\":{\"@id\":\"https:\\\/\\\/avp.ro\\\/#organization\"},\"potentialAction\":[{\"@type\":\"SearchAction\",\"target\":{\"@type\":\"EntryPoint\",\"urlTemplate\":\"https:\\\/\\\/avp.ro\\\/?s={search_term_string}\"},\"query-input\":{\"@type\":\"PropertyValueSpecification\",\"valueRequired\":true,\"valueName\":\"search_term_string\"}}],\"inLanguage\":\"en-US\"},{\"@type\":\"Organization\",\"@id\":\"https:\\\/\\\/avp.ro\\\/#organization\",\"name\":\"Institutia Avocatul Poporului\",\"url\":\"https:\\\/\\\/avp.ro\\\/\",\"logo\":{\"@type\":\"ImageObject\",\"inLanguage\":\"en-US\",\"@id\":\"https:\\\/\\\/avp.ro\\\/#\\\/schema\\\/logo\\\/image\\\/\",\"url\":\"https:\\\/\\\/avp.ro\\\/wp-content\\\/uploads\\\/2020\\\/09\\\/cropped-AP.jpg\",\"contentUrl\":\"https:\\\/\\\/avp.ro\\\/wp-content\\\/uploads\\\/2020\\\/09\\\/cropped-AP.jpg\",\"width\":160,\"height\":146,\"caption\":\"Institutia Avocatul Poporului\"},\"image\":{\"@id\":\"https:\\\/\\\/avp.ro\\\/#\\\/schema\\\/logo\\\/image\\\/\"}}]}<\/script>\n<!-- \/ Yoast SEO plugin. -->","yoast_head_json":{"title":"Structura MNP - Institu\u021bia Avocatul Poporului","robots":{"index":"index","follow":"follow","max-snippet":"max-snippet:-1","max-image-preview":"max-image-preview:large","max-video-preview":"max-video-preview:-1"},"canonical":"https:\/\/avp.ro\/index.php\/domenii-de-activitate\/domeniul-privind-prevenirea-torturii-si-a-altor-pedepse-ori-tratamente-cu-cruzime-inumane-sau-degradante-in-locurile-de-detentie-mnp\/structura-mnp\/","og_locale":"en_US","og_type":"article","og_title":"Structura MNP - Institu\u021bia Avocatul Poporului","og_description":"&nbsp; &nbsp; &nbsp; ECHIPA DOMENIULUI PRIVIND PREVENIREA TORTURII \u0218I A ALTOR PEDEPSE ORI TRATAMENTE CU CRUZIME, INUMANE SAU DEGRADANTE \u00ceN LOCURILE DE DETEN\u021aIE &nbsp; o Personal de execu\u021bie de specialitate&hellip;","og_url":"https:\/\/avp.ro\/index.php\/domenii-de-activitate\/domeniul-privind-prevenirea-torturii-si-a-altor-pedepse-ori-tratamente-cu-cruzime-inumane-sau-degradante-in-locurile-de-detentie-mnp\/structura-mnp\/","og_site_name":"Institu\u021bia Avocatul Poporului","article_modified_time":"2023-09-19T11:34:48+00:00","og_image":[{"url":"https:\/\/avp.ro\/wp-content\/uploads\/2020\/07\/structura_mnp1.png","type":"","width":"","height":""}],"twitter_card":"summary_large_image","twitter_misc":{"Est. reading time":"2 minutes"},"schema":{"@context":"https:\/\/schema.org","@graph":[{"@type":"WebPage","@id":"https:\/\/avp.ro\/index.php\/domenii-de-activitate\/domeniul-privind-prevenirea-torturii-si-a-altor-pedepse-ori-tratamente-cu-cruzime-inumane-sau-degradante-in-locurile-de-detentie-mnp\/structura-mnp\/","url":"https:\/\/avp.ro\/index.php\/domenii-de-activitate\/domeniul-privind-prevenirea-torturii-si-a-altor-pedepse-ori-tratamente-cu-cruzime-inumane-sau-degradante-in-locurile-de-detentie-mnp\/structura-mnp\/","name":"Structura MNP - Institu\u021bia Avocatul Poporului","isPartOf":{"@id":"https:\/\/avp.ro\/#website"},"primaryImageOfPage":{"@id":"https:\/\/avp.ro\/index.php\/domenii-de-activitate\/domeniul-privind-prevenirea-torturii-si-a-altor-pedepse-ori-tratamente-cu-cruzime-inumane-sau-degradante-in-locurile-de-detentie-mnp\/structura-mnp\/#primaryimage"},"image":{"@id":"https:\/\/avp.ro\/index.php\/domenii-de-activitate\/domeniul-privind-prevenirea-torturii-si-a-altor-pedepse-ori-tratamente-cu-cruzime-inumane-sau-degradante-in-locurile-de-detentie-mnp\/structura-mnp\/#primaryimage"},"thumbnailUrl":"https:\/\/avp.ro\/wp-content\/uploads\/2020\/07\/structura_mnp1.png","datePublished":"2020-07-28T07:02:56+00:00","dateModified":"2023-09-19T11:34:48+00:00","breadcrumb":{"@id":"https:\/\/avp.ro\/index.php\/domenii-de-activitate\/domeniul-privind-prevenirea-torturii-si-a-altor-pedepse-ori-tratamente-cu-cruzime-inumane-sau-degradante-in-locurile-de-detentie-mnp\/structura-mnp\/#breadcrumb"},"inLanguage":"en-US","potentialAction":[{"@type":"ReadAction","target":["https:\/\/avp.ro\/index.php\/domenii-de-activitate\/domeniul-privind-prevenirea-torturii-si-a-altor-pedepse-ori-tratamente-cu-cruzime-inumane-sau-degradante-in-locurile-de-detentie-mnp\/structura-mnp\/"]}]},{"@type":"ImageObject","inLanguage":"en-US","@id":"https:\/\/avp.ro\/index.php\/domenii-de-activitate\/domeniul-privind-prevenirea-torturii-si-a-altor-pedepse-ori-tratamente-cu-cruzime-inumane-sau-degradante-in-locurile-de-detentie-mnp\/structura-mnp\/#primaryimage","url":"https:\/\/avp.ro\/wp-content\/uploads\/2020\/07\/structura_mnp1.png","contentUrl":"https:\/\/avp.ro\/wp-content\/uploads\/2020\/07\/structura_mnp1.png","width":1684,"height":1191},{"@type":"BreadcrumbList","@id":"https:\/\/avp.ro\/index.php\/domenii-de-activitate\/domeniul-privind-prevenirea-torturii-si-a-altor-pedepse-ori-tratamente-cu-cruzime-inumane-sau-degradante-in-locurile-de-detentie-mnp\/structura-mnp\/#breadcrumb","itemListElement":[{"@type":"ListItem","position":1,"name":"Home","item":"https:\/\/avp.ro\/"},{"@type":"ListItem","position":2,"name":"DOMENII DE ACTIVITATE","item":"https:\/\/avp.ro\/index.php\/domenii-de-activitate\/"},{"@type":"ListItem","position":3,"name":"Domeniul privind prevenirea torturii \u0219i a altor pedepse ori tratamente crude, inumane sau degradante\u00a0\u00een locurile de deten\u021bie &#8211; MNP","item":"https:\/\/avp.ro\/index.php\/domenii-de-activitate\/domeniul-privind-prevenirea-torturii-si-a-altor-pedepse-ori-tratamente-cu-cruzime-inumane-sau-degradante-in-locurile-de-detentie-mnp\/"},{"@type":"ListItem","position":4,"name":"Structura MNP"}]},{"@type":"WebSite","@id":"https:\/\/avp.ro\/#website","url":"https:\/\/avp.ro\/","name":"Institu\u021bia Avocatul Poporului","description":"People\u2019s Advocate institution - Office of the Ombudsman","publisher":{"@id":"https:\/\/avp.ro\/#organization"},"potentialAction":[{"@type":"SearchAction","target":{"@type":"EntryPoint","urlTemplate":"https:\/\/avp.ro\/?s={search_term_string}"},"query-input":{"@type":"PropertyValueSpecification","valueRequired":true,"valueName":"search_term_string"}}],"inLanguage":"en-US"},{"@type":"Organization","@id":"https:\/\/avp.ro\/#organization","name":"Institutia Avocatul Poporului","url":"https:\/\/avp.ro\/","logo":{"@type":"ImageObject","inLanguage":"en-US","@id":"https:\/\/avp.ro\/#\/schema\/logo\/image\/","url":"https:\/\/avp.ro\/wp-content\/uploads\/2020\/09\/cropped-AP.jpg","contentUrl":"https:\/\/avp.ro\/wp-content\/uploads\/2020\/09\/cropped-AP.jpg","width":160,"height":146,"caption":"Institutia Avocatul Poporului"},"image":{"@id":"https:\/\/avp.ro\/#\/schema\/logo\/image\/"}}]}},"_links":{"self":[{"href":"https:\/\/avp.ro\/index.php\/wp-json\/wp\/v2\/pages\/514","targetHints":{"allow":["GET"]}}],"collection":[{"href":"https:\/\/avp.ro\/index.php\/wp-json\/wp\/v2\/pages"}],"about":[{"href":"https:\/\/avp.ro\/index.php\/wp-json\/wp\/v2\/types\/page"}],"author":[{"embeddable":true,"href":"https:\/\/avp.ro\/index.php\/wp-json\/wp\/v2\/users\/1"}],"replies":[{"embeddable":true,"href":"https:\/\/avp.ro\/index.php\/wp-json\/wp\/v2\/comments?post=514"}],"version-history":[{"count":7,"href":"https:\/\/avp.ro\/index.php\/wp-json\/wp\/v2\/pages\/514\/revisions"}],"predecessor-version":[{"id":9787,"href":"https:\/\/avp.ro\/index.php\/wp-json\/wp\/v2\/pages\/514\/revisions\/9787"}],"up":[{"embeddable":true,"href":"https:\/\/avp.ro\/index.php\/wp-json\/wp\/v2\/pages\/314"}],"wp:attachment":[{"href":"https:\/\/avp.ro\/index.php\/wp-json\/wp\/v2\/media?parent=514"}],"curies":[{"name":"wp","href":"https:\/\/api.w.org\/{rel}","templated":true}]}}