{"id":5156,"date":"2022-01-19T12:48:27","date_gmt":"2022-01-19T10:48:27","guid":{"rendered":"https:\/\/avp.ro\/?page_id=5156"},"modified":"2022-10-05T11:34:34","modified_gmt":"2022-10-05T09:34:34","slug":"comunicate-de-presa-2022","status":"publish","type":"page","link":"https:\/\/avp.ro\/index.php\/comunicate-de-presa-2022\/","title":{"rendered":"Comunicate de pres\u0103 2022"},"content":{"rendered":"<p>&nbsp;<\/p>\n<p><strong><a href=\"https:\/\/avp.ro\/wp-content\/uploads\/2022\/09\/Pozitia-AvP-fata-de-presupusa-participare-a-reprezentantului-BT-Pitesti-la-un-eveniment-public.pdf\">Pozi\u021bia Avocatului Poporului fa\u021b\u0103 de presupusa participare la un eveniment public a reprezentantului Biroului Teritorial Pite\u0219ti<\/a><\/strong><\/p>\n<p><span style=\"color: #ff0000;\"><strong><a style=\"color: #ff0000;\" href=\"https:\/\/avp.ro\/wp-content\/uploads\/2022\/09\/Anunt-Zile-porti-deschise.pdf\">Zile por\u021bi deschise la Avocatul Poporului &#8211; 28 septembrie 2022<\/a><\/strong><\/span><\/p>\n<p><strong><a href=\"https:\/\/avp.ro\/wp-content\/uploads\/2022\/07\/Pozitia-AvP-fata-de-Ordinul-5379-2022.pdf\">Pozi\u021bia Avocatului Poporului fa\u021b\u0103 de eliminarea burselor sociale pentru elevii din mediul rural, care merg la liceu \u00een alt\u0103 localitate &#8211; 12 septembrie 2022<\/a><\/strong><\/p>\n<p><a href=\"https:\/\/avp.ro\/wp-content\/uploads\/2022\/03\/comunicat.pdf\"><strong>Comunicatul Avocatului Poporului cu privire la sesizare Cur\u021bii Constitu\u0163ionale \u00een ceea ce prive\u0219te Legea pentru modificarea \u0219i completarea unor acte normative \u00een domeniul comunica\u021biilor electronice \u0219i pentru stabilirea unor m\u0103suri de facilitare a dezvolt\u0103rii re\u021belelor de comunica\u021bii electronice (PL-x nr. 428\/2021)<\/strong><\/a><\/p>\n<p><strong><a href=\"https:\/\/avp.ro\/wp-content\/uploads\/2022\/01\/comunicat-AP-raspuns-DGPMB-audieri-medici-ATI.pdf\">Comunicatul Avocatului Poporului fa\u021b\u0103 de r\u0103spunsul Direc\u021biei Generale de Poli\u021bie a Municipiului Bucure\u0219ti privind procedurile de audiere a medicilor ATI<\/a><\/strong><\/p>\n","protected":false},"excerpt":{"rendered":"<p>&nbsp; Pozi\u021bia Avocatului Poporului fa\u021b\u0103 de presupusa participare la un eveniment public a reprezentantului Biroului Teritorial Pite\u0219ti Zile por\u021bi deschise la Avocatul Poporului &#8211; 28 septembrie 2022 Pozi\u021bia Avocatului Poporului&hellip; <\/p>\n","protected":false},"author":1,"featured_media":0,"parent":0,"menu_order":0,"comment_status":"closed","ping_status":"closed","template":"","meta":{"footnotes":""},"class_list":["post-5156","page","type-page","status-publish","hentry"],"yoast_head":"<!-- This site is optimized with the Yoast SEO plugin v27.3 - https:\/\/yoast.com\/product\/yoast-seo-wordpress\/ -->\n<title>Comunicate de pres\u0103 2022 - Institu\u021bia Avocatul Poporului<\/title>\n<meta name=\"robots\" content=\"index, follow, max-snippet:-1, max-image-preview:large, max-video-preview:-1\" \/>\n<link rel=\"canonical\" href=\"https:\/\/avp.ro\/index.php\/comunicate-de-presa-2022\/\" \/>\n<meta property=\"og:locale\" content=\"en_US\" \/>\n<meta property=\"og:type\" content=\"article\" \/>\n<meta property=\"og:title\" content=\"Comunicate de pres\u0103 2022 - Institu\u021bia Avocatul Poporului\" \/>\n<meta property=\"og:description\" content=\"&nbsp; Pozi\u021bia Avocatului Poporului fa\u021b\u0103 de presupusa participare la un eveniment public a reprezentantului Biroului Teritorial Pite\u0219ti Zile por\u021bi deschise la Avocatul Poporului &#8211; 28 septembrie 2022 Pozi\u021bia Avocatului Poporului&hellip;\" \/>\n<meta property=\"og:url\" content=\"https:\/\/avp.ro\/index.php\/comunicate-de-presa-2022\/\" \/>\n<meta property=\"og:site_name\" content=\"Institu\u021bia Avocatul Poporului\" \/>\n<meta property=\"article:modified_time\" content=\"2022-10-05T09:34:34+00:00\" \/>\n<meta name=\"twitter:card\" content=\"summary_large_image\" \/>\n<meta name=\"twitter:label1\" content=\"Est. reading time\" \/>\n\t<meta name=\"twitter:data1\" content=\"1 minute\" \/>\n<script type=\"application\/ld+json\" class=\"yoast-schema-graph\">{\"@context\":\"https:\\\/\\\/schema.org\",\"@graph\":[{\"@type\":\"WebPage\",\"@id\":\"https:\\\/\\\/avp.ro\\\/index.php\\\/comunicate-de-presa-2022\\\/\",\"url\":\"https:\\\/\\\/avp.ro\\\/index.php\\\/comunicate-de-presa-2022\\\/\",\"name\":\"Comunicate de pres\u0103 2022 - Institu\u021bia Avocatul Poporului\",\"isPartOf\":{\"@id\":\"https:\\\/\\\/avp.ro\\\/#website\"},\"datePublished\":\"2022-01-19T10:48:27+00:00\",\"dateModified\":\"2022-10-05T09:34:34+00:00\",\"breadcrumb\":{\"@id\":\"https:\\\/\\\/avp.ro\\\/index.php\\\/comunicate-de-presa-2022\\\/#breadcrumb\"},\"inLanguage\":\"en-US\",\"potentialAction\":[{\"@type\":\"ReadAction\",\"target\":[\"https:\\\/\\\/avp.ro\\\/index.php\\\/comunicate-de-presa-2022\\\/\"]}]},{\"@type\":\"BreadcrumbList\",\"@id\":\"https:\\\/\\\/avp.ro\\\/index.php\\\/comunicate-de-presa-2022\\\/#breadcrumb\",\"itemListElement\":[{\"@type\":\"ListItem\",\"position\":1,\"name\":\"Home\",\"item\":\"https:\\\/\\\/avp.ro\\\/\"},{\"@type\":\"ListItem\",\"position\":2,\"name\":\"Comunicate de pres\u0103 2022\"}]},{\"@type\":\"WebSite\",\"@id\":\"https:\\\/\\\/avp.ro\\\/#website\",\"url\":\"https:\\\/\\\/avp.ro\\\/\",\"name\":\"Institu\u021bia Avocatul Poporului\",\"description\":\"People\u2019s Advocate institution - Office of the Ombudsman\",\"publisher\":{\"@id\":\"https:\\\/\\\/avp.ro\\\/#organization\"},\"potentialAction\":[{\"@type\":\"SearchAction\",\"target\":{\"@type\":\"EntryPoint\",\"urlTemplate\":\"https:\\\/\\\/avp.ro\\\/?s={search_term_string}\"},\"query-input\":{\"@type\":\"PropertyValueSpecification\",\"valueRequired\":true,\"valueName\":\"search_term_string\"}}],\"inLanguage\":\"en-US\"},{\"@type\":\"Organization\",\"@id\":\"https:\\\/\\\/avp.ro\\\/#organization\",\"name\":\"Institutia Avocatul Poporului\",\"url\":\"https:\\\/\\\/avp.ro\\\/\",\"logo\":{\"@type\":\"ImageObject\",\"inLanguage\":\"en-US\",\"@id\":\"https:\\\/\\\/avp.ro\\\/#\\\/schema\\\/logo\\\/image\\\/\",\"url\":\"https:\\\/\\\/avp.ro\\\/wp-content\\\/uploads\\\/2020\\\/09\\\/cropped-AP.jpg\",\"contentUrl\":\"https:\\\/\\\/avp.ro\\\/wp-content\\\/uploads\\\/2020\\\/09\\\/cropped-AP.jpg\",\"width\":160,\"height\":146,\"caption\":\"Institutia Avocatul Poporului\"},\"image\":{\"@id\":\"https:\\\/\\\/avp.ro\\\/#\\\/schema\\\/logo\\\/image\\\/\"}}]}<\/script>\n<!-- \/ Yoast SEO plugin. -->","yoast_head_json":{"title":"Comunicate de pres\u0103 2022 - Institu\u021bia Avocatul Poporului","robots":{"index":"index","follow":"follow","max-snippet":"max-snippet:-1","max-image-preview":"max-image-preview:large","max-video-preview":"max-video-preview:-1"},"canonical":"https:\/\/avp.ro\/index.php\/comunicate-de-presa-2022\/","og_locale":"en_US","og_type":"article","og_title":"Comunicate de pres\u0103 2022 - Institu\u021bia Avocatul Poporului","og_description":"&nbsp; Pozi\u021bia Avocatului Poporului fa\u021b\u0103 de presupusa participare la un eveniment public a reprezentantului Biroului Teritorial Pite\u0219ti Zile por\u021bi deschise la Avocatul Poporului &#8211; 28 septembrie 2022 Pozi\u021bia Avocatului Poporului&hellip;","og_url":"https:\/\/avp.ro\/index.php\/comunicate-de-presa-2022\/","og_site_name":"Institu\u021bia Avocatul Poporului","article_modified_time":"2022-10-05T09:34:34+00:00","twitter_card":"summary_large_image","twitter_misc":{"Est. reading time":"1 minute"},"schema":{"@context":"https:\/\/schema.org","@graph":[{"@type":"WebPage","@id":"https:\/\/avp.ro\/index.php\/comunicate-de-presa-2022\/","url":"https:\/\/avp.ro\/index.php\/comunicate-de-presa-2022\/","name":"Comunicate de pres\u0103 2022 - Institu\u021bia Avocatul Poporului","isPartOf":{"@id":"https:\/\/avp.ro\/#website"},"datePublished":"2022-01-19T10:48:27+00:00","dateModified":"2022-10-05T09:34:34+00:00","breadcrumb":{"@id":"https:\/\/avp.ro\/index.php\/comunicate-de-presa-2022\/#breadcrumb"},"inLanguage":"en-US","potentialAction":[{"@type":"ReadAction","target":["https:\/\/avp.ro\/index.php\/comunicate-de-presa-2022\/"]}]},{"@type":"BreadcrumbList","@id":"https:\/\/avp.ro\/index.php\/comunicate-de-presa-2022\/#breadcrumb","itemListElement":[{"@type":"ListItem","position":1,"name":"Home","item":"https:\/\/avp.ro\/"},{"@type":"ListItem","position":2,"name":"Comunicate de pres\u0103 2022"}]},{"@type":"WebSite","@id":"https:\/\/avp.ro\/#website","url":"https:\/\/avp.ro\/","name":"Institu\u021bia Avocatul Poporului","description":"People\u2019s Advocate institution - Office of the Ombudsman","publisher":{"@id":"https:\/\/avp.ro\/#organization"},"potentialAction":[{"@type":"SearchAction","target":{"@type":"EntryPoint","urlTemplate":"https:\/\/avp.ro\/?s={search_term_string}"},"query-input":{"@type":"PropertyValueSpecification","valueRequired":true,"valueName":"search_term_string"}}],"inLanguage":"en-US"},{"@type":"Organization","@id":"https:\/\/avp.ro\/#organization","name":"Institutia Avocatul Poporului","url":"https:\/\/avp.ro\/","logo":{"@type":"ImageObject","inLanguage":"en-US","@id":"https:\/\/avp.ro\/#\/schema\/logo\/image\/","url":"https:\/\/avp.ro\/wp-content\/uploads\/2020\/09\/cropped-AP.jpg","contentUrl":"https:\/\/avp.ro\/wp-content\/uploads\/2020\/09\/cropped-AP.jpg","width":160,"height":146,"caption":"Institutia Avocatul Poporului"},"image":{"@id":"https:\/\/avp.ro\/#\/schema\/logo\/image\/"}}]}},"_links":{"self":[{"href":"https:\/\/avp.ro\/index.php\/wp-json\/wp\/v2\/pages\/5156","targetHints":{"allow":["GET"]}}],"collection":[{"href":"https:\/\/avp.ro\/index.php\/wp-json\/wp\/v2\/pages"}],"about":[{"href":"https:\/\/avp.ro\/index.php\/wp-json\/wp\/v2\/types\/page"}],"author":[{"embeddable":true,"href":"https:\/\/avp.ro\/index.php\/wp-json\/wp\/v2\/users\/1"}],"replies":[{"embeddable":true,"href":"https:\/\/avp.ro\/index.php\/wp-json\/wp\/v2\/comments?post=5156"}],"version-history":[{"count":5,"href":"https:\/\/avp.ro\/index.php\/wp-json\/wp\/v2\/pages\/5156\/revisions"}],"predecessor-version":[{"id":7429,"href":"https:\/\/avp.ro\/index.php\/wp-json\/wp\/v2\/pages\/5156\/revisions\/7429"}],"wp:attachment":[{"href":"https:\/\/avp.ro\/index.php\/wp-json\/wp\/v2\/media?parent=5156"}],"curies":[{"name":"wp","href":"https:\/\/api.w.org\/{rel}","templated":true}]}}