{"id":5213,"date":"2022-01-31T14:18:03","date_gmt":"2022-01-31T12:18:03","guid":{"rendered":"https:\/\/avp.ro\/?page_id=5213"},"modified":"2024-10-24T12:48:25","modified_gmt":"2024-10-24T10:48:25","slug":"activitate","status":"publish","type":"page","link":"https:\/\/avp.ro\/index.php\/domenii-de-activitate\/serviciul-contencios\/activitate\/","title":{"rendered":"Activitate"},"content":{"rendered":"<p><a href=\"https:\/\/avp.ro\/wp-content\/uploads\/2022\/02\/indrumari-OUG-129-2021.pdf\"><strong><em>\u00ceNDRUM\u0102RI referitoare la cadrul legal al contraven\u021biilor stabilite pentru nerespectarea de c\u0103tre persoana care intr\u0103 pe teritoriul Rom\u00e2niei a obliga\u0163iei de a completa Formularul digital \u00een termen de 24 de ore de la intrarea \u00een \u0163ar\u0103 &#8211; 11 februarie 2022<\/em><\/strong><\/a><\/p>\n<p>&nbsp;<\/p>\n","protected":false},"excerpt":{"rendered":"<p>\u00ceNDRUM\u0102RI referitoare la cadrul legal al contraven\u021biilor stabilite pentru nerespectarea de c\u0103tre persoana care intr\u0103 pe teritoriul Rom\u00e2niei a obliga\u0163iei de a completa Formularul digital \u00een termen de 24 de&hellip; <\/p>\n","protected":false},"author":1,"featured_media":0,"parent":2016,"menu_order":1,"comment_status":"closed","ping_status":"closed","template":"","meta":{"footnotes":""},"class_list":["post-5213","page","type-page","status-publish","hentry"],"yoast_head":"<!-- This site is optimized with the Yoast SEO plugin v27.2 - https:\/\/yoast.com\/product\/yoast-seo-wordpress\/ -->\n<title>Activitate - Institu\u021bia Avocatul Poporului<\/title>\n<meta name=\"robots\" content=\"index, follow, max-snippet:-1, max-image-preview:large, max-video-preview:-1\" \/>\n<link rel=\"canonical\" href=\"https:\/\/avp.ro\/index.php\/domenii-de-activitate\/serviciul-contencios\/activitate\/\" \/>\n<meta property=\"og:locale\" content=\"en_US\" \/>\n<meta property=\"og:type\" content=\"article\" \/>\n<meta property=\"og:title\" content=\"Activitate - Institu\u021bia Avocatul Poporului\" \/>\n<meta property=\"og:description\" content=\"\u00ceNDRUM\u0102RI referitoare la cadrul legal al contraven\u021biilor stabilite pentru nerespectarea de c\u0103tre persoana care intr\u0103 pe teritoriul Rom\u00e2niei a obliga\u0163iei de a completa Formularul digital \u00een termen de 24 de&hellip;\" \/>\n<meta property=\"og:url\" content=\"https:\/\/avp.ro\/index.php\/domenii-de-activitate\/serviciul-contencios\/activitate\/\" \/>\n<meta property=\"og:site_name\" content=\"Institu\u021bia Avocatul Poporului\" \/>\n<meta property=\"article:modified_time\" content=\"2024-10-24T10:48:25+00:00\" \/>\n<meta name=\"twitter:card\" content=\"summary_large_image\" \/>\n<meta name=\"twitter:label1\" content=\"Est. reading time\" \/>\n\t<meta name=\"twitter:data1\" content=\"1 minute\" \/>\n<script type=\"application\/ld+json\" class=\"yoast-schema-graph\">{\"@context\":\"https:\/\/schema.org\",\"@graph\":[{\"@type\":\"WebPage\",\"@id\":\"https:\/\/avp.ro\/index.php\/domenii-de-activitate\/serviciul-contencios\/activitate\/\",\"url\":\"https:\/\/avp.ro\/index.php\/domenii-de-activitate\/serviciul-contencios\/activitate\/\",\"name\":\"Activitate - Institu\u021bia Avocatul Poporului\",\"isPartOf\":{\"@id\":\"https:\/\/avp.ro\/#website\"},\"datePublished\":\"2022-01-31T12:18:03+00:00\",\"dateModified\":\"2024-10-24T10:48:25+00:00\",\"breadcrumb\":{\"@id\":\"https:\/\/avp.ro\/index.php\/domenii-de-activitate\/serviciul-contencios\/activitate\/#breadcrumb\"},\"inLanguage\":\"en-US\",\"potentialAction\":[{\"@type\":\"ReadAction\",\"target\":[\"https:\/\/avp.ro\/index.php\/domenii-de-activitate\/serviciul-contencios\/activitate\/\"]}]},{\"@type\":\"BreadcrumbList\",\"@id\":\"https:\/\/avp.ro\/index.php\/domenii-de-activitate\/serviciul-contencios\/activitate\/#breadcrumb\",\"itemListElement\":[{\"@type\":\"ListItem\",\"position\":1,\"name\":\"Home\",\"item\":\"https:\/\/avp.ro\/\"},{\"@type\":\"ListItem\",\"position\":2,\"name\":\"DOMENII DE ACTIVITATE\",\"item\":\"https:\/\/avp.ro\/index.php\/domenii-de-activitate\/\"},{\"@type\":\"ListItem\",\"position\":3,\"name\":\"Serviciul contencios\",\"item\":\"https:\/\/avp.ro\/index.php\/domenii-de-activitate\/serviciul-contencios\/\"},{\"@type\":\"ListItem\",\"position\":4,\"name\":\"Activitate\"}]},{\"@type\":\"WebSite\",\"@id\":\"https:\/\/avp.ro\/#website\",\"url\":\"https:\/\/avp.ro\/\",\"name\":\"Institu\u021bia Avocatul Poporului\",\"description\":\"People\u2019s Advocate institution - Office of the Ombudsman\",\"publisher\":{\"@id\":\"https:\/\/avp.ro\/#organization\"},\"potentialAction\":[{\"@type\":\"SearchAction\",\"target\":{\"@type\":\"EntryPoint\",\"urlTemplate\":\"https:\/\/avp.ro\/?s={search_term_string}\"},\"query-input\":{\"@type\":\"PropertyValueSpecification\",\"valueRequired\":true,\"valueName\":\"search_term_string\"}}],\"inLanguage\":\"en-US\"},{\"@type\":\"Organization\",\"@id\":\"https:\/\/avp.ro\/#organization\",\"name\":\"Institutia Avocatul Poporului\",\"url\":\"https:\/\/avp.ro\/\",\"logo\":{\"@type\":\"ImageObject\",\"inLanguage\":\"en-US\",\"@id\":\"https:\/\/avp.ro\/#\/schema\/logo\/image\/\",\"url\":\"https:\/\/avp.ro\/wp-content\/uploads\/2020\/09\/cropped-AP.jpg\",\"contentUrl\":\"https:\/\/avp.ro\/wp-content\/uploads\/2020\/09\/cropped-AP.jpg\",\"width\":160,\"height\":146,\"caption\":\"Institutia Avocatul Poporului\"},\"image\":{\"@id\":\"https:\/\/avp.ro\/#\/schema\/logo\/image\/\"}}]}<\/script>\n<!-- \/ Yoast SEO plugin. -->","yoast_head_json":{"title":"Activitate - Institu\u021bia Avocatul Poporului","robots":{"index":"index","follow":"follow","max-snippet":"max-snippet:-1","max-image-preview":"max-image-preview:large","max-video-preview":"max-video-preview:-1"},"canonical":"https:\/\/avp.ro\/index.php\/domenii-de-activitate\/serviciul-contencios\/activitate\/","og_locale":"en_US","og_type":"article","og_title":"Activitate - Institu\u021bia Avocatul Poporului","og_description":"\u00ceNDRUM\u0102RI referitoare la cadrul legal al contraven\u021biilor stabilite pentru nerespectarea de c\u0103tre persoana care intr\u0103 pe teritoriul Rom\u00e2niei a obliga\u0163iei de a completa Formularul digital \u00een termen de 24 de&hellip;","og_url":"https:\/\/avp.ro\/index.php\/domenii-de-activitate\/serviciul-contencios\/activitate\/","og_site_name":"Institu\u021bia Avocatul Poporului","article_modified_time":"2024-10-24T10:48:25+00:00","twitter_card":"summary_large_image","twitter_misc":{"Est. reading time":"1 minute"},"schema":{"@context":"https:\/\/schema.org","@graph":[{"@type":"WebPage","@id":"https:\/\/avp.ro\/index.php\/domenii-de-activitate\/serviciul-contencios\/activitate\/","url":"https:\/\/avp.ro\/index.php\/domenii-de-activitate\/serviciul-contencios\/activitate\/","name":"Activitate - Institu\u021bia Avocatul Poporului","isPartOf":{"@id":"https:\/\/avp.ro\/#website"},"datePublished":"2022-01-31T12:18:03+00:00","dateModified":"2024-10-24T10:48:25+00:00","breadcrumb":{"@id":"https:\/\/avp.ro\/index.php\/domenii-de-activitate\/serviciul-contencios\/activitate\/#breadcrumb"},"inLanguage":"en-US","potentialAction":[{"@type":"ReadAction","target":["https:\/\/avp.ro\/index.php\/domenii-de-activitate\/serviciul-contencios\/activitate\/"]}]},{"@type":"BreadcrumbList","@id":"https:\/\/avp.ro\/index.php\/domenii-de-activitate\/serviciul-contencios\/activitate\/#breadcrumb","itemListElement":[{"@type":"ListItem","position":1,"name":"Home","item":"https:\/\/avp.ro\/"},{"@type":"ListItem","position":2,"name":"DOMENII DE ACTIVITATE","item":"https:\/\/avp.ro\/index.php\/domenii-de-activitate\/"},{"@type":"ListItem","position":3,"name":"Serviciul contencios","item":"https:\/\/avp.ro\/index.php\/domenii-de-activitate\/serviciul-contencios\/"},{"@type":"ListItem","position":4,"name":"Activitate"}]},{"@type":"WebSite","@id":"https:\/\/avp.ro\/#website","url":"https:\/\/avp.ro\/","name":"Institu\u021bia Avocatul Poporului","description":"People\u2019s Advocate institution - Office of the Ombudsman","publisher":{"@id":"https:\/\/avp.ro\/#organization"},"potentialAction":[{"@type":"SearchAction","target":{"@type":"EntryPoint","urlTemplate":"https:\/\/avp.ro\/?s={search_term_string}"},"query-input":{"@type":"PropertyValueSpecification","valueRequired":true,"valueName":"search_term_string"}}],"inLanguage":"en-US"},{"@type":"Organization","@id":"https:\/\/avp.ro\/#organization","name":"Institutia Avocatul Poporului","url":"https:\/\/avp.ro\/","logo":{"@type":"ImageObject","inLanguage":"en-US","@id":"https:\/\/avp.ro\/#\/schema\/logo\/image\/","url":"https:\/\/avp.ro\/wp-content\/uploads\/2020\/09\/cropped-AP.jpg","contentUrl":"https:\/\/avp.ro\/wp-content\/uploads\/2020\/09\/cropped-AP.jpg","width":160,"height":146,"caption":"Institutia Avocatul Poporului"},"image":{"@id":"https:\/\/avp.ro\/#\/schema\/logo\/image\/"}}]}},"_links":{"self":[{"href":"https:\/\/avp.ro\/index.php\/wp-json\/wp\/v2\/pages\/5213","targetHints":{"allow":["GET"]}}],"collection":[{"href":"https:\/\/avp.ro\/index.php\/wp-json\/wp\/v2\/pages"}],"about":[{"href":"https:\/\/avp.ro\/index.php\/wp-json\/wp\/v2\/types\/page"}],"author":[{"embeddable":true,"href":"https:\/\/avp.ro\/index.php\/wp-json\/wp\/v2\/users\/1"}],"replies":[{"embeddable":true,"href":"https:\/\/avp.ro\/index.php\/wp-json\/wp\/v2\/comments?post=5213"}],"version-history":[{"count":5,"href":"https:\/\/avp.ro\/index.php\/wp-json\/wp\/v2\/pages\/5213\/revisions"}],"predecessor-version":[{"id":12553,"href":"https:\/\/avp.ro\/index.php\/wp-json\/wp\/v2\/pages\/5213\/revisions\/12553"}],"up":[{"embeddable":true,"href":"https:\/\/avp.ro\/index.php\/wp-json\/wp\/v2\/pages\/2016"}],"wp:attachment":[{"href":"https:\/\/avp.ro\/index.php\/wp-json\/wp\/v2\/media?parent=5213"}],"curies":[{"name":"wp","href":"https:\/\/api.w.org\/{rel}","templated":true}]}}