{"id":5225,"date":"2022-01-31T14:26:33","date_gmt":"2022-01-31T12:26:33","guid":{"rendered":"https:\/\/avp.ro\/?page_id=5225"},"modified":"2022-02-01T11:28:34","modified_gmt":"2022-02-01T09:28:34","slug":"biroul-teritorial-brasov","status":"publish","type":"page","link":"https:\/\/avp.ro\/index.php\/birouri-teritoriale\/biroul-teritorial-brasov\/","title":{"rendered":"Biroul Teritorial Bra\u0219ov"},"content":{"rendered":"<p>&nbsp;<\/p>\n<p>&nbsp;<\/p>\n<p style=\"text-align: center;\"><em><strong>Biroul Teritorial Bra\u0219ov<\/strong><\/em>, jude\u021be arondate: Bra\u0219ov, Covasna<\/p>\n<p style=\"text-align: center;\">B-dul Mihail Kog\u0103lniceanu, nr.23, bloc C7, camera 402 (zona Centrul Civic), munic. Bra\u015fov, jud. Bra\u015fov<\/p>\n<p style=\"text-align: center;\">Tel.\/fax: 0268\/471.100<\/p>\n<p style=\"text-align: center;\">E-mail:\u00a0<a href=\"m&#97;&#x69;&#x6c;&#x74;o&#58;&#x61;&#x76;&#x70;b&#114;&#x61;&#x73;&#x6f;v&#64;&#x61;&#x76;&#x70;&#46;&#114;&#x6f;\">&#x61;&#118;p&#x62;&#x72;&#97;s&#x6f;&#118;&#64;&#x61;&#x76;&#112;&#46;&#x72;&#111;<\/a><\/p>\n","protected":false},"excerpt":{"rendered":"<p>&nbsp; &nbsp; Biroul Teritorial Bra\u0219ov, jude\u021be arondate: Bra\u0219ov, Covasna B-dul Mihail Kog\u0103lniceanu, nr.23, bloc C7, camera 402 (zona Centrul Civic), munic. Bra\u015fov, jud. Bra\u015fov Tel.\/fax: 0268\/471.100 E-mail:\u00a0&#x61;v&#x70;&#98;r&#x61;&#115;&#x6f;&#118;&#64;&#x61;&#118;&#x70;&#46;r&#x6f;<\/p>\n","protected":false},"author":1,"featured_media":0,"parent":5216,"menu_order":2,"comment_status":"closed","ping_status":"closed","template":"","meta":{"footnotes":""},"class_list":["post-5225","page","type-page","status-publish","hentry"],"yoast_head":"<!-- This site is optimized with the Yoast SEO plugin v27.3 - https:\/\/yoast.com\/product\/yoast-seo-wordpress\/ -->\n<title>Biroul Teritorial Bra\u0219ov - Institu\u021bia Avocatul Poporului<\/title>\n<meta name=\"robots\" content=\"index, follow, max-snippet:-1, max-image-preview:large, max-video-preview:-1\" \/>\n<link rel=\"canonical\" href=\"https:\/\/avp.ro\/index.php\/birouri-teritoriale\/biroul-teritorial-brasov\/\" \/>\n<meta property=\"og:locale\" content=\"en_US\" \/>\n<meta property=\"og:type\" content=\"article\" \/>\n<meta property=\"og:title\" content=\"Biroul Teritorial Bra\u0219ov - Institu\u021bia Avocatul Poporului\" \/>\n<meta property=\"og:description\" content=\"&nbsp; &nbsp; Biroul Teritorial Bra\u0219ov, jude\u021be arondate: Bra\u0219ov, Covasna B-dul Mihail Kog\u0103lniceanu, nr.23, bloc C7, camera 402 (zona Centrul Civic), munic. Bra\u015fov, jud. Bra\u015fov Tel.\/fax: 0268\/471.100 E-mail:\u00a0a&#118;&#112;&#098;&#x72;&#x61;&#x73;ov&#064;&#097;&#x76;&#x70;&#x2e;&#x72;o\" \/>\n<meta property=\"og:url\" content=\"https:\/\/avp.ro\/index.php\/birouri-teritoriale\/biroul-teritorial-brasov\/\" \/>\n<meta property=\"og:site_name\" content=\"Institu\u021bia Avocatul Poporului\" \/>\n<meta property=\"article:modified_time\" content=\"2022-02-01T09:28:34+00:00\" \/>\n<meta name=\"twitter:card\" content=\"summary_large_image\" \/>\n<meta name=\"twitter:label1\" content=\"Est. reading time\" \/>\n\t<meta name=\"twitter:data1\" content=\"1 minute\" \/>\n<script type=\"application\/ld+json\" class=\"yoast-schema-graph\">{\"@context\":\"https:\\\/\\\/schema.org\",\"@graph\":[{\"@type\":\"WebPage\",\"@id\":\"https:\\\/\\\/avp.ro\\\/index.php\\\/birouri-teritoriale\\\/biroul-teritorial-brasov\\\/\",\"url\":\"https:\\\/\\\/avp.ro\\\/index.php\\\/birouri-teritoriale\\\/biroul-teritorial-brasov\\\/\",\"name\":\"Biroul Teritorial Bra\u0219ov - Institu\u021bia Avocatul Poporului\",\"isPartOf\":{\"@id\":\"https:\\\/\\\/avp.ro\\\/#website\"},\"datePublished\":\"2022-01-31T12:26:33+00:00\",\"dateModified\":\"2022-02-01T09:28:34+00:00\",\"breadcrumb\":{\"@id\":\"https:\\\/\\\/avp.ro\\\/index.php\\\/birouri-teritoriale\\\/biroul-teritorial-brasov\\\/#breadcrumb\"},\"inLanguage\":\"en-US\",\"potentialAction\":[{\"@type\":\"ReadAction\",\"target\":[\"https:\\\/\\\/avp.ro\\\/index.php\\\/birouri-teritoriale\\\/biroul-teritorial-brasov\\\/\"]}]},{\"@type\":\"BreadcrumbList\",\"@id\":\"https:\\\/\\\/avp.ro\\\/index.php\\\/birouri-teritoriale\\\/biroul-teritorial-brasov\\\/#breadcrumb\",\"itemListElement\":[{\"@type\":\"ListItem\",\"position\":1,\"name\":\"Home\",\"item\":\"https:\\\/\\\/avp.ro\\\/\"},{\"@type\":\"ListItem\",\"position\":2,\"name\":\"Birouri teritoriale\",\"item\":\"https:\\\/\\\/avp.ro\\\/index.php\\\/birouri-teritoriale\\\/\"},{\"@type\":\"ListItem\",\"position\":3,\"name\":\"Biroul Teritorial Bra\u0219ov\"}]},{\"@type\":\"WebSite\",\"@id\":\"https:\\\/\\\/avp.ro\\\/#website\",\"url\":\"https:\\\/\\\/avp.ro\\\/\",\"name\":\"Institu\u021bia Avocatul Poporului\",\"description\":\"People\u2019s Advocate institution - Office of the Ombudsman\",\"publisher\":{\"@id\":\"https:\\\/\\\/avp.ro\\\/#organization\"},\"potentialAction\":[{\"@type\":\"SearchAction\",\"target\":{\"@type\":\"EntryPoint\",\"urlTemplate\":\"https:\\\/\\\/avp.ro\\\/?s={search_term_string}\"},\"query-input\":{\"@type\":\"PropertyValueSpecification\",\"valueRequired\":true,\"valueName\":\"search_term_string\"}}],\"inLanguage\":\"en-US\"},{\"@type\":\"Organization\",\"@id\":\"https:\\\/\\\/avp.ro\\\/#organization\",\"name\":\"Institutia Avocatul Poporului\",\"url\":\"https:\\\/\\\/avp.ro\\\/\",\"logo\":{\"@type\":\"ImageObject\",\"inLanguage\":\"en-US\",\"@id\":\"https:\\\/\\\/avp.ro\\\/#\\\/schema\\\/logo\\\/image\\\/\",\"url\":\"https:\\\/\\\/avp.ro\\\/wp-content\\\/uploads\\\/2020\\\/09\\\/cropped-AP.jpg\",\"contentUrl\":\"https:\\\/\\\/avp.ro\\\/wp-content\\\/uploads\\\/2020\\\/09\\\/cropped-AP.jpg\",\"width\":160,\"height\":146,\"caption\":\"Institutia Avocatul Poporului\"},\"image\":{\"@id\":\"https:\\\/\\\/avp.ro\\\/#\\\/schema\\\/logo\\\/image\\\/\"}}]}<\/script>\n<!-- \/ Yoast SEO plugin. -->","yoast_head_json":{"title":"Biroul Teritorial Bra\u0219ov - Institu\u021bia Avocatul Poporului","robots":{"index":"index","follow":"follow","max-snippet":"max-snippet:-1","max-image-preview":"max-image-preview:large","max-video-preview":"max-video-preview:-1"},"canonical":"https:\/\/avp.ro\/index.php\/birouri-teritoriale\/biroul-teritorial-brasov\/","og_locale":"en_US","og_type":"article","og_title":"Biroul Teritorial Bra\u0219ov - Institu\u021bia Avocatul Poporului","og_description":"&nbsp; &nbsp; Biroul Teritorial Bra\u0219ov, jude\u021be arondate: Bra\u0219ov, Covasna B-dul Mihail Kog\u0103lniceanu, nr.23, bloc C7, camera 402 (zona Centrul Civic), munic. Bra\u015fov, jud. Bra\u015fov Tel.\/fax: 0268\/471.100 E-mail:\u00a0a&#118;&#112;&#98;&#x72;&#x61;&#x73;ov&#64;&#97;&#x76;&#x70;&#x2e;&#x72;o","og_url":"https:\/\/avp.ro\/index.php\/birouri-teritoriale\/biroul-teritorial-brasov\/","og_site_name":"Institu\u021bia Avocatul Poporului","article_modified_time":"2022-02-01T09:28:34+00:00","twitter_card":"summary_large_image","twitter_misc":{"Est. reading time":"1 minute"},"schema":{"@context":"https:\/\/schema.org","@graph":[{"@type":"WebPage","@id":"https:\/\/avp.ro\/index.php\/birouri-teritoriale\/biroul-teritorial-brasov\/","url":"https:\/\/avp.ro\/index.php\/birouri-teritoriale\/biroul-teritorial-brasov\/","name":"Biroul Teritorial Bra\u0219ov - Institu\u021bia Avocatul Poporului","isPartOf":{"@id":"https:\/\/avp.ro\/#website"},"datePublished":"2022-01-31T12:26:33+00:00","dateModified":"2022-02-01T09:28:34+00:00","breadcrumb":{"@id":"https:\/\/avp.ro\/index.php\/birouri-teritoriale\/biroul-teritorial-brasov\/#breadcrumb"},"inLanguage":"en-US","potentialAction":[{"@type":"ReadAction","target":["https:\/\/avp.ro\/index.php\/birouri-teritoriale\/biroul-teritorial-brasov\/"]}]},{"@type":"BreadcrumbList","@id":"https:\/\/avp.ro\/index.php\/birouri-teritoriale\/biroul-teritorial-brasov\/#breadcrumb","itemListElement":[{"@type":"ListItem","position":1,"name":"Home","item":"https:\/\/avp.ro\/"},{"@type":"ListItem","position":2,"name":"Birouri teritoriale","item":"https:\/\/avp.ro\/index.php\/birouri-teritoriale\/"},{"@type":"ListItem","position":3,"name":"Biroul Teritorial Bra\u0219ov"}]},{"@type":"WebSite","@id":"https:\/\/avp.ro\/#website","url":"https:\/\/avp.ro\/","name":"Institu\u021bia Avocatul Poporului","description":"People\u2019s Advocate institution - Office of the Ombudsman","publisher":{"@id":"https:\/\/avp.ro\/#organization"},"potentialAction":[{"@type":"SearchAction","target":{"@type":"EntryPoint","urlTemplate":"https:\/\/avp.ro\/?s={search_term_string}"},"query-input":{"@type":"PropertyValueSpecification","valueRequired":true,"valueName":"search_term_string"}}],"inLanguage":"en-US"},{"@type":"Organization","@id":"https:\/\/avp.ro\/#organization","name":"Institutia Avocatul Poporului","url":"https:\/\/avp.ro\/","logo":{"@type":"ImageObject","inLanguage":"en-US","@id":"https:\/\/avp.ro\/#\/schema\/logo\/image\/","url":"https:\/\/avp.ro\/wp-content\/uploads\/2020\/09\/cropped-AP.jpg","contentUrl":"https:\/\/avp.ro\/wp-content\/uploads\/2020\/09\/cropped-AP.jpg","width":160,"height":146,"caption":"Institutia Avocatul Poporului"},"image":{"@id":"https:\/\/avp.ro\/#\/schema\/logo\/image\/"}}]}},"_links":{"self":[{"href":"https:\/\/avp.ro\/index.php\/wp-json\/wp\/v2\/pages\/5225","targetHints":{"allow":["GET"]}}],"collection":[{"href":"https:\/\/avp.ro\/index.php\/wp-json\/wp\/v2\/pages"}],"about":[{"href":"https:\/\/avp.ro\/index.php\/wp-json\/wp\/v2\/types\/page"}],"author":[{"embeddable":true,"href":"https:\/\/avp.ro\/index.php\/wp-json\/wp\/v2\/users\/1"}],"replies":[{"embeddable":true,"href":"https:\/\/avp.ro\/index.php\/wp-json\/wp\/v2\/comments?post=5225"}],"version-history":[{"count":3,"href":"https:\/\/avp.ro\/index.php\/wp-json\/wp\/v2\/pages\/5225\/revisions"}],"predecessor-version":[{"id":5294,"href":"https:\/\/avp.ro\/index.php\/wp-json\/wp\/v2\/pages\/5225\/revisions\/5294"}],"up":[{"embeddable":true,"href":"https:\/\/avp.ro\/index.php\/wp-json\/wp\/v2\/pages\/5216"}],"wp:attachment":[{"href":"https:\/\/avp.ro\/index.php\/wp-json\/wp\/v2\/media?parent=5225"}],"curies":[{"name":"wp","href":"https:\/\/api.w.org\/{rel}","templated":true}]}}