{"id":5432,"date":"2022-02-16T11:45:22","date_gmt":"2022-02-16T09:45:22","guid":{"rendered":"https:\/\/avp.ro\/?page_id=5432"},"modified":"2023-08-01T10:28:15","modified_gmt":"2023-08-01T08:28:15","slug":"unitati-penitenciare-2022","status":"publish","type":"page","link":"https:\/\/avp.ro\/index.php\/unitati-penitenciare-2022\/","title":{"rendered":"UNIT\u0102\u021aI PENITENCIARE 2022"},"content":{"rendered":"<p><a href=\"https:\/\/avp.ro\/index.php\/unitati-penitenciare-2022\/\"><strong><em>UNIT\u0102\u021aI PENITENCIARE<\/em><\/strong><\/a><\/p>\n<p>&nbsp;<\/p>\n<p>13. <a href=\"https:\/\/avp.ro\/wp-content\/uploads\/2023\/05\/Raport-vizita-Penitenciarul-Bucuresti-Jilava.pdf\">Raportul privind \u00a0vizita efectuat\u0103 la Penitenciarul Bucure\u0219ti-Jilava<\/a><\/p>\n<p style=\"padding-left: 40px;\"><a href=\"https:\/\/avp.ro\/wp-content\/uploads\/2023\/08\/Raspunsul-conducerii-Penitenciarului-Bucuresti-Jilava.pdf\">-R\u0103spunsul conducerii Penitenciarului Bucure\u0219ti-Jilava<\/a><\/p>\n<p>12. <a href=\"https:\/\/avp.ro\/wp-content\/uploads\/2023\/02\/Raport-de-vizita-Penitenciarul-Spital-Bucuresti-Rahova.pdf\"><span style=\"color: #ff0000;\">Raportul privind vizita efectuat\u0103 la Penitenciarul Spital Bucure\u0219ti Rahova<\/span><\/a><\/p>\n<p style=\"padding-left: 40px;\"><a href=\"https:\/\/avp.ro\/wp-content\/uploads\/2023\/05\/Raspunsul-conducerii-Penitenciarului-Spital-Bucuresti-Rahova.pdf\">-R\u0103spunsul conducerii Penitenciarului Spital Bucure\u0219ti Rahova<\/a><\/p>\n<p>11. <span style=\"color: #ff0000;\"><a style=\"color: #ff0000;\" href=\"https:\/\/avp.ro\/wp-content\/uploads\/2023\/02\/R-V-Penitenciar-Baia-Mare-MM.pdf\">Raportul privind vizita efectuat\u0103 la Penitenciarul Baia Mare, jude\u021bul Maramure\u0219<\/a><\/span><\/p>\n<p style=\"padding-left: 40px;\"><a href=\"https:\/\/avp.ro\/wp-content\/uploads\/2023\/03\/Raspuns-PNT-MM.pdf\">&#8211; R\u0103spunsul conducerii Penitenciarului Baia Mare<\/a><\/p>\n<p>10. <a href=\"https:\/\/avp.ro\/wp-content\/uploads\/2023\/01\/Raport-Vizita-Penitenciar-Gherla.pdf\"><span style=\"color: #ff0000;\">Raportul privind vizita efectuat\u0103 la Penitenciarul Gherla, jude\u021bul Cluj<\/span><\/a><\/p>\n<p style=\"padding-left: 40px;\"><a href=\"https:\/\/avp.ro\/wp-content\/uploads\/2023\/02\/Raspuns-PNT.pdf\">&#8211; R\u0103spunsul conducerii Penitenciarului Gherla<\/a><\/p>\n<p>9. <span style=\"color: #ff0000;\"><a style=\"color: #ff0000;\" href=\"https:\/\/avp.ro\/wp-content\/uploads\/2022\/11\/Raport-vizita-Penitenciar-Galati.pdf\">Raportul privind vizita efectuat\u0103 la Penitenciarul Gala\u021bi<\/a><\/span><\/p>\n<p style=\"padding-left: 40px;\"><a href=\"https:\/\/avp.ro\/wp-content\/uploads\/2022\/12\/Raspuns-ANP-privind-vizita-la-Penitenciarul-Galati.pdf\">&#8211; R\u0103spunsul conducerii Administra\u021biei Na\u021bionale a Penitenciarelor<\/a><\/p>\n<p style=\"padding-left: 40px;\"><a href=\"https:\/\/avp.ro\/wp-content\/uploads\/2022\/12\/Raspuns-conducere-Penitenciarul-Galati.pdf\">&#8211; R\u0103spunsul conducerii Penitenciarului Gala\u021bi<\/a><\/p>\n<p>8. <span style=\"color: #ff0000;\"><a style=\"color: #ff0000;\" href=\"https:\/\/avp.ro\/wp-content\/uploads\/2022\/10\/RV-PNT-Margineni-19-aug-2022.pdf\">Raportul privind vizita efectuat\u0103 la Penitenciarul M\u0103rgineni<\/a><\/span><\/p>\n<p style=\"padding-left: 40px;\"><a href=\"https:\/\/avp.ro\/wp-content\/uploads\/2022\/11\/Raspuns-PNT-Margineni-28296.pdf\">&#8211; R\u0103spunsul primit de la Penitenciarul M\u0103rgineni<\/a><\/p>\n<p>7. <a href=\"https:\/\/avp.ro\/wp-content\/uploads\/2022\/10\/RV-Gaesti-2022.pdf\"><span style=\"color: #ff0000;\">Raportul privind vizita efectuat\u0103 la Penitenciarul G\u0103e\u0219ti<\/span><\/a><\/p>\n<p style=\"padding-left: 40px;\"><a href=\"https:\/\/avp.ro\/wp-content\/uploads\/2022\/11\/Raspuns-PNT-Gaesti.pdf\">-R\u0103spunsul primit de la Penitenciarul G\u0103e\u0219ti<\/a><\/p>\n<p>6. <span style=\"color: #ff0000;\"><a style=\"color: #ff0000;\" href=\"https:\/\/avp.ro\/wp-content\/uploads\/2022\/09\/Raport-vizita-CE-Tg-Ocna.pdf\">Raportul privind vizita efectuat\u0103 la Centrul Educativ T\u00e2rgu Ocna, jud. Bac\u0103u\u00a0<\/a><\/span><\/p>\n<p style=\"padding-left: 40px;\"><a href=\"https:\/\/avp.ro\/wp-content\/uploads\/2022\/12\/Raspuns-conducere-Centrul-Educativ-Targu-Ocna.pdf\">&#8211; R\u0103spunsul conducerii Centrului Educativ T\u00e2rgu Ocna, jude\u021bul Bac\u0103u<\/a><\/p>\n<p>5. <span style=\"color: #ff0000;\"><a style=\"color: #ff0000;\" href=\"https:\/\/avp.ro\/wp-content\/uploads\/2022\/09\/Raport-Penit.-Timisoara-Sectia-ext.-Buzias.pdf\">Raportul privind vizita efectuat\u0103 la Penitenciarul Timi\u0219oara \u2013 Sec\u021bia exterioar\u0103 Buzia\u0219, jude\u021bul Timi\u0219<\/a><\/span><\/p>\n<p style=\"padding-left: 40px;\"><a href=\"https:\/\/avp.ro\/wp-content\/uploads\/2022\/11\/Raspuns-Recomandari-Penit-Timisoara-Sectia-ext-Buzias.pdf\">-R\u0103spunsul primit de la Penitenciarul Timi\u0219oara \u2013 Sec\u021bia exterioar\u0103 Buzia\u0219, jude\u021bul Timi\u0219<\/a><\/p>\n<p>4. <a href=\"https:\/\/avp.ro\/wp-content\/uploads\/2022\/09\/Raportul-privind-vizita-efectuata-la-Sectia-Exterioara-Chilia-Veche.pdf\"><span style=\"color: #ff0000;\">Raportul privind vizita efectuat\u0103 la Sec\u021bia Exterioar\u0103 Chilia Veche din cadrul Penitenciarului Tulcea, jude\u021bul Tulcea<\/span><\/a><\/p>\n<p style=\"padding-left: 40px;\"><a href=\"https:\/\/avp.ro\/wp-content\/uploads\/2022\/10\/raspuns_Sectia-Exterioara-Chilia-Veche.pdf\">-R\u0103spunsul primit de la Sec\u021bia Exterioar\u0103 Chilia Veche<\/a><\/p>\n<p>3.<a href=\"https:\/\/avp.ro\/wp-content\/uploads\/2022\/10\/RV2-PNT-Slobozia.pdf\"><span style=\"color: #ff0000;\"> Raportul privind vizita efectuat\u0103 la Penitenciarul Slobozia<\/span><\/a><\/p>\n<p style=\"padding-left: 40px;\"><span style=\"color: #ff0000;\"><a style=\"color: #ff0000;\" href=\"https:\/\/avp.ro\/wp-content\/uploads\/2022\/10\/Raspuns-PNT-Slobozia-24367_2022.pdf\">-R\u0103spunsul primit de la Penitenciarul Slobozia<\/a><\/span><\/p>\n<p>2. <a href=\"https:\/\/avp.ro\/wp-content\/uploads\/2022\/06\/raport-de-vizita-Pen-Vaslui.pdf\"><span style=\"color: #ff0000;\">Raportul \u00eentocmit \u00een urma vizitei la Penitenciarul Vaslui<\/span><\/a><\/p>\n<p style=\"padding-left: 40px;\"><a href=\"https:\/\/avp.ro\/wp-content\/uploads\/2023\/01\/Raspuns-ANP-vizita-Penitenciarul-Vaslui.pdf\">-R\u0103spunsul ANP privind vizita la Penitenciarul Vaslui<\/a><\/p>\n<p style=\"padding-left: 40px;\"><a href=\"https:\/\/avp.ro\/wp-content\/uploads\/2023\/01\/Raspuns-Penitenciarul-Vaslui.pdf\">-R\u0103spuns Penitenciarul Vaslui<\/a><\/p>\n<p style=\"padding-left: 40px;\"><a href=\"https:\/\/avp.ro\/wp-content\/uploads\/2023\/01\/Raspuns-nr.2-Penit-Vaslui-2023.pdf\">-R\u0103spuns Penitenciarul Vaslui<\/a><\/p>\n<p>1. <span style=\"color: #ff0000;\"><a style=\"color: #ff0000;\" href=\"https:\/\/avp.ro\/wp-content\/uploads\/2022\/05\/Raport-de-vizita-Penit.-Severin.pdf\">Raportul privind vizita efectuat\u0103 la Penitenciarul Drobeta-Turnu Severin<\/a><\/span><\/p>\n<p style=\"padding-left: 40px;\"><span style=\"color: #ff0000;\"><a style=\"color: #ff0000;\" href=\"https:\/\/avp.ro\/wp-content\/uploads\/2022\/07\/Raspuns-Recomandari-Penit.-Drob-Turnu-Severin-Final.pdf\">-R\u0103spunsul la recomand\u0103ri primit de la Penitenciarul Drobeta-Turnu Severin<\/a><\/span><\/p>\n","protected":false},"excerpt":{"rendered":"<p>UNIT\u0102\u021aI PENITENCIARE &nbsp; 13. Raportul privind \u00a0vizita efectuat\u0103 la Penitenciarul Bucure\u0219ti-Jilava -R\u0103spunsul conducerii Penitenciarului Bucure\u0219ti-Jilava 12. Raportul privind vizita efectuat\u0103 la Penitenciarul Spital Bucure\u0219ti Rahova -R\u0103spunsul conducerii Penitenciarului Spital Bucure\u0219ti&hellip; <\/p>\n","protected":false},"author":1,"featured_media":0,"parent":0,"menu_order":0,"comment_status":"closed","ping_status":"closed","template":"","meta":{"footnotes":""},"class_list":["post-5432","page","type-page","status-publish","hentry"],"yoast_head":"<!-- This site is optimized with the Yoast SEO plugin v27.3 - https:\/\/yoast.com\/product\/yoast-seo-wordpress\/ -->\n<title>UNIT\u0102\u021aI PENITENCIARE 2022 - Institu\u021bia Avocatul Poporului<\/title>\n<meta name=\"robots\" content=\"index, follow, max-snippet:-1, max-image-preview:large, max-video-preview:-1\" \/>\n<link rel=\"canonical\" href=\"https:\/\/avp.ro\/index.php\/unitati-penitenciare-2022\/\" \/>\n<meta property=\"og:locale\" content=\"en_US\" \/>\n<meta property=\"og:type\" content=\"article\" \/>\n<meta property=\"og:title\" content=\"UNIT\u0102\u021aI PENITENCIARE 2022 - Institu\u021bia Avocatul Poporului\" \/>\n<meta property=\"og:description\" content=\"UNIT\u0102\u021aI PENITENCIARE &nbsp; 13. Raportul privind \u00a0vizita efectuat\u0103 la Penitenciarul Bucure\u0219ti-Jilava -R\u0103spunsul conducerii Penitenciarului Bucure\u0219ti-Jilava 12. Raportul privind vizita efectuat\u0103 la Penitenciarul Spital Bucure\u0219ti Rahova -R\u0103spunsul conducerii Penitenciarului Spital Bucure\u0219ti&hellip;\" \/>\n<meta property=\"og:url\" content=\"https:\/\/avp.ro\/index.php\/unitati-penitenciare-2022\/\" \/>\n<meta property=\"og:site_name\" content=\"Institu\u021bia Avocatul Poporului\" \/>\n<meta property=\"article:modified_time\" content=\"2023-08-01T08:28:15+00:00\" \/>\n<meta name=\"twitter:card\" content=\"summary_large_image\" \/>\n<meta name=\"twitter:label1\" content=\"Est. reading time\" \/>\n\t<meta name=\"twitter:data1\" content=\"1 minute\" \/>\n<script type=\"application\/ld+json\" class=\"yoast-schema-graph\">{\"@context\":\"https:\\\/\\\/schema.org\",\"@graph\":[{\"@type\":\"WebPage\",\"@id\":\"https:\\\/\\\/avp.ro\\\/index.php\\\/unitati-penitenciare-2022\\\/\",\"url\":\"https:\\\/\\\/avp.ro\\\/index.php\\\/unitati-penitenciare-2022\\\/\",\"name\":\"UNIT\u0102\u021aI PENITENCIARE 2022 - Institu\u021bia Avocatul Poporului\",\"isPartOf\":{\"@id\":\"https:\\\/\\\/avp.ro\\\/#website\"},\"datePublished\":\"2022-02-16T09:45:22+00:00\",\"dateModified\":\"2023-08-01T08:28:15+00:00\",\"breadcrumb\":{\"@id\":\"https:\\\/\\\/avp.ro\\\/index.php\\\/unitati-penitenciare-2022\\\/#breadcrumb\"},\"inLanguage\":\"en-US\",\"potentialAction\":[{\"@type\":\"ReadAction\",\"target\":[\"https:\\\/\\\/avp.ro\\\/index.php\\\/unitati-penitenciare-2022\\\/\"]}]},{\"@type\":\"BreadcrumbList\",\"@id\":\"https:\\\/\\\/avp.ro\\\/index.php\\\/unitati-penitenciare-2022\\\/#breadcrumb\",\"itemListElement\":[{\"@type\":\"ListItem\",\"position\":1,\"name\":\"Home\",\"item\":\"https:\\\/\\\/avp.ro\\\/\"},{\"@type\":\"ListItem\",\"position\":2,\"name\":\"UNIT\u0102\u021aI PENITENCIARE 2022\"}]},{\"@type\":\"WebSite\",\"@id\":\"https:\\\/\\\/avp.ro\\\/#website\",\"url\":\"https:\\\/\\\/avp.ro\\\/\",\"name\":\"Institu\u021bia Avocatul Poporului\",\"description\":\"People\u2019s Advocate institution - Office of the Ombudsman\",\"publisher\":{\"@id\":\"https:\\\/\\\/avp.ro\\\/#organization\"},\"potentialAction\":[{\"@type\":\"SearchAction\",\"target\":{\"@type\":\"EntryPoint\",\"urlTemplate\":\"https:\\\/\\\/avp.ro\\\/?s={search_term_string}\"},\"query-input\":{\"@type\":\"PropertyValueSpecification\",\"valueRequired\":true,\"valueName\":\"search_term_string\"}}],\"inLanguage\":\"en-US\"},{\"@type\":\"Organization\",\"@id\":\"https:\\\/\\\/avp.ro\\\/#organization\",\"name\":\"Institutia Avocatul Poporului\",\"url\":\"https:\\\/\\\/avp.ro\\\/\",\"logo\":{\"@type\":\"ImageObject\",\"inLanguage\":\"en-US\",\"@id\":\"https:\\\/\\\/avp.ro\\\/#\\\/schema\\\/logo\\\/image\\\/\",\"url\":\"https:\\\/\\\/avp.ro\\\/wp-content\\\/uploads\\\/2020\\\/09\\\/cropped-AP.jpg\",\"contentUrl\":\"https:\\\/\\\/avp.ro\\\/wp-content\\\/uploads\\\/2020\\\/09\\\/cropped-AP.jpg\",\"width\":160,\"height\":146,\"caption\":\"Institutia Avocatul Poporului\"},\"image\":{\"@id\":\"https:\\\/\\\/avp.ro\\\/#\\\/schema\\\/logo\\\/image\\\/\"}}]}<\/script>\n<!-- \/ Yoast SEO plugin. -->","yoast_head_json":{"title":"UNIT\u0102\u021aI PENITENCIARE 2022 - Institu\u021bia Avocatul Poporului","robots":{"index":"index","follow":"follow","max-snippet":"max-snippet:-1","max-image-preview":"max-image-preview:large","max-video-preview":"max-video-preview:-1"},"canonical":"https:\/\/avp.ro\/index.php\/unitati-penitenciare-2022\/","og_locale":"en_US","og_type":"article","og_title":"UNIT\u0102\u021aI PENITENCIARE 2022 - Institu\u021bia Avocatul Poporului","og_description":"UNIT\u0102\u021aI PENITENCIARE &nbsp; 13. Raportul privind \u00a0vizita efectuat\u0103 la Penitenciarul Bucure\u0219ti-Jilava -R\u0103spunsul conducerii Penitenciarului Bucure\u0219ti-Jilava 12. Raportul privind vizita efectuat\u0103 la Penitenciarul Spital Bucure\u0219ti Rahova -R\u0103spunsul conducerii Penitenciarului Spital Bucure\u0219ti&hellip;","og_url":"https:\/\/avp.ro\/index.php\/unitati-penitenciare-2022\/","og_site_name":"Institu\u021bia Avocatul Poporului","article_modified_time":"2023-08-01T08:28:15+00:00","twitter_card":"summary_large_image","twitter_misc":{"Est. reading time":"1 minute"},"schema":{"@context":"https:\/\/schema.org","@graph":[{"@type":"WebPage","@id":"https:\/\/avp.ro\/index.php\/unitati-penitenciare-2022\/","url":"https:\/\/avp.ro\/index.php\/unitati-penitenciare-2022\/","name":"UNIT\u0102\u021aI PENITENCIARE 2022 - Institu\u021bia Avocatul Poporului","isPartOf":{"@id":"https:\/\/avp.ro\/#website"},"datePublished":"2022-02-16T09:45:22+00:00","dateModified":"2023-08-01T08:28:15+00:00","breadcrumb":{"@id":"https:\/\/avp.ro\/index.php\/unitati-penitenciare-2022\/#breadcrumb"},"inLanguage":"en-US","potentialAction":[{"@type":"ReadAction","target":["https:\/\/avp.ro\/index.php\/unitati-penitenciare-2022\/"]}]},{"@type":"BreadcrumbList","@id":"https:\/\/avp.ro\/index.php\/unitati-penitenciare-2022\/#breadcrumb","itemListElement":[{"@type":"ListItem","position":1,"name":"Home","item":"https:\/\/avp.ro\/"},{"@type":"ListItem","position":2,"name":"UNIT\u0102\u021aI PENITENCIARE 2022"}]},{"@type":"WebSite","@id":"https:\/\/avp.ro\/#website","url":"https:\/\/avp.ro\/","name":"Institu\u021bia Avocatul Poporului","description":"People\u2019s Advocate institution - Office of the Ombudsman","publisher":{"@id":"https:\/\/avp.ro\/#organization"},"potentialAction":[{"@type":"SearchAction","target":{"@type":"EntryPoint","urlTemplate":"https:\/\/avp.ro\/?s={search_term_string}"},"query-input":{"@type":"PropertyValueSpecification","valueRequired":true,"valueName":"search_term_string"}}],"inLanguage":"en-US"},{"@type":"Organization","@id":"https:\/\/avp.ro\/#organization","name":"Institutia Avocatul Poporului","url":"https:\/\/avp.ro\/","logo":{"@type":"ImageObject","inLanguage":"en-US","@id":"https:\/\/avp.ro\/#\/schema\/logo\/image\/","url":"https:\/\/avp.ro\/wp-content\/uploads\/2020\/09\/cropped-AP.jpg","contentUrl":"https:\/\/avp.ro\/wp-content\/uploads\/2020\/09\/cropped-AP.jpg","width":160,"height":146,"caption":"Institutia Avocatul Poporului"},"image":{"@id":"https:\/\/avp.ro\/#\/schema\/logo\/image\/"}}]}},"_links":{"self":[{"href":"https:\/\/avp.ro\/index.php\/wp-json\/wp\/v2\/pages\/5432","targetHints":{"allow":["GET"]}}],"collection":[{"href":"https:\/\/avp.ro\/index.php\/wp-json\/wp\/v2\/pages"}],"about":[{"href":"https:\/\/avp.ro\/index.php\/wp-json\/wp\/v2\/types\/page"}],"author":[{"embeddable":true,"href":"https:\/\/avp.ro\/index.php\/wp-json\/wp\/v2\/users\/1"}],"replies":[{"embeddable":true,"href":"https:\/\/avp.ro\/index.php\/wp-json\/wp\/v2\/comments?post=5432"}],"version-history":[{"count":39,"href":"https:\/\/avp.ro\/index.php\/wp-json\/wp\/v2\/pages\/5432\/revisions"}],"predecessor-version":[{"id":9370,"href":"https:\/\/avp.ro\/index.php\/wp-json\/wp\/v2\/pages\/5432\/revisions\/9370"}],"wp:attachment":[{"href":"https:\/\/avp.ro\/index.php\/wp-json\/wp\/v2\/media?parent=5432"}],"curies":[{"name":"wp","href":"https:\/\/api.w.org\/{rel}","templated":true}]}}