{"id":5449,"date":"2022-02-16T15:39:13","date_gmt":"2022-02-16T13:39:13","guid":{"rendered":"https:\/\/avp.ro\/?page_id=5449"},"modified":"2023-01-25T12:54:44","modified_gmt":"2023-01-25T10:54:44","slug":"centre-pentru-migranti-2022","status":"publish","type":"page","link":"https:\/\/avp.ro\/index.php\/centre-pentru-migranti-2022\/","title":{"rendered":"CENTRE PENTRU MIGRAN\u021aI 2022"},"content":{"rendered":"<p><a href=\"https:\/\/avp.ro\/index.php\/centre-pentru-migranti-2022\/\"><strong><em>CENTRE PENTRU MIGRAN\u021aI<\/em><\/strong><\/a><\/p>\n<p>&nbsp;<\/p>\n<p>6. <a href=\"https:\/\/avp.ro\/wp-content\/uploads\/2022\/12\/Raportul-privind-vizita-efectuata-la-Centrul-pentru-Cazarea-Strainilor-Luati-in-Custodie-Publica-Arad.pdf\">Raportul privind vizita efectuat\u0103 la Centrul pentru Cazarea Str\u0103inilor Lua\u021bi \u00een Custodie Public\u0103 Arad, jude\u021bul Arad<\/a><\/p>\n<p style=\"padding-left: 40px;\"><a href=\"https:\/\/avp.ro\/wp-content\/uploads\/2023\/01\/Raspuns-Recomandari-IGI-CCSLCP-Arad.pdf\">-R\u0103spunsul Inspectoratului General pentru Imigr\u0103ri<\/a><\/p>\n<p>5. <a href=\"https:\/\/avp.ro\/wp-content\/uploads\/2022\/09\/Raport-CRCPSA-Bucuresti.pdf\">Raportul privind vizita efectuat\u0103 la Centrul Regional de Cazare \u0219i Proceduri pentru Solicitan\u021bii de Azil Bucure\u0219ti<\/a><\/p>\n<p style=\"padding-left: 40px;\"><a href=\"https:\/\/avp.ro\/wp-content\/uploads\/2022\/09\/Raspuns-Inspectoratul-General-pentru-Imigrari.pdf\">-R\u0103spunsul Inspectoratului General pentru Imigr\u0103ri &#8211; 12 septembrie 2022\u00a0<\/a><\/p>\n<p style=\"padding-left: 40px;\"><a href=\"https:\/\/avp.ro\/wp-content\/uploads\/2022\/11\/Raspuns-IGI-vizita-Centrul-Soliciranti-Azil-Bucuresti.pdf\">-R\u0103spunsul Inspectoratului General pentru Imigr\u0103ri &#8211; 8 noiembrie 2022\u00a0<\/a><\/p>\n<p>4.<a href=\"https:\/\/avp.ro\/wp-content\/uploads\/2022\/08\/Raport-vizita-CRPCSA-Galati.pdf\"> Raportul privind vizita efectuat\u0103 la Centrul Regional de Proceduri \u0219i Cazare a Solicitan\u021bilor de Azil Gala\u021bi, jude\u021bul Gala\u021bi<\/a><\/p>\n<p style=\"padding-left: 40px;\"><a href=\"https:\/\/avp.ro\/wp-content\/uploads\/2022\/12\/Raspuns-Inspectoratul-General-pentru-Imigrari.pdf\">&#8211; R\u0103spunsul Inspectoratului General pentru Imigr\u0103ri<\/a><\/p>\n<p>3.<a href=\"https:\/\/avp.ro\/wp-content\/uploads\/2022\/06\/Raportul-privind-vizita-efectuata-la-Centrul-Regional-de-Proceduri-si-Cazare-a-Solicitantilor-de-Azil-Maramures-Somcuta-Mare.pdf\"> Raportul privind vizita efectuat\u0103 la Centrul Regional de Proceduri \u0219i Cazare pentru Solicitan\u021bii de Azil Maramure\u0219, \u0218omcuta Mare<\/a><\/p>\n<p style=\"padding-left: 40px;\"><a href=\"https:\/\/avp.ro\/wp-content\/uploads\/2022\/09\/Raspuns-IGI-MM-Somcuta-Mare.pdf\">-R\u0103spunsul Inspectoratului General pentru Imigr\u0103ri pentru vizita efectuat\u0103 la Centrul Regional de Proceduri \u0219i Cazare pentru Solicitan\u021bii de Azil Maramure\u0219, \u0218omcuta Mare<\/a><\/p>\n<p>2.<a href=\"https:\/\/avp.ro\/wp-content\/uploads\/2022\/06\/Raport-CRPC-Radauti.pdf\"> Raportul privind vizita efectuat\u0103 la Centrul Regional de Proceduri \u0219i Cazare pentru Solicitan\u021bii de Azil R\u0103d\u0103u\u021bi, jude\u021bul Suceava<\/a><\/p>\n<p style=\"padding-left: 40px;\"><a href=\"https:\/\/avp.ro\/wp-content\/uploads\/2022\/08\/Raspuns-CRPCSA-Radauti.pdf\">-R\u0103spunsul Inspectoratului General pentru Imigr\u0103ri pentru vizita efectuat\u0103 la Centrul Regional de Proceduri \u0219i Cazare pentru Solicitan\u021bii de Azil R\u0103d\u0103u\u021bi, jude\u021bul Suceava<\/a><\/p>\n<p>1.<a href=\"https:\/\/avp.ro\/wp-content\/uploads\/2022\/06\/RV-Solic.-Azil-Giurgiu.pdf\"> Raportul privind vizita efectuat\u0103 la Centrul Regional de Proceduri \u0219i Cazare a Solicitan\u021bilor de Azil Giurgiu<\/a><\/p>\n<p style=\"padding-left: 40px;\"><a href=\"https:\/\/avp.ro\/wp-content\/uploads\/2022\/07\/Raspuns-Sol-Azil-Giurgiu-17705_19_07_2022.pdf\">-R\u0103spunsul Inspectoratului General pentru Imigr\u0103ri pentru Centrul Regional de Proceduri \u0219i Cazare a Solicitan\u021bilor de Azil Giurgiu<\/a><\/p>\n","protected":false},"excerpt":{"rendered":"<p>CENTRE PENTRU MIGRAN\u021aI &nbsp; 6. Raportul privind vizita efectuat\u0103 la Centrul pentru Cazarea Str\u0103inilor Lua\u021bi \u00een Custodie Public\u0103 Arad, jude\u021bul Arad -R\u0103spunsul Inspectoratului General pentru Imigr\u0103ri 5. Raportul privind vizita&hellip; <\/p>\n","protected":false},"author":1,"featured_media":0,"parent":0,"menu_order":0,"comment_status":"closed","ping_status":"closed","template":"","meta":{"footnotes":""},"class_list":["post-5449","page","type-page","status-publish","hentry"],"yoast_head":"<!-- This site is optimized with the Yoast SEO plugin v27.3 - https:\/\/yoast.com\/product\/yoast-seo-wordpress\/ -->\n<title>CENTRE PENTRU MIGRAN\u021aI 2022 - Institu\u021bia Avocatul Poporului<\/title>\n<meta name=\"robots\" content=\"index, follow, max-snippet:-1, max-image-preview:large, max-video-preview:-1\" \/>\n<link rel=\"canonical\" href=\"https:\/\/avp.ro\/index.php\/centre-pentru-migranti-2022\/\" \/>\n<meta property=\"og:locale\" content=\"en_US\" \/>\n<meta property=\"og:type\" content=\"article\" \/>\n<meta property=\"og:title\" content=\"CENTRE PENTRU MIGRAN\u021aI 2022 - Institu\u021bia Avocatul Poporului\" \/>\n<meta property=\"og:description\" content=\"CENTRE PENTRU MIGRAN\u021aI &nbsp; 6. Raportul privind vizita efectuat\u0103 la Centrul pentru Cazarea Str\u0103inilor Lua\u021bi \u00een Custodie Public\u0103 Arad, jude\u021bul Arad -R\u0103spunsul Inspectoratului General pentru Imigr\u0103ri 5. Raportul privind vizita&hellip;\" \/>\n<meta property=\"og:url\" content=\"https:\/\/avp.ro\/index.php\/centre-pentru-migranti-2022\/\" \/>\n<meta property=\"og:site_name\" content=\"Institu\u021bia Avocatul Poporului\" \/>\n<meta property=\"article:modified_time\" content=\"2023-01-25T10:54:44+00:00\" \/>\n<meta name=\"twitter:card\" content=\"summary_large_image\" \/>\n<meta name=\"twitter:label1\" content=\"Est. reading time\" \/>\n\t<meta name=\"twitter:data1\" content=\"1 minute\" \/>\n<script type=\"application\/ld+json\" class=\"yoast-schema-graph\">{\"@context\":\"https:\\\/\\\/schema.org\",\"@graph\":[{\"@type\":\"WebPage\",\"@id\":\"https:\\\/\\\/avp.ro\\\/index.php\\\/centre-pentru-migranti-2022\\\/\",\"url\":\"https:\\\/\\\/avp.ro\\\/index.php\\\/centre-pentru-migranti-2022\\\/\",\"name\":\"CENTRE PENTRU MIGRAN\u021aI 2022 - Institu\u021bia Avocatul Poporului\",\"isPartOf\":{\"@id\":\"https:\\\/\\\/avp.ro\\\/#website\"},\"datePublished\":\"2022-02-16T13:39:13+00:00\",\"dateModified\":\"2023-01-25T10:54:44+00:00\",\"breadcrumb\":{\"@id\":\"https:\\\/\\\/avp.ro\\\/index.php\\\/centre-pentru-migranti-2022\\\/#breadcrumb\"},\"inLanguage\":\"en-US\",\"potentialAction\":[{\"@type\":\"ReadAction\",\"target\":[\"https:\\\/\\\/avp.ro\\\/index.php\\\/centre-pentru-migranti-2022\\\/\"]}]},{\"@type\":\"BreadcrumbList\",\"@id\":\"https:\\\/\\\/avp.ro\\\/index.php\\\/centre-pentru-migranti-2022\\\/#breadcrumb\",\"itemListElement\":[{\"@type\":\"ListItem\",\"position\":1,\"name\":\"Home\",\"item\":\"https:\\\/\\\/avp.ro\\\/\"},{\"@type\":\"ListItem\",\"position\":2,\"name\":\"CENTRE PENTRU MIGRAN\u021aI 2022\"}]},{\"@type\":\"WebSite\",\"@id\":\"https:\\\/\\\/avp.ro\\\/#website\",\"url\":\"https:\\\/\\\/avp.ro\\\/\",\"name\":\"Institu\u021bia Avocatul Poporului\",\"description\":\"People\u2019s Advocate institution - Office of the Ombudsman\",\"publisher\":{\"@id\":\"https:\\\/\\\/avp.ro\\\/#organization\"},\"potentialAction\":[{\"@type\":\"SearchAction\",\"target\":{\"@type\":\"EntryPoint\",\"urlTemplate\":\"https:\\\/\\\/avp.ro\\\/?s={search_term_string}\"},\"query-input\":{\"@type\":\"PropertyValueSpecification\",\"valueRequired\":true,\"valueName\":\"search_term_string\"}}],\"inLanguage\":\"en-US\"},{\"@type\":\"Organization\",\"@id\":\"https:\\\/\\\/avp.ro\\\/#organization\",\"name\":\"Institutia Avocatul Poporului\",\"url\":\"https:\\\/\\\/avp.ro\\\/\",\"logo\":{\"@type\":\"ImageObject\",\"inLanguage\":\"en-US\",\"@id\":\"https:\\\/\\\/avp.ro\\\/#\\\/schema\\\/logo\\\/image\\\/\",\"url\":\"https:\\\/\\\/avp.ro\\\/wp-content\\\/uploads\\\/2020\\\/09\\\/cropped-AP.jpg\",\"contentUrl\":\"https:\\\/\\\/avp.ro\\\/wp-content\\\/uploads\\\/2020\\\/09\\\/cropped-AP.jpg\",\"width\":160,\"height\":146,\"caption\":\"Institutia Avocatul Poporului\"},\"image\":{\"@id\":\"https:\\\/\\\/avp.ro\\\/#\\\/schema\\\/logo\\\/image\\\/\"}}]}<\/script>\n<!-- \/ Yoast SEO plugin. -->","yoast_head_json":{"title":"CENTRE PENTRU MIGRAN\u021aI 2022 - Institu\u021bia Avocatul Poporului","robots":{"index":"index","follow":"follow","max-snippet":"max-snippet:-1","max-image-preview":"max-image-preview:large","max-video-preview":"max-video-preview:-1"},"canonical":"https:\/\/avp.ro\/index.php\/centre-pentru-migranti-2022\/","og_locale":"en_US","og_type":"article","og_title":"CENTRE PENTRU MIGRAN\u021aI 2022 - Institu\u021bia Avocatul Poporului","og_description":"CENTRE PENTRU MIGRAN\u021aI &nbsp; 6. Raportul privind vizita efectuat\u0103 la Centrul pentru Cazarea Str\u0103inilor Lua\u021bi \u00een Custodie Public\u0103 Arad, jude\u021bul Arad -R\u0103spunsul Inspectoratului General pentru Imigr\u0103ri 5. Raportul privind vizita&hellip;","og_url":"https:\/\/avp.ro\/index.php\/centre-pentru-migranti-2022\/","og_site_name":"Institu\u021bia Avocatul Poporului","article_modified_time":"2023-01-25T10:54:44+00:00","twitter_card":"summary_large_image","twitter_misc":{"Est. reading time":"1 minute"},"schema":{"@context":"https:\/\/schema.org","@graph":[{"@type":"WebPage","@id":"https:\/\/avp.ro\/index.php\/centre-pentru-migranti-2022\/","url":"https:\/\/avp.ro\/index.php\/centre-pentru-migranti-2022\/","name":"CENTRE PENTRU MIGRAN\u021aI 2022 - Institu\u021bia Avocatul Poporului","isPartOf":{"@id":"https:\/\/avp.ro\/#website"},"datePublished":"2022-02-16T13:39:13+00:00","dateModified":"2023-01-25T10:54:44+00:00","breadcrumb":{"@id":"https:\/\/avp.ro\/index.php\/centre-pentru-migranti-2022\/#breadcrumb"},"inLanguage":"en-US","potentialAction":[{"@type":"ReadAction","target":["https:\/\/avp.ro\/index.php\/centre-pentru-migranti-2022\/"]}]},{"@type":"BreadcrumbList","@id":"https:\/\/avp.ro\/index.php\/centre-pentru-migranti-2022\/#breadcrumb","itemListElement":[{"@type":"ListItem","position":1,"name":"Home","item":"https:\/\/avp.ro\/"},{"@type":"ListItem","position":2,"name":"CENTRE PENTRU MIGRAN\u021aI 2022"}]},{"@type":"WebSite","@id":"https:\/\/avp.ro\/#website","url":"https:\/\/avp.ro\/","name":"Institu\u021bia Avocatul Poporului","description":"People\u2019s Advocate institution - Office of the Ombudsman","publisher":{"@id":"https:\/\/avp.ro\/#organization"},"potentialAction":[{"@type":"SearchAction","target":{"@type":"EntryPoint","urlTemplate":"https:\/\/avp.ro\/?s={search_term_string}"},"query-input":{"@type":"PropertyValueSpecification","valueRequired":true,"valueName":"search_term_string"}}],"inLanguage":"en-US"},{"@type":"Organization","@id":"https:\/\/avp.ro\/#organization","name":"Institutia Avocatul Poporului","url":"https:\/\/avp.ro\/","logo":{"@type":"ImageObject","inLanguage":"en-US","@id":"https:\/\/avp.ro\/#\/schema\/logo\/image\/","url":"https:\/\/avp.ro\/wp-content\/uploads\/2020\/09\/cropped-AP.jpg","contentUrl":"https:\/\/avp.ro\/wp-content\/uploads\/2020\/09\/cropped-AP.jpg","width":160,"height":146,"caption":"Institutia Avocatul Poporului"},"image":{"@id":"https:\/\/avp.ro\/#\/schema\/logo\/image\/"}}]}},"_links":{"self":[{"href":"https:\/\/avp.ro\/index.php\/wp-json\/wp\/v2\/pages\/5449","targetHints":{"allow":["GET"]}}],"collection":[{"href":"https:\/\/avp.ro\/index.php\/wp-json\/wp\/v2\/pages"}],"about":[{"href":"https:\/\/avp.ro\/index.php\/wp-json\/wp\/v2\/types\/page"}],"author":[{"embeddable":true,"href":"https:\/\/avp.ro\/index.php\/wp-json\/wp\/v2\/users\/1"}],"replies":[{"embeddable":true,"href":"https:\/\/avp.ro\/index.php\/wp-json\/wp\/v2\/comments?post=5449"}],"version-history":[{"count":21,"href":"https:\/\/avp.ro\/index.php\/wp-json\/wp\/v2\/pages\/5449\/revisions"}],"predecessor-version":[{"id":8029,"href":"https:\/\/avp.ro\/index.php\/wp-json\/wp\/v2\/pages\/5449\/revisions\/8029"}],"wp:attachment":[{"href":"https:\/\/avp.ro\/index.php\/wp-json\/wp\/v2\/media?parent=5449"}],"curies":[{"name":"wp","href":"https:\/\/api.w.org\/{rel}","templated":true}]}}