{"id":5623,"date":"2022-03-09T13:54:27","date_gmt":"2022-03-09T11:54:27","guid":{"rendered":"https:\/\/avp.ro\/?page_id=5623"},"modified":"2022-12-27T12:26:00","modified_gmt":"2022-12-27T10:26:00","slug":"obiectii-de-neconstitutionalitate-2022","status":"publish","type":"page","link":"https:\/\/avp.ro\/index.php\/obiectii-de-neconstitutionalitate-2022\/","title":{"rendered":"Obiec\u021bii de neconstitu\u021bionalitate 2022"},"content":{"rendered":"<p>&nbsp;<\/p>\n<p><strong><a href=\"https:\/\/avp.ro\/wp-content\/uploads\/2022\/12\/Sesizare-de-neconstitutionalitate.pdf\">Sesizarea de neconstitu\u021bionalitate referitoare la prevederile Legii privind securitatea \u015fi ap\u0103rarea cibernetic\u0103 a Rom\u00e2niei precum \u015fi pentru modificarea \u015fi completarea unor acte normative (PL-x nr. 773\/2022, L828\/2022) &#8211; 27 decembrie 2022<\/a><\/strong><\/p>\n<p><strong><a href=\"https:\/\/avp.ro\/wp-content\/uploads\/2022\/10\/Obiectie-Pl-x-628-2022.pdf\">Sesizare de neconstitu\u021bionalitate referitoare la dispozi\u021biile Legii privind aprobarea Ordonan\u021bei Guvernului nr. 16\/2022 pentru modificarea \u0219i completarea Legii nr. 227\/2015 privind Codul fiscal, abrogarea unor acte normative \u0219i alte m\u0103suri financiar-fiscale (PL-x nr. 628\/2022) \u00a0\u2013 23 noiembrie 2022<\/a><\/strong><\/p>\n<p><strong><a href=\"https:\/\/avp.ro\/wp-content\/uploads\/2022\/10\/Obiectie-Pl-x-440-2022-3.pdf\">Sesizare de neconstitu\u021bionalitate referitoare la dispozi\u021biile art. 206, art. 228 alin. (5), (6) \u0219i (7), art. 234 alin. (2) \u0219i art. 271 din Legea privind statutul judec\u0103toriilor \u0219i procurorilor (L 612\/2022, PL-x nr. 440\/2022) \u00a0\u2013 20 octombrie 2022<\/a><\/strong><\/p>\n<p><a href=\"https:\/\/avp.ro\/wp-content\/uploads\/2022\/07\/Obiectie-Pl-x-716-2018.pdf\"><strong>Sesizare de neconstitu\u021bionalitate referitoare la prevederile art. 15 alin (1) \u0219i (3) cu referire la sintagma \u201eadunare general\u0103\u201d \u0219i art. 33 alin. (3) \u0219i (4) din Legea tineretului \u00a0(PL-x nr. 716\/2018) \u00a0\u2013 4 iulie 2022<\/strong><\/a><\/p>\n<p><strong><a href=\"https:\/\/avp.ro\/wp-content\/uploads\/2022\/05\/Obiectie-Pl-x-485-2021.pdf\">Sesizare de neconstitu\u021bionalitate referitoare la dispozi\u021biile Legii privind aprobarea Ordonan\u021bei Guvernului nr. 18\/2021 pentru modificarea \u0219i completarea Legii nr. 95\/2006 privind reforma \u00een domeniul s\u0103n\u0103t\u0103\u021bii \u0219i pentru modificarea unor acte normative \u00een domeniul s\u0103n\u0103t\u0103\u021bii precum \u0219i pentru abrogarea art. 4 din Legea nr. 584\/2002 privind m\u0103surile de prevenire a r\u0103sp\u00e2ndirii maladiei SIDA \u00een Rom\u00e2nia \u0219i de protec\u021bie a persoanelor infectate cu HIV sau bolnave de SIDA (PL-x nr. 485\/2021), precum \u0219i ale art. V din Ordonan\u021ba Guvernului nr. 18\/2021 \u2013 27 mai 2022<\/a><\/strong><\/p>\n<p><a href=\"https:\/\/avp.ro\/wp-content\/uploads\/2022\/04\/Obiectie-Pl-x-643-2020.pdf\"><strong>Sesizare de neconstitu\u021bionalitate referitoare dispozi\u021biile legii privind transmiterea unor bunuri imobile destinate activit\u0103\u021bilor de asisten\u021b\u0103 sanitar-veterinar\u0103, aflate \u00een proprietatea privat\u0103 a statului, din administrarea Agen\u021biei Domeniilor Statului \u00een administrarea consiliilor locale, precum \u0219i pentru abrogarea Ordonan\u021bei de Urgen\u021b\u0103 a Guvernului nr. 89\/2004 privind v\u00e2nzarea bunurilor imobile \u00een care se desf\u0103\u0219oar\u0103 activit\u0103\u021bi de asisten\u021b\u0103 sanitar veterinar\u0103 (PL-x nr. 643\/2020)- 21 aprilie 2022<\/strong><\/a><\/p>\n<p><strong><a href=\"https:\/\/avp.ro\/wp-content\/uploads\/2022\/04\/Obiectie-Pl-x-589-2021.pdf\">Sesizare de neconstitu\u021bionalitate referitoare la prevederile Legii pentru modificarea \u0219i completarea Ordonan\u0163ei Guvernului nr. 2\/2001 privind regimul juridic al contraven\u021biilor (PL-x nr. 589\/2021) &#8211; 5 aprilie 2022<\/a><\/strong><\/p>\n<p><strong><a href=\"https:\/\/avp.ro\/wp-content\/uploads\/2022\/04\/Obiectie-Pl-x-530-2021.pdf\">Sesizare de neconstitu\u021bionalitate referitoare dispozi\u021biile legii pentru modificarea Ordonan\u021bei Guvernului nr. 2\/2001 privind regimul juridic al contraven\u021biilor \u0219i a \u00a0Legii nr. 286\/2009 privind Codul penal (PL-x nr. 530\/2021) &#8211; 1 aprilie 2022<\/a><\/strong><\/p>\n<p><a href=\"https:\/\/avp.ro\/wp-content\/uploads\/2022\/03\/Obiectie-Pl-x-134-2021.pdf\"><strong>Sesizare de neconstitu\u021bionalitate referitoare la sintagma \u201eopinie (\u2026) politic\u0103\u201d din cuprinsul prevederilor art. I din Legea pentru modificarea art. 369 din Legea nr. 286\/2009 privind Codul penal (PL-x nr. 134\/2021)- 22 martie 2022<\/strong><\/a><\/p>\n<p><strong><a href=\"https:\/\/avp.ro\/wp-content\/uploads\/2022\/03\/Obiectie-Pl-x-428-2021.pdf\">Sesizare de neconstitu\u021bionalitate referitoare la prevederile art. 2 punctul 27, cu referire la art. 102, prin care s-a modificat Ordonan\u021ba de urgen\u021b\u0103 a Guvernului nr. 111\/2011 privind comunica\u021biile electronice, cu modific\u0103rile \u0219i complet\u0103rile ulterioare, cele ale art. 10, prin care s-a modificat Legea fondului funciar nr. 18\/1991, republicat\u0103, cu modific\u0103rile \u0219i complet\u0103rile ulterioare, \u0219i cele ale art. 13 cu referire la prevederile Legii nr. 24\/2007 privind reglementarea \u0219i administrarea spa\u021biilor verzi din intravilanul localit\u0103\u021bilor, republicat\u0103 cu modific\u0103rile \u0219i complet\u0103rile ulterioare, \u0219i cele ale art. 48 cu referire la art. 71 din Ordonan\u021ba de urgen\u021b\u0103 a Guvernului nr. 195\/2005 privind protec\u0163ia mediului, modificat\u0103, din Legea pentru modificarea \u0219i completarea unor acte normative \u00een domeniul comunica\u021biilor electronice \u0219i pentru stabilirea unor m\u0103suri de facilitare a dezvolt\u0103rii re\u021belelor de comunica\u021bii electronice (PL-x nr. 428\/2021) &#8211; 9 martie 2022<\/a><\/strong><\/p>\n","protected":false},"excerpt":{"rendered":"<p>&nbsp; Sesizarea de neconstitu\u021bionalitate referitoare la prevederile Legii privind securitatea \u015fi ap\u0103rarea cibernetic\u0103 a Rom\u00e2niei precum \u015fi pentru modificarea \u015fi completarea unor acte normative (PL-x nr. 773\/2022, L828\/2022) &#8211; 27&hellip; <\/p>\n","protected":false},"author":1,"featured_media":0,"parent":0,"menu_order":0,"comment_status":"closed","ping_status":"closed","template":"","meta":{"footnotes":""},"class_list":["post-5623","page","type-page","status-publish","hentry"],"yoast_head":"<!-- This site is optimized with the Yoast SEO plugin v27.3 - https:\/\/yoast.com\/product\/yoast-seo-wordpress\/ -->\n<title>Obiec\u021bii de neconstitu\u021bionalitate 2022 - Institu\u021bia Avocatul Poporului<\/title>\n<meta name=\"robots\" content=\"index, follow, max-snippet:-1, max-image-preview:large, max-video-preview:-1\" \/>\n<link rel=\"canonical\" href=\"https:\/\/avp.ro\/index.php\/obiectii-de-neconstitutionalitate-2022\/\" \/>\n<meta property=\"og:locale\" content=\"en_US\" \/>\n<meta property=\"og:type\" content=\"article\" \/>\n<meta property=\"og:title\" content=\"Obiec\u021bii de neconstitu\u021bionalitate 2022 - Institu\u021bia Avocatul Poporului\" \/>\n<meta property=\"og:description\" content=\"&nbsp; Sesizarea de neconstitu\u021bionalitate referitoare la prevederile Legii privind securitatea \u015fi ap\u0103rarea cibernetic\u0103 a Rom\u00e2niei precum \u015fi pentru modificarea \u015fi completarea unor acte normative (PL-x nr. 773\/2022, L828\/2022) &#8211; 27&hellip;\" \/>\n<meta property=\"og:url\" content=\"https:\/\/avp.ro\/index.php\/obiectii-de-neconstitutionalitate-2022\/\" \/>\n<meta property=\"og:site_name\" content=\"Institu\u021bia Avocatul Poporului\" \/>\n<meta property=\"article:modified_time\" content=\"2022-12-27T10:26:00+00:00\" \/>\n<meta name=\"twitter:card\" content=\"summary_large_image\" \/>\n<meta name=\"twitter:label1\" content=\"Est. reading time\" \/>\n\t<meta name=\"twitter:data1\" content=\"3 minutes\" \/>\n<script type=\"application\/ld+json\" class=\"yoast-schema-graph\">{\"@context\":\"https:\\\/\\\/schema.org\",\"@graph\":[{\"@type\":\"WebPage\",\"@id\":\"https:\\\/\\\/avp.ro\\\/index.php\\\/obiectii-de-neconstitutionalitate-2022\\\/\",\"url\":\"https:\\\/\\\/avp.ro\\\/index.php\\\/obiectii-de-neconstitutionalitate-2022\\\/\",\"name\":\"Obiec\u021bii de neconstitu\u021bionalitate 2022 - Institu\u021bia Avocatul Poporului\",\"isPartOf\":{\"@id\":\"https:\\\/\\\/avp.ro\\\/#website\"},\"datePublished\":\"2022-03-09T11:54:27+00:00\",\"dateModified\":\"2022-12-27T10:26:00+00:00\",\"breadcrumb\":{\"@id\":\"https:\\\/\\\/avp.ro\\\/index.php\\\/obiectii-de-neconstitutionalitate-2022\\\/#breadcrumb\"},\"inLanguage\":\"en-US\",\"potentialAction\":[{\"@type\":\"ReadAction\",\"target\":[\"https:\\\/\\\/avp.ro\\\/index.php\\\/obiectii-de-neconstitutionalitate-2022\\\/\"]}]},{\"@type\":\"BreadcrumbList\",\"@id\":\"https:\\\/\\\/avp.ro\\\/index.php\\\/obiectii-de-neconstitutionalitate-2022\\\/#breadcrumb\",\"itemListElement\":[{\"@type\":\"ListItem\",\"position\":1,\"name\":\"Home\",\"item\":\"https:\\\/\\\/avp.ro\\\/\"},{\"@type\":\"ListItem\",\"position\":2,\"name\":\"Obiec\u021bii de neconstitu\u021bionalitate 2022\"}]},{\"@type\":\"WebSite\",\"@id\":\"https:\\\/\\\/avp.ro\\\/#website\",\"url\":\"https:\\\/\\\/avp.ro\\\/\",\"name\":\"Institu\u021bia Avocatul Poporului\",\"description\":\"People\u2019s Advocate institution - Office of the Ombudsman\",\"publisher\":{\"@id\":\"https:\\\/\\\/avp.ro\\\/#organization\"},\"potentialAction\":[{\"@type\":\"SearchAction\",\"target\":{\"@type\":\"EntryPoint\",\"urlTemplate\":\"https:\\\/\\\/avp.ro\\\/?s={search_term_string}\"},\"query-input\":{\"@type\":\"PropertyValueSpecification\",\"valueRequired\":true,\"valueName\":\"search_term_string\"}}],\"inLanguage\":\"en-US\"},{\"@type\":\"Organization\",\"@id\":\"https:\\\/\\\/avp.ro\\\/#organization\",\"name\":\"Institutia Avocatul Poporului\",\"url\":\"https:\\\/\\\/avp.ro\\\/\",\"logo\":{\"@type\":\"ImageObject\",\"inLanguage\":\"en-US\",\"@id\":\"https:\\\/\\\/avp.ro\\\/#\\\/schema\\\/logo\\\/image\\\/\",\"url\":\"https:\\\/\\\/avp.ro\\\/wp-content\\\/uploads\\\/2020\\\/09\\\/cropped-AP.jpg\",\"contentUrl\":\"https:\\\/\\\/avp.ro\\\/wp-content\\\/uploads\\\/2020\\\/09\\\/cropped-AP.jpg\",\"width\":160,\"height\":146,\"caption\":\"Institutia Avocatul Poporului\"},\"image\":{\"@id\":\"https:\\\/\\\/avp.ro\\\/#\\\/schema\\\/logo\\\/image\\\/\"}}]}<\/script>\n<!-- \/ Yoast SEO plugin. -->","yoast_head_json":{"title":"Obiec\u021bii de neconstitu\u021bionalitate 2022 - Institu\u021bia Avocatul Poporului","robots":{"index":"index","follow":"follow","max-snippet":"max-snippet:-1","max-image-preview":"max-image-preview:large","max-video-preview":"max-video-preview:-1"},"canonical":"https:\/\/avp.ro\/index.php\/obiectii-de-neconstitutionalitate-2022\/","og_locale":"en_US","og_type":"article","og_title":"Obiec\u021bii de neconstitu\u021bionalitate 2022 - Institu\u021bia Avocatul Poporului","og_description":"&nbsp; Sesizarea de neconstitu\u021bionalitate referitoare la prevederile Legii privind securitatea \u015fi ap\u0103rarea cibernetic\u0103 a Rom\u00e2niei precum \u015fi pentru modificarea \u015fi completarea unor acte normative (PL-x nr. 773\/2022, L828\/2022) &#8211; 27&hellip;","og_url":"https:\/\/avp.ro\/index.php\/obiectii-de-neconstitutionalitate-2022\/","og_site_name":"Institu\u021bia Avocatul Poporului","article_modified_time":"2022-12-27T10:26:00+00:00","twitter_card":"summary_large_image","twitter_misc":{"Est. reading time":"3 minutes"},"schema":{"@context":"https:\/\/schema.org","@graph":[{"@type":"WebPage","@id":"https:\/\/avp.ro\/index.php\/obiectii-de-neconstitutionalitate-2022\/","url":"https:\/\/avp.ro\/index.php\/obiectii-de-neconstitutionalitate-2022\/","name":"Obiec\u021bii de neconstitu\u021bionalitate 2022 - Institu\u021bia Avocatul Poporului","isPartOf":{"@id":"https:\/\/avp.ro\/#website"},"datePublished":"2022-03-09T11:54:27+00:00","dateModified":"2022-12-27T10:26:00+00:00","breadcrumb":{"@id":"https:\/\/avp.ro\/index.php\/obiectii-de-neconstitutionalitate-2022\/#breadcrumb"},"inLanguage":"en-US","potentialAction":[{"@type":"ReadAction","target":["https:\/\/avp.ro\/index.php\/obiectii-de-neconstitutionalitate-2022\/"]}]},{"@type":"BreadcrumbList","@id":"https:\/\/avp.ro\/index.php\/obiectii-de-neconstitutionalitate-2022\/#breadcrumb","itemListElement":[{"@type":"ListItem","position":1,"name":"Home","item":"https:\/\/avp.ro\/"},{"@type":"ListItem","position":2,"name":"Obiec\u021bii de neconstitu\u021bionalitate 2022"}]},{"@type":"WebSite","@id":"https:\/\/avp.ro\/#website","url":"https:\/\/avp.ro\/","name":"Institu\u021bia Avocatul Poporului","description":"People\u2019s Advocate institution - Office of the Ombudsman","publisher":{"@id":"https:\/\/avp.ro\/#organization"},"potentialAction":[{"@type":"SearchAction","target":{"@type":"EntryPoint","urlTemplate":"https:\/\/avp.ro\/?s={search_term_string}"},"query-input":{"@type":"PropertyValueSpecification","valueRequired":true,"valueName":"search_term_string"}}],"inLanguage":"en-US"},{"@type":"Organization","@id":"https:\/\/avp.ro\/#organization","name":"Institutia Avocatul Poporului","url":"https:\/\/avp.ro\/","logo":{"@type":"ImageObject","inLanguage":"en-US","@id":"https:\/\/avp.ro\/#\/schema\/logo\/image\/","url":"https:\/\/avp.ro\/wp-content\/uploads\/2020\/09\/cropped-AP.jpg","contentUrl":"https:\/\/avp.ro\/wp-content\/uploads\/2020\/09\/cropped-AP.jpg","width":160,"height":146,"caption":"Institutia Avocatul Poporului"},"image":{"@id":"https:\/\/avp.ro\/#\/schema\/logo\/image\/"}}]}},"_links":{"self":[{"href":"https:\/\/avp.ro\/index.php\/wp-json\/wp\/v2\/pages\/5623","targetHints":{"allow":["GET"]}}],"collection":[{"href":"https:\/\/avp.ro\/index.php\/wp-json\/wp\/v2\/pages"}],"about":[{"href":"https:\/\/avp.ro\/index.php\/wp-json\/wp\/v2\/types\/page"}],"author":[{"embeddable":true,"href":"https:\/\/avp.ro\/index.php\/wp-json\/wp\/v2\/users\/1"}],"replies":[{"embeddable":true,"href":"https:\/\/avp.ro\/index.php\/wp-json\/wp\/v2\/comments?post=5623"}],"version-history":[{"count":14,"href":"https:\/\/avp.ro\/index.php\/wp-json\/wp\/v2\/pages\/5623\/revisions"}],"predecessor-version":[{"id":7872,"href":"https:\/\/avp.ro\/index.php\/wp-json\/wp\/v2\/pages\/5623\/revisions\/7872"}],"wp:attachment":[{"href":"https:\/\/avp.ro\/index.php\/wp-json\/wp\/v2\/media?parent=5623"}],"curies":[{"name":"wp","href":"https:\/\/api.w.org\/{rel}","templated":true}]}}