{"id":5666,"date":"2022-03-16T11:06:05","date_gmt":"2022-03-16T09:06:05","guid":{"rendered":"https:\/\/avp.ro\/?page_id=5666"},"modified":"2022-09-08T14:08:14","modified_gmt":"2022-09-08T12:08:14","slug":"exceptii-de-neconstitutionalitate-2022","status":"publish","type":"page","link":"https:\/\/avp.ro\/index.php\/exceptii-de-neconstitutionalitate-2022\/","title":{"rendered":"Excep\u021bii de neconstitu\u021bionalitate 2022"},"content":{"rendered":"<p>&nbsp;<\/p>\n<p style=\"text-align: center;\"><span style=\"color: #ff0000;\"><strong><a style=\"color: #ff0000;\" href=\"https:\/\/avp.ro\/wp-content\/uploads\/2022\/09\/Exc-art-36-al-3-Legea-335-2007.pdf\">Excep\u021bia de neconstitu\u021bionalitate a dispozi\u021biilor art. 36 alin. (3) din Legea nr. 335\/2007 a camerelor de comer\u021b din Rom\u00e2nia, cu modific\u0103rile \u0219i complet\u0103rile ulterioare &#8211; 8 septembrie 2022<\/a><\/strong><\/span><\/p>\n<p style=\"text-align: center;\"><span style=\"color: #ff0000;\"><strong><a style=\"color: #ff0000;\" href=\"https:\/\/avp.ro\/wp-content\/uploads\/2022\/05\/Exc-art-393-al-3-art-488-al-3-Lg-95-2006.pdf\">Excep\u021bia de neconstitu\u021bionalitate cu privire la dispozi\u021biile art. 393 alin. (3) \u0219i ale art. 488 alin. (3) din Legea nr. 95\/2006 privind reforma \u00een domeniul s\u0103n\u0103t\u0103\u021bii, republicat\u0103 \u0219i modificat\u0103, fa\u021b\u0103 de art. 1 alin. (5), art. 21 alin. (3), art. 131 \u0219i art. 132 din Constitu\u021bie &#8211; 16 mai 2022<\/a><\/strong><\/span><\/p>\n<p style=\"text-align: center;\"><a href=\"https:\/\/avp.ro\/wp-content\/uploads\/2022\/03\/Ecx-OUG-16-2022.pdf\"><span style=\"color: #ff0000;\"><strong>Excep\u021bia de neconstitu\u021bionalitate cu privire la prevederile Ordonan\u021bei de Urgen\u021b\u0103 a Guvernului nr. 16\/2022 pentru modificarea art. 7 alin. (13) din Legea nr. 52\/2003 privind transparen\u021ba decizional\u0103 \u00een administra\u021bia public\u0103, publicat\u0103 \u00een Monitorul Oficial al Rom\u00e2niei, Partea I, nr. 204 din data de 2 martie 2022 &#8211; 24 martie 2022<\/strong><\/span><\/a><\/p>\n<p style=\"text-align: center;\"><a href=\"https:\/\/avp.ro\/wp-content\/uploads\/2022\/03\/Exc-art-148-al-7-CPP.pdf\"><span style=\"color: #ff0000;\"><strong>Excep\u021bia de neconstitu\u021bionalitate a prevederilor art. 148 alin. (7) din Codul de procedur\u0103 penal\u0103 &#8211; 16 martie 2022<\/strong><\/span><\/a><\/p>\n","protected":false},"excerpt":{"rendered":"<p>&nbsp; Excep\u021bia de neconstitu\u021bionalitate a dispozi\u021biilor art. 36 alin. (3) din Legea nr. 335\/2007 a camerelor de comer\u021b din Rom\u00e2nia, cu modific\u0103rile \u0219i complet\u0103rile ulterioare &#8211; 8 septembrie 2022 Excep\u021bia&hellip; <\/p>\n","protected":false},"author":1,"featured_media":0,"parent":0,"menu_order":0,"comment_status":"closed","ping_status":"closed","template":"","meta":{"footnotes":""},"class_list":["post-5666","page","type-page","status-publish","hentry"],"yoast_head":"<!-- This site is optimized with the Yoast SEO plugin v27.3 - https:\/\/yoast.com\/product\/yoast-seo-wordpress\/ -->\n<title>Excep\u021bii de neconstitu\u021bionalitate 2022 - Institu\u021bia Avocatul Poporului<\/title>\n<meta name=\"robots\" content=\"index, follow, max-snippet:-1, max-image-preview:large, max-video-preview:-1\" \/>\n<link rel=\"canonical\" href=\"https:\/\/avp.ro\/index.php\/exceptii-de-neconstitutionalitate-2022\/\" \/>\n<meta property=\"og:locale\" content=\"en_US\" \/>\n<meta property=\"og:type\" content=\"article\" \/>\n<meta property=\"og:title\" content=\"Excep\u021bii de neconstitu\u021bionalitate 2022 - Institu\u021bia Avocatul Poporului\" \/>\n<meta property=\"og:description\" content=\"&nbsp; Excep\u021bia de neconstitu\u021bionalitate a dispozi\u021biilor art. 36 alin. (3) din Legea nr. 335\/2007 a camerelor de comer\u021b din Rom\u00e2nia, cu modific\u0103rile \u0219i complet\u0103rile ulterioare &#8211; 8 septembrie 2022 Excep\u021bia&hellip;\" \/>\n<meta property=\"og:url\" content=\"https:\/\/avp.ro\/index.php\/exceptii-de-neconstitutionalitate-2022\/\" \/>\n<meta property=\"og:site_name\" content=\"Institu\u021bia Avocatul Poporului\" \/>\n<meta property=\"article:modified_time\" content=\"2022-09-08T12:08:14+00:00\" \/>\n<meta name=\"twitter:card\" content=\"summary_large_image\" \/>\n<meta name=\"twitter:label1\" content=\"Est. reading time\" \/>\n\t<meta name=\"twitter:data1\" content=\"1 minute\" \/>\n<script type=\"application\/ld+json\" class=\"yoast-schema-graph\">{\"@context\":\"https:\\\/\\\/schema.org\",\"@graph\":[{\"@type\":\"WebPage\",\"@id\":\"https:\\\/\\\/avp.ro\\\/index.php\\\/exceptii-de-neconstitutionalitate-2022\\\/\",\"url\":\"https:\\\/\\\/avp.ro\\\/index.php\\\/exceptii-de-neconstitutionalitate-2022\\\/\",\"name\":\"Excep\u021bii de neconstitu\u021bionalitate 2022 - Institu\u021bia Avocatul Poporului\",\"isPartOf\":{\"@id\":\"https:\\\/\\\/avp.ro\\\/#website\"},\"datePublished\":\"2022-03-16T09:06:05+00:00\",\"dateModified\":\"2022-09-08T12:08:14+00:00\",\"breadcrumb\":{\"@id\":\"https:\\\/\\\/avp.ro\\\/index.php\\\/exceptii-de-neconstitutionalitate-2022\\\/#breadcrumb\"},\"inLanguage\":\"en-US\",\"potentialAction\":[{\"@type\":\"ReadAction\",\"target\":[\"https:\\\/\\\/avp.ro\\\/index.php\\\/exceptii-de-neconstitutionalitate-2022\\\/\"]}]},{\"@type\":\"BreadcrumbList\",\"@id\":\"https:\\\/\\\/avp.ro\\\/index.php\\\/exceptii-de-neconstitutionalitate-2022\\\/#breadcrumb\",\"itemListElement\":[{\"@type\":\"ListItem\",\"position\":1,\"name\":\"Home\",\"item\":\"https:\\\/\\\/avp.ro\\\/\"},{\"@type\":\"ListItem\",\"position\":2,\"name\":\"Excep\u021bii de neconstitu\u021bionalitate 2022\"}]},{\"@type\":\"WebSite\",\"@id\":\"https:\\\/\\\/avp.ro\\\/#website\",\"url\":\"https:\\\/\\\/avp.ro\\\/\",\"name\":\"Institu\u021bia Avocatul Poporului\",\"description\":\"People\u2019s Advocate institution - Office of the Ombudsman\",\"publisher\":{\"@id\":\"https:\\\/\\\/avp.ro\\\/#organization\"},\"potentialAction\":[{\"@type\":\"SearchAction\",\"target\":{\"@type\":\"EntryPoint\",\"urlTemplate\":\"https:\\\/\\\/avp.ro\\\/?s={search_term_string}\"},\"query-input\":{\"@type\":\"PropertyValueSpecification\",\"valueRequired\":true,\"valueName\":\"search_term_string\"}}],\"inLanguage\":\"en-US\"},{\"@type\":\"Organization\",\"@id\":\"https:\\\/\\\/avp.ro\\\/#organization\",\"name\":\"Institutia Avocatul Poporului\",\"url\":\"https:\\\/\\\/avp.ro\\\/\",\"logo\":{\"@type\":\"ImageObject\",\"inLanguage\":\"en-US\",\"@id\":\"https:\\\/\\\/avp.ro\\\/#\\\/schema\\\/logo\\\/image\\\/\",\"url\":\"https:\\\/\\\/avp.ro\\\/wp-content\\\/uploads\\\/2020\\\/09\\\/cropped-AP.jpg\",\"contentUrl\":\"https:\\\/\\\/avp.ro\\\/wp-content\\\/uploads\\\/2020\\\/09\\\/cropped-AP.jpg\",\"width\":160,\"height\":146,\"caption\":\"Institutia Avocatul Poporului\"},\"image\":{\"@id\":\"https:\\\/\\\/avp.ro\\\/#\\\/schema\\\/logo\\\/image\\\/\"}}]}<\/script>\n<!-- \/ Yoast SEO plugin. -->","yoast_head_json":{"title":"Excep\u021bii de neconstitu\u021bionalitate 2022 - Institu\u021bia Avocatul Poporului","robots":{"index":"index","follow":"follow","max-snippet":"max-snippet:-1","max-image-preview":"max-image-preview:large","max-video-preview":"max-video-preview:-1"},"canonical":"https:\/\/avp.ro\/index.php\/exceptii-de-neconstitutionalitate-2022\/","og_locale":"en_US","og_type":"article","og_title":"Excep\u021bii de neconstitu\u021bionalitate 2022 - Institu\u021bia Avocatul Poporului","og_description":"&nbsp; Excep\u021bia de neconstitu\u021bionalitate a dispozi\u021biilor art. 36 alin. (3) din Legea nr. 335\/2007 a camerelor de comer\u021b din Rom\u00e2nia, cu modific\u0103rile \u0219i complet\u0103rile ulterioare &#8211; 8 septembrie 2022 Excep\u021bia&hellip;","og_url":"https:\/\/avp.ro\/index.php\/exceptii-de-neconstitutionalitate-2022\/","og_site_name":"Institu\u021bia Avocatul Poporului","article_modified_time":"2022-09-08T12:08:14+00:00","twitter_card":"summary_large_image","twitter_misc":{"Est. reading time":"1 minute"},"schema":{"@context":"https:\/\/schema.org","@graph":[{"@type":"WebPage","@id":"https:\/\/avp.ro\/index.php\/exceptii-de-neconstitutionalitate-2022\/","url":"https:\/\/avp.ro\/index.php\/exceptii-de-neconstitutionalitate-2022\/","name":"Excep\u021bii de neconstitu\u021bionalitate 2022 - Institu\u021bia Avocatul Poporului","isPartOf":{"@id":"https:\/\/avp.ro\/#website"},"datePublished":"2022-03-16T09:06:05+00:00","dateModified":"2022-09-08T12:08:14+00:00","breadcrumb":{"@id":"https:\/\/avp.ro\/index.php\/exceptii-de-neconstitutionalitate-2022\/#breadcrumb"},"inLanguage":"en-US","potentialAction":[{"@type":"ReadAction","target":["https:\/\/avp.ro\/index.php\/exceptii-de-neconstitutionalitate-2022\/"]}]},{"@type":"BreadcrumbList","@id":"https:\/\/avp.ro\/index.php\/exceptii-de-neconstitutionalitate-2022\/#breadcrumb","itemListElement":[{"@type":"ListItem","position":1,"name":"Home","item":"https:\/\/avp.ro\/"},{"@type":"ListItem","position":2,"name":"Excep\u021bii de neconstitu\u021bionalitate 2022"}]},{"@type":"WebSite","@id":"https:\/\/avp.ro\/#website","url":"https:\/\/avp.ro\/","name":"Institu\u021bia Avocatul Poporului","description":"People\u2019s Advocate institution - Office of the Ombudsman","publisher":{"@id":"https:\/\/avp.ro\/#organization"},"potentialAction":[{"@type":"SearchAction","target":{"@type":"EntryPoint","urlTemplate":"https:\/\/avp.ro\/?s={search_term_string}"},"query-input":{"@type":"PropertyValueSpecification","valueRequired":true,"valueName":"search_term_string"}}],"inLanguage":"en-US"},{"@type":"Organization","@id":"https:\/\/avp.ro\/#organization","name":"Institutia Avocatul Poporului","url":"https:\/\/avp.ro\/","logo":{"@type":"ImageObject","inLanguage":"en-US","@id":"https:\/\/avp.ro\/#\/schema\/logo\/image\/","url":"https:\/\/avp.ro\/wp-content\/uploads\/2020\/09\/cropped-AP.jpg","contentUrl":"https:\/\/avp.ro\/wp-content\/uploads\/2020\/09\/cropped-AP.jpg","width":160,"height":146,"caption":"Institutia Avocatul Poporului"},"image":{"@id":"https:\/\/avp.ro\/#\/schema\/logo\/image\/"}}]}},"_links":{"self":[{"href":"https:\/\/avp.ro\/index.php\/wp-json\/wp\/v2\/pages\/5666","targetHints":{"allow":["GET"]}}],"collection":[{"href":"https:\/\/avp.ro\/index.php\/wp-json\/wp\/v2\/pages"}],"about":[{"href":"https:\/\/avp.ro\/index.php\/wp-json\/wp\/v2\/types\/page"}],"author":[{"embeddable":true,"href":"https:\/\/avp.ro\/index.php\/wp-json\/wp\/v2\/users\/1"}],"replies":[{"embeddable":true,"href":"https:\/\/avp.ro\/index.php\/wp-json\/wp\/v2\/comments?post=5666"}],"version-history":[{"count":7,"href":"https:\/\/avp.ro\/index.php\/wp-json\/wp\/v2\/pages\/5666\/revisions"}],"predecessor-version":[{"id":7227,"href":"https:\/\/avp.ro\/index.php\/wp-json\/wp\/v2\/pages\/5666\/revisions\/7227"}],"wp:attachment":[{"href":"https:\/\/avp.ro\/index.php\/wp-json\/wp\/v2\/media?parent=5666"}],"curies":[{"name":"wp","href":"https:\/\/api.w.org\/{rel}","templated":true}]}}