{"id":65,"date":"2020-07-16T05:57:11","date_gmt":"2020-07-16T05:57:11","guid":{"rendered":"https:\/\/avp.ro\/?page_id=65"},"modified":"2025-11-07T11:42:26","modified_gmt":"2025-11-07T09:42:26","slug":"contact","status":"publish","type":"page","link":"https:\/\/avp.ro\/index.php\/contact\/","title":{"rendered":"Contact"},"content":{"rendered":"<p>&nbsp;<\/p>\n<p style=\"font-weight: 400;\"><span style=\"color: #ff0000;\"><strong>NE PUTE\u0162I CONTACTA PRIN:<\/strong><\/span><\/p>\n<p style=\"font-weight: 400;\"><strong>Po\u015fta electronic\u0103 (e-mail):\u00a0<\/strong><strong><a href=\"&#109;&#x61;i&#x6c;&#x74;&#111;&#x3a;p&#101;&#x74;&#105;&#x74;i&#105;&#x40;a&#x76;p&#46;&#x72;o\">p&#101;&#116;&#x69;&#x74;&#x69;i&#64;&#97;&#x76;&#x70;&#x2e;ro<\/a><\/strong><\/p>\n<p><strong>Peti\u021bia va fi \u00eenregistrat\u0103 \u0219i repartizat\u0103 c\u0103tre domeniul competent, pentru solu\u021bionarea \u0219i formularea unui r\u0103spuns \u00een termenul legal.<\/strong><\/p>\n<p>&nbsp;<\/p>\n<p style=\"font-weight: 400;\"><strong>Po\u0219t\u0103 &#8211; adresa po\u0219tal\u0103 &#8211;\u00a0<\/strong>Sediul\u00a0central al institu\u0163iei Avocatul Poporului:<\/p>\n<p style=\"font-weight: 400;\"><strong>Bucure\u015fti, strada George Vraca nr. 8, sector 1<\/strong><\/p>\n<p style=\"font-weight: 400;\"><strong>\u00a0<\/strong><\/p>\n<p style=\"font-weight: 400;\"><strong>Fax: 021\/312.49.21<\/strong><\/p>\n<p style=\"font-weight: 400;\"><strong>TELEFON<\/strong><strong>\u00a0&#8211;\u00a0<\/strong><strong>DISPECERATUL INSTITU\u0162IEI AVOCATUL POPORULUI &#8211; 021\/312.71.34<\/strong><\/p>\n<p>&nbsp;<\/p>\n<p><strong>Programul de func\u021bionare al institu\u021biei:<\/strong><br \/>\n<strong>Luni-joi: 8.00-16.30<\/strong><br \/>\n<strong>Vineri: 8.00- 14.00<\/strong><\/p>\n<p>&nbsp;<\/p>\n<p style=\"text-align: justify;\"><em><strong>Pentru informa\u021biile de interes public, programul zilnic de informare \u015fi rela\u0163ii publice este cuprins \u00een timpul programului de func\u021bionare al institu\u021biei, iar \u00een ziua de vineri \u00eentre orele 8.00-15.00.<\/strong><\/em><\/p>\n<p style=\"text-align: justify;\"><strong><em>Persoan\u0103 responsabil\u0103 cu solu\u021bionarea cererilor formulate \u00een baza Legii nr. 544\/2001 privind liberul acces la informa\u021biile de interes public, cu modific\u0103rile \u0219i complet\u0103rile ulterioare:<\/em><\/strong><\/p>\n<p style=\"text-align: justify;\"><em><strong>Ecaterina Mirea, \u0219ef Serviciu contencios constitu\u021bional, recurs \u00een interesul legii, contencios administrativ \u0219i juridic, analiz\u0103 acte normative, rela\u021bii externe \u0219i comunicare<\/strong><\/em><br \/>\n<em><strong>\u00cen situa\u021bia imposibilit\u0103\u021bii de \u00eendeplinire a atribu\u021biilor specifice Legii nr. 544\/2001, cu modific\u0103rile \u0219i complet\u0103rile ulterioare, acestea sunt preluate de doamna Andreea Elena B\u0103icoianu, \u0219ef Birou analiz\u0103 acte normative, rela\u021bii externe \u0219i comunicare.<\/strong><\/em><\/p>\n<p>&nbsp;<\/p>\n<p>&nbsp;<\/p>\n<p style=\"font-weight: 400;\"><strong><em>Programul de audien\u021be \u0219i dispecerat, la sediul central<\/em><\/strong><strong><em>,<\/em><\/strong><\/p>\n<p style=\"font-weight: 400;\"><strong><em>Luni \u0219i miercuri: 10-14<\/em><\/strong><\/p>\n<p style=\"font-weight: 400;\"><strong><em>Mar\u021bi \u0219i joi: 12-16<\/em><\/strong><\/p>\n<p style=\"font-weight: 400;\"><strong>\u00a0<\/strong><\/p>\n<p style=\"font-weight: 400;\"><strong>\u00a0Birourile teritoriale ale institu\u0163iei Avocatul Poporului:\u00a0<a href=\"https:\/\/avp.ro\/index.php\/birouri-teritoriale-ale-institutiei-avocatul-poporului\/\"><em><u>adrese \u015fi numere de telefon<\/u><\/em><\/a><\/strong><\/p>\n<p style=\"font-weight: 400;\"><strong>\u00a0<\/strong><\/p>\n","protected":false},"excerpt":{"rendered":"<p>&nbsp; NE PUTE\u0162I CONTACTA PRIN: Po\u015fta electronic\u0103 (e-mail):\u00a0peti&#116;&#105;&#105;&#64;&#97;&#118;&#112;&#x2e;&#x72;&#x6f; Peti\u021bia va fi \u00eenregistrat\u0103 \u0219i repartizat\u0103 c\u0103tre domeniul competent, pentru solu\u021bionarea \u0219i formularea unui r\u0103spuns \u00een termenul legal. &nbsp; Po\u0219t\u0103 &#8211; adresa&hellip; <\/p>\n","protected":false},"author":1,"featured_media":634,"parent":0,"menu_order":10,"comment_status":"closed","ping_status":"closed","template":"","meta":{"footnotes":""},"class_list":["post-65","page","type-page","status-publish","has-post-thumbnail","hentry"],"yoast_head":"<!-- This site is optimized with the Yoast SEO plugin v27.3 - https:\/\/yoast.com\/product\/yoast-seo-wordpress\/ -->\n<title>Contact - Institu\u021bia Avocatul Poporului<\/title>\n<meta name=\"robots\" content=\"index, follow, max-snippet:-1, max-image-preview:large, max-video-preview:-1\" \/>\n<link rel=\"canonical\" href=\"https:\/\/avp.ro\/index.php\/contact\/\" \/>\n<meta property=\"og:locale\" content=\"en_US\" \/>\n<meta property=\"og:type\" content=\"article\" \/>\n<meta property=\"og:title\" content=\"Contact - Institu\u021bia Avocatul Poporului\" \/>\n<meta property=\"og:description\" content=\"&nbsp; NE PUTE\u0162I CONTACTA PRIN: Po\u015fta electronic\u0103 (e-mail):\u00a0&#x70;&#x65;&#x74;&#x69;&#x74;&#x69;&#x69;&#x40;&#x61;&#x76;&#x70;&#x2e;&#x72;&#x6f; Peti\u021bia va fi \u00eenregistrat\u0103 \u0219i repartizat\u0103 c\u0103tre domeniul competent, pentru solu\u021bionarea \u0219i formularea unui r\u0103spuns \u00een termenul legal. &nbsp; Po\u0219t\u0103 &#8211; adresa&hellip;\" \/>\n<meta property=\"og:url\" content=\"https:\/\/avp.ro\/index.php\/contact\/\" \/>\n<meta property=\"og:site_name\" content=\"Institu\u021bia Avocatul Poporului\" \/>\n<meta property=\"article:modified_time\" content=\"2025-11-07T09:42:26+00:00\" \/>\n<meta property=\"og:image\" content=\"https:\/\/avp.ro\/wp-content\/uploads\/2020\/07\/letters-2794672__340.jpg\" \/>\n\t<meta property=\"og:image:width\" content=\"809\" \/>\n\t<meta property=\"og:image:height\" content=\"339\" \/>\n\t<meta property=\"og:image:type\" content=\"image\/jpeg\" \/>\n<meta name=\"twitter:card\" content=\"summary_large_image\" \/>\n<meta name=\"twitter:label1\" content=\"Est. reading time\" \/>\n\t<meta name=\"twitter:data1\" content=\"2 minutes\" \/>\n<script type=\"application\/ld+json\" class=\"yoast-schema-graph\">{\"@context\":\"https:\\\/\\\/schema.org\",\"@graph\":[{\"@type\":\"WebPage\",\"@id\":\"https:\\\/\\\/avp.ro\\\/index.php\\\/contact\\\/\",\"url\":\"https:\\\/\\\/avp.ro\\\/index.php\\\/contact\\\/\",\"name\":\"Contact - Institu\u021bia Avocatul Poporului\",\"isPartOf\":{\"@id\":\"https:\\\/\\\/avp.ro\\\/#website\"},\"primaryImageOfPage\":{\"@id\":\"https:\\\/\\\/avp.ro\\\/index.php\\\/contact\\\/#primaryimage\"},\"image\":{\"@id\":\"https:\\\/\\\/avp.ro\\\/index.php\\\/contact\\\/#primaryimage\"},\"thumbnailUrl\":\"https:\\\/\\\/avp.ro\\\/wp-content\\\/uploads\\\/2020\\\/07\\\/letters-2794672__340.jpg\",\"datePublished\":\"2020-07-16T05:57:11+00:00\",\"dateModified\":\"2025-11-07T09:42:26+00:00\",\"breadcrumb\":{\"@id\":\"https:\\\/\\\/avp.ro\\\/index.php\\\/contact\\\/#breadcrumb\"},\"inLanguage\":\"en-US\",\"potentialAction\":[{\"@type\":\"ReadAction\",\"target\":[\"https:\\\/\\\/avp.ro\\\/index.php\\\/contact\\\/\"]}]},{\"@type\":\"ImageObject\",\"inLanguage\":\"en-US\",\"@id\":\"https:\\\/\\\/avp.ro\\\/index.php\\\/contact\\\/#primaryimage\",\"url\":\"https:\\\/\\\/avp.ro\\\/wp-content\\\/uploads\\\/2020\\\/07\\\/letters-2794672__340.jpg\",\"contentUrl\":\"https:\\\/\\\/avp.ro\\\/wp-content\\\/uploads\\\/2020\\\/07\\\/letters-2794672__340.jpg\",\"width\":809,\"height\":339},{\"@type\":\"BreadcrumbList\",\"@id\":\"https:\\\/\\\/avp.ro\\\/index.php\\\/contact\\\/#breadcrumb\",\"itemListElement\":[{\"@type\":\"ListItem\",\"position\":1,\"name\":\"Home\",\"item\":\"https:\\\/\\\/avp.ro\\\/\"},{\"@type\":\"ListItem\",\"position\":2,\"name\":\"Contact\"}]},{\"@type\":\"WebSite\",\"@id\":\"https:\\\/\\\/avp.ro\\\/#website\",\"url\":\"https:\\\/\\\/avp.ro\\\/\",\"name\":\"Institu\u021bia Avocatul Poporului\",\"description\":\"People\u2019s Advocate institution - Office of the Ombudsman\",\"publisher\":{\"@id\":\"https:\\\/\\\/avp.ro\\\/#organization\"},\"potentialAction\":[{\"@type\":\"SearchAction\",\"target\":{\"@type\":\"EntryPoint\",\"urlTemplate\":\"https:\\\/\\\/avp.ro\\\/?s={search_term_string}\"},\"query-input\":{\"@type\":\"PropertyValueSpecification\",\"valueRequired\":true,\"valueName\":\"search_term_string\"}}],\"inLanguage\":\"en-US\"},{\"@type\":\"Organization\",\"@id\":\"https:\\\/\\\/avp.ro\\\/#organization\",\"name\":\"Institutia Avocatul Poporului\",\"url\":\"https:\\\/\\\/avp.ro\\\/\",\"logo\":{\"@type\":\"ImageObject\",\"inLanguage\":\"en-US\",\"@id\":\"https:\\\/\\\/avp.ro\\\/#\\\/schema\\\/logo\\\/image\\\/\",\"url\":\"https:\\\/\\\/avp.ro\\\/wp-content\\\/uploads\\\/2020\\\/09\\\/cropped-AP.jpg\",\"contentUrl\":\"https:\\\/\\\/avp.ro\\\/wp-content\\\/uploads\\\/2020\\\/09\\\/cropped-AP.jpg\",\"width\":160,\"height\":146,\"caption\":\"Institutia Avocatul Poporului\"},\"image\":{\"@id\":\"https:\\\/\\\/avp.ro\\\/#\\\/schema\\\/logo\\\/image\\\/\"}}]}<\/script>\n<!-- \/ Yoast SEO plugin. -->","yoast_head_json":{"title":"Contact - Institu\u021bia Avocatul Poporului","robots":{"index":"index","follow":"follow","max-snippet":"max-snippet:-1","max-image-preview":"max-image-preview:large","max-video-preview":"max-video-preview:-1"},"canonical":"https:\/\/avp.ro\/index.php\/contact\/","og_locale":"en_US","og_type":"article","og_title":"Contact - Institu\u021bia Avocatul Poporului","og_description":"&nbsp; NE PUTE\u0162I CONTACTA PRIN: Po\u015fta electronic\u0103 (e-mail):\u00a0&#x70;&#x65;&#x74;&#x69;&#x74;&#x69;&#x69;&#x40;&#x61;&#x76;&#x70;&#x2e;&#x72;&#x6f; Peti\u021bia va fi \u00eenregistrat\u0103 \u0219i repartizat\u0103 c\u0103tre domeniul competent, pentru solu\u021bionarea \u0219i formularea unui r\u0103spuns \u00een termenul legal. &nbsp; Po\u0219t\u0103 &#8211; adresa&hellip;","og_url":"https:\/\/avp.ro\/index.php\/contact\/","og_site_name":"Institu\u021bia Avocatul Poporului","article_modified_time":"2025-11-07T09:42:26+00:00","og_image":[{"width":809,"height":339,"url":"https:\/\/avp.ro\/wp-content\/uploads\/2020\/07\/letters-2794672__340.jpg","type":"image\/jpeg"}],"twitter_card":"summary_large_image","twitter_misc":{"Est. reading time":"2 minutes"},"schema":{"@context":"https:\/\/schema.org","@graph":[{"@type":"WebPage","@id":"https:\/\/avp.ro\/index.php\/contact\/","url":"https:\/\/avp.ro\/index.php\/contact\/","name":"Contact - Institu\u021bia Avocatul Poporului","isPartOf":{"@id":"https:\/\/avp.ro\/#website"},"primaryImageOfPage":{"@id":"https:\/\/avp.ro\/index.php\/contact\/#primaryimage"},"image":{"@id":"https:\/\/avp.ro\/index.php\/contact\/#primaryimage"},"thumbnailUrl":"https:\/\/avp.ro\/wp-content\/uploads\/2020\/07\/letters-2794672__340.jpg","datePublished":"2020-07-16T05:57:11+00:00","dateModified":"2025-11-07T09:42:26+00:00","breadcrumb":{"@id":"https:\/\/avp.ro\/index.php\/contact\/#breadcrumb"},"inLanguage":"en-US","potentialAction":[{"@type":"ReadAction","target":["https:\/\/avp.ro\/index.php\/contact\/"]}]},{"@type":"ImageObject","inLanguage":"en-US","@id":"https:\/\/avp.ro\/index.php\/contact\/#primaryimage","url":"https:\/\/avp.ro\/wp-content\/uploads\/2020\/07\/letters-2794672__340.jpg","contentUrl":"https:\/\/avp.ro\/wp-content\/uploads\/2020\/07\/letters-2794672__340.jpg","width":809,"height":339},{"@type":"BreadcrumbList","@id":"https:\/\/avp.ro\/index.php\/contact\/#breadcrumb","itemListElement":[{"@type":"ListItem","position":1,"name":"Home","item":"https:\/\/avp.ro\/"},{"@type":"ListItem","position":2,"name":"Contact"}]},{"@type":"WebSite","@id":"https:\/\/avp.ro\/#website","url":"https:\/\/avp.ro\/","name":"Institu\u021bia Avocatul Poporului","description":"People\u2019s Advocate institution - Office of the Ombudsman","publisher":{"@id":"https:\/\/avp.ro\/#organization"},"potentialAction":[{"@type":"SearchAction","target":{"@type":"EntryPoint","urlTemplate":"https:\/\/avp.ro\/?s={search_term_string}"},"query-input":{"@type":"PropertyValueSpecification","valueRequired":true,"valueName":"search_term_string"}}],"inLanguage":"en-US"},{"@type":"Organization","@id":"https:\/\/avp.ro\/#organization","name":"Institutia Avocatul Poporului","url":"https:\/\/avp.ro\/","logo":{"@type":"ImageObject","inLanguage":"en-US","@id":"https:\/\/avp.ro\/#\/schema\/logo\/image\/","url":"https:\/\/avp.ro\/wp-content\/uploads\/2020\/09\/cropped-AP.jpg","contentUrl":"https:\/\/avp.ro\/wp-content\/uploads\/2020\/09\/cropped-AP.jpg","width":160,"height":146,"caption":"Institutia Avocatul Poporului"},"image":{"@id":"https:\/\/avp.ro\/#\/schema\/logo\/image\/"}}]}},"_links":{"self":[{"href":"https:\/\/avp.ro\/index.php\/wp-json\/wp\/v2\/pages\/65","targetHints":{"allow":["GET"]}}],"collection":[{"href":"https:\/\/avp.ro\/index.php\/wp-json\/wp\/v2\/pages"}],"about":[{"href":"https:\/\/avp.ro\/index.php\/wp-json\/wp\/v2\/types\/page"}],"author":[{"embeddable":true,"href":"https:\/\/avp.ro\/index.php\/wp-json\/wp\/v2\/users\/1"}],"replies":[{"embeddable":true,"href":"https:\/\/avp.ro\/index.php\/wp-json\/wp\/v2\/comments?post=65"}],"version-history":[{"count":32,"href":"https:\/\/avp.ro\/index.php\/wp-json\/wp\/v2\/pages\/65\/revisions"}],"predecessor-version":[{"id":14701,"href":"https:\/\/avp.ro\/index.php\/wp-json\/wp\/v2\/pages\/65\/revisions\/14701"}],"wp:featuredmedia":[{"embeddable":true,"href":"https:\/\/avp.ro\/index.php\/wp-json\/wp\/v2\/media\/634"}],"wp:attachment":[{"href":"https:\/\/avp.ro\/index.php\/wp-json\/wp\/v2\/media?parent=65"}],"curies":[{"name":"wp","href":"https:\/\/api.w.org\/{rel}","templated":true}]}}