{"id":70,"date":"2020-07-16T06:01:52","date_gmt":"2020-07-16T06:01:52","guid":{"rendered":"https:\/\/avp.ro\/?page_id=70"},"modified":"2024-06-04T11:10:33","modified_gmt":"2024-06-04T09:10:33","slug":"doresti-sa-depui-o-petitie","status":"publish","type":"page","link":"https:\/\/avp.ro\/index.php\/cum-sesizez-avocatul-poporului\/doresti-sa-depui-o-petitie\/","title":{"rendered":"Dore\u0219ti s\u0103 depui o peti\u021bie?"},"content":{"rendered":"<p>&nbsp;<\/p>\n<p style=\"font-weight: 400;\"><strong>Cine se poate adresa institu\u0163iei Avocatul Poporului?<\/strong><\/p>\n<p style=\"font-weight: 400;\">Se poate adresa institu\u0163iei Avocatul Poporului orice persoan\u0103 fizic\u0103, precum \u015fi societ\u0103\u0163ile comerciale, asocia\u0163iile \u015fi orice alte persoane juridice.<\/p>\n<p style=\"font-weight: 400;\"><strong>Ce peti\u0163ii intr\u0103 \u00een competen\u0163a institu\u0163iei Avocatului Poporului?<\/strong><\/p>\n<p style=\"font-weight: 400;\">Intra in competenta institutiei Avocatul Poporului petitiile care au ca obiect inc\u0103lcarea drepturilor sau libert\u0103\u0163ilor persoanelor fizice prin acte sau fapte administrative ale autorit\u0103\u0163ilor administra\u0163iei publice sau\u00a0 prin\u00a0actele administrative ale regiilor autonome.<\/p>\n<p style=\"font-weight: 400;\"><strong>Ce peti\u0163ii nu intr\u0103 \u00een obiectul de activitate al institu\u0163iei Avocatul Poporului?<\/strong><\/p>\n<p style=\"font-weight: 400;\">Nu fac obiectul activit\u0103\u0163ii institu\u0163iei Avocatul Poporului \u015fi vor fi respinse f\u0103r\u0103 motivare peti\u0163iile privind:<\/p>\n<p style=\"font-weight: 400;\">&#8211; actele emise de Camera Deputa\u0163ilor, de Senat sau de Parlament<\/p>\n<p style=\"font-weight: 400;\">&#8211; actele \u015fi faptele deputa\u0163ilor \u015fi senatorilor<\/p>\n<p style=\"font-weight: 400;\">&#8211; actele \u015fi faptele Pre\u015fedintelui Rom\u00e2niei<\/p>\n<p style=\"font-weight: 400;\">&#8211; actele \u015fi faptele Cur\u0163ii Constitu\u0163ionale<\/p>\n<p style=\"font-weight: 400;\">&#8211; actele \u015fi faptele pre\u015fedintelui Consiliului Legislativ<\/p>\n<p style=\"font-weight: 400;\">&#8211; actele \u015fi faptele autorit\u0103\u0163ii judec\u0103tore\u015fti<\/p>\n<p style=\"font-weight: 400;\">&#8211; actele \u015fi faptele Guvernului &#8211; cu excep\u0163ia legilor \u015fi ordonan\u0163elor.<\/p>\n<p style=\"font-weight: 400;\"><strong>Ce trebuie s\u0103 cuprind\u0103 peti\u0163ia adresat\u0103 institu\u0163iei Avocatul Poporului?<\/strong><\/p>\n<p style=\"font-weight: 400;\">Peti\u0163ia trebuie s\u0103 cuprind\u0103 urm\u0103toarele elemente:<\/p>\n<p style=\"font-weight: 400;\">&#8211; numele \u015fi domiciliul persoanei fizice lezate \u00een drepturile \u015fi libert\u0103\u0163ile acesteia<\/p>\n<p style=\"font-weight: 400;\">&#8211; drepturile \u015fi libert\u0103\u0163ile \u00eenc\u0103lcate<\/p>\n<p style=\"font-weight: 400;\">&#8211; autoritatea administrativ\u0103 ori func\u0163ionarul public \u00een cauz\u0103<\/p>\n<p style=\"font-weight: 400;\">&#8211; dovada \u00eent\u00e2rzierii sau refuzului administra\u0163iei publice de a solu\u0163iona legal peti\u0163ia.<\/p>\n<p style=\"font-weight: 400;\"><strong>C\u00e2nd m\u0103 pot adresa institu\u0163iei Avocatul Poporului?<\/strong><\/p>\n<p style=\"font-weight: 400;\">Peti\u0163iile \u00eendreptate \u00eempotriva \u00eenc\u0103lc\u0103rii drepturilor \u015fi libert\u0103\u0163ilor persoanelor fizice prin acte sau fapte ale autorit\u0103\u0163ii administra\u0163iei publice se adreseaz\u0103 institu\u0163iei Avocatul Poporului nu mai t\u00e2rziu de un an de la data la care aceste \u00eenc\u0103lc\u0103ri s-au produs ori de la data la care persoana \u00een cauz\u0103 a luat cuno\u015ftin\u0163\u0103 de ele.<\/p>\n<p style=\"font-weight: 400;\"><strong>Cum pot adresa o peti\u0163ie institu\u0163iei Avocatul Poporului?<\/strong><\/p>\n<p style=\"font-weight: 400;\">Peti\u0163iile se adreseaz\u0103 institu\u0163iei Avocatul Poporului \u00een scris.<\/p>\n<p style=\"font-weight: 400;\">Acestea pot fi transmise prin:<\/p>\n<p style=\"font-weight: 400;\">&#8211; po\u015ft\u0103<\/p>\n<p style=\"font-weight: 400;\">&#8211; po\u015ft\u0103 electronic\u0103 (e-mail)<\/p>\n<p style=\"font-weight: 400;\">&#8211; fax<\/p>\n<p style=\"font-weight: 400;\">De asemenea, peti\u0163iile pot fi depuse personal sau prin mandatar, la Serviciul de registratur\u0103 al institu\u0163iei sau al\u00a0<strong>Birourilor teritoriale.<\/strong><\/p>\n<p style=\"font-weight: 400;\">\u00cen cazul peti\u0163iilor transmise institu\u0163iei prin po\u015fta electronic\u0103 care nu con\u0163in datele de identificare ale peti\u0163ionarului, acestea vor fi solicitate tot prin intermediul po\u015ftei electronice. \u00cen cazul \u00een care datele de identificare solicitate nu sunt comunicate, peti\u0163ia va fi considerat\u0103 anonim\u0103.<\/p>\n<p style=\"font-weight: 400;\">\u00cen cazul \u00een care cererea se depune prin mandatar, acesta va trebui s\u0103 men\u0163iona\u0163i datele de identificare ale acestuia.<\/p>\n<p style=\"font-weight: 400;\">Pentru motive temeinice, la solicitarea peti\u0163ionarului, acestuia i se poate \u00eencuviin\u0163a s\u0103 \u00ee\u015fi prezinte oral sau prin serviciul dispecerat cererea, care va fi consemnat\u0103 de c\u0103tre persoana care asigur\u0103 serviciul de audien\u0163\u0103 sau dispecerat, dup\u0103 caz.<\/p>\n<p style=\"font-weight: 400;\"><strong>Unde pot transmite peti\u0163ia mea?<\/strong><\/p>\n<p style=\"font-weight: 400;\">&#8211; pentru peti\u0163iile trimise prin po\u015ft\u0103 si cele depuse personal: la sediul central sau la <a href=\"https:\/\/avp.ro\/wp-content\/uploads\/2024\/06\/birouri_teritoriale-2.pdf\">Birourile teritoriale ale Avocatului Poporului.<\/a><\/p>\n<p style=\"font-weight: 400;\">&#8211; pentru peti\u0163iile trimise prin po\u015ft\u0103 electronic\u0103:\u00a0<a href=\"&#109;&#x61;i&#108;&#x74;o&#58;&#x70;e&#116;&#x69;t&#105;&#x69;&#64;&#97;&#x76;p&#46;&#x72;o\">&#112;&#x65;&#116;&#x69;t&#x69;i&#64;&#x61;&#118;&#x70;&#46;&#x72;o<\/a><\/p>\n<p><strong>Peti\u021bia va fi \u00eenregistrat\u0103 \u0219i repartizat\u0103 c\u0103tre domeniul competent, pentru solu\u021bionarea \u0219i formularea unui r\u0103spuns \u00een termenul legal.<\/strong><\/p>\n<p style=\"font-weight: 400;\">&#8211; pentru peti\u0163iile transmise prin fax:\u00a0<strong><em>021 312 49 21<\/em><\/strong><\/p>\n<p style=\"font-weight: 400;\"><strong><em>\u00a0<\/em><\/strong><\/p>\n<p style=\"font-weight: 400;\"><strong>Trebuie s\u0103 pl\u0103tesc o tax\u0103 pentru a m\u0103 putea adresa institu\u0163iei Avocatului Poporului?<\/strong><\/p>\n<p style=\"font-weight: 400;\">Peti\u0163iile adresate institu\u0163iei Avocatul Poporului sunt scutite de taxa de timbru.<\/p>\n<p style=\"font-weight: 400;\">Conducerea penitenciarelor, a centrelor de reeducare pentru minori, a spitalelor penitenciare, precum \u015fi Ministerul Public \u015fi organele de poli\u0163ie sunt obligate s\u0103 permit\u0103, f\u0103r\u0103 nici o restric\u0163ie, persoanelor care execut\u0103 pedeapsa \u00eenchisorii sau, dup\u0103 caz, se afl\u0103 arestate ori re\u0163inute, precum \u015fi minorilor afla\u0163i \u00een centrele de reeducare s\u0103 se adreseze, \u00een orice mod, Avocatului Poporului cu privire la lezarea drepturilor \u015fi libert\u0103\u0163ilor lor, cu excep\u0163ia restr\u00e2ngerilor legale.<\/p>\n<p style=\"font-weight: 400;\"><strong>Persoanele care execut\u0103 pedeapsa \u00eenchisorii, se afl\u0103 arestate ori re\u0163inute, minorii afla\u0163i \u00een centrele de reeducare, se pot adresa institu\u0163iei Avocatul Poporului, \u00een orice mod, f\u0103r\u0103 nicio restric\u0163ie?<\/strong><\/p>\n<p style=\"font-weight: 400;\">Conducerea penitenciarelor, a centrelor de reeducare pentru minori, a spitalelor penitenciare, precum \u015fi Ministerul Public \u015fi organele de poli\u0163ie sunt obligate s\u0103 permit\u0103, f\u0103r\u0103 nicio restric\u0163ie, persoanelor care execut\u0103 pedeapsa \u00eenchisorii sau, dup\u0103 caz, se afl\u0103 arestate ori re\u0163inute, precum \u015fi minorilor afla\u0163i \u00een centrele de reeducare s\u0103 se adreseze, \u00een orice mod, institu\u0163iei Avocatul Poporului cu privire la lezarea drepturilor \u015fi libert\u0103\u0163ilor lor, cu excep\u0163ia restr\u00e2ngerilor legale.<\/p>\n<p style=\"font-weight: 400;\"><strong>Persoanele care \u00eendeplinesc \u00eendatoriri militare, se pot adresa institu\u0163iei Avocatul Poporului, \u00een orice mod, f\u0103r\u0103 nicio restric\u0163ie?<\/strong><\/p>\n<p style=\"font-weight: 400;\">Aceea\u015fi obliga\u0163ie revine \u015fi comandan\u0163ilor unit\u0103\u0163ilor militare, \u00een privin\u0163a persoanelor care \u00eendeplinesc \u00eendatoriri militare, cu privire la lezarea drepturilor \u015fi libert\u0103\u0163ilor lor, cu excep\u0163ia restr\u00e2ngerilor legale.<\/p>\n<p style=\"font-weight: 400;\"><strong>Cum m\u0103 pot adresa institu\u0163iei Avocatul Poporului?<\/strong><\/p>\n<ol>\n<li style=\"font-weight: 400;\">\u00een scris, prin po\u015ft\u0103, po\u015ft\u0103 electronic\u0103 (e-mail), fax, sau pot depune peti\u0163ii la serviciul de registratur\u0103 al institu\u0163iei sau al <a href=\"https:\/\/avp.ro\/wp-content\/uploads\/2024\/06\/birouri_teritoriale.pdf\">Birourilor teritoriale<\/a>, personal sau prin mandatar<\/li>\n<li style=\"font-weight: 400;\">prin serviciul de <strong>dispecerat<\/strong><\/li>\n<li style=\"font-weight: 400;\">direct, \u00een cadrul <strong>programului de audien\u0163e<\/strong><\/li>\n<\/ol>\n<p style=\"font-weight: 400;\">Audien\u0163ele se acord\u0103 de personalul de specialitate, at\u00e2t la sediul central, c\u00e2t \u015fi la Birourile teritoriale ale institu\u0163iei Avocatul Poporului<\/p>\n<p style=\"font-weight: 400;\">Peti\u0163ionarii care solicit\u0103 audien\u0163\u0103 la un adjunct al Avocatului Poporului vor depune o cerere referitoare la problemele reclamate, urm\u00e2nd a li se comunica data la care adjunctul Avocatului Poporului le poate acorda audien\u0163\u0103. Dup\u0103 acordarea audien\u0163ei de c\u0103tre personalul de specialitate, persoanele nemul\u0163umite pot solicita motivat acordarea de audien\u0163e la adjunctul Avocatului Poporului specializat \u00een problema sesizat\u0103.<\/p>\n<p style=\"font-weight: 400;\">Dac\u0103, dup\u0103 parcurgerea procedurii men\u0163ionate mai sus, peti\u0163ionarii solicit\u0103 audien\u0163\u0103 la Avocatul Poporului, ace\u015ftia vor fi \u00eendruma\u0163i s\u0103 formuleze \u00een scris o cerere motivat\u0103, urm\u00e2nd ca Avocatul Poporului s\u0103 decid\u0103 asupra temeiniciei cererii \u015fi acord\u0103rii audien\u0163ei.<\/p>\n<p style=\"font-weight: 400;\"><strong>Ce se \u00eent\u00e2mpl\u0103 \u00een cazul \u00een care trimit mai multe peti\u0163ii prin care sesizez aceea\u015fi problem\u0103?<\/strong><\/p>\n<p style=\"font-weight: 400;\">\u00cen cazul \u00een care o persoan\u0103 adreseaz\u0103 mai multe peti\u0163ii, sesiz\u00e2nd aceea\u015fi problem\u0103, acestea vor fi conexate, peti\u0163ionarul urm\u00e2nd s\u0103 primeasc\u0103 un singur r\u0103spuns, care s\u0103 fac\u0103 referire la toate peti\u0163iile primite.<\/p>\n<p style=\"font-weight: 400;\">Peti\u0163iile prin care se revine f\u0103r\u0103 a se aduce noi dovezi, vor fi arhivate, f\u0103r\u0103 a fi transmis un r\u0103spuns peti\u0163ionarului.<\/p>\n<p>&nbsp;<\/p>\n<p>&nbsp;<\/p>\n","protected":false},"excerpt":{"rendered":"<p>&nbsp; Cine se poate adresa institu\u0163iei Avocatul Poporului? Se poate adresa institu\u0163iei Avocatul Poporului orice persoan\u0103 fizic\u0103, precum \u015fi societ\u0103\u0163ile comerciale, asocia\u0163iile \u015fi orice alte persoane juridice. Ce peti\u0163ii intr\u0103&hellip; <\/p>\n","protected":false},"author":1,"featured_media":0,"parent":47,"menu_order":1,"comment_status":"closed","ping_status":"closed","template":"","meta":{"footnotes":""},"class_list":["post-70","page","type-page","status-publish","hentry"],"yoast_head":"<!-- This site is optimized with the Yoast SEO plugin v27.4 - https:\/\/yoast.com\/product\/yoast-seo-wordpress\/ -->\n<title>Dore\u0219ti s\u0103 depui o peti\u021bie? - Institu\u021bia Avocatul Poporului<\/title>\n<meta name=\"robots\" content=\"index, follow, max-snippet:-1, max-image-preview:large, max-video-preview:-1\" \/>\n<link rel=\"canonical\" href=\"https:\/\/avp.ro\/index.php\/cum-sesizez-avocatul-poporului\/doresti-sa-depui-o-petitie\/\" \/>\n<meta property=\"og:locale\" content=\"en_US\" \/>\n<meta property=\"og:type\" content=\"article\" \/>\n<meta property=\"og:title\" content=\"Dore\u0219ti s\u0103 depui o peti\u021bie? - Institu\u021bia Avocatul Poporului\" \/>\n<meta property=\"og:description\" content=\"&nbsp; Cine se poate adresa institu\u0163iei Avocatul Poporului? Se poate adresa institu\u0163iei Avocatul Poporului orice persoan\u0103 fizic\u0103, precum \u015fi societ\u0103\u0163ile comerciale, asocia\u0163iile \u015fi orice alte persoane juridice. Ce peti\u0163ii intr\u0103&hellip;\" \/>\n<meta property=\"og:url\" content=\"https:\/\/avp.ro\/index.php\/cum-sesizez-avocatul-poporului\/doresti-sa-depui-o-petitie\/\" \/>\n<meta property=\"og:site_name\" content=\"Institu\u021bia Avocatul Poporului\" \/>\n<meta property=\"article:modified_time\" content=\"2024-06-04T09:10:33+00:00\" \/>\n<meta name=\"twitter:card\" content=\"summary_large_image\" \/>\n<meta name=\"twitter:label1\" content=\"Est. reading time\" \/>\n\t<meta name=\"twitter:data1\" content=\"4 minutes\" \/>\n<script type=\"application\/ld+json\" class=\"yoast-schema-graph\">{\"@context\":\"https:\\\/\\\/schema.org\",\"@graph\":[{\"@type\":\"WebPage\",\"@id\":\"https:\\\/\\\/avp.ro\\\/index.php\\\/cum-sesizez-avocatul-poporului\\\/doresti-sa-depui-o-petitie\\\/\",\"url\":\"https:\\\/\\\/avp.ro\\\/index.php\\\/cum-sesizez-avocatul-poporului\\\/doresti-sa-depui-o-petitie\\\/\",\"name\":\"Dore\u0219ti s\u0103 depui o peti\u021bie? - Institu\u021bia Avocatul Poporului\",\"isPartOf\":{\"@id\":\"https:\\\/\\\/avp.ro\\\/#website\"},\"datePublished\":\"2020-07-16T06:01:52+00:00\",\"dateModified\":\"2024-06-04T09:10:33+00:00\",\"breadcrumb\":{\"@id\":\"https:\\\/\\\/avp.ro\\\/index.php\\\/cum-sesizez-avocatul-poporului\\\/doresti-sa-depui-o-petitie\\\/#breadcrumb\"},\"inLanguage\":\"en-US\",\"potentialAction\":[{\"@type\":\"ReadAction\",\"target\":[\"https:\\\/\\\/avp.ro\\\/index.php\\\/cum-sesizez-avocatul-poporului\\\/doresti-sa-depui-o-petitie\\\/\"]}]},{\"@type\":\"BreadcrumbList\",\"@id\":\"https:\\\/\\\/avp.ro\\\/index.php\\\/cum-sesizez-avocatul-poporului\\\/doresti-sa-depui-o-petitie\\\/#breadcrumb\",\"itemListElement\":[{\"@type\":\"ListItem\",\"position\":1,\"name\":\"Home\",\"item\":\"https:\\\/\\\/avp.ro\\\/\"},{\"@type\":\"ListItem\",\"position\":2,\"name\":\"CUM SESIZEZ AVP\",\"item\":\"https:\\\/\\\/avp.ro\\\/index.php\\\/cum-sesizez-avocatul-poporului\\\/\"},{\"@type\":\"ListItem\",\"position\":3,\"name\":\"Dore\u0219ti s\u0103 depui o peti\u021bie?\"}]},{\"@type\":\"WebSite\",\"@id\":\"https:\\\/\\\/avp.ro\\\/#website\",\"url\":\"https:\\\/\\\/avp.ro\\\/\",\"name\":\"Institu\u021bia Avocatul Poporului\",\"description\":\"People\u2019s Advocate institution - Office of the Ombudsman\",\"publisher\":{\"@id\":\"https:\\\/\\\/avp.ro\\\/#organization\"},\"potentialAction\":[{\"@type\":\"SearchAction\",\"target\":{\"@type\":\"EntryPoint\",\"urlTemplate\":\"https:\\\/\\\/avp.ro\\\/?s={search_term_string}\"},\"query-input\":{\"@type\":\"PropertyValueSpecification\",\"valueRequired\":true,\"valueName\":\"search_term_string\"}}],\"inLanguage\":\"en-US\"},{\"@type\":\"Organization\",\"@id\":\"https:\\\/\\\/avp.ro\\\/#organization\",\"name\":\"Institutia Avocatul Poporului\",\"url\":\"https:\\\/\\\/avp.ro\\\/\",\"logo\":{\"@type\":\"ImageObject\",\"inLanguage\":\"en-US\",\"@id\":\"https:\\\/\\\/avp.ro\\\/#\\\/schema\\\/logo\\\/image\\\/\",\"url\":\"https:\\\/\\\/avp.ro\\\/wp-content\\\/uploads\\\/2020\\\/09\\\/cropped-AP.jpg\",\"contentUrl\":\"https:\\\/\\\/avp.ro\\\/wp-content\\\/uploads\\\/2020\\\/09\\\/cropped-AP.jpg\",\"width\":160,\"height\":146,\"caption\":\"Institutia Avocatul Poporului\"},\"image\":{\"@id\":\"https:\\\/\\\/avp.ro\\\/#\\\/schema\\\/logo\\\/image\\\/\"}}]}<\/script>\n<!-- \/ Yoast SEO plugin. -->","yoast_head_json":{"title":"Dore\u0219ti s\u0103 depui o peti\u021bie? - Institu\u021bia Avocatul Poporului","robots":{"index":"index","follow":"follow","max-snippet":"max-snippet:-1","max-image-preview":"max-image-preview:large","max-video-preview":"max-video-preview:-1"},"canonical":"https:\/\/avp.ro\/index.php\/cum-sesizez-avocatul-poporului\/doresti-sa-depui-o-petitie\/","og_locale":"en_US","og_type":"article","og_title":"Dore\u0219ti s\u0103 depui o peti\u021bie? - Institu\u021bia Avocatul Poporului","og_description":"&nbsp; Cine se poate adresa institu\u0163iei Avocatul Poporului? Se poate adresa institu\u0163iei Avocatul Poporului orice persoan\u0103 fizic\u0103, precum \u015fi societ\u0103\u0163ile comerciale, asocia\u0163iile \u015fi orice alte persoane juridice. Ce peti\u0163ii intr\u0103&hellip;","og_url":"https:\/\/avp.ro\/index.php\/cum-sesizez-avocatul-poporului\/doresti-sa-depui-o-petitie\/","og_site_name":"Institu\u021bia Avocatul Poporului","article_modified_time":"2024-06-04T09:10:33+00:00","twitter_card":"summary_large_image","twitter_misc":{"Est. reading time":"4 minutes"},"schema":{"@context":"https:\/\/schema.org","@graph":[{"@type":"WebPage","@id":"https:\/\/avp.ro\/index.php\/cum-sesizez-avocatul-poporului\/doresti-sa-depui-o-petitie\/","url":"https:\/\/avp.ro\/index.php\/cum-sesizez-avocatul-poporului\/doresti-sa-depui-o-petitie\/","name":"Dore\u0219ti s\u0103 depui o peti\u021bie? - Institu\u021bia Avocatul Poporului","isPartOf":{"@id":"https:\/\/avp.ro\/#website"},"datePublished":"2020-07-16T06:01:52+00:00","dateModified":"2024-06-04T09:10:33+00:00","breadcrumb":{"@id":"https:\/\/avp.ro\/index.php\/cum-sesizez-avocatul-poporului\/doresti-sa-depui-o-petitie\/#breadcrumb"},"inLanguage":"en-US","potentialAction":[{"@type":"ReadAction","target":["https:\/\/avp.ro\/index.php\/cum-sesizez-avocatul-poporului\/doresti-sa-depui-o-petitie\/"]}]},{"@type":"BreadcrumbList","@id":"https:\/\/avp.ro\/index.php\/cum-sesizez-avocatul-poporului\/doresti-sa-depui-o-petitie\/#breadcrumb","itemListElement":[{"@type":"ListItem","position":1,"name":"Home","item":"https:\/\/avp.ro\/"},{"@type":"ListItem","position":2,"name":"CUM SESIZEZ AVP","item":"https:\/\/avp.ro\/index.php\/cum-sesizez-avocatul-poporului\/"},{"@type":"ListItem","position":3,"name":"Dore\u0219ti s\u0103 depui o peti\u021bie?"}]},{"@type":"WebSite","@id":"https:\/\/avp.ro\/#website","url":"https:\/\/avp.ro\/","name":"Institu\u021bia Avocatul Poporului","description":"People\u2019s Advocate institution - Office of the Ombudsman","publisher":{"@id":"https:\/\/avp.ro\/#organization"},"potentialAction":[{"@type":"SearchAction","target":{"@type":"EntryPoint","urlTemplate":"https:\/\/avp.ro\/?s={search_term_string}"},"query-input":{"@type":"PropertyValueSpecification","valueRequired":true,"valueName":"search_term_string"}}],"inLanguage":"en-US"},{"@type":"Organization","@id":"https:\/\/avp.ro\/#organization","name":"Institutia Avocatul Poporului","url":"https:\/\/avp.ro\/","logo":{"@type":"ImageObject","inLanguage":"en-US","@id":"https:\/\/avp.ro\/#\/schema\/logo\/image\/","url":"https:\/\/avp.ro\/wp-content\/uploads\/2020\/09\/cropped-AP.jpg","contentUrl":"https:\/\/avp.ro\/wp-content\/uploads\/2020\/09\/cropped-AP.jpg","width":160,"height":146,"caption":"Institutia Avocatul Poporului"},"image":{"@id":"https:\/\/avp.ro\/#\/schema\/logo\/image\/"}}]}},"_links":{"self":[{"href":"https:\/\/avp.ro\/index.php\/wp-json\/wp\/v2\/pages\/70","targetHints":{"allow":["GET"]}}],"collection":[{"href":"https:\/\/avp.ro\/index.php\/wp-json\/wp\/v2\/pages"}],"about":[{"href":"https:\/\/avp.ro\/index.php\/wp-json\/wp\/v2\/types\/page"}],"author":[{"embeddable":true,"href":"https:\/\/avp.ro\/index.php\/wp-json\/wp\/v2\/users\/1"}],"replies":[{"embeddable":true,"href":"https:\/\/avp.ro\/index.php\/wp-json\/wp\/v2\/comments?post=70"}],"version-history":[{"count":9,"href":"https:\/\/avp.ro\/index.php\/wp-json\/wp\/v2\/pages\/70\/revisions"}],"predecessor-version":[{"id":11609,"href":"https:\/\/avp.ro\/index.php\/wp-json\/wp\/v2\/pages\/70\/revisions\/11609"}],"up":[{"embeddable":true,"href":"https:\/\/avp.ro\/index.php\/wp-json\/wp\/v2\/pages\/47"}],"wp:attachment":[{"href":"https:\/\/avp.ro\/index.php\/wp-json\/wp\/v2\/media?parent=70"}],"curies":[{"name":"wp","href":"https:\/\/api.w.org\/{rel}","templated":true}]}}