{"id":72,"date":"2020-07-16T06:02:44","date_gmt":"2020-07-16T06:02:44","guid":{"rendered":"https:\/\/avp.ro\/?page_id=72"},"modified":"2024-06-04T12:32:51","modified_gmt":"2024-06-04T10:32:51","slug":"cum-va-fi-solutionata-petitia","status":"publish","type":"page","link":"https:\/\/avp.ro\/index.php\/cum-sesizez-avocatul-poporului\/cum-va-fi-solutionata-petitia\/","title":{"rendered":"Cum va fi solu\u021bionat\u0103 peti\u021bia?"},"content":{"rendered":"<p style=\"text-align: justify;\"><strong>Cum va fi solu\u0163ionat\u0103 peti\u0163ia?<\/strong><\/p>\n<p style=\"text-align: justify;\" align=\"justify\">Peti\u0163ia \u00eenregistrat\u0103 la institu\u0163ia Avocatul Poporului poate parcurge mai multe c\u0103i:<\/p>\n<ol style=\"text-align: justify;\">\n<li>\u00cen situa\u0163iile \u00een care informa\u0163iile \/ documentele furnizate sunt insuficiente sau neconcludente,\u00a0<strong>vor fi cerute datele suplimentare\u00a0necesare <\/strong>pentru analiza \u015fi solu\u0163ionarea peti\u0163iilor, fie peti\u0163ionarului, fie autorit\u0103\u0163ii administra\u0163iei publice respective, dup\u0103 caz.<\/li>\n<li>Pentru clarificarea situa\u0163iei,\u00a0Avocatul Poporului poate efectua\u00a0<strong>anchete proprii<\/strong>,\u00a0 av\u00e2nd dreptul:<\/li>\n<\/ol>\n<p style=\"text-align: justify;\">\u2013 s\u0103 cear\u0103 autorit\u0103\u0163ilor administra\u0163iei publice orice informa\u0163ii sau documente necesare anchetei<\/p>\n<p style=\"text-align: justify;\">\u2013 s\u0103 audieze \u015fi s\u0103 ia declara\u0163ii de la conduc\u0103torii autorit\u0103\u0163ilor administra\u0163iei publice \u015fi de la orice func\u0163ionar care poate da informa\u0163iile necesare solu\u0163ion\u0103rii peti\u0163iei.<\/p>\n<ol style=\"text-align: justify;\" start=\"3\">\n<li>Peti\u0163iile v\u0103dit nefondate vor fi\u00a0<strong>respinse motivat<\/strong>.<\/li>\n<li>\u00cen cazul \u00een care, \u00een urma examin\u0103rii peti\u0163iilor primite, se constat\u0103 c\u0103\u00a0<strong>peti\u0163ia persoanei fizice lezate este \u00eentemeiat\u0103<\/strong>, peti\u0163ia poate parcurge mai multe etape:<\/li>\n<\/ol>\n<ul style=\"text-align: justify;\">\n<li><strong>Institu\u0163ia Avocatul Poporului se va adresa \u00een scris autorit\u0103\u0163ii administra\u0163iei publice <\/strong>care a \u00eenc\u0103lcat drepturile persoanei fizice \u015fi va cere s\u0103 reformeze sau s\u0103 revoce actul administrativ \u015fi s\u0103 repare prejudiciile produse, precum \u015fi s\u0103 repun\u0103 persoana fizic\u0103 lezat\u0103 \u00een situa\u0163ia anterioar\u0103.<\/li>\n<\/ul>\n<ul style=\"text-align: justify;\">\n<li>Autorit\u0103\u0163ile publice \u00een cauz\u0103 vor lua de \u00eendat\u0103 m\u0103surile necesare pentru \u00eenl\u0103turarea ilegalit\u0103\u0163ilor constatate, repararea prejudiciilor \u015fi \u00eenl\u0103turarea cauzelor care au generat sau au favorizat \u00eenc\u0103lcarea drepturilor persoanei lezate \u015fi vor informa despre aceasta institu\u0163ia Avocatul Poporului \u2013 <strong>peti\u0163ia este solu\u0163ionat<\/strong><strong>\u0103<\/strong><strong> favorabil<\/strong>.<\/li>\n<\/ul>\n<ul style=\"text-align: justify;\">\n<li>\u00cen cazul \u00een care se constat\u0103 \u00eenc\u0103lcarea grav\u0103 a drepturilor peti\u0163ionarului sau ilegalitatea actului administrativ, Avocatul Poporului emite o <strong>recomandare<\/strong>\u00a0adresat\u0103 autorit\u0103\u0163ii administra\u0163iei publice, care a \u00eenc\u0103lcat drepturile respective sau a emis actul ilegal. T\u0103cerea organelor administra\u0163iei publice \u015fi emiterea tardiv\u0103 a actelor sunt asimilate actelor administrative.<\/li>\n<\/ul>\n<ul style=\"text-align: justify;\">\n<li>\u00cen cazul \u00een care autoritatea administra\u0163iei publice sau func\u0163ionarul public\u00a0nu \u00eenl\u0103tur\u0103, \u00een termen de 30 de zile de la data sesiz\u0103rii, ilegalit\u0103\u0163ile comise,<strong>institu\u0163ia Avocatul Poporului se adreseaz\u0103 autorit\u0103\u0163ilor administra\u0163iei publice ierarhic superioare<\/strong>, care sunt datoare s\u0103 \u00eei comunice, \u00een termen de cel mult 45 de zile, m\u0103surile luate.\u00a0Dac\u0103 autoritatea public\u0103 sau func\u0163ionarul public apar\u0163ine administra\u0163iei publice locale, institu\u0163ia Avocatul Poporului se adreseaz\u0103 prefectului.\u00a0De la data depunerii sesiz\u0103rii la prefectul jude\u0163ului curge un nou termen de 45 de zile.<\/li>\n<\/ul>\n<ul style=\"text-align: justify;\">\n<li>Avocatul Poporului este \u00eendrept\u0103\u0163it s\u0103 sesizeze <strong>Guvernul\u00a0<\/strong>cu privire la orice act sau fapt administrativ ilegal al administra\u0163iei publice centrale \u015fi al prefec\u0163ilor.<\/li>\n<\/ul>\n<ul style=\"text-align: justify;\">\n<li>Neadoptarea de c\u0103tre Guvern, \u00een termen de cel mult\u00a020 de zile, a m\u0103surilor privitoare la ilegalitatea actelor sau faptelor administrative semnalate de Avocatul Poporului se comunic\u0103\u00a0<strong>Parlamentului<\/strong>.<\/li>\n<\/ul>\n<ul style=\"text-align: justify;\">\n<li>Avocatul Poporului va aduce la cuno\u015ftin\u0163\u0103 persoanei care i-a adresat peti\u0163ia modul de solu\u0163ionare.<\/li>\n<\/ul>\n<p style=\"text-align: justify;\">Modul de solu\u0163ionare al peti\u0163iei\u00a0poate fi f\u0103cut public de c\u0103tre Avocatul Poporului prin mijloace de informare \u00een mas\u0103, cu consim\u0163\u0103m\u00e2ntul persoanei sau al persoanelor interesate \u015fi cu respectarea prevederilor legale privind informa\u0163iile \u015fi documentele secrete.<\/p>\n<p style=\"text-align: justify;\"><strong>Care sunt mijloacele pe care institu\u0163ia Avocatul Poporului le are la dispozi\u0163ie?<\/strong><\/p>\n<p style=\"text-align: justify;\">Pentru solu\u0163ionarea problemelor sesizate, Avocatul Poporului are la dispozi\u0163ie urm\u0103toarele mijloace:<\/p>\n<ol style=\"text-align: justify;\">\n<li><strong>Sesizarea <\/strong>autorit\u0103\u0163ilor administra\u0163iei publice \u00een cauz\u0103<\/li>\n<li>Efectuarea unor\u00a0<strong>anchete proprii<\/strong>, av\u00e2nd dreptul s\u0103 cear\u0103 autorit\u0103\u0163ilor administra\u0163iei publice orice informa\u0163ii sau documente necesare anchetei, s\u0103 audieze \u015fi s\u0103 ia declara\u0163ii de la conduc\u0103torii autorit\u0103\u0163ilor administra\u0163iei publice \u015fi de la orice func\u0163ionar care poate da informa\u0163iile necesare solu\u0163ion\u0103rii peti\u0163iei.<\/li>\n<li>Emiterea unor\u00a0<strong>recomand\u0103ri <\/strong>ale Avocatului Poporului. Prin recomand\u0103rile emise, Avocatul Poporului sesizeaz\u0103 autorit\u0103\u0163ile administra\u0163iei publice asupra ilegalit\u0103\u0163ii actelor sau faptelor administrative.<\/li>\n<li>\u00cen cazul \u00een care institu\u0163ia Avocatul Poporului constat\u0103 c\u0103 solu\u0163ionarea peti\u0163iei cu care a fost sesizat\u0103 este de competen\u0163a autorit\u0103\u0163ii judec\u0103tore\u015fti, se poate adresa, dup\u0103 caz, ministrului justi\u0163iei, Consiliului Superior al Magistraturii, Ministerului Public sau pre\u015fedintelui instan\u0163ei de judecat\u0103, care este obligat s\u0103 comunice m\u0103surile luate.<\/li>\n<li>\u00cen cazurile \u00een care, Avocatul Poporului constat\u0103, cu prilejul cercet\u0103rilor \u00eentreprinse, lacune \u00een legisla\u0163ie sau cazuri grave de corup\u0163ie ori de nerespectare a legilor \u0163\u0103rii,acesta prezint\u0103 un <strong>raport pre\u015fedin\u0163ilor celor dou\u0103 Camere ale Parlamentului sau, dup\u0103 caz, primului-ministru<\/strong>,\u00a0con\u0163in\u00e2nd cele constatate.<\/li>\n<li>\u00cen\u00a0<strong>rapoartele anuale <\/strong>\u00eentocmite de Avocatul Poporului, acesta poate face recomand\u0103ri privind modificarea legisla\u0163iei sau m\u0103suri de alt\u0103 natur\u0103 pentru ocrotirea drepturilor \u015fi libert\u0103\u0163ilor cet\u0103\u0163enilor.<\/li>\n<\/ol>\n<p style=\"text-align: justify;\"><strong>Activitatea institu\u0163iei Avocatul Poporului are caracter public sau confiden\u0163ial?<\/strong><\/p>\n<p style=\"text-align: justify;\">Activitatea Avocatului Poporului, a adjunc\u0163ilor s\u0103i \u015fi a salaria\u0163ilor care lucreaz\u0103 sub autoritatea acestora are caracter public.<\/p>\n<p style=\"text-align: justify;\">La cererea persoanelor lezate \u00een drepturile \u015fi libert\u0103\u0163ile lor sau, datorit\u0103 unor motive \u00eentemeiate, Avocatul Poporului poate decide asupra caracterului confiden\u0163ial al activit\u0103\u0163ii sale.<\/p>\n<p style=\"text-align: justify;\"><strong>Institu\u0163ia Avocatul Poporului are acces la informa\u0163iile clasificate de\u0163inute de autorit\u0103\u0163ile publice?<\/strong><\/p>\n<p style=\"text-align: justify;\">Avocatul Poporului are acces, \u00een condi\u0163iile legii, la informa\u0163iile clasificate de\u0163inute de autorit\u0103\u0163ile publice, \u00een m\u0103sura \u00een care le consider\u0103 necesare pentru solu\u0163ionarea pl\u00e2ngerilor care i-au fost adresate.\u00a0Avocatul Poporului are obliga\u0163ia de a nu divulga sau de a nu face publice informa\u0163iile sau documentele secrete la care a avut acces. Aceast\u0103 obliga\u0163ie se men\u0163ine \u015fi dup\u0103 \u00eencetarea activit\u0103\u0163ii sale ca Avocat al Poporului \u015fi se extinde asupra adjunc\u0163ilor s\u0103i, precum \u015fi asupra personalului aflat \u00een serviciile sale, sub sanc\u0163iunea prev\u0103zut\u0103 de legea penal\u0103.<\/p>\n<p style=\"text-align: justify;\"><strong>\u00a0<\/strong><\/p>\n<p style=\"text-align: justify;\"><strong>\u00a0<\/strong><\/p>\n<p style=\"text-align: justify;\"><strong>\u00a0<\/strong><\/p>\n<p style=\"text-align: justify;\"><strong>\u00a0<\/strong><\/p>\n<p style=\"text-align: justify;\"><strong>\u00a0<\/strong><\/p>\n<p style=\"text-align: justify;\">\n","protected":false},"excerpt":{"rendered":"<p>Cum va fi solu\u0163ionat\u0103 peti\u0163ia? Peti\u0163ia \u00eenregistrat\u0103 la institu\u0163ia Avocatul Poporului poate parcurge mai multe c\u0103i: \u00cen situa\u0163iile \u00een care informa\u0163iile \/ documentele furnizate sunt insuficiente sau neconcludente,\u00a0vor fi cerute&hellip; <\/p>\n","protected":false},"author":1,"featured_media":0,"parent":47,"menu_order":2,"comment_status":"closed","ping_status":"closed","template":"","meta":{"footnotes":""},"class_list":["post-72","page","type-page","status-publish","hentry"],"yoast_head":"<!-- This site is optimized with the Yoast SEO plugin v27.3 - https:\/\/yoast.com\/product\/yoast-seo-wordpress\/ -->\n<title>Cum va fi solu\u021bionat\u0103 peti\u021bia? - Institu\u021bia Avocatul Poporului<\/title>\n<meta name=\"robots\" content=\"index, follow, max-snippet:-1, max-image-preview:large, max-video-preview:-1\" \/>\n<link rel=\"canonical\" href=\"https:\/\/avp.ro\/index.php\/cum-sesizez-avocatul-poporului\/cum-va-fi-solutionata-petitia\/\" \/>\n<meta property=\"og:locale\" content=\"en_US\" \/>\n<meta property=\"og:type\" content=\"article\" \/>\n<meta property=\"og:title\" content=\"Cum va fi solu\u021bionat\u0103 peti\u021bia? - Institu\u021bia Avocatul Poporului\" \/>\n<meta property=\"og:description\" content=\"Cum va fi solu\u0163ionat\u0103 peti\u0163ia? Peti\u0163ia \u00eenregistrat\u0103 la institu\u0163ia Avocatul Poporului poate parcurge mai multe c\u0103i: \u00cen situa\u0163iile \u00een care informa\u0163iile \/ documentele furnizate sunt insuficiente sau neconcludente,\u00a0vor fi cerute&hellip;\" \/>\n<meta property=\"og:url\" content=\"https:\/\/avp.ro\/index.php\/cum-sesizez-avocatul-poporului\/cum-va-fi-solutionata-petitia\/\" \/>\n<meta property=\"og:site_name\" content=\"Institu\u021bia Avocatul Poporului\" \/>\n<meta property=\"article:modified_time\" content=\"2024-06-04T10:32:51+00:00\" \/>\n<meta name=\"twitter:card\" content=\"summary_large_image\" \/>\n<meta name=\"twitter:label1\" content=\"Est. reading time\" \/>\n\t<meta name=\"twitter:data1\" content=\"4 minutes\" \/>\n<script type=\"application\/ld+json\" class=\"yoast-schema-graph\">{\"@context\":\"https:\\\/\\\/schema.org\",\"@graph\":[{\"@type\":\"WebPage\",\"@id\":\"https:\\\/\\\/avp.ro\\\/index.php\\\/cum-sesizez-avocatul-poporului\\\/cum-va-fi-solutionata-petitia\\\/\",\"url\":\"https:\\\/\\\/avp.ro\\\/index.php\\\/cum-sesizez-avocatul-poporului\\\/cum-va-fi-solutionata-petitia\\\/\",\"name\":\"Cum va fi solu\u021bionat\u0103 peti\u021bia? - Institu\u021bia Avocatul Poporului\",\"isPartOf\":{\"@id\":\"https:\\\/\\\/avp.ro\\\/#website\"},\"datePublished\":\"2020-07-16T06:02:44+00:00\",\"dateModified\":\"2024-06-04T10:32:51+00:00\",\"breadcrumb\":{\"@id\":\"https:\\\/\\\/avp.ro\\\/index.php\\\/cum-sesizez-avocatul-poporului\\\/cum-va-fi-solutionata-petitia\\\/#breadcrumb\"},\"inLanguage\":\"en-US\",\"potentialAction\":[{\"@type\":\"ReadAction\",\"target\":[\"https:\\\/\\\/avp.ro\\\/index.php\\\/cum-sesizez-avocatul-poporului\\\/cum-va-fi-solutionata-petitia\\\/\"]}]},{\"@type\":\"BreadcrumbList\",\"@id\":\"https:\\\/\\\/avp.ro\\\/index.php\\\/cum-sesizez-avocatul-poporului\\\/cum-va-fi-solutionata-petitia\\\/#breadcrumb\",\"itemListElement\":[{\"@type\":\"ListItem\",\"position\":1,\"name\":\"Home\",\"item\":\"https:\\\/\\\/avp.ro\\\/\"},{\"@type\":\"ListItem\",\"position\":2,\"name\":\"CUM SESIZEZ AVP\",\"item\":\"https:\\\/\\\/avp.ro\\\/index.php\\\/cum-sesizez-avocatul-poporului\\\/\"},{\"@type\":\"ListItem\",\"position\":3,\"name\":\"Cum va fi solu\u021bionat\u0103 peti\u021bia?\"}]},{\"@type\":\"WebSite\",\"@id\":\"https:\\\/\\\/avp.ro\\\/#website\",\"url\":\"https:\\\/\\\/avp.ro\\\/\",\"name\":\"Institu\u021bia Avocatul Poporului\",\"description\":\"People\u2019s Advocate institution - Office of the Ombudsman\",\"publisher\":{\"@id\":\"https:\\\/\\\/avp.ro\\\/#organization\"},\"potentialAction\":[{\"@type\":\"SearchAction\",\"target\":{\"@type\":\"EntryPoint\",\"urlTemplate\":\"https:\\\/\\\/avp.ro\\\/?s={search_term_string}\"},\"query-input\":{\"@type\":\"PropertyValueSpecification\",\"valueRequired\":true,\"valueName\":\"search_term_string\"}}],\"inLanguage\":\"en-US\"},{\"@type\":\"Organization\",\"@id\":\"https:\\\/\\\/avp.ro\\\/#organization\",\"name\":\"Institutia Avocatul Poporului\",\"url\":\"https:\\\/\\\/avp.ro\\\/\",\"logo\":{\"@type\":\"ImageObject\",\"inLanguage\":\"en-US\",\"@id\":\"https:\\\/\\\/avp.ro\\\/#\\\/schema\\\/logo\\\/image\\\/\",\"url\":\"https:\\\/\\\/avp.ro\\\/wp-content\\\/uploads\\\/2020\\\/09\\\/cropped-AP.jpg\",\"contentUrl\":\"https:\\\/\\\/avp.ro\\\/wp-content\\\/uploads\\\/2020\\\/09\\\/cropped-AP.jpg\",\"width\":160,\"height\":146,\"caption\":\"Institutia Avocatul Poporului\"},\"image\":{\"@id\":\"https:\\\/\\\/avp.ro\\\/#\\\/schema\\\/logo\\\/image\\\/\"}}]}<\/script>\n<!-- \/ Yoast SEO plugin. -->","yoast_head_json":{"title":"Cum va fi solu\u021bionat\u0103 peti\u021bia? - Institu\u021bia Avocatul Poporului","robots":{"index":"index","follow":"follow","max-snippet":"max-snippet:-1","max-image-preview":"max-image-preview:large","max-video-preview":"max-video-preview:-1"},"canonical":"https:\/\/avp.ro\/index.php\/cum-sesizez-avocatul-poporului\/cum-va-fi-solutionata-petitia\/","og_locale":"en_US","og_type":"article","og_title":"Cum va fi solu\u021bionat\u0103 peti\u021bia? - Institu\u021bia Avocatul Poporului","og_description":"Cum va fi solu\u0163ionat\u0103 peti\u0163ia? Peti\u0163ia \u00eenregistrat\u0103 la institu\u0163ia Avocatul Poporului poate parcurge mai multe c\u0103i: \u00cen situa\u0163iile \u00een care informa\u0163iile \/ documentele furnizate sunt insuficiente sau neconcludente,\u00a0vor fi cerute&hellip;","og_url":"https:\/\/avp.ro\/index.php\/cum-sesizez-avocatul-poporului\/cum-va-fi-solutionata-petitia\/","og_site_name":"Institu\u021bia Avocatul Poporului","article_modified_time":"2024-06-04T10:32:51+00:00","twitter_card":"summary_large_image","twitter_misc":{"Est. reading time":"4 minutes"},"schema":{"@context":"https:\/\/schema.org","@graph":[{"@type":"WebPage","@id":"https:\/\/avp.ro\/index.php\/cum-sesizez-avocatul-poporului\/cum-va-fi-solutionata-petitia\/","url":"https:\/\/avp.ro\/index.php\/cum-sesizez-avocatul-poporului\/cum-va-fi-solutionata-petitia\/","name":"Cum va fi solu\u021bionat\u0103 peti\u021bia? - Institu\u021bia Avocatul Poporului","isPartOf":{"@id":"https:\/\/avp.ro\/#website"},"datePublished":"2020-07-16T06:02:44+00:00","dateModified":"2024-06-04T10:32:51+00:00","breadcrumb":{"@id":"https:\/\/avp.ro\/index.php\/cum-sesizez-avocatul-poporului\/cum-va-fi-solutionata-petitia\/#breadcrumb"},"inLanguage":"en-US","potentialAction":[{"@type":"ReadAction","target":["https:\/\/avp.ro\/index.php\/cum-sesizez-avocatul-poporului\/cum-va-fi-solutionata-petitia\/"]}]},{"@type":"BreadcrumbList","@id":"https:\/\/avp.ro\/index.php\/cum-sesizez-avocatul-poporului\/cum-va-fi-solutionata-petitia\/#breadcrumb","itemListElement":[{"@type":"ListItem","position":1,"name":"Home","item":"https:\/\/avp.ro\/"},{"@type":"ListItem","position":2,"name":"CUM SESIZEZ AVP","item":"https:\/\/avp.ro\/index.php\/cum-sesizez-avocatul-poporului\/"},{"@type":"ListItem","position":3,"name":"Cum va fi solu\u021bionat\u0103 peti\u021bia?"}]},{"@type":"WebSite","@id":"https:\/\/avp.ro\/#website","url":"https:\/\/avp.ro\/","name":"Institu\u021bia Avocatul Poporului","description":"People\u2019s Advocate institution - Office of the Ombudsman","publisher":{"@id":"https:\/\/avp.ro\/#organization"},"potentialAction":[{"@type":"SearchAction","target":{"@type":"EntryPoint","urlTemplate":"https:\/\/avp.ro\/?s={search_term_string}"},"query-input":{"@type":"PropertyValueSpecification","valueRequired":true,"valueName":"search_term_string"}}],"inLanguage":"en-US"},{"@type":"Organization","@id":"https:\/\/avp.ro\/#organization","name":"Institutia Avocatul Poporului","url":"https:\/\/avp.ro\/","logo":{"@type":"ImageObject","inLanguage":"en-US","@id":"https:\/\/avp.ro\/#\/schema\/logo\/image\/","url":"https:\/\/avp.ro\/wp-content\/uploads\/2020\/09\/cropped-AP.jpg","contentUrl":"https:\/\/avp.ro\/wp-content\/uploads\/2020\/09\/cropped-AP.jpg","width":160,"height":146,"caption":"Institutia Avocatul Poporului"},"image":{"@id":"https:\/\/avp.ro\/#\/schema\/logo\/image\/"}}]}},"_links":{"self":[{"href":"https:\/\/avp.ro\/index.php\/wp-json\/wp\/v2\/pages\/72","targetHints":{"allow":["GET"]}}],"collection":[{"href":"https:\/\/avp.ro\/index.php\/wp-json\/wp\/v2\/pages"}],"about":[{"href":"https:\/\/avp.ro\/index.php\/wp-json\/wp\/v2\/types\/page"}],"author":[{"embeddable":true,"href":"https:\/\/avp.ro\/index.php\/wp-json\/wp\/v2\/users\/1"}],"replies":[{"embeddable":true,"href":"https:\/\/avp.ro\/index.php\/wp-json\/wp\/v2\/comments?post=72"}],"version-history":[{"count":9,"href":"https:\/\/avp.ro\/index.php\/wp-json\/wp\/v2\/pages\/72\/revisions"}],"predecessor-version":[{"id":11614,"href":"https:\/\/avp.ro\/index.php\/wp-json\/wp\/v2\/pages\/72\/revisions\/11614"}],"up":[{"embeddable":true,"href":"https:\/\/avp.ro\/index.php\/wp-json\/wp\/v2\/pages\/47"}],"wp:attachment":[{"href":"https:\/\/avp.ro\/index.php\/wp-json\/wp\/v2\/media?parent=72"}],"curies":[{"name":"wp","href":"https:\/\/api.w.org\/{rel}","templated":true}]}}