{"id":79,"date":"2020-07-16T06:08:33","date_gmt":"2020-07-16T06:08:33","guid":{"rendered":"https:\/\/avp.ro\/?page_id=79"},"modified":"2022-03-24T13:39:59","modified_gmt":"2022-03-24T11:39:59","slug":"serviciul-de-audiente","status":"publish","type":"page","link":"https:\/\/avp.ro\/index.php\/cum-sesizez-avocatul-poporului\/serviciul-de-audiente\/","title":{"rendered":"Serviciul de audien\u021be"},"content":{"rendered":"<p>&nbsp;<\/p>\n<p>&nbsp;<\/p>\n<p><strong>Programul de dispecerat, la sediul central<\/strong>:<\/p>\n<p><strong>Luni \u0219i miercuri: 10-14<\/strong><\/p>\n<p><strong>Mar\u021bi \u0219i joi: 12-16<\/strong><\/p>\n<p>&nbsp;<\/p>\n<p><strong><a href=\"https:\/\/avp.ro\/wp-content\/uploads\/2022\/02\/PO-organizarea-si-desfasurarea-activitatii-de-acordare-a-audientelor-1.pdf\">Procedura opera\u021bional\u0103 privind organizarea \u0219i desf\u0103\u0219urarea activit\u0103\u021bii de acordare a audien\u021belor<\/a><\/strong><\/p>\n<p>&nbsp;<\/p>\n<p style=\"font-weight: 400;\"><strong>Men\u0163iuni privind acordarea audien\u0163elor:<\/strong><\/p>\n<p style=\"font-weight: 400;\">Audien\u0163ele sunt acordate de c\u0103tre personalul de specialitate al institu\u0163iei Avocatul Poporului.<\/p>\n<p style=\"font-weight: 400;\"><strong>Peti\u0163ionarii care solicit\u0103 audien\u0163\u0103 la un adjunct al Avocatului Poporului<\/strong><\/p>\n<p style=\"font-weight: 400;\">Vor depune o cerere referitoare la problemele reclamate, urm\u00e2nd a li se comunica data la care adjunctul Avocatului Poporului le poate acorda audien\u0163\u0103. Dup\u0103 acordarea audien\u0163ei de c\u0103tre personalul de specialitate, persoanele nemul\u0163umite pot solicita motivat acordarea de audien\u0163e la adjunctul Avocatului Poporului specializat \u00een problema sesizat\u0103.<\/p>\n<p style=\"font-weight: 400;\"><strong>Peti\u0163ionarii pot solicita audien\u0163\u0103 la Avocatul Poporului<\/strong><\/p>\n<p style=\"font-weight: 400;\">Dup\u0103 parcurgerea procedurii men\u0163ionate mai sus. \u00cen acest scop, peti\u0163ionarii vor formula \u00een scris o cerere motivat\u0103, urm\u00e2nd ca Avocatul Poporului s\u0103 decid\u0103 asupra temeiniciei cererii \u015fi acord\u0103rii audien\u0163ei.<\/p>\n<p>&nbsp;<\/p>\n<p>&nbsp;<\/p>\n","protected":false},"excerpt":{"rendered":"<p>&nbsp; &nbsp; Programul de dispecerat, la sediul central: Luni \u0219i miercuri: 10-14 Mar\u021bi \u0219i joi: 12-16 &nbsp; Procedura opera\u021bional\u0103 privind organizarea \u0219i desf\u0103\u0219urarea activit\u0103\u021bii de acordare a audien\u021belor &nbsp; Men\u0163iuni&hellip; <\/p>\n","protected":false},"author":1,"featured_media":0,"parent":47,"menu_order":5,"comment_status":"closed","ping_status":"closed","template":"","meta":{"footnotes":""},"class_list":["post-79","page","type-page","status-publish","hentry"],"yoast_head":"<!-- This site is optimized with the Yoast SEO plugin v27.3 - https:\/\/yoast.com\/product\/yoast-seo-wordpress\/ -->\n<title>Serviciul de audien\u021be - Institu\u021bia Avocatul Poporului<\/title>\n<meta name=\"robots\" content=\"index, follow, max-snippet:-1, max-image-preview:large, max-video-preview:-1\" \/>\n<link rel=\"canonical\" href=\"https:\/\/avp.ro\/index.php\/cum-sesizez-avocatul-poporului\/serviciul-de-audiente\/\" \/>\n<meta property=\"og:locale\" content=\"en_US\" \/>\n<meta property=\"og:type\" content=\"article\" \/>\n<meta property=\"og:title\" content=\"Serviciul de audien\u021be - Institu\u021bia Avocatul Poporului\" \/>\n<meta property=\"og:description\" content=\"&nbsp; &nbsp; Programul de dispecerat, la sediul central: Luni \u0219i miercuri: 10-14 Mar\u021bi \u0219i joi: 12-16 &nbsp; Procedura opera\u021bional\u0103 privind organizarea \u0219i desf\u0103\u0219urarea activit\u0103\u021bii de acordare a audien\u021belor &nbsp; Men\u0163iuni&hellip;\" \/>\n<meta property=\"og:url\" content=\"https:\/\/avp.ro\/index.php\/cum-sesizez-avocatul-poporului\/serviciul-de-audiente\/\" \/>\n<meta property=\"og:site_name\" content=\"Institu\u021bia Avocatul Poporului\" \/>\n<meta property=\"article:modified_time\" content=\"2022-03-24T11:39:59+00:00\" \/>\n<meta name=\"twitter:card\" content=\"summary_large_image\" \/>\n<meta name=\"twitter:label1\" content=\"Est. reading time\" \/>\n\t<meta name=\"twitter:data1\" content=\"1 minute\" \/>\n<script type=\"application\/ld+json\" class=\"yoast-schema-graph\">{\"@context\":\"https:\\\/\\\/schema.org\",\"@graph\":[{\"@type\":\"WebPage\",\"@id\":\"https:\\\/\\\/avp.ro\\\/index.php\\\/cum-sesizez-avocatul-poporului\\\/serviciul-de-audiente\\\/\",\"url\":\"https:\\\/\\\/avp.ro\\\/index.php\\\/cum-sesizez-avocatul-poporului\\\/serviciul-de-audiente\\\/\",\"name\":\"Serviciul de audien\u021be - Institu\u021bia Avocatul Poporului\",\"isPartOf\":{\"@id\":\"https:\\\/\\\/avp.ro\\\/#website\"},\"datePublished\":\"2020-07-16T06:08:33+00:00\",\"dateModified\":\"2022-03-24T11:39:59+00:00\",\"breadcrumb\":{\"@id\":\"https:\\\/\\\/avp.ro\\\/index.php\\\/cum-sesizez-avocatul-poporului\\\/serviciul-de-audiente\\\/#breadcrumb\"},\"inLanguage\":\"en-US\",\"potentialAction\":[{\"@type\":\"ReadAction\",\"target\":[\"https:\\\/\\\/avp.ro\\\/index.php\\\/cum-sesizez-avocatul-poporului\\\/serviciul-de-audiente\\\/\"]}]},{\"@type\":\"BreadcrumbList\",\"@id\":\"https:\\\/\\\/avp.ro\\\/index.php\\\/cum-sesizez-avocatul-poporului\\\/serviciul-de-audiente\\\/#breadcrumb\",\"itemListElement\":[{\"@type\":\"ListItem\",\"position\":1,\"name\":\"Home\",\"item\":\"https:\\\/\\\/avp.ro\\\/\"},{\"@type\":\"ListItem\",\"position\":2,\"name\":\"CUM SESIZEZ AVP\",\"item\":\"https:\\\/\\\/avp.ro\\\/index.php\\\/cum-sesizez-avocatul-poporului\\\/\"},{\"@type\":\"ListItem\",\"position\":3,\"name\":\"Serviciul de audien\u021be\"}]},{\"@type\":\"WebSite\",\"@id\":\"https:\\\/\\\/avp.ro\\\/#website\",\"url\":\"https:\\\/\\\/avp.ro\\\/\",\"name\":\"Institu\u021bia Avocatul Poporului\",\"description\":\"People\u2019s Advocate institution - Office of the Ombudsman\",\"publisher\":{\"@id\":\"https:\\\/\\\/avp.ro\\\/#organization\"},\"potentialAction\":[{\"@type\":\"SearchAction\",\"target\":{\"@type\":\"EntryPoint\",\"urlTemplate\":\"https:\\\/\\\/avp.ro\\\/?s={search_term_string}\"},\"query-input\":{\"@type\":\"PropertyValueSpecification\",\"valueRequired\":true,\"valueName\":\"search_term_string\"}}],\"inLanguage\":\"en-US\"},{\"@type\":\"Organization\",\"@id\":\"https:\\\/\\\/avp.ro\\\/#organization\",\"name\":\"Institutia Avocatul Poporului\",\"url\":\"https:\\\/\\\/avp.ro\\\/\",\"logo\":{\"@type\":\"ImageObject\",\"inLanguage\":\"en-US\",\"@id\":\"https:\\\/\\\/avp.ro\\\/#\\\/schema\\\/logo\\\/image\\\/\",\"url\":\"https:\\\/\\\/avp.ro\\\/wp-content\\\/uploads\\\/2020\\\/09\\\/cropped-AP.jpg\",\"contentUrl\":\"https:\\\/\\\/avp.ro\\\/wp-content\\\/uploads\\\/2020\\\/09\\\/cropped-AP.jpg\",\"width\":160,\"height\":146,\"caption\":\"Institutia Avocatul Poporului\"},\"image\":{\"@id\":\"https:\\\/\\\/avp.ro\\\/#\\\/schema\\\/logo\\\/image\\\/\"}}]}<\/script>\n<!-- \/ Yoast SEO plugin. -->","yoast_head_json":{"title":"Serviciul de audien\u021be - Institu\u021bia Avocatul Poporului","robots":{"index":"index","follow":"follow","max-snippet":"max-snippet:-1","max-image-preview":"max-image-preview:large","max-video-preview":"max-video-preview:-1"},"canonical":"https:\/\/avp.ro\/index.php\/cum-sesizez-avocatul-poporului\/serviciul-de-audiente\/","og_locale":"en_US","og_type":"article","og_title":"Serviciul de audien\u021be - Institu\u021bia Avocatul Poporului","og_description":"&nbsp; &nbsp; Programul de dispecerat, la sediul central: Luni \u0219i miercuri: 10-14 Mar\u021bi \u0219i joi: 12-16 &nbsp; Procedura opera\u021bional\u0103 privind organizarea \u0219i desf\u0103\u0219urarea activit\u0103\u021bii de acordare a audien\u021belor &nbsp; Men\u0163iuni&hellip;","og_url":"https:\/\/avp.ro\/index.php\/cum-sesizez-avocatul-poporului\/serviciul-de-audiente\/","og_site_name":"Institu\u021bia Avocatul Poporului","article_modified_time":"2022-03-24T11:39:59+00:00","twitter_card":"summary_large_image","twitter_misc":{"Est. reading time":"1 minute"},"schema":{"@context":"https:\/\/schema.org","@graph":[{"@type":"WebPage","@id":"https:\/\/avp.ro\/index.php\/cum-sesizez-avocatul-poporului\/serviciul-de-audiente\/","url":"https:\/\/avp.ro\/index.php\/cum-sesizez-avocatul-poporului\/serviciul-de-audiente\/","name":"Serviciul de audien\u021be - Institu\u021bia Avocatul Poporului","isPartOf":{"@id":"https:\/\/avp.ro\/#website"},"datePublished":"2020-07-16T06:08:33+00:00","dateModified":"2022-03-24T11:39:59+00:00","breadcrumb":{"@id":"https:\/\/avp.ro\/index.php\/cum-sesizez-avocatul-poporului\/serviciul-de-audiente\/#breadcrumb"},"inLanguage":"en-US","potentialAction":[{"@type":"ReadAction","target":["https:\/\/avp.ro\/index.php\/cum-sesizez-avocatul-poporului\/serviciul-de-audiente\/"]}]},{"@type":"BreadcrumbList","@id":"https:\/\/avp.ro\/index.php\/cum-sesizez-avocatul-poporului\/serviciul-de-audiente\/#breadcrumb","itemListElement":[{"@type":"ListItem","position":1,"name":"Home","item":"https:\/\/avp.ro\/"},{"@type":"ListItem","position":2,"name":"CUM SESIZEZ AVP","item":"https:\/\/avp.ro\/index.php\/cum-sesizez-avocatul-poporului\/"},{"@type":"ListItem","position":3,"name":"Serviciul de audien\u021be"}]},{"@type":"WebSite","@id":"https:\/\/avp.ro\/#website","url":"https:\/\/avp.ro\/","name":"Institu\u021bia Avocatul Poporului","description":"People\u2019s Advocate institution - Office of the Ombudsman","publisher":{"@id":"https:\/\/avp.ro\/#organization"},"potentialAction":[{"@type":"SearchAction","target":{"@type":"EntryPoint","urlTemplate":"https:\/\/avp.ro\/?s={search_term_string}"},"query-input":{"@type":"PropertyValueSpecification","valueRequired":true,"valueName":"search_term_string"}}],"inLanguage":"en-US"},{"@type":"Organization","@id":"https:\/\/avp.ro\/#organization","name":"Institutia Avocatul Poporului","url":"https:\/\/avp.ro\/","logo":{"@type":"ImageObject","inLanguage":"en-US","@id":"https:\/\/avp.ro\/#\/schema\/logo\/image\/","url":"https:\/\/avp.ro\/wp-content\/uploads\/2020\/09\/cropped-AP.jpg","contentUrl":"https:\/\/avp.ro\/wp-content\/uploads\/2020\/09\/cropped-AP.jpg","width":160,"height":146,"caption":"Institutia Avocatul Poporului"},"image":{"@id":"https:\/\/avp.ro\/#\/schema\/logo\/image\/"}}]}},"_links":{"self":[{"href":"https:\/\/avp.ro\/index.php\/wp-json\/wp\/v2\/pages\/79","targetHints":{"allow":["GET"]}}],"collection":[{"href":"https:\/\/avp.ro\/index.php\/wp-json\/wp\/v2\/pages"}],"about":[{"href":"https:\/\/avp.ro\/index.php\/wp-json\/wp\/v2\/types\/page"}],"author":[{"embeddable":true,"href":"https:\/\/avp.ro\/index.php\/wp-json\/wp\/v2\/users\/1"}],"replies":[{"embeddable":true,"href":"https:\/\/avp.ro\/index.php\/wp-json\/wp\/v2\/comments?post=79"}],"version-history":[{"count":14,"href":"https:\/\/avp.ro\/index.php\/wp-json\/wp\/v2\/pages\/79\/revisions"}],"predecessor-version":[{"id":5767,"href":"https:\/\/avp.ro\/index.php\/wp-json\/wp\/v2\/pages\/79\/revisions\/5767"}],"up":[{"embeddable":true,"href":"https:\/\/avp.ro\/index.php\/wp-json\/wp\/v2\/pages\/47"}],"wp:attachment":[{"href":"https:\/\/avp.ro\/index.php\/wp-json\/wp\/v2\/media?parent=79"}],"curies":[{"name":"wp","href":"https:\/\/api.w.org\/{rel}","templated":true}]}}