{"id":8084,"date":"2023-02-01T16:38:01","date_gmt":"2023-02-01T14:38:01","guid":{"rendered":"https:\/\/avp.ro\/?page_id=8084"},"modified":"2024-04-10T14:51:43","modified_gmt":"2024-04-10T12:51:43","slug":"camine-pentru-persoane-varstnice-2023","status":"publish","type":"page","link":"https:\/\/avp.ro\/index.php\/camine-pentru-persoane-varstnice-2023\/","title":{"rendered":"C\u0102MINE PENTRU PERSOANE V\u0102RSTNICE 2023"},"content":{"rendered":"<p>&nbsp;<\/p>\n<p>&nbsp;<\/p>\n<p>20. <a href=\"https:\/\/avp.ro\/wp-content\/uploads\/2024\/01\/Raport-vizita-Caminul-pentru-Persoane-Varstnice-Focsani.pdf\">Raportul privind vizita efectuat\u0103 la C\u0103minul pentru Persoane V\u00e2rstnice Foc\u0219ani, jude\u021bul Vrancea<\/a><\/p>\n<p style=\"padding-left: 40px;\"><a href=\"https:\/\/avp.ro\/wp-content\/uploads\/2024\/03\/Raspuns-DAS-Focsani.pdf\">&#8211; R\u0103spunsul conducerii Direc\u021biei de Asisten\u021b\u0103 Social\u0103 Foc\u0219ani<\/a><\/p>\n<p>19. <a href=\"https:\/\/avp.ro\/wp-content\/uploads\/2023\/10\/Raportul-de-vizita-privind-Centrul-Rezidential-pentru-Persoane-Varstnice-\u201eNIKOLAS-judetul-Constanta.pdf\">Raportul <\/a><a href=\"https:\/\/avp.ro\/wp-content\/uploads\/2023\/10\/Raportul-de-vizita-privind-Centrul-Rezidential-pentru-Persoane-Varstnice-\u201eNIKOLAS-judetul-Constanta.pdf\">privind <\/a><a href=\"https:\/\/avp.ro\/wp-content\/uploads\/2023\/10\/Raportul-de-vizita-privind-Centrul-Rezidential-pentru-Persoane-Varstnice-\u201eNIKOLAS-judetul-Constanta.pdf\">vizita efectuat\u0103 la Centrul Reziden\u021bial pentru Persoane V\u00e2rstnice \u201eNIKOLAS\u201d, jude\u021bul Constan\u021ba<\/a><\/p>\n<p style=\"padding-left: 40px;\"><a href=\"https:\/\/avp.ro\/wp-content\/uploads\/2023\/11\/Raspunsul-primit-de-la-Asociatia-KRONOS-pentru-CRPV-Nikolas.pdf\">&#8211; R\u0103spunsul Asocia\u021biei KRONOS pentru CRPV Nikolas<\/a><\/p>\n<p>18. <a href=\"https:\/\/avp.ro\/wp-content\/uploads\/2023\/07\/Raportul-privind-vizita-desfasurata-la-Unitatea-de-Asistenta-Medico-Sociala-Dedulesti-sat-Dedulesti-comuna-Moraresti-jud.-Arges.pdf\">Raportul privind vizita desf\u0103\u0219urat\u0103 la Unitatea de Asisten\u021b\u0103 Medico-Social\u0103 Dedule\u0219ti, sat Dedule\u0219ti, comuna Mor\u0103re\u0219ti, jud. Arge\u0219<\/a><\/p>\n<p style=\"padding-left: 40px;\"><a href=\"https:\/\/avp.ro\/wp-content\/uploads\/2023\/07\/Raspuns-UAMS-Dedulesti.pdf\">&#8211; R\u0103spunsul Unit\u0103\u021bii de Asisten\u021b\u0103 Medico-Social\u0103 Dedule\u0219ti &#8211; 14 iulie 2023<\/a><\/p>\n<p style=\"padding-left: 40px;\"><a href=\"https:\/\/avp.ro\/wp-content\/uploads\/2024\/01\/Raspuns-UAMS-Dedulesti-2.pdf\">&#8211; R\u0103spunsul Unit\u0103\u021bii de Asisten\u021b\u0103 Medico-Social\u0103 Dedule\u0219ti &#8211; 16 ianuarie 2024<\/a><\/p>\n<p>17.\u00a0<a href=\"https:\/\/avp.ro\/wp-content\/uploads\/2023\/07\/Raportul-de-vizita-de-la-Caminul-pentru-Persoane-Varstnice-Topliceni-judetul-Buzau.pdf\">Raportul privind vizita efectuat\u0103 la C\u0103minul pentru Persoane V\u00e2rstnice Topliceni, jude\u021bul Buz\u0103u<\/a><\/p>\n<p style=\"padding-left: 40px;\"><a href=\"https:\/\/avp.ro\/wp-content\/uploads\/2023\/08\/Raspuns-Camin-de-Batrani-Topliceni.pdf\">&#8211; R\u0103spunsul C\u0103minului pentru Persoane V\u00e2rstnice Topliceni, jude\u021bul Buz\u0103u<\/a><\/p>\n<p>16. <a href=\"https:\/\/avp.ro\/wp-content\/uploads\/2023\/07\/RV-CPV-Pasarea_IF.pdf\">Raportul privind vizita efectuat\u0103 la A\u0219ez\u0103m\u00e2ntul social C\u0103minul de b\u0103tr\u00e2ni Pas\u0103rea, din comuna Br\u0103ne\u0219ti, jude\u021bul Ilfov<\/a><\/p>\n<p style=\"padding-left: 40px;\"><a href=\"https:\/\/avp.ro\/wp-content\/uploads\/2023\/08\/Rapuns-CPV-Pasarea.pdf\">-R\u0103spunsul A\u0219ez\u0103m\u00e2ntului social \u201dC\u0103minul de b\u0103tr\u00e2ni Pas\u0103rea\u201d, din comuna Br\u0103ne\u0219ti, jude\u021bul Ilfov<\/a><\/p>\n<p>15. <a href=\"https:\/\/avp.ro\/wp-content\/uploads\/2023\/06\/Caminul-pentru-Persoane-Varstnice-Voluntari.pdf\">Raportul privind vizita desf\u0103\u0219urat\u0103 C\u0103minul pentru Persoane V\u00e2rstnice Voluntari, jude\u021bul Ilfov<\/a><\/p>\n<p style=\"padding-left: 40px;\"><a href=\"https:\/\/avp.ro\/wp-content\/uploads\/2023\/07\/Raspunsul-primit-de-la-CPV-Voluntari.pdf\">&#8211; R\u0103spunsul primit de la C\u0103minul pentru Persoane V\u00e2rstnice Voluntari<\/a><\/p>\n<p>14. <a href=\"https:\/\/avp.ro\/wp-content\/uploads\/2023\/06\/UAMS-Boldesti-Scaeni-raport-de-vizita.pdf\">Raportul privind vizita desf\u0103\u0219urat\u0103 la Unitatea de asisten\u021b\u0103 medico-social\u0103 Bolde\u0219ti-Sc\u0103eni<\/a><\/p>\n<p style=\"padding-left: 40px;\"><a href=\"https:\/\/avp.ro\/wp-content\/uploads\/2023\/07\/Raspuns-UAMS-Boldesti-Scaeni.pdf\">&#8211; R\u0103spunsul Unit\u0103\u021bii de Asisten\u021b\u0103 Medico-Social\u0103 Bolde\u0219ti-Sc\u0103eni<\/a><\/p>\n<p>13. <a href=\"https:\/\/avp.ro\/wp-content\/uploads\/2023\/06\/Raport-de-vizita-CAMS-Niculesti.pdf\">Raportul privind vizita desf\u0103\u0219urat\u0103 la Centrul de asisten\u021b\u0103 medico-social\u0103 Nicule\u0219ti, comuna Nicule\u0219ti, sat Movila, jude\u021bul D\u00e2mbovi\u021ba\u00a0<\/a><\/p>\n<p style=\"padding-left: 40px;\"><a href=\"https:\/\/avp.ro\/wp-content\/uploads\/2023\/11\/Raspuns-CAMS-Niculesti.pdf\">-R\u0103spunsul Centrului de Asisten\u021b\u0103 Medico-Social\u0103 Nicule\u0219ti, jud. D\u00e2mbovi\u021ba<\/a><\/p>\n<p style=\"padding-left: 40px;\"><a href=\"https:\/\/avp.ro\/wp-content\/uploads\/2023\/11\/Raspuns-Ministerul-Muncii-si-Solidaritatii-Sociale.pdf\">-R\u0103spunsul Ministerului Muncii si Solidarit\u0103\u021bii Sociale<\/a><\/p>\n<p style=\"padding-left: 40px;\"><a href=\"https:\/\/avp.ro\/wp-content\/uploads\/2023\/11\/Raspuns-MS_raport13_2023.pdf\">-R\u0103spunsul Ministerului S\u0103n\u0103t\u0103\u021bii<\/a><\/p>\n<p style=\"padding-left: 40px;\"><a href=\"https:\/\/avp.ro\/wp-content\/uploads\/2024\/04\/Raspuns-AJPIS-DB-.pdf\">-R\u0103spunsul Agen\u021biei Jude\u021bene pentru Pl\u0103\u021bi \u0219i Inspec\u021bie Social\u0103 D\u00e2mbovi\u021ba<\/a><\/p>\n<p style=\"padding-left: 40px;\"><a href=\"https:\/\/avp.ro\/wp-content\/uploads\/2024\/04\/Raspuns-AJPIS-DB-2.pdf\">-R\u0103spunsul Agen\u021biei Jude\u021bene pentru Pl\u0103\u021bi \u0219i Inspec\u021bie Social\u0103 D\u00e2mbovi\u021ba<\/a><\/p>\n<p>12. <a href=\"https:\/\/avp.ro\/wp-content\/uploads\/2023\/05\/RV-CPV-Breaza.pdf\">R<\/a><a href=\"https:\/\/avp.ro\/wp-content\/uploads\/2023\/05\/RV-CPV-Breaza.pdf\">aportul privind vizita efectuat\u0103 la C\u0103minul pentru Persoane V\u00e2rstnice &#8211; Centru \u00eengrijire b\u0103tr\u00e2ni, din loc. Breaza, jud. Prahova<\/a><\/p>\n<p style=\"padding-left: 40px;\"><a href=\"https:\/\/avp.ro\/wp-content\/uploads\/2023\/06\/raspuns-CPV-Breaza-16636_19.06.2023.pdf\">&#8211; R\u0103spunsul C\u0103minului pentru Persoane V\u00e2rstnice &#8211; Centru \u00eengrijire b\u0103tr\u00e2ni, din loc. Breaza, jud. Prahova<\/a><\/p>\n<p>11. <a href=\"https:\/\/avp.ro\/wp-content\/uploads\/2023\/05\/RV-CPV-Zimnicea.pdf\">Raportul privind vizita efectuat\u0103 la Centrul Social pentru Recuperare Persoane V\u00e2rstnice Zimnicea, jude\u021bul Teleorman<\/a><\/p>\n<p style=\"padding-left: 40px;\"><a href=\"https:\/\/avp.ro\/wp-content\/uploads\/2023\/06\/Raspuns-DAS-Zimnicea-16168_13.06.2023-pt.-CPV.pdf\">&#8211; R\u0103spunsul Direc\u021biei Publice de Asisten\u021b\u0103 Social\u0103 a ora\u0219ului Zimnicea, jude\u021bul Teleorman pentru Centrul Social pentru Recuperare Persoane V\u00e2rstnice Zimnicea<\/a><\/p>\n<p>10. <a href=\"https:\/\/avp.ro\/wp-content\/uploads\/2023\/05\/RV-CPV-Pui-HD.pdf\">Raportul privind vizita efectuat\u0103 la C\u0103minul pentru Persoane V\u00e2rstnice Pui, jude\u021bul Hunedoara<\/a><\/p>\n<p style=\"padding-left: 40px;\"><a href=\"https:\/\/avp.ro\/wp-content\/uploads\/2023\/06\/Raspuns-CPV-Pui-HD.pdf\">&#8211; R\u0103spunsul primit de la C\u0103minul pentru Persoane V\u00e2rstnice Pui, jud. Hunedoara<\/a><\/p>\n<p>9. <a href=\"https:\/\/avp.ro\/wp-content\/uploads\/2023\/05\/Caminul-de-batrani-Confidence.pdf\">Raportul privind vizita efectuat\u0103 la C\u0103minul Bunicilor Confidence, jude\u021bul Giurgiu<\/a><\/p>\n<p style=\"padding-left: 40px;\"><a href=\"https:\/\/avp.ro\/wp-content\/uploads\/2023\/05\/Raspuns_Caminul-de-batrani-Confidence.pdf\">&#8211; R\u0103spunsul primit de la C\u0103minul Bunicilor Confidence<\/a><\/p>\n<p>8. <a href=\"https:\/\/avp.ro\/wp-content\/uploads\/2023\/05\/raport-saelele.pdf\">Raportul privind vizita efectuat\u0103 la Centrul Social pentru \u00cengrijire B\u0103tr\u00e2ni Saelele, jude\u021bul Teleorman<\/a><\/p>\n<p style=\"padding-left: 40px;\"><a href=\"https:\/\/avp.ro\/wp-content\/uploads\/2023\/06\/Raspuns-Centrul-pentru-Ingrijire-Batrani-Saelele.pdf\">-R\u0103spunsul Centrului pentru \u00cengrijire B\u0103tr\u00e2ni Saelele, jude\u021bul Teleorman<\/a><\/p>\n<p>7. <a href=\"https:\/\/avp.ro\/wp-content\/uploads\/2023\/05\/raport-vizita-bucsani.pdf\">Raportul privind vizita efectuat\u0103 la Centrul de Asisten\u021b\u0103 Medico-Social\u0103 Buc\u0219ani, jude\u021bul D\u00e2mbovi\u021ba<\/a><\/p>\n<p style=\"padding-left: 40px;\"><a href=\"https:\/\/avp.ro\/wp-content\/uploads\/2023\/05\/Raspuns-CAMS-BUCSANI.pdf\">-R\u0103spunsul Centrului de Asisten\u021b\u0103 Medico-Social\u0103 Buc\u0219ani, jude\u021bul D\u00e2mbovi\u021ba<\/a><\/p>\n<p>6. <a href=\"https:\/\/avp.ro\/wp-content\/uploads\/2023\/03\/Raport-CPV-Mozaceni.pdf\">Raportul privind vizita efectuat\u0103 la\u00a0C\u0103minul pentru Persoane V\u00e2rstnice Moz\u0103ceni, jude\u021bul Arge\u0219<\/a><\/p>\n<p style=\"padding-left: 40px;\"><a href=\"https:\/\/avp.ro\/wp-content\/uploads\/2023\/04\/Raspuns-Recomandari-CPV-Mozaceni.pdf\">-R\u0103spunsul primit de la C\u0103minul pentru Persoane V\u00e2rstnice Moz\u0103ceni, jud. Arge\u0219<\/a><\/p>\n<p>5. <a href=\"https:\/\/avp.ro\/wp-content\/uploads\/2023\/03\/Raport-vizita-CPV-Agapia.pdf\">Raportul privind vizita efectuat\u0103 la C\u0103minul pentru Persoane V\u00e2rstnice Agapia, jude\u021bul Neam\u021b<\/a><\/p>\n<p style=\"padding-left: 40px;\"><a href=\"https:\/\/avp.ro\/wp-content\/uploads\/2023\/05\/Raspuns-CPV-Varatec.pdf\">-R\u0103spunsul conducerii C\u0103minului pentru persoane v\u00e2rstnice V\u0103ratec-Agapia, jude\u021bul Neam\u021b<\/a><\/p>\n<p>4. <a href=\"https:\/\/avp.ro\/wp-content\/uploads\/2023\/03\/Raport-Vizita-Camin-pentru-Persoane-Varstnice-Sibiu.pdf\">Raportul privind vizita efectuat\u0103 la C\u0103minul pentru Persoane V\u00e2rstnice Sibiu<\/a><\/p>\n<p style=\"padding-left: 40px;\"><a href=\"https:\/\/avp.ro\/wp-content\/uploads\/2023\/04\/Raspuns-DAS-CPV-SB.pdf\">-R\u0103spunsul primit de la Direc\u021bia de Asisten\u021b\u0103 Social\u0103 Sibiu<\/a><\/p>\n<p style=\"padding-left: 40px;\"><a href=\"https:\/\/avp.ro\/wp-content\/uploads\/2023\/05\/Raspuns-Primaria-Sibiu-CPV-Sibiu.pdf\">-R\u0103spunsul primit de la Prim\u0103ria Sibiu<\/a><\/p>\n<p>3. <a href=\"https:\/\/avp.ro\/wp-content\/uploads\/2023\/03\/20230303113641.pdf\">Raportul privind vizita efectuat\u0103 la Complexul Reziden\u021bial pentru Persoane V\u00e2rstnice\u00a0 &#8211; Pensionari F\u00eent\u00eenele<\/a><\/p>\n<p style=\"padding-left: 40px;\"><a href=\"https:\/\/avp.ro\/wp-content\/uploads\/2023\/03\/Raspunsul-Centrului-rezidential-pentru-persoane-Varstnice-\u2013-Pensionari-Fintinele-judetul-Prahova.pdf\">-R\u0103spunsul Centrului reziden\u021bial pentru persoane V\u00e2rstnice \u2013 Pensionari F\u00eent\u00eenele, jude\u021bul Prahova<\/a><\/p>\n<p>2. <a href=\"https:\/\/avp.ro\/wp-content\/uploads\/2023\/02\/Raport-CRPV-Moinesti-.pdf\">Raport privind vizita efectuat\u0103 la Centrul Reziden\u021bial pentru Persoane V\u00e2rstnice Moine\u0219ti, jude\u021bul Bac\u0103u<\/a><\/p>\n<p style=\"padding-left: 40px;\"><a href=\"https:\/\/avp.ro\/wp-content\/uploads\/2023\/12\/Raspuns-CPV-Moinesti.pdf\">-R\u0103spunsul conducerii Centrului Reziden\u021bial pentru Persoane V\u00e2rstnice Moine\u0219ti<\/a><\/p>\n<p>1. <a href=\"https:\/\/avp.ro\/wp-content\/uploads\/2023\/02\/20230201141816.pdf\">Raport privind vizita efectuat\u0103 la C\u0103minul pentru Persoane V\u00e2rstnice Serenity Home<\/a><\/p>\n<p style=\"padding-left: 40px;\"><a href=\"https:\/\/avp.ro\/wp-content\/uploads\/2023\/03\/Raspunsurile-primite-de-la-Caminul-pentru-Persoane-Varstnice-Serenity-Home.pdf\">-R\u0103spunsurile primite de la C\u0103minul pentru Persoane V\u00e2rstnice Serenity Home<\/a><\/p>\n","protected":false},"excerpt":{"rendered":"<p>&nbsp; &nbsp; 20. Raportul privind vizita efectuat\u0103 la C\u0103minul pentru Persoane V\u00e2rstnice Foc\u0219ani, jude\u021bul Vrancea &#8211; R\u0103spunsul conducerii Direc\u021biei de Asisten\u021b\u0103 Social\u0103 Foc\u0219ani 19. Raportul privind vizita efectuat\u0103 la Centrul&hellip; <\/p>\n","protected":false},"author":1,"featured_media":0,"parent":0,"menu_order":0,"comment_status":"closed","ping_status":"closed","template":"","meta":{"footnotes":""},"class_list":["post-8084","page","type-page","status-publish","hentry"],"yoast_head":"<!-- This site is optimized with the Yoast SEO plugin v27.3 - https:\/\/yoast.com\/product\/yoast-seo-wordpress\/ -->\n<title>C\u0102MINE PENTRU PERSOANE V\u0102RSTNICE 2023 - Institu\u021bia Avocatul Poporului<\/title>\n<meta name=\"robots\" content=\"index, follow, max-snippet:-1, max-image-preview:large, max-video-preview:-1\" \/>\n<link rel=\"canonical\" href=\"https:\/\/avp.ro\/index.php\/camine-pentru-persoane-varstnice-2023\/\" \/>\n<meta property=\"og:locale\" content=\"en_US\" \/>\n<meta property=\"og:type\" content=\"article\" \/>\n<meta property=\"og:title\" content=\"C\u0102MINE PENTRU PERSOANE V\u0102RSTNICE 2023 - Institu\u021bia Avocatul Poporului\" \/>\n<meta property=\"og:description\" content=\"&nbsp; &nbsp; 20. Raportul privind vizita efectuat\u0103 la C\u0103minul pentru Persoane V\u00e2rstnice Foc\u0219ani, jude\u021bul Vrancea &#8211; R\u0103spunsul conducerii Direc\u021biei de Asisten\u021b\u0103 Social\u0103 Foc\u0219ani 19. Raportul privind vizita efectuat\u0103 la Centrul&hellip;\" \/>\n<meta property=\"og:url\" content=\"https:\/\/avp.ro\/index.php\/camine-pentru-persoane-varstnice-2023\/\" \/>\n<meta property=\"og:site_name\" content=\"Institu\u021bia Avocatul Poporului\" \/>\n<meta property=\"article:modified_time\" content=\"2024-04-10T12:51:43+00:00\" \/>\n<meta name=\"twitter:card\" content=\"summary_large_image\" \/>\n<meta name=\"twitter:label1\" content=\"Est. reading time\" \/>\n\t<meta name=\"twitter:data1\" content=\"3 minutes\" \/>\n<script type=\"application\/ld+json\" class=\"yoast-schema-graph\">{\"@context\":\"https:\\\/\\\/schema.org\",\"@graph\":[{\"@type\":\"WebPage\",\"@id\":\"https:\\\/\\\/avp.ro\\\/index.php\\\/camine-pentru-persoane-varstnice-2023\\\/\",\"url\":\"https:\\\/\\\/avp.ro\\\/index.php\\\/camine-pentru-persoane-varstnice-2023\\\/\",\"name\":\"C\u0102MINE PENTRU PERSOANE V\u0102RSTNICE 2023 - Institu\u021bia Avocatul Poporului\",\"isPartOf\":{\"@id\":\"https:\\\/\\\/avp.ro\\\/#website\"},\"datePublished\":\"2023-02-01T14:38:01+00:00\",\"dateModified\":\"2024-04-10T12:51:43+00:00\",\"breadcrumb\":{\"@id\":\"https:\\\/\\\/avp.ro\\\/index.php\\\/camine-pentru-persoane-varstnice-2023\\\/#breadcrumb\"},\"inLanguage\":\"en-US\",\"potentialAction\":[{\"@type\":\"ReadAction\",\"target\":[\"https:\\\/\\\/avp.ro\\\/index.php\\\/camine-pentru-persoane-varstnice-2023\\\/\"]}]},{\"@type\":\"BreadcrumbList\",\"@id\":\"https:\\\/\\\/avp.ro\\\/index.php\\\/camine-pentru-persoane-varstnice-2023\\\/#breadcrumb\",\"itemListElement\":[{\"@type\":\"ListItem\",\"position\":1,\"name\":\"Home\",\"item\":\"https:\\\/\\\/avp.ro\\\/\"},{\"@type\":\"ListItem\",\"position\":2,\"name\":\"C\u0102MINE PENTRU PERSOANE V\u0102RSTNICE 2023\"}]},{\"@type\":\"WebSite\",\"@id\":\"https:\\\/\\\/avp.ro\\\/#website\",\"url\":\"https:\\\/\\\/avp.ro\\\/\",\"name\":\"Institu\u021bia Avocatul Poporului\",\"description\":\"People\u2019s Advocate institution - Office of the Ombudsman\",\"publisher\":{\"@id\":\"https:\\\/\\\/avp.ro\\\/#organization\"},\"potentialAction\":[{\"@type\":\"SearchAction\",\"target\":{\"@type\":\"EntryPoint\",\"urlTemplate\":\"https:\\\/\\\/avp.ro\\\/?s={search_term_string}\"},\"query-input\":{\"@type\":\"PropertyValueSpecification\",\"valueRequired\":true,\"valueName\":\"search_term_string\"}}],\"inLanguage\":\"en-US\"},{\"@type\":\"Organization\",\"@id\":\"https:\\\/\\\/avp.ro\\\/#organization\",\"name\":\"Institutia Avocatul Poporului\",\"url\":\"https:\\\/\\\/avp.ro\\\/\",\"logo\":{\"@type\":\"ImageObject\",\"inLanguage\":\"en-US\",\"@id\":\"https:\\\/\\\/avp.ro\\\/#\\\/schema\\\/logo\\\/image\\\/\",\"url\":\"https:\\\/\\\/avp.ro\\\/wp-content\\\/uploads\\\/2020\\\/09\\\/cropped-AP.jpg\",\"contentUrl\":\"https:\\\/\\\/avp.ro\\\/wp-content\\\/uploads\\\/2020\\\/09\\\/cropped-AP.jpg\",\"width\":160,\"height\":146,\"caption\":\"Institutia Avocatul Poporului\"},\"image\":{\"@id\":\"https:\\\/\\\/avp.ro\\\/#\\\/schema\\\/logo\\\/image\\\/\"}}]}<\/script>\n<!-- \/ Yoast SEO plugin. -->","yoast_head_json":{"title":"C\u0102MINE PENTRU PERSOANE V\u0102RSTNICE 2023 - Institu\u021bia Avocatul Poporului","robots":{"index":"index","follow":"follow","max-snippet":"max-snippet:-1","max-image-preview":"max-image-preview:large","max-video-preview":"max-video-preview:-1"},"canonical":"https:\/\/avp.ro\/index.php\/camine-pentru-persoane-varstnice-2023\/","og_locale":"en_US","og_type":"article","og_title":"C\u0102MINE PENTRU PERSOANE V\u0102RSTNICE 2023 - Institu\u021bia Avocatul Poporului","og_description":"&nbsp; &nbsp; 20. Raportul privind vizita efectuat\u0103 la C\u0103minul pentru Persoane V\u00e2rstnice Foc\u0219ani, jude\u021bul Vrancea &#8211; R\u0103spunsul conducerii Direc\u021biei de Asisten\u021b\u0103 Social\u0103 Foc\u0219ani 19. Raportul privind vizita efectuat\u0103 la Centrul&hellip;","og_url":"https:\/\/avp.ro\/index.php\/camine-pentru-persoane-varstnice-2023\/","og_site_name":"Institu\u021bia Avocatul Poporului","article_modified_time":"2024-04-10T12:51:43+00:00","twitter_card":"summary_large_image","twitter_misc":{"Est. reading time":"3 minutes"},"schema":{"@context":"https:\/\/schema.org","@graph":[{"@type":"WebPage","@id":"https:\/\/avp.ro\/index.php\/camine-pentru-persoane-varstnice-2023\/","url":"https:\/\/avp.ro\/index.php\/camine-pentru-persoane-varstnice-2023\/","name":"C\u0102MINE PENTRU PERSOANE V\u0102RSTNICE 2023 - Institu\u021bia Avocatul Poporului","isPartOf":{"@id":"https:\/\/avp.ro\/#website"},"datePublished":"2023-02-01T14:38:01+00:00","dateModified":"2024-04-10T12:51:43+00:00","breadcrumb":{"@id":"https:\/\/avp.ro\/index.php\/camine-pentru-persoane-varstnice-2023\/#breadcrumb"},"inLanguage":"en-US","potentialAction":[{"@type":"ReadAction","target":["https:\/\/avp.ro\/index.php\/camine-pentru-persoane-varstnice-2023\/"]}]},{"@type":"BreadcrumbList","@id":"https:\/\/avp.ro\/index.php\/camine-pentru-persoane-varstnice-2023\/#breadcrumb","itemListElement":[{"@type":"ListItem","position":1,"name":"Home","item":"https:\/\/avp.ro\/"},{"@type":"ListItem","position":2,"name":"C\u0102MINE PENTRU PERSOANE V\u0102RSTNICE 2023"}]},{"@type":"WebSite","@id":"https:\/\/avp.ro\/#website","url":"https:\/\/avp.ro\/","name":"Institu\u021bia Avocatul Poporului","description":"People\u2019s Advocate institution - Office of the Ombudsman","publisher":{"@id":"https:\/\/avp.ro\/#organization"},"potentialAction":[{"@type":"SearchAction","target":{"@type":"EntryPoint","urlTemplate":"https:\/\/avp.ro\/?s={search_term_string}"},"query-input":{"@type":"PropertyValueSpecification","valueRequired":true,"valueName":"search_term_string"}}],"inLanguage":"en-US"},{"@type":"Organization","@id":"https:\/\/avp.ro\/#organization","name":"Institutia Avocatul Poporului","url":"https:\/\/avp.ro\/","logo":{"@type":"ImageObject","inLanguage":"en-US","@id":"https:\/\/avp.ro\/#\/schema\/logo\/image\/","url":"https:\/\/avp.ro\/wp-content\/uploads\/2020\/09\/cropped-AP.jpg","contentUrl":"https:\/\/avp.ro\/wp-content\/uploads\/2020\/09\/cropped-AP.jpg","width":160,"height":146,"caption":"Institutia Avocatul Poporului"},"image":{"@id":"https:\/\/avp.ro\/#\/schema\/logo\/image\/"}}]}},"_links":{"self":[{"href":"https:\/\/avp.ro\/index.php\/wp-json\/wp\/v2\/pages\/8084","targetHints":{"allow":["GET"]}}],"collection":[{"href":"https:\/\/avp.ro\/index.php\/wp-json\/wp\/v2\/pages"}],"about":[{"href":"https:\/\/avp.ro\/index.php\/wp-json\/wp\/v2\/types\/page"}],"author":[{"embeddable":true,"href":"https:\/\/avp.ro\/index.php\/wp-json\/wp\/v2\/users\/1"}],"replies":[{"embeddable":true,"href":"https:\/\/avp.ro\/index.php\/wp-json\/wp\/v2\/comments?post=8084"}],"version-history":[{"count":56,"href":"https:\/\/avp.ro\/index.php\/wp-json\/wp\/v2\/pages\/8084\/revisions"}],"predecessor-version":[{"id":11277,"href":"https:\/\/avp.ro\/index.php\/wp-json\/wp\/v2\/pages\/8084\/revisions\/11277"}],"wp:attachment":[{"href":"https:\/\/avp.ro\/index.php\/wp-json\/wp\/v2\/media?parent=8084"}],"curies":[{"name":"wp","href":"https:\/\/api.w.org\/{rel}","templated":true}]}}