{"id":8096,"date":"2023-02-06T07:41:48","date_gmt":"2023-02-06T05:41:48","guid":{"rendered":"https:\/\/avp.ro\/?page_id=8096"},"modified":"2025-04-22T09:54:41","modified_gmt":"2025-04-22T07:54:41","slug":"centre-pentru-persoane-adulte-cu-dizabilitati-2023","status":"publish","type":"page","link":"https:\/\/avp.ro\/index.php\/centre-pentru-persoane-adulte-cu-dizabilitati-2023\/","title":{"rendered":"CENTRE PENTRU PERSOANE ADULTE CU DIZABILIT\u0102\u021aI 2023"},"content":{"rendered":"<p>&nbsp;<\/p>\n<p>21. <a href=\"https:\/\/avp.ro\/wp-content\/uploads\/2024\/07\/Raport-de-vizita-CAbR-Uverturii-pe-site.pdf\">Raportul privind vizita efectuat\u0103 la Centrul de Abilitare \u0219i Reabilitare pentru Persoanele Adulte cu Dizabilit\u0103\u021bi \u201eUverturii\u201d, municipiul Bucure\u0219ti<\/a><\/p>\n<p style=\"padding-left: 40px;\"><a href=\"https:\/\/avp.ro\/wp-content\/uploads\/2024\/07\/Raspuns-DGASPC-Sector-6-CAbR-Uverturii.pdf\">&#8211; R\u0103spunsul DGASPC Sector 6<\/a><\/p>\n<p>20. <a href=\"https:\/\/avp.ro\/wp-content\/uploads\/2024\/02\/Raport-de-vizita-Centrul-de-ingrijire-si-asistenta-Slatioara-site.pdf\">Raportul privind vizita desf\u0103\u0219urat\u0103 la Centrul de \u00cengrijire \u0219i Asisten\u021b\u0103 pentru persoanele adulte cu dizabilit\u0103\u021bi Sl\u0103tioara, jude\u021bul V\u00e2lcea<\/a><\/p>\n<p style=\"padding-left: 40px;\"><a href=\"https:\/\/avp.ro\/wp-content\/uploads\/2024\/04\/Raspuns-CIA-Slatioara.pdf\">&#8211; R\u0103spunsul DGASPC V\u00e2lcea<\/a><\/p>\n<p>19. <a href=\"https:\/\/avp.ro\/wp-content\/uploads\/2024\/01\/Raport-vizita-CARPAD-Zvoristea.pdf\">Raportul pentru vizita efectuat\u0103 la Centrul de Abilitare \u0219i Reabilitare pentru Persoane Adulte cu Dizabilit\u0103\u021bi Zvori\u0219tea, jude\u021bul Suceava<\/a><\/p>\n<p style=\"padding-left: 40px;\"><a href=\"https:\/\/avp.ro\/wp-content\/uploads\/2024\/01\/Raspuns-DGASPC-Suceava.pdf\">&#8211; R\u0103spunsul conducerii D.G.A.S.P.C. Suceava<\/a><\/p>\n<p>18. <a href=\"https:\/\/avp.ro\/wp-content\/uploads\/2024\/01\/Raport-CAbR-Balaceanca-site.pdf\">Raportul privind vizita desf\u0103\u0219urat\u0103 la Centrul de Abilitare \u0219i Reabilitare pentru Persoane Adulte cu Dizabilit\u0103\u021bi B\u0103l\u0103ceanca, jude\u021bul Ilfov<\/a><\/p>\n<p style=\"padding-left: 40px;\"><a href=\"https:\/\/avp.ro\/wp-content\/uploads\/2024\/04\/Raspuns-CAbR-Balaceanca.pdf\">&#8211; R\u0103spunsul Centrului de Abilitare \u0219i Reabilitare pentru Persoane Adulte cu Dizabilit\u0103\u021bi B\u0103l\u0103ceanca<\/a><\/p>\n<p style=\"padding-left: 40px;\"><a href=\"https:\/\/avp.ro\/wp-content\/uploads\/2025\/04\/Raspuns-ANPDPD-Balaceanca.pdf\">&#8211; R\u0103spunsul conducerii Autorit\u0103\u021bii Na\u021bionale pentru Protec\u021bia Drepturilor Persoanelor cu Dizabilit\u0103\u021bi<\/a><\/p>\n<p style=\"padding-left: 40px;\"><a href=\"https:\/\/avp.ro\/wp-content\/uploads\/2025\/04\/Raspuns-CAbR-Balaceanca.pdf\">&#8211; R\u0103spunsul conducerii Direc\u021biei Generale de Asisten\u021b\u0103 Social\u0103 \u0219i Protec\u021bia Copilului Ilfov<\/a><\/p>\n<p>17. <a href=\"https:\/\/avp.ro\/wp-content\/uploads\/2023\/11\/Raport-CRIA-Caminul-Villa-Orhideea-com-Razvad.pdf\">Raportul privind vizita desf\u0103\u0219urat\u0103 la Centrul Reziden\u021bial de \u00cengrijire \u0219i Asisten\u021b\u0103 C\u0103minul Villa Orchidea, comuna R\u0103zvad, sat Valea Voievozilor, jude\u021bul D\u00e2mbovi\u021ba<\/a><\/p>\n<p style=\"padding-left: 40px;\"><a href=\"https:\/\/avp.ro\/wp-content\/uploads\/2023\/11\/raspuns-villa-orhidea.pdf\">&#8211; R\u0103spunsul Centrului Reziden\u021bial de \u00cengrijire \u0219i Asisten\u021b\u0103 C\u0103minul Villa Orchidea<\/a><\/p>\n<p>16. <a href=\"https:\/\/avp.ro\/wp-content\/uploads\/2023\/08\/Raport-CIAPAD-Tinca.pdf\">Raportul\u00a0 privind vizita efectuat\u0103 la Centrul de \u00cengrijire \u0219i Asisten\u021b\u0103 pentru Persoane Adulte cu Dizabilit\u0103\u021bi Tinca, jude\u021bul Bihor<\/a><\/p>\n<p style=\"padding-left: 40px;\"><a href=\"https:\/\/avp.ro\/wp-content\/uploads\/2023\/10\/Raspuns-DGASPC-CIAPAD.pdf\">-R\u0103spunsul Direc\u021biei Generale de Asisten\u021b\u0103 Social\u0103 \u0219i Protec\u021bia Copilului Bihor \u0219i al CIAPAD Tinca<\/a><\/p>\n<p>15. <a href=\"https:\/\/avp.ro\/wp-content\/uploads\/2023\/08\/Raport-Leorda.pdf\">Raportul\u00a0 privind vizita efectuat\u0103 la Centrul de \u00cengrijire \u0219i Asisten\u021b\u0103 pentru Persoane Adulte cu Dizabilit\u0103\u021bi \u201dSf. Daniel\u201d Leorda, jude\u021bul Boto\u0219ani<\/a><\/p>\n<p style=\"padding-left: 40px;\"><a href=\"https:\/\/avp.ro\/wp-content\/uploads\/2024\/01\/Raspuns-DGASPC-Botosani.pdf\">-R\u0103spunsul conducerii D.G.A.S.P.C. Boto\u0219ani<\/a><\/p>\n<p>14. <a href=\"https:\/\/avp.ro\/wp-content\/uploads\/2023\/08\/Raport-de-vizita-CIAPAD-Videle-pe-site.pdf\">Raportul privind vizita efectuat\u0103 la Centrul de \u00cengrijire \u0219i Asisten\u021b\u0103 pentru Persoane Adulte cu Dizabilit\u0103\u021bi Videle, jude\u021bul Teleorman<\/a><\/p>\n<p style=\"padding-left: 40px;\"><a href=\"https:\/\/avp.ro\/wp-content\/uploads\/2024\/04\/Raspuns-CIA-Videle.pdf\">-R\u0103spunsul DGASPC Teleorman<\/a><\/p>\n<p>13. <a href=\"https:\/\/avp.ro\/wp-content\/uploads\/2023\/07\/RV-CIA-Casa-Amara.pdf\">Raportul privind vizita efectuat\u0103 la Centrul de \u00cengrijire \u0219i Asisten\u021b\u0103 pentru Persoane Adulte cu Dizabilit\u0103\u021bi \u201dCasa Amara\u201d din loc. Amara, jud. Ialomi\u021ba<\/a><\/p>\n<p style=\"padding-left: 40px;\"><a href=\"https:\/\/avp.ro\/wp-content\/uploads\/2023\/08\/raspuns-fundatia-new-life.pdf\">-R\u0103spunsul privind vizita desf\u0103\u0219urat\u0103 la\u00a0 Centrul de \u00cengrijire \u0219i Asisten\u021b\u0103 pentru Persoane Adulte cu Dizabilit\u0103\u021bi \u201dCasa Amara\u201d din loc. Amara, jud. Ialomi\u021ba<\/a><\/p>\n<p>12. <a href=\"https:\/\/avp.ro\/wp-content\/uploads\/2023\/06\/Raport-CIAPAD-Nicolae-Balcescu.pdf\">Raportul privind vizita desf\u0103\u0219urat\u0103 la Centrul de \u00cengrijire \u0219i Asisten\u021b\u0103 pentru Persoane Adulte cu Dizabilit\u0103\u021bi Nicolae B\u0103lcescu, com. Nicolae B\u0103lcescu, sat Prede\u0219ti, jud. V\u00e2lcea<\/a><\/p>\n<p style=\"padding-left: 40px;\"><a href=\"https:\/\/avp.ro\/wp-content\/uploads\/2023\/11\/Raspuns-CIAPAD-Nicolae-Balcescu.pdf\">-R\u0103spunsul Centrului de \u00cengrijire \u0219i Asisten\u021b\u0103 pentru Persoane Adulte cu Dizabilit\u0103\u021bi Nicolae B\u0103lcescu<\/a><\/p>\n<p style=\"padding-left: 40px;\"><a href=\"https:\/\/avp.ro\/wp-content\/uploads\/2024\/01\/Raspuns-DGASPC-Valcea.pdf\">-R\u0103spunsul Direc\u021biei Generale de Asisten\u021b\u0103 Social\u0103 \u0219i Protec\u021bia Copilului V\u00e2lcea<\/a><\/p>\n<p>11. <a href=\"https:\/\/avp.ro\/wp-content\/uploads\/2023\/06\/Raport-aprobat-CIAPAD.pdf\">Raportul privind vizita efectuat\u0103 la Centrul de \u00cengrijire \u0219i Asisten\u021b\u0103 pentru Persoane Adulte cu Dizabilit\u0103\u021bi Gura V\u0103ii, jud. Mehedin\u021bi<\/a><\/p>\n<p style=\"padding-left: 40px;\">&#8211;<a href=\"https:\/\/avp.ro\/wp-content\/uploads\/2023\/07\/Raspuns-Centru-de-ingrijire-si-asistenta-pentru-persoane-adulte-cu-dizabilitati-Gura-Vaii-jud.-Mehedinti.pdf\">R\u0103spunsul privind vizita desf\u0103\u0219urat\u0103 la\u00a0 Centrul de \u00cengrijire \u0219i Asistenta pentru Persoane Adulte cu Dizabilit\u0103\u021bi Gura V\u0103ii, jud. Mehedin\u021bi<\/a><\/p>\n<p>10. <a href=\"https:\/\/avp.ro\/wp-content\/uploads\/2023\/05\/Raport-CIAPAD-Podu-Iloaiei.pdf\">Raportul\u00a0 privind vizita efectuat\u0103 la Centrul de \u00cengrijire \u0219i Asisten\u021b\u0103 pentru Persoane Adulte cu Dizabilit\u0103\u021bi \u201dArmonia\u201d Bud\u0103i \u2013 Podu Iloaiei, jude\u021bul Ia\u0219i<\/a><\/p>\n<p style=\"padding-left: 40px;\"><a href=\"https:\/\/avp.ro\/wp-content\/uploads\/2023\/08\/Raspuns-CIAPAD-Armonia.pdf\">-R\u0103spunsul DGASPC Ia\u0219i\u00a0<\/a><\/p>\n<p>9. <a href=\"https:\/\/avp.ro\/wp-content\/uploads\/2023\/09\/Raport-de-vizita-CAbR-Sf.-Iustin.pdf\">Raportul privind vizita efectuat\u0103 la Centrul de Abilitare \u0219i Reabilitare pentru Persoane Adulte cu Dizabilit\u0103\u021bi \u201dSf\u00e2ntul Iustin\u201d Videle, jude\u021bul Teleorman<\/a><\/p>\n<p style=\"padding-left: 40px;\"><a href=\"https:\/\/avp.ro\/wp-content\/uploads\/2024\/04\/Raspuns-CAbR-Sf.-Iustin-Videle.pdf\">-R\u0103spunsul DGASPC Teleorman<\/a><\/p>\n<p>8. <a href=\"https:\/\/avp.ro\/wp-content\/uploads\/2023\/05\/RV-CARPAD-Rm-Sarat.pdf\">Raportul privind vizita efectuat\u0103 la Centrul de Abilitare \u0219i Reabilitare pentru Persoane Adulte cu Dizabilit\u0103\u021bi R\u00e2mnicu S\u0103rat, jude\u021b Buz\u0103u<\/a><\/p>\n<p style=\"padding-left: 40px;\"><a href=\"https:\/\/avp.ro\/wp-content\/uploads\/2023\/06\/Raspuns-DGASPC-Buzau_16506_15.06.2023-pt-CARPAD-Rm.-Sarat.pdf\">-R\u0103spunsul D.G.A.S.P.C. Buz\u0103u pentru Centrul de Abilitare \u0219i Reabilitare pentru Persoane Adulte cu Dizabilit\u0103\u021bi R\u00e2mnicu S\u0103rat, jude\u021b Buz\u0103u<\/a><\/p>\n<p>7. <a href=\"https:\/\/avp.ro\/wp-content\/uploads\/2023\/05\/Raport-CIAPAD-Ciolpani.pdf\">Raportul privind vizita desf\u0103\u0219urat\u0103 la Centrul de \u00eengrijire \u0219i asisten\u021b\u0103 pentru persoane adulte cu dizabilit\u0103\u021bi Ciolpani, jud. Ilfov\u00a0<\/a><\/p>\n<p style=\"padding-left: 40px;\"><a href=\"https:\/\/avp.ro\/wp-content\/uploads\/2023\/07\/Raspuns-CIAPAD-Ciolpani.pdf\">-R\u0103spunsul Centrului de \u00cengrijire \u0219i Asisten\u021b\u0103 pentru Persoane Adulte cu Dizabilit\u0103\u021bi Ciolpani<\/a><\/p>\n<p style=\"padding-left: 40px;\"><a href=\"https:\/\/avp.ro\/wp-content\/uploads\/2024\/01\/Raspuns-CIAPAD-Ciolpani-2.pdf\">-R\u0103spunsul Centrului de \u00cengrijire \u0219i Asisten\u021b\u0103 pentru Persoane Adulte cu Dizabilit\u0103\u021bi Ciolpani\u00a0<\/a><\/p>\n<p>6. <a href=\"https:\/\/avp.ro\/wp-content\/uploads\/2023\/04\/Raport-vizita-CAMS-Pogoanele.pdf\">Raportul privind vizita desf\u0103\u0219urat\u0103 la Centrul de Asisten\u021b\u0103 Medico-Social\u0103 Pogoanele, jud. Buz\u0103u<\/a><\/p>\n<p style=\"padding-left: 40px;\"><a href=\"https:\/\/avp.ro\/wp-content\/uploads\/2023\/11\/Raspuns-DGASPC-Buzau.pdf\">-R\u0103spunsul Direc\u021biei Generale de Asisten\u021b\u0103 Social\u0103 \u0219i Protec\u021bia Copilului Buz\u0103u &#8211; 20 noiembrie 2023<\/a><\/p>\n<p style=\"text-align: left; padding-left: 40px;\"><a href=\"https:\/\/avp.ro\/wp-content\/uploads\/2023\/04\/Raspuns-DGASPC-Buzau.pdf\">-R\u0103spunsul Direc\u021biei Generale de Asisten\u021b\u0103 Social\u0103 \u0219i Protec\u021bia Copilului Buz\u0103u &#8211; 25 aprilie 2023<\/a><\/p>\n<p>5. <a href=\"https:\/\/avp.ro\/wp-content\/uploads\/2023\/04\/RV-CARPAD-Tatarai.pdf\">Raportul privind vizita efectuat\u0103 la Centrul de Abilitare \u0219i Reabilitare pentru Persoane Adulte cu Dizabilit\u0103\u021bi T\u0103t\u0103r\u0103i, jude\u021b Prahova<\/a><\/p>\n<p style=\"padding-left: 40px;\"><a href=\"https:\/\/avp.ro\/wp-content\/uploads\/2023\/04\/Raspuns_CARPAD_Tatarai.pdf\">-R\u0103spunsul Centrului de Abilitare \u0219i Reabilitare pentru Persoane Adulte cu Dizabilit\u0103\u021bi T\u0103t\u0103r\u0103i, jude\u021b Prahova<\/a><\/p>\n<p style=\"padding-left: 40px;\"><a href=\"https:\/\/avp.ro\/wp-content\/uploads\/2023\/05\/Raspuns2-DGASPC-PH-pt-Tatarai.pdf\">-R\u0103spunsul\u00a0 D.G.A.S.P.C. Prahova<\/a><\/p>\n<p>4. <a href=\"https:\/\/avp.ro\/wp-content\/uploads\/2023\/03\/Raport-vizita-CIAPAD-Brad-HD.pdf\">Raportul privind vizita efectuat\u0103 la Centrul de \u00cengrijire \u0219i Asisten\u021b\u0103 pentru Persoane Adulte cu Dizabilit\u0103\u021bi Brad, jude\u021bul Hunedoara<\/a><\/p>\n<p style=\"padding-left: 40px;\"><a href=\"https:\/\/avp.ro\/wp-content\/uploads\/2023\/06\/Raspuns-DGASPC-HD-la-Vizita-de-la-CIAPAD-Brad.pdf\">-R\u0103spunsul Direc\u021biei Generale de Asisten\u021b\u0103 Social\u0103 \u0219i Protec\u021bia Copilului Hunedoara \u0219i al CIAPAD Brad<\/a><\/p>\n<p>3. <a href=\"https:\/\/avp.ro\/wp-content\/uploads\/2023\/03\/Raportul-CIA-Spineni-Aprobat.pdf\">Raportul privind vizita efectuat\u0103 la Centrul de \u00cengrijire \u0219i Asisten\u021b\u0103 Spineni, jude\u021bul Olt<\/a><\/p>\n<p style=\"padding-left: 40px;\"><a href=\"https:\/\/avp.ro\/wp-content\/uploads\/2023\/04\/Raspuns-Recomandari-CIA-Spineni.pdf\">-R\u0103spunsul D.G.A.S.P.C. Olt<\/a><\/p>\n<p>2. <a href=\"https:\/\/avp.ro\/wp-content\/uploads\/2023\/02\/Raport-vizita-CIAPAD-Filipesti.pdf\">Raportul privind vizita efectuat\u0103 la Centrul de \u00cengrijire \u0219i Asisten\u021b\u0103 pentru Persoane Adulte cu Dizabilit\u0103\u021bi Filipe\u0219ti, jude\u021bul Bac\u0103u<\/a><\/p>\n<p style=\"padding-left: 40px;\"><a href=\"https:\/\/avp.ro\/wp-content\/uploads\/2023\/04\/Raspuns-CIAPAD-Filipesti.pdf\">-R\u0103spunsul D.G.A.S.P.C. Bac\u0103u \u0219i conducerii CIAPAD Filipe\u0219ti\u00a0<\/a><\/p>\n<p>1. <a href=\"https:\/\/avp.ro\/wp-content\/uploads\/2023\/02\/Raport-de-vizita-CIAPAD-\u201eSf-Gheorghe-Diosti.pdf\">Raportul privind vizita desf\u0103\u0219urat\u0103 la Centrul de \u00cengrijire \u0219i Asisten\u021b\u0103 pentru Persoane Adulte cu Dizabilit\u0103\u021bi \u201eSf. Gheorghe\u201d Dio\u0219ti, jude\u021bul Dolj<\/a><\/p>\n<p style=\"padding-left: 40px;\"><a href=\"https:\/\/avp.ro\/wp-content\/uploads\/2023\/02\/Raspuns-DGASPC-Dolj-CIAPAD-Diosti.pdf\">-R\u0103spunsul D.G.A.S.P.C. Dolj<\/a><\/p>\n","protected":false},"excerpt":{"rendered":"<p>&nbsp; 21. Raportul privind vizita efectuat\u0103 la Centrul de Abilitare \u0219i Reabilitare pentru Persoanele Adulte cu Dizabilit\u0103\u021bi \u201eUverturii\u201d, municipiul Bucure\u0219ti &#8211; R\u0103spunsul DGASPC Sector 6 20. Raportul privind vizita desf\u0103\u0219urat\u0103&hellip; <\/p>\n","protected":false},"author":1,"featured_media":0,"parent":0,"menu_order":0,"comment_status":"closed","ping_status":"closed","template":"","meta":{"footnotes":""},"class_list":["post-8096","page","type-page","status-publish","hentry"],"yoast_head":"<!-- This site is optimized with the Yoast SEO plugin v27.3 - https:\/\/yoast.com\/product\/yoast-seo-wordpress\/ -->\n<title>CENTRE PENTRU PERSOANE ADULTE CU DIZABILIT\u0102\u021aI 2023 - Institu\u021bia Avocatul Poporului<\/title>\n<meta name=\"robots\" content=\"index, follow, max-snippet:-1, max-image-preview:large, max-video-preview:-1\" \/>\n<link rel=\"canonical\" href=\"https:\/\/avp.ro\/index.php\/centre-pentru-persoane-adulte-cu-dizabilitati-2023\/\" \/>\n<meta property=\"og:locale\" content=\"en_US\" \/>\n<meta property=\"og:type\" content=\"article\" \/>\n<meta property=\"og:title\" content=\"CENTRE PENTRU PERSOANE ADULTE CU DIZABILIT\u0102\u021aI 2023 - Institu\u021bia Avocatul Poporului\" \/>\n<meta property=\"og:description\" content=\"&nbsp; 21. Raportul privind vizita efectuat\u0103 la Centrul de Abilitare \u0219i Reabilitare pentru Persoanele Adulte cu Dizabilit\u0103\u021bi \u201eUverturii\u201d, municipiul Bucure\u0219ti &#8211; R\u0103spunsul DGASPC Sector 6 20. Raportul privind vizita desf\u0103\u0219urat\u0103&hellip;\" \/>\n<meta property=\"og:url\" content=\"https:\/\/avp.ro\/index.php\/centre-pentru-persoane-adulte-cu-dizabilitati-2023\/\" \/>\n<meta property=\"og:site_name\" content=\"Institu\u021bia Avocatul Poporului\" \/>\n<meta property=\"article:modified_time\" content=\"2025-04-22T07:54:41+00:00\" \/>\n<meta name=\"twitter:card\" content=\"summary_large_image\" \/>\n<meta name=\"twitter:label1\" content=\"Est. reading time\" \/>\n\t<meta name=\"twitter:data1\" content=\"3 minutes\" \/>\n<script type=\"application\/ld+json\" class=\"yoast-schema-graph\">{\"@context\":\"https:\\\/\\\/schema.org\",\"@graph\":[{\"@type\":\"WebPage\",\"@id\":\"https:\\\/\\\/avp.ro\\\/index.php\\\/centre-pentru-persoane-adulte-cu-dizabilitati-2023\\\/\",\"url\":\"https:\\\/\\\/avp.ro\\\/index.php\\\/centre-pentru-persoane-adulte-cu-dizabilitati-2023\\\/\",\"name\":\"CENTRE PENTRU PERSOANE ADULTE CU DIZABILIT\u0102\u021aI 2023 - Institu\u021bia Avocatul Poporului\",\"isPartOf\":{\"@id\":\"https:\\\/\\\/avp.ro\\\/#website\"},\"datePublished\":\"2023-02-06T05:41:48+00:00\",\"dateModified\":\"2025-04-22T07:54:41+00:00\",\"breadcrumb\":{\"@id\":\"https:\\\/\\\/avp.ro\\\/index.php\\\/centre-pentru-persoane-adulte-cu-dizabilitati-2023\\\/#breadcrumb\"},\"inLanguage\":\"en-US\",\"potentialAction\":[{\"@type\":\"ReadAction\",\"target\":[\"https:\\\/\\\/avp.ro\\\/index.php\\\/centre-pentru-persoane-adulte-cu-dizabilitati-2023\\\/\"]}]},{\"@type\":\"BreadcrumbList\",\"@id\":\"https:\\\/\\\/avp.ro\\\/index.php\\\/centre-pentru-persoane-adulte-cu-dizabilitati-2023\\\/#breadcrumb\",\"itemListElement\":[{\"@type\":\"ListItem\",\"position\":1,\"name\":\"Home\",\"item\":\"https:\\\/\\\/avp.ro\\\/\"},{\"@type\":\"ListItem\",\"position\":2,\"name\":\"CENTRE PENTRU PERSOANE ADULTE CU DIZABILIT\u0102\u021aI 2023\"}]},{\"@type\":\"WebSite\",\"@id\":\"https:\\\/\\\/avp.ro\\\/#website\",\"url\":\"https:\\\/\\\/avp.ro\\\/\",\"name\":\"Institu\u021bia Avocatul Poporului\",\"description\":\"People\u2019s Advocate institution - Office of the Ombudsman\",\"publisher\":{\"@id\":\"https:\\\/\\\/avp.ro\\\/#organization\"},\"potentialAction\":[{\"@type\":\"SearchAction\",\"target\":{\"@type\":\"EntryPoint\",\"urlTemplate\":\"https:\\\/\\\/avp.ro\\\/?s={search_term_string}\"},\"query-input\":{\"@type\":\"PropertyValueSpecification\",\"valueRequired\":true,\"valueName\":\"search_term_string\"}}],\"inLanguage\":\"en-US\"},{\"@type\":\"Organization\",\"@id\":\"https:\\\/\\\/avp.ro\\\/#organization\",\"name\":\"Institutia Avocatul Poporului\",\"url\":\"https:\\\/\\\/avp.ro\\\/\",\"logo\":{\"@type\":\"ImageObject\",\"inLanguage\":\"en-US\",\"@id\":\"https:\\\/\\\/avp.ro\\\/#\\\/schema\\\/logo\\\/image\\\/\",\"url\":\"https:\\\/\\\/avp.ro\\\/wp-content\\\/uploads\\\/2020\\\/09\\\/cropped-AP.jpg\",\"contentUrl\":\"https:\\\/\\\/avp.ro\\\/wp-content\\\/uploads\\\/2020\\\/09\\\/cropped-AP.jpg\",\"width\":160,\"height\":146,\"caption\":\"Institutia Avocatul Poporului\"},\"image\":{\"@id\":\"https:\\\/\\\/avp.ro\\\/#\\\/schema\\\/logo\\\/image\\\/\"}}]}<\/script>\n<!-- \/ Yoast SEO plugin. -->","yoast_head_json":{"title":"CENTRE PENTRU PERSOANE ADULTE CU DIZABILIT\u0102\u021aI 2023 - Institu\u021bia Avocatul Poporului","robots":{"index":"index","follow":"follow","max-snippet":"max-snippet:-1","max-image-preview":"max-image-preview:large","max-video-preview":"max-video-preview:-1"},"canonical":"https:\/\/avp.ro\/index.php\/centre-pentru-persoane-adulte-cu-dizabilitati-2023\/","og_locale":"en_US","og_type":"article","og_title":"CENTRE PENTRU PERSOANE ADULTE CU DIZABILIT\u0102\u021aI 2023 - Institu\u021bia Avocatul Poporului","og_description":"&nbsp; 21. Raportul privind vizita efectuat\u0103 la Centrul de Abilitare \u0219i Reabilitare pentru Persoanele Adulte cu Dizabilit\u0103\u021bi \u201eUverturii\u201d, municipiul Bucure\u0219ti &#8211; R\u0103spunsul DGASPC Sector 6 20. Raportul privind vizita desf\u0103\u0219urat\u0103&hellip;","og_url":"https:\/\/avp.ro\/index.php\/centre-pentru-persoane-adulte-cu-dizabilitati-2023\/","og_site_name":"Institu\u021bia Avocatul Poporului","article_modified_time":"2025-04-22T07:54:41+00:00","twitter_card":"summary_large_image","twitter_misc":{"Est. reading time":"3 minutes"},"schema":{"@context":"https:\/\/schema.org","@graph":[{"@type":"WebPage","@id":"https:\/\/avp.ro\/index.php\/centre-pentru-persoane-adulte-cu-dizabilitati-2023\/","url":"https:\/\/avp.ro\/index.php\/centre-pentru-persoane-adulte-cu-dizabilitati-2023\/","name":"CENTRE PENTRU PERSOANE ADULTE CU DIZABILIT\u0102\u021aI 2023 - Institu\u021bia Avocatul Poporului","isPartOf":{"@id":"https:\/\/avp.ro\/#website"},"datePublished":"2023-02-06T05:41:48+00:00","dateModified":"2025-04-22T07:54:41+00:00","breadcrumb":{"@id":"https:\/\/avp.ro\/index.php\/centre-pentru-persoane-adulte-cu-dizabilitati-2023\/#breadcrumb"},"inLanguage":"en-US","potentialAction":[{"@type":"ReadAction","target":["https:\/\/avp.ro\/index.php\/centre-pentru-persoane-adulte-cu-dizabilitati-2023\/"]}]},{"@type":"BreadcrumbList","@id":"https:\/\/avp.ro\/index.php\/centre-pentru-persoane-adulte-cu-dizabilitati-2023\/#breadcrumb","itemListElement":[{"@type":"ListItem","position":1,"name":"Home","item":"https:\/\/avp.ro\/"},{"@type":"ListItem","position":2,"name":"CENTRE PENTRU PERSOANE ADULTE CU DIZABILIT\u0102\u021aI 2023"}]},{"@type":"WebSite","@id":"https:\/\/avp.ro\/#website","url":"https:\/\/avp.ro\/","name":"Institu\u021bia Avocatul Poporului","description":"People\u2019s Advocate institution - Office of the Ombudsman","publisher":{"@id":"https:\/\/avp.ro\/#organization"},"potentialAction":[{"@type":"SearchAction","target":{"@type":"EntryPoint","urlTemplate":"https:\/\/avp.ro\/?s={search_term_string}"},"query-input":{"@type":"PropertyValueSpecification","valueRequired":true,"valueName":"search_term_string"}}],"inLanguage":"en-US"},{"@type":"Organization","@id":"https:\/\/avp.ro\/#organization","name":"Institutia Avocatul Poporului","url":"https:\/\/avp.ro\/","logo":{"@type":"ImageObject","inLanguage":"en-US","@id":"https:\/\/avp.ro\/#\/schema\/logo\/image\/","url":"https:\/\/avp.ro\/wp-content\/uploads\/2020\/09\/cropped-AP.jpg","contentUrl":"https:\/\/avp.ro\/wp-content\/uploads\/2020\/09\/cropped-AP.jpg","width":160,"height":146,"caption":"Institutia Avocatul Poporului"},"image":{"@id":"https:\/\/avp.ro\/#\/schema\/logo\/image\/"}}]}},"_links":{"self":[{"href":"https:\/\/avp.ro\/index.php\/wp-json\/wp\/v2\/pages\/8096","targetHints":{"allow":["GET"]}}],"collection":[{"href":"https:\/\/avp.ro\/index.php\/wp-json\/wp\/v2\/pages"}],"about":[{"href":"https:\/\/avp.ro\/index.php\/wp-json\/wp\/v2\/types\/page"}],"author":[{"embeddable":true,"href":"https:\/\/avp.ro\/index.php\/wp-json\/wp\/v2\/users\/1"}],"replies":[{"embeddable":true,"href":"https:\/\/avp.ro\/index.php\/wp-json\/wp\/v2\/comments?post=8096"}],"version-history":[{"count":55,"href":"https:\/\/avp.ro\/index.php\/wp-json\/wp\/v2\/pages\/8096\/revisions"}],"predecessor-version":[{"id":13549,"href":"https:\/\/avp.ro\/index.php\/wp-json\/wp\/v2\/pages\/8096\/revisions\/13549"}],"wp:attachment":[{"href":"https:\/\/avp.ro\/index.php\/wp-json\/wp\/v2\/media?parent=8096"}],"curies":[{"name":"wp","href":"https:\/\/api.w.org\/{rel}","templated":true}]}}